{"id":99970,"date":"2018-04-13T16:28:24","date_gmt":"2018-04-13T14:28:24","guid":{"rendered":"https:\/\/tourtravelandmore.com\/tours\/non%20class\u00e9\/excursion-privee-dune-journee-au-mont-saint-michel-au-depart-de-paris\/"},"modified":"2024-08-06T16:51:19","modified_gmt":"2024-08-06T14:51:19","slug":"excursion-privee-dune-journee-au-mont-saint-michel-au-depart-de-paris","status":"publish","type":"product","link":"https:\/\/tourtravelandmore.com\/fr\/tours\/france-fr\/paris-fr\/best-sellers\/excursion-privee-dune-journee-au-mont-saint-michel-au-depart-de-paris\/","title":{"rendered":"Excursion priv\u00e9e d&#8217;une journ\u00e9e au Mont Saint-Michel au d\u00e9part de Paris"},"content":{"rendered":"<h2>Description<\/h2>\n<p>Le Mont Saint Michel est l&#8217;une des attractions les plus populaires de France. Ce site historique a \u00e9t\u00e9 d\u00e9clar\u00e9 par l&#8217;UNESCO comme site du patrimoine mondial en 1979. La plupart du temps, il est entour\u00e9 de vastes bancs de sable et ne devient une \u00eele que lorsque les mar\u00e9es sont tr\u00e8s hautes. Visitez ce monument historique avec un expert local avec notre visite priv\u00e9e du Mont St Michel au d\u00e9part de Paris.<\/p>\n<p>Tout d&#8217;abord, votre chauffeur priv\u00e9 anglophone viendra vous chercher \u00e0 l&#8217;endroit souhait\u00e9 \u00e0 Paris. Apr\u00e8s cela, votre exp\u00e9rience priv\u00e9e d&#8217;une journ\u00e9e compl\u00e8te commencera. Vous roulerez jusqu&#8217;\u00e0 Rennes puis le Mont Saint Michel. Une fois sur place, vous rencontrez votre guide priv\u00e9 et visitez ce site historique. Votre guide vous \u00e9clairera avec l&#8217;histoire et la l\u00e9gende de ce site m\u00e9di\u00e9val. Il est \u00e9galement possible de visiter l&#8217;Abbaye. Si vous \u00eates int\u00e9ress\u00e9, nous pouvons organiser des billets coupe-file.<\/p>\n<p>Nos circuits sont priv\u00e9s et personnalisables selon les d\u00e9sirs de nos clients. Contactez-nous pour une proposition sur mesure. L&#8217;un des membres de notre \u00e9quipe vous aidera \u00e0 organiser une exp\u00e9rience inoubliable.<\/p>\n<h2>Sites d&#8217;int\u00e9r\u00eat et points de rep\u00e8re<\/h2>\n<p>Initialement appel\u00e9e Mont-Tombe, l&#8217;\u00eele est devenue connue sous le nom de Mont-Saint-Michel au 8\u00e8me si\u00e8cle gr\u00e2ce \u00e0 une vision de l&#8217;\u00e9v\u00eaque d&#8217;Avranches. Apr\u00e8s cela, le site s&#8217;est transform\u00e9 en lieu de p\u00e8lerinage et en 966 une abbaye b\u00e9n\u00e9dictine a \u00e9t\u00e9 construite. L&#8217;\u00eele fut fortifi\u00e9e en 1256 et r\u00e9sista aux guerres de 1337 et 1562. Puis le site devint une prison d&#8217;\u00c9tat sous Napol\u00e9on Ier (r\u00e8gne de 1804 \u00e0 14\/15) et resta une prison jusqu&#8217;en 1863. En 1874, elle fut class\u00e9e monument historique et restaur\u00e9.<\/p>\n<p>Vous visiterez cet endroit merveilleux avec un guide officiel priv\u00e9. Tout en apprenant l&#8217;histoire et les l\u00e9gendes du site, vous profiterez d&#8217;une vue imprenable sur la c\u00f4te et l&#8217;oc\u00e9an Atlantique. Vous visiterez les fortifications et l&#8217;abbaye du Mont Saint Michel.<\/p>\n<p>Pendant votre visite, vous aurez bien s\u00fbr du temps libre pour le d\u00e9jeuner. Votre guide sera avec vous pendant 3 heures, et votre chauffeur sera \u00e0 votre disposition pendant 12 heures.<\/p>\n<p>En plus de votre chauffeur et guide, cette visite priv\u00e9e peut inclure des frais d&#8217;entr\u00e9e \u00e0 l&#8217;abbaye du mt st Michel. \u00c0 la fin de votre visite, votre chauffeur vous ram\u00e8nera \u00e0 votre h\u00f4tel ou lieu de votre choix \u00e0 Paris.<\/p>\n<p>Toutes les visites que nous proposons sont priv\u00e9es, donc uniquement pour vous. Contactez-nous pour plus d&#8217;informations. Apr\u00e8s cela, un expert en voyages de notre \u00e9quipe vous contactera et vous aidera \u00e0 organiser la meilleure exp\u00e9rience possible. L&#8217;heure de d\u00e9part et l&#8217;itin\u00e9raire final de la visite sont enti\u00e8rement adaptables \u00e0 vos d\u00e9sirs personnels. Il est possible d&#8217;organiser un guide depuis Paris au cas o\u00f9 vous pr\u00e9f\u00e9rez.<\/p>\n","protected":false},"excerpt":{"rendered":"<p>Visitez et explorez le magnifique Mont Saint-Michel, un site du patrimoine mondial de l&#8217;UNESCO, lors d&#8217;une excursion priv\u00e9e d&#8217;une journ\u00e9e au d\u00e9part de Paris. Votre guide priv\u00e9 vous guidera \u00e0 travers le Mont et vous racontera l&#8217;histoire et les l\u00e9gendes de ce site merveilleux. Votre chauffeur priv\u00e9 viendra vous chercher et vous d\u00e9posera \u00e0 l&#8217;endroit souhait\u00e9 \u00e0 Paris.<\/p>\n","protected":false},"featured_media":94893,"comment_status":"open","ping_status":"closed","template":"","meta":{"_acf_changed":false},"product_brand":[],"product_cat":[4433,3607,3542,4202,4203,4204],"product_tag":[],"class_list":{"0":"post-99970","1":"product","2":"type-product","3":"status-publish","4":"has-post-thumbnail","6":"product_cat-all-private-tours-and-activities-fr","7":"product_cat-mtstmichel-fr","8":"product_cat-paris-fr","9":"product_cat-best-sellers","10":"product_cat-all-private-tours-and-activities-fr-100","11":"product_cat-private-day-trips-fr-3","13":"first","14":"instock","15":"shipping-taxable","16":"purchasable","17":"product-type-simple"},"acf":[],"yoast_head":"<!-- This site is optimized with the Yoast SEO Premium plugin v25.3.1 (Yoast SEO v25.3.1) - https:\/\/yoast.com\/wordpress\/plugins\/seo\/ -->\n<title>Excursion priv\u00e9e d&#039;une journ\u00e9e au Mont St Michel au d\u00e9part de Paris avec chauffeur et guide officiel<\/title>\n<meta name=\"description\" content=\"Visitez et explorez le Mont st Michel, un site du patrimoine mondial de l&#039;UNESCO, lors d&#039;une excursion priv\u00e9e d&#039;une journ\u00e9e au d\u00e9part de Paris avec un guide officiel\" \/>\n<meta name=\"robots\" content=\"index, follow, max-snippet:-1, max-image-preview:large, max-video-preview:-1\" \/>\n<link rel=\"canonical\" href=\"https:\/\/tourtravelandmore.com\/fr\/tours\/france-fr\/paris-fr\/best-sellers\/excursion-privee-dune-journee-au-mont-saint-michel-au-depart-de-paris\/\" \/>\n<meta property=\"og:locale\" content=\"fr_FR\" \/>\n<meta property=\"og:type\" content=\"article\" \/>\n<meta property=\"og:title\" content=\"Excursion priv\u00e9e d&#039;une journ\u00e9e au Mont Saint-Michel au d\u00e9part de Paris\" \/>\n<meta property=\"og:description\" content=\"Visitez et explorez le Mont st Michel, un site du patrimoine mondial de l&#039;UNESCO, lors d&#039;une excursion priv\u00e9e d&#039;une journ\u00e9e au d\u00e9part de Paris avec un guide officiel\" \/>\n<meta property=\"og:url\" content=\"https:\/\/tourtravelandmore.com\/fr\/tours\/france-fr\/paris-fr\/best-sellers\/excursion-privee-dune-journee-au-mont-saint-michel-au-depart-de-paris\/\" \/>\n<meta property=\"og:site_name\" content=\"Tour Travel And More\" \/>\n<meta property=\"article:publisher\" content=\"https:\/\/www.facebook.com\/tourtravelandmore\/\" \/>\n<meta property=\"article:modified_time\" content=\"2024-08-06T14:51:19+00:00\" \/>\n<meta property=\"og:image\" content=\"https:\/\/tourtravelandmore.com\/wp-content\/uploads\/2018\/04\/st-michel2.jpg\" \/>\n\t<meta property=\"og:image:width\" content=\"1024\" \/>\n\t<meta property=\"og:image:height\" content=\"683\" \/>\n\t<meta property=\"og:image:type\" content=\"image\/jpeg\" \/>\n<meta name=\"twitter:card\" content=\"summary_large_image\" \/>\n<meta name=\"twitter:site\" content=\"@TourTravel_More\" \/>\n<meta name=\"twitter:label1\" content=\"Dur\u00e9e de lecture estim\u00e9e\" \/>\n\t<meta name=\"twitter:data1\" content=\"2 minutes\" \/>\n<script type=\"application\/ld+json\" class=\"yoast-schema-graph\">{\"@context\":\"https:\/\/schema.org\",\"@graph\":[{\"@type\":\"WebPage\",\"@id\":\"https:\/\/tourtravelandmore.com\/fr\/tours\/france-fr\/paris-fr\/best-sellers\/excursion-privee-dune-journee-au-mont-saint-michel-au-depart-de-paris\/\",\"url\":\"https:\/\/tourtravelandmore.com\/fr\/tours\/france-fr\/paris-fr\/best-sellers\/excursion-privee-dune-journee-au-mont-saint-michel-au-depart-de-paris\/\",\"name\":\"Excursion priv\u00e9e d'une journ\u00e9e au Mont St Michel au d\u00e9part de Paris avec chauffeur et guide officiel\",\"isPartOf\":{\"@id\":\"https:\/\/tourtravelandmore.com\/fr\/#website\"},\"primaryImageOfPage\":{\"@id\":\"https:\/\/tourtravelandmore.com\/fr\/tours\/france-fr\/paris-fr\/best-sellers\/excursion-privee-dune-journee-au-mont-saint-michel-au-depart-de-paris\/#primaryimage\"},\"image\":{\"@id\":\"https:\/\/tourtravelandmore.com\/fr\/tours\/france-fr\/paris-fr\/best-sellers\/excursion-privee-dune-journee-au-mont-saint-michel-au-depart-de-paris\/#primaryimage\"},\"thumbnailUrl\":\"https:\/\/tourtravelandmore.com\/wp-content\/uploads\/2018\/04\/st-michel2.jpg\",\"datePublished\":\"2018-04-13T14:28:24+00:00\",\"dateModified\":\"2024-08-06T14:51:19+00:00\",\"description\":\"Visitez et explorez le Mont st Michel, un site du patrimoine mondial de l'UNESCO, lors d'une excursion priv\u00e9e d'une journ\u00e9e au d\u00e9part de Paris avec un guide officiel\",\"breadcrumb\":{\"@id\":\"https:\/\/tourtravelandmore.com\/fr\/tours\/france-fr\/paris-fr\/best-sellers\/excursion-privee-dune-journee-au-mont-saint-michel-au-depart-de-paris\/#breadcrumb\"},\"inLanguage\":\"fr-FR\",\"potentialAction\":[{\"@type\":\"ReadAction\",\"target\":[\"https:\/\/tourtravelandmore.com\/fr\/tours\/france-fr\/paris-fr\/best-sellers\/excursion-privee-dune-journee-au-mont-saint-michel-au-depart-de-paris\/\"]}]},{\"@type\":\"ImageObject\",\"inLanguage\":\"fr-FR\",\"@id\":\"https:\/\/tourtravelandmore.com\/fr\/tours\/france-fr\/paris-fr\/best-sellers\/excursion-privee-dune-journee-au-mont-saint-michel-au-depart-de-paris\/#primaryimage\",\"url\":\"https:\/\/tourtravelandmore.com\/wp-content\/uploads\/2018\/04\/st-michel2.jpg\",\"contentUrl\":\"https:\/\/tourtravelandmore.com\/wp-content\/uploads\/2018\/04\/st-michel2.jpg\",\"width\":1024,\"height\":683},{\"@type\":\"BreadcrumbList\",\"@id\":\"https:\/\/tourtravelandmore.com\/fr\/tours\/france-fr\/paris-fr\/best-sellers\/excursion-privee-dune-journee-au-mont-saint-michel-au-depart-de-paris\/#breadcrumb\",\"itemListElement\":[{\"@type\":\"ListItem\",\"position\":1,\"name\":\"Home\",\"item\":\"https:\/\/tourtravelandmore.com\/fr\/\"},{\"@type\":\"ListItem\",\"position\":2,\"name\":\"Tours\",\"item\":\"https:\/\/tourtravelandmore.com\/fr\/tours\/\"},{\"@type\":\"ListItem\",\"position\":3,\"name\":\"Excursion priv\u00e9e d&#8217;une journ\u00e9e au Mont Saint-Michel au d\u00e9part de Paris\"}]},{\"@type\":\"WebSite\",\"@id\":\"https:\/\/tourtravelandmore.com\/fr\/#website\",\"url\":\"https:\/\/tourtravelandmore.com\/fr\/\",\"name\":\"Tour Travel And More\",\"description\":\"Private sightseeing tours and luxury transfers in Spain\",\"publisher\":{\"@id\":\"https:\/\/tourtravelandmore.com\/fr\/#organization\"},\"potentialAction\":[{\"@type\":\"SearchAction\",\"target\":{\"@type\":\"EntryPoint\",\"urlTemplate\":\"https:\/\/tourtravelandmore.com\/fr\/?s={search_term_string}\"},\"query-input\":{\"@type\":\"PropertyValueSpecification\",\"valueRequired\":true,\"valueName\":\"search_term_string\"}}],\"inLanguage\":\"fr-FR\"},{\"@type\":\"Organization\",\"@id\":\"https:\/\/tourtravelandmore.com\/fr\/#organization\",\"name\":\"Tour Travel And More\",\"url\":\"https:\/\/tourtravelandmore.com\/fr\/\",\"logo\":{\"@type\":\"ImageObject\",\"inLanguage\":\"fr-FR\",\"@id\":\"https:\/\/tourtravelandmore.com\/fr\/#\/schema\/logo\/image\/\",\"url\":\"https:\/\/tourtravelandmore.com\/wp-content\/uploads\/2022\/12\/cropped-logo-cabecera-new.png\",\"contentUrl\":\"https:\/\/tourtravelandmore.com\/wp-content\/uploads\/2022\/12\/cropped-logo-cabecera-new.png\",\"width\":430,\"height\":61,\"caption\":\"Tour Travel And More\"},\"image\":{\"@id\":\"https:\/\/tourtravelandmore.com\/fr\/#\/schema\/logo\/image\/\"},\"sameAs\":[\"https:\/\/www.facebook.com\/tourtravelandmore\/\",\"https:\/\/x.com\/TourTravel_More\"]}]}<\/script>\n<!-- \/ Yoast SEO Premium plugin. -->","yoast_head_json":{"title":"Excursion priv\u00e9e d'une journ\u00e9e au Mont St Michel au d\u00e9part de Paris avec chauffeur et guide officiel","description":"Visitez et explorez le Mont st Michel, un site du patrimoine mondial de l'UNESCO, lors d'une excursion priv\u00e9e d'une journ\u00e9e au d\u00e9part de Paris avec un guide officiel","robots":{"index":"index","follow":"follow","max-snippet":"max-snippet:-1","max-image-preview":"max-image-preview:large","max-video-preview":"max-video-preview:-1"},"canonical":"https:\/\/tourtravelandmore.com\/fr\/tours\/france-fr\/paris-fr\/best-sellers\/excursion-privee-dune-journee-au-mont-saint-michel-au-depart-de-paris\/","og_locale":"fr_FR","og_type":"article","og_title":"Excursion priv\u00e9e d'une journ\u00e9e au Mont Saint-Michel au d\u00e9part de Paris","og_description":"Visitez et explorez le Mont st Michel, un site du patrimoine mondial de l'UNESCO, lors d'une excursion priv\u00e9e d'une journ\u00e9e au d\u00e9part de Paris avec un guide officiel","og_url":"https:\/\/tourtravelandmore.com\/fr\/tours\/france-fr\/paris-fr\/best-sellers\/excursion-privee-dune-journee-au-mont-saint-michel-au-depart-de-paris\/","og_site_name":"Tour Travel And More","article_publisher":"https:\/\/www.facebook.com\/tourtravelandmore\/","article_modified_time":"2024-08-06T14:51:19+00:00","og_image":[{"width":1024,"height":683,"url":"https:\/\/tourtravelandmore.com\/wp-content\/uploads\/2018\/04\/st-michel2.jpg","type":"image\/jpeg"}],"twitter_card":"summary_large_image","twitter_site":"@TourTravel_More","twitter_misc":{"Dur\u00e9e de lecture estim\u00e9e":"2 minutes"},"schema":{"@context":"https:\/\/schema.org","@graph":[{"@type":"WebPage","@id":"https:\/\/tourtravelandmore.com\/fr\/tours\/france-fr\/paris-fr\/best-sellers\/excursion-privee-dune-journee-au-mont-saint-michel-au-depart-de-paris\/","url":"https:\/\/tourtravelandmore.com\/fr\/tours\/france-fr\/paris-fr\/best-sellers\/excursion-privee-dune-journee-au-mont-saint-michel-au-depart-de-paris\/","name":"Excursion priv\u00e9e d'une journ\u00e9e au Mont St Michel au d\u00e9part de Paris avec chauffeur et guide officiel","isPartOf":{"@id":"https:\/\/tourtravelandmore.com\/fr\/#website"},"primaryImageOfPage":{"@id":"https:\/\/tourtravelandmore.com\/fr\/tours\/france-fr\/paris-fr\/best-sellers\/excursion-privee-dune-journee-au-mont-saint-michel-au-depart-de-paris\/#primaryimage"},"image":{"@id":"https:\/\/tourtravelandmore.com\/fr\/tours\/france-fr\/paris-fr\/best-sellers\/excursion-privee-dune-journee-au-mont-saint-michel-au-depart-de-paris\/#primaryimage"},"thumbnailUrl":"https:\/\/tourtravelandmore.com\/wp-content\/uploads\/2018\/04\/st-michel2.jpg","datePublished":"2018-04-13T14:28:24+00:00","dateModified":"2024-08-06T14:51:19+00:00","description":"Visitez et explorez le Mont st Michel, un site du patrimoine mondial de l'UNESCO, lors d'une excursion priv\u00e9e d'une journ\u00e9e au d\u00e9part de Paris avec un guide officiel","breadcrumb":{"@id":"https:\/\/tourtravelandmore.com\/fr\/tours\/france-fr\/paris-fr\/best-sellers\/excursion-privee-dune-journee-au-mont-saint-michel-au-depart-de-paris\/#breadcrumb"},"inLanguage":"fr-FR","potentialAction":[{"@type":"ReadAction","target":["https:\/\/tourtravelandmore.com\/fr\/tours\/france-fr\/paris-fr\/best-sellers\/excursion-privee-dune-journee-au-mont-saint-michel-au-depart-de-paris\/"]}]},{"@type":"ImageObject","inLanguage":"fr-FR","@id":"https:\/\/tourtravelandmore.com\/fr\/tours\/france-fr\/paris-fr\/best-sellers\/excursion-privee-dune-journee-au-mont-saint-michel-au-depart-de-paris\/#primaryimage","url":"https:\/\/tourtravelandmore.com\/wp-content\/uploads\/2018\/04\/st-michel2.jpg","contentUrl":"https:\/\/tourtravelandmore.com\/wp-content\/uploads\/2018\/04\/st-michel2.jpg","width":1024,"height":683},{"@type":"BreadcrumbList","@id":"https:\/\/tourtravelandmore.com\/fr\/tours\/france-fr\/paris-fr\/best-sellers\/excursion-privee-dune-journee-au-mont-saint-michel-au-depart-de-paris\/#breadcrumb","itemListElement":[{"@type":"ListItem","position":1,"name":"Home","item":"https:\/\/tourtravelandmore.com\/fr\/"},{"@type":"ListItem","position":2,"name":"Tours","item":"https:\/\/tourtravelandmore.com\/fr\/tours\/"},{"@type":"ListItem","position":3,"name":"Excursion priv\u00e9e d&#8217;une journ\u00e9e au Mont Saint-Michel au d\u00e9part de Paris"}]},{"@type":"WebSite","@id":"https:\/\/tourtravelandmore.com\/fr\/#website","url":"https:\/\/tourtravelandmore.com\/fr\/","name":"Tour Travel And More","description":"Private sightseeing tours and luxury transfers in Spain","publisher":{"@id":"https:\/\/tourtravelandmore.com\/fr\/#organization"},"potentialAction":[{"@type":"SearchAction","target":{"@type":"EntryPoint","urlTemplate":"https:\/\/tourtravelandmore.com\/fr\/?s={search_term_string}"},"query-input":{"@type":"PropertyValueSpecification","valueRequired":true,"valueName":"search_term_string"}}],"inLanguage":"fr-FR"},{"@type":"Organization","@id":"https:\/\/tourtravelandmore.com\/fr\/#organization","name":"Tour Travel And More","url":"https:\/\/tourtravelandmore.com\/fr\/","logo":{"@type":"ImageObject","inLanguage":"fr-FR","@id":"https:\/\/tourtravelandmore.com\/fr\/#\/schema\/logo\/image\/","url":"https:\/\/tourtravelandmore.com\/wp-content\/uploads\/2022\/12\/cropped-logo-cabecera-new.png","contentUrl":"https:\/\/tourtravelandmore.com\/wp-content\/uploads\/2022\/12\/cropped-logo-cabecera-new.png","width":430,"height":61,"caption":"Tour Travel And More"},"image":{"@id":"https:\/\/tourtravelandmore.com\/fr\/#\/schema\/logo\/image\/"},"sameAs":["https:\/\/www.facebook.com\/tourtravelandmore\/","https:\/\/x.com\/TourTravel_More"]}]}},"_links":{"self":[{"href":"https:\/\/tourtravelandmore.com\/fr\/wp-json\/wp\/v2\/product\/99970","targetHints":{"allow":["GET"]}}],"collection":[{"href":"https:\/\/tourtravelandmore.com\/fr\/wp-json\/wp\/v2\/product"}],"about":[{"href":"https:\/\/tourtravelandmore.com\/fr\/wp-json\/wp\/v2\/types\/product"}],"replies":[{"embeddable":true,"href":"https:\/\/tourtravelandmore.com\/fr\/wp-json\/wp\/v2\/comments?post=99970"}],"wp:featuredmedia":[{"embeddable":true,"href":"https:\/\/tourtravelandmore.com\/fr\/wp-json\/wp\/v2\/media\/94893"}],"wp:attachment":[{"href":"https:\/\/tourtravelandmore.com\/fr\/wp-json\/wp\/v2\/media?parent=99970"}],"wp:term":[{"taxonomy":"product_brand","embeddable":true,"href":"https:\/\/tourtravelandmore.com\/fr\/wp-json\/wp\/v2\/product_brand?post=99970"},{"taxonomy":"product_cat","embeddable":true,"href":"https:\/\/tourtravelandmore.com\/fr\/wp-json\/wp\/v2\/product_cat?post=99970"},{"taxonomy":"product_tag","embeddable":true,"href":"https:\/\/tourtravelandmore.com\/fr\/wp-json\/wp\/v2\/product_tag?post=99970"}],"curies":[{"name":"wp","href":"https:\/\/api.w.org\/{rel}","templated":true}]}}