{"id":99960,"date":"2018-04-13T16:11:58","date_gmt":"2018-04-13T14:11:58","guid":{"rendered":"https:\/\/tourtravelandmore.com\/tours\/non%20class\u00e9\/excursion-privee-dune-journee-au-champagne-au-depart-de-paris\/"},"modified":"2024-08-06T16:33:50","modified_gmt":"2024-08-06T14:33:50","slug":"visite-privee-des-meilleurs-vignobles-de-champagne-au-depart-de-paris","status":"publish","type":"product","link":"https:\/\/tourtravelandmore.com\/fr\/tours\/france-fr\/reims-fr\/toutes-les-visites-et-activites-privees-reims-fr\/visite-privee-des-meilleurs-vignobles-de-champagne-au-depart-de-paris\/","title":{"rendered":"Visite priv\u00e9e des meilleurs vignobles de Champagne au d\u00e9part de Paris"},"content":{"rendered":"<h2><b>Description de l&#8217;visite priv\u00e9e des meilleurs vignobles de Champagne au d\u00e9part de Paris<\/b><\/h2>\n<p><span style=\"font-weight: 400;\">La r\u00e9gion Grand Est de la France, anciennement connue sous le nom de Champagne, abrite les vignobles et les caves \u00e0 champagne les plus c\u00e9l\u00e8bres du monde.\u00a0<\/span><\/p>\n<p><span style=\"font-weight: 400;\">Vous visiterez les caves embl\u00e9matiques de Moet, Taittinger, Veuve Clicquot, Ruinart, Lanson ou Vranken-Pommery \u00e0 votre guise, puisque vous aurez le choix entre deux de ces c\u00e9l\u00e8bres maisons de vins mousseux.\u00a0<\/span><\/p>\n<p><span style=\"font-weight: 400;\">Votre <\/span><b>chauffeur priv\u00e9 viendra vous <\/b><span style=\"font-weight: 400;\">chercher \u00e0 l&#8217;endroit que vous aurez indiqu\u00e9 \u00e0 Paris pour commencer un merveilleux voyage dans une voiture confortable, jusqu&#8217;\u00e0 ce que vous atteigniez le d\u00e9partement de la Marne, qui est situ\u00e9 \u00e0 environ 120 km de la capitale fran\u00e7aise.\u00a0<\/span><\/p>\n<p><span style=\"font-weight: 400;\">Au cours de la visite, vous appr\u00e9cierez les <\/span><b>magnifiques vignobles situ\u00e9s <\/b><span style=\"font-weight: 400;\">dans les collines de la Champagne. Plus de 114 exploitations viticoles sont situ\u00e9es dans la r\u00e9gion.\u00a0<\/span><\/p>\n<p><span style=\"font-weight: 400;\">En visitant les deux domaines viticoles que vous aurez s\u00e9lectionn\u00e9s, vous d\u00e9couvrirez le processus exceptionnel d&#8217;\u00e9laboration du champagne. Vous pourrez m\u00eame voir la m\u00e9thode de cueillette manuelle et les cuves de vieillissement du breuvage.\u00a0<\/span><\/p>\n<p><span style=\"font-weight: 400;\">Ce sera une exp\u00e9rience inoubliable de 10 heures au cours de laquelle vous d\u00e9couvrirez l&#8217;histoire et tous les secrets du champagne.\u00a0<\/span><\/p>\n<p><span style=\"font-weight: 400;\">Le plus beau, c&#8217;est que les 2 visites aux Champagneries se termineront par une d\u00e9gustation de vins, vous profiterez donc d&#8217;un verre de bulles exclusivement pour vous.\u00a0<\/span><\/p>\n<p><span style=\"font-weight: 400;\">Ensuite, nous vous ram\u00e8nerons \u00e0 Paris pour vous d\u00e9poser \u00e0 l&#8217;endroit de votre choix.\u00a0<\/span><\/p>\n<h2><b>Points forts de la visite priv\u00e9e des meilleurs vignobles de Champagne depuis Paris en voiture<\/b><\/h2>\n<p><span style=\"font-weight: 400;\">Des millions de personnes visitent la route du champagne ann\u00e9e apr\u00e8s ann\u00e9e. Lors de notre visite priv\u00e9e des meilleurs vignobles de Champagne, vous voyagerez dans une voiture confortable pour d\u00e9couvrir la campagne fran\u00e7aise.\u00a0<\/span><\/p>\n<p><span style=\"font-weight: 400;\">Vous verrez \u00e9galement de premi\u00e8re main le processus de fabrication de cette boisson embl\u00e9matique et la raison pour laquelle elle est si sp\u00e9ciale.\u00a0<\/span><\/p>\n<p><span style=\"font-weight: 400;\">Vous aurez le choix entre quelques-uns des domaines viticoles les plus r\u00e9put\u00e9s au monde. Vous visiterez deux domaines viticoles, o\u00f9 vous aurez le plaisir de d\u00e9guster leur merveilleux champagne :<\/span><\/p>\n<h4><span style=\"color: #d3af37;\"><b>Lanson\u00a0<\/b><\/span><\/h4>\n<p><span style=\"font-weight: 400;\">Lorsque l&#8217;on parle de champagne, il est n\u00e9cessaire de mentionner la cave Lanson. Il s&#8217;agit de l&#8217;une des plus anciennes maisons de production de vin mousseux, qui s&#8217;est fait conna\u00eetre, entre autres, parce qu&#8217;il \u00e9tait la boisson pr\u00e9f\u00e9r\u00e9e de la reine Victoria.\u00a0<\/span><\/p>\n<p><span style=\"font-weight: 400;\">Son insigne est reconnu dans le monde entier, puisqu&#8217;il est repr\u00e9sent\u00e9 par la Croix des Chevaliers de l&#8217;Ordre de Malte.\u00a0<\/span><\/p>\n<p><span style=\"font-weight: 400;\">Cette maison a \u00e9t\u00e9 cr\u00e9\u00e9e en 1760 par Fran\u00e7ois Delamotte. Aujourd&#8217;hui, elle appartient au groupe BCC et son personnel comprend des vignerons de renomm\u00e9e mondiale.\u00a0<\/span><\/p>\n<h4><span style=\"color: #d3af37;\"><b>Mo\u00ebt &amp; Chandon<\/b><\/span><\/h4>\n<p><span style=\"font-weight: 400;\">Fond\u00e9 en 1743, le champagne Mo\u00ebt and Chandon est l&#8217;un des champagnes les plus vendus au monde. C&#8217;est l&#8217;une des marques qui poss\u00e8de sa propre appellation d&#8217;origine.\u00a0<\/span><\/p>\n<p><span style=\"font-weight: 400;\">Chacun de ses vins se caract\u00e9rise par un corps d\u00e9licat, un fruit vif et un arri\u00e8re-go\u00fbt \u00e9l\u00e9gant et s\u00e9duisant en bouche.\u00a0<\/span><\/p>\n<h4><span style=\"color: #d3af37;\"><b>Vranken-Pommery<\/b><\/span><\/h4>\n<p><span style=\"font-weight: 400;\">\u00c0 ses d\u00e9buts, cette maison renomm\u00e9e ne produisait que du vin rouge. Mais en 1885, elle se lance \u00e0 la conqu\u00eate d&#8217;autres tendances et c&#8217;est ainsi que na\u00eet son majestueux champagne.\u00a0<\/span><\/p>\n<p><span style=\"font-weight: 400;\">En fait, ils sont les cr\u00e9ateurs du tout premier Champagne Bru, qui a une touche plus l\u00e9g\u00e8re que ses homologues sucr\u00e9s.\u00a0<\/span><\/p>\n<p><span style=\"font-weight: 400;\">En plus de ces \u00e9tablissements vinicoles que nous avons d\u00e9j\u00e0 mentionn\u00e9s, vous avez \u00e9galement la possibilit\u00e9 de choisir :\u00a0<\/span><\/p>\n<h4><span style=\"color: #d3af37;\"><b>Taittinger<\/b><\/span><\/h4>\n<p><span style=\"font-weight: 400;\">Cette maison se distingue car elle poss\u00e8de ses propres hectares de plantations de raisins. Leur champagne contient 45% de Chardonnay en moins et les propri\u00e9taires sont charg\u00e9s de v\u00e9rifier parcelle par parcelle que le fruit est \u00e0 son point optimal avant chaque r\u00e9colte.\u00a0<\/span><\/p>\n<p><span style=\"font-weight: 400;\">Tous leurs vins sont vieillis pendant au moins 5 ans, ce qui donne un caract\u00e8re unique \u00e0 leurs breuvages.\u00a0<\/span><\/p>\n<h4><span style=\"color: #d3af37;\"><b>Veuve Clicquot<\/b><\/span><\/h4>\n<p><span style=\"font-weight: 400;\">C&#8217;est une maison qui a plus de deux si\u00e8cles de tradition. Si vous la visitez, vous vivrez une exp\u00e9rience \u0153notouristique authentique, car dans leurs caves, vous d\u00e9couvrirez les techniques et les outils qu&#8217;ils utilisent pour cr\u00e9er leur magnifique vin mousseux.\u00a0\u00a0<\/span><\/p>\n<h4><span style=\"color: #d3af37;\"><b>Ruinart<\/b><\/span><\/h4>\n<p><span style=\"font-weight: 400;\">C&#8217;est une marque de luxe qui produit des vins d&#8217;une grande complexit\u00e9 et qui prend soin du moindre d\u00e9tail. De fait, leurs boissons sont les pr\u00e9f\u00e9r\u00e9es des palais les plus exigeants.\u00a0<\/span><\/p>\n<p><span style=\"font-weight: 400;\">En visitant cette maison du vin, vous verrez leurs techniques de vinification, leurs vignobles et vous go\u00fbterez certains de leurs breuvages.\u00a0<\/span><\/p>\n<p><span style=\"font-weight: 400;\">Vous vivrez une exp\u00e9rience inoubliable et relaxante, loin du stress de la ville. Vous explorerez \u00e9galement les r\u00e9seaux de m\u00e9tro utilis\u00e9s pour le vieillissement des boissons, et \u00e0 chacun des arr\u00eats que nous ferons dans les caves, vous d\u00e9gusterez le meilleur vin mousseux de Reims.\u00a0<\/span><\/p>\n<p><span style=\"font-weight: 400;\">Nous vous recommandons de r\u00e9server un peu de temps dans votre itin\u00e9raire pour inclure une <a href=\"https:\/\/tourtravelandmore.com\/fr\/tours\/espagne-fr\/valencia-fr\/visites-guidees-privees-valencia-fr\/visite-privee-a-pied-de-reims\/\">visite \u00e0 pied de Reims<\/a>, car vous serez ainsi en contact direct avec l&#8217;architecture, les monuments et l&#8217;histoire qui entourent cette ville embl\u00e9matique.<\/span><\/p>\n","protected":false},"excerpt":{"rendered":"<p><span style=\"font-weight: 400;\">Profitez d&#8217;une visite de 10 heures des meilleurs vignobles de Champagne depuis Paris. Il s&#8217;agit d&#8217;une visite priv\u00e9e pleine de magie et de d\u00e9tente, au cours de laquelle vous voyagerez dans une voiture de luxe exclusive \u00e0 travers la campagne fran\u00e7aise jusqu&#8217;\u00e0 la r\u00e9gion de Champagne. En outre, vous visiterez les plus importantes caves \u00e0 champagne de France et d\u00e9gusterez leurs exquis vins mousseux.<\/span><\/p>\n","protected":false},"featured_media":118492,"comment_status":"open","ping_status":"closed","template":"","meta":{"_acf_changed":false},"product_brand":[],"product_cat":[3616,4044,3542,4202,4203,4204],"product_tag":[],"class_list":{"0":"post-99960","1":"product","2":"type-product","3":"status-publish","4":"has-post-thumbnail","6":"product_cat-reims-fr","7":"product_cat-toutes-les-visites-et-activites-privees-reims-fr","8":"product_cat-paris-fr","9":"product_cat-best-sellers","10":"product_cat-all-private-tours-and-activities-fr-100","11":"product_cat-private-day-trips-fr-3","13":"first","14":"instock","15":"shipping-taxable","16":"purchasable","17":"product-type-simple"},"acf":[],"yoast_head":"<!-- This site is optimized with the Yoast SEO Premium plugin v25.3.1 (Yoast SEO v25.3.1) - https:\/\/yoast.com\/wordpress\/plugins\/seo\/ -->\n<title>\u27a1\ufe0f Visite priv\u00e9e des meilleurs vignobles de Champagne au d\u00e9part de Paris | TTM<\/title>\n<meta name=\"description\" content=\"Visitez les r\u00e9gions de champagne les plus connues en France et dans le monde lors d&#039;une visite priv\u00e9e des meilleurs vignobles de champagne au d\u00e9part de Paris \u2705.\" \/>\n<meta name=\"robots\" content=\"index, follow, max-snippet:-1, max-image-preview:large, max-video-preview:-1\" \/>\n<link rel=\"canonical\" href=\"https:\/\/tourtravelandmore.com\/fr\/tours\/france-fr\/reims-fr\/toutes-les-visites-et-activites-privees-reims-fr\/visite-privee-des-meilleurs-vignobles-de-champagne-au-depart-de-paris\/\" \/>\n<meta property=\"og:locale\" content=\"fr_FR\" \/>\n<meta property=\"og:type\" content=\"article\" \/>\n<meta property=\"og:title\" content=\"Visite priv\u00e9e des meilleurs vignobles de Champagne au d\u00e9part de Paris\" \/>\n<meta property=\"og:description\" content=\"Visitez les r\u00e9gions de champagne les plus connues en France et dans le monde lors d&#039;une visite priv\u00e9e des meilleurs vignobles de champagne au d\u00e9part de Paris \u2705.\" \/>\n<meta property=\"og:url\" content=\"https:\/\/tourtravelandmore.com\/fr\/tours\/france-fr\/reims-fr\/toutes-les-visites-et-activites-privees-reims-fr\/visite-privee-des-meilleurs-vignobles-de-champagne-au-depart-de-paris\/\" \/>\n<meta property=\"og:site_name\" content=\"Tour Travel And More\" \/>\n<meta property=\"article:publisher\" content=\"https:\/\/www.facebook.com\/tourtravelandmore\/\" \/>\n<meta property=\"article:modified_time\" content=\"2024-08-06T14:33:50+00:00\" \/>\n<meta property=\"og:image\" content=\"https:\/\/tourtravelandmore.com\/wp-content\/uploads\/2022\/01\/VrankenPommery2-1.jpg\" \/>\n\t<meta property=\"og:image:width\" content=\"800\" \/>\n\t<meta property=\"og:image:height\" content=\"600\" \/>\n\t<meta property=\"og:image:type\" content=\"image\/jpeg\" \/>\n<meta name=\"twitter:card\" content=\"summary_large_image\" \/>\n<meta name=\"twitter:site\" content=\"@TourTravel_More\" \/>\n<meta name=\"twitter:label1\" content=\"Dur\u00e9e de lecture estim\u00e9e\" \/>\n\t<meta name=\"twitter:data1\" content=\"4 minutes\" \/>\n<script type=\"application\/ld+json\" class=\"yoast-schema-graph\">{\"@context\":\"https:\/\/schema.org\",\"@graph\":[{\"@type\":\"WebPage\",\"@id\":\"https:\/\/tourtravelandmore.com\/fr\/tours\/france-fr\/reims-fr\/toutes-les-visites-et-activites-privees-reims-fr\/visite-privee-des-meilleurs-vignobles-de-champagne-au-depart-de-paris\/\",\"url\":\"https:\/\/tourtravelandmore.com\/fr\/tours\/france-fr\/reims-fr\/toutes-les-visites-et-activites-privees-reims-fr\/visite-privee-des-meilleurs-vignobles-de-champagne-au-depart-de-paris\/\",\"name\":\"\u27a1\ufe0f Visite priv\u00e9e des meilleurs vignobles de Champagne au d\u00e9part de Paris | TTM\",\"isPartOf\":{\"@id\":\"https:\/\/tourtravelandmore.com\/fr\/#website\"},\"primaryImageOfPage\":{\"@id\":\"https:\/\/tourtravelandmore.com\/fr\/tours\/france-fr\/reims-fr\/toutes-les-visites-et-activites-privees-reims-fr\/visite-privee-des-meilleurs-vignobles-de-champagne-au-depart-de-paris\/#primaryimage\"},\"image\":{\"@id\":\"https:\/\/tourtravelandmore.com\/fr\/tours\/france-fr\/reims-fr\/toutes-les-visites-et-activites-privees-reims-fr\/visite-privee-des-meilleurs-vignobles-de-champagne-au-depart-de-paris\/#primaryimage\"},\"thumbnailUrl\":\"https:\/\/tourtravelandmore.com\/wp-content\/uploads\/2022\/01\/VrankenPommery2-1.jpg\",\"datePublished\":\"2018-04-13T14:11:58+00:00\",\"dateModified\":\"2024-08-06T14:33:50+00:00\",\"description\":\"Visitez les r\u00e9gions de champagne les plus connues en France et dans le monde lors d'une visite priv\u00e9e des meilleurs vignobles de champagne au d\u00e9part de Paris \u2705.\",\"breadcrumb\":{\"@id\":\"https:\/\/tourtravelandmore.com\/fr\/tours\/france-fr\/reims-fr\/toutes-les-visites-et-activites-privees-reims-fr\/visite-privee-des-meilleurs-vignobles-de-champagne-au-depart-de-paris\/#breadcrumb\"},\"inLanguage\":\"fr-FR\",\"potentialAction\":[{\"@type\":\"ReadAction\",\"target\":[\"https:\/\/tourtravelandmore.com\/fr\/tours\/france-fr\/reims-fr\/toutes-les-visites-et-activites-privees-reims-fr\/visite-privee-des-meilleurs-vignobles-de-champagne-au-depart-de-paris\/\"]}]},{\"@type\":\"ImageObject\",\"inLanguage\":\"fr-FR\",\"@id\":\"https:\/\/tourtravelandmore.com\/fr\/tours\/france-fr\/reims-fr\/toutes-les-visites-et-activites-privees-reims-fr\/visite-privee-des-meilleurs-vignobles-de-champagne-au-depart-de-paris\/#primaryimage\",\"url\":\"https:\/\/tourtravelandmore.com\/wp-content\/uploads\/2022\/01\/VrankenPommery2-1.jpg\",\"contentUrl\":\"https:\/\/tourtravelandmore.com\/wp-content\/uploads\/2022\/01\/VrankenPommery2-1.jpg\",\"width\":800,\"height\":600},{\"@type\":\"BreadcrumbList\",\"@id\":\"https:\/\/tourtravelandmore.com\/fr\/tours\/france-fr\/reims-fr\/toutes-les-visites-et-activites-privees-reims-fr\/visite-privee-des-meilleurs-vignobles-de-champagne-au-depart-de-paris\/#breadcrumb\",\"itemListElement\":[{\"@type\":\"ListItem\",\"position\":1,\"name\":\"Home\",\"item\":\"https:\/\/tourtravelandmore.com\/fr\/\"},{\"@type\":\"ListItem\",\"position\":2,\"name\":\"Tours\",\"item\":\"https:\/\/tourtravelandmore.com\/fr\/tours\/\"},{\"@type\":\"ListItem\",\"position\":3,\"name\":\"Visite priv\u00e9e des meilleurs vignobles de Champagne au d\u00e9part de Paris\"}]},{\"@type\":\"WebSite\",\"@id\":\"https:\/\/tourtravelandmore.com\/fr\/#website\",\"url\":\"https:\/\/tourtravelandmore.com\/fr\/\",\"name\":\"Tour Travel And More\",\"description\":\"Private sightseeing tours and luxury transfers in Spain\",\"publisher\":{\"@id\":\"https:\/\/tourtravelandmore.com\/fr\/#organization\"},\"potentialAction\":[{\"@type\":\"SearchAction\",\"target\":{\"@type\":\"EntryPoint\",\"urlTemplate\":\"https:\/\/tourtravelandmore.com\/fr\/?s={search_term_string}\"},\"query-input\":{\"@type\":\"PropertyValueSpecification\",\"valueRequired\":true,\"valueName\":\"search_term_string\"}}],\"inLanguage\":\"fr-FR\"},{\"@type\":\"Organization\",\"@id\":\"https:\/\/tourtravelandmore.com\/fr\/#organization\",\"name\":\"Tour Travel And More\",\"url\":\"https:\/\/tourtravelandmore.com\/fr\/\",\"logo\":{\"@type\":\"ImageObject\",\"inLanguage\":\"fr-FR\",\"@id\":\"https:\/\/tourtravelandmore.com\/fr\/#\/schema\/logo\/image\/\",\"url\":\"https:\/\/tourtravelandmore.com\/wp-content\/uploads\/2022\/12\/cropped-logo-cabecera-new.png\",\"contentUrl\":\"https:\/\/tourtravelandmore.com\/wp-content\/uploads\/2022\/12\/cropped-logo-cabecera-new.png\",\"width\":430,\"height\":61,\"caption\":\"Tour Travel And More\"},\"image\":{\"@id\":\"https:\/\/tourtravelandmore.com\/fr\/#\/schema\/logo\/image\/\"},\"sameAs\":[\"https:\/\/www.facebook.com\/tourtravelandmore\/\",\"https:\/\/x.com\/TourTravel_More\"]}]}<\/script>\n<!-- \/ Yoast SEO Premium plugin. -->","yoast_head_json":{"title":"\u27a1\ufe0f Visite priv\u00e9e des meilleurs vignobles de Champagne au d\u00e9part de Paris | TTM","description":"Visitez les r\u00e9gions de champagne les plus connues en France et dans le monde lors d'une visite priv\u00e9e des meilleurs vignobles de champagne au d\u00e9part de Paris \u2705.","robots":{"index":"index","follow":"follow","max-snippet":"max-snippet:-1","max-image-preview":"max-image-preview:large","max-video-preview":"max-video-preview:-1"},"canonical":"https:\/\/tourtravelandmore.com\/fr\/tours\/france-fr\/reims-fr\/toutes-les-visites-et-activites-privees-reims-fr\/visite-privee-des-meilleurs-vignobles-de-champagne-au-depart-de-paris\/","og_locale":"fr_FR","og_type":"article","og_title":"Visite priv\u00e9e des meilleurs vignobles de Champagne au d\u00e9part de Paris","og_description":"Visitez les r\u00e9gions de champagne les plus connues en France et dans le monde lors d'une visite priv\u00e9e des meilleurs vignobles de champagne au d\u00e9part de Paris \u2705.","og_url":"https:\/\/tourtravelandmore.com\/fr\/tours\/france-fr\/reims-fr\/toutes-les-visites-et-activites-privees-reims-fr\/visite-privee-des-meilleurs-vignobles-de-champagne-au-depart-de-paris\/","og_site_name":"Tour Travel And More","article_publisher":"https:\/\/www.facebook.com\/tourtravelandmore\/","article_modified_time":"2024-08-06T14:33:50+00:00","og_image":[{"width":800,"height":600,"url":"https:\/\/tourtravelandmore.com\/wp-content\/uploads\/2022\/01\/VrankenPommery2-1.jpg","type":"image\/jpeg"}],"twitter_card":"summary_large_image","twitter_site":"@TourTravel_More","twitter_misc":{"Dur\u00e9e de lecture estim\u00e9e":"4 minutes"},"schema":{"@context":"https:\/\/schema.org","@graph":[{"@type":"WebPage","@id":"https:\/\/tourtravelandmore.com\/fr\/tours\/france-fr\/reims-fr\/toutes-les-visites-et-activites-privees-reims-fr\/visite-privee-des-meilleurs-vignobles-de-champagne-au-depart-de-paris\/","url":"https:\/\/tourtravelandmore.com\/fr\/tours\/france-fr\/reims-fr\/toutes-les-visites-et-activites-privees-reims-fr\/visite-privee-des-meilleurs-vignobles-de-champagne-au-depart-de-paris\/","name":"\u27a1\ufe0f Visite priv\u00e9e des meilleurs vignobles de Champagne au d\u00e9part de Paris | TTM","isPartOf":{"@id":"https:\/\/tourtravelandmore.com\/fr\/#website"},"primaryImageOfPage":{"@id":"https:\/\/tourtravelandmore.com\/fr\/tours\/france-fr\/reims-fr\/toutes-les-visites-et-activites-privees-reims-fr\/visite-privee-des-meilleurs-vignobles-de-champagne-au-depart-de-paris\/#primaryimage"},"image":{"@id":"https:\/\/tourtravelandmore.com\/fr\/tours\/france-fr\/reims-fr\/toutes-les-visites-et-activites-privees-reims-fr\/visite-privee-des-meilleurs-vignobles-de-champagne-au-depart-de-paris\/#primaryimage"},"thumbnailUrl":"https:\/\/tourtravelandmore.com\/wp-content\/uploads\/2022\/01\/VrankenPommery2-1.jpg","datePublished":"2018-04-13T14:11:58+00:00","dateModified":"2024-08-06T14:33:50+00:00","description":"Visitez les r\u00e9gions de champagne les plus connues en France et dans le monde lors d'une visite priv\u00e9e des meilleurs vignobles de champagne au d\u00e9part de Paris \u2705.","breadcrumb":{"@id":"https:\/\/tourtravelandmore.com\/fr\/tours\/france-fr\/reims-fr\/toutes-les-visites-et-activites-privees-reims-fr\/visite-privee-des-meilleurs-vignobles-de-champagne-au-depart-de-paris\/#breadcrumb"},"inLanguage":"fr-FR","potentialAction":[{"@type":"ReadAction","target":["https:\/\/tourtravelandmore.com\/fr\/tours\/france-fr\/reims-fr\/toutes-les-visites-et-activites-privees-reims-fr\/visite-privee-des-meilleurs-vignobles-de-champagne-au-depart-de-paris\/"]}]},{"@type":"ImageObject","inLanguage":"fr-FR","@id":"https:\/\/tourtravelandmore.com\/fr\/tours\/france-fr\/reims-fr\/toutes-les-visites-et-activites-privees-reims-fr\/visite-privee-des-meilleurs-vignobles-de-champagne-au-depart-de-paris\/#primaryimage","url":"https:\/\/tourtravelandmore.com\/wp-content\/uploads\/2022\/01\/VrankenPommery2-1.jpg","contentUrl":"https:\/\/tourtravelandmore.com\/wp-content\/uploads\/2022\/01\/VrankenPommery2-1.jpg","width":800,"height":600},{"@type":"BreadcrumbList","@id":"https:\/\/tourtravelandmore.com\/fr\/tours\/france-fr\/reims-fr\/toutes-les-visites-et-activites-privees-reims-fr\/visite-privee-des-meilleurs-vignobles-de-champagne-au-depart-de-paris\/#breadcrumb","itemListElement":[{"@type":"ListItem","position":1,"name":"Home","item":"https:\/\/tourtravelandmore.com\/fr\/"},{"@type":"ListItem","position":2,"name":"Tours","item":"https:\/\/tourtravelandmore.com\/fr\/tours\/"},{"@type":"ListItem","position":3,"name":"Visite priv\u00e9e des meilleurs vignobles de Champagne au d\u00e9part de Paris"}]},{"@type":"WebSite","@id":"https:\/\/tourtravelandmore.com\/fr\/#website","url":"https:\/\/tourtravelandmore.com\/fr\/","name":"Tour Travel And More","description":"Private sightseeing tours and luxury transfers in Spain","publisher":{"@id":"https:\/\/tourtravelandmore.com\/fr\/#organization"},"potentialAction":[{"@type":"SearchAction","target":{"@type":"EntryPoint","urlTemplate":"https:\/\/tourtravelandmore.com\/fr\/?s={search_term_string}"},"query-input":{"@type":"PropertyValueSpecification","valueRequired":true,"valueName":"search_term_string"}}],"inLanguage":"fr-FR"},{"@type":"Organization","@id":"https:\/\/tourtravelandmore.com\/fr\/#organization","name":"Tour Travel And More","url":"https:\/\/tourtravelandmore.com\/fr\/","logo":{"@type":"ImageObject","inLanguage":"fr-FR","@id":"https:\/\/tourtravelandmore.com\/fr\/#\/schema\/logo\/image\/","url":"https:\/\/tourtravelandmore.com\/wp-content\/uploads\/2022\/12\/cropped-logo-cabecera-new.png","contentUrl":"https:\/\/tourtravelandmore.com\/wp-content\/uploads\/2022\/12\/cropped-logo-cabecera-new.png","width":430,"height":61,"caption":"Tour Travel And More"},"image":{"@id":"https:\/\/tourtravelandmore.com\/fr\/#\/schema\/logo\/image\/"},"sameAs":["https:\/\/www.facebook.com\/tourtravelandmore\/","https:\/\/x.com\/TourTravel_More"]}]}},"_links":{"self":[{"href":"https:\/\/tourtravelandmore.com\/fr\/wp-json\/wp\/v2\/product\/99960","targetHints":{"allow":["GET"]}}],"collection":[{"href":"https:\/\/tourtravelandmore.com\/fr\/wp-json\/wp\/v2\/product"}],"about":[{"href":"https:\/\/tourtravelandmore.com\/fr\/wp-json\/wp\/v2\/types\/product"}],"replies":[{"embeddable":true,"href":"https:\/\/tourtravelandmore.com\/fr\/wp-json\/wp\/v2\/comments?post=99960"}],"wp:featuredmedia":[{"embeddable":true,"href":"https:\/\/tourtravelandmore.com\/fr\/wp-json\/wp\/v2\/media\/118492"}],"wp:attachment":[{"href":"https:\/\/tourtravelandmore.com\/fr\/wp-json\/wp\/v2\/media?parent=99960"}],"wp:term":[{"taxonomy":"product_brand","embeddable":true,"href":"https:\/\/tourtravelandmore.com\/fr\/wp-json\/wp\/v2\/product_brand?post=99960"},{"taxonomy":"product_cat","embeddable":true,"href":"https:\/\/tourtravelandmore.com\/fr\/wp-json\/wp\/v2\/product_cat?post=99960"},{"taxonomy":"product_tag","embeddable":true,"href":"https:\/\/tourtravelandmore.com\/fr\/wp-json\/wp\/v2\/product_tag?post=99960"}],"curies":[{"name":"wp","href":"https:\/\/api.w.org\/{rel}","templated":true}]}}