{"id":99955,"date":"2018-04-12T16:38:14","date_gmt":"2018-04-12T14:38:14","guid":{"rendered":"https:\/\/tourtravelandmore.com\/tours\/non%20class\u00e9\/excursion-privee-dune-journee-aux-chateaux-de-la-loire\/"},"modified":"2024-08-06T16:51:32","modified_gmt":"2024-08-06T14:51:32","slug":"excursion-privee-dune-journee-aux-chateaux-de-la-loire","status":"publish","type":"product","link":"https:\/\/tourtravelandmore.com\/fr\/tours\/france-fr\/paris-fr\/best-sellers\/excursion-privee-dune-journee-aux-chateaux-de-la-loire\/","title":{"rendered":"Excursion priv\u00e9e d&#8217;une journ\u00e9e aux ch\u00e2teaux de la Loire"},"content":{"rendered":"<h2>Description<\/h2>\n<p>D\u00e9couvrez la magnifique <strong>vall\u00e9e<\/strong> de la <strong>Loire,<\/strong> un site class\u00e9 au patrimoine mondial de <strong>l&#8217;UNESCO.<\/strong> Situ\u00e9 dans le nord-ouest de la France, cette r\u00e9gion est connue comme la r\u00e9gion du ch\u00e2teau. D\u00e9couvrez l&#8217;architecture de la Renaissance et l&#8217;histoire des habitants de ces <strong>magnifiques ch\u00e2teaux.<\/strong> Profitez de notre visite de la <strong>vall\u00e9e<\/strong> de la <strong>Loire<\/strong> au d\u00e9part de <strong>Paris<\/strong> et visitez les ch\u00e2teaux avec votre guide officiel priv\u00e9.<\/p>\n<p>Tout d&#8217;abord, votre chauffeur priv\u00e9 et votre guide priv\u00e9 officiel viendra vous chercher \u00e0 votre logement \u00e0 Paris. Apr\u00e8s cela, votre visite priv\u00e9e d&#8217;une journ\u00e9e commencera. Le trajet de <strong>Paris<\/strong> \u00e0 la <strong>vall\u00e9e<\/strong> prend environ 2 heures et 15 minutes.\u00a0Notre itin\u00e9raire propos\u00e9 apr\u00e8s votre rencontre avec votre guide serait de visiter le premier <strong>Ch\u00e2teau d&#8217;Amboise.<\/strong> Apr\u00e8s cela, vous auriez le temps de d\u00e9jeuner, suivi de visites du <strong>ch\u00e2teau<\/strong> de <strong>Chenonceau<\/strong> le plus visit\u00e9 et du magnifique <strong>ch\u00e2teau<\/strong> de <strong>Chambord.<\/strong><\/p>\n<p>Nos circuits sont priv\u00e9s et adaptables aux d\u00e9sirs de nos clients. Contactez-nous pour une proposition sur mesure. L&#8217;un des membres de notre \u00e9quipe vous aidera \u00e0 organiser une exp\u00e9rience inoubliable.<\/p>\n<h2>Sites d&#8217;int\u00e9r\u00eat et points de rep\u00e8re<\/h2>\n<p>La vall\u00e9e de la Loire entre Sully-sur-Loire et Chalonnes est class\u00e9e au patrimoine mondial de l&#8217;UNESCO depuis l&#8217;an 2000. C&#8217;est un paysage culturel exceptionnel d&#8217;une grande beaut\u00e9 qui contient des villes et villages historiques, de grands monuments architecturaux (les ch\u00e2teaux) et des terres cultiv\u00e9es form\u00e9es par de nombreux si\u00e8cles d&#8217;interaction entre leur population et la Loire elle-m\u00eame. Au cours de votre visite, vous d\u00e9couvrirez cette r\u00e9gion et visiterez certains des plus beaux ch\u00e2teaux de la r\u00e9gion avec un expert local.<\/p>\n<p>Le <strong>Ch\u00e2teau d\u2019Amboise<\/strong> est le lieu o\u00f9 se trouve le tombeau de L\u00e9onard de Vinci. Elle a \u00e9t\u00e9 un lieu de r\u00e9sidence des rois de France du XVe au XIXe si\u00e8cle. Le ch\u00e2teau est situ\u00e9 dans une position avec de belles vues sur la ville d&#8217;Amboise, la Loire et la campagne.<\/p>\n<p>Le <strong>ch\u00e2teau de Chenonceau<\/strong> est l&#8217;un des ch\u00e2teaux les plus visit\u00e9s de la vall\u00e9e et de toute la France. Les b\u00e2timents pr\u00e9c\u00e9dents existaient l\u00e0 o\u00f9 le ch\u00e2teau actuel \u00e9tait construit par Thomas Bohier. Le ch\u00e2teau est connu sous le nom de \u00abCh\u00e2teau des Dames\u00bb, alors qu&#8217;au cours de son histoire, il a \u00e9t\u00e9 aim\u00e9, g\u00e9r\u00e9 et prot\u00e9g\u00e9 par des femmes, dont Diane de Poitiers et Catherine de M\u00e9dicis. La touche f\u00e9minine se retrouve dans les int\u00e9rieurs et les jardins du ch\u00e2teau.<\/p>\n<p>Le <strong>Ch\u00e2teau de Chambord<\/strong> est captiv\u00e9 par une for\u00eat merveilleuse, o\u00f9 vous d\u00e9couvrirez une architecture extraordinaire imagin\u00e9e par Fran\u00e7ois Ier et impr\u00e9gn\u00e9e de l&#8217;esprit de L\u00e9onard de Vinci. Construit \u00e0 l&#8217;origine comme pavillon de chasse royal, il est devenu le plus grand ch\u00e2teau Renaissance de la vall\u00e9e de la Loire. Le ch\u00e2teau, qui a \u00e9t\u00e9 habit\u00e9 pendant une grande partie de son existence, rec\u00e8le de nombreux myst\u00e8res que vous tenterez de d\u00e9voiler avec votre guide!<\/p>\n<p>Votre chauffeur priv\u00e9 sera \u00e0 votre enti\u00e8re disposition pendant toute la dur\u00e9e de la visite. Vous rencontrerez votre guide directement dans la vall\u00e9e pour visiter les ch\u00e2teaux. En plus de votre chauffeur et de votre guide, les billets coupe-file sont inclus dans la visite.<\/p>\n","protected":false},"excerpt":{"rendered":"<p>La France est connue pour abriter certains des ch\u00e2teaux les plus spectaculaires du monde. Explorez la vall\u00e9e de la Loire et ses magnifiques ch\u00e2teaux, class\u00e9s par l&#8217;UNESCO comme site du patrimoine mondial, avec votre guide priv\u00e9 lors d&#8217;une excursion d&#8217;une journ\u00e9e au d\u00e9part de Paris. Votre chauffeur priv\u00e9 viendra vous chercher \u00e0 l&#8217;endroit souhait\u00e9 \u00e0 Paris.<\/p>\n","protected":false},"featured_media":94883,"comment_status":"open","ping_status":"closed","template":"","meta":{"_acf_changed":false},"product_brand":[],"product_cat":[3542,4202,4203,4204],"product_tag":[],"class_list":{"0":"post-99955","1":"product","2":"type-product","3":"status-publish","4":"has-post-thumbnail","6":"product_cat-paris-fr","7":"product_cat-best-sellers","8":"product_cat-all-private-tours-and-activities-fr-100","9":"product_cat-private-day-trips-fr-3","11":"first","12":"instock","13":"shipping-taxable","14":"purchasable","15":"product-type-simple"},"acf":[],"yoast_head":"<!-- This site is optimized with the Yoast SEO Premium plugin v25.3.1 (Yoast SEO v25.3.1) - https:\/\/yoast.com\/wordpress\/plugins\/seo\/ -->\n<title>Excursion priv\u00e9e d&#039;une journ\u00e9e aux ch\u00e2teaux de la Loire au d\u00e9part de Paris avec chauffeur et guide<\/title>\n<meta name=\"description\" content=\"Explorez la vall\u00e9e de la Loire et ses magnifiques ch\u00e2teaux, class\u00e9s par l&#039;UNESCO comme site du patrimoine mondial, avec votre guide priv\u00e9 lors d&#039;une excursion d&#039;une journ\u00e9e au d\u00e9part de Paris\" \/>\n<meta name=\"robots\" content=\"index, follow, max-snippet:-1, max-image-preview:large, max-video-preview:-1\" \/>\n<link rel=\"canonical\" href=\"https:\/\/tourtravelandmore.com\/fr\/tours\/france-fr\/paris-fr\/best-sellers\/excursion-privee-dune-journee-aux-chateaux-de-la-loire\/\" \/>\n<meta property=\"og:locale\" content=\"fr_FR\" \/>\n<meta property=\"og:type\" content=\"article\" \/>\n<meta property=\"og:title\" content=\"Excursion priv\u00e9e d&#039;une journ\u00e9e aux ch\u00e2teaux de la Loire\" \/>\n<meta property=\"og:description\" content=\"Explorez la vall\u00e9e de la Loire et ses magnifiques ch\u00e2teaux, class\u00e9s par l&#039;UNESCO comme site du patrimoine mondial, avec votre guide priv\u00e9 lors d&#039;une excursion d&#039;une journ\u00e9e au d\u00e9part de Paris\" \/>\n<meta property=\"og:url\" content=\"https:\/\/tourtravelandmore.com\/fr\/tours\/france-fr\/paris-fr\/best-sellers\/excursion-privee-dune-journee-aux-chateaux-de-la-loire\/\" \/>\n<meta property=\"og:site_name\" content=\"Tour Travel And More\" \/>\n<meta property=\"article:publisher\" content=\"https:\/\/www.facebook.com\/tourtravelandmore\/\" \/>\n<meta property=\"article:modified_time\" content=\"2024-08-06T14:51:32+00:00\" \/>\n<meta property=\"og:image\" content=\"https:\/\/tourtravelandmore.com\/wp-content\/uploads\/2018\/04\/201208081025175010.jpg\" \/>\n\t<meta property=\"og:image:width\" content=\"776\" \/>\n\t<meta property=\"og:image:height\" content=\"508\" \/>\n\t<meta property=\"og:image:type\" content=\"image\/jpeg\" \/>\n<meta name=\"twitter:card\" content=\"summary_large_image\" \/>\n<meta name=\"twitter:site\" content=\"@TourTravel_More\" \/>\n<meta name=\"twitter:label1\" content=\"Dur\u00e9e de lecture estim\u00e9e\" \/>\n\t<meta name=\"twitter:data1\" content=\"3 minutes\" \/>\n<script type=\"application\/ld+json\" class=\"yoast-schema-graph\">{\"@context\":\"https:\/\/schema.org\",\"@graph\":[{\"@type\":\"WebPage\",\"@id\":\"https:\/\/tourtravelandmore.com\/fr\/tours\/france-fr\/paris-fr\/best-sellers\/excursion-privee-dune-journee-aux-chateaux-de-la-loire\/\",\"url\":\"https:\/\/tourtravelandmore.com\/fr\/tours\/france-fr\/paris-fr\/best-sellers\/excursion-privee-dune-journee-aux-chateaux-de-la-loire\/\",\"name\":\"Excursion priv\u00e9e d'une journ\u00e9e aux ch\u00e2teaux de la Loire au d\u00e9part de Paris avec chauffeur et guide\",\"isPartOf\":{\"@id\":\"https:\/\/tourtravelandmore.com\/fr\/#website\"},\"primaryImageOfPage\":{\"@id\":\"https:\/\/tourtravelandmore.com\/fr\/tours\/france-fr\/paris-fr\/best-sellers\/excursion-privee-dune-journee-aux-chateaux-de-la-loire\/#primaryimage\"},\"image\":{\"@id\":\"https:\/\/tourtravelandmore.com\/fr\/tours\/france-fr\/paris-fr\/best-sellers\/excursion-privee-dune-journee-aux-chateaux-de-la-loire\/#primaryimage\"},\"thumbnailUrl\":\"https:\/\/tourtravelandmore.com\/wp-content\/uploads\/2018\/04\/201208081025175010.jpg\",\"datePublished\":\"2018-04-12T14:38:14+00:00\",\"dateModified\":\"2024-08-06T14:51:32+00:00\",\"description\":\"Explorez la vall\u00e9e de la Loire et ses magnifiques ch\u00e2teaux, class\u00e9s par l'UNESCO comme site du patrimoine mondial, avec votre guide priv\u00e9 lors d'une excursion d'une journ\u00e9e au d\u00e9part de Paris\",\"breadcrumb\":{\"@id\":\"https:\/\/tourtravelandmore.com\/fr\/tours\/france-fr\/paris-fr\/best-sellers\/excursion-privee-dune-journee-aux-chateaux-de-la-loire\/#breadcrumb\"},\"inLanguage\":\"fr-FR\",\"potentialAction\":[{\"@type\":\"ReadAction\",\"target\":[\"https:\/\/tourtravelandmore.com\/fr\/tours\/france-fr\/paris-fr\/best-sellers\/excursion-privee-dune-journee-aux-chateaux-de-la-loire\/\"]}]},{\"@type\":\"ImageObject\",\"inLanguage\":\"fr-FR\",\"@id\":\"https:\/\/tourtravelandmore.com\/fr\/tours\/france-fr\/paris-fr\/best-sellers\/excursion-privee-dune-journee-aux-chateaux-de-la-loire\/#primaryimage\",\"url\":\"https:\/\/tourtravelandmore.com\/wp-content\/uploads\/2018\/04\/201208081025175010.jpg\",\"contentUrl\":\"https:\/\/tourtravelandmore.com\/wp-content\/uploads\/2018\/04\/201208081025175010.jpg\",\"width\":776,\"height\":508},{\"@type\":\"BreadcrumbList\",\"@id\":\"https:\/\/tourtravelandmore.com\/fr\/tours\/france-fr\/paris-fr\/best-sellers\/excursion-privee-dune-journee-aux-chateaux-de-la-loire\/#breadcrumb\",\"itemListElement\":[{\"@type\":\"ListItem\",\"position\":1,\"name\":\"Home\",\"item\":\"https:\/\/tourtravelandmore.com\/fr\/\"},{\"@type\":\"ListItem\",\"position\":2,\"name\":\"Tours\",\"item\":\"https:\/\/tourtravelandmore.com\/fr\/tours\/\"},{\"@type\":\"ListItem\",\"position\":3,\"name\":\"Excursion priv\u00e9e d&#8217;une journ\u00e9e aux ch\u00e2teaux de la Loire\"}]},{\"@type\":\"WebSite\",\"@id\":\"https:\/\/tourtravelandmore.com\/fr\/#website\",\"url\":\"https:\/\/tourtravelandmore.com\/fr\/\",\"name\":\"Tour Travel And More\",\"description\":\"Private sightseeing tours and luxury transfers in Spain\",\"publisher\":{\"@id\":\"https:\/\/tourtravelandmore.com\/fr\/#organization\"},\"potentialAction\":[{\"@type\":\"SearchAction\",\"target\":{\"@type\":\"EntryPoint\",\"urlTemplate\":\"https:\/\/tourtravelandmore.com\/fr\/?s={search_term_string}\"},\"query-input\":{\"@type\":\"PropertyValueSpecification\",\"valueRequired\":true,\"valueName\":\"search_term_string\"}}],\"inLanguage\":\"fr-FR\"},{\"@type\":\"Organization\",\"@id\":\"https:\/\/tourtravelandmore.com\/fr\/#organization\",\"name\":\"Tour Travel And More\",\"url\":\"https:\/\/tourtravelandmore.com\/fr\/\",\"logo\":{\"@type\":\"ImageObject\",\"inLanguage\":\"fr-FR\",\"@id\":\"https:\/\/tourtravelandmore.com\/fr\/#\/schema\/logo\/image\/\",\"url\":\"https:\/\/tourtravelandmore.com\/wp-content\/uploads\/2022\/12\/cropped-logo-cabecera-new.png\",\"contentUrl\":\"https:\/\/tourtravelandmore.com\/wp-content\/uploads\/2022\/12\/cropped-logo-cabecera-new.png\",\"width\":430,\"height\":61,\"caption\":\"Tour Travel And More\"},\"image\":{\"@id\":\"https:\/\/tourtravelandmore.com\/fr\/#\/schema\/logo\/image\/\"},\"sameAs\":[\"https:\/\/www.facebook.com\/tourtravelandmore\/\",\"https:\/\/x.com\/TourTravel_More\"]}]}<\/script>\n<!-- \/ Yoast SEO Premium plugin. -->","yoast_head_json":{"title":"Excursion priv\u00e9e d'une journ\u00e9e aux ch\u00e2teaux de la Loire au d\u00e9part de Paris avec chauffeur et guide","description":"Explorez la vall\u00e9e de la Loire et ses magnifiques ch\u00e2teaux, class\u00e9s par l'UNESCO comme site du patrimoine mondial, avec votre guide priv\u00e9 lors d'une excursion d'une journ\u00e9e au d\u00e9part de Paris","robots":{"index":"index","follow":"follow","max-snippet":"max-snippet:-1","max-image-preview":"max-image-preview:large","max-video-preview":"max-video-preview:-1"},"canonical":"https:\/\/tourtravelandmore.com\/fr\/tours\/france-fr\/paris-fr\/best-sellers\/excursion-privee-dune-journee-aux-chateaux-de-la-loire\/","og_locale":"fr_FR","og_type":"article","og_title":"Excursion priv\u00e9e d'une journ\u00e9e aux ch\u00e2teaux de la Loire","og_description":"Explorez la vall\u00e9e de la Loire et ses magnifiques ch\u00e2teaux, class\u00e9s par l'UNESCO comme site du patrimoine mondial, avec votre guide priv\u00e9 lors d'une excursion d'une journ\u00e9e au d\u00e9part de Paris","og_url":"https:\/\/tourtravelandmore.com\/fr\/tours\/france-fr\/paris-fr\/best-sellers\/excursion-privee-dune-journee-aux-chateaux-de-la-loire\/","og_site_name":"Tour Travel And More","article_publisher":"https:\/\/www.facebook.com\/tourtravelandmore\/","article_modified_time":"2024-08-06T14:51:32+00:00","og_image":[{"width":776,"height":508,"url":"https:\/\/tourtravelandmore.com\/wp-content\/uploads\/2018\/04\/201208081025175010.jpg","type":"image\/jpeg"}],"twitter_card":"summary_large_image","twitter_site":"@TourTravel_More","twitter_misc":{"Dur\u00e9e de lecture estim\u00e9e":"3 minutes"},"schema":{"@context":"https:\/\/schema.org","@graph":[{"@type":"WebPage","@id":"https:\/\/tourtravelandmore.com\/fr\/tours\/france-fr\/paris-fr\/best-sellers\/excursion-privee-dune-journee-aux-chateaux-de-la-loire\/","url":"https:\/\/tourtravelandmore.com\/fr\/tours\/france-fr\/paris-fr\/best-sellers\/excursion-privee-dune-journee-aux-chateaux-de-la-loire\/","name":"Excursion priv\u00e9e d'une journ\u00e9e aux ch\u00e2teaux de la Loire au d\u00e9part de Paris avec chauffeur et guide","isPartOf":{"@id":"https:\/\/tourtravelandmore.com\/fr\/#website"},"primaryImageOfPage":{"@id":"https:\/\/tourtravelandmore.com\/fr\/tours\/france-fr\/paris-fr\/best-sellers\/excursion-privee-dune-journee-aux-chateaux-de-la-loire\/#primaryimage"},"image":{"@id":"https:\/\/tourtravelandmore.com\/fr\/tours\/france-fr\/paris-fr\/best-sellers\/excursion-privee-dune-journee-aux-chateaux-de-la-loire\/#primaryimage"},"thumbnailUrl":"https:\/\/tourtravelandmore.com\/wp-content\/uploads\/2018\/04\/201208081025175010.jpg","datePublished":"2018-04-12T14:38:14+00:00","dateModified":"2024-08-06T14:51:32+00:00","description":"Explorez la vall\u00e9e de la Loire et ses magnifiques ch\u00e2teaux, class\u00e9s par l'UNESCO comme site du patrimoine mondial, avec votre guide priv\u00e9 lors d'une excursion d'une journ\u00e9e au d\u00e9part de Paris","breadcrumb":{"@id":"https:\/\/tourtravelandmore.com\/fr\/tours\/france-fr\/paris-fr\/best-sellers\/excursion-privee-dune-journee-aux-chateaux-de-la-loire\/#breadcrumb"},"inLanguage":"fr-FR","potentialAction":[{"@type":"ReadAction","target":["https:\/\/tourtravelandmore.com\/fr\/tours\/france-fr\/paris-fr\/best-sellers\/excursion-privee-dune-journee-aux-chateaux-de-la-loire\/"]}]},{"@type":"ImageObject","inLanguage":"fr-FR","@id":"https:\/\/tourtravelandmore.com\/fr\/tours\/france-fr\/paris-fr\/best-sellers\/excursion-privee-dune-journee-aux-chateaux-de-la-loire\/#primaryimage","url":"https:\/\/tourtravelandmore.com\/wp-content\/uploads\/2018\/04\/201208081025175010.jpg","contentUrl":"https:\/\/tourtravelandmore.com\/wp-content\/uploads\/2018\/04\/201208081025175010.jpg","width":776,"height":508},{"@type":"BreadcrumbList","@id":"https:\/\/tourtravelandmore.com\/fr\/tours\/france-fr\/paris-fr\/best-sellers\/excursion-privee-dune-journee-aux-chateaux-de-la-loire\/#breadcrumb","itemListElement":[{"@type":"ListItem","position":1,"name":"Home","item":"https:\/\/tourtravelandmore.com\/fr\/"},{"@type":"ListItem","position":2,"name":"Tours","item":"https:\/\/tourtravelandmore.com\/fr\/tours\/"},{"@type":"ListItem","position":3,"name":"Excursion priv\u00e9e d&#8217;une journ\u00e9e aux ch\u00e2teaux de la Loire"}]},{"@type":"WebSite","@id":"https:\/\/tourtravelandmore.com\/fr\/#website","url":"https:\/\/tourtravelandmore.com\/fr\/","name":"Tour Travel And More","description":"Private sightseeing tours and luxury transfers in Spain","publisher":{"@id":"https:\/\/tourtravelandmore.com\/fr\/#organization"},"potentialAction":[{"@type":"SearchAction","target":{"@type":"EntryPoint","urlTemplate":"https:\/\/tourtravelandmore.com\/fr\/?s={search_term_string}"},"query-input":{"@type":"PropertyValueSpecification","valueRequired":true,"valueName":"search_term_string"}}],"inLanguage":"fr-FR"},{"@type":"Organization","@id":"https:\/\/tourtravelandmore.com\/fr\/#organization","name":"Tour Travel And More","url":"https:\/\/tourtravelandmore.com\/fr\/","logo":{"@type":"ImageObject","inLanguage":"fr-FR","@id":"https:\/\/tourtravelandmore.com\/fr\/#\/schema\/logo\/image\/","url":"https:\/\/tourtravelandmore.com\/wp-content\/uploads\/2022\/12\/cropped-logo-cabecera-new.png","contentUrl":"https:\/\/tourtravelandmore.com\/wp-content\/uploads\/2022\/12\/cropped-logo-cabecera-new.png","width":430,"height":61,"caption":"Tour Travel And More"},"image":{"@id":"https:\/\/tourtravelandmore.com\/fr\/#\/schema\/logo\/image\/"},"sameAs":["https:\/\/www.facebook.com\/tourtravelandmore\/","https:\/\/x.com\/TourTravel_More"]}]}},"_links":{"self":[{"href":"https:\/\/tourtravelandmore.com\/fr\/wp-json\/wp\/v2\/product\/99955","targetHints":{"allow":["GET"]}}],"collection":[{"href":"https:\/\/tourtravelandmore.com\/fr\/wp-json\/wp\/v2\/product"}],"about":[{"href":"https:\/\/tourtravelandmore.com\/fr\/wp-json\/wp\/v2\/types\/product"}],"replies":[{"embeddable":true,"href":"https:\/\/tourtravelandmore.com\/fr\/wp-json\/wp\/v2\/comments?post=99955"}],"wp:featuredmedia":[{"embeddable":true,"href":"https:\/\/tourtravelandmore.com\/fr\/wp-json\/wp\/v2\/media\/94883"}],"wp:attachment":[{"href":"https:\/\/tourtravelandmore.com\/fr\/wp-json\/wp\/v2\/media?parent=99955"}],"wp:term":[{"taxonomy":"product_brand","embeddable":true,"href":"https:\/\/tourtravelandmore.com\/fr\/wp-json\/wp\/v2\/product_brand?post=99955"},{"taxonomy":"product_cat","embeddable":true,"href":"https:\/\/tourtravelandmore.com\/fr\/wp-json\/wp\/v2\/product_cat?post=99955"},{"taxonomy":"product_tag","embeddable":true,"href":"https:\/\/tourtravelandmore.com\/fr\/wp-json\/wp\/v2\/product_tag?post=99955"}],"curies":[{"name":"wp","href":"https:\/\/api.w.org\/{rel}","templated":true}]}}