{"id":99950,"date":"2018-04-12T16:07:56","date_gmt":"2018-04-12T14:07:56","guid":{"rendered":"https:\/\/tourtravelandmore.com\/tours\/non%20class\u00e9\/excursion-privee-dune-journee-a-bruges-au-depart-de-paris\/"},"modified":"2024-08-06T16:56:47","modified_gmt":"2024-08-06T14:56:47","slug":"excursion-privee-dune-journee-a-bruges-au-depart-de-paris","status":"publish","type":"product","link":"https:\/\/tourtravelandmore.com\/fr\/tours\/france-fr\/paris-fr\/best-sellers\/excursion-privee-dune-journee-a-bruges-au-depart-de-paris\/","title":{"rendered":"Excursion priv\u00e9e d&#8217;une journ\u00e9e \u00e0 Bruges au d\u00e9part de Paris"},"content":{"rendered":"<h2>Description<\/h2>\n<p><strong>Bruges,<\/strong> la <strong>Venise<\/strong> du <strong>Nord,<\/strong> est un site du patrimoine mondial de <strong>l&#8217;UNESCO<\/strong> depuis <strong>2000.<\/strong> Cette ville merveilleuse est remplie de canaux, d\u00e9tient un merveilleux centre m\u00e9di\u00e9val historique et une architecture merveilleuse. Bruges est l&#8217;une des villes europ\u00e9ennes les mieux pr\u00e9serv\u00e9es. Visitez cette ville merveilleuse avec un expert local avec notre <strong>visite priv\u00e9e<\/strong> de <strong>Paris<\/strong> \u00e0 <strong>Bruges.<\/strong><\/p>\n<p>Tout d&#8217;abord, votre chauffeur parlant anglais viendra vous chercher \u00e0 l&#8217;endroit souhait\u00e9 \u00e0 <strong>Paris.<\/strong> Apr\u00e8s cela, votre exp\u00e9rience priv\u00e9e d&#8217;une journ\u00e9e compl\u00e8te commencera. Vous partirez ensuite de Paris \u00e0 Bruges. Il faut environ 3 heures pour arriver \u00e0 <strong>Bruges.<\/strong> Une fois sur place, vous rencontrerez votre guide officiel priv\u00e9 pour une visite guid\u00e9e de 3 heures de <strong>Bruges.<\/strong> Avant ou apr\u00e8s votre visite, vous aurez du temps libre \u00e0 Bruges pour d\u00e9jeuner et vous promener. Apr\u00e8s cela, vous commencerez votre trajet de retour \u00e0 Paris.<\/p>\n<p>Tous nos circuits sont priv\u00e9s et personnalisables selon les d\u00e9sirs de nos clients. Contactez-nous et notre <strong>\u00e9quipe d&#8217;experts<\/strong> vous aidera \u00e0 organiser une exp\u00e9rience sur mesure.<\/p>\n<h2>Sites d&#8217;int\u00e9r\u00eat et points de rep\u00e8re<\/h2>\n<p>Le premier ch\u00e2teau de la ville de Bruges a \u00e9t\u00e9 construit par les <strong>premiers<\/strong> comtes de <strong>Flandre<\/strong> au 9\u00e8me si\u00e8cle contre les envahisseurs normands. C&#8217;\u00e9tait depuis lors un lieu de monopole pour la laine anglaise. Au <strong>XIIIe<\/strong> si\u00e8cle, la <strong>ville<\/strong> a <strong>r\u00e9sist\u00e9<\/strong> pour son <strong>ind\u00e9pendance<\/strong> \u00e0 une attaque fran\u00e7aise. Au <strong>15\u00e8me<\/strong> si\u00e8cle, l&#8217;estuaire s&#8217;est ensabl\u00e9 et a stopp\u00e9 l&#8217;essor \u00e9conomique de la ville. N\u00e9anmoins, la ville est toujours rest\u00e9e brillante dans son architecture et en tant que <strong>centre d&#8217;art.<\/strong> La <strong>construction<\/strong> du port de <strong>Zeebrugge<\/strong> et le d\u00e9coupage d&#8217;un canal de liaison (ouvert en <strong>1907)<\/strong> relancent les \u00e9changes et stimulent l&#8217;industrie et le tourisme.<\/p>\n<p>Aujourd&#8217;hui, Bruges est consid\u00e9r\u00e9e comme un mus\u00e9e \u00e0 ciel ouvert. Son centre historique a \u00e9t\u00e9 class\u00e9 par l&#8217;UNESCO comme site du patrimoine mondial, le consid\u00e9rant comme un exemple exceptionnel de colonie historique m\u00e9di\u00e9vale, qui a conserv\u00e9 son tissu historique au fil des si\u00e8cles, et o\u00f9 les constructions gothiques originales font partie de l&#8217;identit\u00e9 de la ville \u00a8. Vous vous prom\u00e8nerez dans le magnifique centre historique de Bruges avec un guide priv\u00e9 agr\u00e9\u00e9.<\/p>\n<p>Avant de quitter <strong>Bruges,<\/strong> vous ne pouvez pas manquer de visiter les nombreuses boutiques de <strong>chocolat<\/strong> de <strong>Bruges,<\/strong> un incontournable de cette ville unique! Il est \u00e9galement possible d&#8217;organiser une croisi\u00e8re dans les canaux de la ville au cas o\u00f9 vous seriez int\u00e9ress\u00e9.<\/p>\n<p>Lors de votre visite priv\u00e9e de Paris \u00e0 Bruges, vous aurez un chauffeur priv\u00e9 \u00e0 votre disposition pendant tout le tour. Vous rencontrerez votre guide directement \u00e0 <strong>Bruges<\/strong> pour une visite guid\u00e9e priv\u00e9e de 3 heures. En plus de votre chauffeur et guide, nous pouvons \u00e9galement organiser des billets coupe-file pour n&#8217;importe quel mus\u00e9e ou site historique.<\/p>\n<p>Toutes les visites que nous proposons sont priv\u00e9es, donc uniquement pour vous. Contactez-nous et notre \u00e9quipe d&#8217;experts vous aidera \u00e0 organiser une exp\u00e9rience priv\u00e9e \u00e0 Bruges. La dur\u00e9e de la visite et l&#8217;itin\u00e9raire sont ajustables en fonction de vos int\u00e9r\u00eats personnels.<\/p>\n<p>Si vous pr\u00e9f\u00e9rez, il est \u00e9galement possible d&#8217;organiser cette visite avec des billets de train au lieu d&#8217;un chauffeur priv\u00e9. Dans ce cas, nous pouvons organiser le transfert de votre h\u00f4tel \u00e0 Paris \u00e0 la gare et les billets de train. Notre guide vous attendra \u00e0 la gare de Bruges. La m\u00eame proc\u00e9dure serait organis\u00e9e pour le retour \u00e0 Paris.<\/p>\n","protected":false},"excerpt":{"rendered":"<p>Visitez Bruges et son merveilleux centre historique m\u00e9di\u00e9val lors d&#8217;une excursion priv\u00e9e d&#8217;une journ\u00e9e au d\u00e9part de Paris. Explorez cette ville merveilleuse avec un guide local agr\u00e9\u00e9 priv\u00e9. Votre chauffeur priv\u00e9 viendra vous chercher \u00e0 l&#8217;endroit souhait\u00e9 \u00e0 Paris.<\/p>\n","protected":false},"featured_media":97960,"comment_status":"open","ping_status":"closed","template":"","meta":{"_acf_changed":false},"product_brand":[],"product_cat":[3542,4202,4203,4204],"product_tag":[],"class_list":{"0":"post-99950","1":"product","2":"type-product","3":"status-publish","4":"has-post-thumbnail","6":"product_cat-paris-fr","7":"product_cat-best-sellers","8":"product_cat-all-private-tours-and-activities-fr-100","9":"product_cat-private-day-trips-fr-3","11":"first","12":"instock","13":"shipping-taxable","14":"purchasable","15":"product-type-simple"},"acf":[],"yoast_head":"<!-- This site is optimized with the Yoast SEO Premium plugin v25.3.1 (Yoast SEO v25.3.1) - https:\/\/yoast.com\/wordpress\/plugins\/seo\/ -->\n<title>Visite priv\u00e9e de Paris \u00e0 Bruges avec chauffeur priv\u00e9 et guide officiel<\/title>\n<meta name=\"description\" content=\"Visitez Bruges et son merveilleux centre historique m\u00e9di\u00e9val lors d&#039;une visite priv\u00e9e au d\u00e9part de Paris. Explorez cette ville merveilleuse avec un guide local agr\u00e9\u00e9 priv\u00e9.\" \/>\n<meta name=\"robots\" content=\"index, follow, max-snippet:-1, max-image-preview:large, max-video-preview:-1\" \/>\n<link rel=\"canonical\" href=\"https:\/\/tourtravelandmore.com\/fr\/tours\/france-fr\/paris-fr\/best-sellers\/excursion-privee-dune-journee-a-bruges-au-depart-de-paris\/\" \/>\n<meta property=\"og:locale\" content=\"fr_FR\" \/>\n<meta property=\"og:type\" content=\"article\" \/>\n<meta property=\"og:title\" content=\"Excursion priv\u00e9e d&#039;une journ\u00e9e \u00e0 Bruges au d\u00e9part de Paris\" \/>\n<meta property=\"og:description\" content=\"Visitez Bruges et son merveilleux centre historique m\u00e9di\u00e9val lors d&#039;une visite priv\u00e9e au d\u00e9part de Paris. Explorez cette ville merveilleuse avec un guide local agr\u00e9\u00e9 priv\u00e9.\" \/>\n<meta property=\"og:url\" content=\"https:\/\/tourtravelandmore.com\/fr\/tours\/france-fr\/paris-fr\/best-sellers\/excursion-privee-dune-journee-a-bruges-au-depart-de-paris\/\" \/>\n<meta property=\"og:site_name\" content=\"Tour Travel And More\" \/>\n<meta property=\"article:publisher\" content=\"https:\/\/www.facebook.com\/tourtravelandmore\/\" \/>\n<meta property=\"article:modified_time\" content=\"2024-08-06T14:56:47+00:00\" \/>\n<meta property=\"og:image\" content=\"https:\/\/tourtravelandmore.com\/wp-content\/uploads\/2018\/04\/bruges2-min.jpg\" \/>\n\t<meta property=\"og:image:width\" content=\"978\" \/>\n\t<meta property=\"og:image:height\" content=\"1024\" \/>\n\t<meta property=\"og:image:type\" content=\"image\/jpeg\" \/>\n<meta name=\"twitter:card\" content=\"summary_large_image\" \/>\n<meta name=\"twitter:site\" content=\"@TourTravel_More\" \/>\n<meta name=\"twitter:label1\" content=\"Dur\u00e9e de lecture estim\u00e9e\" \/>\n\t<meta name=\"twitter:data1\" content=\"3 minutes\" \/>\n<script type=\"application\/ld+json\" class=\"yoast-schema-graph\">{\"@context\":\"https:\/\/schema.org\",\"@graph\":[{\"@type\":\"WebPage\",\"@id\":\"https:\/\/tourtravelandmore.com\/fr\/tours\/france-fr\/paris-fr\/best-sellers\/excursion-privee-dune-journee-a-bruges-au-depart-de-paris\/\",\"url\":\"https:\/\/tourtravelandmore.com\/fr\/tours\/france-fr\/paris-fr\/best-sellers\/excursion-privee-dune-journee-a-bruges-au-depart-de-paris\/\",\"name\":\"Visite priv\u00e9e de Paris \u00e0 Bruges avec chauffeur priv\u00e9 et guide officiel\",\"isPartOf\":{\"@id\":\"https:\/\/tourtravelandmore.com\/fr\/#website\"},\"primaryImageOfPage\":{\"@id\":\"https:\/\/tourtravelandmore.com\/fr\/tours\/france-fr\/paris-fr\/best-sellers\/excursion-privee-dune-journee-a-bruges-au-depart-de-paris\/#primaryimage\"},\"image\":{\"@id\":\"https:\/\/tourtravelandmore.com\/fr\/tours\/france-fr\/paris-fr\/best-sellers\/excursion-privee-dune-journee-a-bruges-au-depart-de-paris\/#primaryimage\"},\"thumbnailUrl\":\"https:\/\/tourtravelandmore.com\/wp-content\/uploads\/2018\/04\/bruges2-min.jpg\",\"datePublished\":\"2018-04-12T14:07:56+00:00\",\"dateModified\":\"2024-08-06T14:56:47+00:00\",\"description\":\"Visitez Bruges et son merveilleux centre historique m\u00e9di\u00e9val lors d'une visite priv\u00e9e au d\u00e9part de Paris. Explorez cette ville merveilleuse avec un guide local agr\u00e9\u00e9 priv\u00e9.\",\"breadcrumb\":{\"@id\":\"https:\/\/tourtravelandmore.com\/fr\/tours\/france-fr\/paris-fr\/best-sellers\/excursion-privee-dune-journee-a-bruges-au-depart-de-paris\/#breadcrumb\"},\"inLanguage\":\"fr-FR\",\"potentialAction\":[{\"@type\":\"ReadAction\",\"target\":[\"https:\/\/tourtravelandmore.com\/fr\/tours\/france-fr\/paris-fr\/best-sellers\/excursion-privee-dune-journee-a-bruges-au-depart-de-paris\/\"]}]},{\"@type\":\"ImageObject\",\"inLanguage\":\"fr-FR\",\"@id\":\"https:\/\/tourtravelandmore.com\/fr\/tours\/france-fr\/paris-fr\/best-sellers\/excursion-privee-dune-journee-a-bruges-au-depart-de-paris\/#primaryimage\",\"url\":\"https:\/\/tourtravelandmore.com\/wp-content\/uploads\/2018\/04\/bruges2-min.jpg\",\"contentUrl\":\"https:\/\/tourtravelandmore.com\/wp-content\/uploads\/2018\/04\/bruges2-min.jpg\",\"width\":978,\"height\":1024},{\"@type\":\"BreadcrumbList\",\"@id\":\"https:\/\/tourtravelandmore.com\/fr\/tours\/france-fr\/paris-fr\/best-sellers\/excursion-privee-dune-journee-a-bruges-au-depart-de-paris\/#breadcrumb\",\"itemListElement\":[{\"@type\":\"ListItem\",\"position\":1,\"name\":\"Home\",\"item\":\"https:\/\/tourtravelandmore.com\/fr\/\"},{\"@type\":\"ListItem\",\"position\":2,\"name\":\"Tours\",\"item\":\"https:\/\/tourtravelandmore.com\/fr\/tours\/\"},{\"@type\":\"ListItem\",\"position\":3,\"name\":\"Excursion priv\u00e9e d&#8217;une journ\u00e9e \u00e0 Bruges au d\u00e9part de Paris\"}]},{\"@type\":\"WebSite\",\"@id\":\"https:\/\/tourtravelandmore.com\/fr\/#website\",\"url\":\"https:\/\/tourtravelandmore.com\/fr\/\",\"name\":\"Tour Travel And More\",\"description\":\"Private sightseeing tours and luxury transfers in Spain\",\"publisher\":{\"@id\":\"https:\/\/tourtravelandmore.com\/fr\/#organization\"},\"potentialAction\":[{\"@type\":\"SearchAction\",\"target\":{\"@type\":\"EntryPoint\",\"urlTemplate\":\"https:\/\/tourtravelandmore.com\/fr\/?s={search_term_string}\"},\"query-input\":{\"@type\":\"PropertyValueSpecification\",\"valueRequired\":true,\"valueName\":\"search_term_string\"}}],\"inLanguage\":\"fr-FR\"},{\"@type\":\"Organization\",\"@id\":\"https:\/\/tourtravelandmore.com\/fr\/#organization\",\"name\":\"Tour Travel And More\",\"url\":\"https:\/\/tourtravelandmore.com\/fr\/\",\"logo\":{\"@type\":\"ImageObject\",\"inLanguage\":\"fr-FR\",\"@id\":\"https:\/\/tourtravelandmore.com\/fr\/#\/schema\/logo\/image\/\",\"url\":\"https:\/\/tourtravelandmore.com\/wp-content\/uploads\/2022\/12\/cropped-logo-cabecera-new.png\",\"contentUrl\":\"https:\/\/tourtravelandmore.com\/wp-content\/uploads\/2022\/12\/cropped-logo-cabecera-new.png\",\"width\":430,\"height\":61,\"caption\":\"Tour Travel And More\"},\"image\":{\"@id\":\"https:\/\/tourtravelandmore.com\/fr\/#\/schema\/logo\/image\/\"},\"sameAs\":[\"https:\/\/www.facebook.com\/tourtravelandmore\/\",\"https:\/\/x.com\/TourTravel_More\"]}]}<\/script>\n<!-- \/ Yoast SEO Premium plugin. -->","yoast_head_json":{"title":"Visite priv\u00e9e de Paris \u00e0 Bruges avec chauffeur priv\u00e9 et guide officiel","description":"Visitez Bruges et son merveilleux centre historique m\u00e9di\u00e9val lors d'une visite priv\u00e9e au d\u00e9part de Paris. Explorez cette ville merveilleuse avec un guide local agr\u00e9\u00e9 priv\u00e9.","robots":{"index":"index","follow":"follow","max-snippet":"max-snippet:-1","max-image-preview":"max-image-preview:large","max-video-preview":"max-video-preview:-1"},"canonical":"https:\/\/tourtravelandmore.com\/fr\/tours\/france-fr\/paris-fr\/best-sellers\/excursion-privee-dune-journee-a-bruges-au-depart-de-paris\/","og_locale":"fr_FR","og_type":"article","og_title":"Excursion priv\u00e9e d'une journ\u00e9e \u00e0 Bruges au d\u00e9part de Paris","og_description":"Visitez Bruges et son merveilleux centre historique m\u00e9di\u00e9val lors d'une visite priv\u00e9e au d\u00e9part de Paris. Explorez cette ville merveilleuse avec un guide local agr\u00e9\u00e9 priv\u00e9.","og_url":"https:\/\/tourtravelandmore.com\/fr\/tours\/france-fr\/paris-fr\/best-sellers\/excursion-privee-dune-journee-a-bruges-au-depart-de-paris\/","og_site_name":"Tour Travel And More","article_publisher":"https:\/\/www.facebook.com\/tourtravelandmore\/","article_modified_time":"2024-08-06T14:56:47+00:00","og_image":[{"width":978,"height":1024,"url":"https:\/\/tourtravelandmore.com\/wp-content\/uploads\/2018\/04\/bruges2-min.jpg","type":"image\/jpeg"}],"twitter_card":"summary_large_image","twitter_site":"@TourTravel_More","twitter_misc":{"Dur\u00e9e de lecture estim\u00e9e":"3 minutes"},"schema":{"@context":"https:\/\/schema.org","@graph":[{"@type":"WebPage","@id":"https:\/\/tourtravelandmore.com\/fr\/tours\/france-fr\/paris-fr\/best-sellers\/excursion-privee-dune-journee-a-bruges-au-depart-de-paris\/","url":"https:\/\/tourtravelandmore.com\/fr\/tours\/france-fr\/paris-fr\/best-sellers\/excursion-privee-dune-journee-a-bruges-au-depart-de-paris\/","name":"Visite priv\u00e9e de Paris \u00e0 Bruges avec chauffeur priv\u00e9 et guide officiel","isPartOf":{"@id":"https:\/\/tourtravelandmore.com\/fr\/#website"},"primaryImageOfPage":{"@id":"https:\/\/tourtravelandmore.com\/fr\/tours\/france-fr\/paris-fr\/best-sellers\/excursion-privee-dune-journee-a-bruges-au-depart-de-paris\/#primaryimage"},"image":{"@id":"https:\/\/tourtravelandmore.com\/fr\/tours\/france-fr\/paris-fr\/best-sellers\/excursion-privee-dune-journee-a-bruges-au-depart-de-paris\/#primaryimage"},"thumbnailUrl":"https:\/\/tourtravelandmore.com\/wp-content\/uploads\/2018\/04\/bruges2-min.jpg","datePublished":"2018-04-12T14:07:56+00:00","dateModified":"2024-08-06T14:56:47+00:00","description":"Visitez Bruges et son merveilleux centre historique m\u00e9di\u00e9val lors d'une visite priv\u00e9e au d\u00e9part de Paris. Explorez cette ville merveilleuse avec un guide local agr\u00e9\u00e9 priv\u00e9.","breadcrumb":{"@id":"https:\/\/tourtravelandmore.com\/fr\/tours\/france-fr\/paris-fr\/best-sellers\/excursion-privee-dune-journee-a-bruges-au-depart-de-paris\/#breadcrumb"},"inLanguage":"fr-FR","potentialAction":[{"@type":"ReadAction","target":["https:\/\/tourtravelandmore.com\/fr\/tours\/france-fr\/paris-fr\/best-sellers\/excursion-privee-dune-journee-a-bruges-au-depart-de-paris\/"]}]},{"@type":"ImageObject","inLanguage":"fr-FR","@id":"https:\/\/tourtravelandmore.com\/fr\/tours\/france-fr\/paris-fr\/best-sellers\/excursion-privee-dune-journee-a-bruges-au-depart-de-paris\/#primaryimage","url":"https:\/\/tourtravelandmore.com\/wp-content\/uploads\/2018\/04\/bruges2-min.jpg","contentUrl":"https:\/\/tourtravelandmore.com\/wp-content\/uploads\/2018\/04\/bruges2-min.jpg","width":978,"height":1024},{"@type":"BreadcrumbList","@id":"https:\/\/tourtravelandmore.com\/fr\/tours\/france-fr\/paris-fr\/best-sellers\/excursion-privee-dune-journee-a-bruges-au-depart-de-paris\/#breadcrumb","itemListElement":[{"@type":"ListItem","position":1,"name":"Home","item":"https:\/\/tourtravelandmore.com\/fr\/"},{"@type":"ListItem","position":2,"name":"Tours","item":"https:\/\/tourtravelandmore.com\/fr\/tours\/"},{"@type":"ListItem","position":3,"name":"Excursion priv\u00e9e d&#8217;une journ\u00e9e \u00e0 Bruges au d\u00e9part de Paris"}]},{"@type":"WebSite","@id":"https:\/\/tourtravelandmore.com\/fr\/#website","url":"https:\/\/tourtravelandmore.com\/fr\/","name":"Tour Travel And More","description":"Private sightseeing tours and luxury transfers in Spain","publisher":{"@id":"https:\/\/tourtravelandmore.com\/fr\/#organization"},"potentialAction":[{"@type":"SearchAction","target":{"@type":"EntryPoint","urlTemplate":"https:\/\/tourtravelandmore.com\/fr\/?s={search_term_string}"},"query-input":{"@type":"PropertyValueSpecification","valueRequired":true,"valueName":"search_term_string"}}],"inLanguage":"fr-FR"},{"@type":"Organization","@id":"https:\/\/tourtravelandmore.com\/fr\/#organization","name":"Tour Travel And More","url":"https:\/\/tourtravelandmore.com\/fr\/","logo":{"@type":"ImageObject","inLanguage":"fr-FR","@id":"https:\/\/tourtravelandmore.com\/fr\/#\/schema\/logo\/image\/","url":"https:\/\/tourtravelandmore.com\/wp-content\/uploads\/2022\/12\/cropped-logo-cabecera-new.png","contentUrl":"https:\/\/tourtravelandmore.com\/wp-content\/uploads\/2022\/12\/cropped-logo-cabecera-new.png","width":430,"height":61,"caption":"Tour Travel And More"},"image":{"@id":"https:\/\/tourtravelandmore.com\/fr\/#\/schema\/logo\/image\/"},"sameAs":["https:\/\/www.facebook.com\/tourtravelandmore\/","https:\/\/x.com\/TourTravel_More"]}]}},"_links":{"self":[{"href":"https:\/\/tourtravelandmore.com\/fr\/wp-json\/wp\/v2\/product\/99950","targetHints":{"allow":["GET"]}}],"collection":[{"href":"https:\/\/tourtravelandmore.com\/fr\/wp-json\/wp\/v2\/product"}],"about":[{"href":"https:\/\/tourtravelandmore.com\/fr\/wp-json\/wp\/v2\/types\/product"}],"replies":[{"embeddable":true,"href":"https:\/\/tourtravelandmore.com\/fr\/wp-json\/wp\/v2\/comments?post=99950"}],"wp:featuredmedia":[{"embeddable":true,"href":"https:\/\/tourtravelandmore.com\/fr\/wp-json\/wp\/v2\/media\/97960"}],"wp:attachment":[{"href":"https:\/\/tourtravelandmore.com\/fr\/wp-json\/wp\/v2\/media?parent=99950"}],"wp:term":[{"taxonomy":"product_brand","embeddable":true,"href":"https:\/\/tourtravelandmore.com\/fr\/wp-json\/wp\/v2\/product_brand?post=99950"},{"taxonomy":"product_cat","embeddable":true,"href":"https:\/\/tourtravelandmore.com\/fr\/wp-json\/wp\/v2\/product_cat?post=99950"},{"taxonomy":"product_tag","embeddable":true,"href":"https:\/\/tourtravelandmore.com\/fr\/wp-json\/wp\/v2\/product_tag?post=99950"}],"curies":[{"name":"wp","href":"https:\/\/api.w.org\/{rel}","templated":true}]}}