{"id":99945,"date":"2019-08-14T19:36:53","date_gmt":"2019-08-14T17:36:53","guid":{"rendered":"https:\/\/tourtravelandmore.com\/tours\/non class\u00e9\/visite-privee-darcachon-et-margaux-au-depart-de-bordeaux\/"},"modified":"2019-08-14T19:36:53","modified_gmt":"2019-08-14T17:36:53","slug":"visite-privee-darcachon-et-margaux-au-depart-de-bordeaux","status":"publish","type":"product","link":"https:\/\/tourtravelandmore.com\/fr\/tours\/france-fr\/bordeaux-fr\/visite-privee-darcachon-et-margaux-au-depart-de-bordeaux\/","title":{"rendered":"Visite priv\u00e9e d&#8217;Arcachon et Margaux au d\u00e9part de Bordeaux"},"content":{"rendered":"<h2>Description<\/h2>\n<p>Faites notre tour priv\u00e9 d&#8217;Arcachon et Margaux au d\u00e9part de Bordeaux pour d\u00e9couvrir les sites uniques de ces lieux.<\/p>\n<p>Tout d&#8217;abord, nous organiserons une prise en charge confortable pour vous depuis Bordeaux. Nous pouvons organiser la prise en charge depuis n&#8217;importe quel endroit de la ville.<\/p>\n<p>Votre visite priv\u00e9e commence dans une ferme ostr\u00e9icole au Cap Ferret aux c\u00f4t\u00e9s de votre guide officiel priv\u00e9. Vous d\u00e9gusterez ses hu\u00eetres et ses vins \u00e0 l&#8217;excellente vue qu&#8217;offre la baie.<\/p>\n<p>Plus tard \u00e0 midi, nous d\u00e9jeunerons dans un bistrot et d\u00e9gusterons ses fruits de mer frais avec un verre de vin de ses nombreuses appellations.<\/p>\n<p>A 15H00, nous aurons une visite de d\u00e9gustation dans un domaine viticole de Margaux et une promenade dans ses vignobles pour une visite touristique.<\/p>\n<p>Votre chauffeur priv\u00e9 et guide vous ram\u00e8nera \u00e0 17H00 \u00e0 votre h\u00f4tel ou lieu de votre choix \u00e0 Bordeux.<\/p>\n<p>Vous pouvez prendre les meilleures photos quand vous le souhaitez tout au long de votre visite priv\u00e9e.<\/p>\n<h2>Sites d&#8217;int\u00e9r\u00eat et monuments<\/h2>\n<p>Tout d&#8217;abord, organisons une prise en charge priv\u00e9e depuis Bordeaux et nous nous dirigerons ensuite vers cette incroyable visite priv\u00e9e! Profitez de la belle r\u00e9gion comprenant des fermes ostr\u00e9icoles, une d\u00e9gustation dans une cave et bien plus encore.<\/p>\n<p>Vous d\u00e9couvrirez quelques-uns des sites les plus reconnus de la baie. Avec votre guide, nous assisterons \u00e0 la beaut\u00e9 naturelle des plages d&#8217;Arcachon. Parmi les sites que vous pouvez visiter, nous vous proposons:<\/p>\n<ul>\n<li>Dune du Pilat (Dune du Pyla)<\/li>\n<li>Parc Mauresque (Parc Mauresque)<\/li>\n<li>\u00cele aux Oiseaux (\u00eele aux Oiseaux)<\/li>\n<li>Observatoire Saint C\u00e9cile<\/li>\n<li>fermes \u00e0 hu\u00eetres<\/li>\n<li>Villages de p\u00eacheurs du Cap Ferret<\/li>\n<li>Beaucoup plus!<\/li>\n<\/ul>\n<p>Cette visite est enti\u00e8rement personnalisable. Veuillez nous contacter pour rendre votre exp\u00e9rience unique et vous aider \u00e0 organiser votre visite priv\u00e9e. Nous serions ravis de faire partie de votre exp\u00e9rience chez Tour Travel &amp; More.<\/p>\n<p>Nous vous reconduirons \u00e0 votre h\u00f4tel ou lieu de choix \u00e0 Bordeaux. C&#8217;est un grand tour priv\u00e9 d&#8217;Arcachon et de Margaux au d\u00e9part de Bordeaux.<\/p>\n<p>D\u00e9couvrez nos autres visites priv\u00e9es de la ville de Bordeaux!<\/p>\n","protected":false},"excerpt":{"rendered":"<p>Aventurez-vous pour profiter de cette visite priv\u00e9e totalement personnalis\u00e9e de 8 heures du bassin d&#8217;Arcachon et de Margaux, explorez ses plages et d\u00e9gustez les diff\u00e9rentes recettes de fruits de mer propos\u00e9es par ses restaurants. Lors de votre visite, votre guide officiel priv\u00e9 vous emm\u00e8nera \u00e0 la d\u00e9couverte des moindres recoins de la baie, en passant de l&#8217;Ile aux Oiseaux, de la Dune du Pilat et d\u00e9gustation de vins au Ch\u00e2teau Margaux en passant par le confort de votre v\u00e9hicule de luxe priv\u00e9 avec chauffeur.<\/p>\n","protected":false},"featured_media":96052,"comment_status":"open","ping_status":"closed","template":"","meta":{"_acf_changed":false},"product_brand":[],"product_cat":[3593],"product_tag":[],"class_list":{"0":"post-99945","1":"product","2":"type-product","3":"status-publish","4":"has-post-thumbnail","6":"product_cat-bordeaux-fr","8":"first","9":"instock","10":"shipping-taxable","11":"purchasable","12":"product-type-simple"},"acf":[],"yoast_head":"<!-- This site is optimized with the Yoast SEO Premium plugin v25.3.1 (Yoast SEO v25.3.1) - https:\/\/yoast.com\/wordpress\/plugins\/seo\/ -->\n<title>Visite priv\u00e9e d&#039;Arcachon et Margaux au d\u00e9part de Bordeaux avec guide<\/title>\n<meta name=\"description\" content=\"Explorez Arcachon et Margaux avec cette visite priv\u00e9e avec un guide local et un v\u00e9hicule priv\u00e9 avec chauffeur de la ville de Bordeaux\" \/>\n<meta name=\"robots\" content=\"index, follow, max-snippet:-1, max-image-preview:large, max-video-preview:-1\" \/>\n<link rel=\"canonical\" href=\"https:\/\/tourtravelandmore.com\/fr\/tours\/france-fr\/bordeaux-fr\/visite-privee-darcachon-et-margaux-au-depart-de-bordeaux\/\" \/>\n<meta property=\"og:locale\" content=\"fr_FR\" \/>\n<meta property=\"og:type\" content=\"article\" \/>\n<meta property=\"og:title\" content=\"Visite priv\u00e9e d&#039;Arcachon et Margaux au d\u00e9part de Bordeaux\" \/>\n<meta property=\"og:description\" content=\"Explorez Arcachon et Margaux avec cette visite priv\u00e9e avec un guide local et un v\u00e9hicule priv\u00e9 avec chauffeur de la ville de Bordeaux\" \/>\n<meta property=\"og:url\" content=\"https:\/\/tourtravelandmore.com\/fr\/tours\/france-fr\/bordeaux-fr\/visite-privee-darcachon-et-margaux-au-depart-de-bordeaux\/\" \/>\n<meta property=\"og:site_name\" content=\"Tour Travel And More\" \/>\n<meta property=\"article:publisher\" content=\"https:\/\/www.facebook.com\/tourtravelandmore\/\" \/>\n<meta property=\"og:image\" content=\"https:\/\/tourtravelandmore.com\/wp-content\/uploads\/2019\/08\/arcachon.jpg\" \/>\n\t<meta property=\"og:image:width\" content=\"1024\" \/>\n\t<meta property=\"og:image:height\" content=\"683\" \/>\n\t<meta property=\"og:image:type\" content=\"image\/jpeg\" \/>\n<meta name=\"twitter:card\" content=\"summary_large_image\" \/>\n<meta name=\"twitter:site\" content=\"@TourTravel_More\" \/>\n<meta name=\"twitter:label1\" content=\"Dur\u00e9e de lecture estim\u00e9e\" \/>\n\t<meta name=\"twitter:data1\" content=\"2 minutes\" \/>\n<script type=\"application\/ld+json\" class=\"yoast-schema-graph\">{\"@context\":\"https:\/\/schema.org\",\"@graph\":[{\"@type\":\"WebPage\",\"@id\":\"https:\/\/tourtravelandmore.com\/fr\/tours\/france-fr\/bordeaux-fr\/visite-privee-darcachon-et-margaux-au-depart-de-bordeaux\/\",\"url\":\"https:\/\/tourtravelandmore.com\/fr\/tours\/france-fr\/bordeaux-fr\/visite-privee-darcachon-et-margaux-au-depart-de-bordeaux\/\",\"name\":\"Visite priv\u00e9e d'Arcachon et Margaux au d\u00e9part de Bordeaux avec guide\",\"isPartOf\":{\"@id\":\"https:\/\/tourtravelandmore.com\/fr\/#website\"},\"primaryImageOfPage\":{\"@id\":\"https:\/\/tourtravelandmore.com\/fr\/tours\/france-fr\/bordeaux-fr\/visite-privee-darcachon-et-margaux-au-depart-de-bordeaux\/#primaryimage\"},\"image\":{\"@id\":\"https:\/\/tourtravelandmore.com\/fr\/tours\/france-fr\/bordeaux-fr\/visite-privee-darcachon-et-margaux-au-depart-de-bordeaux\/#primaryimage\"},\"thumbnailUrl\":\"https:\/\/tourtravelandmore.com\/wp-content\/uploads\/2019\/08\/arcachon.jpg\",\"datePublished\":\"2019-08-14T17:36:53+00:00\",\"description\":\"Explorez Arcachon et Margaux avec cette visite priv\u00e9e avec un guide local et un v\u00e9hicule priv\u00e9 avec chauffeur de la ville de Bordeaux\",\"breadcrumb\":{\"@id\":\"https:\/\/tourtravelandmore.com\/fr\/tours\/france-fr\/bordeaux-fr\/visite-privee-darcachon-et-margaux-au-depart-de-bordeaux\/#breadcrumb\"},\"inLanguage\":\"fr-FR\",\"potentialAction\":[{\"@type\":\"ReadAction\",\"target\":[\"https:\/\/tourtravelandmore.com\/fr\/tours\/france-fr\/bordeaux-fr\/visite-privee-darcachon-et-margaux-au-depart-de-bordeaux\/\"]}]},{\"@type\":\"ImageObject\",\"inLanguage\":\"fr-FR\",\"@id\":\"https:\/\/tourtravelandmore.com\/fr\/tours\/france-fr\/bordeaux-fr\/visite-privee-darcachon-et-margaux-au-depart-de-bordeaux\/#primaryimage\",\"url\":\"https:\/\/tourtravelandmore.com\/wp-content\/uploads\/2019\/08\/arcachon.jpg\",\"contentUrl\":\"https:\/\/tourtravelandmore.com\/wp-content\/uploads\/2019\/08\/arcachon.jpg\",\"width\":1024,\"height\":683},{\"@type\":\"BreadcrumbList\",\"@id\":\"https:\/\/tourtravelandmore.com\/fr\/tours\/france-fr\/bordeaux-fr\/visite-privee-darcachon-et-margaux-au-depart-de-bordeaux\/#breadcrumb\",\"itemListElement\":[{\"@type\":\"ListItem\",\"position\":1,\"name\":\"Home\",\"item\":\"https:\/\/tourtravelandmore.com\/fr\/\"},{\"@type\":\"ListItem\",\"position\":2,\"name\":\"Tours\",\"item\":\"https:\/\/tourtravelandmore.com\/fr\/tours\/\"},{\"@type\":\"ListItem\",\"position\":3,\"name\":\"Visite priv\u00e9e d&rsquo;Arcachon et Margaux au d\u00e9part de Bordeaux\"}]},{\"@type\":\"WebSite\",\"@id\":\"https:\/\/tourtravelandmore.com\/fr\/#website\",\"url\":\"https:\/\/tourtravelandmore.com\/fr\/\",\"name\":\"Tour Travel And More\",\"description\":\"Private sightseeing tours and luxury transfers in Spain\",\"publisher\":{\"@id\":\"https:\/\/tourtravelandmore.com\/fr\/#organization\"},\"potentialAction\":[{\"@type\":\"SearchAction\",\"target\":{\"@type\":\"EntryPoint\",\"urlTemplate\":\"https:\/\/tourtravelandmore.com\/fr\/?s={search_term_string}\"},\"query-input\":{\"@type\":\"PropertyValueSpecification\",\"valueRequired\":true,\"valueName\":\"search_term_string\"}}],\"inLanguage\":\"fr-FR\"},{\"@type\":\"Organization\",\"@id\":\"https:\/\/tourtravelandmore.com\/fr\/#organization\",\"name\":\"Tour Travel And More\",\"url\":\"https:\/\/tourtravelandmore.com\/fr\/\",\"logo\":{\"@type\":\"ImageObject\",\"inLanguage\":\"fr-FR\",\"@id\":\"https:\/\/tourtravelandmore.com\/fr\/#\/schema\/logo\/image\/\",\"url\":\"https:\/\/tourtravelandmore.com\/wp-content\/uploads\/2022\/12\/cropped-logo-cabecera-new.png\",\"contentUrl\":\"https:\/\/tourtravelandmore.com\/wp-content\/uploads\/2022\/12\/cropped-logo-cabecera-new.png\",\"width\":430,\"height\":61,\"caption\":\"Tour Travel And More\"},\"image\":{\"@id\":\"https:\/\/tourtravelandmore.com\/fr\/#\/schema\/logo\/image\/\"},\"sameAs\":[\"https:\/\/www.facebook.com\/tourtravelandmore\/\",\"https:\/\/x.com\/TourTravel_More\"]}]}<\/script>\n<!-- \/ Yoast SEO Premium plugin. -->","yoast_head_json":{"title":"Visite priv\u00e9e d'Arcachon et Margaux au d\u00e9part de Bordeaux avec guide","description":"Explorez Arcachon et Margaux avec cette visite priv\u00e9e avec un guide local et un v\u00e9hicule priv\u00e9 avec chauffeur de la ville de Bordeaux","robots":{"index":"index","follow":"follow","max-snippet":"max-snippet:-1","max-image-preview":"max-image-preview:large","max-video-preview":"max-video-preview:-1"},"canonical":"https:\/\/tourtravelandmore.com\/fr\/tours\/france-fr\/bordeaux-fr\/visite-privee-darcachon-et-margaux-au-depart-de-bordeaux\/","og_locale":"fr_FR","og_type":"article","og_title":"Visite priv\u00e9e d'Arcachon et Margaux au d\u00e9part de Bordeaux","og_description":"Explorez Arcachon et Margaux avec cette visite priv\u00e9e avec un guide local et un v\u00e9hicule priv\u00e9 avec chauffeur de la ville de Bordeaux","og_url":"https:\/\/tourtravelandmore.com\/fr\/tours\/france-fr\/bordeaux-fr\/visite-privee-darcachon-et-margaux-au-depart-de-bordeaux\/","og_site_name":"Tour Travel And More","article_publisher":"https:\/\/www.facebook.com\/tourtravelandmore\/","og_image":[{"width":1024,"height":683,"url":"https:\/\/tourtravelandmore.com\/wp-content\/uploads\/2019\/08\/arcachon.jpg","type":"image\/jpeg"}],"twitter_card":"summary_large_image","twitter_site":"@TourTravel_More","twitter_misc":{"Dur\u00e9e de lecture estim\u00e9e":"2 minutes"},"schema":{"@context":"https:\/\/schema.org","@graph":[{"@type":"WebPage","@id":"https:\/\/tourtravelandmore.com\/fr\/tours\/france-fr\/bordeaux-fr\/visite-privee-darcachon-et-margaux-au-depart-de-bordeaux\/","url":"https:\/\/tourtravelandmore.com\/fr\/tours\/france-fr\/bordeaux-fr\/visite-privee-darcachon-et-margaux-au-depart-de-bordeaux\/","name":"Visite priv\u00e9e d'Arcachon et Margaux au d\u00e9part de Bordeaux avec guide","isPartOf":{"@id":"https:\/\/tourtravelandmore.com\/fr\/#website"},"primaryImageOfPage":{"@id":"https:\/\/tourtravelandmore.com\/fr\/tours\/france-fr\/bordeaux-fr\/visite-privee-darcachon-et-margaux-au-depart-de-bordeaux\/#primaryimage"},"image":{"@id":"https:\/\/tourtravelandmore.com\/fr\/tours\/france-fr\/bordeaux-fr\/visite-privee-darcachon-et-margaux-au-depart-de-bordeaux\/#primaryimage"},"thumbnailUrl":"https:\/\/tourtravelandmore.com\/wp-content\/uploads\/2019\/08\/arcachon.jpg","datePublished":"2019-08-14T17:36:53+00:00","description":"Explorez Arcachon et Margaux avec cette visite priv\u00e9e avec un guide local et un v\u00e9hicule priv\u00e9 avec chauffeur de la ville de Bordeaux","breadcrumb":{"@id":"https:\/\/tourtravelandmore.com\/fr\/tours\/france-fr\/bordeaux-fr\/visite-privee-darcachon-et-margaux-au-depart-de-bordeaux\/#breadcrumb"},"inLanguage":"fr-FR","potentialAction":[{"@type":"ReadAction","target":["https:\/\/tourtravelandmore.com\/fr\/tours\/france-fr\/bordeaux-fr\/visite-privee-darcachon-et-margaux-au-depart-de-bordeaux\/"]}]},{"@type":"ImageObject","inLanguage":"fr-FR","@id":"https:\/\/tourtravelandmore.com\/fr\/tours\/france-fr\/bordeaux-fr\/visite-privee-darcachon-et-margaux-au-depart-de-bordeaux\/#primaryimage","url":"https:\/\/tourtravelandmore.com\/wp-content\/uploads\/2019\/08\/arcachon.jpg","contentUrl":"https:\/\/tourtravelandmore.com\/wp-content\/uploads\/2019\/08\/arcachon.jpg","width":1024,"height":683},{"@type":"BreadcrumbList","@id":"https:\/\/tourtravelandmore.com\/fr\/tours\/france-fr\/bordeaux-fr\/visite-privee-darcachon-et-margaux-au-depart-de-bordeaux\/#breadcrumb","itemListElement":[{"@type":"ListItem","position":1,"name":"Home","item":"https:\/\/tourtravelandmore.com\/fr\/"},{"@type":"ListItem","position":2,"name":"Tours","item":"https:\/\/tourtravelandmore.com\/fr\/tours\/"},{"@type":"ListItem","position":3,"name":"Visite priv\u00e9e d&rsquo;Arcachon et Margaux au d\u00e9part de Bordeaux"}]},{"@type":"WebSite","@id":"https:\/\/tourtravelandmore.com\/fr\/#website","url":"https:\/\/tourtravelandmore.com\/fr\/","name":"Tour Travel And More","description":"Private sightseeing tours and luxury transfers in Spain","publisher":{"@id":"https:\/\/tourtravelandmore.com\/fr\/#organization"},"potentialAction":[{"@type":"SearchAction","target":{"@type":"EntryPoint","urlTemplate":"https:\/\/tourtravelandmore.com\/fr\/?s={search_term_string}"},"query-input":{"@type":"PropertyValueSpecification","valueRequired":true,"valueName":"search_term_string"}}],"inLanguage":"fr-FR"},{"@type":"Organization","@id":"https:\/\/tourtravelandmore.com\/fr\/#organization","name":"Tour Travel And More","url":"https:\/\/tourtravelandmore.com\/fr\/","logo":{"@type":"ImageObject","inLanguage":"fr-FR","@id":"https:\/\/tourtravelandmore.com\/fr\/#\/schema\/logo\/image\/","url":"https:\/\/tourtravelandmore.com\/wp-content\/uploads\/2022\/12\/cropped-logo-cabecera-new.png","contentUrl":"https:\/\/tourtravelandmore.com\/wp-content\/uploads\/2022\/12\/cropped-logo-cabecera-new.png","width":430,"height":61,"caption":"Tour Travel And More"},"image":{"@id":"https:\/\/tourtravelandmore.com\/fr\/#\/schema\/logo\/image\/"},"sameAs":["https:\/\/www.facebook.com\/tourtravelandmore\/","https:\/\/x.com\/TourTravel_More"]}]}},"_links":{"self":[{"href":"https:\/\/tourtravelandmore.com\/fr\/wp-json\/wp\/v2\/product\/99945","targetHints":{"allow":["GET"]}}],"collection":[{"href":"https:\/\/tourtravelandmore.com\/fr\/wp-json\/wp\/v2\/product"}],"about":[{"href":"https:\/\/tourtravelandmore.com\/fr\/wp-json\/wp\/v2\/types\/product"}],"replies":[{"embeddable":true,"href":"https:\/\/tourtravelandmore.com\/fr\/wp-json\/wp\/v2\/comments?post=99945"}],"wp:featuredmedia":[{"embeddable":true,"href":"https:\/\/tourtravelandmore.com\/fr\/wp-json\/wp\/v2\/media\/96052"}],"wp:attachment":[{"href":"https:\/\/tourtravelandmore.com\/fr\/wp-json\/wp\/v2\/media?parent=99945"}],"wp:term":[{"taxonomy":"product_brand","embeddable":true,"href":"https:\/\/tourtravelandmore.com\/fr\/wp-json\/wp\/v2\/product_brand?post=99945"},{"taxonomy":"product_cat","embeddable":true,"href":"https:\/\/tourtravelandmore.com\/fr\/wp-json\/wp\/v2\/product_cat?post=99945"},{"taxonomy":"product_tag","embeddable":true,"href":"https:\/\/tourtravelandmore.com\/fr\/wp-json\/wp\/v2\/product_tag?post=99945"}],"curies":[{"name":"wp","href":"https:\/\/api.w.org\/{rel}","templated":true}]}}