{"id":99944,"date":"2019-08-14T15:33:15","date_gmt":"2019-08-14T13:33:15","guid":{"rendered":"https:\/\/tourtravelandmore.com\/tours\/non class\u00e9\/transfert-prive-a-bordeaux\/"},"modified":"2019-08-14T15:33:15","modified_gmt":"2019-08-14T13:33:15","slug":"transfert-prive-a-bordeaux","status":"publish","type":"product","link":"https:\/\/tourtravelandmore.com\/fr\/tours\/france-fr\/bordeaux-fr\/transfert-prive-a-bordeaux\/","title":{"rendered":"Transfert priv\u00e9 \u00e0 Bordeaux"},"content":{"rendered":"<h2>Description<\/h2>\n<p>Nous nous effor\u00e7ons de vous offrir le meilleur service de transfert vers votre destination \u00e0 Bordeaux avec notre flotte de v\u00e9hicules de luxe priv\u00e9s et de minivans. Dans Tour Travel and More, nous proposons \u00e9galement des transferts pour de plus grands groupes de personnes, o\u00f9 simplement en nous contactant, nous pouvons fournir le meilleur service de logistique et de transport.<\/p>\n<p>Au pr\u00e9alable, nous avons besoin d&#8217;une heure de confirmation de votre arriv\u00e9e de 48 \u00e0 24 heures. Ceci est n\u00e9cessaire pour vous fournir un service de transfert parfait. \u00c0 votre arriv\u00e9e \u00e0 l&#8217;a\u00e9roport, le personnel vous attendra avec une pancarte avec votre nom. Ce sera au terminal des arriv\u00e9es. Lors du transfert dans le confort de votre v\u00e9hicule de luxe priv\u00e9, vous appr\u00e9cierez une vue imprenable sur la ville de Bordeaux et ses environs. Vous pouvez nous contacter si vous avez besoin d&#8217;un si\u00e8ge b\u00e9b\u00e9 ou d&#8217;un si\u00e8ge enfant afin d&#8217;offrir le meilleur confort \u00e0 vos proches.<\/p>\n<h2>Sites d&#8217;int\u00e9r\u00eat et monuments<\/h2>\n<p>Bordeaux, \u00e9galement connu sous le nom de \u00abport de la Lune\u00bb, est situ\u00e9 pr\u00e8s de la c\u00f4te atlantique. C&#8217;est dans le sud-ouest de la France. La ville est entour\u00e9e par la Garonne. Entre ses principales attractions, les plus importantes sont la place des Quinconces. Elle est consid\u00e9r\u00e9e comme la plus grande place de France. Un autre est le pont Jacques Chaban-Delmas, le plus long pont levant vertical d&#8217;Europe. L&#8217;agence europ\u00e9enne d&#8217;assurance voyage Globelink International Travel Insurance Consultants a estim\u00e9 la ville comme la meilleure destination touristique du continent pour 2015. La ville abrite les plus prestigieux producteurs de vin au monde, produisant des vins rouges et blancs.<\/p>\n<p>Ne manquez pas nos autres exp\u00e9riences priv\u00e9es \u00e0 Bordeaux. Nous proposons tout type de visites priv\u00e9es pour vous dans n&#8217;importe quelle ville!<\/p>\n","protected":false},"excerpt":{"rendered":"<p>Nous vous offrons la possibilit\u00e9 d&#8217;atteindre votre destination \u00e0 Bordeaux gr\u00e2ce \u00e0 nos transferts priv\u00e9s, en profitant du confort de votre v\u00e9hicule de luxe priv\u00e9 avec chauffeur pour atteindre rapidement et confortablement votre destin. Votre chauffeur priv\u00e9 peut venir vous chercher \u00e0 votre h\u00f4tel, a\u00e9roport, port ou depuis n&#8217;importe quel endroit de la ville de Bordeaux.<\/p>\n","protected":false},"featured_media":93543,"comment_status":"open","ping_status":"closed","template":"","meta":{"_acf_changed":false},"product_brand":[],"product_cat":[3593],"product_tag":[],"class_list":{"0":"post-99944","1":"product","2":"type-product","3":"status-publish","4":"has-post-thumbnail","6":"product_cat-bordeaux-fr","8":"first","9":"instock","10":"shipping-taxable","11":"purchasable","12":"product-type-simple"},"acf":[],"yoast_head":"<!-- This site is optimized with the Yoast SEO Premium plugin v25.3.1 (Yoast SEO v25.3.1) - https:\/\/yoast.com\/wordpress\/plugins\/seo\/ -->\n<title>Transfert priv\u00e9 de Bordeaux depuis \/ vers l&#039;a\u00e9roport vers n&#039;importe quelle ville de Bordeaux<\/title>\n<meta name=\"description\" content=\"Avec notre transfert priv\u00e9 Bordeaux, nous vous offrons la possibilit\u00e9 de rejoindre n&#039;importe quelle destination de la ville en profitant du confort de votre v\u00e9hicule de luxe priv\u00e9\" \/>\n<meta name=\"robots\" content=\"index, follow, max-snippet:-1, max-image-preview:large, max-video-preview:-1\" \/>\n<link rel=\"canonical\" href=\"https:\/\/tourtravelandmore.com\/fr\/tours\/france-fr\/bordeaux-fr\/transfert-prive-a-bordeaux\/\" \/>\n<meta property=\"og:locale\" content=\"fr_FR\" \/>\n<meta property=\"og:type\" content=\"article\" \/>\n<meta property=\"og:title\" content=\"Transfert priv\u00e9 \u00e0 Bordeaux\" \/>\n<meta property=\"og:description\" content=\"Avec notre transfert priv\u00e9 Bordeaux, nous vous offrons la possibilit\u00e9 de rejoindre n&#039;importe quelle destination de la ville en profitant du confort de votre v\u00e9hicule de luxe priv\u00e9\" \/>\n<meta property=\"og:url\" content=\"https:\/\/tourtravelandmore.com\/fr\/tours\/france-fr\/bordeaux-fr\/transfert-prive-a-bordeaux\/\" \/>\n<meta property=\"og:site_name\" content=\"Tour Travel And More\" \/>\n<meta property=\"article:publisher\" content=\"https:\/\/www.facebook.com\/tourtravelandmore\/\" \/>\n<meta property=\"og:image\" content=\"https:\/\/tourtravelandmore.com\/wp-content\/uploads\/2016\/10\/transfer-port-barcelonajpg.jpg\" \/>\n\t<meta property=\"og:image:width\" content=\"955\" \/>\n\t<meta property=\"og:image:height\" content=\"523\" \/>\n\t<meta property=\"og:image:type\" content=\"image\/jpeg\" \/>\n<meta name=\"twitter:card\" content=\"summary_large_image\" \/>\n<meta name=\"twitter:site\" content=\"@TourTravel_More\" \/>\n<meta name=\"twitter:label1\" content=\"Dur\u00e9e de lecture estim\u00e9e\" \/>\n\t<meta name=\"twitter:data1\" content=\"2 minutes\" \/>\n<script type=\"application\/ld+json\" class=\"yoast-schema-graph\">{\"@context\":\"https:\/\/schema.org\",\"@graph\":[{\"@type\":\"WebPage\",\"@id\":\"https:\/\/tourtravelandmore.com\/fr\/tours\/france-fr\/bordeaux-fr\/transfert-prive-a-bordeaux\/\",\"url\":\"https:\/\/tourtravelandmore.com\/fr\/tours\/france-fr\/bordeaux-fr\/transfert-prive-a-bordeaux\/\",\"name\":\"Transfert priv\u00e9 de Bordeaux depuis \/ vers l'a\u00e9roport vers n'importe quelle ville de Bordeaux\",\"isPartOf\":{\"@id\":\"https:\/\/tourtravelandmore.com\/fr\/#website\"},\"primaryImageOfPage\":{\"@id\":\"https:\/\/tourtravelandmore.com\/fr\/tours\/france-fr\/bordeaux-fr\/transfert-prive-a-bordeaux\/#primaryimage\"},\"image\":{\"@id\":\"https:\/\/tourtravelandmore.com\/fr\/tours\/france-fr\/bordeaux-fr\/transfert-prive-a-bordeaux\/#primaryimage\"},\"thumbnailUrl\":\"https:\/\/tourtravelandmore.com\/wp-content\/uploads\/2016\/10\/transfer-port-barcelonajpg.jpg\",\"datePublished\":\"2019-08-14T13:33:15+00:00\",\"description\":\"Avec notre transfert priv\u00e9 Bordeaux, nous vous offrons la possibilit\u00e9 de rejoindre n'importe quelle destination de la ville en profitant du confort de votre v\u00e9hicule de luxe priv\u00e9\",\"breadcrumb\":{\"@id\":\"https:\/\/tourtravelandmore.com\/fr\/tours\/france-fr\/bordeaux-fr\/transfert-prive-a-bordeaux\/#breadcrumb\"},\"inLanguage\":\"fr-FR\",\"potentialAction\":[{\"@type\":\"ReadAction\",\"target\":[\"https:\/\/tourtravelandmore.com\/fr\/tours\/france-fr\/bordeaux-fr\/transfert-prive-a-bordeaux\/\"]}]},{\"@type\":\"ImageObject\",\"inLanguage\":\"fr-FR\",\"@id\":\"https:\/\/tourtravelandmore.com\/fr\/tours\/france-fr\/bordeaux-fr\/transfert-prive-a-bordeaux\/#primaryimage\",\"url\":\"https:\/\/tourtravelandmore.com\/wp-content\/uploads\/2016\/10\/transfer-port-barcelonajpg.jpg\",\"contentUrl\":\"https:\/\/tourtravelandmore.com\/wp-content\/uploads\/2016\/10\/transfer-port-barcelonajpg.jpg\",\"width\":955,\"height\":523,\"caption\":\"Private Transfer\"},{\"@type\":\"BreadcrumbList\",\"@id\":\"https:\/\/tourtravelandmore.com\/fr\/tours\/france-fr\/bordeaux-fr\/transfert-prive-a-bordeaux\/#breadcrumb\",\"itemListElement\":[{\"@type\":\"ListItem\",\"position\":1,\"name\":\"Home\",\"item\":\"https:\/\/tourtravelandmore.com\/fr\/\"},{\"@type\":\"ListItem\",\"position\":2,\"name\":\"Tours\",\"item\":\"https:\/\/tourtravelandmore.com\/fr\/tours\/\"},{\"@type\":\"ListItem\",\"position\":3,\"name\":\"Transfert priv\u00e9 \u00e0 Bordeaux\"}]},{\"@type\":\"WebSite\",\"@id\":\"https:\/\/tourtravelandmore.com\/fr\/#website\",\"url\":\"https:\/\/tourtravelandmore.com\/fr\/\",\"name\":\"Tour Travel And More\",\"description\":\"Private sightseeing tours and luxury transfers in Spain\",\"publisher\":{\"@id\":\"https:\/\/tourtravelandmore.com\/fr\/#organization\"},\"potentialAction\":[{\"@type\":\"SearchAction\",\"target\":{\"@type\":\"EntryPoint\",\"urlTemplate\":\"https:\/\/tourtravelandmore.com\/fr\/?s={search_term_string}\"},\"query-input\":{\"@type\":\"PropertyValueSpecification\",\"valueRequired\":true,\"valueName\":\"search_term_string\"}}],\"inLanguage\":\"fr-FR\"},{\"@type\":\"Organization\",\"@id\":\"https:\/\/tourtravelandmore.com\/fr\/#organization\",\"name\":\"Tour Travel And More\",\"url\":\"https:\/\/tourtravelandmore.com\/fr\/\",\"logo\":{\"@type\":\"ImageObject\",\"inLanguage\":\"fr-FR\",\"@id\":\"https:\/\/tourtravelandmore.com\/fr\/#\/schema\/logo\/image\/\",\"url\":\"https:\/\/tourtravelandmore.com\/wp-content\/uploads\/2022\/12\/cropped-logo-cabecera-new.png\",\"contentUrl\":\"https:\/\/tourtravelandmore.com\/wp-content\/uploads\/2022\/12\/cropped-logo-cabecera-new.png\",\"width\":430,\"height\":61,\"caption\":\"Tour Travel And More\"},\"image\":{\"@id\":\"https:\/\/tourtravelandmore.com\/fr\/#\/schema\/logo\/image\/\"},\"sameAs\":[\"https:\/\/www.facebook.com\/tourtravelandmore\/\",\"https:\/\/x.com\/TourTravel_More\"]}]}<\/script>\n<!-- \/ Yoast SEO Premium plugin. -->","yoast_head_json":{"title":"Transfert priv\u00e9 de Bordeaux depuis \/ vers l'a\u00e9roport vers n'importe quelle ville de Bordeaux","description":"Avec notre transfert priv\u00e9 Bordeaux, nous vous offrons la possibilit\u00e9 de rejoindre n'importe quelle destination de la ville en profitant du confort de votre v\u00e9hicule de luxe priv\u00e9","robots":{"index":"index","follow":"follow","max-snippet":"max-snippet:-1","max-image-preview":"max-image-preview:large","max-video-preview":"max-video-preview:-1"},"canonical":"https:\/\/tourtravelandmore.com\/fr\/tours\/france-fr\/bordeaux-fr\/transfert-prive-a-bordeaux\/","og_locale":"fr_FR","og_type":"article","og_title":"Transfert priv\u00e9 \u00e0 Bordeaux","og_description":"Avec notre transfert priv\u00e9 Bordeaux, nous vous offrons la possibilit\u00e9 de rejoindre n'importe quelle destination de la ville en profitant du confort de votre v\u00e9hicule de luxe priv\u00e9","og_url":"https:\/\/tourtravelandmore.com\/fr\/tours\/france-fr\/bordeaux-fr\/transfert-prive-a-bordeaux\/","og_site_name":"Tour Travel And More","article_publisher":"https:\/\/www.facebook.com\/tourtravelandmore\/","og_image":[{"width":955,"height":523,"url":"https:\/\/tourtravelandmore.com\/wp-content\/uploads\/2016\/10\/transfer-port-barcelonajpg.jpg","type":"image\/jpeg"}],"twitter_card":"summary_large_image","twitter_site":"@TourTravel_More","twitter_misc":{"Dur\u00e9e de lecture estim\u00e9e":"2 minutes"},"schema":{"@context":"https:\/\/schema.org","@graph":[{"@type":"WebPage","@id":"https:\/\/tourtravelandmore.com\/fr\/tours\/france-fr\/bordeaux-fr\/transfert-prive-a-bordeaux\/","url":"https:\/\/tourtravelandmore.com\/fr\/tours\/france-fr\/bordeaux-fr\/transfert-prive-a-bordeaux\/","name":"Transfert priv\u00e9 de Bordeaux depuis \/ vers l'a\u00e9roport vers n'importe quelle ville de Bordeaux","isPartOf":{"@id":"https:\/\/tourtravelandmore.com\/fr\/#website"},"primaryImageOfPage":{"@id":"https:\/\/tourtravelandmore.com\/fr\/tours\/france-fr\/bordeaux-fr\/transfert-prive-a-bordeaux\/#primaryimage"},"image":{"@id":"https:\/\/tourtravelandmore.com\/fr\/tours\/france-fr\/bordeaux-fr\/transfert-prive-a-bordeaux\/#primaryimage"},"thumbnailUrl":"https:\/\/tourtravelandmore.com\/wp-content\/uploads\/2016\/10\/transfer-port-barcelonajpg.jpg","datePublished":"2019-08-14T13:33:15+00:00","description":"Avec notre transfert priv\u00e9 Bordeaux, nous vous offrons la possibilit\u00e9 de rejoindre n'importe quelle destination de la ville en profitant du confort de votre v\u00e9hicule de luxe priv\u00e9","breadcrumb":{"@id":"https:\/\/tourtravelandmore.com\/fr\/tours\/france-fr\/bordeaux-fr\/transfert-prive-a-bordeaux\/#breadcrumb"},"inLanguage":"fr-FR","potentialAction":[{"@type":"ReadAction","target":["https:\/\/tourtravelandmore.com\/fr\/tours\/france-fr\/bordeaux-fr\/transfert-prive-a-bordeaux\/"]}]},{"@type":"ImageObject","inLanguage":"fr-FR","@id":"https:\/\/tourtravelandmore.com\/fr\/tours\/france-fr\/bordeaux-fr\/transfert-prive-a-bordeaux\/#primaryimage","url":"https:\/\/tourtravelandmore.com\/wp-content\/uploads\/2016\/10\/transfer-port-barcelonajpg.jpg","contentUrl":"https:\/\/tourtravelandmore.com\/wp-content\/uploads\/2016\/10\/transfer-port-barcelonajpg.jpg","width":955,"height":523,"caption":"Private Transfer"},{"@type":"BreadcrumbList","@id":"https:\/\/tourtravelandmore.com\/fr\/tours\/france-fr\/bordeaux-fr\/transfert-prive-a-bordeaux\/#breadcrumb","itemListElement":[{"@type":"ListItem","position":1,"name":"Home","item":"https:\/\/tourtravelandmore.com\/fr\/"},{"@type":"ListItem","position":2,"name":"Tours","item":"https:\/\/tourtravelandmore.com\/fr\/tours\/"},{"@type":"ListItem","position":3,"name":"Transfert priv\u00e9 \u00e0 Bordeaux"}]},{"@type":"WebSite","@id":"https:\/\/tourtravelandmore.com\/fr\/#website","url":"https:\/\/tourtravelandmore.com\/fr\/","name":"Tour Travel And More","description":"Private sightseeing tours and luxury transfers in Spain","publisher":{"@id":"https:\/\/tourtravelandmore.com\/fr\/#organization"},"potentialAction":[{"@type":"SearchAction","target":{"@type":"EntryPoint","urlTemplate":"https:\/\/tourtravelandmore.com\/fr\/?s={search_term_string}"},"query-input":{"@type":"PropertyValueSpecification","valueRequired":true,"valueName":"search_term_string"}}],"inLanguage":"fr-FR"},{"@type":"Organization","@id":"https:\/\/tourtravelandmore.com\/fr\/#organization","name":"Tour Travel And More","url":"https:\/\/tourtravelandmore.com\/fr\/","logo":{"@type":"ImageObject","inLanguage":"fr-FR","@id":"https:\/\/tourtravelandmore.com\/fr\/#\/schema\/logo\/image\/","url":"https:\/\/tourtravelandmore.com\/wp-content\/uploads\/2022\/12\/cropped-logo-cabecera-new.png","contentUrl":"https:\/\/tourtravelandmore.com\/wp-content\/uploads\/2022\/12\/cropped-logo-cabecera-new.png","width":430,"height":61,"caption":"Tour Travel And More"},"image":{"@id":"https:\/\/tourtravelandmore.com\/fr\/#\/schema\/logo\/image\/"},"sameAs":["https:\/\/www.facebook.com\/tourtravelandmore\/","https:\/\/x.com\/TourTravel_More"]}]}},"_links":{"self":[{"href":"https:\/\/tourtravelandmore.com\/fr\/wp-json\/wp\/v2\/product\/99944","targetHints":{"allow":["GET"]}}],"collection":[{"href":"https:\/\/tourtravelandmore.com\/fr\/wp-json\/wp\/v2\/product"}],"about":[{"href":"https:\/\/tourtravelandmore.com\/fr\/wp-json\/wp\/v2\/types\/product"}],"replies":[{"embeddable":true,"href":"https:\/\/tourtravelandmore.com\/fr\/wp-json\/wp\/v2\/comments?post=99944"}],"wp:featuredmedia":[{"embeddable":true,"href":"https:\/\/tourtravelandmore.com\/fr\/wp-json\/wp\/v2\/media\/93543"}],"wp:attachment":[{"href":"https:\/\/tourtravelandmore.com\/fr\/wp-json\/wp\/v2\/media?parent=99944"}],"wp:term":[{"taxonomy":"product_brand","embeddable":true,"href":"https:\/\/tourtravelandmore.com\/fr\/wp-json\/wp\/v2\/product_brand?post=99944"},{"taxonomy":"product_cat","embeddable":true,"href":"https:\/\/tourtravelandmore.com\/fr\/wp-json\/wp\/v2\/product_cat?post=99944"},{"taxonomy":"product_tag","embeddable":true,"href":"https:\/\/tourtravelandmore.com\/fr\/wp-json\/wp\/v2\/product_tag?post=99944"}],"curies":[{"name":"wp","href":"https:\/\/api.w.org\/{rel}","templated":true}]}}