{"id":99939,"date":"2019-08-14T14:54:23","date_gmt":"2019-08-14T12:54:23","guid":{"rendered":"https:\/\/tourtravelandmore.com\/tours\/non class\u00e9\/visite-privee-du-bassin-darcachon\/"},"modified":"2019-08-14T14:54:23","modified_gmt":"2019-08-14T12:54:23","slug":"visite-privee-du-bassin-darcachon","status":"publish","type":"product","link":"https:\/\/tourtravelandmore.com\/fr\/tours\/france-fr\/bordeaux-fr\/visite-privee-du-bassin-darcachon\/","title":{"rendered":"Visite priv\u00e9e du bassin d&#8217;Arcachon"},"content":{"rendered":"<h2>Description<\/h2>\n<p>Votre visite priv\u00e9e du bassin d&#8217;Arcachon commence dans la c\u00e9l\u00e8bre et reconnue Dune du Pilat (Dune du Pyla) aux c\u00f4t\u00e9s de votre guide officiel priv\u00e9 qui se fera un plaisir de vous montrer les sports pratiqu\u00e9s ici, ainsi que les meilleurs endroits o\u00f9 vous pourrez prendre les meilleures photos \u00e0 tout moment que vous souhaitez tout au long de votre visite priv\u00e9e.<\/p>\n<p>Nous organiserons une prise en charge priv\u00e9e pour vous et nous nous dirigerons vers ce lieu unique du bassin d&#8217;Arcachon. La prise en charge se fera depuis votre h\u00f4tel ou lieu de votre choix \u00e0 Bordeaux. Votre chauffeur et votre guide vous attendront pour commencer cette visite priv\u00e9e.<\/p>\n<p>Cette visite priv\u00e9e vous m\u00e8nera aux sites uniques de cet endroit.<\/p>\n<h2>Sites d&#8217;int\u00e9r\u00eat et monuments<\/h2>\n<p>Vous d\u00e9couvrirez quelques-uns des sites les plus reconnus de la baie. o\u00f9 vous serez t\u00e9moin de sa beaut\u00e9 naturelle que poss\u00e8dent les plages de Bordeaux.<\/p>\n<p>Parmi les sites que vous pouvez visiter et nous vous proposerons:<\/p>\n<ul>\n<li>Dune du Pilat (Dune du Pyla)<\/li>\n<li>Parc Mauresque (Parc Mauresque)<\/li>\n<li>\u00cele aux Oiseaux (\u00eele aux Oiseaux)<\/li>\n<li>Observatoire Saint C\u00e9cile<\/li>\n<li>Fermes d&#8217;autruches<\/li>\n<li>Villages de p\u00eacheurs du Cap Ferret<\/li>\n<li>Beaucoup plus!<\/li>\n<\/ul>\n<p>Prenez le temps de profiter de cette r\u00e9gion et de vous d\u00e9placer \u00e0 c\u00f4t\u00e9 de votre guide. Nous vous ram\u00e8nerons ensuite \u00e0 votre h\u00f4tel ou lieu de choix \u00e0 Bordeaux.<\/p>\n<p>Cette visite priv\u00e9e du bassin d&#8217;Arcachon est enti\u00e8rement personnalisable et priv\u00e9e pour vous. Veuillez nous contacter \u00e0 Tour Travel &amp; More pour rendre votre exp\u00e9rience unique et vous aider \u00e0 organiser votre visite priv\u00e9e. Notre chauffeur et guide sont \u00e0 votre disposition pendant toute l&#8217;exp\u00e9rience.<\/p>\n<p>D\u00e9couvrez les autres circuits priv\u00e9s que nous proposons dans la ville!<\/p>\n","protected":false},"excerpt":{"rendered":"<p>Aventurez-vous pour profiter de cette visite priv\u00e9e totalement personnalis\u00e9e de 8 heures du Bassin d&#8217;Arcachon, explorez ses plages et d\u00e9gustez les diff\u00e9rentes recettes de fruits de mer propos\u00e9es par ses restaurants. Lors de votre visite, votre guide officiel priv\u00e9 vous emm\u00e8nera \u00e0 la d\u00e9couverte des moindres recoins de la baie, en passant de l&#8217;\u00eele aux oiseaux, \u00e0 la dune du Pilat, en passant par le confort de votre v\u00e9hicule de luxe priv\u00e9 avec chauffeur.<\/p>\n","protected":false},"featured_media":96045,"comment_status":"open","ping_status":"closed","template":"","meta":{"_acf_changed":false},"product_brand":[],"product_cat":[3593],"product_tag":[],"class_list":{"0":"post-99939","1":"product","2":"type-product","3":"status-publish","4":"has-post-thumbnail","6":"product_cat-bordeaux-fr","8":"first","9":"instock","10":"shipping-taxable","11":"purchasable","12":"product-type-simple"},"acf":[],"yoast_head":"<!-- This site is optimized with the Yoast SEO Premium plugin v25.3.1 (Yoast SEO v25.3.1) - https:\/\/yoast.com\/wordpress\/plugins\/seo\/ -->\n<title>Visite priv\u00e9e du bassin d&#039;Arcachon avec guide priv\u00e9 et v\u00e9hicule de luxe<\/title>\n<meta name=\"description\" content=\"Explorez Arcachon et ses plages avec cette visite priv\u00e9e avec un guide local et un v\u00e9hicule priv\u00e9 avec chauffeur pour cette visite priv\u00e9e du bassin d&#039;Arcachon\" \/>\n<meta name=\"robots\" content=\"index, follow, max-snippet:-1, max-image-preview:large, max-video-preview:-1\" \/>\n<link rel=\"canonical\" href=\"https:\/\/tourtravelandmore.com\/fr\/tours\/france-fr\/bordeaux-fr\/visite-privee-du-bassin-darcachon\/\" \/>\n<meta property=\"og:locale\" content=\"fr_FR\" \/>\n<meta property=\"og:type\" content=\"article\" \/>\n<meta property=\"og:title\" content=\"Visite priv\u00e9e du bassin d&#039;Arcachon\" \/>\n<meta property=\"og:description\" content=\"Explorez Arcachon et ses plages avec cette visite priv\u00e9e avec un guide local et un v\u00e9hicule priv\u00e9 avec chauffeur pour cette visite priv\u00e9e du bassin d&#039;Arcachon\" \/>\n<meta property=\"og:url\" content=\"https:\/\/tourtravelandmore.com\/fr\/tours\/france-fr\/bordeaux-fr\/visite-privee-du-bassin-darcachon\/\" \/>\n<meta property=\"og:site_name\" content=\"Tour Travel And More\" \/>\n<meta property=\"article:publisher\" content=\"https:\/\/www.facebook.com\/tourtravelandmore\/\" \/>\n<meta property=\"og:image\" content=\"https:\/\/tourtravelandmore.com\/wp-content\/uploads\/2019\/08\/arachon-main-2.jpg\" \/>\n\t<meta property=\"og:image:width\" content=\"1024\" \/>\n\t<meta property=\"og:image:height\" content=\"576\" \/>\n\t<meta property=\"og:image:type\" content=\"image\/jpeg\" \/>\n<meta name=\"twitter:card\" content=\"summary_large_image\" \/>\n<meta name=\"twitter:site\" content=\"@TourTravel_More\" \/>\n<meta name=\"twitter:label1\" content=\"Dur\u00e9e de lecture estim\u00e9e\" \/>\n\t<meta name=\"twitter:data1\" content=\"2 minutes\" \/>\n<script type=\"application\/ld+json\" class=\"yoast-schema-graph\">{\"@context\":\"https:\/\/schema.org\",\"@graph\":[{\"@type\":\"WebPage\",\"@id\":\"https:\/\/tourtravelandmore.com\/fr\/tours\/france-fr\/bordeaux-fr\/visite-privee-du-bassin-darcachon\/\",\"url\":\"https:\/\/tourtravelandmore.com\/fr\/tours\/france-fr\/bordeaux-fr\/visite-privee-du-bassin-darcachon\/\",\"name\":\"Visite priv\u00e9e du bassin d'Arcachon avec guide priv\u00e9 et v\u00e9hicule de luxe\",\"isPartOf\":{\"@id\":\"https:\/\/tourtravelandmore.com\/fr\/#website\"},\"primaryImageOfPage\":{\"@id\":\"https:\/\/tourtravelandmore.com\/fr\/tours\/france-fr\/bordeaux-fr\/visite-privee-du-bassin-darcachon\/#primaryimage\"},\"image\":{\"@id\":\"https:\/\/tourtravelandmore.com\/fr\/tours\/france-fr\/bordeaux-fr\/visite-privee-du-bassin-darcachon\/#primaryimage\"},\"thumbnailUrl\":\"https:\/\/tourtravelandmore.com\/wp-content\/uploads\/2019\/08\/arachon-main-2.jpg\",\"datePublished\":\"2019-08-14T12:54:23+00:00\",\"description\":\"Explorez Arcachon et ses plages avec cette visite priv\u00e9e avec un guide local et un v\u00e9hicule priv\u00e9 avec chauffeur pour cette visite priv\u00e9e du bassin d'Arcachon\",\"breadcrumb\":{\"@id\":\"https:\/\/tourtravelandmore.com\/fr\/tours\/france-fr\/bordeaux-fr\/visite-privee-du-bassin-darcachon\/#breadcrumb\"},\"inLanguage\":\"fr-FR\",\"potentialAction\":[{\"@type\":\"ReadAction\",\"target\":[\"https:\/\/tourtravelandmore.com\/fr\/tours\/france-fr\/bordeaux-fr\/visite-privee-du-bassin-darcachon\/\"]}]},{\"@type\":\"ImageObject\",\"inLanguage\":\"fr-FR\",\"@id\":\"https:\/\/tourtravelandmore.com\/fr\/tours\/france-fr\/bordeaux-fr\/visite-privee-du-bassin-darcachon\/#primaryimage\",\"url\":\"https:\/\/tourtravelandmore.com\/wp-content\/uploads\/2019\/08\/arachon-main-2.jpg\",\"contentUrl\":\"https:\/\/tourtravelandmore.com\/wp-content\/uploads\/2019\/08\/arachon-main-2.jpg\",\"width\":1024,\"height\":576},{\"@type\":\"BreadcrumbList\",\"@id\":\"https:\/\/tourtravelandmore.com\/fr\/tours\/france-fr\/bordeaux-fr\/visite-privee-du-bassin-darcachon\/#breadcrumb\",\"itemListElement\":[{\"@type\":\"ListItem\",\"position\":1,\"name\":\"Home\",\"item\":\"https:\/\/tourtravelandmore.com\/fr\/\"},{\"@type\":\"ListItem\",\"position\":2,\"name\":\"Tours\",\"item\":\"https:\/\/tourtravelandmore.com\/fr\/tours\/\"},{\"@type\":\"ListItem\",\"position\":3,\"name\":\"Visite priv\u00e9e du bassin d&rsquo;Arcachon\"}]},{\"@type\":\"WebSite\",\"@id\":\"https:\/\/tourtravelandmore.com\/fr\/#website\",\"url\":\"https:\/\/tourtravelandmore.com\/fr\/\",\"name\":\"Tour Travel And More\",\"description\":\"Private sightseeing tours and luxury transfers in Spain\",\"publisher\":{\"@id\":\"https:\/\/tourtravelandmore.com\/fr\/#organization\"},\"potentialAction\":[{\"@type\":\"SearchAction\",\"target\":{\"@type\":\"EntryPoint\",\"urlTemplate\":\"https:\/\/tourtravelandmore.com\/fr\/?s={search_term_string}\"},\"query-input\":{\"@type\":\"PropertyValueSpecification\",\"valueRequired\":true,\"valueName\":\"search_term_string\"}}],\"inLanguage\":\"fr-FR\"},{\"@type\":\"Organization\",\"@id\":\"https:\/\/tourtravelandmore.com\/fr\/#organization\",\"name\":\"Tour Travel And More\",\"url\":\"https:\/\/tourtravelandmore.com\/fr\/\",\"logo\":{\"@type\":\"ImageObject\",\"inLanguage\":\"fr-FR\",\"@id\":\"https:\/\/tourtravelandmore.com\/fr\/#\/schema\/logo\/image\/\",\"url\":\"https:\/\/tourtravelandmore.com\/wp-content\/uploads\/2022\/12\/cropped-logo-cabecera-new.png\",\"contentUrl\":\"https:\/\/tourtravelandmore.com\/wp-content\/uploads\/2022\/12\/cropped-logo-cabecera-new.png\",\"width\":430,\"height\":61,\"caption\":\"Tour Travel And More\"},\"image\":{\"@id\":\"https:\/\/tourtravelandmore.com\/fr\/#\/schema\/logo\/image\/\"},\"sameAs\":[\"https:\/\/www.facebook.com\/tourtravelandmore\/\",\"https:\/\/x.com\/TourTravel_More\"]}]}<\/script>\n<!-- \/ Yoast SEO Premium plugin. -->","yoast_head_json":{"title":"Visite priv\u00e9e du bassin d'Arcachon avec guide priv\u00e9 et v\u00e9hicule de luxe","description":"Explorez Arcachon et ses plages avec cette visite priv\u00e9e avec un guide local et un v\u00e9hicule priv\u00e9 avec chauffeur pour cette visite priv\u00e9e du bassin d'Arcachon","robots":{"index":"index","follow":"follow","max-snippet":"max-snippet:-1","max-image-preview":"max-image-preview:large","max-video-preview":"max-video-preview:-1"},"canonical":"https:\/\/tourtravelandmore.com\/fr\/tours\/france-fr\/bordeaux-fr\/visite-privee-du-bassin-darcachon\/","og_locale":"fr_FR","og_type":"article","og_title":"Visite priv\u00e9e du bassin d'Arcachon","og_description":"Explorez Arcachon et ses plages avec cette visite priv\u00e9e avec un guide local et un v\u00e9hicule priv\u00e9 avec chauffeur pour cette visite priv\u00e9e du bassin d'Arcachon","og_url":"https:\/\/tourtravelandmore.com\/fr\/tours\/france-fr\/bordeaux-fr\/visite-privee-du-bassin-darcachon\/","og_site_name":"Tour Travel And More","article_publisher":"https:\/\/www.facebook.com\/tourtravelandmore\/","og_image":[{"width":1024,"height":576,"url":"https:\/\/tourtravelandmore.com\/wp-content\/uploads\/2019\/08\/arachon-main-2.jpg","type":"image\/jpeg"}],"twitter_card":"summary_large_image","twitter_site":"@TourTravel_More","twitter_misc":{"Dur\u00e9e de lecture estim\u00e9e":"2 minutes"},"schema":{"@context":"https:\/\/schema.org","@graph":[{"@type":"WebPage","@id":"https:\/\/tourtravelandmore.com\/fr\/tours\/france-fr\/bordeaux-fr\/visite-privee-du-bassin-darcachon\/","url":"https:\/\/tourtravelandmore.com\/fr\/tours\/france-fr\/bordeaux-fr\/visite-privee-du-bassin-darcachon\/","name":"Visite priv\u00e9e du bassin d'Arcachon avec guide priv\u00e9 et v\u00e9hicule de luxe","isPartOf":{"@id":"https:\/\/tourtravelandmore.com\/fr\/#website"},"primaryImageOfPage":{"@id":"https:\/\/tourtravelandmore.com\/fr\/tours\/france-fr\/bordeaux-fr\/visite-privee-du-bassin-darcachon\/#primaryimage"},"image":{"@id":"https:\/\/tourtravelandmore.com\/fr\/tours\/france-fr\/bordeaux-fr\/visite-privee-du-bassin-darcachon\/#primaryimage"},"thumbnailUrl":"https:\/\/tourtravelandmore.com\/wp-content\/uploads\/2019\/08\/arachon-main-2.jpg","datePublished":"2019-08-14T12:54:23+00:00","description":"Explorez Arcachon et ses plages avec cette visite priv\u00e9e avec un guide local et un v\u00e9hicule priv\u00e9 avec chauffeur pour cette visite priv\u00e9e du bassin d'Arcachon","breadcrumb":{"@id":"https:\/\/tourtravelandmore.com\/fr\/tours\/france-fr\/bordeaux-fr\/visite-privee-du-bassin-darcachon\/#breadcrumb"},"inLanguage":"fr-FR","potentialAction":[{"@type":"ReadAction","target":["https:\/\/tourtravelandmore.com\/fr\/tours\/france-fr\/bordeaux-fr\/visite-privee-du-bassin-darcachon\/"]}]},{"@type":"ImageObject","inLanguage":"fr-FR","@id":"https:\/\/tourtravelandmore.com\/fr\/tours\/france-fr\/bordeaux-fr\/visite-privee-du-bassin-darcachon\/#primaryimage","url":"https:\/\/tourtravelandmore.com\/wp-content\/uploads\/2019\/08\/arachon-main-2.jpg","contentUrl":"https:\/\/tourtravelandmore.com\/wp-content\/uploads\/2019\/08\/arachon-main-2.jpg","width":1024,"height":576},{"@type":"BreadcrumbList","@id":"https:\/\/tourtravelandmore.com\/fr\/tours\/france-fr\/bordeaux-fr\/visite-privee-du-bassin-darcachon\/#breadcrumb","itemListElement":[{"@type":"ListItem","position":1,"name":"Home","item":"https:\/\/tourtravelandmore.com\/fr\/"},{"@type":"ListItem","position":2,"name":"Tours","item":"https:\/\/tourtravelandmore.com\/fr\/tours\/"},{"@type":"ListItem","position":3,"name":"Visite priv\u00e9e du bassin d&rsquo;Arcachon"}]},{"@type":"WebSite","@id":"https:\/\/tourtravelandmore.com\/fr\/#website","url":"https:\/\/tourtravelandmore.com\/fr\/","name":"Tour Travel And More","description":"Private sightseeing tours and luxury transfers in Spain","publisher":{"@id":"https:\/\/tourtravelandmore.com\/fr\/#organization"},"potentialAction":[{"@type":"SearchAction","target":{"@type":"EntryPoint","urlTemplate":"https:\/\/tourtravelandmore.com\/fr\/?s={search_term_string}"},"query-input":{"@type":"PropertyValueSpecification","valueRequired":true,"valueName":"search_term_string"}}],"inLanguage":"fr-FR"},{"@type":"Organization","@id":"https:\/\/tourtravelandmore.com\/fr\/#organization","name":"Tour Travel And More","url":"https:\/\/tourtravelandmore.com\/fr\/","logo":{"@type":"ImageObject","inLanguage":"fr-FR","@id":"https:\/\/tourtravelandmore.com\/fr\/#\/schema\/logo\/image\/","url":"https:\/\/tourtravelandmore.com\/wp-content\/uploads\/2022\/12\/cropped-logo-cabecera-new.png","contentUrl":"https:\/\/tourtravelandmore.com\/wp-content\/uploads\/2022\/12\/cropped-logo-cabecera-new.png","width":430,"height":61,"caption":"Tour Travel And More"},"image":{"@id":"https:\/\/tourtravelandmore.com\/fr\/#\/schema\/logo\/image\/"},"sameAs":["https:\/\/www.facebook.com\/tourtravelandmore\/","https:\/\/x.com\/TourTravel_More"]}]}},"_links":{"self":[{"href":"https:\/\/tourtravelandmore.com\/fr\/wp-json\/wp\/v2\/product\/99939","targetHints":{"allow":["GET"]}}],"collection":[{"href":"https:\/\/tourtravelandmore.com\/fr\/wp-json\/wp\/v2\/product"}],"about":[{"href":"https:\/\/tourtravelandmore.com\/fr\/wp-json\/wp\/v2\/types\/product"}],"replies":[{"embeddable":true,"href":"https:\/\/tourtravelandmore.com\/fr\/wp-json\/wp\/v2\/comments?post=99939"}],"wp:featuredmedia":[{"embeddable":true,"href":"https:\/\/tourtravelandmore.com\/fr\/wp-json\/wp\/v2\/media\/96045"}],"wp:attachment":[{"href":"https:\/\/tourtravelandmore.com\/fr\/wp-json\/wp\/v2\/media?parent=99939"}],"wp:term":[{"taxonomy":"product_brand","embeddable":true,"href":"https:\/\/tourtravelandmore.com\/fr\/wp-json\/wp\/v2\/product_brand?post=99939"},{"taxonomy":"product_cat","embeddable":true,"href":"https:\/\/tourtravelandmore.com\/fr\/wp-json\/wp\/v2\/product_cat?post=99939"},{"taxonomy":"product_tag","embeddable":true,"href":"https:\/\/tourtravelandmore.com\/fr\/wp-json\/wp\/v2\/product_tag?post=99939"}],"curies":[{"name":"wp","href":"https:\/\/api.w.org\/{rel}","templated":true}]}}