{"id":99934,"date":"2019-08-14T14:15:30","date_gmt":"2019-08-14T12:15:30","guid":{"rendered":"https:\/\/tourtravelandmore.com\/tours\/non class\u00e9\/visite-privee-de-bordeaux\/"},"modified":"2019-08-14T14:15:30","modified_gmt":"2019-08-14T12:15:30","slug":"visite-privee-de-bordeaux","status":"publish","type":"product","link":"https:\/\/tourtravelandmore.com\/fr\/tours\/france-fr\/bordeaux-fr\/visite-privee-de-bordeaux\/","title":{"rendered":"Visite priv\u00e9e de Bordeaux"},"content":{"rendered":"<h2>Description<\/h2>\n<p>Votre guide officiel priv\u00e9 sera attentif \u00e0 explorer les lieux les plus embl\u00e9matiques et impressionnants de la ville. C&#8217;est pourquoi cette visite priv\u00e9e de Bordeaux est parfaite pour vous. Au cours de cette visite, vous pouvez prendre les meilleures photos quand et o\u00f9 vous le souhaitez lors de votre visite priv\u00e9e. Cette visite est enti\u00e8rement personnalisable et peut \u00eatre ajust\u00e9e en fonction de vos besoins simplement en nous contactant.<\/p>\n<p>Tout d&#8217;abord, nous organiserons une prise en charge priv\u00e9e depuis votre h\u00f4tel ou lieu de votre choix \u00e0 Bordeaux. Nous commencerons ensuite cette incroyable visite priv\u00e9e de Bordeaux.<\/p>\n<p>Profitez du meilleur de la ville avant de terminer la visite et de vous ramener \u00e0 votre h\u00f4tel ou lieu de votre choix.<\/p>\n<h2>Sites d&#8217;int\u00e9r\u00eat et monuments<\/h2>\n<p>Lors de votre visite priv\u00e9e, vous d\u00e9couvrirez certains des endroits les plus reconnus de la ville. Ici, vous serez t\u00e9moin de sa beaut\u00e9 architecturale unique.<\/p>\n<p>Parmi de nombreux sites, vous pouvez visiter les suivants:<\/p>\n<ul>\n<li>Rue Sainte Catherine<\/li>\n<li>Grand th\u00e9\u00e2tre de Bordeaux (Le Grand Th\u00e9\u00e2tre)<\/li>\n<li>Place de la Bourse (Place de la Bourse)<\/li>\n<li>Place des Quinconces (Place des Quinconces)<\/li>\n<li>Basilique Saint-Seurin<\/li>\n<li>Mus\u00e9e des beaux-arts<\/li>\n<li>Cave Margaux (Ch\u00e2teau Margaux)<\/li>\n<li>Beaucoup plus!<\/li>\n<\/ul>\n<p>Nous vous proposons de visiter la cave Margaux, qui produit du vin depuis au moins le 16\u00e8me si\u00e8cle avec l&#8217;arriv\u00e9e de la famille Lestonna. Ce ch\u00e2teau produit environ 30 000 cartons par an de l&#8217;un des vins les plus chers du monde, co\u00fbtant environ 1 750 dollars la bouteille alors qu&#8217;il est encore en barrique.<\/p>\n<p>Veuillez nous contacter pour rendre votre exp\u00e9rience unique et vous aider \u00e0 organiser votre visite priv\u00e9e.<\/p>\n<p>Jetez un \u0153il \u00e0 nos autres circuits priv\u00e9s \u00e0 Bordeaux.<\/p>\n","protected":false},"excerpt":{"rendered":"<p>Explorez et profitez de cette visite priv\u00e9e priv\u00e9e de 8 heures de Bordeaux, o\u00f9 vous pourrez admirer la beaut\u00e9 urbaine de ses rues les plus importantes, de ses monuments m\u00e9di\u00e9vaux et d&#8217;un vignoble en dehors de la ville. Tout au long de la visite, votre guide officiel priv\u00e9 vous fera appr\u00e9cier la beaut\u00e9 architecturale de la ville avec ses b\u00e2timents classiques, tels que le Grand Th\u00e9\u00e2tre, la cath\u00e9drale Saint-And\u00e9, le mus\u00e9e des Beaux-Arts et bien d&#8217;autres. La visite compte avec un v\u00e9hicule de luxe priv\u00e9 avec chauffeur.<\/p>\n","protected":false},"featured_media":96015,"comment_status":"open","ping_status":"closed","template":"","meta":{"_acf_changed":false},"product_brand":[],"product_cat":[3593],"product_tag":[],"class_list":{"0":"post-99934","1":"product","2":"type-product","3":"status-publish","4":"has-post-thumbnail","6":"product_cat-bordeaux-fr","8":"first","9":"instock","10":"shipping-taxable","11":"purchasable","12":"product-type-simple"},"acf":[],"yoast_head":"<!-- This site is optimized with the Yoast SEO Premium plugin v25.3.1 (Yoast SEO v25.3.1) - https:\/\/yoast.com\/wordpress\/plugins\/seo\/ -->\n<title>Visite priv\u00e9e de Bordeaux et une cave avec guide priv\u00e9<\/title>\n<meta name=\"description\" content=\"Explorez et profitez de toute la ville de Bordeaux avec cette visite priv\u00e9e avec un guide local et d\u00e9couvrez le meilleur lors de cette visite priv\u00e9e de Bordeaux.\" \/>\n<meta name=\"robots\" content=\"index, follow, max-snippet:-1, max-image-preview:large, max-video-preview:-1\" \/>\n<link rel=\"canonical\" href=\"https:\/\/tourtravelandmore.com\/fr\/tours\/france-fr\/bordeaux-fr\/visite-privee-de-bordeaux\/\" \/>\n<meta property=\"og:locale\" content=\"fr_FR\" \/>\n<meta property=\"og:type\" content=\"article\" \/>\n<meta property=\"og:title\" content=\"Visite priv\u00e9e de Bordeaux\" \/>\n<meta property=\"og:description\" content=\"Explorez et profitez de toute la ville de Bordeaux avec cette visite priv\u00e9e avec un guide local et d\u00e9couvrez le meilleur lors de cette visite priv\u00e9e de Bordeaux.\" \/>\n<meta property=\"og:url\" content=\"https:\/\/tourtravelandmore.com\/fr\/tours\/france-fr\/bordeaux-fr\/visite-privee-de-bordeaux\/\" \/>\n<meta property=\"og:site_name\" content=\"Tour Travel And More\" \/>\n<meta property=\"article:publisher\" content=\"https:\/\/www.facebook.com\/tourtravelandmore\/\" \/>\n<meta property=\"og:image\" content=\"https:\/\/tourtravelandmore.com\/wp-content\/uploads\/2019\/08\/burdeos-2.jpg\" \/>\n\t<meta property=\"og:image:width\" content=\"800\" \/>\n\t<meta property=\"og:image:height\" content=\"533\" \/>\n\t<meta property=\"og:image:type\" content=\"image\/jpeg\" \/>\n<meta name=\"twitter:card\" content=\"summary_large_image\" \/>\n<meta name=\"twitter:site\" content=\"@TourTravel_More\" \/>\n<meta name=\"twitter:label1\" content=\"Dur\u00e9e de lecture estim\u00e9e\" \/>\n\t<meta name=\"twitter:data1\" content=\"1 minute\" \/>\n<script type=\"application\/ld+json\" class=\"yoast-schema-graph\">{\"@context\":\"https:\/\/schema.org\",\"@graph\":[{\"@type\":\"WebPage\",\"@id\":\"https:\/\/tourtravelandmore.com\/fr\/tours\/france-fr\/bordeaux-fr\/visite-privee-de-bordeaux\/\",\"url\":\"https:\/\/tourtravelandmore.com\/fr\/tours\/france-fr\/bordeaux-fr\/visite-privee-de-bordeaux\/\",\"name\":\"Visite priv\u00e9e de Bordeaux et une cave avec guide priv\u00e9\",\"isPartOf\":{\"@id\":\"https:\/\/tourtravelandmore.com\/fr\/#website\"},\"primaryImageOfPage\":{\"@id\":\"https:\/\/tourtravelandmore.com\/fr\/tours\/france-fr\/bordeaux-fr\/visite-privee-de-bordeaux\/#primaryimage\"},\"image\":{\"@id\":\"https:\/\/tourtravelandmore.com\/fr\/tours\/france-fr\/bordeaux-fr\/visite-privee-de-bordeaux\/#primaryimage\"},\"thumbnailUrl\":\"https:\/\/tourtravelandmore.com\/wp-content\/uploads\/2019\/08\/burdeos-2.jpg\",\"datePublished\":\"2019-08-14T12:15:30+00:00\",\"description\":\"Explorez et profitez de toute la ville de Bordeaux avec cette visite priv\u00e9e avec un guide local et d\u00e9couvrez le meilleur lors de cette visite priv\u00e9e de Bordeaux.\",\"breadcrumb\":{\"@id\":\"https:\/\/tourtravelandmore.com\/fr\/tours\/france-fr\/bordeaux-fr\/visite-privee-de-bordeaux\/#breadcrumb\"},\"inLanguage\":\"fr-FR\",\"potentialAction\":[{\"@type\":\"ReadAction\",\"target\":[\"https:\/\/tourtravelandmore.com\/fr\/tours\/france-fr\/bordeaux-fr\/visite-privee-de-bordeaux\/\"]}]},{\"@type\":\"ImageObject\",\"inLanguage\":\"fr-FR\",\"@id\":\"https:\/\/tourtravelandmore.com\/fr\/tours\/france-fr\/bordeaux-fr\/visite-privee-de-bordeaux\/#primaryimage\",\"url\":\"https:\/\/tourtravelandmore.com\/wp-content\/uploads\/2019\/08\/burdeos-2.jpg\",\"contentUrl\":\"https:\/\/tourtravelandmore.com\/wp-content\/uploads\/2019\/08\/burdeos-2.jpg\",\"width\":800,\"height\":533},{\"@type\":\"BreadcrumbList\",\"@id\":\"https:\/\/tourtravelandmore.com\/fr\/tours\/france-fr\/bordeaux-fr\/visite-privee-de-bordeaux\/#breadcrumb\",\"itemListElement\":[{\"@type\":\"ListItem\",\"position\":1,\"name\":\"Home\",\"item\":\"https:\/\/tourtravelandmore.com\/fr\/\"},{\"@type\":\"ListItem\",\"position\":2,\"name\":\"Tours\",\"item\":\"https:\/\/tourtravelandmore.com\/fr\/tours\/\"},{\"@type\":\"ListItem\",\"position\":3,\"name\":\"Visite priv\u00e9e de Bordeaux\"}]},{\"@type\":\"WebSite\",\"@id\":\"https:\/\/tourtravelandmore.com\/fr\/#website\",\"url\":\"https:\/\/tourtravelandmore.com\/fr\/\",\"name\":\"Tour Travel And More\",\"description\":\"Private sightseeing tours and luxury transfers in Spain\",\"publisher\":{\"@id\":\"https:\/\/tourtravelandmore.com\/fr\/#organization\"},\"potentialAction\":[{\"@type\":\"SearchAction\",\"target\":{\"@type\":\"EntryPoint\",\"urlTemplate\":\"https:\/\/tourtravelandmore.com\/fr\/?s={search_term_string}\"},\"query-input\":{\"@type\":\"PropertyValueSpecification\",\"valueRequired\":true,\"valueName\":\"search_term_string\"}}],\"inLanguage\":\"fr-FR\"},{\"@type\":\"Organization\",\"@id\":\"https:\/\/tourtravelandmore.com\/fr\/#organization\",\"name\":\"Tour Travel And More\",\"url\":\"https:\/\/tourtravelandmore.com\/fr\/\",\"logo\":{\"@type\":\"ImageObject\",\"inLanguage\":\"fr-FR\",\"@id\":\"https:\/\/tourtravelandmore.com\/fr\/#\/schema\/logo\/image\/\",\"url\":\"https:\/\/tourtravelandmore.com\/wp-content\/uploads\/2022\/12\/cropped-logo-cabecera-new.png\",\"contentUrl\":\"https:\/\/tourtravelandmore.com\/wp-content\/uploads\/2022\/12\/cropped-logo-cabecera-new.png\",\"width\":430,\"height\":61,\"caption\":\"Tour Travel And More\"},\"image\":{\"@id\":\"https:\/\/tourtravelandmore.com\/fr\/#\/schema\/logo\/image\/\"},\"sameAs\":[\"https:\/\/www.facebook.com\/tourtravelandmore\/\",\"https:\/\/x.com\/TourTravel_More\"]}]}<\/script>\n<!-- \/ Yoast SEO Premium plugin. -->","yoast_head_json":{"title":"Visite priv\u00e9e de Bordeaux et une cave avec guide priv\u00e9","description":"Explorez et profitez de toute la ville de Bordeaux avec cette visite priv\u00e9e avec un guide local et d\u00e9couvrez le meilleur lors de cette visite priv\u00e9e de Bordeaux.","robots":{"index":"index","follow":"follow","max-snippet":"max-snippet:-1","max-image-preview":"max-image-preview:large","max-video-preview":"max-video-preview:-1"},"canonical":"https:\/\/tourtravelandmore.com\/fr\/tours\/france-fr\/bordeaux-fr\/visite-privee-de-bordeaux\/","og_locale":"fr_FR","og_type":"article","og_title":"Visite priv\u00e9e de Bordeaux","og_description":"Explorez et profitez de toute la ville de Bordeaux avec cette visite priv\u00e9e avec un guide local et d\u00e9couvrez le meilleur lors de cette visite priv\u00e9e de Bordeaux.","og_url":"https:\/\/tourtravelandmore.com\/fr\/tours\/france-fr\/bordeaux-fr\/visite-privee-de-bordeaux\/","og_site_name":"Tour Travel And More","article_publisher":"https:\/\/www.facebook.com\/tourtravelandmore\/","og_image":[{"width":800,"height":533,"url":"https:\/\/tourtravelandmore.com\/wp-content\/uploads\/2019\/08\/burdeos-2.jpg","type":"image\/jpeg"}],"twitter_card":"summary_large_image","twitter_site":"@TourTravel_More","twitter_misc":{"Dur\u00e9e de lecture estim\u00e9e":"1 minute"},"schema":{"@context":"https:\/\/schema.org","@graph":[{"@type":"WebPage","@id":"https:\/\/tourtravelandmore.com\/fr\/tours\/france-fr\/bordeaux-fr\/visite-privee-de-bordeaux\/","url":"https:\/\/tourtravelandmore.com\/fr\/tours\/france-fr\/bordeaux-fr\/visite-privee-de-bordeaux\/","name":"Visite priv\u00e9e de Bordeaux et une cave avec guide priv\u00e9","isPartOf":{"@id":"https:\/\/tourtravelandmore.com\/fr\/#website"},"primaryImageOfPage":{"@id":"https:\/\/tourtravelandmore.com\/fr\/tours\/france-fr\/bordeaux-fr\/visite-privee-de-bordeaux\/#primaryimage"},"image":{"@id":"https:\/\/tourtravelandmore.com\/fr\/tours\/france-fr\/bordeaux-fr\/visite-privee-de-bordeaux\/#primaryimage"},"thumbnailUrl":"https:\/\/tourtravelandmore.com\/wp-content\/uploads\/2019\/08\/burdeos-2.jpg","datePublished":"2019-08-14T12:15:30+00:00","description":"Explorez et profitez de toute la ville de Bordeaux avec cette visite priv\u00e9e avec un guide local et d\u00e9couvrez le meilleur lors de cette visite priv\u00e9e de Bordeaux.","breadcrumb":{"@id":"https:\/\/tourtravelandmore.com\/fr\/tours\/france-fr\/bordeaux-fr\/visite-privee-de-bordeaux\/#breadcrumb"},"inLanguage":"fr-FR","potentialAction":[{"@type":"ReadAction","target":["https:\/\/tourtravelandmore.com\/fr\/tours\/france-fr\/bordeaux-fr\/visite-privee-de-bordeaux\/"]}]},{"@type":"ImageObject","inLanguage":"fr-FR","@id":"https:\/\/tourtravelandmore.com\/fr\/tours\/france-fr\/bordeaux-fr\/visite-privee-de-bordeaux\/#primaryimage","url":"https:\/\/tourtravelandmore.com\/wp-content\/uploads\/2019\/08\/burdeos-2.jpg","contentUrl":"https:\/\/tourtravelandmore.com\/wp-content\/uploads\/2019\/08\/burdeos-2.jpg","width":800,"height":533},{"@type":"BreadcrumbList","@id":"https:\/\/tourtravelandmore.com\/fr\/tours\/france-fr\/bordeaux-fr\/visite-privee-de-bordeaux\/#breadcrumb","itemListElement":[{"@type":"ListItem","position":1,"name":"Home","item":"https:\/\/tourtravelandmore.com\/fr\/"},{"@type":"ListItem","position":2,"name":"Tours","item":"https:\/\/tourtravelandmore.com\/fr\/tours\/"},{"@type":"ListItem","position":3,"name":"Visite priv\u00e9e de Bordeaux"}]},{"@type":"WebSite","@id":"https:\/\/tourtravelandmore.com\/fr\/#website","url":"https:\/\/tourtravelandmore.com\/fr\/","name":"Tour Travel And More","description":"Private sightseeing tours and luxury transfers in Spain","publisher":{"@id":"https:\/\/tourtravelandmore.com\/fr\/#organization"},"potentialAction":[{"@type":"SearchAction","target":{"@type":"EntryPoint","urlTemplate":"https:\/\/tourtravelandmore.com\/fr\/?s={search_term_string}"},"query-input":{"@type":"PropertyValueSpecification","valueRequired":true,"valueName":"search_term_string"}}],"inLanguage":"fr-FR"},{"@type":"Organization","@id":"https:\/\/tourtravelandmore.com\/fr\/#organization","name":"Tour Travel And More","url":"https:\/\/tourtravelandmore.com\/fr\/","logo":{"@type":"ImageObject","inLanguage":"fr-FR","@id":"https:\/\/tourtravelandmore.com\/fr\/#\/schema\/logo\/image\/","url":"https:\/\/tourtravelandmore.com\/wp-content\/uploads\/2022\/12\/cropped-logo-cabecera-new.png","contentUrl":"https:\/\/tourtravelandmore.com\/wp-content\/uploads\/2022\/12\/cropped-logo-cabecera-new.png","width":430,"height":61,"caption":"Tour Travel And More"},"image":{"@id":"https:\/\/tourtravelandmore.com\/fr\/#\/schema\/logo\/image\/"},"sameAs":["https:\/\/www.facebook.com\/tourtravelandmore\/","https:\/\/x.com\/TourTravel_More"]}]}},"_links":{"self":[{"href":"https:\/\/tourtravelandmore.com\/fr\/wp-json\/wp\/v2\/product\/99934","targetHints":{"allow":["GET"]}}],"collection":[{"href":"https:\/\/tourtravelandmore.com\/fr\/wp-json\/wp\/v2\/product"}],"about":[{"href":"https:\/\/tourtravelandmore.com\/fr\/wp-json\/wp\/v2\/types\/product"}],"replies":[{"embeddable":true,"href":"https:\/\/tourtravelandmore.com\/fr\/wp-json\/wp\/v2\/comments?post=99934"}],"wp:featuredmedia":[{"embeddable":true,"href":"https:\/\/tourtravelandmore.com\/fr\/wp-json\/wp\/v2\/media\/96015"}],"wp:attachment":[{"href":"https:\/\/tourtravelandmore.com\/fr\/wp-json\/wp\/v2\/media?parent=99934"}],"wp:term":[{"taxonomy":"product_brand","embeddable":true,"href":"https:\/\/tourtravelandmore.com\/fr\/wp-json\/wp\/v2\/product_brand?post=99934"},{"taxonomy":"product_cat","embeddable":true,"href":"https:\/\/tourtravelandmore.com\/fr\/wp-json\/wp\/v2\/product_cat?post=99934"},{"taxonomy":"product_tag","embeddable":true,"href":"https:\/\/tourtravelandmore.com\/fr\/wp-json\/wp\/v2\/product_tag?post=99934"}],"curies":[{"name":"wp","href":"https:\/\/api.w.org\/{rel}","templated":true}]}}