{"id":99929,"date":"2019-08-14T12:55:14","date_gmt":"2019-08-14T10:55:14","guid":{"rendered":"https:\/\/tourtravelandmore.com\/tours\/non class\u00e9\/visite-privee-du-medoc-et-deux-caves-au-depart-de-bordeaux\/"},"modified":"2019-08-14T12:55:14","modified_gmt":"2019-08-14T10:55:14","slug":"visite-privee-du-medoc-et-deux-caves-au-depart-de-bordeaux","status":"publish","type":"product","link":"https:\/\/tourtravelandmore.com\/fr\/tours\/france-fr\/bordeaux-fr\/visite-privee-du-medoc-et-deux-caves-au-depart-de-bordeaux\/","title":{"rendered":"Visite priv\u00e9e du M\u00e9doc et deux caves au d\u00e9part de Bordeaux"},"content":{"rendered":"<h2>Description<\/h2>\n<p>Nous viendrons vous chercher \u00e0 votre h\u00f4tel ou lieu de votre choix \u00e0 Bordeaux. Faites connaissance avec cette excursion priv\u00e9e \u00e0 terre pour les deux vignobles du M\u00e9doc. Ce tour priv\u00e9 du M\u00e9doc est parfait pour vous. Profitez du paysage champ\u00eatre et de ses vins.<\/p>\n<p>Au cours de la visite, vous enchanterez et d\u00e9gusterez les vins les plus \u00e9l\u00e9gants produits dans le plus important ch\u00e2teau de la r\u00e9gion. La visite est enti\u00e8rement personnalisable et peut \u00eatre ajust\u00e9e en fonction de vos besoins simplement en nous contactant.<\/p>\n<p>Dans un premier temps, nous organiserons une prise en charge priv\u00e9e et nous organiserons cette visite priv\u00e9e et d\u00e9couvrirons les meilleurs sites du M\u00e9doc.<\/p>\n<p>Vous profiterez bien s\u00fbr de deux arr\u00eats dans des vignobles pour avoir une id\u00e9e de ce que cette r\u00e9gion a \u00e0 offrir.<\/p>\n<h2>Sites d&#8217;int\u00e9r\u00eat et monuments<\/h2>\n<p>Le premier arr\u00eat est le domaine Margaux, qui produit du vin au moins depuis le XVIe si\u00e8cle. Ce ch\u00e2teau produit 30 000 caisses par an d&#8217;un des vins les plus chers au monde. Puis nous passerons par la cave Saint-Julien, la seule \u00e0 avoir 85% de ses r\u00e9coltes class\u00e9es. Contactez-nous pour rendre votre exp\u00e9rience unique et vous aider \u00e0 g\u00e9rer de mani\u00e8re optimale votre visite priv\u00e9e.<\/p>\n<p>D\u00e9couvrez ces sites uniques aux alentours de Bordeaux.<\/p>\n<p>Soyez assur\u00e9 que notre chauffeur priv\u00e9 sera avec vous \u00e0 votre disposition pendant toute la journ\u00e9e. Nous viendrons tout d&#8217;abord vous chercher confortablement \u00e0 votre h\u00f4tel pour commencer cette visite priv\u00e9e du M\u00e9doc. Nous profiterons alors du meilleur de ces emplacements!<\/p>\n<p>Ne manquez pas nos belles exp\u00e9riences \u00e0 Bordeaux. D\u00e9couvrez les options que nous avons ici. N&#8217;oubliez pas que nous organisons \u00e9galement des exp\u00e9riences priv\u00e9es pour vous dans n&#8217;importe quel<\/p>\n","protected":false},"excerpt":{"rendered":"<p>Rejoignez-nous pour cette excursion \u00e0 terre enti\u00e8rement priv\u00e9e dans le M\u00e9doc, une r\u00e9gion viticole voisine \u00e0 environ 60 minutes de Bordeaux. Tout au long de l&#8217;excursion, vous explorerez deux vignobles o\u00f9 vous pourrez d\u00e9guster l&#8217;excellente qualit\u00e9 du vin fran\u00e7ais. Nous avons \u00e0 votre disposition des v\u00e9hicules de luxe priv\u00e9s avec chauffeur qui peuvent venir vous chercher l\u00e0 o\u00f9 vous en avez besoin et vous offrir une exp\u00e9rience inoubliable.<\/p>\n","protected":false},"featured_media":96026,"comment_status":"open","ping_status":"closed","template":"","meta":{"_acf_changed":false},"product_brand":[],"product_cat":[3593],"product_tag":[],"class_list":{"0":"post-99929","1":"product","2":"type-product","3":"status-publish","4":"has-post-thumbnail","6":"product_cat-bordeaux-fr","8":"first","9":"instock","10":"shipping-taxable","11":"purchasable","12":"product-type-simple"},"acf":[],"yoast_head":"<!-- This site is optimized with the Yoast SEO Premium plugin v25.3.1 (Yoast SEO v25.3.1) - https:\/\/yoast.com\/wordpress\/plugins\/seo\/ -->\n<title>Visite priv\u00e9e du M\u00e9doc et deux caves au d\u00e9part de Bordeaux<\/title>\n<meta name=\"description\" content=\"Explorez avec cette excursion \u00e0 terre la ville du M\u00e9doc et deux vignobles avec notre v\u00e9hicule priv\u00e9 avec chauffeur au d\u00e9part de Bordeaux. Tour priv\u00e9 du M\u00e9doc.\" \/>\n<meta name=\"robots\" content=\"index, follow, max-snippet:-1, max-image-preview:large, max-video-preview:-1\" \/>\n<link rel=\"canonical\" href=\"https:\/\/tourtravelandmore.com\/fr\/tours\/france-fr\/bordeaux-fr\/visite-privee-du-medoc-et-deux-caves-au-depart-de-bordeaux\/\" \/>\n<meta property=\"og:locale\" content=\"fr_FR\" \/>\n<meta property=\"og:type\" content=\"article\" \/>\n<meta property=\"og:title\" content=\"Visite priv\u00e9e du M\u00e9doc et deux caves au d\u00e9part de Bordeaux\" \/>\n<meta property=\"og:description\" content=\"Explorez avec cette excursion \u00e0 terre la ville du M\u00e9doc et deux vignobles avec notre v\u00e9hicule priv\u00e9 avec chauffeur au d\u00e9part de Bordeaux. Tour priv\u00e9 du M\u00e9doc.\" \/>\n<meta property=\"og:url\" content=\"https:\/\/tourtravelandmore.com\/fr\/tours\/france-fr\/bordeaux-fr\/visite-privee-du-medoc-et-deux-caves-au-depart-de-bordeaux\/\" \/>\n<meta property=\"og:site_name\" content=\"Tour Travel And More\" \/>\n<meta property=\"article:publisher\" content=\"https:\/\/www.facebook.com\/tourtravelandmore\/\" \/>\n<meta property=\"og:image\" content=\"https:\/\/tourtravelandmore.com\/wp-content\/uploads\/2019\/08\/medco.jpeg\" \/>\n\t<meta property=\"og:image:width\" content=\"1880\" \/>\n\t<meta property=\"og:image:height\" content=\"1251\" \/>\n\t<meta property=\"og:image:type\" content=\"image\/jpeg\" \/>\n<meta name=\"twitter:card\" content=\"summary_large_image\" \/>\n<meta name=\"twitter:site\" content=\"@TourTravel_More\" \/>\n<meta name=\"twitter:label1\" content=\"Dur\u00e9e de lecture estim\u00e9e\" \/>\n\t<meta name=\"twitter:data1\" content=\"2 minutes\" \/>\n<script type=\"application\/ld+json\" class=\"yoast-schema-graph\">{\"@context\":\"https:\/\/schema.org\",\"@graph\":[{\"@type\":\"WebPage\",\"@id\":\"https:\/\/tourtravelandmore.com\/fr\/tours\/france-fr\/bordeaux-fr\/visite-privee-du-medoc-et-deux-caves-au-depart-de-bordeaux\/\",\"url\":\"https:\/\/tourtravelandmore.com\/fr\/tours\/france-fr\/bordeaux-fr\/visite-privee-du-medoc-et-deux-caves-au-depart-de-bordeaux\/\",\"name\":\"Visite priv\u00e9e du M\u00e9doc et deux caves au d\u00e9part de Bordeaux\",\"isPartOf\":{\"@id\":\"https:\/\/tourtravelandmore.com\/fr\/#website\"},\"primaryImageOfPage\":{\"@id\":\"https:\/\/tourtravelandmore.com\/fr\/tours\/france-fr\/bordeaux-fr\/visite-privee-du-medoc-et-deux-caves-au-depart-de-bordeaux\/#primaryimage\"},\"image\":{\"@id\":\"https:\/\/tourtravelandmore.com\/fr\/tours\/france-fr\/bordeaux-fr\/visite-privee-du-medoc-et-deux-caves-au-depart-de-bordeaux\/#primaryimage\"},\"thumbnailUrl\":\"https:\/\/tourtravelandmore.com\/wp-content\/uploads\/2019\/08\/medco.jpeg\",\"datePublished\":\"2019-08-14T10:55:14+00:00\",\"description\":\"Explorez avec cette excursion \u00e0 terre la ville du M\u00e9doc et deux vignobles avec notre v\u00e9hicule priv\u00e9 avec chauffeur au d\u00e9part de Bordeaux. Tour priv\u00e9 du M\u00e9doc.\",\"breadcrumb\":{\"@id\":\"https:\/\/tourtravelandmore.com\/fr\/tours\/france-fr\/bordeaux-fr\/visite-privee-du-medoc-et-deux-caves-au-depart-de-bordeaux\/#breadcrumb\"},\"inLanguage\":\"fr-FR\",\"potentialAction\":[{\"@type\":\"ReadAction\",\"target\":[\"https:\/\/tourtravelandmore.com\/fr\/tours\/france-fr\/bordeaux-fr\/visite-privee-du-medoc-et-deux-caves-au-depart-de-bordeaux\/\"]}]},{\"@type\":\"ImageObject\",\"inLanguage\":\"fr-FR\",\"@id\":\"https:\/\/tourtravelandmore.com\/fr\/tours\/france-fr\/bordeaux-fr\/visite-privee-du-medoc-et-deux-caves-au-depart-de-bordeaux\/#primaryimage\",\"url\":\"https:\/\/tourtravelandmore.com\/wp-content\/uploads\/2019\/08\/medco.jpeg\",\"contentUrl\":\"https:\/\/tourtravelandmore.com\/wp-content\/uploads\/2019\/08\/medco.jpeg\",\"width\":1880,\"height\":1251},{\"@type\":\"BreadcrumbList\",\"@id\":\"https:\/\/tourtravelandmore.com\/fr\/tours\/france-fr\/bordeaux-fr\/visite-privee-du-medoc-et-deux-caves-au-depart-de-bordeaux\/#breadcrumb\",\"itemListElement\":[{\"@type\":\"ListItem\",\"position\":1,\"name\":\"Home\",\"item\":\"https:\/\/tourtravelandmore.com\/fr\/\"},{\"@type\":\"ListItem\",\"position\":2,\"name\":\"Tours\",\"item\":\"https:\/\/tourtravelandmore.com\/fr\/tours\/\"},{\"@type\":\"ListItem\",\"position\":3,\"name\":\"Visite priv\u00e9e du M\u00e9doc et deux caves au d\u00e9part de Bordeaux\"}]},{\"@type\":\"WebSite\",\"@id\":\"https:\/\/tourtravelandmore.com\/fr\/#website\",\"url\":\"https:\/\/tourtravelandmore.com\/fr\/\",\"name\":\"Tour Travel And More\",\"description\":\"Private sightseeing tours and luxury transfers in Spain\",\"publisher\":{\"@id\":\"https:\/\/tourtravelandmore.com\/fr\/#organization\"},\"potentialAction\":[{\"@type\":\"SearchAction\",\"target\":{\"@type\":\"EntryPoint\",\"urlTemplate\":\"https:\/\/tourtravelandmore.com\/fr\/?s={search_term_string}\"},\"query-input\":{\"@type\":\"PropertyValueSpecification\",\"valueRequired\":true,\"valueName\":\"search_term_string\"}}],\"inLanguage\":\"fr-FR\"},{\"@type\":\"Organization\",\"@id\":\"https:\/\/tourtravelandmore.com\/fr\/#organization\",\"name\":\"Tour Travel And More\",\"url\":\"https:\/\/tourtravelandmore.com\/fr\/\",\"logo\":{\"@type\":\"ImageObject\",\"inLanguage\":\"fr-FR\",\"@id\":\"https:\/\/tourtravelandmore.com\/fr\/#\/schema\/logo\/image\/\",\"url\":\"https:\/\/tourtravelandmore.com\/wp-content\/uploads\/2022\/12\/cropped-logo-cabecera-new.png\",\"contentUrl\":\"https:\/\/tourtravelandmore.com\/wp-content\/uploads\/2022\/12\/cropped-logo-cabecera-new.png\",\"width\":430,\"height\":61,\"caption\":\"Tour Travel And More\"},\"image\":{\"@id\":\"https:\/\/tourtravelandmore.com\/fr\/#\/schema\/logo\/image\/\"},\"sameAs\":[\"https:\/\/www.facebook.com\/tourtravelandmore\/\",\"https:\/\/x.com\/TourTravel_More\"]}]}<\/script>\n<!-- \/ Yoast SEO Premium plugin. -->","yoast_head_json":{"title":"Visite priv\u00e9e du M\u00e9doc et deux caves au d\u00e9part de Bordeaux","description":"Explorez avec cette excursion \u00e0 terre la ville du M\u00e9doc et deux vignobles avec notre v\u00e9hicule priv\u00e9 avec chauffeur au d\u00e9part de Bordeaux. Tour priv\u00e9 du M\u00e9doc.","robots":{"index":"index","follow":"follow","max-snippet":"max-snippet:-1","max-image-preview":"max-image-preview:large","max-video-preview":"max-video-preview:-1"},"canonical":"https:\/\/tourtravelandmore.com\/fr\/tours\/france-fr\/bordeaux-fr\/visite-privee-du-medoc-et-deux-caves-au-depart-de-bordeaux\/","og_locale":"fr_FR","og_type":"article","og_title":"Visite priv\u00e9e du M\u00e9doc et deux caves au d\u00e9part de Bordeaux","og_description":"Explorez avec cette excursion \u00e0 terre la ville du M\u00e9doc et deux vignobles avec notre v\u00e9hicule priv\u00e9 avec chauffeur au d\u00e9part de Bordeaux. Tour priv\u00e9 du M\u00e9doc.","og_url":"https:\/\/tourtravelandmore.com\/fr\/tours\/france-fr\/bordeaux-fr\/visite-privee-du-medoc-et-deux-caves-au-depart-de-bordeaux\/","og_site_name":"Tour Travel And More","article_publisher":"https:\/\/www.facebook.com\/tourtravelandmore\/","og_image":[{"width":1880,"height":1251,"url":"https:\/\/tourtravelandmore.com\/wp-content\/uploads\/2019\/08\/medco.jpeg","type":"image\/jpeg"}],"twitter_card":"summary_large_image","twitter_site":"@TourTravel_More","twitter_misc":{"Dur\u00e9e de lecture estim\u00e9e":"2 minutes"},"schema":{"@context":"https:\/\/schema.org","@graph":[{"@type":"WebPage","@id":"https:\/\/tourtravelandmore.com\/fr\/tours\/france-fr\/bordeaux-fr\/visite-privee-du-medoc-et-deux-caves-au-depart-de-bordeaux\/","url":"https:\/\/tourtravelandmore.com\/fr\/tours\/france-fr\/bordeaux-fr\/visite-privee-du-medoc-et-deux-caves-au-depart-de-bordeaux\/","name":"Visite priv\u00e9e du M\u00e9doc et deux caves au d\u00e9part de Bordeaux","isPartOf":{"@id":"https:\/\/tourtravelandmore.com\/fr\/#website"},"primaryImageOfPage":{"@id":"https:\/\/tourtravelandmore.com\/fr\/tours\/france-fr\/bordeaux-fr\/visite-privee-du-medoc-et-deux-caves-au-depart-de-bordeaux\/#primaryimage"},"image":{"@id":"https:\/\/tourtravelandmore.com\/fr\/tours\/france-fr\/bordeaux-fr\/visite-privee-du-medoc-et-deux-caves-au-depart-de-bordeaux\/#primaryimage"},"thumbnailUrl":"https:\/\/tourtravelandmore.com\/wp-content\/uploads\/2019\/08\/medco.jpeg","datePublished":"2019-08-14T10:55:14+00:00","description":"Explorez avec cette excursion \u00e0 terre la ville du M\u00e9doc et deux vignobles avec notre v\u00e9hicule priv\u00e9 avec chauffeur au d\u00e9part de Bordeaux. Tour priv\u00e9 du M\u00e9doc.","breadcrumb":{"@id":"https:\/\/tourtravelandmore.com\/fr\/tours\/france-fr\/bordeaux-fr\/visite-privee-du-medoc-et-deux-caves-au-depart-de-bordeaux\/#breadcrumb"},"inLanguage":"fr-FR","potentialAction":[{"@type":"ReadAction","target":["https:\/\/tourtravelandmore.com\/fr\/tours\/france-fr\/bordeaux-fr\/visite-privee-du-medoc-et-deux-caves-au-depart-de-bordeaux\/"]}]},{"@type":"ImageObject","inLanguage":"fr-FR","@id":"https:\/\/tourtravelandmore.com\/fr\/tours\/france-fr\/bordeaux-fr\/visite-privee-du-medoc-et-deux-caves-au-depart-de-bordeaux\/#primaryimage","url":"https:\/\/tourtravelandmore.com\/wp-content\/uploads\/2019\/08\/medco.jpeg","contentUrl":"https:\/\/tourtravelandmore.com\/wp-content\/uploads\/2019\/08\/medco.jpeg","width":1880,"height":1251},{"@type":"BreadcrumbList","@id":"https:\/\/tourtravelandmore.com\/fr\/tours\/france-fr\/bordeaux-fr\/visite-privee-du-medoc-et-deux-caves-au-depart-de-bordeaux\/#breadcrumb","itemListElement":[{"@type":"ListItem","position":1,"name":"Home","item":"https:\/\/tourtravelandmore.com\/fr\/"},{"@type":"ListItem","position":2,"name":"Tours","item":"https:\/\/tourtravelandmore.com\/fr\/tours\/"},{"@type":"ListItem","position":3,"name":"Visite priv\u00e9e du M\u00e9doc et deux caves au d\u00e9part de Bordeaux"}]},{"@type":"WebSite","@id":"https:\/\/tourtravelandmore.com\/fr\/#website","url":"https:\/\/tourtravelandmore.com\/fr\/","name":"Tour Travel And More","description":"Private sightseeing tours and luxury transfers in Spain","publisher":{"@id":"https:\/\/tourtravelandmore.com\/fr\/#organization"},"potentialAction":[{"@type":"SearchAction","target":{"@type":"EntryPoint","urlTemplate":"https:\/\/tourtravelandmore.com\/fr\/?s={search_term_string}"},"query-input":{"@type":"PropertyValueSpecification","valueRequired":true,"valueName":"search_term_string"}}],"inLanguage":"fr-FR"},{"@type":"Organization","@id":"https:\/\/tourtravelandmore.com\/fr\/#organization","name":"Tour Travel And More","url":"https:\/\/tourtravelandmore.com\/fr\/","logo":{"@type":"ImageObject","inLanguage":"fr-FR","@id":"https:\/\/tourtravelandmore.com\/fr\/#\/schema\/logo\/image\/","url":"https:\/\/tourtravelandmore.com\/wp-content\/uploads\/2022\/12\/cropped-logo-cabecera-new.png","contentUrl":"https:\/\/tourtravelandmore.com\/wp-content\/uploads\/2022\/12\/cropped-logo-cabecera-new.png","width":430,"height":61,"caption":"Tour Travel And More"},"image":{"@id":"https:\/\/tourtravelandmore.com\/fr\/#\/schema\/logo\/image\/"},"sameAs":["https:\/\/www.facebook.com\/tourtravelandmore\/","https:\/\/x.com\/TourTravel_More"]}]}},"_links":{"self":[{"href":"https:\/\/tourtravelandmore.com\/fr\/wp-json\/wp\/v2\/product\/99929","targetHints":{"allow":["GET"]}}],"collection":[{"href":"https:\/\/tourtravelandmore.com\/fr\/wp-json\/wp\/v2\/product"}],"about":[{"href":"https:\/\/tourtravelandmore.com\/fr\/wp-json\/wp\/v2\/types\/product"}],"replies":[{"embeddable":true,"href":"https:\/\/tourtravelandmore.com\/fr\/wp-json\/wp\/v2\/comments?post=99929"}],"wp:featuredmedia":[{"embeddable":true,"href":"https:\/\/tourtravelandmore.com\/fr\/wp-json\/wp\/v2\/media\/96026"}],"wp:attachment":[{"href":"https:\/\/tourtravelandmore.com\/fr\/wp-json\/wp\/v2\/media?parent=99929"}],"wp:term":[{"taxonomy":"product_brand","embeddable":true,"href":"https:\/\/tourtravelandmore.com\/fr\/wp-json\/wp\/v2\/product_brand?post=99929"},{"taxonomy":"product_cat","embeddable":true,"href":"https:\/\/tourtravelandmore.com\/fr\/wp-json\/wp\/v2\/product_cat?post=99929"},{"taxonomy":"product_tag","embeddable":true,"href":"https:\/\/tourtravelandmore.com\/fr\/wp-json\/wp\/v2\/product_tag?post=99929"}],"curies":[{"name":"wp","href":"https:\/\/api.w.org\/{rel}","templated":true}]}}