{"id":99924,"date":"2019-08-14T11:38:12","date_gmt":"2019-08-14T09:38:12","guid":{"rendered":"https:\/\/tourtravelandmore.com\/tours\/non class\u00e9\/visite-privee-de-saint-emilion-et-pomerol\/"},"modified":"2019-08-14T11:38:12","modified_gmt":"2019-08-14T09:38:12","slug":"visite-privee-de-saint-emilion-et-pomerol","status":"publish","type":"product","link":"https:\/\/tourtravelandmore.com\/fr\/tours\/france-fr\/bordeaux-fr\/visite-privee-de-saint-emilion-et-pomerol\/","title":{"rendered":"Visite priv\u00e9e de Saint &#8211; Emilion et Pomerol"},"content":{"rendered":"<h2>Description<\/h2>\n<p>A votre arriv\u00e9e \u00e0 Bordeaux, votre chauffeur vous conduira \u00e0 votre premi\u00e8re destination. Ici, vous pouvez profiter du paysage rural sur le chemin de la ville de Saint Emilion. Apr\u00e8s votre arriv\u00e9e \u00e0 Pomerol, vous explorerez ses endroits les plus embl\u00e9matiques et les plus \u00e9lanc\u00e9s, o\u00f9 vous ne pourrez pas prendre les meilleures photos. Pour cela, notre visite priv\u00e9e de Saint &#8211; Emilion et Pomerol est parfaite pour vous.<\/p>\n<p>Laissez-nous organiser une prise en charge priv\u00e9e et confortable de Bordeaux. Nous nous dirigerons ensuite vers Saint-Emilion et bien s\u00fbr Pomerol. Vous aurez notre chauffeur priv\u00e9 \u00e0 votre disposition pendant toute l&#8217;exp\u00e9rience pour faire connaissance avec ces deux lieux uniques.<\/p>\n<h2>Sites d&#8217;int\u00e9r\u00eat et monuments<\/h2>\n<p>Votre guide vous guidera pour d\u00e9couvrir la beaut\u00e9 architecturale de la ville et d\u00e9couvrir certains de ses sites les plus reconnus. Apr\u00e8s une prise en charge confortable, nous nous dirigerons vers ces deux endroits merveilleux. Notre chauffeur priv\u00e9 sera \u00e0 votre disposition pendant toute la dur\u00e9e du circuit pour vous emmener dans les lieux et sites suivants.<\/p>\n<p>Parmi les sites que vous visiterez, nous vous proposons:<\/p>\n<ul>\n<li>Le Ch\u00e2teau du Tailhas et Beauregard<\/li>\n<li>Ch\u00e2teau Canon<\/li>\n<li>\u00c9glise monolitique<\/li>\n<li>Coll\u00e9giale (Eglise Coll\u00e9giale)<\/li>\n<li>Clo\u00eetre des Cordeliers<\/li>\n<li>Tour du roi (Tour du Ch\u00e2teaudu Roy)<\/li>\n<li>Et beaucoup plus!<\/li>\n<\/ul>\n<p>Cette visite est enti\u00e8rement personnalisable. Contactez-nous et nous ferons de votre visite une exp\u00e9rience unique et vous aiderons \u00e0 organiser votre visite priv\u00e9e. Nous mettons \u00e0 votre disposition des v\u00e9hicules priv\u00e9s pour ce Tour Priv\u00e9 de Saint-Emilion et Pomerol.<\/p>\n<p>Nous organiserons \u00e0 nouveau le retour apr\u00e8s votre visite priv\u00e9e. Laissez-nous ici \u00e0 Tour Travel &amp; More vous emmener dans cette excursion d&#8217;une journ\u00e9e unique pour vous.<\/p>\n<p>Jetez un \u0153il aux autres visites priv\u00e9es que nous vous proposons.<\/p>\n","protected":false},"excerpt":{"rendered":"<p>Profitez de cette excursion priv\u00e9e \u00e0 terre enti\u00e8rement personnalis\u00e9e dans la ville de Saint-\u00c9milion et Pomerol, o\u00f9 vous serez \u00e9merveill\u00e9 par la beaut\u00e9 architecturale de son \u00e9glise monolitique et de ses rues m\u00e9di\u00e9vales aux c\u00f4t\u00e9s de votre guide officiel priv\u00e9. Pour l&#8217;excursion, vous aurez \u00e0 votre disposition un v\u00e9hicule de luxe priv\u00e9 avec chauffeur priv\u00e9 qui pourra venir vous chercher o\u00f9 que vous soyez.<\/p>\n","protected":false},"featured_media":96016,"comment_status":"open","ping_status":"closed","template":"","meta":{"_acf_changed":false},"product_brand":[],"product_cat":[3593],"product_tag":[],"class_list":{"0":"post-99924","1":"product","2":"type-product","3":"status-publish","4":"has-post-thumbnail","6":"product_cat-bordeaux-fr","8":"first","9":"instock","10":"shipping-taxable","11":"purchasable","12":"product-type-simple"},"acf":[],"yoast_head":"<!-- This site is optimized with the Yoast SEO Premium plugin v25.3.1 (Yoast SEO v25.3.1) - https:\/\/yoast.com\/wordpress\/plugins\/seo\/ -->\n<title>Visite priv\u00e9e de Saint - Emilion et Pomerol - Excursion \u00e0 terre<\/title>\n<meta name=\"description\" content=\"Explorez avec cette excursion \u00e0 terre toute la ville de Saint-Emilion et Pomerol avec cette visite priv\u00e9e de Saint-Emilion et Pomerol\" \/>\n<meta name=\"robots\" content=\"index, follow, max-snippet:-1, max-image-preview:large, max-video-preview:-1\" \/>\n<link rel=\"canonical\" href=\"https:\/\/tourtravelandmore.com\/fr\/tours\/france-fr\/bordeaux-fr\/visite-privee-de-saint-emilion-et-pomerol\/\" \/>\n<meta property=\"og:locale\" content=\"fr_FR\" \/>\n<meta property=\"og:type\" content=\"article\" \/>\n<meta property=\"og:title\" content=\"Visite priv\u00e9e de Saint - Emilion et Pomerol\" \/>\n<meta property=\"og:description\" content=\"Explorez avec cette excursion \u00e0 terre toute la ville de Saint-Emilion et Pomerol avec cette visite priv\u00e9e de Saint-Emilion et Pomerol\" \/>\n<meta property=\"og:url\" content=\"https:\/\/tourtravelandmore.com\/fr\/tours\/france-fr\/bordeaux-fr\/visite-privee-de-saint-emilion-et-pomerol\/\" \/>\n<meta property=\"og:site_name\" content=\"Tour Travel And More\" \/>\n<meta property=\"article:publisher\" content=\"https:\/\/www.facebook.com\/tourtravelandmore\/\" \/>\n<meta property=\"og:image\" content=\"https:\/\/tourtravelandmore.com\/wp-content\/uploads\/2019\/08\/saint-emilion-3876997_960_720.jpg\" \/>\n\t<meta property=\"og:image:width\" content=\"960\" \/>\n\t<meta property=\"og:image:height\" content=\"720\" \/>\n\t<meta property=\"og:image:type\" content=\"image\/jpeg\" \/>\n<meta name=\"twitter:card\" content=\"summary_large_image\" \/>\n<meta name=\"twitter:site\" content=\"@TourTravel_More\" \/>\n<meta name=\"twitter:label1\" content=\"Dur\u00e9e de lecture estim\u00e9e\" \/>\n\t<meta name=\"twitter:data1\" content=\"2 minutes\" \/>\n<script type=\"application\/ld+json\" class=\"yoast-schema-graph\">{\"@context\":\"https:\/\/schema.org\",\"@graph\":[{\"@type\":\"WebPage\",\"@id\":\"https:\/\/tourtravelandmore.com\/fr\/tours\/france-fr\/bordeaux-fr\/visite-privee-de-saint-emilion-et-pomerol\/\",\"url\":\"https:\/\/tourtravelandmore.com\/fr\/tours\/france-fr\/bordeaux-fr\/visite-privee-de-saint-emilion-et-pomerol\/\",\"name\":\"Visite priv\u00e9e de Saint - Emilion et Pomerol - Excursion \u00e0 terre\",\"isPartOf\":{\"@id\":\"https:\/\/tourtravelandmore.com\/fr\/#website\"},\"primaryImageOfPage\":{\"@id\":\"https:\/\/tourtravelandmore.com\/fr\/tours\/france-fr\/bordeaux-fr\/visite-privee-de-saint-emilion-et-pomerol\/#primaryimage\"},\"image\":{\"@id\":\"https:\/\/tourtravelandmore.com\/fr\/tours\/france-fr\/bordeaux-fr\/visite-privee-de-saint-emilion-et-pomerol\/#primaryimage\"},\"thumbnailUrl\":\"https:\/\/tourtravelandmore.com\/wp-content\/uploads\/2019\/08\/saint-emilion-3876997_960_720.jpg\",\"datePublished\":\"2019-08-14T09:38:12+00:00\",\"description\":\"Explorez avec cette excursion \u00e0 terre toute la ville de Saint-Emilion et Pomerol avec cette visite priv\u00e9e de Saint-Emilion et Pomerol\",\"breadcrumb\":{\"@id\":\"https:\/\/tourtravelandmore.com\/fr\/tours\/france-fr\/bordeaux-fr\/visite-privee-de-saint-emilion-et-pomerol\/#breadcrumb\"},\"inLanguage\":\"fr-FR\",\"potentialAction\":[{\"@type\":\"ReadAction\",\"target\":[\"https:\/\/tourtravelandmore.com\/fr\/tours\/france-fr\/bordeaux-fr\/visite-privee-de-saint-emilion-et-pomerol\/\"]}]},{\"@type\":\"ImageObject\",\"inLanguage\":\"fr-FR\",\"@id\":\"https:\/\/tourtravelandmore.com\/fr\/tours\/france-fr\/bordeaux-fr\/visite-privee-de-saint-emilion-et-pomerol\/#primaryimage\",\"url\":\"https:\/\/tourtravelandmore.com\/wp-content\/uploads\/2019\/08\/saint-emilion-3876997_960_720.jpg\",\"contentUrl\":\"https:\/\/tourtravelandmore.com\/wp-content\/uploads\/2019\/08\/saint-emilion-3876997_960_720.jpg\",\"width\":960,\"height\":720},{\"@type\":\"BreadcrumbList\",\"@id\":\"https:\/\/tourtravelandmore.com\/fr\/tours\/france-fr\/bordeaux-fr\/visite-privee-de-saint-emilion-et-pomerol\/#breadcrumb\",\"itemListElement\":[{\"@type\":\"ListItem\",\"position\":1,\"name\":\"Home\",\"item\":\"https:\/\/tourtravelandmore.com\/fr\/\"},{\"@type\":\"ListItem\",\"position\":2,\"name\":\"Tours\",\"item\":\"https:\/\/tourtravelandmore.com\/fr\/tours\/\"},{\"@type\":\"ListItem\",\"position\":3,\"name\":\"Visite priv\u00e9e de Saint &#8211; Emilion et Pomerol\"}]},{\"@type\":\"WebSite\",\"@id\":\"https:\/\/tourtravelandmore.com\/fr\/#website\",\"url\":\"https:\/\/tourtravelandmore.com\/fr\/\",\"name\":\"Tour Travel And More\",\"description\":\"Private sightseeing tours and luxury transfers in Spain\",\"publisher\":{\"@id\":\"https:\/\/tourtravelandmore.com\/fr\/#organization\"},\"potentialAction\":[{\"@type\":\"SearchAction\",\"target\":{\"@type\":\"EntryPoint\",\"urlTemplate\":\"https:\/\/tourtravelandmore.com\/fr\/?s={search_term_string}\"},\"query-input\":{\"@type\":\"PropertyValueSpecification\",\"valueRequired\":true,\"valueName\":\"search_term_string\"}}],\"inLanguage\":\"fr-FR\"},{\"@type\":\"Organization\",\"@id\":\"https:\/\/tourtravelandmore.com\/fr\/#organization\",\"name\":\"Tour Travel And More\",\"url\":\"https:\/\/tourtravelandmore.com\/fr\/\",\"logo\":{\"@type\":\"ImageObject\",\"inLanguage\":\"fr-FR\",\"@id\":\"https:\/\/tourtravelandmore.com\/fr\/#\/schema\/logo\/image\/\",\"url\":\"https:\/\/tourtravelandmore.com\/wp-content\/uploads\/2022\/12\/cropped-logo-cabecera-new.png\",\"contentUrl\":\"https:\/\/tourtravelandmore.com\/wp-content\/uploads\/2022\/12\/cropped-logo-cabecera-new.png\",\"width\":430,\"height\":61,\"caption\":\"Tour Travel And More\"},\"image\":{\"@id\":\"https:\/\/tourtravelandmore.com\/fr\/#\/schema\/logo\/image\/\"},\"sameAs\":[\"https:\/\/www.facebook.com\/tourtravelandmore\/\",\"https:\/\/x.com\/TourTravel_More\"]}]}<\/script>\n<!-- \/ Yoast SEO Premium plugin. -->","yoast_head_json":{"title":"Visite priv\u00e9e de Saint - Emilion et Pomerol - Excursion \u00e0 terre","description":"Explorez avec cette excursion \u00e0 terre toute la ville de Saint-Emilion et Pomerol avec cette visite priv\u00e9e de Saint-Emilion et Pomerol","robots":{"index":"index","follow":"follow","max-snippet":"max-snippet:-1","max-image-preview":"max-image-preview:large","max-video-preview":"max-video-preview:-1"},"canonical":"https:\/\/tourtravelandmore.com\/fr\/tours\/france-fr\/bordeaux-fr\/visite-privee-de-saint-emilion-et-pomerol\/","og_locale":"fr_FR","og_type":"article","og_title":"Visite priv\u00e9e de Saint - Emilion et Pomerol","og_description":"Explorez avec cette excursion \u00e0 terre toute la ville de Saint-Emilion et Pomerol avec cette visite priv\u00e9e de Saint-Emilion et Pomerol","og_url":"https:\/\/tourtravelandmore.com\/fr\/tours\/france-fr\/bordeaux-fr\/visite-privee-de-saint-emilion-et-pomerol\/","og_site_name":"Tour Travel And More","article_publisher":"https:\/\/www.facebook.com\/tourtravelandmore\/","og_image":[{"width":960,"height":720,"url":"https:\/\/tourtravelandmore.com\/wp-content\/uploads\/2019\/08\/saint-emilion-3876997_960_720.jpg","type":"image\/jpeg"}],"twitter_card":"summary_large_image","twitter_site":"@TourTravel_More","twitter_misc":{"Dur\u00e9e de lecture estim\u00e9e":"2 minutes"},"schema":{"@context":"https:\/\/schema.org","@graph":[{"@type":"WebPage","@id":"https:\/\/tourtravelandmore.com\/fr\/tours\/france-fr\/bordeaux-fr\/visite-privee-de-saint-emilion-et-pomerol\/","url":"https:\/\/tourtravelandmore.com\/fr\/tours\/france-fr\/bordeaux-fr\/visite-privee-de-saint-emilion-et-pomerol\/","name":"Visite priv\u00e9e de Saint - Emilion et Pomerol - Excursion \u00e0 terre","isPartOf":{"@id":"https:\/\/tourtravelandmore.com\/fr\/#website"},"primaryImageOfPage":{"@id":"https:\/\/tourtravelandmore.com\/fr\/tours\/france-fr\/bordeaux-fr\/visite-privee-de-saint-emilion-et-pomerol\/#primaryimage"},"image":{"@id":"https:\/\/tourtravelandmore.com\/fr\/tours\/france-fr\/bordeaux-fr\/visite-privee-de-saint-emilion-et-pomerol\/#primaryimage"},"thumbnailUrl":"https:\/\/tourtravelandmore.com\/wp-content\/uploads\/2019\/08\/saint-emilion-3876997_960_720.jpg","datePublished":"2019-08-14T09:38:12+00:00","description":"Explorez avec cette excursion \u00e0 terre toute la ville de Saint-Emilion et Pomerol avec cette visite priv\u00e9e de Saint-Emilion et Pomerol","breadcrumb":{"@id":"https:\/\/tourtravelandmore.com\/fr\/tours\/france-fr\/bordeaux-fr\/visite-privee-de-saint-emilion-et-pomerol\/#breadcrumb"},"inLanguage":"fr-FR","potentialAction":[{"@type":"ReadAction","target":["https:\/\/tourtravelandmore.com\/fr\/tours\/france-fr\/bordeaux-fr\/visite-privee-de-saint-emilion-et-pomerol\/"]}]},{"@type":"ImageObject","inLanguage":"fr-FR","@id":"https:\/\/tourtravelandmore.com\/fr\/tours\/france-fr\/bordeaux-fr\/visite-privee-de-saint-emilion-et-pomerol\/#primaryimage","url":"https:\/\/tourtravelandmore.com\/wp-content\/uploads\/2019\/08\/saint-emilion-3876997_960_720.jpg","contentUrl":"https:\/\/tourtravelandmore.com\/wp-content\/uploads\/2019\/08\/saint-emilion-3876997_960_720.jpg","width":960,"height":720},{"@type":"BreadcrumbList","@id":"https:\/\/tourtravelandmore.com\/fr\/tours\/france-fr\/bordeaux-fr\/visite-privee-de-saint-emilion-et-pomerol\/#breadcrumb","itemListElement":[{"@type":"ListItem","position":1,"name":"Home","item":"https:\/\/tourtravelandmore.com\/fr\/"},{"@type":"ListItem","position":2,"name":"Tours","item":"https:\/\/tourtravelandmore.com\/fr\/tours\/"},{"@type":"ListItem","position":3,"name":"Visite priv\u00e9e de Saint &#8211; Emilion et Pomerol"}]},{"@type":"WebSite","@id":"https:\/\/tourtravelandmore.com\/fr\/#website","url":"https:\/\/tourtravelandmore.com\/fr\/","name":"Tour Travel And More","description":"Private sightseeing tours and luxury transfers in Spain","publisher":{"@id":"https:\/\/tourtravelandmore.com\/fr\/#organization"},"potentialAction":[{"@type":"SearchAction","target":{"@type":"EntryPoint","urlTemplate":"https:\/\/tourtravelandmore.com\/fr\/?s={search_term_string}"},"query-input":{"@type":"PropertyValueSpecification","valueRequired":true,"valueName":"search_term_string"}}],"inLanguage":"fr-FR"},{"@type":"Organization","@id":"https:\/\/tourtravelandmore.com\/fr\/#organization","name":"Tour Travel And More","url":"https:\/\/tourtravelandmore.com\/fr\/","logo":{"@type":"ImageObject","inLanguage":"fr-FR","@id":"https:\/\/tourtravelandmore.com\/fr\/#\/schema\/logo\/image\/","url":"https:\/\/tourtravelandmore.com\/wp-content\/uploads\/2022\/12\/cropped-logo-cabecera-new.png","contentUrl":"https:\/\/tourtravelandmore.com\/wp-content\/uploads\/2022\/12\/cropped-logo-cabecera-new.png","width":430,"height":61,"caption":"Tour Travel And More"},"image":{"@id":"https:\/\/tourtravelandmore.com\/fr\/#\/schema\/logo\/image\/"},"sameAs":["https:\/\/www.facebook.com\/tourtravelandmore\/","https:\/\/x.com\/TourTravel_More"]}]}},"_links":{"self":[{"href":"https:\/\/tourtravelandmore.com\/fr\/wp-json\/wp\/v2\/product\/99924","targetHints":{"allow":["GET"]}}],"collection":[{"href":"https:\/\/tourtravelandmore.com\/fr\/wp-json\/wp\/v2\/product"}],"about":[{"href":"https:\/\/tourtravelandmore.com\/fr\/wp-json\/wp\/v2\/types\/product"}],"replies":[{"embeddable":true,"href":"https:\/\/tourtravelandmore.com\/fr\/wp-json\/wp\/v2\/comments?post=99924"}],"wp:featuredmedia":[{"embeddable":true,"href":"https:\/\/tourtravelandmore.com\/fr\/wp-json\/wp\/v2\/media\/96016"}],"wp:attachment":[{"href":"https:\/\/tourtravelandmore.com\/fr\/wp-json\/wp\/v2\/media?parent=99924"}],"wp:term":[{"taxonomy":"product_brand","embeddable":true,"href":"https:\/\/tourtravelandmore.com\/fr\/wp-json\/wp\/v2\/product_brand?post=99924"},{"taxonomy":"product_cat","embeddable":true,"href":"https:\/\/tourtravelandmore.com\/fr\/wp-json\/wp\/v2\/product_cat?post=99924"},{"taxonomy":"product_tag","embeddable":true,"href":"https:\/\/tourtravelandmore.com\/fr\/wp-json\/wp\/v2\/product_tag?post=99924"}],"curies":[{"name":"wp","href":"https:\/\/api.w.org\/{rel}","templated":true}]}}