{"id":99919,"date":"2019-08-14T02:45:57","date_gmt":"2019-08-14T00:45:57","guid":{"rendered":"https:\/\/tourtravelandmore.com\/tours\/non class\u00e9\/visite-privee-a-pied-de-bordeaux\/"},"modified":"2019-08-14T02:45:57","modified_gmt":"2019-08-14T00:45:57","slug":"visite-privee-a-pied-de-bordeaux","status":"publish","type":"product","link":"https:\/\/tourtravelandmore.com\/fr\/tours\/france-fr\/bordeaux-fr\/visite-privee-a-pied-de-bordeaux\/","title":{"rendered":"Visite priv\u00e9e \u00e0 pied de Bordeaux"},"content":{"rendered":"<h2>Description<\/h2>\n<p>Votre guide officiel priv\u00e9 sera attentif \u00e0 explorer les endroits les plus embl\u00e9matiques et impressionnants de la ville, o\u00f9 vous pourrez prendre les meilleures photos quand et o\u00f9 vous le souhaitez lors de votre visite priv\u00e9e. C&#8217;est une exp\u00e9rience parfaite pour vous et cette visite priv\u00e9e \u00e0 pied de Bordeaux vous attend. Nous vous aiderons \u00e0 d\u00e9couvrir le centre-ville unique de Bordeaux.<\/p>\n<p>Pour conna\u00eetre la ville en tant que local, le meilleur moyen est de faire une visite \u00e0 pied. C&#8217;est pourquoi notre visite priv\u00e9e \u00e0 pied de Bordeaux est id\u00e9ale pour vous.<\/p>\n<p>Cette visite priv\u00e9e commencera \u00e0 partir d&#8217;un point de rencontre situ\u00e9 au centre de la ville. Si vous s\u00e9journez dans un h\u00f4tel du centre-ville, nous pouvons voir pour organiser une prise en charge priv\u00e9e \u00e0 pied. Cela sera arrang\u00e9 une fois que nous conna\u00eetrons les d\u00e9tails de votre h\u00f4tel.<\/p>\n<p>Nous commencerons ensuite cette visite priv\u00e9e et vous pourrez profiter du meilleur du centre-ville de Bordeaux.<\/p>\n<h2>Sites d&#8217;int\u00e9r\u00eat et monuments<\/h2>\n<p>Au cours de votre visite priv\u00e9e, vous d\u00e9couvrirez certains des endroits les plus reconnus de la ville, o\u00f9 vous serez t\u00e9moin de sa beaut\u00e9 architecturale unique. Parmi les sites que vous pouvez visiter nous vous proposons<\/p>\n<ul>\n<li>Rue Sainte Catherine<\/li>\n<li>Grand th\u00e9\u00e2tre de Bordeaux (Le Grand Th\u00e9\u00e2tre)<\/li>\n<li>Place de la Bourse (Place de la Bourse)<\/li>\n<li>Place des Quinconces (Place des Quincoces)<\/li>\n<li>Saint-Seurin<\/li>\n<li>Mus\u00e9e des beaux-arts<\/li>\n<li>Beaucoup plus!<\/li>\n<\/ul>\n<p>Ne manquez pas nos autres circuits priv\u00e9s que nous pouvons vous proposer \u00e0 Bordeaux. Nous pouvons organiser tout type d&#8217;exp\u00e9rience priv\u00e9e pour vous. Ceci n&#8217;est qu&#8217;un exemple de nos circuits sous la forme de cette visite priv\u00e9e \u00e0 pied de Bordeaux.<\/p>\n","protected":false},"excerpt":{"rendered":"<p>Explorez et profitez de cette visite priv\u00e9e \u00e0 pied de 3 heures de Bordeaux, o\u00f9 vous pourrez admirer la beaut\u00e9 urbaine de ses rues, monuments et b\u00e2timents stylis\u00e9s les plus importants de cette ville europ\u00e9enne populaire. Tout au long de la visite, votre guide officiel priv\u00e9 vous fera appr\u00e9cier la beaut\u00e9 architecturale de la ville avec ses b\u00e2timents classiques, tels que le Grand Th\u00e9\u00e2tre, la cath\u00e9drale Saint-And\u00e9, le mus\u00e9e des Beaux-Arts et bien d&#8217;autres.<\/p>\n","protected":false},"featured_media":96054,"comment_status":"open","ping_status":"closed","template":"","meta":{"_acf_changed":false},"product_brand":[],"product_cat":[3593],"product_tag":[],"class_list":{"0":"post-99919","1":"product","2":"type-product","3":"status-publish","4":"has-post-thumbnail","6":"product_cat-bordeaux-fr","8":"first","9":"instock","10":"shipping-taxable","11":"purchasable","12":"product-type-simple"},"acf":[],"yoast_head":"<!-- This site is optimized with the Yoast SEO Premium plugin v25.3.1 (Yoast SEO v25.3.1) - https:\/\/yoast.com\/wordpress\/plugins\/seo\/ -->\n<title>Visite priv\u00e9e \u00e0 pied de Bordeaux avec guide priv\u00e9<\/title>\n<meta name=\"description\" content=\"Explorez et profitez de toute la ville de Bordeaux avec cette visite priv\u00e9e \u00e0 pied de 3 heures \u00e0 Bordeaux avec un guide et d\u00e9couvrez des endroits incroyables\" \/>\n<meta name=\"robots\" content=\"index, follow, max-snippet:-1, max-image-preview:large, max-video-preview:-1\" \/>\n<link rel=\"canonical\" href=\"https:\/\/tourtravelandmore.com\/fr\/tours\/france-fr\/bordeaux-fr\/visite-privee-a-pied-de-bordeaux\/\" \/>\n<meta property=\"og:locale\" content=\"fr_FR\" \/>\n<meta property=\"og:type\" content=\"article\" \/>\n<meta property=\"og:title\" content=\"Visite priv\u00e9e \u00e0 pied de Bordeaux\" \/>\n<meta property=\"og:description\" content=\"Explorez et profitez de toute la ville de Bordeaux avec cette visite priv\u00e9e \u00e0 pied de 3 heures \u00e0 Bordeaux avec un guide et d\u00e9couvrez des endroits incroyables\" \/>\n<meta property=\"og:url\" content=\"https:\/\/tourtravelandmore.com\/fr\/tours\/france-fr\/bordeaux-fr\/visite-privee-a-pied-de-bordeaux\/\" \/>\n<meta property=\"og:site_name\" content=\"Tour Travel And More\" \/>\n<meta property=\"article:publisher\" content=\"https:\/\/www.facebook.com\/tourtravelandmore\/\" \/>\n<meta property=\"og:image\" content=\"https:\/\/tourtravelandmore.com\/wp-content\/uploads\/2019\/08\/bordeaux-1726060_960_720.jpg\" \/>\n\t<meta property=\"og:image:width\" content=\"960\" \/>\n\t<meta property=\"og:image:height\" content=\"351\" \/>\n\t<meta property=\"og:image:type\" content=\"image\/jpeg\" \/>\n<meta name=\"twitter:card\" content=\"summary_large_image\" \/>\n<meta name=\"twitter:site\" content=\"@TourTravel_More\" \/>\n<meta name=\"twitter:label1\" content=\"Dur\u00e9e de lecture estim\u00e9e\" \/>\n\t<meta name=\"twitter:data1\" content=\"1 minute\" \/>\n<script type=\"application\/ld+json\" class=\"yoast-schema-graph\">{\"@context\":\"https:\/\/schema.org\",\"@graph\":[{\"@type\":\"WebPage\",\"@id\":\"https:\/\/tourtravelandmore.com\/fr\/tours\/france-fr\/bordeaux-fr\/visite-privee-a-pied-de-bordeaux\/\",\"url\":\"https:\/\/tourtravelandmore.com\/fr\/tours\/france-fr\/bordeaux-fr\/visite-privee-a-pied-de-bordeaux\/\",\"name\":\"Visite priv\u00e9e \u00e0 pied de Bordeaux avec guide priv\u00e9\",\"isPartOf\":{\"@id\":\"https:\/\/tourtravelandmore.com\/fr\/#website\"},\"primaryImageOfPage\":{\"@id\":\"https:\/\/tourtravelandmore.com\/fr\/tours\/france-fr\/bordeaux-fr\/visite-privee-a-pied-de-bordeaux\/#primaryimage\"},\"image\":{\"@id\":\"https:\/\/tourtravelandmore.com\/fr\/tours\/france-fr\/bordeaux-fr\/visite-privee-a-pied-de-bordeaux\/#primaryimage\"},\"thumbnailUrl\":\"https:\/\/tourtravelandmore.com\/wp-content\/uploads\/2019\/08\/bordeaux-1726060_960_720.jpg\",\"datePublished\":\"2019-08-14T00:45:57+00:00\",\"description\":\"Explorez et profitez de toute la ville de Bordeaux avec cette visite priv\u00e9e \u00e0 pied de 3 heures \u00e0 Bordeaux avec un guide et d\u00e9couvrez des endroits incroyables\",\"breadcrumb\":{\"@id\":\"https:\/\/tourtravelandmore.com\/fr\/tours\/france-fr\/bordeaux-fr\/visite-privee-a-pied-de-bordeaux\/#breadcrumb\"},\"inLanguage\":\"fr-FR\",\"potentialAction\":[{\"@type\":\"ReadAction\",\"target\":[\"https:\/\/tourtravelandmore.com\/fr\/tours\/france-fr\/bordeaux-fr\/visite-privee-a-pied-de-bordeaux\/\"]}]},{\"@type\":\"ImageObject\",\"inLanguage\":\"fr-FR\",\"@id\":\"https:\/\/tourtravelandmore.com\/fr\/tours\/france-fr\/bordeaux-fr\/visite-privee-a-pied-de-bordeaux\/#primaryimage\",\"url\":\"https:\/\/tourtravelandmore.com\/wp-content\/uploads\/2019\/08\/bordeaux-1726060_960_720.jpg\",\"contentUrl\":\"https:\/\/tourtravelandmore.com\/wp-content\/uploads\/2019\/08\/bordeaux-1726060_960_720.jpg\",\"width\":960,\"height\":351},{\"@type\":\"BreadcrumbList\",\"@id\":\"https:\/\/tourtravelandmore.com\/fr\/tours\/france-fr\/bordeaux-fr\/visite-privee-a-pied-de-bordeaux\/#breadcrumb\",\"itemListElement\":[{\"@type\":\"ListItem\",\"position\":1,\"name\":\"Home\",\"item\":\"https:\/\/tourtravelandmore.com\/fr\/\"},{\"@type\":\"ListItem\",\"position\":2,\"name\":\"Tours\",\"item\":\"https:\/\/tourtravelandmore.com\/fr\/tours\/\"},{\"@type\":\"ListItem\",\"position\":3,\"name\":\"Visite priv\u00e9e \u00e0 pied de Bordeaux\"}]},{\"@type\":\"WebSite\",\"@id\":\"https:\/\/tourtravelandmore.com\/fr\/#website\",\"url\":\"https:\/\/tourtravelandmore.com\/fr\/\",\"name\":\"Tour Travel And More\",\"description\":\"Private sightseeing tours and luxury transfers in Spain\",\"publisher\":{\"@id\":\"https:\/\/tourtravelandmore.com\/fr\/#organization\"},\"potentialAction\":[{\"@type\":\"SearchAction\",\"target\":{\"@type\":\"EntryPoint\",\"urlTemplate\":\"https:\/\/tourtravelandmore.com\/fr\/?s={search_term_string}\"},\"query-input\":{\"@type\":\"PropertyValueSpecification\",\"valueRequired\":true,\"valueName\":\"search_term_string\"}}],\"inLanguage\":\"fr-FR\"},{\"@type\":\"Organization\",\"@id\":\"https:\/\/tourtravelandmore.com\/fr\/#organization\",\"name\":\"Tour Travel And More\",\"url\":\"https:\/\/tourtravelandmore.com\/fr\/\",\"logo\":{\"@type\":\"ImageObject\",\"inLanguage\":\"fr-FR\",\"@id\":\"https:\/\/tourtravelandmore.com\/fr\/#\/schema\/logo\/image\/\",\"url\":\"https:\/\/tourtravelandmore.com\/wp-content\/uploads\/2022\/12\/cropped-logo-cabecera-new.png\",\"contentUrl\":\"https:\/\/tourtravelandmore.com\/wp-content\/uploads\/2022\/12\/cropped-logo-cabecera-new.png\",\"width\":430,\"height\":61,\"caption\":\"Tour Travel And More\"},\"image\":{\"@id\":\"https:\/\/tourtravelandmore.com\/fr\/#\/schema\/logo\/image\/\"},\"sameAs\":[\"https:\/\/www.facebook.com\/tourtravelandmore\/\",\"https:\/\/x.com\/TourTravel_More\"]}]}<\/script>\n<!-- \/ Yoast SEO Premium plugin. -->","yoast_head_json":{"title":"Visite priv\u00e9e \u00e0 pied de Bordeaux avec guide priv\u00e9","description":"Explorez et profitez de toute la ville de Bordeaux avec cette visite priv\u00e9e \u00e0 pied de 3 heures \u00e0 Bordeaux avec un guide et d\u00e9couvrez des endroits incroyables","robots":{"index":"index","follow":"follow","max-snippet":"max-snippet:-1","max-image-preview":"max-image-preview:large","max-video-preview":"max-video-preview:-1"},"canonical":"https:\/\/tourtravelandmore.com\/fr\/tours\/france-fr\/bordeaux-fr\/visite-privee-a-pied-de-bordeaux\/","og_locale":"fr_FR","og_type":"article","og_title":"Visite priv\u00e9e \u00e0 pied de Bordeaux","og_description":"Explorez et profitez de toute la ville de Bordeaux avec cette visite priv\u00e9e \u00e0 pied de 3 heures \u00e0 Bordeaux avec un guide et d\u00e9couvrez des endroits incroyables","og_url":"https:\/\/tourtravelandmore.com\/fr\/tours\/france-fr\/bordeaux-fr\/visite-privee-a-pied-de-bordeaux\/","og_site_name":"Tour Travel And More","article_publisher":"https:\/\/www.facebook.com\/tourtravelandmore\/","og_image":[{"width":960,"height":351,"url":"https:\/\/tourtravelandmore.com\/wp-content\/uploads\/2019\/08\/bordeaux-1726060_960_720.jpg","type":"image\/jpeg"}],"twitter_card":"summary_large_image","twitter_site":"@TourTravel_More","twitter_misc":{"Dur\u00e9e de lecture estim\u00e9e":"1 minute"},"schema":{"@context":"https:\/\/schema.org","@graph":[{"@type":"WebPage","@id":"https:\/\/tourtravelandmore.com\/fr\/tours\/france-fr\/bordeaux-fr\/visite-privee-a-pied-de-bordeaux\/","url":"https:\/\/tourtravelandmore.com\/fr\/tours\/france-fr\/bordeaux-fr\/visite-privee-a-pied-de-bordeaux\/","name":"Visite priv\u00e9e \u00e0 pied de Bordeaux avec guide priv\u00e9","isPartOf":{"@id":"https:\/\/tourtravelandmore.com\/fr\/#website"},"primaryImageOfPage":{"@id":"https:\/\/tourtravelandmore.com\/fr\/tours\/france-fr\/bordeaux-fr\/visite-privee-a-pied-de-bordeaux\/#primaryimage"},"image":{"@id":"https:\/\/tourtravelandmore.com\/fr\/tours\/france-fr\/bordeaux-fr\/visite-privee-a-pied-de-bordeaux\/#primaryimage"},"thumbnailUrl":"https:\/\/tourtravelandmore.com\/wp-content\/uploads\/2019\/08\/bordeaux-1726060_960_720.jpg","datePublished":"2019-08-14T00:45:57+00:00","description":"Explorez et profitez de toute la ville de Bordeaux avec cette visite priv\u00e9e \u00e0 pied de 3 heures \u00e0 Bordeaux avec un guide et d\u00e9couvrez des endroits incroyables","breadcrumb":{"@id":"https:\/\/tourtravelandmore.com\/fr\/tours\/france-fr\/bordeaux-fr\/visite-privee-a-pied-de-bordeaux\/#breadcrumb"},"inLanguage":"fr-FR","potentialAction":[{"@type":"ReadAction","target":["https:\/\/tourtravelandmore.com\/fr\/tours\/france-fr\/bordeaux-fr\/visite-privee-a-pied-de-bordeaux\/"]}]},{"@type":"ImageObject","inLanguage":"fr-FR","@id":"https:\/\/tourtravelandmore.com\/fr\/tours\/france-fr\/bordeaux-fr\/visite-privee-a-pied-de-bordeaux\/#primaryimage","url":"https:\/\/tourtravelandmore.com\/wp-content\/uploads\/2019\/08\/bordeaux-1726060_960_720.jpg","contentUrl":"https:\/\/tourtravelandmore.com\/wp-content\/uploads\/2019\/08\/bordeaux-1726060_960_720.jpg","width":960,"height":351},{"@type":"BreadcrumbList","@id":"https:\/\/tourtravelandmore.com\/fr\/tours\/france-fr\/bordeaux-fr\/visite-privee-a-pied-de-bordeaux\/#breadcrumb","itemListElement":[{"@type":"ListItem","position":1,"name":"Home","item":"https:\/\/tourtravelandmore.com\/fr\/"},{"@type":"ListItem","position":2,"name":"Tours","item":"https:\/\/tourtravelandmore.com\/fr\/tours\/"},{"@type":"ListItem","position":3,"name":"Visite priv\u00e9e \u00e0 pied de Bordeaux"}]},{"@type":"WebSite","@id":"https:\/\/tourtravelandmore.com\/fr\/#website","url":"https:\/\/tourtravelandmore.com\/fr\/","name":"Tour Travel And More","description":"Private sightseeing tours and luxury transfers in Spain","publisher":{"@id":"https:\/\/tourtravelandmore.com\/fr\/#organization"},"potentialAction":[{"@type":"SearchAction","target":{"@type":"EntryPoint","urlTemplate":"https:\/\/tourtravelandmore.com\/fr\/?s={search_term_string}"},"query-input":{"@type":"PropertyValueSpecification","valueRequired":true,"valueName":"search_term_string"}}],"inLanguage":"fr-FR"},{"@type":"Organization","@id":"https:\/\/tourtravelandmore.com\/fr\/#organization","name":"Tour Travel And More","url":"https:\/\/tourtravelandmore.com\/fr\/","logo":{"@type":"ImageObject","inLanguage":"fr-FR","@id":"https:\/\/tourtravelandmore.com\/fr\/#\/schema\/logo\/image\/","url":"https:\/\/tourtravelandmore.com\/wp-content\/uploads\/2022\/12\/cropped-logo-cabecera-new.png","contentUrl":"https:\/\/tourtravelandmore.com\/wp-content\/uploads\/2022\/12\/cropped-logo-cabecera-new.png","width":430,"height":61,"caption":"Tour Travel And More"},"image":{"@id":"https:\/\/tourtravelandmore.com\/fr\/#\/schema\/logo\/image\/"},"sameAs":["https:\/\/www.facebook.com\/tourtravelandmore\/","https:\/\/x.com\/TourTravel_More"]}]}},"_links":{"self":[{"href":"https:\/\/tourtravelandmore.com\/fr\/wp-json\/wp\/v2\/product\/99919","targetHints":{"allow":["GET"]}}],"collection":[{"href":"https:\/\/tourtravelandmore.com\/fr\/wp-json\/wp\/v2\/product"}],"about":[{"href":"https:\/\/tourtravelandmore.com\/fr\/wp-json\/wp\/v2\/types\/product"}],"replies":[{"embeddable":true,"href":"https:\/\/tourtravelandmore.com\/fr\/wp-json\/wp\/v2\/comments?post=99919"}],"wp:featuredmedia":[{"embeddable":true,"href":"https:\/\/tourtravelandmore.com\/fr\/wp-json\/wp\/v2\/media\/96054"}],"wp:attachment":[{"href":"https:\/\/tourtravelandmore.com\/fr\/wp-json\/wp\/v2\/media?parent=99919"}],"wp:term":[{"taxonomy":"product_brand","embeddable":true,"href":"https:\/\/tourtravelandmore.com\/fr\/wp-json\/wp\/v2\/product_brand?post=99919"},{"taxonomy":"product_cat","embeddable":true,"href":"https:\/\/tourtravelandmore.com\/fr\/wp-json\/wp\/v2\/product_cat?post=99919"},{"taxonomy":"product_tag","embeddable":true,"href":"https:\/\/tourtravelandmore.com\/fr\/wp-json\/wp\/v2\/product_tag?post=99919"}],"curies":[{"name":"wp","href":"https:\/\/api.w.org\/{rel}","templated":true}]}}