{"id":99914,"date":"2018-03-07T16:10:04","date_gmt":"2018-03-07T15:10:04","guid":{"rendered":"https:\/\/tourtravelandmore.com\/tours\/non class\u00e9\/private-wine-tour-to-cotes-de-provence\/"},"modified":"2018-03-07T16:10:04","modified_gmt":"2018-03-07T15:10:04","slug":"private-wine-tour-to-cotes-de-provence","status":"publish","type":"product","link":"https:\/\/tourtravelandmore.com\/fr\/tours\/france-fr\/cannes-fr\/private-wine-tour-to-cotes-de-provence\/","title":{"rendered":"Private Wine Tour to Cotes de Provence"},"content":{"rendered":"<h2>Description<\/h2>\n<p>Ce n&#8217;est un secret pour personne que la France produit l&#8217;un des meilleurs vins du monde. Chaque r\u00e9gion du pays a ses propres secrets et style, et m\u00e9rite de l&#8217;explorer. Si vous \u00eates amateur de vin, nous vous recommandons cette visite viticole priv\u00e9e de Cannes aux vignobles des C\u00f4tes de Provence. Votre chauffeur \/ guide priv\u00e9 vous conduira dans cette magnifique r\u00e9gion et vous conduira dans les meilleurs vignobles locaux. Vous profiterez d&#8217;une visite guid\u00e9e avec les vignerons locaux et vous d\u00e9gusterez le vin incroyable qu&#8217;ils produisent.<\/p>\n<p>Votre chauffeur priv\u00e9 viendra vous chercher \u00e0 l&#8217;endroit souhait\u00e9 \u00e0 Cannes. Votre visite priv\u00e9e peut commencer depuis votre h\u00f4tel, appartement, port de croisi\u00e8re ou tout autre site de la C\u00f4te d&#8217;Azur.<br \/>\nPrenez contact avec nous! Notre \u00e9quipe vous aidera \u00e0 organiser une exp\u00e9rience sur mesure. Nous proposons plusieurs visites priv\u00e9es au d\u00e9part de Cannes, et si vous avez quelque chose de sp\u00e9cial en t\u00eate, faites-le nous savoir, nous pouvons \u00e9galement l&#8217;organiser!<\/p>\n<h2>Sites d&#8217;int\u00e9r\u00eat et monuments<\/h2>\n<p>Les vignerons fran\u00e7ais produisent du vin depuis des si\u00e8cles. On estime que la France compte environ 150 000 vignerons, qui produisent au total 1,5 milliard de gallons de vin par an. De nos jours, presque tous les c\u00e9pages disponibles dans le monde proviennent de France. Le style de raisin fran\u00e7ais est reconnu comme l&#8217;arch\u00e9type par rapport auquel les vins modernes du monde entier sont \u00e9valu\u00e9s.<\/p>\n<p>Au cours de cette visite viticole priv\u00e9e au d\u00e9part de Cannes, vous explorerez l&#8217;une des meilleures r\u00e9gions viticoles du sud du pays, les C\u00f4tes de Provence. La moiti\u00e9 du vin ros\u00e9 produit en France est produit dans cette r\u00e9gion. La zone s&#8217;\u00e9tend de Marseille \u00e0 Nice, couvrant pr\u00e8s de 50 000 hectares et produisant 160 millions de bouteilles par an. Au cours de votre visite priv\u00e9e, vous visiterez 2 ou 3 \u00e9tablissements vinicoles locaux, o\u00f9 vous pourrez profiter d&#8217;une visite guid\u00e9e avec les vignerons locaux et d\u00e9guster les vins locaux.<br \/>\nVous aurez bien s\u00fbr du temps libre pour un bon d\u00e9jeuner fran\u00e7ais! Nous pouvons organiser une r\u00e9servation \u00e0 l&#8217;avance, ou vous pouvez choisir avec votre guide de recommandation sur place.<\/p>\n<p>La dur\u00e9e exacte de la visite est adaptable \u00e0 votre d\u00e9sir personnel. Notre proposition a une dur\u00e9e de 7 heures, mais cela peut \u00eatre plus court ou plus long en fonction de votre int\u00e9r\u00eat personnel. Contactez-nous pour une exp\u00e9rience personnalis\u00e9e!<\/p>\n","protected":false},"excerpt":{"rendered":"<p>Profitez de cette exp\u00e9rience priv\u00e9e sur mesure et d\u00e9couvrez la magnifique r\u00e9gion viticole des C\u00f4tes de Provence. Apprenez \u00e0 conna\u00eetre cette belle r\u00e9gion du sud de la France o\u00f9 sont produits certains des meilleurs vins du monde. Vous visiterez des \u00e9tablissements vinicoles familiaux et d\u00e9gusterez les vins locaux!<\/p>\n","protected":false},"featured_media":94774,"comment_status":"open","ping_status":"closed","template":"","meta":{"_acf_changed":false},"product_brand":[],"product_cat":[3592],"product_tag":[],"class_list":{"0":"post-99914","1":"product","2":"type-product","3":"status-publish","4":"has-post-thumbnail","6":"product_cat-cannes-fr","8":"first","9":"instock","10":"shipping-taxable","11":"purchasable","12":"product-type-simple"},"acf":[],"yoast_head":"<!-- This site is optimized with the Yoast SEO Premium plugin v25.3.1 (Yoast SEO v25.3.1) - https:\/\/yoast.com\/wordpress\/plugins\/seo\/ -->\n<title>Visite viticole priv\u00e9e de Cannes aux C\u00f4tes de Provence avec chauffeur \/ guide<\/title>\n<meta name=\"description\" content=\"Profitez de cette visite priv\u00e9e des vins au d\u00e9part de Cannes et explorez la magnifique r\u00e9gion viticole des C\u00f4tes de Provence. Visitez les vignobles locaux et d\u00e9gustez les vins locaux!\" \/>\n<meta name=\"robots\" content=\"index, follow, max-snippet:-1, max-image-preview:large, max-video-preview:-1\" \/>\n<link rel=\"canonical\" href=\"https:\/\/tourtravelandmore.com\/fr\/tours\/france-fr\/cannes-fr\/private-wine-tour-to-cotes-de-provence\/\" \/>\n<meta property=\"og:locale\" content=\"fr_FR\" \/>\n<meta property=\"og:type\" content=\"article\" \/>\n<meta property=\"og:title\" content=\"Private Wine Tour to Cotes de Provence\" \/>\n<meta property=\"og:description\" content=\"Profitez de cette visite priv\u00e9e des vins au d\u00e9part de Cannes et explorez la magnifique r\u00e9gion viticole des C\u00f4tes de Provence. Visitez les vignobles locaux et d\u00e9gustez les vins locaux!\" \/>\n<meta property=\"og:url\" content=\"https:\/\/tourtravelandmore.com\/fr\/tours\/france-fr\/cannes-fr\/private-wine-tour-to-cotes-de-provence\/\" \/>\n<meta property=\"og:site_name\" content=\"Tour Travel And More\" \/>\n<meta property=\"article:publisher\" content=\"https:\/\/www.facebook.com\/tourtravelandmore\/\" \/>\n<meta property=\"og:image\" content=\"https:\/\/tourtravelandmore.com\/wp-content\/uploads\/2018\/03\/vigne.jpg\" \/>\n\t<meta property=\"og:image:width\" content=\"1920\" \/>\n\t<meta property=\"og:image:height\" content=\"1080\" \/>\n\t<meta property=\"og:image:type\" content=\"image\/jpeg\" \/>\n<meta name=\"twitter:card\" content=\"summary_large_image\" \/>\n<meta name=\"twitter:site\" content=\"@TourTravel_More\" \/>\n<meta name=\"twitter:label1\" content=\"Dur\u00e9e de lecture estim\u00e9e\" \/>\n\t<meta name=\"twitter:data1\" content=\"2 minutes\" \/>\n<script type=\"application\/ld+json\" class=\"yoast-schema-graph\">{\"@context\":\"https:\/\/schema.org\",\"@graph\":[{\"@type\":\"WebPage\",\"@id\":\"https:\/\/tourtravelandmore.com\/fr\/tours\/france-fr\/cannes-fr\/private-wine-tour-to-cotes-de-provence\/\",\"url\":\"https:\/\/tourtravelandmore.com\/fr\/tours\/france-fr\/cannes-fr\/private-wine-tour-to-cotes-de-provence\/\",\"name\":\"Visite viticole priv\u00e9e de Cannes aux C\u00f4tes de Provence avec chauffeur \/ guide\",\"isPartOf\":{\"@id\":\"https:\/\/tourtravelandmore.com\/fr\/#website\"},\"primaryImageOfPage\":{\"@id\":\"https:\/\/tourtravelandmore.com\/fr\/tours\/france-fr\/cannes-fr\/private-wine-tour-to-cotes-de-provence\/#primaryimage\"},\"image\":{\"@id\":\"https:\/\/tourtravelandmore.com\/fr\/tours\/france-fr\/cannes-fr\/private-wine-tour-to-cotes-de-provence\/#primaryimage\"},\"thumbnailUrl\":\"https:\/\/tourtravelandmore.com\/wp-content\/uploads\/2018\/03\/vigne.jpg\",\"datePublished\":\"2018-03-07T15:10:04+00:00\",\"description\":\"Profitez de cette visite priv\u00e9e des vins au d\u00e9part de Cannes et explorez la magnifique r\u00e9gion viticole des C\u00f4tes de Provence. Visitez les vignobles locaux et d\u00e9gustez les vins locaux!\",\"breadcrumb\":{\"@id\":\"https:\/\/tourtravelandmore.com\/fr\/tours\/france-fr\/cannes-fr\/private-wine-tour-to-cotes-de-provence\/#breadcrumb\"},\"inLanguage\":\"fr-FR\",\"potentialAction\":[{\"@type\":\"ReadAction\",\"target\":[\"https:\/\/tourtravelandmore.com\/fr\/tours\/france-fr\/cannes-fr\/private-wine-tour-to-cotes-de-provence\/\"]}]},{\"@type\":\"ImageObject\",\"inLanguage\":\"fr-FR\",\"@id\":\"https:\/\/tourtravelandmore.com\/fr\/tours\/france-fr\/cannes-fr\/private-wine-tour-to-cotes-de-provence\/#primaryimage\",\"url\":\"https:\/\/tourtravelandmore.com\/wp-content\/uploads\/2018\/03\/vigne.jpg\",\"contentUrl\":\"https:\/\/tourtravelandmore.com\/wp-content\/uploads\/2018\/03\/vigne.jpg\",\"width\":1920,\"height\":1080},{\"@type\":\"BreadcrumbList\",\"@id\":\"https:\/\/tourtravelandmore.com\/fr\/tours\/france-fr\/cannes-fr\/private-wine-tour-to-cotes-de-provence\/#breadcrumb\",\"itemListElement\":[{\"@type\":\"ListItem\",\"position\":1,\"name\":\"Home\",\"item\":\"https:\/\/tourtravelandmore.com\/fr\/\"},{\"@type\":\"ListItem\",\"position\":2,\"name\":\"Tours\",\"item\":\"https:\/\/tourtravelandmore.com\/fr\/tours\/\"},{\"@type\":\"ListItem\",\"position\":3,\"name\":\"Private Wine Tour to Cotes de Provence\"}]},{\"@type\":\"WebSite\",\"@id\":\"https:\/\/tourtravelandmore.com\/fr\/#website\",\"url\":\"https:\/\/tourtravelandmore.com\/fr\/\",\"name\":\"Tour Travel And More\",\"description\":\"Private sightseeing tours and luxury transfers in Spain\",\"publisher\":{\"@id\":\"https:\/\/tourtravelandmore.com\/fr\/#organization\"},\"potentialAction\":[{\"@type\":\"SearchAction\",\"target\":{\"@type\":\"EntryPoint\",\"urlTemplate\":\"https:\/\/tourtravelandmore.com\/fr\/?s={search_term_string}\"},\"query-input\":{\"@type\":\"PropertyValueSpecification\",\"valueRequired\":true,\"valueName\":\"search_term_string\"}}],\"inLanguage\":\"fr-FR\"},{\"@type\":\"Organization\",\"@id\":\"https:\/\/tourtravelandmore.com\/fr\/#organization\",\"name\":\"Tour Travel And More\",\"url\":\"https:\/\/tourtravelandmore.com\/fr\/\",\"logo\":{\"@type\":\"ImageObject\",\"inLanguage\":\"fr-FR\",\"@id\":\"https:\/\/tourtravelandmore.com\/fr\/#\/schema\/logo\/image\/\",\"url\":\"https:\/\/tourtravelandmore.com\/wp-content\/uploads\/2022\/12\/cropped-logo-cabecera-new.png\",\"contentUrl\":\"https:\/\/tourtravelandmore.com\/wp-content\/uploads\/2022\/12\/cropped-logo-cabecera-new.png\",\"width\":430,\"height\":61,\"caption\":\"Tour Travel And More\"},\"image\":{\"@id\":\"https:\/\/tourtravelandmore.com\/fr\/#\/schema\/logo\/image\/\"},\"sameAs\":[\"https:\/\/www.facebook.com\/tourtravelandmore\/\",\"https:\/\/x.com\/TourTravel_More\"]}]}<\/script>\n<!-- \/ Yoast SEO Premium plugin. -->","yoast_head_json":{"title":"Visite viticole priv\u00e9e de Cannes aux C\u00f4tes de Provence avec chauffeur \/ guide","description":"Profitez de cette visite priv\u00e9e des vins au d\u00e9part de Cannes et explorez la magnifique r\u00e9gion viticole des C\u00f4tes de Provence. Visitez les vignobles locaux et d\u00e9gustez les vins locaux!","robots":{"index":"index","follow":"follow","max-snippet":"max-snippet:-1","max-image-preview":"max-image-preview:large","max-video-preview":"max-video-preview:-1"},"canonical":"https:\/\/tourtravelandmore.com\/fr\/tours\/france-fr\/cannes-fr\/private-wine-tour-to-cotes-de-provence\/","og_locale":"fr_FR","og_type":"article","og_title":"Private Wine Tour to Cotes de Provence","og_description":"Profitez de cette visite priv\u00e9e des vins au d\u00e9part de Cannes et explorez la magnifique r\u00e9gion viticole des C\u00f4tes de Provence. Visitez les vignobles locaux et d\u00e9gustez les vins locaux!","og_url":"https:\/\/tourtravelandmore.com\/fr\/tours\/france-fr\/cannes-fr\/private-wine-tour-to-cotes-de-provence\/","og_site_name":"Tour Travel And More","article_publisher":"https:\/\/www.facebook.com\/tourtravelandmore\/","og_image":[{"width":1920,"height":1080,"url":"https:\/\/tourtravelandmore.com\/wp-content\/uploads\/2018\/03\/vigne.jpg","type":"image\/jpeg"}],"twitter_card":"summary_large_image","twitter_site":"@TourTravel_More","twitter_misc":{"Dur\u00e9e de lecture estim\u00e9e":"2 minutes"},"schema":{"@context":"https:\/\/schema.org","@graph":[{"@type":"WebPage","@id":"https:\/\/tourtravelandmore.com\/fr\/tours\/france-fr\/cannes-fr\/private-wine-tour-to-cotes-de-provence\/","url":"https:\/\/tourtravelandmore.com\/fr\/tours\/france-fr\/cannes-fr\/private-wine-tour-to-cotes-de-provence\/","name":"Visite viticole priv\u00e9e de Cannes aux C\u00f4tes de Provence avec chauffeur \/ guide","isPartOf":{"@id":"https:\/\/tourtravelandmore.com\/fr\/#website"},"primaryImageOfPage":{"@id":"https:\/\/tourtravelandmore.com\/fr\/tours\/france-fr\/cannes-fr\/private-wine-tour-to-cotes-de-provence\/#primaryimage"},"image":{"@id":"https:\/\/tourtravelandmore.com\/fr\/tours\/france-fr\/cannes-fr\/private-wine-tour-to-cotes-de-provence\/#primaryimage"},"thumbnailUrl":"https:\/\/tourtravelandmore.com\/wp-content\/uploads\/2018\/03\/vigne.jpg","datePublished":"2018-03-07T15:10:04+00:00","description":"Profitez de cette visite priv\u00e9e des vins au d\u00e9part de Cannes et explorez la magnifique r\u00e9gion viticole des C\u00f4tes de Provence. Visitez les vignobles locaux et d\u00e9gustez les vins locaux!","breadcrumb":{"@id":"https:\/\/tourtravelandmore.com\/fr\/tours\/france-fr\/cannes-fr\/private-wine-tour-to-cotes-de-provence\/#breadcrumb"},"inLanguage":"fr-FR","potentialAction":[{"@type":"ReadAction","target":["https:\/\/tourtravelandmore.com\/fr\/tours\/france-fr\/cannes-fr\/private-wine-tour-to-cotes-de-provence\/"]}]},{"@type":"ImageObject","inLanguage":"fr-FR","@id":"https:\/\/tourtravelandmore.com\/fr\/tours\/france-fr\/cannes-fr\/private-wine-tour-to-cotes-de-provence\/#primaryimage","url":"https:\/\/tourtravelandmore.com\/wp-content\/uploads\/2018\/03\/vigne.jpg","contentUrl":"https:\/\/tourtravelandmore.com\/wp-content\/uploads\/2018\/03\/vigne.jpg","width":1920,"height":1080},{"@type":"BreadcrumbList","@id":"https:\/\/tourtravelandmore.com\/fr\/tours\/france-fr\/cannes-fr\/private-wine-tour-to-cotes-de-provence\/#breadcrumb","itemListElement":[{"@type":"ListItem","position":1,"name":"Home","item":"https:\/\/tourtravelandmore.com\/fr\/"},{"@type":"ListItem","position":2,"name":"Tours","item":"https:\/\/tourtravelandmore.com\/fr\/tours\/"},{"@type":"ListItem","position":3,"name":"Private Wine Tour to Cotes de Provence"}]},{"@type":"WebSite","@id":"https:\/\/tourtravelandmore.com\/fr\/#website","url":"https:\/\/tourtravelandmore.com\/fr\/","name":"Tour Travel And More","description":"Private sightseeing tours and luxury transfers in Spain","publisher":{"@id":"https:\/\/tourtravelandmore.com\/fr\/#organization"},"potentialAction":[{"@type":"SearchAction","target":{"@type":"EntryPoint","urlTemplate":"https:\/\/tourtravelandmore.com\/fr\/?s={search_term_string}"},"query-input":{"@type":"PropertyValueSpecification","valueRequired":true,"valueName":"search_term_string"}}],"inLanguage":"fr-FR"},{"@type":"Organization","@id":"https:\/\/tourtravelandmore.com\/fr\/#organization","name":"Tour Travel And More","url":"https:\/\/tourtravelandmore.com\/fr\/","logo":{"@type":"ImageObject","inLanguage":"fr-FR","@id":"https:\/\/tourtravelandmore.com\/fr\/#\/schema\/logo\/image\/","url":"https:\/\/tourtravelandmore.com\/wp-content\/uploads\/2022\/12\/cropped-logo-cabecera-new.png","contentUrl":"https:\/\/tourtravelandmore.com\/wp-content\/uploads\/2022\/12\/cropped-logo-cabecera-new.png","width":430,"height":61,"caption":"Tour Travel And More"},"image":{"@id":"https:\/\/tourtravelandmore.com\/fr\/#\/schema\/logo\/image\/"},"sameAs":["https:\/\/www.facebook.com\/tourtravelandmore\/","https:\/\/x.com\/TourTravel_More"]}]}},"_links":{"self":[{"href":"https:\/\/tourtravelandmore.com\/fr\/wp-json\/wp\/v2\/product\/99914","targetHints":{"allow":["GET"]}}],"collection":[{"href":"https:\/\/tourtravelandmore.com\/fr\/wp-json\/wp\/v2\/product"}],"about":[{"href":"https:\/\/tourtravelandmore.com\/fr\/wp-json\/wp\/v2\/types\/product"}],"replies":[{"embeddable":true,"href":"https:\/\/tourtravelandmore.com\/fr\/wp-json\/wp\/v2\/comments?post=99914"}],"wp:featuredmedia":[{"embeddable":true,"href":"https:\/\/tourtravelandmore.com\/fr\/wp-json\/wp\/v2\/media\/94774"}],"wp:attachment":[{"href":"https:\/\/tourtravelandmore.com\/fr\/wp-json\/wp\/v2\/media?parent=99914"}],"wp:term":[{"taxonomy":"product_brand","embeddable":true,"href":"https:\/\/tourtravelandmore.com\/fr\/wp-json\/wp\/v2\/product_brand?post=99914"},{"taxonomy":"product_cat","embeddable":true,"href":"https:\/\/tourtravelandmore.com\/fr\/wp-json\/wp\/v2\/product_cat?post=99914"},{"taxonomy":"product_tag","embeddable":true,"href":"https:\/\/tourtravelandmore.com\/fr\/wp-json\/wp\/v2\/product_tag?post=99914"}],"curies":[{"name":"wp","href":"https:\/\/api.w.org\/{rel}","templated":true}]}}