{"id":99909,"date":"2018-03-07T15:46:37","date_gmt":"2018-03-07T14:46:37","guid":{"rendered":"https:\/\/tourtravelandmore.com\/tours\/non class\u00e9\/visite-privee-de-nice-monaco-et-menton-avec-chauffeur-guide-prive\/"},"modified":"2018-03-07T15:46:37","modified_gmt":"2018-03-07T14:46:37","slug":"visite-privee-de-nice-monaco-et-menton-avec-chauffeur-guide-prive","status":"publish","type":"product","link":"https:\/\/tourtravelandmore.com\/fr\/tours\/france-fr\/cannes-fr\/visite-privee-de-nice-monaco-et-menton-avec-chauffeur-guide-prive\/","title":{"rendered":"Visite priv\u00e9e de Nice, Monaco et Menton avec chauffeur \/ guide priv\u00e9"},"content":{"rendered":"<h2>Description<\/h2>\n<p>Profitez de cette visite priv\u00e9e au d\u00e9part de Cannes avec votre chauffeur \/ guide et explorez le nord de la C\u00f4te d&#8217;Azur. Vous visiterez Nice, Eze, Le Turbie, Monaco et Menton. Votre guide priv\u00e9 parcourra la r\u00e9gion et vous montrera les principaux monuments de la r\u00e9gion.<\/p>\n<p>Dans un premier temps, votre chauffeur viendra vous chercher, \u00e0 l&#8217;heure souhait\u00e9e, \u00e0 l&#8217;endroit de votre choix \u00e0 Cannes. Nous pouvons organiser la prise en charge \u00e0 votre h\u00f4tel, appartement, port de croisi\u00e8re ou lieu de votre choix. Votre chauffeur \/ guide est local et conna\u00eet la r\u00e9gion et son histoire.<\/p>\n<p>Prenez contact avec nous. Notre groupe d&#8217;experts vous aidera \u00e0 organiser une exp\u00e9rience personnalis\u00e9e. Tous nos circuits sont faits sur mesure et adaptables aux int\u00e9r\u00eats de nos clients.<\/p>\n<h2>Sites d&#8217;int\u00e9r\u00eat et monuments<\/h2>\n<p>Au cours de cette visite priv\u00e9e au d\u00e9part de Cannes, vous explorerez la r\u00e9gion nord de la C\u00f4te d&#8217;Azur. Vous visiterez Nice, Eze, Le Turbie, Monaco et Menton. Tout d\u2019abord, vous explorerez la vieille ville de Nice et traverserez ses rues \u00e9troites de style italien. Vous verrez la cath\u00e9drale Saint-Nicolas et visiterez les principales \u00e9glises baroques de la ville. Votre guide vous conduira sur l&#8217;embl\u00e9matique promenade des anglais, o\u00f9 vous sentirez la brise estivale m\u00e9diterran\u00e9enne. Enfin, vous verrez la ville depuis le Mont-Boron, d&#8217;o\u00f9 vous pourrez profiter d&#8217;une vue panoramique imprenable.<\/p>\n<p>Apr\u00e8s cela, vous continuerez vers Eze. Ce village perch\u00e9 est situ\u00e9 \u00e0 427 m\u00e8tres au-dessus du niveau de la mer. Ici, vous pourrez visiter l&#8217;usine de la parfumerie Fragornard. Vous vous rendrez ensuite au Turbie en traversant la Grande Corniche, qui traverse des ponts et des montagnes. De l\u00e0, vous pourrez profiter de l&#8217;une des plus belles vues du sud de la France. Apr\u00e8s cela, vous continuerez votre route vers Monaco, la ville la plus glamour d&#8217;Europe. Une fois sur place, vous pourrez visiter la collection de voitures anciennes du prince et les appartements d&#8217;\u00c9tat. Vous pouvez \u00e9galement vous rendre au point de d\u00e9part de la mythique course annuelle de F1. Enfin, vous vous dirigerez vers Menton, situ\u00e9 \u00e0 seulement 3 km de l&#8217;Italie. Ici, vous pouvez visiter sa place baroque et go\u00fbter sa merveilleuse gastronomie.<\/p>\n<p>Une fois votre visite termin\u00e9e, votre chauffeur vous ram\u00e8nera \u00e0 votre point de d\u00e9part ou \u00e0 l&#8217;endroit souhait\u00e9.<br \/>\nNotre proposition d&#8217;itin\u00e9raire et de visite a une dur\u00e9e de 8 heures. Mais la dur\u00e9e finale et l&#8217;itin\u00e9raire de la visite sont ajustables selon vos int\u00e9r\u00eats personnels.<\/p>\n","protected":false},"excerpt":{"rendered":"<p>Profitez de cette exp\u00e9rience de luxe totalement priv\u00e9e au d\u00e9part de Cannes et explorez la c\u00f4te nord de la France avec un expert local. Vous visiterez Nice, Eze, Le Turbie, Monaco et Menton lors d&#8217;une excursion d&#8217;une journ\u00e9e compl\u00e8te au d\u00e9part de Cannes. Contactez-nous pour un itin\u00e9raire sur mesure.<\/p>\n","protected":false},"featured_media":94773,"comment_status":"open","ping_status":"closed","template":"","meta":{"_acf_changed":false},"product_brand":[],"product_cat":[3592],"product_tag":[],"class_list":{"0":"post-99909","1":"product","2":"type-product","3":"status-publish","4":"has-post-thumbnail","6":"product_cat-cannes-fr","8":"first","9":"instock","10":"shipping-taxable","11":"purchasable","12":"product-type-simple"},"acf":[],"yoast_head":"<!-- This site is optimized with the Yoast SEO Premium plugin v25.3.1 (Yoast SEO v25.3.1) - https:\/\/yoast.com\/wordpress\/plugins\/seo\/ -->\n<title>Visite priv\u00e9e de Cannes au nord de la C\u00f4te d&#039;Azur avec chauffeur \/ guide<\/title>\n<meta name=\"description\" content=\"Profitez de cette visite priv\u00e9e au d\u00e9part de Cannes et d\u00e9couvrez le nord de la C\u00f4te d&#039;Azur (Nice, Monaco, Eze et Menton) avec un chauffeur \/ guide local\" \/>\n<meta name=\"robots\" content=\"index, follow, max-snippet:-1, max-image-preview:large, max-video-preview:-1\" \/>\n<link rel=\"canonical\" href=\"https:\/\/tourtravelandmore.com\/fr\/tours\/france-fr\/cannes-fr\/visite-privee-de-nice-monaco-et-menton-avec-chauffeur-guide-prive\/\" \/>\n<meta property=\"og:locale\" content=\"fr_FR\" \/>\n<meta property=\"og:type\" content=\"article\" \/>\n<meta property=\"og:title\" content=\"Visite priv\u00e9e de Nice, Monaco et Menton avec chauffeur \/ guide priv\u00e9\" \/>\n<meta property=\"og:description\" content=\"Profitez de cette visite priv\u00e9e au d\u00e9part de Cannes et d\u00e9couvrez le nord de la C\u00f4te d&#039;Azur (Nice, Monaco, Eze et Menton) avec un chauffeur \/ guide local\" \/>\n<meta property=\"og:url\" content=\"https:\/\/tourtravelandmore.com\/fr\/tours\/france-fr\/cannes-fr\/visite-privee-de-nice-monaco-et-menton-avec-chauffeur-guide-prive\/\" \/>\n<meta property=\"og:site_name\" content=\"Tour Travel And More\" \/>\n<meta property=\"article:publisher\" content=\"https:\/\/www.facebook.com\/tourtravelandmore\/\" \/>\n<meta property=\"og:image\" content=\"https:\/\/tourtravelandmore.com\/wp-content\/uploads\/2018\/03\/menton-1547494_960_720.jpg\" \/>\n\t<meta property=\"og:image:width\" content=\"960\" \/>\n\t<meta property=\"og:image:height\" content=\"439\" \/>\n\t<meta property=\"og:image:type\" content=\"image\/jpeg\" \/>\n<meta name=\"twitter:card\" content=\"summary_large_image\" \/>\n<meta name=\"twitter:site\" content=\"@TourTravel_More\" \/>\n<meta name=\"twitter:label1\" content=\"Dur\u00e9e de lecture estim\u00e9e\" \/>\n\t<meta name=\"twitter:data1\" content=\"2 minutes\" \/>\n<script type=\"application\/ld+json\" class=\"yoast-schema-graph\">{\"@context\":\"https:\/\/schema.org\",\"@graph\":[{\"@type\":\"WebPage\",\"@id\":\"https:\/\/tourtravelandmore.com\/fr\/tours\/france-fr\/cannes-fr\/visite-privee-de-nice-monaco-et-menton-avec-chauffeur-guide-prive\/\",\"url\":\"https:\/\/tourtravelandmore.com\/fr\/tours\/france-fr\/cannes-fr\/visite-privee-de-nice-monaco-et-menton-avec-chauffeur-guide-prive\/\",\"name\":\"Visite priv\u00e9e de Cannes au nord de la C\u00f4te d'Azur avec chauffeur \/ guide\",\"isPartOf\":{\"@id\":\"https:\/\/tourtravelandmore.com\/fr\/#website\"},\"primaryImageOfPage\":{\"@id\":\"https:\/\/tourtravelandmore.com\/fr\/tours\/france-fr\/cannes-fr\/visite-privee-de-nice-monaco-et-menton-avec-chauffeur-guide-prive\/#primaryimage\"},\"image\":{\"@id\":\"https:\/\/tourtravelandmore.com\/fr\/tours\/france-fr\/cannes-fr\/visite-privee-de-nice-monaco-et-menton-avec-chauffeur-guide-prive\/#primaryimage\"},\"thumbnailUrl\":\"https:\/\/tourtravelandmore.com\/wp-content\/uploads\/2018\/03\/menton-1547494_960_720.jpg\",\"datePublished\":\"2018-03-07T14:46:37+00:00\",\"description\":\"Profitez de cette visite priv\u00e9e au d\u00e9part de Cannes et d\u00e9couvrez le nord de la C\u00f4te d'Azur (Nice, Monaco, Eze et Menton) avec un chauffeur \/ guide local\",\"breadcrumb\":{\"@id\":\"https:\/\/tourtravelandmore.com\/fr\/tours\/france-fr\/cannes-fr\/visite-privee-de-nice-monaco-et-menton-avec-chauffeur-guide-prive\/#breadcrumb\"},\"inLanguage\":\"fr-FR\",\"potentialAction\":[{\"@type\":\"ReadAction\",\"target\":[\"https:\/\/tourtravelandmore.com\/fr\/tours\/france-fr\/cannes-fr\/visite-privee-de-nice-monaco-et-menton-avec-chauffeur-guide-prive\/\"]}]},{\"@type\":\"ImageObject\",\"inLanguage\":\"fr-FR\",\"@id\":\"https:\/\/tourtravelandmore.com\/fr\/tours\/france-fr\/cannes-fr\/visite-privee-de-nice-monaco-et-menton-avec-chauffeur-guide-prive\/#primaryimage\",\"url\":\"https:\/\/tourtravelandmore.com\/wp-content\/uploads\/2018\/03\/menton-1547494_960_720.jpg\",\"contentUrl\":\"https:\/\/tourtravelandmore.com\/wp-content\/uploads\/2018\/03\/menton-1547494_960_720.jpg\",\"width\":960,\"height\":439},{\"@type\":\"BreadcrumbList\",\"@id\":\"https:\/\/tourtravelandmore.com\/fr\/tours\/france-fr\/cannes-fr\/visite-privee-de-nice-monaco-et-menton-avec-chauffeur-guide-prive\/#breadcrumb\",\"itemListElement\":[{\"@type\":\"ListItem\",\"position\":1,\"name\":\"Home\",\"item\":\"https:\/\/tourtravelandmore.com\/fr\/\"},{\"@type\":\"ListItem\",\"position\":2,\"name\":\"Tours\",\"item\":\"https:\/\/tourtravelandmore.com\/fr\/tours\/\"},{\"@type\":\"ListItem\",\"position\":3,\"name\":\"Visite priv\u00e9e de Nice, Monaco et Menton avec chauffeur \/ guide priv\u00e9\"}]},{\"@type\":\"WebSite\",\"@id\":\"https:\/\/tourtravelandmore.com\/fr\/#website\",\"url\":\"https:\/\/tourtravelandmore.com\/fr\/\",\"name\":\"Tour Travel And More\",\"description\":\"Private sightseeing tours and luxury transfers in Spain\",\"publisher\":{\"@id\":\"https:\/\/tourtravelandmore.com\/fr\/#organization\"},\"potentialAction\":[{\"@type\":\"SearchAction\",\"target\":{\"@type\":\"EntryPoint\",\"urlTemplate\":\"https:\/\/tourtravelandmore.com\/fr\/?s={search_term_string}\"},\"query-input\":{\"@type\":\"PropertyValueSpecification\",\"valueRequired\":true,\"valueName\":\"search_term_string\"}}],\"inLanguage\":\"fr-FR\"},{\"@type\":\"Organization\",\"@id\":\"https:\/\/tourtravelandmore.com\/fr\/#organization\",\"name\":\"Tour Travel And More\",\"url\":\"https:\/\/tourtravelandmore.com\/fr\/\",\"logo\":{\"@type\":\"ImageObject\",\"inLanguage\":\"fr-FR\",\"@id\":\"https:\/\/tourtravelandmore.com\/fr\/#\/schema\/logo\/image\/\",\"url\":\"https:\/\/tourtravelandmore.com\/wp-content\/uploads\/2022\/12\/cropped-logo-cabecera-new.png\",\"contentUrl\":\"https:\/\/tourtravelandmore.com\/wp-content\/uploads\/2022\/12\/cropped-logo-cabecera-new.png\",\"width\":430,\"height\":61,\"caption\":\"Tour Travel And More\"},\"image\":{\"@id\":\"https:\/\/tourtravelandmore.com\/fr\/#\/schema\/logo\/image\/\"},\"sameAs\":[\"https:\/\/www.facebook.com\/tourtravelandmore\/\",\"https:\/\/x.com\/TourTravel_More\"]}]}<\/script>\n<!-- \/ Yoast SEO Premium plugin. -->","yoast_head_json":{"title":"Visite priv\u00e9e de Cannes au nord de la C\u00f4te d'Azur avec chauffeur \/ guide","description":"Profitez de cette visite priv\u00e9e au d\u00e9part de Cannes et d\u00e9couvrez le nord de la C\u00f4te d'Azur (Nice, Monaco, Eze et Menton) avec un chauffeur \/ guide local","robots":{"index":"index","follow":"follow","max-snippet":"max-snippet:-1","max-image-preview":"max-image-preview:large","max-video-preview":"max-video-preview:-1"},"canonical":"https:\/\/tourtravelandmore.com\/fr\/tours\/france-fr\/cannes-fr\/visite-privee-de-nice-monaco-et-menton-avec-chauffeur-guide-prive\/","og_locale":"fr_FR","og_type":"article","og_title":"Visite priv\u00e9e de Nice, Monaco et Menton avec chauffeur \/ guide priv\u00e9","og_description":"Profitez de cette visite priv\u00e9e au d\u00e9part de Cannes et d\u00e9couvrez le nord de la C\u00f4te d'Azur (Nice, Monaco, Eze et Menton) avec un chauffeur \/ guide local","og_url":"https:\/\/tourtravelandmore.com\/fr\/tours\/france-fr\/cannes-fr\/visite-privee-de-nice-monaco-et-menton-avec-chauffeur-guide-prive\/","og_site_name":"Tour Travel And More","article_publisher":"https:\/\/www.facebook.com\/tourtravelandmore\/","og_image":[{"width":960,"height":439,"url":"https:\/\/tourtravelandmore.com\/wp-content\/uploads\/2018\/03\/menton-1547494_960_720.jpg","type":"image\/jpeg"}],"twitter_card":"summary_large_image","twitter_site":"@TourTravel_More","twitter_misc":{"Dur\u00e9e de lecture estim\u00e9e":"2 minutes"},"schema":{"@context":"https:\/\/schema.org","@graph":[{"@type":"WebPage","@id":"https:\/\/tourtravelandmore.com\/fr\/tours\/france-fr\/cannes-fr\/visite-privee-de-nice-monaco-et-menton-avec-chauffeur-guide-prive\/","url":"https:\/\/tourtravelandmore.com\/fr\/tours\/france-fr\/cannes-fr\/visite-privee-de-nice-monaco-et-menton-avec-chauffeur-guide-prive\/","name":"Visite priv\u00e9e de Cannes au nord de la C\u00f4te d'Azur avec chauffeur \/ guide","isPartOf":{"@id":"https:\/\/tourtravelandmore.com\/fr\/#website"},"primaryImageOfPage":{"@id":"https:\/\/tourtravelandmore.com\/fr\/tours\/france-fr\/cannes-fr\/visite-privee-de-nice-monaco-et-menton-avec-chauffeur-guide-prive\/#primaryimage"},"image":{"@id":"https:\/\/tourtravelandmore.com\/fr\/tours\/france-fr\/cannes-fr\/visite-privee-de-nice-monaco-et-menton-avec-chauffeur-guide-prive\/#primaryimage"},"thumbnailUrl":"https:\/\/tourtravelandmore.com\/wp-content\/uploads\/2018\/03\/menton-1547494_960_720.jpg","datePublished":"2018-03-07T14:46:37+00:00","description":"Profitez de cette visite priv\u00e9e au d\u00e9part de Cannes et d\u00e9couvrez le nord de la C\u00f4te d'Azur (Nice, Monaco, Eze et Menton) avec un chauffeur \/ guide local","breadcrumb":{"@id":"https:\/\/tourtravelandmore.com\/fr\/tours\/france-fr\/cannes-fr\/visite-privee-de-nice-monaco-et-menton-avec-chauffeur-guide-prive\/#breadcrumb"},"inLanguage":"fr-FR","potentialAction":[{"@type":"ReadAction","target":["https:\/\/tourtravelandmore.com\/fr\/tours\/france-fr\/cannes-fr\/visite-privee-de-nice-monaco-et-menton-avec-chauffeur-guide-prive\/"]}]},{"@type":"ImageObject","inLanguage":"fr-FR","@id":"https:\/\/tourtravelandmore.com\/fr\/tours\/france-fr\/cannes-fr\/visite-privee-de-nice-monaco-et-menton-avec-chauffeur-guide-prive\/#primaryimage","url":"https:\/\/tourtravelandmore.com\/wp-content\/uploads\/2018\/03\/menton-1547494_960_720.jpg","contentUrl":"https:\/\/tourtravelandmore.com\/wp-content\/uploads\/2018\/03\/menton-1547494_960_720.jpg","width":960,"height":439},{"@type":"BreadcrumbList","@id":"https:\/\/tourtravelandmore.com\/fr\/tours\/france-fr\/cannes-fr\/visite-privee-de-nice-monaco-et-menton-avec-chauffeur-guide-prive\/#breadcrumb","itemListElement":[{"@type":"ListItem","position":1,"name":"Home","item":"https:\/\/tourtravelandmore.com\/fr\/"},{"@type":"ListItem","position":2,"name":"Tours","item":"https:\/\/tourtravelandmore.com\/fr\/tours\/"},{"@type":"ListItem","position":3,"name":"Visite priv\u00e9e de Nice, Monaco et Menton avec chauffeur \/ guide priv\u00e9"}]},{"@type":"WebSite","@id":"https:\/\/tourtravelandmore.com\/fr\/#website","url":"https:\/\/tourtravelandmore.com\/fr\/","name":"Tour Travel And More","description":"Private sightseeing tours and luxury transfers in Spain","publisher":{"@id":"https:\/\/tourtravelandmore.com\/fr\/#organization"},"potentialAction":[{"@type":"SearchAction","target":{"@type":"EntryPoint","urlTemplate":"https:\/\/tourtravelandmore.com\/fr\/?s={search_term_string}"},"query-input":{"@type":"PropertyValueSpecification","valueRequired":true,"valueName":"search_term_string"}}],"inLanguage":"fr-FR"},{"@type":"Organization","@id":"https:\/\/tourtravelandmore.com\/fr\/#organization","name":"Tour Travel And More","url":"https:\/\/tourtravelandmore.com\/fr\/","logo":{"@type":"ImageObject","inLanguage":"fr-FR","@id":"https:\/\/tourtravelandmore.com\/fr\/#\/schema\/logo\/image\/","url":"https:\/\/tourtravelandmore.com\/wp-content\/uploads\/2022\/12\/cropped-logo-cabecera-new.png","contentUrl":"https:\/\/tourtravelandmore.com\/wp-content\/uploads\/2022\/12\/cropped-logo-cabecera-new.png","width":430,"height":61,"caption":"Tour Travel And More"},"image":{"@id":"https:\/\/tourtravelandmore.com\/fr\/#\/schema\/logo\/image\/"},"sameAs":["https:\/\/www.facebook.com\/tourtravelandmore\/","https:\/\/x.com\/TourTravel_More"]}]}},"_links":{"self":[{"href":"https:\/\/tourtravelandmore.com\/fr\/wp-json\/wp\/v2\/product\/99909","targetHints":{"allow":["GET"]}}],"collection":[{"href":"https:\/\/tourtravelandmore.com\/fr\/wp-json\/wp\/v2\/product"}],"about":[{"href":"https:\/\/tourtravelandmore.com\/fr\/wp-json\/wp\/v2\/types\/product"}],"replies":[{"embeddable":true,"href":"https:\/\/tourtravelandmore.com\/fr\/wp-json\/wp\/v2\/comments?post=99909"}],"wp:featuredmedia":[{"embeddable":true,"href":"https:\/\/tourtravelandmore.com\/fr\/wp-json\/wp\/v2\/media\/94773"}],"wp:attachment":[{"href":"https:\/\/tourtravelandmore.com\/fr\/wp-json\/wp\/v2\/media?parent=99909"}],"wp:term":[{"taxonomy":"product_brand","embeddable":true,"href":"https:\/\/tourtravelandmore.com\/fr\/wp-json\/wp\/v2\/product_brand?post=99909"},{"taxonomy":"product_cat","embeddable":true,"href":"https:\/\/tourtravelandmore.com\/fr\/wp-json\/wp\/v2\/product_cat?post=99909"},{"taxonomy":"product_tag","embeddable":true,"href":"https:\/\/tourtravelandmore.com\/fr\/wp-json\/wp\/v2\/product_tag?post=99909"}],"curies":[{"name":"wp","href":"https:\/\/api.w.org\/{rel}","templated":true}]}}