{"id":99904,"date":"2018-03-07T15:30:59","date_gmt":"2018-03-07T14:30:59","guid":{"rendered":"https:\/\/tourtravelandmore.com\/tours\/non class\u00e9\/le-meilleur-de-la-cote-dazur-avec-chauffeur-guide-prive\/"},"modified":"2018-03-07T15:30:59","modified_gmt":"2018-03-07T14:30:59","slug":"le-meilleur-de-la-cote-dazur-avec-chauffeur-guide-prive","status":"publish","type":"product","link":"https:\/\/tourtravelandmore.com\/fr\/tours\/france-fr\/cannes-fr\/le-meilleur-de-la-cote-dazur-avec-chauffeur-guide-prive\/","title":{"rendered":"Le meilleur de la C\u00f4te d&#8217;Azur avec chauffeur \/ guide priv\u00e9"},"content":{"rendered":"<h2>Description<\/h2>\n<p>Profitez de cette visite priv\u00e9e de la C\u00f4te d&#8217;Azur avec votre chauffeur \/ guide et visitez Nice, Eze, Monaco, Cannes et Saint Paul de Vence avec un expert local. Votre guide vous conduira dans les sites les plus importants de la r\u00e9gion tout en vous r\u00e9v\u00e9lant les secrets de cette belle r\u00e9gion.<\/p>\n<p>Tout d&#8217;abord, votre chauffeur viendra vous chercher \u00e0 votre site souhait\u00e9 \u00e0 Cannes (h\u00f4tel, port de croisi\u00e8re, a\u00e9roport ou appartement), puis d\u00e9butera votre visite priv\u00e9e de la C\u00f4te d&#8217;Azur. Faites-nous savoir votre h\u00e9bergement \u00e0 l&#8217;avance, nous pouvons organiser la prise en charge depuis Cannes, Monaco, Nice, Villefranche sur mer et ses environs.<\/p>\n<p>Notre \u00e9quipe d&#8217;experts vous aidera \u00e0 organiser une exp\u00e9rience totalement personnalis\u00e9e et unique. Votre chauffeur \/ guide, un expert local, sera avec vous de la prise en charge au d\u00e9p\u00f4t. Vous apprendrez l&#8217;histoire de la r\u00e9gion et visiterez les plus beaux sites de la C\u00f4te d&#8217;Azur.<\/p>\n<h2>Sites d&#8217;int\u00e9r\u00eat et monuments<\/h2>\n<p>Au cours de cette visite priv\u00e9e de la C\u00f4te d&#8217;Azur, vous visiterez les plus beaux sites de la r\u00e9gion. Votre premier arr\u00eat sera la vieille ville de Nice. Vous arpenterez les rues \u00e9troites de style italien, verrez la cath\u00e9drale Saint-Nicolas et les principales \u00e9glises baroques de Nice. Votre guide vous montrera \u00e9galement la promenade des anglais, au bord de l&#8217;oc\u00e9an. Enfin, vous verrez la ville depuis le Mont-Boron, d&#8217;o\u00f9 vous profiterez d&#8217;une jolie vue sur la baie.<br \/>\nEnsuite, vous continuerez vers Eze, un village situ\u00e9 \u00e0 427 m\u00e8tres au-dessus du niveau de la mer. Vous pourrez y visiter la parfumerie Fragonard. Vous vous dirigerez ensuite vers la principaut\u00e9 de Monaco \u00e0 travers des ponts et des montagnes traversant la Grande Corniche. Une fois \u00e0 Monaco, vous pourrez visiter la collection de voitures anciennes du prince et les appartements d&#8217;\u00c9tat. Vous pouvez suivre le circuit du Grand Prix de F1 et visiter Montecarlo, la partie haute de la ville.<br \/>\nApr\u00e8s Monaco, vous retournerez \u00e0 Cannes et Antibes. Mais avant de visiter Saint Paul de Vence. Ce beau village perch\u00e9 est un site m\u00e9di\u00e9val tr\u00e8s bien conserv\u00e9, et il est connu comme la ville des artistes. Vous visiterez ensuite Antibes, o\u00f9 vous verrez les tours de l&#8217;\u00e9glise du 12\u00e8me si\u00e8cle, un ch\u00e2teau Grimaldi, et aurez la chance de visiter le mus\u00e9e Picasso. Enfin, vous vous dirigerez vers Cannes. Cette ville glamour est connue pour ses festivals, ses villas et ses casinos. Pendant que votre guide illumine l&#8217;histoire de la ville, vous traverserez sa jolie promenade.<\/p>\n<p>Votre chauffeur \/ guide sera \u00e0 votre enti\u00e8re disposition pendant toute la dur\u00e9e de la visite. L&#8217;itin\u00e9raire final de la visite est enti\u00e8rement adaptable \u00e0 vos int\u00e9r\u00eats personnels. Contactez-nous pour une exp\u00e9rience sur mesure.<\/p>\n","protected":false},"excerpt":{"rendered":"<p>Profitez de cette exp\u00e9rience totalement priv\u00e9e au d\u00e9part de Cannes et explorez la merveilleuse C\u00f4te d&#8217;Azur avec un expert local. Visitez les principales villes et villages de cette magnifique r\u00e9gion \u00e0 l&#8217;aise dans votre v\u00e9hicule priv\u00e9. Contactez-nous pour une proposition sur mesure!<\/p>\n","protected":false},"featured_media":94772,"comment_status":"open","ping_status":"closed","template":"","meta":{"_acf_changed":false},"product_brand":[],"product_cat":[3592],"product_tag":[],"class_list":{"0":"post-99904","1":"product","2":"type-product","3":"status-publish","4":"has-post-thumbnail","6":"product_cat-cannes-fr","8":"first","9":"instock","10":"shipping-taxable","11":"purchasable","12":"product-type-simple"},"acf":[],"yoast_head":"<!-- This site is optimized with the Yoast SEO Premium plugin v25.3.1 (Yoast SEO v25.3.1) - https:\/\/yoast.com\/wordpress\/plugins\/seo\/ -->\n<title>Visite priv\u00e9e d&#039;une journ\u00e9e compl\u00e8te des principales villes de la C\u00f4te d&#039;Azur avec chauffeur \/ guide priv\u00e9<\/title>\n<meta name=\"description\" content=\"Profitez de cette excursion priv\u00e9e d&#039;une journ\u00e9e compl\u00e8te au d\u00e9part de Cannes et d\u00e9couvrez les principales villes de la C\u00f4te d&#039;Azur en v\u00e9hicule de luxe priv\u00e9. Nice, Monaco, Eze et Cannes.\" \/>\n<meta name=\"robots\" content=\"index, follow, max-snippet:-1, max-image-preview:large, max-video-preview:-1\" \/>\n<link rel=\"canonical\" href=\"https:\/\/tourtravelandmore.com\/fr\/tours\/france-fr\/cannes-fr\/le-meilleur-de-la-cote-dazur-avec-chauffeur-guide-prive\/\" \/>\n<meta property=\"og:locale\" content=\"fr_FR\" \/>\n<meta property=\"og:type\" content=\"article\" \/>\n<meta property=\"og:title\" content=\"Le meilleur de la C\u00f4te d&#039;Azur avec chauffeur \/ guide priv\u00e9\" \/>\n<meta property=\"og:description\" content=\"Profitez de cette excursion priv\u00e9e d&#039;une journ\u00e9e compl\u00e8te au d\u00e9part de Cannes et d\u00e9couvrez les principales villes de la C\u00f4te d&#039;Azur en v\u00e9hicule de luxe priv\u00e9. Nice, Monaco, Eze et Cannes.\" \/>\n<meta property=\"og:url\" content=\"https:\/\/tourtravelandmore.com\/fr\/tours\/france-fr\/cannes-fr\/le-meilleur-de-la-cote-dazur-avec-chauffeur-guide-prive\/\" \/>\n<meta property=\"og:site_name\" content=\"Tour Travel And More\" \/>\n<meta property=\"article:publisher\" content=\"https:\/\/www.facebook.com\/tourtravelandmore\/\" \/>\n<meta property=\"og:image\" content=\"https:\/\/tourtravelandmore.com\/wp-content\/uploads\/2018\/03\/monaco.jpg\" \/>\n\t<meta property=\"og:image:width\" content=\"1000\" \/>\n\t<meta property=\"og:image:height\" content=\"667\" \/>\n\t<meta property=\"og:image:type\" content=\"image\/jpeg\" \/>\n<meta name=\"twitter:card\" content=\"summary_large_image\" \/>\n<meta name=\"twitter:site\" content=\"@TourTravel_More\" \/>\n<meta name=\"twitter:label1\" content=\"Dur\u00e9e de lecture estim\u00e9e\" \/>\n\t<meta name=\"twitter:data1\" content=\"2 minutes\" \/>\n<script type=\"application\/ld+json\" class=\"yoast-schema-graph\">{\"@context\":\"https:\/\/schema.org\",\"@graph\":[{\"@type\":\"WebPage\",\"@id\":\"https:\/\/tourtravelandmore.com\/fr\/tours\/france-fr\/cannes-fr\/le-meilleur-de-la-cote-dazur-avec-chauffeur-guide-prive\/\",\"url\":\"https:\/\/tourtravelandmore.com\/fr\/tours\/france-fr\/cannes-fr\/le-meilleur-de-la-cote-dazur-avec-chauffeur-guide-prive\/\",\"name\":\"Visite priv\u00e9e d'une journ\u00e9e compl\u00e8te des principales villes de la C\u00f4te d'Azur avec chauffeur \/ guide priv\u00e9\",\"isPartOf\":{\"@id\":\"https:\/\/tourtravelandmore.com\/fr\/#website\"},\"primaryImageOfPage\":{\"@id\":\"https:\/\/tourtravelandmore.com\/fr\/tours\/france-fr\/cannes-fr\/le-meilleur-de-la-cote-dazur-avec-chauffeur-guide-prive\/#primaryimage\"},\"image\":{\"@id\":\"https:\/\/tourtravelandmore.com\/fr\/tours\/france-fr\/cannes-fr\/le-meilleur-de-la-cote-dazur-avec-chauffeur-guide-prive\/#primaryimage\"},\"thumbnailUrl\":\"https:\/\/tourtravelandmore.com\/wp-content\/uploads\/2018\/03\/monaco.jpg\",\"datePublished\":\"2018-03-07T14:30:59+00:00\",\"description\":\"Profitez de cette excursion priv\u00e9e d'une journ\u00e9e compl\u00e8te au d\u00e9part de Cannes et d\u00e9couvrez les principales villes de la C\u00f4te d'Azur en v\u00e9hicule de luxe priv\u00e9. Nice, Monaco, Eze et Cannes.\",\"breadcrumb\":{\"@id\":\"https:\/\/tourtravelandmore.com\/fr\/tours\/france-fr\/cannes-fr\/le-meilleur-de-la-cote-dazur-avec-chauffeur-guide-prive\/#breadcrumb\"},\"inLanguage\":\"fr-FR\",\"potentialAction\":[{\"@type\":\"ReadAction\",\"target\":[\"https:\/\/tourtravelandmore.com\/fr\/tours\/france-fr\/cannes-fr\/le-meilleur-de-la-cote-dazur-avec-chauffeur-guide-prive\/\"]}]},{\"@type\":\"ImageObject\",\"inLanguage\":\"fr-FR\",\"@id\":\"https:\/\/tourtravelandmore.com\/fr\/tours\/france-fr\/cannes-fr\/le-meilleur-de-la-cote-dazur-avec-chauffeur-guide-prive\/#primaryimage\",\"url\":\"https:\/\/tourtravelandmore.com\/wp-content\/uploads\/2018\/03\/monaco.jpg\",\"contentUrl\":\"https:\/\/tourtravelandmore.com\/wp-content\/uploads\/2018\/03\/monaco.jpg\",\"width\":1000,\"height\":667},{\"@type\":\"BreadcrumbList\",\"@id\":\"https:\/\/tourtravelandmore.com\/fr\/tours\/france-fr\/cannes-fr\/le-meilleur-de-la-cote-dazur-avec-chauffeur-guide-prive\/#breadcrumb\",\"itemListElement\":[{\"@type\":\"ListItem\",\"position\":1,\"name\":\"Home\",\"item\":\"https:\/\/tourtravelandmore.com\/fr\/\"},{\"@type\":\"ListItem\",\"position\":2,\"name\":\"Tours\",\"item\":\"https:\/\/tourtravelandmore.com\/fr\/tours\/\"},{\"@type\":\"ListItem\",\"position\":3,\"name\":\"Le meilleur de la C\u00f4te d&rsquo;Azur avec chauffeur \/ guide priv\u00e9\"}]},{\"@type\":\"WebSite\",\"@id\":\"https:\/\/tourtravelandmore.com\/fr\/#website\",\"url\":\"https:\/\/tourtravelandmore.com\/fr\/\",\"name\":\"Tour Travel And More\",\"description\":\"Private sightseeing tours and luxury transfers in Spain\",\"publisher\":{\"@id\":\"https:\/\/tourtravelandmore.com\/fr\/#organization\"},\"potentialAction\":[{\"@type\":\"SearchAction\",\"target\":{\"@type\":\"EntryPoint\",\"urlTemplate\":\"https:\/\/tourtravelandmore.com\/fr\/?s={search_term_string}\"},\"query-input\":{\"@type\":\"PropertyValueSpecification\",\"valueRequired\":true,\"valueName\":\"search_term_string\"}}],\"inLanguage\":\"fr-FR\"},{\"@type\":\"Organization\",\"@id\":\"https:\/\/tourtravelandmore.com\/fr\/#organization\",\"name\":\"Tour Travel And More\",\"url\":\"https:\/\/tourtravelandmore.com\/fr\/\",\"logo\":{\"@type\":\"ImageObject\",\"inLanguage\":\"fr-FR\",\"@id\":\"https:\/\/tourtravelandmore.com\/fr\/#\/schema\/logo\/image\/\",\"url\":\"https:\/\/tourtravelandmore.com\/wp-content\/uploads\/2022\/12\/cropped-logo-cabecera-new.png\",\"contentUrl\":\"https:\/\/tourtravelandmore.com\/wp-content\/uploads\/2022\/12\/cropped-logo-cabecera-new.png\",\"width\":430,\"height\":61,\"caption\":\"Tour Travel And More\"},\"image\":{\"@id\":\"https:\/\/tourtravelandmore.com\/fr\/#\/schema\/logo\/image\/\"},\"sameAs\":[\"https:\/\/www.facebook.com\/tourtravelandmore\/\",\"https:\/\/x.com\/TourTravel_More\"]}]}<\/script>\n<!-- \/ Yoast SEO Premium plugin. -->","yoast_head_json":{"title":"Visite priv\u00e9e d'une journ\u00e9e compl\u00e8te des principales villes de la C\u00f4te d'Azur avec chauffeur \/ guide priv\u00e9","description":"Profitez de cette excursion priv\u00e9e d'une journ\u00e9e compl\u00e8te au d\u00e9part de Cannes et d\u00e9couvrez les principales villes de la C\u00f4te d'Azur en v\u00e9hicule de luxe priv\u00e9. Nice, Monaco, Eze et Cannes.","robots":{"index":"index","follow":"follow","max-snippet":"max-snippet:-1","max-image-preview":"max-image-preview:large","max-video-preview":"max-video-preview:-1"},"canonical":"https:\/\/tourtravelandmore.com\/fr\/tours\/france-fr\/cannes-fr\/le-meilleur-de-la-cote-dazur-avec-chauffeur-guide-prive\/","og_locale":"fr_FR","og_type":"article","og_title":"Le meilleur de la C\u00f4te d'Azur avec chauffeur \/ guide priv\u00e9","og_description":"Profitez de cette excursion priv\u00e9e d'une journ\u00e9e compl\u00e8te au d\u00e9part de Cannes et d\u00e9couvrez les principales villes de la C\u00f4te d'Azur en v\u00e9hicule de luxe priv\u00e9. Nice, Monaco, Eze et Cannes.","og_url":"https:\/\/tourtravelandmore.com\/fr\/tours\/france-fr\/cannes-fr\/le-meilleur-de-la-cote-dazur-avec-chauffeur-guide-prive\/","og_site_name":"Tour Travel And More","article_publisher":"https:\/\/www.facebook.com\/tourtravelandmore\/","og_image":[{"width":1000,"height":667,"url":"https:\/\/tourtravelandmore.com\/wp-content\/uploads\/2018\/03\/monaco.jpg","type":"image\/jpeg"}],"twitter_card":"summary_large_image","twitter_site":"@TourTravel_More","twitter_misc":{"Dur\u00e9e de lecture estim\u00e9e":"2 minutes"},"schema":{"@context":"https:\/\/schema.org","@graph":[{"@type":"WebPage","@id":"https:\/\/tourtravelandmore.com\/fr\/tours\/france-fr\/cannes-fr\/le-meilleur-de-la-cote-dazur-avec-chauffeur-guide-prive\/","url":"https:\/\/tourtravelandmore.com\/fr\/tours\/france-fr\/cannes-fr\/le-meilleur-de-la-cote-dazur-avec-chauffeur-guide-prive\/","name":"Visite priv\u00e9e d'une journ\u00e9e compl\u00e8te des principales villes de la C\u00f4te d'Azur avec chauffeur \/ guide priv\u00e9","isPartOf":{"@id":"https:\/\/tourtravelandmore.com\/fr\/#website"},"primaryImageOfPage":{"@id":"https:\/\/tourtravelandmore.com\/fr\/tours\/france-fr\/cannes-fr\/le-meilleur-de-la-cote-dazur-avec-chauffeur-guide-prive\/#primaryimage"},"image":{"@id":"https:\/\/tourtravelandmore.com\/fr\/tours\/france-fr\/cannes-fr\/le-meilleur-de-la-cote-dazur-avec-chauffeur-guide-prive\/#primaryimage"},"thumbnailUrl":"https:\/\/tourtravelandmore.com\/wp-content\/uploads\/2018\/03\/monaco.jpg","datePublished":"2018-03-07T14:30:59+00:00","description":"Profitez de cette excursion priv\u00e9e d'une journ\u00e9e compl\u00e8te au d\u00e9part de Cannes et d\u00e9couvrez les principales villes de la C\u00f4te d'Azur en v\u00e9hicule de luxe priv\u00e9. Nice, Monaco, Eze et Cannes.","breadcrumb":{"@id":"https:\/\/tourtravelandmore.com\/fr\/tours\/france-fr\/cannes-fr\/le-meilleur-de-la-cote-dazur-avec-chauffeur-guide-prive\/#breadcrumb"},"inLanguage":"fr-FR","potentialAction":[{"@type":"ReadAction","target":["https:\/\/tourtravelandmore.com\/fr\/tours\/france-fr\/cannes-fr\/le-meilleur-de-la-cote-dazur-avec-chauffeur-guide-prive\/"]}]},{"@type":"ImageObject","inLanguage":"fr-FR","@id":"https:\/\/tourtravelandmore.com\/fr\/tours\/france-fr\/cannes-fr\/le-meilleur-de-la-cote-dazur-avec-chauffeur-guide-prive\/#primaryimage","url":"https:\/\/tourtravelandmore.com\/wp-content\/uploads\/2018\/03\/monaco.jpg","contentUrl":"https:\/\/tourtravelandmore.com\/wp-content\/uploads\/2018\/03\/monaco.jpg","width":1000,"height":667},{"@type":"BreadcrumbList","@id":"https:\/\/tourtravelandmore.com\/fr\/tours\/france-fr\/cannes-fr\/le-meilleur-de-la-cote-dazur-avec-chauffeur-guide-prive\/#breadcrumb","itemListElement":[{"@type":"ListItem","position":1,"name":"Home","item":"https:\/\/tourtravelandmore.com\/fr\/"},{"@type":"ListItem","position":2,"name":"Tours","item":"https:\/\/tourtravelandmore.com\/fr\/tours\/"},{"@type":"ListItem","position":3,"name":"Le meilleur de la C\u00f4te d&rsquo;Azur avec chauffeur \/ guide priv\u00e9"}]},{"@type":"WebSite","@id":"https:\/\/tourtravelandmore.com\/fr\/#website","url":"https:\/\/tourtravelandmore.com\/fr\/","name":"Tour Travel And More","description":"Private sightseeing tours and luxury transfers in Spain","publisher":{"@id":"https:\/\/tourtravelandmore.com\/fr\/#organization"},"potentialAction":[{"@type":"SearchAction","target":{"@type":"EntryPoint","urlTemplate":"https:\/\/tourtravelandmore.com\/fr\/?s={search_term_string}"},"query-input":{"@type":"PropertyValueSpecification","valueRequired":true,"valueName":"search_term_string"}}],"inLanguage":"fr-FR"},{"@type":"Organization","@id":"https:\/\/tourtravelandmore.com\/fr\/#organization","name":"Tour Travel And More","url":"https:\/\/tourtravelandmore.com\/fr\/","logo":{"@type":"ImageObject","inLanguage":"fr-FR","@id":"https:\/\/tourtravelandmore.com\/fr\/#\/schema\/logo\/image\/","url":"https:\/\/tourtravelandmore.com\/wp-content\/uploads\/2022\/12\/cropped-logo-cabecera-new.png","contentUrl":"https:\/\/tourtravelandmore.com\/wp-content\/uploads\/2022\/12\/cropped-logo-cabecera-new.png","width":430,"height":61,"caption":"Tour Travel And More"},"image":{"@id":"https:\/\/tourtravelandmore.com\/fr\/#\/schema\/logo\/image\/"},"sameAs":["https:\/\/www.facebook.com\/tourtravelandmore\/","https:\/\/x.com\/TourTravel_More"]}]}},"_links":{"self":[{"href":"https:\/\/tourtravelandmore.com\/fr\/wp-json\/wp\/v2\/product\/99904","targetHints":{"allow":["GET"]}}],"collection":[{"href":"https:\/\/tourtravelandmore.com\/fr\/wp-json\/wp\/v2\/product"}],"about":[{"href":"https:\/\/tourtravelandmore.com\/fr\/wp-json\/wp\/v2\/types\/product"}],"replies":[{"embeddable":true,"href":"https:\/\/tourtravelandmore.com\/fr\/wp-json\/wp\/v2\/comments?post=99904"}],"wp:featuredmedia":[{"embeddable":true,"href":"https:\/\/tourtravelandmore.com\/fr\/wp-json\/wp\/v2\/media\/94772"}],"wp:attachment":[{"href":"https:\/\/tourtravelandmore.com\/fr\/wp-json\/wp\/v2\/media?parent=99904"}],"wp:term":[{"taxonomy":"product_brand","embeddable":true,"href":"https:\/\/tourtravelandmore.com\/fr\/wp-json\/wp\/v2\/product_brand?post=99904"},{"taxonomy":"product_cat","embeddable":true,"href":"https:\/\/tourtravelandmore.com\/fr\/wp-json\/wp\/v2\/product_cat?post=99904"},{"taxonomy":"product_tag","embeddable":true,"href":"https:\/\/tourtravelandmore.com\/fr\/wp-json\/wp\/v2\/product_tag?post=99904"}],"curies":[{"name":"wp","href":"https:\/\/api.w.org\/{rel}","templated":true}]}}