{"id":99899,"date":"2018-03-07T15:10:04","date_gmt":"2018-03-07T14:10:04","guid":{"rendered":"https:\/\/tourtravelandmore.com\/tours\/non class\u00e9\/visite-privee-de-la-cote-dazur-medievale-avec-chauffeur-guide\/"},"modified":"2018-03-07T15:10:04","modified_gmt":"2018-03-07T14:10:04","slug":"visite-privee-de-la-cote-dazur-medievale-avec-chauffeur-guide","status":"publish","type":"product","link":"https:\/\/tourtravelandmore.com\/fr\/tours\/france-fr\/cannes-fr\/visite-privee-de-la-cote-dazur-medievale-avec-chauffeur-guide\/","title":{"rendered":"Visite priv\u00e9e de la C\u00f4te d&#8217;Azur m\u00e9di\u00e9vale avec chauffeur \/ guide"},"content":{"rendered":"<h2>Description<\/h2>\n<p>Profitez de cette visite priv\u00e9e avec votre guide priv\u00e9 et visitez les villes m\u00e9di\u00e9vales de la C\u00f4te d&#8217;Azur, Cagnes sur Mer, Saint Paul de Vence, Grasse et Gourdon. Votre chauffeur \/ guide vous conduira dans cette magnifique r\u00e9gion, vous montrant les plus beaux villages m\u00e9di\u00e9vaux. Profitez de cette visite priv\u00e9e des villages m\u00e9di\u00e9vaux au d\u00e9part de Cannes.<\/p>\n<p>Votre chauffeur priv\u00e9 viendra vous chercher \u00e0 l&#8217;heure et \u00e0 l&#8217;endroit souhait\u00e9s pour lancer votre visite. Nous pouvons organiser la prise en charge depuis n&#8217;importe quel h\u00f4tel, appartement, port de croisi\u00e8re ou lieu de votre choix sur la C\u00f4te d&#8217;Azur.<\/p>\n<p>Contactez-nous, notre \u00e9quipe d&#8217;experts vous aidera \u00e0 organiser une exp\u00e9rience enti\u00e8rement personnalis\u00e9e. Votre chauffeur \/ guide vous accompagnera tout au long du trajet, vous racontant l&#8217;histoire et vous montrant les meilleurs endroits de la r\u00e9gion.<\/p>\n<h2>Sites d&#8217;int\u00e9r\u00eat et monuments<\/h2>\n<p>Au cours de cette visite priv\u00e9e des villages m\u00e9di\u00e9vaux au d\u00e9part de Cannes, vous d\u00e9couvrirez les meilleurs endroits du sud m\u00e9di\u00e9val de la France: Cagnes sur Mer, Saint Paul de Vence, Grasse et Gourdon. Tout d&#8217;abord, votre guide viendra vous chercher \u00e0 Cannes ou dans la ville de votre choix. Ensuite, vous vous dirigerez vers Cagnes Sur Mer, o\u00f9 se trouvent le mus\u00e9e Grimaldi et l&#8217;\u00e9glise St Pierre. Dans le Haut de Cagnes, vous verrez l&#8217;\u00e9tonnant ch\u00e2teau, construit en 1309 comme prison et transform\u00e9 en palais en 1620. Cet endroit est aujourd&#8217;hui utilis\u00e9 par diff\u00e9rents mus\u00e9es. Ensuite, en conduisant vers le nord autour de petits villages, vous arriverez au village m\u00e9di\u00e9val de Saint Paul de Vence. La Fondation Maeght est situ\u00e9e dans ce petit village reconnu comme l&#8217;un des meilleurs mus\u00e9es d&#8217;art moderne au monde. Continuez ensuite vers la Wes jusqu&#8217;au village de Grasse, qui est reconnu comme l&#8217;un des meilleurs sites de parfumerie de toute la France. Si vous le souhaitez, vous pouvez visiter l&#8217;usine Fragonard Parfumerie. Votre dernier arr\u00eat sera Gourdon. Egalement village perch\u00e9, de l\u00e0 vous profiterez d&#8217;une superbe vue sur la vall\u00e9e du Loup. Visitez les jardins du ch\u00e2teau de Gourdon et promenez-vous \u00e0 proximit\u00e9 des fantastiques Gorges du Loup.<\/p>\n<p>Votre chauffeur \/ guide priv\u00e9 vous ram\u00e8nera \u00e0 votre h\u00e9bergement apr\u00e8s votre visite. Vous aurez bien s\u00fbr du temps libre pour d\u00e9jeuner pendant votre visite.<\/p>\n<p>Notre proposition de visite a une dur\u00e9e de 8 heures. Si vous pr\u00e9f\u00e9rez une dur\u00e9e plus courte ou plus longue, n&#8217;h\u00e9sitez pas \u00e0 nous contacter, nous pouvons l&#8217;organiser.<\/p>\n","protected":false},"excerpt":{"rendered":"<p>Profitez de cette exp\u00e9rience priv\u00e9e sur mesure et d\u00e9couvrez la magnifique r\u00e9gion des villes m\u00e9di\u00e9vales dans les montagnes de la C\u00f4te d&#8217;Azur. Vous visiterez les villages de Cagnes Sur Mer, Saint Paul de Vence. Et puis remontez vers les villages de Grasse et Gourdon. Explorez cette belle r\u00e9gion avec votre chauffeur \/ guide priv\u00e9, grand connaisseur de la r\u00e9gion.<\/p>\n","protected":false},"featured_media":94771,"comment_status":"open","ping_status":"closed","template":"","meta":{"_acf_changed":false},"product_brand":[],"product_cat":[3592],"product_tag":[],"class_list":{"0":"post-99899","1":"product","2":"type-product","3":"status-publish","4":"has-post-thumbnail","6":"product_cat-cannes-fr","8":"first","9":"instock","10":"shipping-taxable","11":"purchasable","12":"product-type-simple"},"acf":[],"yoast_head":"<!-- This site is optimized with the Yoast SEO Premium plugin v25.3.1 (Yoast SEO v25.3.1) - https:\/\/yoast.com\/wordpress\/plugins\/seo\/ -->\n<title>Visite priv\u00e9e des villages m\u00e9di\u00e9vaux au d\u00e9part de Cannes avec chauffeur \/ guide priv\u00e9<\/title>\n<meta name=\"description\" content=\"Profitez de cette visite priv\u00e9e des villages m\u00e9di\u00e9vaux au d\u00e9part de Cannes et d\u00e9couvrez les plus beaux villages fran\u00e7ais \u00e0 c\u00f4t\u00e9 d&#039;un local. Grasse, Gourdon, Cagnes et plus encore!\" \/>\n<meta name=\"robots\" content=\"index, follow, max-snippet:-1, max-image-preview:large, max-video-preview:-1\" \/>\n<link rel=\"canonical\" href=\"https:\/\/tourtravelandmore.com\/fr\/tours\/france-fr\/cannes-fr\/visite-privee-de-la-cote-dazur-medievale-avec-chauffeur-guide\/\" \/>\n<meta property=\"og:locale\" content=\"fr_FR\" \/>\n<meta property=\"og:type\" content=\"article\" \/>\n<meta property=\"og:title\" content=\"Visite priv\u00e9e de la C\u00f4te d&#039;Azur m\u00e9di\u00e9vale avec chauffeur \/ guide\" \/>\n<meta property=\"og:description\" content=\"Profitez de cette visite priv\u00e9e des villages m\u00e9di\u00e9vaux au d\u00e9part de Cannes et d\u00e9couvrez les plus beaux villages fran\u00e7ais \u00e0 c\u00f4t\u00e9 d&#039;un local. Grasse, Gourdon, Cagnes et plus encore!\" \/>\n<meta property=\"og:url\" content=\"https:\/\/tourtravelandmore.com\/fr\/tours\/france-fr\/cannes-fr\/visite-privee-de-la-cote-dazur-medievale-avec-chauffeur-guide\/\" \/>\n<meta property=\"og:site_name\" content=\"Tour Travel And More\" \/>\n<meta property=\"article:publisher\" content=\"https:\/\/www.facebook.com\/tourtravelandmore\/\" \/>\n<meta property=\"og:image\" content=\"https:\/\/tourtravelandmore.com\/wp-content\/uploads\/2018\/03\/grasse.jpg\" \/>\n\t<meta property=\"og:image:width\" content=\"500\" \/>\n\t<meta property=\"og:image:height\" content=\"375\" \/>\n\t<meta property=\"og:image:type\" content=\"image\/jpeg\" \/>\n<meta name=\"twitter:card\" content=\"summary_large_image\" \/>\n<meta name=\"twitter:site\" content=\"@TourTravel_More\" \/>\n<meta name=\"twitter:label1\" content=\"Dur\u00e9e de lecture estim\u00e9e\" \/>\n\t<meta name=\"twitter:data1\" content=\"2 minutes\" \/>\n<script type=\"application\/ld+json\" class=\"yoast-schema-graph\">{\"@context\":\"https:\/\/schema.org\",\"@graph\":[{\"@type\":\"WebPage\",\"@id\":\"https:\/\/tourtravelandmore.com\/fr\/tours\/france-fr\/cannes-fr\/visite-privee-de-la-cote-dazur-medievale-avec-chauffeur-guide\/\",\"url\":\"https:\/\/tourtravelandmore.com\/fr\/tours\/france-fr\/cannes-fr\/visite-privee-de-la-cote-dazur-medievale-avec-chauffeur-guide\/\",\"name\":\"Visite priv\u00e9e des villages m\u00e9di\u00e9vaux au d\u00e9part de Cannes avec chauffeur \/ guide priv\u00e9\",\"isPartOf\":{\"@id\":\"https:\/\/tourtravelandmore.com\/fr\/#website\"},\"primaryImageOfPage\":{\"@id\":\"https:\/\/tourtravelandmore.com\/fr\/tours\/france-fr\/cannes-fr\/visite-privee-de-la-cote-dazur-medievale-avec-chauffeur-guide\/#primaryimage\"},\"image\":{\"@id\":\"https:\/\/tourtravelandmore.com\/fr\/tours\/france-fr\/cannes-fr\/visite-privee-de-la-cote-dazur-medievale-avec-chauffeur-guide\/#primaryimage\"},\"thumbnailUrl\":\"https:\/\/tourtravelandmore.com\/wp-content\/uploads\/2018\/03\/grasse.jpg\",\"datePublished\":\"2018-03-07T14:10:04+00:00\",\"description\":\"Profitez de cette visite priv\u00e9e des villages m\u00e9di\u00e9vaux au d\u00e9part de Cannes et d\u00e9couvrez les plus beaux villages fran\u00e7ais \u00e0 c\u00f4t\u00e9 d'un local. Grasse, Gourdon, Cagnes et plus encore!\",\"breadcrumb\":{\"@id\":\"https:\/\/tourtravelandmore.com\/fr\/tours\/france-fr\/cannes-fr\/visite-privee-de-la-cote-dazur-medievale-avec-chauffeur-guide\/#breadcrumb\"},\"inLanguage\":\"fr-FR\",\"potentialAction\":[{\"@type\":\"ReadAction\",\"target\":[\"https:\/\/tourtravelandmore.com\/fr\/tours\/france-fr\/cannes-fr\/visite-privee-de-la-cote-dazur-medievale-avec-chauffeur-guide\/\"]}]},{\"@type\":\"ImageObject\",\"inLanguage\":\"fr-FR\",\"@id\":\"https:\/\/tourtravelandmore.com\/fr\/tours\/france-fr\/cannes-fr\/visite-privee-de-la-cote-dazur-medievale-avec-chauffeur-guide\/#primaryimage\",\"url\":\"https:\/\/tourtravelandmore.com\/wp-content\/uploads\/2018\/03\/grasse.jpg\",\"contentUrl\":\"https:\/\/tourtravelandmore.com\/wp-content\/uploads\/2018\/03\/grasse.jpg\",\"width\":500,\"height\":375},{\"@type\":\"BreadcrumbList\",\"@id\":\"https:\/\/tourtravelandmore.com\/fr\/tours\/france-fr\/cannes-fr\/visite-privee-de-la-cote-dazur-medievale-avec-chauffeur-guide\/#breadcrumb\",\"itemListElement\":[{\"@type\":\"ListItem\",\"position\":1,\"name\":\"Home\",\"item\":\"https:\/\/tourtravelandmore.com\/fr\/\"},{\"@type\":\"ListItem\",\"position\":2,\"name\":\"Tours\",\"item\":\"https:\/\/tourtravelandmore.com\/fr\/tours\/\"},{\"@type\":\"ListItem\",\"position\":3,\"name\":\"Visite priv\u00e9e de la C\u00f4te d&rsquo;Azur m\u00e9di\u00e9vale avec chauffeur \/ guide\"}]},{\"@type\":\"WebSite\",\"@id\":\"https:\/\/tourtravelandmore.com\/fr\/#website\",\"url\":\"https:\/\/tourtravelandmore.com\/fr\/\",\"name\":\"Tour Travel And More\",\"description\":\"Private sightseeing tours and luxury transfers in Spain\",\"publisher\":{\"@id\":\"https:\/\/tourtravelandmore.com\/fr\/#organization\"},\"potentialAction\":[{\"@type\":\"SearchAction\",\"target\":{\"@type\":\"EntryPoint\",\"urlTemplate\":\"https:\/\/tourtravelandmore.com\/fr\/?s={search_term_string}\"},\"query-input\":{\"@type\":\"PropertyValueSpecification\",\"valueRequired\":true,\"valueName\":\"search_term_string\"}}],\"inLanguage\":\"fr-FR\"},{\"@type\":\"Organization\",\"@id\":\"https:\/\/tourtravelandmore.com\/fr\/#organization\",\"name\":\"Tour Travel And More\",\"url\":\"https:\/\/tourtravelandmore.com\/fr\/\",\"logo\":{\"@type\":\"ImageObject\",\"inLanguage\":\"fr-FR\",\"@id\":\"https:\/\/tourtravelandmore.com\/fr\/#\/schema\/logo\/image\/\",\"url\":\"https:\/\/tourtravelandmore.com\/wp-content\/uploads\/2022\/12\/cropped-logo-cabecera-new.png\",\"contentUrl\":\"https:\/\/tourtravelandmore.com\/wp-content\/uploads\/2022\/12\/cropped-logo-cabecera-new.png\",\"width\":430,\"height\":61,\"caption\":\"Tour Travel And More\"},\"image\":{\"@id\":\"https:\/\/tourtravelandmore.com\/fr\/#\/schema\/logo\/image\/\"},\"sameAs\":[\"https:\/\/www.facebook.com\/tourtravelandmore\/\",\"https:\/\/x.com\/TourTravel_More\"]}]}<\/script>\n<!-- \/ Yoast SEO Premium plugin. -->","yoast_head_json":{"title":"Visite priv\u00e9e des villages m\u00e9di\u00e9vaux au d\u00e9part de Cannes avec chauffeur \/ guide priv\u00e9","description":"Profitez de cette visite priv\u00e9e des villages m\u00e9di\u00e9vaux au d\u00e9part de Cannes et d\u00e9couvrez les plus beaux villages fran\u00e7ais \u00e0 c\u00f4t\u00e9 d'un local. Grasse, Gourdon, Cagnes et plus encore!","robots":{"index":"index","follow":"follow","max-snippet":"max-snippet:-1","max-image-preview":"max-image-preview:large","max-video-preview":"max-video-preview:-1"},"canonical":"https:\/\/tourtravelandmore.com\/fr\/tours\/france-fr\/cannes-fr\/visite-privee-de-la-cote-dazur-medievale-avec-chauffeur-guide\/","og_locale":"fr_FR","og_type":"article","og_title":"Visite priv\u00e9e de la C\u00f4te d'Azur m\u00e9di\u00e9vale avec chauffeur \/ guide","og_description":"Profitez de cette visite priv\u00e9e des villages m\u00e9di\u00e9vaux au d\u00e9part de Cannes et d\u00e9couvrez les plus beaux villages fran\u00e7ais \u00e0 c\u00f4t\u00e9 d'un local. Grasse, Gourdon, Cagnes et plus encore!","og_url":"https:\/\/tourtravelandmore.com\/fr\/tours\/france-fr\/cannes-fr\/visite-privee-de-la-cote-dazur-medievale-avec-chauffeur-guide\/","og_site_name":"Tour Travel And More","article_publisher":"https:\/\/www.facebook.com\/tourtravelandmore\/","og_image":[{"width":500,"height":375,"url":"https:\/\/tourtravelandmore.com\/wp-content\/uploads\/2018\/03\/grasse.jpg","type":"image\/jpeg"}],"twitter_card":"summary_large_image","twitter_site":"@TourTravel_More","twitter_misc":{"Dur\u00e9e de lecture estim\u00e9e":"2 minutes"},"schema":{"@context":"https:\/\/schema.org","@graph":[{"@type":"WebPage","@id":"https:\/\/tourtravelandmore.com\/fr\/tours\/france-fr\/cannes-fr\/visite-privee-de-la-cote-dazur-medievale-avec-chauffeur-guide\/","url":"https:\/\/tourtravelandmore.com\/fr\/tours\/france-fr\/cannes-fr\/visite-privee-de-la-cote-dazur-medievale-avec-chauffeur-guide\/","name":"Visite priv\u00e9e des villages m\u00e9di\u00e9vaux au d\u00e9part de Cannes avec chauffeur \/ guide priv\u00e9","isPartOf":{"@id":"https:\/\/tourtravelandmore.com\/fr\/#website"},"primaryImageOfPage":{"@id":"https:\/\/tourtravelandmore.com\/fr\/tours\/france-fr\/cannes-fr\/visite-privee-de-la-cote-dazur-medievale-avec-chauffeur-guide\/#primaryimage"},"image":{"@id":"https:\/\/tourtravelandmore.com\/fr\/tours\/france-fr\/cannes-fr\/visite-privee-de-la-cote-dazur-medievale-avec-chauffeur-guide\/#primaryimage"},"thumbnailUrl":"https:\/\/tourtravelandmore.com\/wp-content\/uploads\/2018\/03\/grasse.jpg","datePublished":"2018-03-07T14:10:04+00:00","description":"Profitez de cette visite priv\u00e9e des villages m\u00e9di\u00e9vaux au d\u00e9part de Cannes et d\u00e9couvrez les plus beaux villages fran\u00e7ais \u00e0 c\u00f4t\u00e9 d'un local. Grasse, Gourdon, Cagnes et plus encore!","breadcrumb":{"@id":"https:\/\/tourtravelandmore.com\/fr\/tours\/france-fr\/cannes-fr\/visite-privee-de-la-cote-dazur-medievale-avec-chauffeur-guide\/#breadcrumb"},"inLanguage":"fr-FR","potentialAction":[{"@type":"ReadAction","target":["https:\/\/tourtravelandmore.com\/fr\/tours\/france-fr\/cannes-fr\/visite-privee-de-la-cote-dazur-medievale-avec-chauffeur-guide\/"]}]},{"@type":"ImageObject","inLanguage":"fr-FR","@id":"https:\/\/tourtravelandmore.com\/fr\/tours\/france-fr\/cannes-fr\/visite-privee-de-la-cote-dazur-medievale-avec-chauffeur-guide\/#primaryimage","url":"https:\/\/tourtravelandmore.com\/wp-content\/uploads\/2018\/03\/grasse.jpg","contentUrl":"https:\/\/tourtravelandmore.com\/wp-content\/uploads\/2018\/03\/grasse.jpg","width":500,"height":375},{"@type":"BreadcrumbList","@id":"https:\/\/tourtravelandmore.com\/fr\/tours\/france-fr\/cannes-fr\/visite-privee-de-la-cote-dazur-medievale-avec-chauffeur-guide\/#breadcrumb","itemListElement":[{"@type":"ListItem","position":1,"name":"Home","item":"https:\/\/tourtravelandmore.com\/fr\/"},{"@type":"ListItem","position":2,"name":"Tours","item":"https:\/\/tourtravelandmore.com\/fr\/tours\/"},{"@type":"ListItem","position":3,"name":"Visite priv\u00e9e de la C\u00f4te d&rsquo;Azur m\u00e9di\u00e9vale avec chauffeur \/ guide"}]},{"@type":"WebSite","@id":"https:\/\/tourtravelandmore.com\/fr\/#website","url":"https:\/\/tourtravelandmore.com\/fr\/","name":"Tour Travel And More","description":"Private sightseeing tours and luxury transfers in Spain","publisher":{"@id":"https:\/\/tourtravelandmore.com\/fr\/#organization"},"potentialAction":[{"@type":"SearchAction","target":{"@type":"EntryPoint","urlTemplate":"https:\/\/tourtravelandmore.com\/fr\/?s={search_term_string}"},"query-input":{"@type":"PropertyValueSpecification","valueRequired":true,"valueName":"search_term_string"}}],"inLanguage":"fr-FR"},{"@type":"Organization","@id":"https:\/\/tourtravelandmore.com\/fr\/#organization","name":"Tour Travel And More","url":"https:\/\/tourtravelandmore.com\/fr\/","logo":{"@type":"ImageObject","inLanguage":"fr-FR","@id":"https:\/\/tourtravelandmore.com\/fr\/#\/schema\/logo\/image\/","url":"https:\/\/tourtravelandmore.com\/wp-content\/uploads\/2022\/12\/cropped-logo-cabecera-new.png","contentUrl":"https:\/\/tourtravelandmore.com\/wp-content\/uploads\/2022\/12\/cropped-logo-cabecera-new.png","width":430,"height":61,"caption":"Tour Travel And More"},"image":{"@id":"https:\/\/tourtravelandmore.com\/fr\/#\/schema\/logo\/image\/"},"sameAs":["https:\/\/www.facebook.com\/tourtravelandmore\/","https:\/\/x.com\/TourTravel_More"]}]}},"_links":{"self":[{"href":"https:\/\/tourtravelandmore.com\/fr\/wp-json\/wp\/v2\/product\/99899","targetHints":{"allow":["GET"]}}],"collection":[{"href":"https:\/\/tourtravelandmore.com\/fr\/wp-json\/wp\/v2\/product"}],"about":[{"href":"https:\/\/tourtravelandmore.com\/fr\/wp-json\/wp\/v2\/types\/product"}],"replies":[{"embeddable":true,"href":"https:\/\/tourtravelandmore.com\/fr\/wp-json\/wp\/v2\/comments?post=99899"}],"wp:featuredmedia":[{"embeddable":true,"href":"https:\/\/tourtravelandmore.com\/fr\/wp-json\/wp\/v2\/media\/94771"}],"wp:attachment":[{"href":"https:\/\/tourtravelandmore.com\/fr\/wp-json\/wp\/v2\/media?parent=99899"}],"wp:term":[{"taxonomy":"product_brand","embeddable":true,"href":"https:\/\/tourtravelandmore.com\/fr\/wp-json\/wp\/v2\/product_brand?post=99899"},{"taxonomy":"product_cat","embeddable":true,"href":"https:\/\/tourtravelandmore.com\/fr\/wp-json\/wp\/v2\/product_cat?post=99899"},{"taxonomy":"product_tag","embeddable":true,"href":"https:\/\/tourtravelandmore.com\/fr\/wp-json\/wp\/v2\/product_tag?post=99899"}],"curies":[{"name":"wp","href":"https:\/\/api.w.org\/{rel}","templated":true}]}}