{"id":99894,"date":"2018-03-07T14:50:52","date_gmt":"2018-03-07T13:50:52","guid":{"rendered":"https:\/\/tourtravelandmore.com\/tours\/non class\u00e9\/visite-privee-a-nice-avec-chauffeur-guide-prive\/"},"modified":"2018-03-07T14:50:52","modified_gmt":"2018-03-07T13:50:52","slug":"visite-privee-a-nice-avec-chauffeur-guide-prive","status":"publish","type":"product","link":"https:\/\/tourtravelandmore.com\/fr\/tours\/france-fr\/cannes-fr\/visite-privee-a-nice-avec-chauffeur-guide-prive\/","title":{"rendered":"Visite priv\u00e9e \u00e0 Nice avec chauffeur \/ guide priv\u00e9"},"content":{"rendered":"<h2>Description<\/h2>\n<p>Profitez de cette visite priv\u00e9e de Nice au d\u00e9part de Cannes avec votre chauffeur \/ guide priv\u00e9. Votre guide vous conduira autour des sites les plus importants de Nice. Profitez pendant que votre guide vous montre la ville et vous raconte les secrets de cette ville merveilleuse.<\/p>\n<p>Votre chauffeur viendra vous chercher \u00e0 votre h\u00f4tel ou lieu de votre choix \u00e0 Cannes et vous emm\u00e8nera dans cette visite priv\u00e9e \u00e0 Nice et au Cap Ferrat. Veuillez nous le faire savoir \u00e0 l&#8217;avance, nous pouvons organiser la prise en charge depuis n&#8217;importe quel h\u00f4tel, appartement ou port de croisi\u00e8re de la C\u00f4te d&#8217;Azur. Contactez-nous et notre \u00e9quipe vous aidera \u00e0 organiser une exp\u00e9rience personnalis\u00e9e et sur mesure.<\/p>\n<h2>Sites d&#8217;int\u00e9r\u00eat et monuments<\/h2>\n<p>Au cours de cette visite priv\u00e9e de Nice au d\u00e9part de Cannes, vous d\u00e9couvrirez les principaux sites de Nice et une route panoramique sur le Cap Ferrat. Tout d&#8217;abord, votre chauffeur viendra vous chercher sur le site de votre choix \u00e0 Cannes ou dans les environs. Apr\u00e8s cela, vous vous dirigez vers la vieille ville de Nice. Une fois sur place, vous traverserez ses rues \u00e9troites de style italien, visiterez la cath\u00e9drale Saint-Nicolas et les principales \u00e9glises baroques de Nice. Vous traverserez la promenade des anglais et vous pourrez visiter, si vous le souhaitez, le mus\u00e9e Matisse.<\/p>\n<p>Apr\u00e8s Nice, vous visiterez le Mont-Boron, de l\u00e0 vous profiterez d&#8217;une jolie vue sur la baie de Villefranche. Ensuite, vous vous rendrez au Cap Ferrat, o\u00f9 vous pourrez visiter la belle Villa et les jardins d&#8217;Ethrussi de Rothschild. Cette villa a \u00e9t\u00e9 construite par l&#8217;architecte fran\u00e7ais Aaron Messiah pour la baronne B\u00e9atrice de Rothschild entre 1905 et 1912.<\/p>\n<p>Une fois la visite termin\u00e9e, votre chauffeur \/ guide vous ram\u00e8nera au site souhait\u00e9.<br \/>\nNous pouvons organiser la dur\u00e9e exacte de l&#8217;exp\u00e9rience en fonction de vos propres besoins. Cependant notre proposition a une dur\u00e9e de 4 heures, nous pouvons \u00e9galement organiser une dur\u00e9e plus longue et ajouter plus d&#8217;arr\u00eats. Contactez-nous pour une proposition sur mesure.<\/p>\n","protected":false},"excerpt":{"rendered":"<p>Profitez de cette exp\u00e9rience priv\u00e9e sur mesure et d\u00e9couvrez la merveilleuse ville de Nice avec un expert local. Saisissez cette opportunit\u00e9 et d\u00e9couvrez la capitale de la C\u00f4te d&#8217;Azur avec votre propre chauffeur \/ guide priv\u00e9. Personnalisez votre propre exp\u00e9rience.<\/p>\n","protected":false},"featured_media":98250,"comment_status":"open","ping_status":"closed","template":"","meta":{"_acf_changed":false},"product_brand":[],"product_cat":[3592],"product_tag":[],"class_list":{"0":"post-99894","1":"product","2":"type-product","3":"status-publish","4":"has-post-thumbnail","6":"product_cat-cannes-fr","8":"first","9":"instock","10":"shipping-taxable","11":"purchasable","12":"product-type-simple"},"acf":[],"yoast_head":"<!-- This site is optimized with the Yoast SEO Premium plugin v25.3.1 (Yoast SEO v25.3.1) - https:\/\/yoast.com\/wordpress\/plugins\/seo\/ -->\n<title>Visite priv\u00e9e de Nice au d\u00e9part de Cannes avec chauffeur \/ guide professionnel<\/title>\n<meta name=\"description\" content=\"Profitez de cette excursion priv\u00e9e d&#039;une journ\u00e9e compl\u00e8te au d\u00e9part de Cannes et d\u00e9couvrez la capitale de la C\u00f4te d&#039;Azur avec un expert local. Exp\u00e9rience priv\u00e9e sur mesure.\" \/>\n<meta name=\"robots\" content=\"index, follow, max-snippet:-1, max-image-preview:large, max-video-preview:-1\" \/>\n<link rel=\"canonical\" href=\"https:\/\/tourtravelandmore.com\/fr\/tours\/france-fr\/cannes-fr\/visite-privee-a-nice-avec-chauffeur-guide-prive\/\" \/>\n<meta property=\"og:locale\" content=\"fr_FR\" \/>\n<meta property=\"og:type\" content=\"article\" \/>\n<meta property=\"og:title\" content=\"Visite priv\u00e9e \u00e0 Nice avec chauffeur \/ guide priv\u00e9\" \/>\n<meta property=\"og:description\" content=\"Profitez de cette excursion priv\u00e9e d&#039;une journ\u00e9e compl\u00e8te au d\u00e9part de Cannes et d\u00e9couvrez la capitale de la C\u00f4te d&#039;Azur avec un expert local. Exp\u00e9rience priv\u00e9e sur mesure.\" \/>\n<meta property=\"og:url\" content=\"https:\/\/tourtravelandmore.com\/fr\/tours\/france-fr\/cannes-fr\/visite-privee-a-nice-avec-chauffeur-guide-prive\/\" \/>\n<meta property=\"og:site_name\" content=\"Tour Travel And More\" \/>\n<meta property=\"article:publisher\" content=\"https:\/\/www.facebook.com\/tourtravelandmore\/\" \/>\n<meta property=\"og:image\" content=\"https:\/\/tourtravelandmore.com\/wp-content\/uploads\/2017\/05\/Nice-bay-min.jpg\" \/>\n\t<meta property=\"og:image:width\" content=\"1280\" \/>\n\t<meta property=\"og:image:height\" content=\"853\" \/>\n\t<meta property=\"og:image:type\" content=\"image\/jpeg\" \/>\n<meta name=\"twitter:card\" content=\"summary_large_image\" \/>\n<meta name=\"twitter:site\" content=\"@TourTravel_More\" \/>\n<meta name=\"twitter:label1\" content=\"Dur\u00e9e de lecture estim\u00e9e\" \/>\n\t<meta name=\"twitter:data1\" content=\"2 minutes\" \/>\n<script type=\"application\/ld+json\" class=\"yoast-schema-graph\">{\"@context\":\"https:\/\/schema.org\",\"@graph\":[{\"@type\":\"WebPage\",\"@id\":\"https:\/\/tourtravelandmore.com\/fr\/tours\/france-fr\/cannes-fr\/visite-privee-a-nice-avec-chauffeur-guide-prive\/\",\"url\":\"https:\/\/tourtravelandmore.com\/fr\/tours\/france-fr\/cannes-fr\/visite-privee-a-nice-avec-chauffeur-guide-prive\/\",\"name\":\"Visite priv\u00e9e de Nice au d\u00e9part de Cannes avec chauffeur \/ guide professionnel\",\"isPartOf\":{\"@id\":\"https:\/\/tourtravelandmore.com\/fr\/#website\"},\"primaryImageOfPage\":{\"@id\":\"https:\/\/tourtravelandmore.com\/fr\/tours\/france-fr\/cannes-fr\/visite-privee-a-nice-avec-chauffeur-guide-prive\/#primaryimage\"},\"image\":{\"@id\":\"https:\/\/tourtravelandmore.com\/fr\/tours\/france-fr\/cannes-fr\/visite-privee-a-nice-avec-chauffeur-guide-prive\/#primaryimage\"},\"thumbnailUrl\":\"https:\/\/tourtravelandmore.com\/wp-content\/uploads\/2017\/05\/Nice-bay-min.jpg\",\"datePublished\":\"2018-03-07T13:50:52+00:00\",\"description\":\"Profitez de cette excursion priv\u00e9e d'une journ\u00e9e compl\u00e8te au d\u00e9part de Cannes et d\u00e9couvrez la capitale de la C\u00f4te d'Azur avec un expert local. Exp\u00e9rience priv\u00e9e sur mesure.\",\"breadcrumb\":{\"@id\":\"https:\/\/tourtravelandmore.com\/fr\/tours\/france-fr\/cannes-fr\/visite-privee-a-nice-avec-chauffeur-guide-prive\/#breadcrumb\"},\"inLanguage\":\"fr-FR\",\"potentialAction\":[{\"@type\":\"ReadAction\",\"target\":[\"https:\/\/tourtravelandmore.com\/fr\/tours\/france-fr\/cannes-fr\/visite-privee-a-nice-avec-chauffeur-guide-prive\/\"]}]},{\"@type\":\"ImageObject\",\"inLanguage\":\"fr-FR\",\"@id\":\"https:\/\/tourtravelandmore.com\/fr\/tours\/france-fr\/cannes-fr\/visite-privee-a-nice-avec-chauffeur-guide-prive\/#primaryimage\",\"url\":\"https:\/\/tourtravelandmore.com\/wp-content\/uploads\/2017\/05\/Nice-bay-min.jpg\",\"contentUrl\":\"https:\/\/tourtravelandmore.com\/wp-content\/uploads\/2017\/05\/Nice-bay-min.jpg\",\"width\":1280,\"height\":853},{\"@type\":\"BreadcrumbList\",\"@id\":\"https:\/\/tourtravelandmore.com\/fr\/tours\/france-fr\/cannes-fr\/visite-privee-a-nice-avec-chauffeur-guide-prive\/#breadcrumb\",\"itemListElement\":[{\"@type\":\"ListItem\",\"position\":1,\"name\":\"Home\",\"item\":\"https:\/\/tourtravelandmore.com\/fr\/\"},{\"@type\":\"ListItem\",\"position\":2,\"name\":\"Tours\",\"item\":\"https:\/\/tourtravelandmore.com\/fr\/tours\/\"},{\"@type\":\"ListItem\",\"position\":3,\"name\":\"Visite priv\u00e9e \u00e0 Nice avec chauffeur \/ guide priv\u00e9\"}]},{\"@type\":\"WebSite\",\"@id\":\"https:\/\/tourtravelandmore.com\/fr\/#website\",\"url\":\"https:\/\/tourtravelandmore.com\/fr\/\",\"name\":\"Tour Travel And More\",\"description\":\"Private sightseeing tours and luxury transfers in Spain\",\"publisher\":{\"@id\":\"https:\/\/tourtravelandmore.com\/fr\/#organization\"},\"potentialAction\":[{\"@type\":\"SearchAction\",\"target\":{\"@type\":\"EntryPoint\",\"urlTemplate\":\"https:\/\/tourtravelandmore.com\/fr\/?s={search_term_string}\"},\"query-input\":{\"@type\":\"PropertyValueSpecification\",\"valueRequired\":true,\"valueName\":\"search_term_string\"}}],\"inLanguage\":\"fr-FR\"},{\"@type\":\"Organization\",\"@id\":\"https:\/\/tourtravelandmore.com\/fr\/#organization\",\"name\":\"Tour Travel And More\",\"url\":\"https:\/\/tourtravelandmore.com\/fr\/\",\"logo\":{\"@type\":\"ImageObject\",\"inLanguage\":\"fr-FR\",\"@id\":\"https:\/\/tourtravelandmore.com\/fr\/#\/schema\/logo\/image\/\",\"url\":\"https:\/\/tourtravelandmore.com\/wp-content\/uploads\/2022\/12\/cropped-logo-cabecera-new.png\",\"contentUrl\":\"https:\/\/tourtravelandmore.com\/wp-content\/uploads\/2022\/12\/cropped-logo-cabecera-new.png\",\"width\":430,\"height\":61,\"caption\":\"Tour Travel And More\"},\"image\":{\"@id\":\"https:\/\/tourtravelandmore.com\/fr\/#\/schema\/logo\/image\/\"},\"sameAs\":[\"https:\/\/www.facebook.com\/tourtravelandmore\/\",\"https:\/\/x.com\/TourTravel_More\"]}]}<\/script>\n<!-- \/ Yoast SEO Premium plugin. -->","yoast_head_json":{"title":"Visite priv\u00e9e de Nice au d\u00e9part de Cannes avec chauffeur \/ guide professionnel","description":"Profitez de cette excursion priv\u00e9e d'une journ\u00e9e compl\u00e8te au d\u00e9part de Cannes et d\u00e9couvrez la capitale de la C\u00f4te d'Azur avec un expert local. Exp\u00e9rience priv\u00e9e sur mesure.","robots":{"index":"index","follow":"follow","max-snippet":"max-snippet:-1","max-image-preview":"max-image-preview:large","max-video-preview":"max-video-preview:-1"},"canonical":"https:\/\/tourtravelandmore.com\/fr\/tours\/france-fr\/cannes-fr\/visite-privee-a-nice-avec-chauffeur-guide-prive\/","og_locale":"fr_FR","og_type":"article","og_title":"Visite priv\u00e9e \u00e0 Nice avec chauffeur \/ guide priv\u00e9","og_description":"Profitez de cette excursion priv\u00e9e d'une journ\u00e9e compl\u00e8te au d\u00e9part de Cannes et d\u00e9couvrez la capitale de la C\u00f4te d'Azur avec un expert local. Exp\u00e9rience priv\u00e9e sur mesure.","og_url":"https:\/\/tourtravelandmore.com\/fr\/tours\/france-fr\/cannes-fr\/visite-privee-a-nice-avec-chauffeur-guide-prive\/","og_site_name":"Tour Travel And More","article_publisher":"https:\/\/www.facebook.com\/tourtravelandmore\/","og_image":[{"width":1280,"height":853,"url":"https:\/\/tourtravelandmore.com\/wp-content\/uploads\/2017\/05\/Nice-bay-min.jpg","type":"image\/jpeg"}],"twitter_card":"summary_large_image","twitter_site":"@TourTravel_More","twitter_misc":{"Dur\u00e9e de lecture estim\u00e9e":"2 minutes"},"schema":{"@context":"https:\/\/schema.org","@graph":[{"@type":"WebPage","@id":"https:\/\/tourtravelandmore.com\/fr\/tours\/france-fr\/cannes-fr\/visite-privee-a-nice-avec-chauffeur-guide-prive\/","url":"https:\/\/tourtravelandmore.com\/fr\/tours\/france-fr\/cannes-fr\/visite-privee-a-nice-avec-chauffeur-guide-prive\/","name":"Visite priv\u00e9e de Nice au d\u00e9part de Cannes avec chauffeur \/ guide professionnel","isPartOf":{"@id":"https:\/\/tourtravelandmore.com\/fr\/#website"},"primaryImageOfPage":{"@id":"https:\/\/tourtravelandmore.com\/fr\/tours\/france-fr\/cannes-fr\/visite-privee-a-nice-avec-chauffeur-guide-prive\/#primaryimage"},"image":{"@id":"https:\/\/tourtravelandmore.com\/fr\/tours\/france-fr\/cannes-fr\/visite-privee-a-nice-avec-chauffeur-guide-prive\/#primaryimage"},"thumbnailUrl":"https:\/\/tourtravelandmore.com\/wp-content\/uploads\/2017\/05\/Nice-bay-min.jpg","datePublished":"2018-03-07T13:50:52+00:00","description":"Profitez de cette excursion priv\u00e9e d'une journ\u00e9e compl\u00e8te au d\u00e9part de Cannes et d\u00e9couvrez la capitale de la C\u00f4te d'Azur avec un expert local. Exp\u00e9rience priv\u00e9e sur mesure.","breadcrumb":{"@id":"https:\/\/tourtravelandmore.com\/fr\/tours\/france-fr\/cannes-fr\/visite-privee-a-nice-avec-chauffeur-guide-prive\/#breadcrumb"},"inLanguage":"fr-FR","potentialAction":[{"@type":"ReadAction","target":["https:\/\/tourtravelandmore.com\/fr\/tours\/france-fr\/cannes-fr\/visite-privee-a-nice-avec-chauffeur-guide-prive\/"]}]},{"@type":"ImageObject","inLanguage":"fr-FR","@id":"https:\/\/tourtravelandmore.com\/fr\/tours\/france-fr\/cannes-fr\/visite-privee-a-nice-avec-chauffeur-guide-prive\/#primaryimage","url":"https:\/\/tourtravelandmore.com\/wp-content\/uploads\/2017\/05\/Nice-bay-min.jpg","contentUrl":"https:\/\/tourtravelandmore.com\/wp-content\/uploads\/2017\/05\/Nice-bay-min.jpg","width":1280,"height":853},{"@type":"BreadcrumbList","@id":"https:\/\/tourtravelandmore.com\/fr\/tours\/france-fr\/cannes-fr\/visite-privee-a-nice-avec-chauffeur-guide-prive\/#breadcrumb","itemListElement":[{"@type":"ListItem","position":1,"name":"Home","item":"https:\/\/tourtravelandmore.com\/fr\/"},{"@type":"ListItem","position":2,"name":"Tours","item":"https:\/\/tourtravelandmore.com\/fr\/tours\/"},{"@type":"ListItem","position":3,"name":"Visite priv\u00e9e \u00e0 Nice avec chauffeur \/ guide priv\u00e9"}]},{"@type":"WebSite","@id":"https:\/\/tourtravelandmore.com\/fr\/#website","url":"https:\/\/tourtravelandmore.com\/fr\/","name":"Tour Travel And More","description":"Private sightseeing tours and luxury transfers in Spain","publisher":{"@id":"https:\/\/tourtravelandmore.com\/fr\/#organization"},"potentialAction":[{"@type":"SearchAction","target":{"@type":"EntryPoint","urlTemplate":"https:\/\/tourtravelandmore.com\/fr\/?s={search_term_string}"},"query-input":{"@type":"PropertyValueSpecification","valueRequired":true,"valueName":"search_term_string"}}],"inLanguage":"fr-FR"},{"@type":"Organization","@id":"https:\/\/tourtravelandmore.com\/fr\/#organization","name":"Tour Travel And More","url":"https:\/\/tourtravelandmore.com\/fr\/","logo":{"@type":"ImageObject","inLanguage":"fr-FR","@id":"https:\/\/tourtravelandmore.com\/fr\/#\/schema\/logo\/image\/","url":"https:\/\/tourtravelandmore.com\/wp-content\/uploads\/2022\/12\/cropped-logo-cabecera-new.png","contentUrl":"https:\/\/tourtravelandmore.com\/wp-content\/uploads\/2022\/12\/cropped-logo-cabecera-new.png","width":430,"height":61,"caption":"Tour Travel And More"},"image":{"@id":"https:\/\/tourtravelandmore.com\/fr\/#\/schema\/logo\/image\/"},"sameAs":["https:\/\/www.facebook.com\/tourtravelandmore\/","https:\/\/x.com\/TourTravel_More"]}]}},"_links":{"self":[{"href":"https:\/\/tourtravelandmore.com\/fr\/wp-json\/wp\/v2\/product\/99894","targetHints":{"allow":["GET"]}}],"collection":[{"href":"https:\/\/tourtravelandmore.com\/fr\/wp-json\/wp\/v2\/product"}],"about":[{"href":"https:\/\/tourtravelandmore.com\/fr\/wp-json\/wp\/v2\/types\/product"}],"replies":[{"embeddable":true,"href":"https:\/\/tourtravelandmore.com\/fr\/wp-json\/wp\/v2\/comments?post=99894"}],"wp:featuredmedia":[{"embeddable":true,"href":"https:\/\/tourtravelandmore.com\/fr\/wp-json\/wp\/v2\/media\/98250"}],"wp:attachment":[{"href":"https:\/\/tourtravelandmore.com\/fr\/wp-json\/wp\/v2\/media?parent=99894"}],"wp:term":[{"taxonomy":"product_brand","embeddable":true,"href":"https:\/\/tourtravelandmore.com\/fr\/wp-json\/wp\/v2\/product_brand?post=99894"},{"taxonomy":"product_cat","embeddable":true,"href":"https:\/\/tourtravelandmore.com\/fr\/wp-json\/wp\/v2\/product_cat?post=99894"},{"taxonomy":"product_tag","embeddable":true,"href":"https:\/\/tourtravelandmore.com\/fr\/wp-json\/wp\/v2\/product_tag?post=99894"}],"curies":[{"name":"wp","href":"https:\/\/api.w.org\/{rel}","templated":true}]}}