{"id":99889,"date":"2017-11-21T14:25:32","date_gmt":"2017-11-21T13:25:32","guid":{"rendered":"https:\/\/tourtravelandmore.com\/tours\/non class\u00e9\/visite-privee-a-monaco-avec-chauffeur-guide\/"},"modified":"2017-11-21T14:25:32","modified_gmt":"2017-11-21T13:25:32","slug":"visite-privee-a-monaco-avec-chauffeur-guide","status":"publish","type":"product","link":"https:\/\/tourtravelandmore.com\/fr\/tours\/france-fr\/cannes-fr\/visite-privee-a-monaco-avec-chauffeur-guide\/","title":{"rendered":"Visite priv\u00e9e \u00e0 Monaco avec chauffeur \/ guide"},"content":{"rendered":"<h2>Description<\/h2>\n<p>Profitez de cette visite priv\u00e9e \u00e0 Monaco au d\u00e9part de Cannes et d\u00e9couvrez la Principaut\u00e9 de Monaco avec un expert local. Votre guide parcourra les sites les plus embl\u00e9matiques de Monaco tout en apprenant l&#8217;histoire et les secrets de cette ville glamour.<\/p>\n<p>Votre chauffeur viendra vous chercher au site et \u00e0 l&#8217;heure souhait\u00e9s \u00e0 Cannes. Apr\u00e8s cela, vous lancerez votre visite priv\u00e9e. Nous pouvons venir vous chercher \u00e0 l&#8217;endroit de votre choix \u00e0 Cannes ou dans les environs.<\/p>\n<p>Contactez-nous, un membre de notre \u00e9quipe vous aidera \u00e0 organiser un itin\u00e9raire personnalis\u00e9 et sur mesure. Votre chauffeur \/ guide sera \u00e0 votre enti\u00e8re disposition pendant toute la dur\u00e9e de la visite.<\/p>\n<h2>Sites d&#8217;int\u00e9r\u00eat et monuments<\/h2>\n<p>Tout d&#8217;abord, votre chauffeur \/ guide priv\u00e9 viendra vous chercher \u00e0 l&#8217;endroit souhait\u00e9 sur la C\u00f4te d&#8217;Azur. Apr\u00e8s cela, votre visite priv\u00e9e \u00e0 Monaco au d\u00e9part de Cannes commencera.<\/p>\n<p>Au cours de cette exp\u00e9rience priv\u00e9e vous visiterez les principaux sites de la Principaut\u00e9 de Monaco. Vous conduirez la Moyenne Corniche, o\u00f9 vous pourrez vous arr\u00eater pour une vue imprenable sur Monaco depuis Le Turbie. Une fois \u00e0 Monaco, vous pourrez visiter le palais princier, le casino et la cath\u00e9drale. Si vous \u00eates int\u00e9ress\u00e9, vous pouvez visiter le palais et la collection de voitures anciennes du prince. A l&#8217;ext\u00e9rieur du casino se trouve l&#8217;embl\u00e9matique Caf\u00e9 de Paris, qui dispose d&#8217;une tr\u00e8s belle terrasse.<br \/>\nVous pouvez traverser le point de d\u00e9part du Grand Prix de F1 qui se d\u00e9roule chaque ann\u00e9e \u00e0 Monaco et m\u00eame traverser le circuit.<br \/>\nAu cours de votre visite, vous visiterez \u00e9galement Montecarlo, la partie haute de la ville. L\u00e0, vous pourrez visiter le jardin exotique. Chaque ann\u00e9e en janvier, cette zone plus \u00e9lev\u00e9e est bond\u00e9e pour le Rallye de Montecarlo. Ici, vous pouvez \u00e9galement visiter le mus\u00e9e oc\u00e9anographique, qui abrite l&#8217;un des meilleurs aquariums de France, y compris une piscine lagon aux requins.<\/p>\n<p>Une fois votre visite \u00e0 Monaco termin\u00e9e, votre chauffeur \/ guide vous ram\u00e8nera \u00e0 l&#8217;endroit souhait\u00e9 \u00e0 Cannes. Cependant cette option de circuit a une dur\u00e9e de 4 heures, n&#8217;h\u00e9sitez pas \u00e0 nous contacter si vous souhaitez un circuit plus long.<\/p>\n","protected":false},"excerpt":{"rendered":"<p>Profitez de cette exp\u00e9rience totalement priv\u00e9e et apprenez \u00e0 conna\u00eetre la principaut\u00e9 de Monaco avec un expert local. Vous visiterez les sites et monuments les plus int\u00e9ressants et d\u00e9couvrirez le glamour et les attractions de la ville. Profitez de cette occasion pour d\u00e9couvrir cette belle r\u00e9gion du sud de la France dans votre propre v\u00e9hicule priv\u00e9 avec votre voiture \/ guide priv\u00e9.<\/p>\n","protected":false},"featured_media":94752,"comment_status":"open","ping_status":"closed","template":"","meta":{"_acf_changed":false},"product_brand":[],"product_cat":[3592],"product_tag":[],"class_list":{"0":"post-99889","1":"product","2":"type-product","3":"status-publish","4":"has-post-thumbnail","6":"product_cat-cannes-fr","8":"first","9":"instock","10":"shipping-taxable","11":"purchasable","12":"product-type-simple"},"acf":[],"yoast_head":"<!-- This site is optimized with the Yoast SEO Premium plugin v25.3.1 (Yoast SEO v25.3.1) - https:\/\/yoast.com\/wordpress\/plugins\/seo\/ -->\n<title>Visite priv\u00e9e de Monaco au d\u00e9part de Cannes avec chauffeur \/ guide priv\u00e9<\/title>\n<meta name=\"description\" content=\"Profitez de cette visite priv\u00e9e \u00e0 Monaco au d\u00e9part de Cannes et d\u00e9couvrez l&#039;un des endroits les plus glamour du monde \u00e0 l&#039;aise dans votre v\u00e9hicule de luxe priv\u00e9\" \/>\n<meta name=\"robots\" content=\"index, follow, max-snippet:-1, max-image-preview:large, max-video-preview:-1\" \/>\n<link rel=\"canonical\" href=\"https:\/\/tourtravelandmore.com\/fr\/tours\/france-fr\/cannes-fr\/visite-privee-a-monaco-avec-chauffeur-guide\/\" \/>\n<meta property=\"og:locale\" content=\"fr_FR\" \/>\n<meta property=\"og:type\" content=\"article\" \/>\n<meta property=\"og:title\" content=\"Visite priv\u00e9e \u00e0 Monaco avec chauffeur \/ guide\" \/>\n<meta property=\"og:description\" content=\"Profitez de cette visite priv\u00e9e \u00e0 Monaco au d\u00e9part de Cannes et d\u00e9couvrez l&#039;un des endroits les plus glamour du monde \u00e0 l&#039;aise dans votre v\u00e9hicule de luxe priv\u00e9\" \/>\n<meta property=\"og:url\" content=\"https:\/\/tourtravelandmore.com\/fr\/tours\/france-fr\/cannes-fr\/visite-privee-a-monaco-avec-chauffeur-guide\/\" \/>\n<meta property=\"og:site_name\" content=\"Tour Travel And More\" \/>\n<meta property=\"article:publisher\" content=\"https:\/\/www.facebook.com\/tourtravelandmore\/\" \/>\n<meta property=\"og:image\" content=\"https:\/\/tourtravelandmore.com\/wp-content\/uploads\/2018\/03\/Monaco1-1.jpg\" \/>\n\t<meta property=\"og:image:width\" content=\"1024\" \/>\n\t<meta property=\"og:image:height\" content=\"683\" \/>\n\t<meta property=\"og:image:type\" content=\"image\/jpeg\" \/>\n<meta name=\"twitter:card\" content=\"summary_large_image\" \/>\n<meta name=\"twitter:site\" content=\"@TourTravel_More\" \/>\n<meta name=\"twitter:label1\" content=\"Dur\u00e9e de lecture estim\u00e9e\" \/>\n\t<meta name=\"twitter:data1\" content=\"2 minutes\" \/>\n<script type=\"application\/ld+json\" class=\"yoast-schema-graph\">{\"@context\":\"https:\/\/schema.org\",\"@graph\":[{\"@type\":\"WebPage\",\"@id\":\"https:\/\/tourtravelandmore.com\/fr\/tours\/france-fr\/cannes-fr\/visite-privee-a-monaco-avec-chauffeur-guide\/\",\"url\":\"https:\/\/tourtravelandmore.com\/fr\/tours\/france-fr\/cannes-fr\/visite-privee-a-monaco-avec-chauffeur-guide\/\",\"name\":\"Visite priv\u00e9e de Monaco au d\u00e9part de Cannes avec chauffeur \/ guide priv\u00e9\",\"isPartOf\":{\"@id\":\"https:\/\/tourtravelandmore.com\/fr\/#website\"},\"primaryImageOfPage\":{\"@id\":\"https:\/\/tourtravelandmore.com\/fr\/tours\/france-fr\/cannes-fr\/visite-privee-a-monaco-avec-chauffeur-guide\/#primaryimage\"},\"image\":{\"@id\":\"https:\/\/tourtravelandmore.com\/fr\/tours\/france-fr\/cannes-fr\/visite-privee-a-monaco-avec-chauffeur-guide\/#primaryimage\"},\"thumbnailUrl\":\"https:\/\/tourtravelandmore.com\/wp-content\/uploads\/2018\/03\/Monaco1-1.jpg\",\"datePublished\":\"2017-11-21T13:25:32+00:00\",\"description\":\"Profitez de cette visite priv\u00e9e \u00e0 Monaco au d\u00e9part de Cannes et d\u00e9couvrez l'un des endroits les plus glamour du monde \u00e0 l'aise dans votre v\u00e9hicule de luxe priv\u00e9\",\"breadcrumb\":{\"@id\":\"https:\/\/tourtravelandmore.com\/fr\/tours\/france-fr\/cannes-fr\/visite-privee-a-monaco-avec-chauffeur-guide\/#breadcrumb\"},\"inLanguage\":\"fr-FR\",\"potentialAction\":[{\"@type\":\"ReadAction\",\"target\":[\"https:\/\/tourtravelandmore.com\/fr\/tours\/france-fr\/cannes-fr\/visite-privee-a-monaco-avec-chauffeur-guide\/\"]}]},{\"@type\":\"ImageObject\",\"inLanguage\":\"fr-FR\",\"@id\":\"https:\/\/tourtravelandmore.com\/fr\/tours\/france-fr\/cannes-fr\/visite-privee-a-monaco-avec-chauffeur-guide\/#primaryimage\",\"url\":\"https:\/\/tourtravelandmore.com\/wp-content\/uploads\/2018\/03\/Monaco1-1.jpg\",\"contentUrl\":\"https:\/\/tourtravelandmore.com\/wp-content\/uploads\/2018\/03\/Monaco1-1.jpg\",\"width\":1024,\"height\":683},{\"@type\":\"BreadcrumbList\",\"@id\":\"https:\/\/tourtravelandmore.com\/fr\/tours\/france-fr\/cannes-fr\/visite-privee-a-monaco-avec-chauffeur-guide\/#breadcrumb\",\"itemListElement\":[{\"@type\":\"ListItem\",\"position\":1,\"name\":\"Home\",\"item\":\"https:\/\/tourtravelandmore.com\/fr\/\"},{\"@type\":\"ListItem\",\"position\":2,\"name\":\"Tours\",\"item\":\"https:\/\/tourtravelandmore.com\/fr\/tours\/\"},{\"@type\":\"ListItem\",\"position\":3,\"name\":\"Visite priv\u00e9e \u00e0 Monaco avec chauffeur \/ guide\"}]},{\"@type\":\"WebSite\",\"@id\":\"https:\/\/tourtravelandmore.com\/fr\/#website\",\"url\":\"https:\/\/tourtravelandmore.com\/fr\/\",\"name\":\"Tour Travel And More\",\"description\":\"Private sightseeing tours and luxury transfers in Spain\",\"publisher\":{\"@id\":\"https:\/\/tourtravelandmore.com\/fr\/#organization\"},\"potentialAction\":[{\"@type\":\"SearchAction\",\"target\":{\"@type\":\"EntryPoint\",\"urlTemplate\":\"https:\/\/tourtravelandmore.com\/fr\/?s={search_term_string}\"},\"query-input\":{\"@type\":\"PropertyValueSpecification\",\"valueRequired\":true,\"valueName\":\"search_term_string\"}}],\"inLanguage\":\"fr-FR\"},{\"@type\":\"Organization\",\"@id\":\"https:\/\/tourtravelandmore.com\/fr\/#organization\",\"name\":\"Tour Travel And More\",\"url\":\"https:\/\/tourtravelandmore.com\/fr\/\",\"logo\":{\"@type\":\"ImageObject\",\"inLanguage\":\"fr-FR\",\"@id\":\"https:\/\/tourtravelandmore.com\/fr\/#\/schema\/logo\/image\/\",\"url\":\"https:\/\/tourtravelandmore.com\/wp-content\/uploads\/2022\/12\/cropped-logo-cabecera-new.png\",\"contentUrl\":\"https:\/\/tourtravelandmore.com\/wp-content\/uploads\/2022\/12\/cropped-logo-cabecera-new.png\",\"width\":430,\"height\":61,\"caption\":\"Tour Travel And More\"},\"image\":{\"@id\":\"https:\/\/tourtravelandmore.com\/fr\/#\/schema\/logo\/image\/\"},\"sameAs\":[\"https:\/\/www.facebook.com\/tourtravelandmore\/\",\"https:\/\/x.com\/TourTravel_More\"]}]}<\/script>\n<!-- \/ Yoast SEO Premium plugin. -->","yoast_head_json":{"title":"Visite priv\u00e9e de Monaco au d\u00e9part de Cannes avec chauffeur \/ guide priv\u00e9","description":"Profitez de cette visite priv\u00e9e \u00e0 Monaco au d\u00e9part de Cannes et d\u00e9couvrez l'un des endroits les plus glamour du monde \u00e0 l'aise dans votre v\u00e9hicule de luxe priv\u00e9","robots":{"index":"index","follow":"follow","max-snippet":"max-snippet:-1","max-image-preview":"max-image-preview:large","max-video-preview":"max-video-preview:-1"},"canonical":"https:\/\/tourtravelandmore.com\/fr\/tours\/france-fr\/cannes-fr\/visite-privee-a-monaco-avec-chauffeur-guide\/","og_locale":"fr_FR","og_type":"article","og_title":"Visite priv\u00e9e \u00e0 Monaco avec chauffeur \/ guide","og_description":"Profitez de cette visite priv\u00e9e \u00e0 Monaco au d\u00e9part de Cannes et d\u00e9couvrez l'un des endroits les plus glamour du monde \u00e0 l'aise dans votre v\u00e9hicule de luxe priv\u00e9","og_url":"https:\/\/tourtravelandmore.com\/fr\/tours\/france-fr\/cannes-fr\/visite-privee-a-monaco-avec-chauffeur-guide\/","og_site_name":"Tour Travel And More","article_publisher":"https:\/\/www.facebook.com\/tourtravelandmore\/","og_image":[{"width":1024,"height":683,"url":"https:\/\/tourtravelandmore.com\/wp-content\/uploads\/2018\/03\/Monaco1-1.jpg","type":"image\/jpeg"}],"twitter_card":"summary_large_image","twitter_site":"@TourTravel_More","twitter_misc":{"Dur\u00e9e de lecture estim\u00e9e":"2 minutes"},"schema":{"@context":"https:\/\/schema.org","@graph":[{"@type":"WebPage","@id":"https:\/\/tourtravelandmore.com\/fr\/tours\/france-fr\/cannes-fr\/visite-privee-a-monaco-avec-chauffeur-guide\/","url":"https:\/\/tourtravelandmore.com\/fr\/tours\/france-fr\/cannes-fr\/visite-privee-a-monaco-avec-chauffeur-guide\/","name":"Visite priv\u00e9e de Monaco au d\u00e9part de Cannes avec chauffeur \/ guide priv\u00e9","isPartOf":{"@id":"https:\/\/tourtravelandmore.com\/fr\/#website"},"primaryImageOfPage":{"@id":"https:\/\/tourtravelandmore.com\/fr\/tours\/france-fr\/cannes-fr\/visite-privee-a-monaco-avec-chauffeur-guide\/#primaryimage"},"image":{"@id":"https:\/\/tourtravelandmore.com\/fr\/tours\/france-fr\/cannes-fr\/visite-privee-a-monaco-avec-chauffeur-guide\/#primaryimage"},"thumbnailUrl":"https:\/\/tourtravelandmore.com\/wp-content\/uploads\/2018\/03\/Monaco1-1.jpg","datePublished":"2017-11-21T13:25:32+00:00","description":"Profitez de cette visite priv\u00e9e \u00e0 Monaco au d\u00e9part de Cannes et d\u00e9couvrez l'un des endroits les plus glamour du monde \u00e0 l'aise dans votre v\u00e9hicule de luxe priv\u00e9","breadcrumb":{"@id":"https:\/\/tourtravelandmore.com\/fr\/tours\/france-fr\/cannes-fr\/visite-privee-a-monaco-avec-chauffeur-guide\/#breadcrumb"},"inLanguage":"fr-FR","potentialAction":[{"@type":"ReadAction","target":["https:\/\/tourtravelandmore.com\/fr\/tours\/france-fr\/cannes-fr\/visite-privee-a-monaco-avec-chauffeur-guide\/"]}]},{"@type":"ImageObject","inLanguage":"fr-FR","@id":"https:\/\/tourtravelandmore.com\/fr\/tours\/france-fr\/cannes-fr\/visite-privee-a-monaco-avec-chauffeur-guide\/#primaryimage","url":"https:\/\/tourtravelandmore.com\/wp-content\/uploads\/2018\/03\/Monaco1-1.jpg","contentUrl":"https:\/\/tourtravelandmore.com\/wp-content\/uploads\/2018\/03\/Monaco1-1.jpg","width":1024,"height":683},{"@type":"BreadcrumbList","@id":"https:\/\/tourtravelandmore.com\/fr\/tours\/france-fr\/cannes-fr\/visite-privee-a-monaco-avec-chauffeur-guide\/#breadcrumb","itemListElement":[{"@type":"ListItem","position":1,"name":"Home","item":"https:\/\/tourtravelandmore.com\/fr\/"},{"@type":"ListItem","position":2,"name":"Tours","item":"https:\/\/tourtravelandmore.com\/fr\/tours\/"},{"@type":"ListItem","position":3,"name":"Visite priv\u00e9e \u00e0 Monaco avec chauffeur \/ guide"}]},{"@type":"WebSite","@id":"https:\/\/tourtravelandmore.com\/fr\/#website","url":"https:\/\/tourtravelandmore.com\/fr\/","name":"Tour Travel And More","description":"Private sightseeing tours and luxury transfers in Spain","publisher":{"@id":"https:\/\/tourtravelandmore.com\/fr\/#organization"},"potentialAction":[{"@type":"SearchAction","target":{"@type":"EntryPoint","urlTemplate":"https:\/\/tourtravelandmore.com\/fr\/?s={search_term_string}"},"query-input":{"@type":"PropertyValueSpecification","valueRequired":true,"valueName":"search_term_string"}}],"inLanguage":"fr-FR"},{"@type":"Organization","@id":"https:\/\/tourtravelandmore.com\/fr\/#organization","name":"Tour Travel And More","url":"https:\/\/tourtravelandmore.com\/fr\/","logo":{"@type":"ImageObject","inLanguage":"fr-FR","@id":"https:\/\/tourtravelandmore.com\/fr\/#\/schema\/logo\/image\/","url":"https:\/\/tourtravelandmore.com\/wp-content\/uploads\/2022\/12\/cropped-logo-cabecera-new.png","contentUrl":"https:\/\/tourtravelandmore.com\/wp-content\/uploads\/2022\/12\/cropped-logo-cabecera-new.png","width":430,"height":61,"caption":"Tour Travel And More"},"image":{"@id":"https:\/\/tourtravelandmore.com\/fr\/#\/schema\/logo\/image\/"},"sameAs":["https:\/\/www.facebook.com\/tourtravelandmore\/","https:\/\/x.com\/TourTravel_More"]}]}},"_links":{"self":[{"href":"https:\/\/tourtravelandmore.com\/fr\/wp-json\/wp\/v2\/product\/99889","targetHints":{"allow":["GET"]}}],"collection":[{"href":"https:\/\/tourtravelandmore.com\/fr\/wp-json\/wp\/v2\/product"}],"about":[{"href":"https:\/\/tourtravelandmore.com\/fr\/wp-json\/wp\/v2\/types\/product"}],"replies":[{"embeddable":true,"href":"https:\/\/tourtravelandmore.com\/fr\/wp-json\/wp\/v2\/comments?post=99889"}],"wp:featuredmedia":[{"embeddable":true,"href":"https:\/\/tourtravelandmore.com\/fr\/wp-json\/wp\/v2\/media\/94752"}],"wp:attachment":[{"href":"https:\/\/tourtravelandmore.com\/fr\/wp-json\/wp\/v2\/media?parent=99889"}],"wp:term":[{"taxonomy":"product_brand","embeddable":true,"href":"https:\/\/tourtravelandmore.com\/fr\/wp-json\/wp\/v2\/product_brand?post=99889"},{"taxonomy":"product_cat","embeddable":true,"href":"https:\/\/tourtravelandmore.com\/fr\/wp-json\/wp\/v2\/product_cat?post=99889"},{"taxonomy":"product_tag","embeddable":true,"href":"https:\/\/tourtravelandmore.com\/fr\/wp-json\/wp\/v2\/product_tag?post=99889"}],"curies":[{"name":"wp","href":"https:\/\/api.w.org\/{rel}","templated":true}]}}