{"id":99884,"date":"2017-05-12T12:22:10","date_gmt":"2017-05-12T10:22:10","guid":{"rendered":"https:\/\/tourtravelandmore.com\/tours\/non class\u00e9\/transferts-prives-a-cannes-aeroport-port-de-croisiere-inter-villes\/"},"modified":"2017-05-12T12:22:10","modified_gmt":"2017-05-12T10:22:10","slug":"transferts-prives-a-cannes-aeroport-port-de-croisiere-inter-villes","status":"publish","type":"product","link":"https:\/\/tourtravelandmore.com\/fr\/tours\/france-fr\/cannes-fr\/transferts-prives-a-cannes-aeroport-port-de-croisiere-inter-villes\/","title":{"rendered":"Transferts priv\u00e9s \u00e0 Cannes (a\u00e9roport, port de croisi\u00e8re, inter-villes)"},"content":{"rendered":"<h2>Description<\/h2>\n<p>Profitez d&#8217;une exp\u00e9rience relaxante dans l&#8217;un de nos v\u00e9hicules priv\u00e9s de luxe avec nos transferts priv\u00e9s \u00e0 Cannes. Nous vous proposons le moyen le plus rapide et le plus simple d&#8217;atteindre votre destination finale.<\/p>\n<p>Nous proposons toutes sortes de transferts, tels que les transferts de port de croisi\u00e8re, d&#8217;a\u00e9roport, de gare ou interurbains vers toute autre ville ou lieu proche de Cannes, comme Monaco et Cannes.<\/p>\n<p>Pour les transferts \u00e0 l&#8217;arriv\u00e9e, votre chauffeur priv\u00e9 vous attendra avec une pancarte au terminal des arriv\u00e9es. Notre \u00e9quipe surveille toujours l&#8217;heure exacte d&#8217;atterrissage des vols, vous n&#8217;avez donc pas \u00e0 vous inqui\u00e9ter en cas de retard de vol.<\/p>\n<p>En cas d&#8217;arriv\u00e9e \u00e0 Cannes, Monaco ou au port de croisi\u00e8re de Nice, nous pouvons organiser un transfert priv\u00e9 vers votre h\u00f4tel ou lieu souhait\u00e9 sur la C\u00f4te d&#8217;Azur. Nous proposons \u00e9galement des visites priv\u00e9es et des excursions \u00e0 terre depuis n&#8217;importe quel site de la C\u00f4te d&#8217;Azur.<\/p>\n<h2>Sites d&#8217;int\u00e9r\u00eat et monuments<\/h2>\n<p>Nous organisons des transferts priv\u00e9s pour les groupes priv\u00e9s et \u00e9galement des incitations pour les grands groupes. Contactez-nous, notre \u00e9quipe vous aidera \u00e0 organiser une exp\u00e9rience sur mesure.<\/p>\n<p>Cannes est, apr\u00e8s Nice, la deuxi\u00e8me ville principale de la C\u00f4te d&#8217;Azur. De l\u00e0, vous pouvez visiter de beaux villages, comme Saint Paul de Vence et Grasse ou des villes glamour comme Monaco et Nice. Au cas o\u00f9 vous auriez besoin d&#8217;un transfert de \/ vers Cannes vers tout autre endroit en France ou en Italie, nous pouvons l&#8217;organiser! Contactez-nous pour une proposition personnalis\u00e9e.<\/p>\n<p>Nos transferts priv\u00e9s \u00e0 Cannes ne sont pas limit\u00e9s en ce qui concerne la quantit\u00e9 de bagages. Mais nous vous prions de bien vouloir nous informer \u00e0 l&#8217;avance de la quantit\u00e9 de bagages dont vous disposerez pour des raisons logistiques. Parfois, un v\u00e9hicule plus gros peut \u00eatre n\u00e9cessaire et des frais suppl\u00e9mentaires peuvent s&#8217;appliquer.<\/p>\n<p>Si vous avez besoin d&#8217;un si\u00e8ge b\u00e9b\u00e9 ou d&#8217;un si\u00e8ge enfant, merci de nous le faire savoir avant votre vol ou croisi\u00e8re pour l&#8217;organiser correctement.<\/p>\n","protected":false},"excerpt":{"rendered":"<p>Saisissez cette opportunit\u00e9 et profitez du moyen le plus confortable pour vous rendre \u00e0 votre destination finale sur la C\u00f4te d&#8217;Azur. Vous disposerez de votre propre v\u00e9hicule de luxe priv\u00e9 et de votre chauffeur pour vous amener rapidement et confortablement \u00e0 l&#8217;endroit choisi.<\/p>\n","protected":false},"featured_media":94006,"comment_status":"open","ping_status":"closed","template":"","meta":{"_acf_changed":false},"product_brand":[],"product_cat":[3592],"product_tag":[],"class_list":{"0":"post-99884","1":"product","2":"type-product","3":"status-publish","4":"has-post-thumbnail","6":"product_cat-cannes-fr","8":"first","9":"instock","10":"shipping-taxable","11":"purchasable","12":"product-type-simple"},"acf":[],"yoast_head":"<!-- This site is optimized with the Yoast SEO Premium plugin v25.3.1 (Yoast SEO v25.3.1) - https:\/\/yoast.com\/wordpress\/plugins\/seo\/ -->\n<title>V\u00e9hicules de luxe et chauffeur professionnel - CANNES PRIVATE TRANSFERS<\/title>\n<meta name=\"description\" content=\"Transferts priv\u00e9s \u00e0 Cannes. V\u00e9hicule de luxe priv\u00e9 avec chauffeur pour vous amener rapidement et confortablement \u00e0 l&#039;emplacement de votre choix sur la C\u00f4te d&#039;Azur.\" \/>\n<meta name=\"robots\" content=\"index, follow, max-snippet:-1, max-image-preview:large, max-video-preview:-1\" \/>\n<link rel=\"canonical\" href=\"https:\/\/tourtravelandmore.com\/fr\/tours\/france-fr\/cannes-fr\/transferts-prives-a-cannes-aeroport-port-de-croisiere-inter-villes\/\" \/>\n<meta property=\"og:locale\" content=\"fr_FR\" \/>\n<meta property=\"og:type\" content=\"article\" \/>\n<meta property=\"og:title\" content=\"Transferts priv\u00e9s \u00e0 Cannes (a\u00e9roport, port de croisi\u00e8re, inter-villes)\" \/>\n<meta property=\"og:description\" content=\"Transferts priv\u00e9s \u00e0 Cannes. V\u00e9hicule de luxe priv\u00e9 avec chauffeur pour vous amener rapidement et confortablement \u00e0 l&#039;emplacement de votre choix sur la C\u00f4te d&#039;Azur.\" \/>\n<meta property=\"og:url\" content=\"https:\/\/tourtravelandmore.com\/fr\/tours\/france-fr\/cannes-fr\/transferts-prives-a-cannes-aeroport-port-de-croisiere-inter-villes\/\" \/>\n<meta property=\"og:site_name\" content=\"Tour Travel And More\" \/>\n<meta property=\"article:publisher\" content=\"https:\/\/www.facebook.com\/tourtravelandmore\/\" \/>\n<meta property=\"og:image\" content=\"https:\/\/tourtravelandmore.com\/wp-content\/uploads\/2016\/11\/CLASE-S-1-copia.png\" \/>\n\t<meta property=\"og:image:width\" content=\"640\" \/>\n\t<meta property=\"og:image:height\" content=\"425\" \/>\n\t<meta property=\"og:image:type\" content=\"image\/png\" \/>\n<meta name=\"twitter:card\" content=\"summary_large_image\" \/>\n<meta name=\"twitter:site\" content=\"@TourTravel_More\" \/>\n<meta name=\"twitter:label1\" content=\"Dur\u00e9e de lecture estim\u00e9e\" \/>\n\t<meta name=\"twitter:data1\" content=\"2 minutes\" \/>\n<script type=\"application\/ld+json\" class=\"yoast-schema-graph\">{\"@context\":\"https:\/\/schema.org\",\"@graph\":[{\"@type\":\"WebPage\",\"@id\":\"https:\/\/tourtravelandmore.com\/fr\/tours\/france-fr\/cannes-fr\/transferts-prives-a-cannes-aeroport-port-de-croisiere-inter-villes\/\",\"url\":\"https:\/\/tourtravelandmore.com\/fr\/tours\/france-fr\/cannes-fr\/transferts-prives-a-cannes-aeroport-port-de-croisiere-inter-villes\/\",\"name\":\"V\u00e9hicules de luxe et chauffeur professionnel - CANNES PRIVATE TRANSFERS\",\"isPartOf\":{\"@id\":\"https:\/\/tourtravelandmore.com\/fr\/#website\"},\"primaryImageOfPage\":{\"@id\":\"https:\/\/tourtravelandmore.com\/fr\/tours\/france-fr\/cannes-fr\/transferts-prives-a-cannes-aeroport-port-de-croisiere-inter-villes\/#primaryimage\"},\"image\":{\"@id\":\"https:\/\/tourtravelandmore.com\/fr\/tours\/france-fr\/cannes-fr\/transferts-prives-a-cannes-aeroport-port-de-croisiere-inter-villes\/#primaryimage\"},\"thumbnailUrl\":\"https:\/\/tourtravelandmore.com\/wp-content\/uploads\/2016\/11\/CLASE-S-1-copia.png\",\"datePublished\":\"2017-05-12T10:22:10+00:00\",\"description\":\"Transferts priv\u00e9s \u00e0 Cannes. V\u00e9hicule de luxe priv\u00e9 avec chauffeur pour vous amener rapidement et confortablement \u00e0 l'emplacement de votre choix sur la C\u00f4te d'Azur.\",\"breadcrumb\":{\"@id\":\"https:\/\/tourtravelandmore.com\/fr\/tours\/france-fr\/cannes-fr\/transferts-prives-a-cannes-aeroport-port-de-croisiere-inter-villes\/#breadcrumb\"},\"inLanguage\":\"fr-FR\",\"potentialAction\":[{\"@type\":\"ReadAction\",\"target\":[\"https:\/\/tourtravelandmore.com\/fr\/tours\/france-fr\/cannes-fr\/transferts-prives-a-cannes-aeroport-port-de-croisiere-inter-villes\/\"]}]},{\"@type\":\"ImageObject\",\"inLanguage\":\"fr-FR\",\"@id\":\"https:\/\/tourtravelandmore.com\/fr\/tours\/france-fr\/cannes-fr\/transferts-prives-a-cannes-aeroport-port-de-croisiere-inter-villes\/#primaryimage\",\"url\":\"https:\/\/tourtravelandmore.com\/wp-content\/uploads\/2016\/11\/CLASE-S-1-copia.png\",\"contentUrl\":\"https:\/\/tourtravelandmore.com\/wp-content\/uploads\/2016\/11\/CLASE-S-1-copia.png\",\"width\":640,\"height\":425},{\"@type\":\"BreadcrumbList\",\"@id\":\"https:\/\/tourtravelandmore.com\/fr\/tours\/france-fr\/cannes-fr\/transferts-prives-a-cannes-aeroport-port-de-croisiere-inter-villes\/#breadcrumb\",\"itemListElement\":[{\"@type\":\"ListItem\",\"position\":1,\"name\":\"Home\",\"item\":\"https:\/\/tourtravelandmore.com\/fr\/\"},{\"@type\":\"ListItem\",\"position\":2,\"name\":\"Tours\",\"item\":\"https:\/\/tourtravelandmore.com\/fr\/tours\/\"},{\"@type\":\"ListItem\",\"position\":3,\"name\":\"Transferts priv\u00e9s \u00e0 Cannes (a\u00e9roport, port de croisi\u00e8re, inter-villes)\"}]},{\"@type\":\"WebSite\",\"@id\":\"https:\/\/tourtravelandmore.com\/fr\/#website\",\"url\":\"https:\/\/tourtravelandmore.com\/fr\/\",\"name\":\"Tour Travel And More\",\"description\":\"Private sightseeing tours and luxury transfers in Spain\",\"publisher\":{\"@id\":\"https:\/\/tourtravelandmore.com\/fr\/#organization\"},\"potentialAction\":[{\"@type\":\"SearchAction\",\"target\":{\"@type\":\"EntryPoint\",\"urlTemplate\":\"https:\/\/tourtravelandmore.com\/fr\/?s={search_term_string}\"},\"query-input\":{\"@type\":\"PropertyValueSpecification\",\"valueRequired\":true,\"valueName\":\"search_term_string\"}}],\"inLanguage\":\"fr-FR\"},{\"@type\":\"Organization\",\"@id\":\"https:\/\/tourtravelandmore.com\/fr\/#organization\",\"name\":\"Tour Travel And More\",\"url\":\"https:\/\/tourtravelandmore.com\/fr\/\",\"logo\":{\"@type\":\"ImageObject\",\"inLanguage\":\"fr-FR\",\"@id\":\"https:\/\/tourtravelandmore.com\/fr\/#\/schema\/logo\/image\/\",\"url\":\"https:\/\/tourtravelandmore.com\/wp-content\/uploads\/2022\/12\/cropped-logo-cabecera-new.png\",\"contentUrl\":\"https:\/\/tourtravelandmore.com\/wp-content\/uploads\/2022\/12\/cropped-logo-cabecera-new.png\",\"width\":430,\"height\":61,\"caption\":\"Tour Travel And More\"},\"image\":{\"@id\":\"https:\/\/tourtravelandmore.com\/fr\/#\/schema\/logo\/image\/\"},\"sameAs\":[\"https:\/\/www.facebook.com\/tourtravelandmore\/\",\"https:\/\/x.com\/TourTravel_More\"]}]}<\/script>\n<!-- \/ Yoast SEO Premium plugin. -->","yoast_head_json":{"title":"V\u00e9hicules de luxe et chauffeur professionnel - CANNES PRIVATE TRANSFERS","description":"Transferts priv\u00e9s \u00e0 Cannes. V\u00e9hicule de luxe priv\u00e9 avec chauffeur pour vous amener rapidement et confortablement \u00e0 l'emplacement de votre choix sur la C\u00f4te d'Azur.","robots":{"index":"index","follow":"follow","max-snippet":"max-snippet:-1","max-image-preview":"max-image-preview:large","max-video-preview":"max-video-preview:-1"},"canonical":"https:\/\/tourtravelandmore.com\/fr\/tours\/france-fr\/cannes-fr\/transferts-prives-a-cannes-aeroport-port-de-croisiere-inter-villes\/","og_locale":"fr_FR","og_type":"article","og_title":"Transferts priv\u00e9s \u00e0 Cannes (a\u00e9roport, port de croisi\u00e8re, inter-villes)","og_description":"Transferts priv\u00e9s \u00e0 Cannes. V\u00e9hicule de luxe priv\u00e9 avec chauffeur pour vous amener rapidement et confortablement \u00e0 l'emplacement de votre choix sur la C\u00f4te d'Azur.","og_url":"https:\/\/tourtravelandmore.com\/fr\/tours\/france-fr\/cannes-fr\/transferts-prives-a-cannes-aeroport-port-de-croisiere-inter-villes\/","og_site_name":"Tour Travel And More","article_publisher":"https:\/\/www.facebook.com\/tourtravelandmore\/","og_image":[{"width":640,"height":425,"url":"https:\/\/tourtravelandmore.com\/wp-content\/uploads\/2016\/11\/CLASE-S-1-copia.png","type":"image\/png"}],"twitter_card":"summary_large_image","twitter_site":"@TourTravel_More","twitter_misc":{"Dur\u00e9e de lecture estim\u00e9e":"2 minutes"},"schema":{"@context":"https:\/\/schema.org","@graph":[{"@type":"WebPage","@id":"https:\/\/tourtravelandmore.com\/fr\/tours\/france-fr\/cannes-fr\/transferts-prives-a-cannes-aeroport-port-de-croisiere-inter-villes\/","url":"https:\/\/tourtravelandmore.com\/fr\/tours\/france-fr\/cannes-fr\/transferts-prives-a-cannes-aeroport-port-de-croisiere-inter-villes\/","name":"V\u00e9hicules de luxe et chauffeur professionnel - CANNES PRIVATE TRANSFERS","isPartOf":{"@id":"https:\/\/tourtravelandmore.com\/fr\/#website"},"primaryImageOfPage":{"@id":"https:\/\/tourtravelandmore.com\/fr\/tours\/france-fr\/cannes-fr\/transferts-prives-a-cannes-aeroport-port-de-croisiere-inter-villes\/#primaryimage"},"image":{"@id":"https:\/\/tourtravelandmore.com\/fr\/tours\/france-fr\/cannes-fr\/transferts-prives-a-cannes-aeroport-port-de-croisiere-inter-villes\/#primaryimage"},"thumbnailUrl":"https:\/\/tourtravelandmore.com\/wp-content\/uploads\/2016\/11\/CLASE-S-1-copia.png","datePublished":"2017-05-12T10:22:10+00:00","description":"Transferts priv\u00e9s \u00e0 Cannes. V\u00e9hicule de luxe priv\u00e9 avec chauffeur pour vous amener rapidement et confortablement \u00e0 l'emplacement de votre choix sur la C\u00f4te d'Azur.","breadcrumb":{"@id":"https:\/\/tourtravelandmore.com\/fr\/tours\/france-fr\/cannes-fr\/transferts-prives-a-cannes-aeroport-port-de-croisiere-inter-villes\/#breadcrumb"},"inLanguage":"fr-FR","potentialAction":[{"@type":"ReadAction","target":["https:\/\/tourtravelandmore.com\/fr\/tours\/france-fr\/cannes-fr\/transferts-prives-a-cannes-aeroport-port-de-croisiere-inter-villes\/"]}]},{"@type":"ImageObject","inLanguage":"fr-FR","@id":"https:\/\/tourtravelandmore.com\/fr\/tours\/france-fr\/cannes-fr\/transferts-prives-a-cannes-aeroport-port-de-croisiere-inter-villes\/#primaryimage","url":"https:\/\/tourtravelandmore.com\/wp-content\/uploads\/2016\/11\/CLASE-S-1-copia.png","contentUrl":"https:\/\/tourtravelandmore.com\/wp-content\/uploads\/2016\/11\/CLASE-S-1-copia.png","width":640,"height":425},{"@type":"BreadcrumbList","@id":"https:\/\/tourtravelandmore.com\/fr\/tours\/france-fr\/cannes-fr\/transferts-prives-a-cannes-aeroport-port-de-croisiere-inter-villes\/#breadcrumb","itemListElement":[{"@type":"ListItem","position":1,"name":"Home","item":"https:\/\/tourtravelandmore.com\/fr\/"},{"@type":"ListItem","position":2,"name":"Tours","item":"https:\/\/tourtravelandmore.com\/fr\/tours\/"},{"@type":"ListItem","position":3,"name":"Transferts priv\u00e9s \u00e0 Cannes (a\u00e9roport, port de croisi\u00e8re, inter-villes)"}]},{"@type":"WebSite","@id":"https:\/\/tourtravelandmore.com\/fr\/#website","url":"https:\/\/tourtravelandmore.com\/fr\/","name":"Tour Travel And More","description":"Private sightseeing tours and luxury transfers in Spain","publisher":{"@id":"https:\/\/tourtravelandmore.com\/fr\/#organization"},"potentialAction":[{"@type":"SearchAction","target":{"@type":"EntryPoint","urlTemplate":"https:\/\/tourtravelandmore.com\/fr\/?s={search_term_string}"},"query-input":{"@type":"PropertyValueSpecification","valueRequired":true,"valueName":"search_term_string"}}],"inLanguage":"fr-FR"},{"@type":"Organization","@id":"https:\/\/tourtravelandmore.com\/fr\/#organization","name":"Tour Travel And More","url":"https:\/\/tourtravelandmore.com\/fr\/","logo":{"@type":"ImageObject","inLanguage":"fr-FR","@id":"https:\/\/tourtravelandmore.com\/fr\/#\/schema\/logo\/image\/","url":"https:\/\/tourtravelandmore.com\/wp-content\/uploads\/2022\/12\/cropped-logo-cabecera-new.png","contentUrl":"https:\/\/tourtravelandmore.com\/wp-content\/uploads\/2022\/12\/cropped-logo-cabecera-new.png","width":430,"height":61,"caption":"Tour Travel And More"},"image":{"@id":"https:\/\/tourtravelandmore.com\/fr\/#\/schema\/logo\/image\/"},"sameAs":["https:\/\/www.facebook.com\/tourtravelandmore\/","https:\/\/x.com\/TourTravel_More"]}]}},"_links":{"self":[{"href":"https:\/\/tourtravelandmore.com\/fr\/wp-json\/wp\/v2\/product\/99884","targetHints":{"allow":["GET"]}}],"collection":[{"href":"https:\/\/tourtravelandmore.com\/fr\/wp-json\/wp\/v2\/product"}],"about":[{"href":"https:\/\/tourtravelandmore.com\/fr\/wp-json\/wp\/v2\/types\/product"}],"replies":[{"embeddable":true,"href":"https:\/\/tourtravelandmore.com\/fr\/wp-json\/wp\/v2\/comments?post=99884"}],"wp:featuredmedia":[{"embeddable":true,"href":"https:\/\/tourtravelandmore.com\/fr\/wp-json\/wp\/v2\/media\/94006"}],"wp:attachment":[{"href":"https:\/\/tourtravelandmore.com\/fr\/wp-json\/wp\/v2\/media?parent=99884"}],"wp:term":[{"taxonomy":"product_brand","embeddable":true,"href":"https:\/\/tourtravelandmore.com\/fr\/wp-json\/wp\/v2\/product_brand?post=99884"},{"taxonomy":"product_cat","embeddable":true,"href":"https:\/\/tourtravelandmore.com\/fr\/wp-json\/wp\/v2\/product_cat?post=99884"},{"taxonomy":"product_tag","embeddable":true,"href":"https:\/\/tourtravelandmore.com\/fr\/wp-json\/wp\/v2\/product_tag?post=99884"}],"curies":[{"name":"wp","href":"https:\/\/api.w.org\/{rel}","templated":true}]}}