{"id":99879,"date":"2017-05-12T11:03:30","date_gmt":"2017-05-12T09:03:30","guid":{"rendered":"https:\/\/tourtravelandmore.com\/tours\/non class\u00e9\/visite-privee-de-cannes-et-antibes-chauffeur-guide\/"},"modified":"2017-05-12T11:03:30","modified_gmt":"2017-05-12T09:03:30","slug":"visite-privee-de-cannes-et-antibes-chauffeur-guide","status":"publish","type":"product","link":"https:\/\/tourtravelandmore.com\/fr\/tours\/france-fr\/cannes-fr\/visite-privee-de-cannes-et-antibes-chauffeur-guide\/","title":{"rendered":"Visite priv\u00e9e de Cannes et Antibes chauffeur \/ guide"},"content":{"rendered":"<h2>Description<\/h2>\n<p>Profitez de cette visite priv\u00e9e et d\u00e9couvrez Cannes et la baie d&#8217;Antibes avec un expert local. Lors de votre visite priv\u00e9e de Cannes et d&#8217;Antibes, vous parcourrez les principaux monuments de chaque ville et en profiterez pendant que votre chauffeur \/ guide vous racontera les secrets de la r\u00e9gion.<\/p>\n<p>Nous viendrons vous chercher \u00e0 votre h\u00f4tel ou lieu de votre choix (h\u00f4tel, port de croisi\u00e8re, a\u00e9roport ou appartement) et vous emm\u00e8nerons dans cette excursion priv\u00e9e d&#8217;une demi-journ\u00e9e. Merci de nous le faire savoir \u00e0 l&#8217;avance, nous pouvons organiser la prise en charge sur n&#8217;importe quel site de Cannes, Monaco, Nice, Villefranche sur mer et ses environs.<\/p>\n<p>Notre \u00e9quipe d&#8217;experts vous aidera \u00e0 organiser une exp\u00e9rience enti\u00e8rement personnalis\u00e9e et sur mesure. Votre chauffeur \/ guide vous accompagnera tout au long du trajet, vous montrant les plus beaux sites des deux villes.<\/p>\n<h2>Sites d&#8217;int\u00e9r\u00eat et monuments<\/h2>\n<p>Tout d&#8217;abord, votre chauffeur \/ guide priv\u00e9 viendra vous chercher \u00e0 l&#8217;endroit souhait\u00e9, \u00e0 l&#8217;heure souhait\u00e9e. Apr\u00e8s cela, vous commencerez votre visite priv\u00e9e de Cannes et Antibes. Au cours de cette exp\u00e9rience priv\u00e9e, vous d\u00e9couvrirez les principaux sites de Cannes, Juan Les Pins et Antibes.<\/p>\n<p>Tout d&#8217;abord, vous explorerez Cannes. La ville est bien connue pour son glamour, ses palais et ses villas, et pour accueillir chaque ann\u00e9e le festival du film de Cannes. Vous traverserez le boulevard de la Croisette, o\u00f9 se trouvent les meilleurs h\u00f4tels et boutiques de marques de luxe. Visitez le port et admirez les yachts et les bateaux de p\u00eache. Vous appr\u00e9cierez \u00e9galement la vue imprenable sur la baie de la Napoule et les sommets de l&#8217;Esterel.<\/p>\n<p>Apr\u00e8s avoir visit\u00e9 Cannes, vous vous dirigerez vers Juan Les Pins et Antibes. Une fois sur place, vous visiterez les tours du XII\u00e8me si\u00e8cle de l&#8217;\u00e9glise et le ch\u00e2teau de la famille Grimaldi. Vous pouvez \u00e9galement visiter, si vous \u00eates int\u00e9ress\u00e9, le mus\u00e9e Picasso situ\u00e9 dans les Ch\u00e2teaux de Vallauris.<\/p>\n<p>Une fois votre visite termin\u00e9e, votre voiture \/ guide vous ram\u00e8nera \u00e0 l&#8217;endroit o\u00f9 la visite a commenc\u00e9 (ou \u00e0 l&#8217;endroit de votre choix). Nous pouvons organiser la dur\u00e9e exacte de l&#8217;exp\u00e9rience en fonction de vos propres besoins. Cependant notre proposition a une dur\u00e9e de 4 heures, n&#8217;h\u00e9sitez pas \u00e0 nous contacter si vous pr\u00e9f\u00e9rez un circuit plus long.<\/p>\n","protected":false},"excerpt":{"rendered":"<p>Profitez de cette exp\u00e9rience priv\u00e9e sur mesure et d\u00e9couvrez la ville de Cannes et la baie d&#8217;Antibes avec un expert local. Profitez de cette occasion pour explorer cette belle r\u00e9gion du sud de la France avec votre propre v\u00e9hicule priv\u00e9 et chauffeur \/ guide professionnel. Personnalisez votre propre exp\u00e9rience.<\/p>\n","protected":false},"featured_media":94746,"comment_status":"open","ping_status":"closed","template":"","meta":{"_acf_changed":false},"product_brand":[],"product_cat":[3592],"product_tag":[],"class_list":{"0":"post-99879","1":"product","2":"type-product","3":"status-publish","4":"has-post-thumbnail","6":"product_cat-cannes-fr","8":"first","9":"instock","10":"shipping-taxable","11":"purchasable","12":"product-type-simple"},"acf":[],"yoast_head":"<!-- This site is optimized with the Yoast SEO Premium plugin v25.3.1 (Yoast SEO v25.3.1) - https:\/\/yoast.com\/wordpress\/plugins\/seo\/ -->\n<title>Visite priv\u00e9e de la ville de Cannes et d&#039;Antibes au d\u00e9part de Cannes avec chauffeur \/ guide priv\u00e9<\/title>\n<meta name=\"description\" content=\"Visite priv\u00e9e sur mesure de Cannes et de la baie d&#039;Antibes avec chauffeur \/ guide priv\u00e9 \u00e0 l&#039;aise dans votre propre v\u00e9hicule de luxe priv\u00e9.\" \/>\n<meta name=\"robots\" content=\"index, follow, max-snippet:-1, max-image-preview:large, max-video-preview:-1\" \/>\n<link rel=\"canonical\" href=\"https:\/\/tourtravelandmore.com\/fr\/tours\/france-fr\/cannes-fr\/visite-privee-de-cannes-et-antibes-chauffeur-guide\/\" \/>\n<meta property=\"og:locale\" content=\"fr_FR\" \/>\n<meta property=\"og:type\" content=\"article\" \/>\n<meta property=\"og:title\" content=\"Visite priv\u00e9e de Cannes et Antibes chauffeur \/ guide\" \/>\n<meta property=\"og:description\" content=\"Visite priv\u00e9e sur mesure de Cannes et de la baie d&#039;Antibes avec chauffeur \/ guide priv\u00e9 \u00e0 l&#039;aise dans votre propre v\u00e9hicule de luxe priv\u00e9.\" \/>\n<meta property=\"og:url\" content=\"https:\/\/tourtravelandmore.com\/fr\/tours\/france-fr\/cannes-fr\/visite-privee-de-cannes-et-antibes-chauffeur-guide\/\" \/>\n<meta property=\"og:site_name\" content=\"Tour Travel And More\" \/>\n<meta property=\"article:publisher\" content=\"https:\/\/www.facebook.com\/tourtravelandmore\/\" \/>\n<meta property=\"og:image\" content=\"https:\/\/tourtravelandmore.com\/wp-content\/uploads\/2018\/03\/Cannes.jpg\" \/>\n\t<meta property=\"og:image:width\" content=\"960\" \/>\n\t<meta property=\"og:image:height\" content=\"710\" \/>\n\t<meta property=\"og:image:type\" content=\"image\/jpeg\" \/>\n<meta name=\"twitter:card\" content=\"summary_large_image\" \/>\n<meta name=\"twitter:site\" content=\"@TourTravel_More\" \/>\n<meta name=\"twitter:label1\" content=\"Dur\u00e9e de lecture estim\u00e9e\" \/>\n\t<meta name=\"twitter:data1\" content=\"2 minutes\" \/>\n<script type=\"application\/ld+json\" class=\"yoast-schema-graph\">{\"@context\":\"https:\/\/schema.org\",\"@graph\":[{\"@type\":\"WebPage\",\"@id\":\"https:\/\/tourtravelandmore.com\/fr\/tours\/france-fr\/cannes-fr\/visite-privee-de-cannes-et-antibes-chauffeur-guide\/\",\"url\":\"https:\/\/tourtravelandmore.com\/fr\/tours\/france-fr\/cannes-fr\/visite-privee-de-cannes-et-antibes-chauffeur-guide\/\",\"name\":\"Visite priv\u00e9e de la ville de Cannes et d'Antibes au d\u00e9part de Cannes avec chauffeur \/ guide priv\u00e9\",\"isPartOf\":{\"@id\":\"https:\/\/tourtravelandmore.com\/fr\/#website\"},\"primaryImageOfPage\":{\"@id\":\"https:\/\/tourtravelandmore.com\/fr\/tours\/france-fr\/cannes-fr\/visite-privee-de-cannes-et-antibes-chauffeur-guide\/#primaryimage\"},\"image\":{\"@id\":\"https:\/\/tourtravelandmore.com\/fr\/tours\/france-fr\/cannes-fr\/visite-privee-de-cannes-et-antibes-chauffeur-guide\/#primaryimage\"},\"thumbnailUrl\":\"https:\/\/tourtravelandmore.com\/wp-content\/uploads\/2018\/03\/Cannes.jpg\",\"datePublished\":\"2017-05-12T09:03:30+00:00\",\"description\":\"Visite priv\u00e9e sur mesure de Cannes et de la baie d'Antibes avec chauffeur \/ guide priv\u00e9 \u00e0 l'aise dans votre propre v\u00e9hicule de luxe priv\u00e9.\",\"breadcrumb\":{\"@id\":\"https:\/\/tourtravelandmore.com\/fr\/tours\/france-fr\/cannes-fr\/visite-privee-de-cannes-et-antibes-chauffeur-guide\/#breadcrumb\"},\"inLanguage\":\"fr-FR\",\"potentialAction\":[{\"@type\":\"ReadAction\",\"target\":[\"https:\/\/tourtravelandmore.com\/fr\/tours\/france-fr\/cannes-fr\/visite-privee-de-cannes-et-antibes-chauffeur-guide\/\"]}]},{\"@type\":\"ImageObject\",\"inLanguage\":\"fr-FR\",\"@id\":\"https:\/\/tourtravelandmore.com\/fr\/tours\/france-fr\/cannes-fr\/visite-privee-de-cannes-et-antibes-chauffeur-guide\/#primaryimage\",\"url\":\"https:\/\/tourtravelandmore.com\/wp-content\/uploads\/2018\/03\/Cannes.jpg\",\"contentUrl\":\"https:\/\/tourtravelandmore.com\/wp-content\/uploads\/2018\/03\/Cannes.jpg\",\"width\":960,\"height\":710},{\"@type\":\"BreadcrumbList\",\"@id\":\"https:\/\/tourtravelandmore.com\/fr\/tours\/france-fr\/cannes-fr\/visite-privee-de-cannes-et-antibes-chauffeur-guide\/#breadcrumb\",\"itemListElement\":[{\"@type\":\"ListItem\",\"position\":1,\"name\":\"Home\",\"item\":\"https:\/\/tourtravelandmore.com\/fr\/\"},{\"@type\":\"ListItem\",\"position\":2,\"name\":\"Tours\",\"item\":\"https:\/\/tourtravelandmore.com\/fr\/tours\/\"},{\"@type\":\"ListItem\",\"position\":3,\"name\":\"Visite priv\u00e9e de Cannes et Antibes chauffeur \/ guide\"}]},{\"@type\":\"WebSite\",\"@id\":\"https:\/\/tourtravelandmore.com\/fr\/#website\",\"url\":\"https:\/\/tourtravelandmore.com\/fr\/\",\"name\":\"Tour Travel And More\",\"description\":\"Private sightseeing tours and luxury transfers in Spain\",\"publisher\":{\"@id\":\"https:\/\/tourtravelandmore.com\/fr\/#organization\"},\"potentialAction\":[{\"@type\":\"SearchAction\",\"target\":{\"@type\":\"EntryPoint\",\"urlTemplate\":\"https:\/\/tourtravelandmore.com\/fr\/?s={search_term_string}\"},\"query-input\":{\"@type\":\"PropertyValueSpecification\",\"valueRequired\":true,\"valueName\":\"search_term_string\"}}],\"inLanguage\":\"fr-FR\"},{\"@type\":\"Organization\",\"@id\":\"https:\/\/tourtravelandmore.com\/fr\/#organization\",\"name\":\"Tour Travel And More\",\"url\":\"https:\/\/tourtravelandmore.com\/fr\/\",\"logo\":{\"@type\":\"ImageObject\",\"inLanguage\":\"fr-FR\",\"@id\":\"https:\/\/tourtravelandmore.com\/fr\/#\/schema\/logo\/image\/\",\"url\":\"https:\/\/tourtravelandmore.com\/wp-content\/uploads\/2022\/12\/cropped-logo-cabecera-new.png\",\"contentUrl\":\"https:\/\/tourtravelandmore.com\/wp-content\/uploads\/2022\/12\/cropped-logo-cabecera-new.png\",\"width\":430,\"height\":61,\"caption\":\"Tour Travel And More\"},\"image\":{\"@id\":\"https:\/\/tourtravelandmore.com\/fr\/#\/schema\/logo\/image\/\"},\"sameAs\":[\"https:\/\/www.facebook.com\/tourtravelandmore\/\",\"https:\/\/x.com\/TourTravel_More\"]}]}<\/script>\n<!-- \/ Yoast SEO Premium plugin. -->","yoast_head_json":{"title":"Visite priv\u00e9e de la ville de Cannes et d'Antibes au d\u00e9part de Cannes avec chauffeur \/ guide priv\u00e9","description":"Visite priv\u00e9e sur mesure de Cannes et de la baie d'Antibes avec chauffeur \/ guide priv\u00e9 \u00e0 l'aise dans votre propre v\u00e9hicule de luxe priv\u00e9.","robots":{"index":"index","follow":"follow","max-snippet":"max-snippet:-1","max-image-preview":"max-image-preview:large","max-video-preview":"max-video-preview:-1"},"canonical":"https:\/\/tourtravelandmore.com\/fr\/tours\/france-fr\/cannes-fr\/visite-privee-de-cannes-et-antibes-chauffeur-guide\/","og_locale":"fr_FR","og_type":"article","og_title":"Visite priv\u00e9e de Cannes et Antibes chauffeur \/ guide","og_description":"Visite priv\u00e9e sur mesure de Cannes et de la baie d'Antibes avec chauffeur \/ guide priv\u00e9 \u00e0 l'aise dans votre propre v\u00e9hicule de luxe priv\u00e9.","og_url":"https:\/\/tourtravelandmore.com\/fr\/tours\/france-fr\/cannes-fr\/visite-privee-de-cannes-et-antibes-chauffeur-guide\/","og_site_name":"Tour Travel And More","article_publisher":"https:\/\/www.facebook.com\/tourtravelandmore\/","og_image":[{"width":960,"height":710,"url":"https:\/\/tourtravelandmore.com\/wp-content\/uploads\/2018\/03\/Cannes.jpg","type":"image\/jpeg"}],"twitter_card":"summary_large_image","twitter_site":"@TourTravel_More","twitter_misc":{"Dur\u00e9e de lecture estim\u00e9e":"2 minutes"},"schema":{"@context":"https:\/\/schema.org","@graph":[{"@type":"WebPage","@id":"https:\/\/tourtravelandmore.com\/fr\/tours\/france-fr\/cannes-fr\/visite-privee-de-cannes-et-antibes-chauffeur-guide\/","url":"https:\/\/tourtravelandmore.com\/fr\/tours\/france-fr\/cannes-fr\/visite-privee-de-cannes-et-antibes-chauffeur-guide\/","name":"Visite priv\u00e9e de la ville de Cannes et d'Antibes au d\u00e9part de Cannes avec chauffeur \/ guide priv\u00e9","isPartOf":{"@id":"https:\/\/tourtravelandmore.com\/fr\/#website"},"primaryImageOfPage":{"@id":"https:\/\/tourtravelandmore.com\/fr\/tours\/france-fr\/cannes-fr\/visite-privee-de-cannes-et-antibes-chauffeur-guide\/#primaryimage"},"image":{"@id":"https:\/\/tourtravelandmore.com\/fr\/tours\/france-fr\/cannes-fr\/visite-privee-de-cannes-et-antibes-chauffeur-guide\/#primaryimage"},"thumbnailUrl":"https:\/\/tourtravelandmore.com\/wp-content\/uploads\/2018\/03\/Cannes.jpg","datePublished":"2017-05-12T09:03:30+00:00","description":"Visite priv\u00e9e sur mesure de Cannes et de la baie d'Antibes avec chauffeur \/ guide priv\u00e9 \u00e0 l'aise dans votre propre v\u00e9hicule de luxe priv\u00e9.","breadcrumb":{"@id":"https:\/\/tourtravelandmore.com\/fr\/tours\/france-fr\/cannes-fr\/visite-privee-de-cannes-et-antibes-chauffeur-guide\/#breadcrumb"},"inLanguage":"fr-FR","potentialAction":[{"@type":"ReadAction","target":["https:\/\/tourtravelandmore.com\/fr\/tours\/france-fr\/cannes-fr\/visite-privee-de-cannes-et-antibes-chauffeur-guide\/"]}]},{"@type":"ImageObject","inLanguage":"fr-FR","@id":"https:\/\/tourtravelandmore.com\/fr\/tours\/france-fr\/cannes-fr\/visite-privee-de-cannes-et-antibes-chauffeur-guide\/#primaryimage","url":"https:\/\/tourtravelandmore.com\/wp-content\/uploads\/2018\/03\/Cannes.jpg","contentUrl":"https:\/\/tourtravelandmore.com\/wp-content\/uploads\/2018\/03\/Cannes.jpg","width":960,"height":710},{"@type":"BreadcrumbList","@id":"https:\/\/tourtravelandmore.com\/fr\/tours\/france-fr\/cannes-fr\/visite-privee-de-cannes-et-antibes-chauffeur-guide\/#breadcrumb","itemListElement":[{"@type":"ListItem","position":1,"name":"Home","item":"https:\/\/tourtravelandmore.com\/fr\/"},{"@type":"ListItem","position":2,"name":"Tours","item":"https:\/\/tourtravelandmore.com\/fr\/tours\/"},{"@type":"ListItem","position":3,"name":"Visite priv\u00e9e de Cannes et Antibes chauffeur \/ guide"}]},{"@type":"WebSite","@id":"https:\/\/tourtravelandmore.com\/fr\/#website","url":"https:\/\/tourtravelandmore.com\/fr\/","name":"Tour Travel And More","description":"Private sightseeing tours and luxury transfers in Spain","publisher":{"@id":"https:\/\/tourtravelandmore.com\/fr\/#organization"},"potentialAction":[{"@type":"SearchAction","target":{"@type":"EntryPoint","urlTemplate":"https:\/\/tourtravelandmore.com\/fr\/?s={search_term_string}"},"query-input":{"@type":"PropertyValueSpecification","valueRequired":true,"valueName":"search_term_string"}}],"inLanguage":"fr-FR"},{"@type":"Organization","@id":"https:\/\/tourtravelandmore.com\/fr\/#organization","name":"Tour Travel And More","url":"https:\/\/tourtravelandmore.com\/fr\/","logo":{"@type":"ImageObject","inLanguage":"fr-FR","@id":"https:\/\/tourtravelandmore.com\/fr\/#\/schema\/logo\/image\/","url":"https:\/\/tourtravelandmore.com\/wp-content\/uploads\/2022\/12\/cropped-logo-cabecera-new.png","contentUrl":"https:\/\/tourtravelandmore.com\/wp-content\/uploads\/2022\/12\/cropped-logo-cabecera-new.png","width":430,"height":61,"caption":"Tour Travel And More"},"image":{"@id":"https:\/\/tourtravelandmore.com\/fr\/#\/schema\/logo\/image\/"},"sameAs":["https:\/\/www.facebook.com\/tourtravelandmore\/","https:\/\/x.com\/TourTravel_More"]}]}},"_links":{"self":[{"href":"https:\/\/tourtravelandmore.com\/fr\/wp-json\/wp\/v2\/product\/99879","targetHints":{"allow":["GET"]}}],"collection":[{"href":"https:\/\/tourtravelandmore.com\/fr\/wp-json\/wp\/v2\/product"}],"about":[{"href":"https:\/\/tourtravelandmore.com\/fr\/wp-json\/wp\/v2\/types\/product"}],"replies":[{"embeddable":true,"href":"https:\/\/tourtravelandmore.com\/fr\/wp-json\/wp\/v2\/comments?post=99879"}],"wp:featuredmedia":[{"embeddable":true,"href":"https:\/\/tourtravelandmore.com\/fr\/wp-json\/wp\/v2\/media\/94746"}],"wp:attachment":[{"href":"https:\/\/tourtravelandmore.com\/fr\/wp-json\/wp\/v2\/media?parent=99879"}],"wp:term":[{"taxonomy":"product_brand","embeddable":true,"href":"https:\/\/tourtravelandmore.com\/fr\/wp-json\/wp\/v2\/product_brand?post=99879"},{"taxonomy":"product_cat","embeddable":true,"href":"https:\/\/tourtravelandmore.com\/fr\/wp-json\/wp\/v2\/product_cat?post=99879"},{"taxonomy":"product_tag","embeddable":true,"href":"https:\/\/tourtravelandmore.com\/fr\/wp-json\/wp\/v2\/product_tag?post=99879"}],"curies":[{"name":"wp","href":"https:\/\/api.w.org\/{rel}","templated":true}]}}