{"id":99870,"date":"2018-04-18T13:50:07","date_gmt":"2018-04-18T11:50:07","guid":{"rendered":"https:\/\/tourtravelandmore.com\/tours\/non%20class\u00e9\/visite-privee-a-pied-de-montmartre-et-du-sacre-coeur\/"},"modified":"2024-08-06T16:27:59","modified_gmt":"2024-08-06T14:27:59","slug":"visite-privee-a-pied-de-montmartre-et-du-sacre-coeur","status":"publish","type":"product","link":"https:\/\/tourtravelandmore.com\/fr\/tours\/france-fr\/paris-fr\/all-private-tours-and-activities-fr-100\/visite-privee-a-pied-de-montmartre-et-du-sacre-coeur\/","title":{"rendered":"Visite priv\u00e9e \u00e0 pied de Montmartre et du Sacr\u00e9 Coeur"},"content":{"rendered":"<h2>Description<\/h2>\n<p>Il n&#8217;y a pas de meilleur moyen que de marcher pour explorer l&#8217;un des arrondissements les plus visit\u00e9s de Paris. Hilltop Montmartre est l&#8217;un des sites touristiques les plus visit\u00e9s de la ville. Vous d\u00e9couvrirez cette belle r\u00e9gion avec un expert local et un guide agr\u00e9\u00e9. Sentez le vieux Paris et d\u00e9couvrez certains de ses plus anciens bars et caf\u00e9s lors d&#8217;une visite priv\u00e9e \u00e0 pied de Montmartre.<\/p>\n<p>Tout d&#8217;abord, vous rencontrerez votre guide dans votre h\u00f4tel central ou directement \u00e0 la station de m\u00e9tro Blanche. Apr\u00e8s cela, vous commencerez votre visite priv\u00e9e \u00e0 pied du quartier de Montmartre. Au cours de votre visite, vous d\u00e9couvrirez l&#8217;histoire et les traditions de ce quartier parisien. Vous apprendrez pourquoi et comment il s&#8217;est av\u00e9r\u00e9 \u00eatre le lieu des artistes (comme par exemple Picasso).<\/p>\n<p>Toutes nos visites sont priv\u00e9es et sur mesure. Contactez-nous et nous vous aiderons \u00e0 organiser une exp\u00e9rience personnalis\u00e9e \u00e0 Paris.<\/p>\n<h2>Sites d&#8217;int\u00e9r\u00eat et monuments<\/h2>\n<p><strong>Montmartre,<\/strong> ses belles places et ses rues pav\u00e9es sont une visite incontournable de <strong>Paris.<\/strong> Situ\u00e9 dans le <strong>18e<\/strong> arrondissement de Paris, ce quartier est la meilleure expression de la sc\u00e8ne artistique parisienne. Vous explorerez ce Montmartre et la Basilique du Sacr\u00e9 Coeur avec un guide officiel priv\u00e9. Parmi les lieux que vous visiterez lors de votre visite \u00e0 pied de Montmartre, vous trouverez:<\/p>\n<ul>\n<li><strong>Place Dalida: Construite en l&#8217;honneur de l&#8217;un des chanteurs fran\u00e7ais les plus appr\u00e9ci\u00e9s, cette place est l&#8217;une des plus belles de Paris.<\/strong><\/li>\n<li><strong>Caf\u00e9 des Deux Moulins: Si vous avez vu le film Am\u00e9lie alors vous conna\u00eetrez cet endroit!<\/strong><\/li>\n<li><strong>Place \u00c9mile Goudeau: o\u00f9 se trouvait la c\u00e9l\u00e8bre commune d\u2019artistes du Bateau-Lavoir. Des artistes comme Picasso et Matisse sont pass\u00e9s par ici.<\/strong><\/li>\n<li><strong>Moulin de la Galette<\/strong><\/li>\n<li><strong>Clos de Montmartre: Montmartre est depuis l&#8217;\u00e9poque romaine un lieu de production de vin. Aujourd&#8217;hui, seuls 1500 m2 sont encore conserv\u00e9s et ils produisent jusqu&#8217;\u00e0 1500 bouteilles par an. Ces bouteilles sont vendues aux ench\u00e8res pour des \u0153uvres caritatives.<\/strong><\/li>\n<li><strong>Place du T\u00e9tre: la place la plus connue de Montmartre et l\u2019un des endroits les plus visit\u00e9s de Paris.<\/strong><\/li>\n<li><strong>Basilique du Sacr\u00e9-C\u0153ur: Construite entre 1876 et 1912 pour honorer les victimes de la guerre franco-prussienne. De l\u00e0, vous pouvez profiter d&#8217;une vue imprenable sur la ville.<\/strong><\/li>\n<li><strong>Beaucoup plus!<\/strong><\/li>\n<\/ul>\n<p>En plus d&#8217;explorer Montmartre, nous pouvons \u00e9galement ajouter un arr\u00eat au Moulin Rouge si vous le souhaitez. Il y a aussi de nombreux petits mus\u00e9es dans le quartier. Nous pouvons organiser des billets coupe-file au cas o\u00f9 vous souhaiteriez les visiter.<\/p>\n<p>Votre guide sera \u00e0 votre enti\u00e8re disposition pendant la visite. Si vous le souhaitez, nous pouvons \u00e9galement organiser un v\u00e9hicule priv\u00e9 pour votre visite.<\/p>\n<p>Profitez de nos visites priv\u00e9es priv\u00e9es et personnalisables \u00e0 Paris. Contactez-nous et un membre de notre \u00e9quipe vous aidera \u00e0 organiser une exp\u00e9rience personnalis\u00e9e. Nous proposons des visites priv\u00e9es \u00e0 pied, des visites priv\u00e9es de la ville avec chauffeur et guide ainsi que des transports priv\u00e9s \u00e0 <strong>Paris.<\/strong><\/p>\n","protected":false},"excerpt":{"rendered":"<p>D\u00e9couvrez l&#8217;un des plus beaux quartiers de Paris avec votre guide priv\u00e9. Explorez le 18e arrondissement lors d&#8217;une visite priv\u00e9e \u00e0 pied de Par\u00eds. L&#8217;itin\u00e9raire et les lieux \u00e0 visiter sont modulables selon vos int\u00e9r\u00eats personnels.<\/p>\n","protected":false},"featured_media":94929,"comment_status":"open","ping_status":"closed","template":"","meta":{"_acf_changed":false},"product_brand":[],"product_cat":[3542,4203,4297],"product_tag":[],"class_list":{"0":"post-99870","1":"product","2":"type-product","3":"status-publish","4":"has-post-thumbnail","6":"product_cat-paris-fr","7":"product_cat-all-private-tours-and-activities-fr-100","8":"product_cat-private-walking-tours-fr-4-paris-fr","10":"first","11":"instock","12":"shipping-taxable","13":"purchasable","14":"product-type-simple"},"acf":[],"yoast_head":"<!-- This site is optimized with the Yoast SEO Premium plugin v25.3.1 (Yoast SEO v25.3.1) - https:\/\/yoast.com\/wordpress\/plugins\/seo\/ -->\n<title>Visite \u00e0 pied priv\u00e9e de Montmartre | TourTravel&amp;More<\/title>\n<meta name=\"description\" content=\"D\u00e9couvrez l&#039;un des plus beaux quartiers de Paris avec votre guide priv\u00e9. Explorez le 18e arrondissement avec notre visite \u00e0 pied de Montmartre\" \/>\n<meta name=\"robots\" content=\"index, follow, max-snippet:-1, max-image-preview:large, max-video-preview:-1\" \/>\n<link rel=\"canonical\" href=\"https:\/\/tourtravelandmore.com\/fr\/tours\/france-fr\/paris-fr\/all-private-tours-and-activities-fr-100\/visite-privee-a-pied-de-montmartre-et-du-sacre-coeur\/\" \/>\n<meta property=\"og:locale\" content=\"fr_FR\" \/>\n<meta property=\"og:type\" content=\"article\" \/>\n<meta property=\"og:title\" content=\"Visite priv\u00e9e \u00e0 pied de Montmartre et du Sacr\u00e9 Coeur\" \/>\n<meta property=\"og:description\" content=\"D\u00e9couvrez l&#039;un des plus beaux quartiers de Paris avec votre guide priv\u00e9. Explorez le 18e arrondissement avec notre visite \u00e0 pied de Montmartre\" \/>\n<meta property=\"og:url\" content=\"https:\/\/tourtravelandmore.com\/fr\/tours\/france-fr\/paris-fr\/all-private-tours-and-activities-fr-100\/visite-privee-a-pied-de-montmartre-et-du-sacre-coeur\/\" \/>\n<meta property=\"og:site_name\" content=\"Tour Travel And More\" \/>\n<meta property=\"article:publisher\" content=\"https:\/\/www.facebook.com\/tourtravelandmore\/\" \/>\n<meta property=\"article:modified_time\" content=\"2024-08-06T14:27:59+00:00\" \/>\n<meta property=\"og:image\" content=\"https:\/\/tourtravelandmore.com\/wp-content\/uploads\/2018\/04\/MontmartreRueNorvinsConsulat-627x376.jpg\" \/>\n\t<meta property=\"og:image:width\" content=\"627\" \/>\n\t<meta property=\"og:image:height\" content=\"376\" \/>\n\t<meta property=\"og:image:type\" content=\"image\/jpeg\" \/>\n<meta name=\"twitter:card\" content=\"summary_large_image\" \/>\n<meta name=\"twitter:site\" content=\"@TourTravel_More\" \/>\n<meta name=\"twitter:label1\" content=\"Dur\u00e9e de lecture estim\u00e9e\" \/>\n\t<meta name=\"twitter:data1\" content=\"3 minutes\" \/>\n<script type=\"application\/ld+json\" class=\"yoast-schema-graph\">{\"@context\":\"https:\/\/schema.org\",\"@graph\":[{\"@type\":\"WebPage\",\"@id\":\"https:\/\/tourtravelandmore.com\/fr\/tours\/france-fr\/paris-fr\/all-private-tours-and-activities-fr-100\/visite-privee-a-pied-de-montmartre-et-du-sacre-coeur\/\",\"url\":\"https:\/\/tourtravelandmore.com\/fr\/tours\/france-fr\/paris-fr\/all-private-tours-and-activities-fr-100\/visite-privee-a-pied-de-montmartre-et-du-sacre-coeur\/\",\"name\":\"Visite \u00e0 pied priv\u00e9e de Montmartre | TourTravel&More\",\"isPartOf\":{\"@id\":\"https:\/\/tourtravelandmore.com\/fr\/#website\"},\"primaryImageOfPage\":{\"@id\":\"https:\/\/tourtravelandmore.com\/fr\/tours\/france-fr\/paris-fr\/all-private-tours-and-activities-fr-100\/visite-privee-a-pied-de-montmartre-et-du-sacre-coeur\/#primaryimage\"},\"image\":{\"@id\":\"https:\/\/tourtravelandmore.com\/fr\/tours\/france-fr\/paris-fr\/all-private-tours-and-activities-fr-100\/visite-privee-a-pied-de-montmartre-et-du-sacre-coeur\/#primaryimage\"},\"thumbnailUrl\":\"https:\/\/tourtravelandmore.com\/wp-content\/uploads\/2018\/04\/MontmartreRueNorvinsConsulat-627x376.jpg\",\"datePublished\":\"2018-04-18T11:50:07+00:00\",\"dateModified\":\"2024-08-06T14:27:59+00:00\",\"description\":\"D\u00e9couvrez l'un des plus beaux quartiers de Paris avec votre guide priv\u00e9. Explorez le 18e arrondissement avec notre visite \u00e0 pied de Montmartre\",\"breadcrumb\":{\"@id\":\"https:\/\/tourtravelandmore.com\/fr\/tours\/france-fr\/paris-fr\/all-private-tours-and-activities-fr-100\/visite-privee-a-pied-de-montmartre-et-du-sacre-coeur\/#breadcrumb\"},\"inLanguage\":\"fr-FR\",\"potentialAction\":[{\"@type\":\"ReadAction\",\"target\":[\"https:\/\/tourtravelandmore.com\/fr\/tours\/france-fr\/paris-fr\/all-private-tours-and-activities-fr-100\/visite-privee-a-pied-de-montmartre-et-du-sacre-coeur\/\"]}]},{\"@type\":\"ImageObject\",\"inLanguage\":\"fr-FR\",\"@id\":\"https:\/\/tourtravelandmore.com\/fr\/tours\/france-fr\/paris-fr\/all-private-tours-and-activities-fr-100\/visite-privee-a-pied-de-montmartre-et-du-sacre-coeur\/#primaryimage\",\"url\":\"https:\/\/tourtravelandmore.com\/wp-content\/uploads\/2018\/04\/MontmartreRueNorvinsConsulat-627x376.jpg\",\"contentUrl\":\"https:\/\/tourtravelandmore.com\/wp-content\/uploads\/2018\/04\/MontmartreRueNorvinsConsulat-627x376.jpg\",\"width\":627,\"height\":376},{\"@type\":\"BreadcrumbList\",\"@id\":\"https:\/\/tourtravelandmore.com\/fr\/tours\/france-fr\/paris-fr\/all-private-tours-and-activities-fr-100\/visite-privee-a-pied-de-montmartre-et-du-sacre-coeur\/#breadcrumb\",\"itemListElement\":[{\"@type\":\"ListItem\",\"position\":1,\"name\":\"Home\",\"item\":\"https:\/\/tourtravelandmore.com\/fr\/\"},{\"@type\":\"ListItem\",\"position\":2,\"name\":\"Tours\",\"item\":\"https:\/\/tourtravelandmore.com\/fr\/tours\/\"},{\"@type\":\"ListItem\",\"position\":3,\"name\":\"Visite priv\u00e9e \u00e0 pied de Montmartre et du Sacr\u00e9 Coeur\"}]},{\"@type\":\"WebSite\",\"@id\":\"https:\/\/tourtravelandmore.com\/fr\/#website\",\"url\":\"https:\/\/tourtravelandmore.com\/fr\/\",\"name\":\"Tour Travel And More\",\"description\":\"Private sightseeing tours and luxury transfers in Spain\",\"publisher\":{\"@id\":\"https:\/\/tourtravelandmore.com\/fr\/#organization\"},\"potentialAction\":[{\"@type\":\"SearchAction\",\"target\":{\"@type\":\"EntryPoint\",\"urlTemplate\":\"https:\/\/tourtravelandmore.com\/fr\/?s={search_term_string}\"},\"query-input\":{\"@type\":\"PropertyValueSpecification\",\"valueRequired\":true,\"valueName\":\"search_term_string\"}}],\"inLanguage\":\"fr-FR\"},{\"@type\":\"Organization\",\"@id\":\"https:\/\/tourtravelandmore.com\/fr\/#organization\",\"name\":\"Tour Travel And More\",\"url\":\"https:\/\/tourtravelandmore.com\/fr\/\",\"logo\":{\"@type\":\"ImageObject\",\"inLanguage\":\"fr-FR\",\"@id\":\"https:\/\/tourtravelandmore.com\/fr\/#\/schema\/logo\/image\/\",\"url\":\"https:\/\/tourtravelandmore.com\/wp-content\/uploads\/2022\/12\/cropped-logo-cabecera-new.png\",\"contentUrl\":\"https:\/\/tourtravelandmore.com\/wp-content\/uploads\/2022\/12\/cropped-logo-cabecera-new.png\",\"width\":430,\"height\":61,\"caption\":\"Tour Travel And More\"},\"image\":{\"@id\":\"https:\/\/tourtravelandmore.com\/fr\/#\/schema\/logo\/image\/\"},\"sameAs\":[\"https:\/\/www.facebook.com\/tourtravelandmore\/\",\"https:\/\/x.com\/TourTravel_More\"]}]}<\/script>\n<!-- \/ Yoast SEO Premium plugin. -->","yoast_head_json":{"title":"Visite \u00e0 pied priv\u00e9e de Montmartre | TourTravel&More","description":"D\u00e9couvrez l'un des plus beaux quartiers de Paris avec votre guide priv\u00e9. Explorez le 18e arrondissement avec notre visite \u00e0 pied de Montmartre","robots":{"index":"index","follow":"follow","max-snippet":"max-snippet:-1","max-image-preview":"max-image-preview:large","max-video-preview":"max-video-preview:-1"},"canonical":"https:\/\/tourtravelandmore.com\/fr\/tours\/france-fr\/paris-fr\/all-private-tours-and-activities-fr-100\/visite-privee-a-pied-de-montmartre-et-du-sacre-coeur\/","og_locale":"fr_FR","og_type":"article","og_title":"Visite priv\u00e9e \u00e0 pied de Montmartre et du Sacr\u00e9 Coeur","og_description":"D\u00e9couvrez l'un des plus beaux quartiers de Paris avec votre guide priv\u00e9. Explorez le 18e arrondissement avec notre visite \u00e0 pied de Montmartre","og_url":"https:\/\/tourtravelandmore.com\/fr\/tours\/france-fr\/paris-fr\/all-private-tours-and-activities-fr-100\/visite-privee-a-pied-de-montmartre-et-du-sacre-coeur\/","og_site_name":"Tour Travel And More","article_publisher":"https:\/\/www.facebook.com\/tourtravelandmore\/","article_modified_time":"2024-08-06T14:27:59+00:00","og_image":[{"width":627,"height":376,"url":"https:\/\/tourtravelandmore.com\/wp-content\/uploads\/2018\/04\/MontmartreRueNorvinsConsulat-627x376.jpg","type":"image\/jpeg"}],"twitter_card":"summary_large_image","twitter_site":"@TourTravel_More","twitter_misc":{"Dur\u00e9e de lecture estim\u00e9e":"3 minutes"},"schema":{"@context":"https:\/\/schema.org","@graph":[{"@type":"WebPage","@id":"https:\/\/tourtravelandmore.com\/fr\/tours\/france-fr\/paris-fr\/all-private-tours-and-activities-fr-100\/visite-privee-a-pied-de-montmartre-et-du-sacre-coeur\/","url":"https:\/\/tourtravelandmore.com\/fr\/tours\/france-fr\/paris-fr\/all-private-tours-and-activities-fr-100\/visite-privee-a-pied-de-montmartre-et-du-sacre-coeur\/","name":"Visite \u00e0 pied priv\u00e9e de Montmartre | TourTravel&More","isPartOf":{"@id":"https:\/\/tourtravelandmore.com\/fr\/#website"},"primaryImageOfPage":{"@id":"https:\/\/tourtravelandmore.com\/fr\/tours\/france-fr\/paris-fr\/all-private-tours-and-activities-fr-100\/visite-privee-a-pied-de-montmartre-et-du-sacre-coeur\/#primaryimage"},"image":{"@id":"https:\/\/tourtravelandmore.com\/fr\/tours\/france-fr\/paris-fr\/all-private-tours-and-activities-fr-100\/visite-privee-a-pied-de-montmartre-et-du-sacre-coeur\/#primaryimage"},"thumbnailUrl":"https:\/\/tourtravelandmore.com\/wp-content\/uploads\/2018\/04\/MontmartreRueNorvinsConsulat-627x376.jpg","datePublished":"2018-04-18T11:50:07+00:00","dateModified":"2024-08-06T14:27:59+00:00","description":"D\u00e9couvrez l'un des plus beaux quartiers de Paris avec votre guide priv\u00e9. Explorez le 18e arrondissement avec notre visite \u00e0 pied de Montmartre","breadcrumb":{"@id":"https:\/\/tourtravelandmore.com\/fr\/tours\/france-fr\/paris-fr\/all-private-tours-and-activities-fr-100\/visite-privee-a-pied-de-montmartre-et-du-sacre-coeur\/#breadcrumb"},"inLanguage":"fr-FR","potentialAction":[{"@type":"ReadAction","target":["https:\/\/tourtravelandmore.com\/fr\/tours\/france-fr\/paris-fr\/all-private-tours-and-activities-fr-100\/visite-privee-a-pied-de-montmartre-et-du-sacre-coeur\/"]}]},{"@type":"ImageObject","inLanguage":"fr-FR","@id":"https:\/\/tourtravelandmore.com\/fr\/tours\/france-fr\/paris-fr\/all-private-tours-and-activities-fr-100\/visite-privee-a-pied-de-montmartre-et-du-sacre-coeur\/#primaryimage","url":"https:\/\/tourtravelandmore.com\/wp-content\/uploads\/2018\/04\/MontmartreRueNorvinsConsulat-627x376.jpg","contentUrl":"https:\/\/tourtravelandmore.com\/wp-content\/uploads\/2018\/04\/MontmartreRueNorvinsConsulat-627x376.jpg","width":627,"height":376},{"@type":"BreadcrumbList","@id":"https:\/\/tourtravelandmore.com\/fr\/tours\/france-fr\/paris-fr\/all-private-tours-and-activities-fr-100\/visite-privee-a-pied-de-montmartre-et-du-sacre-coeur\/#breadcrumb","itemListElement":[{"@type":"ListItem","position":1,"name":"Home","item":"https:\/\/tourtravelandmore.com\/fr\/"},{"@type":"ListItem","position":2,"name":"Tours","item":"https:\/\/tourtravelandmore.com\/fr\/tours\/"},{"@type":"ListItem","position":3,"name":"Visite priv\u00e9e \u00e0 pied de Montmartre et du Sacr\u00e9 Coeur"}]},{"@type":"WebSite","@id":"https:\/\/tourtravelandmore.com\/fr\/#website","url":"https:\/\/tourtravelandmore.com\/fr\/","name":"Tour Travel And More","description":"Private sightseeing tours and luxury transfers in Spain","publisher":{"@id":"https:\/\/tourtravelandmore.com\/fr\/#organization"},"potentialAction":[{"@type":"SearchAction","target":{"@type":"EntryPoint","urlTemplate":"https:\/\/tourtravelandmore.com\/fr\/?s={search_term_string}"},"query-input":{"@type":"PropertyValueSpecification","valueRequired":true,"valueName":"search_term_string"}}],"inLanguage":"fr-FR"},{"@type":"Organization","@id":"https:\/\/tourtravelandmore.com\/fr\/#organization","name":"Tour Travel And More","url":"https:\/\/tourtravelandmore.com\/fr\/","logo":{"@type":"ImageObject","inLanguage":"fr-FR","@id":"https:\/\/tourtravelandmore.com\/fr\/#\/schema\/logo\/image\/","url":"https:\/\/tourtravelandmore.com\/wp-content\/uploads\/2022\/12\/cropped-logo-cabecera-new.png","contentUrl":"https:\/\/tourtravelandmore.com\/wp-content\/uploads\/2022\/12\/cropped-logo-cabecera-new.png","width":430,"height":61,"caption":"Tour Travel And More"},"image":{"@id":"https:\/\/tourtravelandmore.com\/fr\/#\/schema\/logo\/image\/"},"sameAs":["https:\/\/www.facebook.com\/tourtravelandmore\/","https:\/\/x.com\/TourTravel_More"]}]}},"_links":{"self":[{"href":"https:\/\/tourtravelandmore.com\/fr\/wp-json\/wp\/v2\/product\/99870","targetHints":{"allow":["GET"]}}],"collection":[{"href":"https:\/\/tourtravelandmore.com\/fr\/wp-json\/wp\/v2\/product"}],"about":[{"href":"https:\/\/tourtravelandmore.com\/fr\/wp-json\/wp\/v2\/types\/product"}],"replies":[{"embeddable":true,"href":"https:\/\/tourtravelandmore.com\/fr\/wp-json\/wp\/v2\/comments?post=99870"}],"wp:featuredmedia":[{"embeddable":true,"href":"https:\/\/tourtravelandmore.com\/fr\/wp-json\/wp\/v2\/media\/94929"}],"wp:attachment":[{"href":"https:\/\/tourtravelandmore.com\/fr\/wp-json\/wp\/v2\/media?parent=99870"}],"wp:term":[{"taxonomy":"product_brand","embeddable":true,"href":"https:\/\/tourtravelandmore.com\/fr\/wp-json\/wp\/v2\/product_brand?post=99870"},{"taxonomy":"product_cat","embeddable":true,"href":"https:\/\/tourtravelandmore.com\/fr\/wp-json\/wp\/v2\/product_cat?post=99870"},{"taxonomy":"product_tag","embeddable":true,"href":"https:\/\/tourtravelandmore.com\/fr\/wp-json\/wp\/v2\/product_tag?post=99870"}],"curies":[{"name":"wp","href":"https:\/\/api.w.org\/{rel}","templated":true}]}}