{"id":99865,"date":"2018-04-18T13:44:14","date_gmt":"2018-04-18T11:44:14","guid":{"rendered":"https:\/\/tourtravelandmore.com\/tours\/non%20class\u00e9\/visite-privee-a-pied-du-quartier-latin-et-de-notre-dame-de-paris\/"},"modified":"2024-08-06T17:08:54","modified_gmt":"2024-08-06T15:08:54","slug":"visite-privee-a-pied-du-quartier-latin-et-de-notre-dame-de-paris","status":"publish","type":"product","link":"https:\/\/tourtravelandmore.com\/fr\/tours\/france-fr\/paris-fr\/all-private-tours-and-activities-fr-100\/visite-privee-a-pied-du-quartier-latin-et-de-notre-dame-de-paris\/","title":{"rendered":"Visite priv\u00e9e \u00e0 pied du Quartier Latin et de Notre Dame de Paris"},"content":{"rendered":"<h2>Description<\/h2>\n<p>Sans doute le quartier le plus fr\u00e9quent\u00e9 de <strong>Paris,<\/strong> le <strong>Quartier Latin<\/strong> est une zone incontournable pour tout visiteur parisien. Situ\u00e9 dans le 5e arrondissement (rive gauche), le quartier regorge de parisiens, d&#8217;\u00e9tudiants et de touristes. D\u00e9couvrez ce quartier et la cath\u00e9drale <strong>Notre-Dame,<\/strong> principal symbole de <strong>Paris,<\/strong> lors de notre visite \u00e0 pied de <strong>Paris.<\/strong><\/p>\n<p>Tout d&#8217;abord, votre guide viendra vous chercher \u00e0 votre h\u00f4tel du centre de <strong>Paris.<\/strong> Apr\u00e8s cela, vous commencerez votre visite priv\u00e9e \u00e0 pied de la ville. Vous explorerez certaines des plus belles rues de la ville tout en d\u00e9couvrant l&#8217;histoire de la ville avec un <strong>expert local.<\/strong><\/p>\n<p>Toutes nos visites sont <strong>priv\u00e9es<\/strong> et sur mesure. N&#8217;h\u00e9sitez pas \u00e0 nous contacter, notre \u00e9quipe vous aidera \u00e0 organiser une exp\u00e9rience personnalis\u00e9e inoubliable.<\/p>\n<h2>Sites d&#8217;int\u00e9r\u00eat et monuments<\/h2>\n<p>Rempli de caf\u00e9s et de restaurants parisiens, le <strong>Quartier Latin<\/strong> est une visite incontournable de <strong>Paris.<\/strong> Vous d\u00e9couvrirez cette magnifique r\u00e9gion avec un guide officiel priv\u00e9. Parmi les attractions offertes par ce quartier d\u00e9contract\u00e9, citons:<\/p>\n<ul>\n<li><strong>Panth\u00e9on: Le temple de la nation fran\u00e7aise. Depuis 1885, c&#8217;est le dernier lieu de repos des grands \u00e9crivains, scientifiques, g\u00e9n\u00e9raux, eccl\u00e9siastiques et hommes politiques qui ont fait l&#8217;histoire de France.<\/strong><\/li>\n<li><strong>Le Mus\u00e9e National du Moyen-\u00c2ge<\/strong><\/li>\n<li><strong>La Sorbonne: l&#8217;universit\u00e9 la plus connue de Paris<\/strong><\/li>\n<li><strong>Place et fontaine St Michel: Cet espace regorge de librairies et de papeteries. Un aper\u00e7u du sentiment intellectuel du quartier.<\/strong><\/li>\n<li><strong>Deux principales rues commer\u00e7antes de Paris: la rue<\/strong><\/li>\n<li><strong>Mouffetard et la rue Monge<\/strong><\/li>\n<li><strong>Les merveilleux jardins du Luxembourg<\/strong><\/li>\n<li><strong>Le Coll\u00e8ge de France et le Lyc\u00e9e Henri IV<\/strong><\/li>\n<li><strong>Beaucoup plus!<\/strong><\/li>\n<\/ul>\n<p>En plus d&#8217;explorer le quartier latin, vous visiterez la cath\u00e9drale de <strong>Paris. Notre-Dame,<\/strong> symbole de <strong>Paris,<\/strong> se trouve \u00e0 l&#8217;extr\u00e9mit\u00e9 est de l&#8217;\u00eele de la Cit\u00e9. La cath\u00e9drale a \u00e9t\u00e9 construite sur les ruines de 2 \u00e9glises romanes plus anciennes. La premi\u00e8re pierre a \u00e9t\u00e9 pos\u00e9e par le pape <strong>Alexandre III<\/strong> en <strong>1163<\/strong> et le ma\u00eetre-autel a \u00e9t\u00e9 consacr\u00e9 en <strong>1189.<\/strong> Dans la cath\u00e9drale, <strong>Napol\u00e9on<\/strong> s&#8217;est couronn\u00e9 empereur de France en <strong>1804.<\/strong><\/p>\n<p>Votre guide sera \u00e0 votre enti\u00e8re disposition pendant la visite. Si vous le souhaitez, nous pouvons \u00e9galement organiser un v\u00e9hicule priv\u00e9 pour votre visite.<\/p>\n<p>Toutes les visites que nous proposons sont priv\u00e9es et sur mesure. N&#8217;h\u00e9sitez pas \u00e0 nous contacter, un de nos experts reviendra vers vous avec une proposition personnalisable. Au cas o\u00f9 vous auriez besoin de billets coupe-file pour un mus\u00e9e ou un monument \u00e0 <strong>Paris,<\/strong> faites-le nous savoir, nous pouvons les organiser.<\/p>\n","protected":false},"excerpt":{"rendered":"<p>Explorez le magnifique quartier latin de Paris lors d&#8217;une visite priv\u00e9e \u00e0 pied. Vous vous prom\u00e8nerez dans ses caf\u00e9s et restaurants avec votre guide agr\u00e9\u00e9, un expert local de l&#8217;art et de l&#8217;histoire de France. Vous aurez \u00e9galement un aper\u00e7u de la magnifique cath\u00e9drale de Notre-Dame.<\/p>\n","protected":false},"featured_media":97834,"comment_status":"open","ping_status":"closed","template":"","meta":{"_acf_changed":false},"product_brand":[],"product_cat":[3542,4203,4297],"product_tag":[],"class_list":{"0":"post-99865","1":"product","2":"type-product","3":"status-publish","4":"has-post-thumbnail","6":"product_cat-paris-fr","7":"product_cat-all-private-tours-and-activities-fr-100","8":"product_cat-private-walking-tours-fr-4-paris-fr","10":"first","11":"instock","12":"shipping-taxable","13":"purchasable","14":"product-type-simple"},"acf":[],"yoast_head":"<!-- This site is optimized with the Yoast SEO Premium plugin v25.3.1 (Yoast SEO v25.3.1) - https:\/\/yoast.com\/wordpress\/plugins\/seo\/ -->\n<title>Visite priv\u00e9e \u00e0 pied de Notre-Dame et du quartier latin de Paris | TTM<\/title>\n<meta name=\"description\" content=\"Explorez le quartier latin de Paris lors d&#039;une visite priv\u00e9e \u00e0 pied. Vous traverserez ses caf\u00e9s et restaurants avec un expert local. Visitez Notre Dame!\" \/>\n<meta name=\"robots\" content=\"index, follow, max-snippet:-1, max-image-preview:large, max-video-preview:-1\" \/>\n<link rel=\"canonical\" href=\"https:\/\/tourtravelandmore.com\/fr\/tours\/france-fr\/paris-fr\/all-private-tours-and-activities-fr-100\/visite-privee-a-pied-du-quartier-latin-et-de-notre-dame-de-paris\/\" \/>\n<meta property=\"og:locale\" content=\"fr_FR\" \/>\n<meta property=\"og:type\" content=\"article\" \/>\n<meta property=\"og:title\" content=\"Visite priv\u00e9e \u00e0 pied du Quartier Latin et de Notre Dame de Paris\" \/>\n<meta property=\"og:description\" content=\"Explorez le quartier latin de Paris lors d&#039;une visite priv\u00e9e \u00e0 pied. Vous traverserez ses caf\u00e9s et restaurants avec un expert local. Visitez Notre Dame!\" \/>\n<meta property=\"og:url\" content=\"https:\/\/tourtravelandmore.com\/fr\/tours\/france-fr\/paris-fr\/all-private-tours-and-activities-fr-100\/visite-privee-a-pied-du-quartier-latin-et-de-notre-dame-de-paris\/\" \/>\n<meta property=\"og:site_name\" content=\"Tour Travel And More\" \/>\n<meta property=\"article:publisher\" content=\"https:\/\/www.facebook.com\/tourtravelandmore\/\" \/>\n<meta property=\"article:modified_time\" content=\"2024-08-06T15:08:54+00:00\" \/>\n<meta property=\"og:image\" content=\"https:\/\/tourtravelandmore.com\/wp-content\/uploads\/2018\/04\/Paris-Pantheon-architecture-min.jpg\" \/>\n\t<meta property=\"og:image:width\" content=\"1200\" \/>\n\t<meta property=\"og:image:height\" content=\"798\" \/>\n\t<meta property=\"og:image:type\" content=\"image\/jpeg\" \/>\n<meta name=\"twitter:card\" content=\"summary_large_image\" \/>\n<meta name=\"twitter:site\" content=\"@TourTravel_More\" \/>\n<meta name=\"twitter:label1\" content=\"Dur\u00e9e de lecture estim\u00e9e\" \/>\n\t<meta name=\"twitter:data1\" content=\"2 minutes\" \/>\n<script type=\"application\/ld+json\" class=\"yoast-schema-graph\">{\"@context\":\"https:\/\/schema.org\",\"@graph\":[{\"@type\":\"WebPage\",\"@id\":\"https:\/\/tourtravelandmore.com\/fr\/tours\/france-fr\/paris-fr\/all-private-tours-and-activities-fr-100\/visite-privee-a-pied-du-quartier-latin-et-de-notre-dame-de-paris\/\",\"url\":\"https:\/\/tourtravelandmore.com\/fr\/tours\/france-fr\/paris-fr\/all-private-tours-and-activities-fr-100\/visite-privee-a-pied-du-quartier-latin-et-de-notre-dame-de-paris\/\",\"name\":\"Visite priv\u00e9e \u00e0 pied de Notre-Dame et du quartier latin de Paris | TTM\",\"isPartOf\":{\"@id\":\"https:\/\/tourtravelandmore.com\/fr\/#website\"},\"primaryImageOfPage\":{\"@id\":\"https:\/\/tourtravelandmore.com\/fr\/tours\/france-fr\/paris-fr\/all-private-tours-and-activities-fr-100\/visite-privee-a-pied-du-quartier-latin-et-de-notre-dame-de-paris\/#primaryimage\"},\"image\":{\"@id\":\"https:\/\/tourtravelandmore.com\/fr\/tours\/france-fr\/paris-fr\/all-private-tours-and-activities-fr-100\/visite-privee-a-pied-du-quartier-latin-et-de-notre-dame-de-paris\/#primaryimage\"},\"thumbnailUrl\":\"https:\/\/tourtravelandmore.com\/wp-content\/uploads\/2018\/04\/Paris-Pantheon-architecture-min.jpg\",\"datePublished\":\"2018-04-18T11:44:14+00:00\",\"dateModified\":\"2024-08-06T15:08:54+00:00\",\"description\":\"Explorez le quartier latin de Paris lors d'une visite priv\u00e9e \u00e0 pied. Vous traverserez ses caf\u00e9s et restaurants avec un expert local. Visitez Notre Dame!\",\"breadcrumb\":{\"@id\":\"https:\/\/tourtravelandmore.com\/fr\/tours\/france-fr\/paris-fr\/all-private-tours-and-activities-fr-100\/visite-privee-a-pied-du-quartier-latin-et-de-notre-dame-de-paris\/#breadcrumb\"},\"inLanguage\":\"fr-FR\",\"potentialAction\":[{\"@type\":\"ReadAction\",\"target\":[\"https:\/\/tourtravelandmore.com\/fr\/tours\/france-fr\/paris-fr\/all-private-tours-and-activities-fr-100\/visite-privee-a-pied-du-quartier-latin-et-de-notre-dame-de-paris\/\"]}]},{\"@type\":\"ImageObject\",\"inLanguage\":\"fr-FR\",\"@id\":\"https:\/\/tourtravelandmore.com\/fr\/tours\/france-fr\/paris-fr\/all-private-tours-and-activities-fr-100\/visite-privee-a-pied-du-quartier-latin-et-de-notre-dame-de-paris\/#primaryimage\",\"url\":\"https:\/\/tourtravelandmore.com\/wp-content\/uploads\/2018\/04\/Paris-Pantheon-architecture-min.jpg\",\"contentUrl\":\"https:\/\/tourtravelandmore.com\/wp-content\/uploads\/2018\/04\/Paris-Pantheon-architecture-min.jpg\",\"width\":1200,\"height\":798},{\"@type\":\"BreadcrumbList\",\"@id\":\"https:\/\/tourtravelandmore.com\/fr\/tours\/france-fr\/paris-fr\/all-private-tours-and-activities-fr-100\/visite-privee-a-pied-du-quartier-latin-et-de-notre-dame-de-paris\/#breadcrumb\",\"itemListElement\":[{\"@type\":\"ListItem\",\"position\":1,\"name\":\"Home\",\"item\":\"https:\/\/tourtravelandmore.com\/fr\/\"},{\"@type\":\"ListItem\",\"position\":2,\"name\":\"Tours\",\"item\":\"https:\/\/tourtravelandmore.com\/fr\/tours\/\"},{\"@type\":\"ListItem\",\"position\":3,\"name\":\"Visite priv\u00e9e \u00e0 pied du Quartier Latin et de Notre Dame de Paris\"}]},{\"@type\":\"WebSite\",\"@id\":\"https:\/\/tourtravelandmore.com\/fr\/#website\",\"url\":\"https:\/\/tourtravelandmore.com\/fr\/\",\"name\":\"Tour Travel And More\",\"description\":\"Private sightseeing tours and luxury transfers in Spain\",\"publisher\":{\"@id\":\"https:\/\/tourtravelandmore.com\/fr\/#organization\"},\"potentialAction\":[{\"@type\":\"SearchAction\",\"target\":{\"@type\":\"EntryPoint\",\"urlTemplate\":\"https:\/\/tourtravelandmore.com\/fr\/?s={search_term_string}\"},\"query-input\":{\"@type\":\"PropertyValueSpecification\",\"valueRequired\":true,\"valueName\":\"search_term_string\"}}],\"inLanguage\":\"fr-FR\"},{\"@type\":\"Organization\",\"@id\":\"https:\/\/tourtravelandmore.com\/fr\/#organization\",\"name\":\"Tour Travel And More\",\"url\":\"https:\/\/tourtravelandmore.com\/fr\/\",\"logo\":{\"@type\":\"ImageObject\",\"inLanguage\":\"fr-FR\",\"@id\":\"https:\/\/tourtravelandmore.com\/fr\/#\/schema\/logo\/image\/\",\"url\":\"https:\/\/tourtravelandmore.com\/wp-content\/uploads\/2022\/12\/cropped-logo-cabecera-new.png\",\"contentUrl\":\"https:\/\/tourtravelandmore.com\/wp-content\/uploads\/2022\/12\/cropped-logo-cabecera-new.png\",\"width\":430,\"height\":61,\"caption\":\"Tour Travel And More\"},\"image\":{\"@id\":\"https:\/\/tourtravelandmore.com\/fr\/#\/schema\/logo\/image\/\"},\"sameAs\":[\"https:\/\/www.facebook.com\/tourtravelandmore\/\",\"https:\/\/x.com\/TourTravel_More\"]}]}<\/script>\n<!-- \/ Yoast SEO Premium plugin. -->","yoast_head_json":{"title":"Visite priv\u00e9e \u00e0 pied de Notre-Dame et du quartier latin de Paris | TTM","description":"Explorez le quartier latin de Paris lors d'une visite priv\u00e9e \u00e0 pied. Vous traverserez ses caf\u00e9s et restaurants avec un expert local. Visitez Notre Dame!","robots":{"index":"index","follow":"follow","max-snippet":"max-snippet:-1","max-image-preview":"max-image-preview:large","max-video-preview":"max-video-preview:-1"},"canonical":"https:\/\/tourtravelandmore.com\/fr\/tours\/france-fr\/paris-fr\/all-private-tours-and-activities-fr-100\/visite-privee-a-pied-du-quartier-latin-et-de-notre-dame-de-paris\/","og_locale":"fr_FR","og_type":"article","og_title":"Visite priv\u00e9e \u00e0 pied du Quartier Latin et de Notre Dame de Paris","og_description":"Explorez le quartier latin de Paris lors d'une visite priv\u00e9e \u00e0 pied. Vous traverserez ses caf\u00e9s et restaurants avec un expert local. Visitez Notre Dame!","og_url":"https:\/\/tourtravelandmore.com\/fr\/tours\/france-fr\/paris-fr\/all-private-tours-and-activities-fr-100\/visite-privee-a-pied-du-quartier-latin-et-de-notre-dame-de-paris\/","og_site_name":"Tour Travel And More","article_publisher":"https:\/\/www.facebook.com\/tourtravelandmore\/","article_modified_time":"2024-08-06T15:08:54+00:00","og_image":[{"width":1200,"height":798,"url":"https:\/\/tourtravelandmore.com\/wp-content\/uploads\/2018\/04\/Paris-Pantheon-architecture-min.jpg","type":"image\/jpeg"}],"twitter_card":"summary_large_image","twitter_site":"@TourTravel_More","twitter_misc":{"Dur\u00e9e de lecture estim\u00e9e":"2 minutes"},"schema":{"@context":"https:\/\/schema.org","@graph":[{"@type":"WebPage","@id":"https:\/\/tourtravelandmore.com\/fr\/tours\/france-fr\/paris-fr\/all-private-tours-and-activities-fr-100\/visite-privee-a-pied-du-quartier-latin-et-de-notre-dame-de-paris\/","url":"https:\/\/tourtravelandmore.com\/fr\/tours\/france-fr\/paris-fr\/all-private-tours-and-activities-fr-100\/visite-privee-a-pied-du-quartier-latin-et-de-notre-dame-de-paris\/","name":"Visite priv\u00e9e \u00e0 pied de Notre-Dame et du quartier latin de Paris | TTM","isPartOf":{"@id":"https:\/\/tourtravelandmore.com\/fr\/#website"},"primaryImageOfPage":{"@id":"https:\/\/tourtravelandmore.com\/fr\/tours\/france-fr\/paris-fr\/all-private-tours-and-activities-fr-100\/visite-privee-a-pied-du-quartier-latin-et-de-notre-dame-de-paris\/#primaryimage"},"image":{"@id":"https:\/\/tourtravelandmore.com\/fr\/tours\/france-fr\/paris-fr\/all-private-tours-and-activities-fr-100\/visite-privee-a-pied-du-quartier-latin-et-de-notre-dame-de-paris\/#primaryimage"},"thumbnailUrl":"https:\/\/tourtravelandmore.com\/wp-content\/uploads\/2018\/04\/Paris-Pantheon-architecture-min.jpg","datePublished":"2018-04-18T11:44:14+00:00","dateModified":"2024-08-06T15:08:54+00:00","description":"Explorez le quartier latin de Paris lors d'une visite priv\u00e9e \u00e0 pied. Vous traverserez ses caf\u00e9s et restaurants avec un expert local. Visitez Notre Dame!","breadcrumb":{"@id":"https:\/\/tourtravelandmore.com\/fr\/tours\/france-fr\/paris-fr\/all-private-tours-and-activities-fr-100\/visite-privee-a-pied-du-quartier-latin-et-de-notre-dame-de-paris\/#breadcrumb"},"inLanguage":"fr-FR","potentialAction":[{"@type":"ReadAction","target":["https:\/\/tourtravelandmore.com\/fr\/tours\/france-fr\/paris-fr\/all-private-tours-and-activities-fr-100\/visite-privee-a-pied-du-quartier-latin-et-de-notre-dame-de-paris\/"]}]},{"@type":"ImageObject","inLanguage":"fr-FR","@id":"https:\/\/tourtravelandmore.com\/fr\/tours\/france-fr\/paris-fr\/all-private-tours-and-activities-fr-100\/visite-privee-a-pied-du-quartier-latin-et-de-notre-dame-de-paris\/#primaryimage","url":"https:\/\/tourtravelandmore.com\/wp-content\/uploads\/2018\/04\/Paris-Pantheon-architecture-min.jpg","contentUrl":"https:\/\/tourtravelandmore.com\/wp-content\/uploads\/2018\/04\/Paris-Pantheon-architecture-min.jpg","width":1200,"height":798},{"@type":"BreadcrumbList","@id":"https:\/\/tourtravelandmore.com\/fr\/tours\/france-fr\/paris-fr\/all-private-tours-and-activities-fr-100\/visite-privee-a-pied-du-quartier-latin-et-de-notre-dame-de-paris\/#breadcrumb","itemListElement":[{"@type":"ListItem","position":1,"name":"Home","item":"https:\/\/tourtravelandmore.com\/fr\/"},{"@type":"ListItem","position":2,"name":"Tours","item":"https:\/\/tourtravelandmore.com\/fr\/tours\/"},{"@type":"ListItem","position":3,"name":"Visite priv\u00e9e \u00e0 pied du Quartier Latin et de Notre Dame de Paris"}]},{"@type":"WebSite","@id":"https:\/\/tourtravelandmore.com\/fr\/#website","url":"https:\/\/tourtravelandmore.com\/fr\/","name":"Tour Travel And More","description":"Private sightseeing tours and luxury transfers in Spain","publisher":{"@id":"https:\/\/tourtravelandmore.com\/fr\/#organization"},"potentialAction":[{"@type":"SearchAction","target":{"@type":"EntryPoint","urlTemplate":"https:\/\/tourtravelandmore.com\/fr\/?s={search_term_string}"},"query-input":{"@type":"PropertyValueSpecification","valueRequired":true,"valueName":"search_term_string"}}],"inLanguage":"fr-FR"},{"@type":"Organization","@id":"https:\/\/tourtravelandmore.com\/fr\/#organization","name":"Tour Travel And More","url":"https:\/\/tourtravelandmore.com\/fr\/","logo":{"@type":"ImageObject","inLanguage":"fr-FR","@id":"https:\/\/tourtravelandmore.com\/fr\/#\/schema\/logo\/image\/","url":"https:\/\/tourtravelandmore.com\/wp-content\/uploads\/2022\/12\/cropped-logo-cabecera-new.png","contentUrl":"https:\/\/tourtravelandmore.com\/wp-content\/uploads\/2022\/12\/cropped-logo-cabecera-new.png","width":430,"height":61,"caption":"Tour Travel And More"},"image":{"@id":"https:\/\/tourtravelandmore.com\/fr\/#\/schema\/logo\/image\/"},"sameAs":["https:\/\/www.facebook.com\/tourtravelandmore\/","https:\/\/x.com\/TourTravel_More"]}]}},"_links":{"self":[{"href":"https:\/\/tourtravelandmore.com\/fr\/wp-json\/wp\/v2\/product\/99865","targetHints":{"allow":["GET"]}}],"collection":[{"href":"https:\/\/tourtravelandmore.com\/fr\/wp-json\/wp\/v2\/product"}],"about":[{"href":"https:\/\/tourtravelandmore.com\/fr\/wp-json\/wp\/v2\/types\/product"}],"replies":[{"embeddable":true,"href":"https:\/\/tourtravelandmore.com\/fr\/wp-json\/wp\/v2\/comments?post=99865"}],"wp:featuredmedia":[{"embeddable":true,"href":"https:\/\/tourtravelandmore.com\/fr\/wp-json\/wp\/v2\/media\/97834"}],"wp:attachment":[{"href":"https:\/\/tourtravelandmore.com\/fr\/wp-json\/wp\/v2\/media?parent=99865"}],"wp:term":[{"taxonomy":"product_brand","embeddable":true,"href":"https:\/\/tourtravelandmore.com\/fr\/wp-json\/wp\/v2\/product_brand?post=99865"},{"taxonomy":"product_cat","embeddable":true,"href":"https:\/\/tourtravelandmore.com\/fr\/wp-json\/wp\/v2\/product_cat?post=99865"},{"taxonomy":"product_tag","embeddable":true,"href":"https:\/\/tourtravelandmore.com\/fr\/wp-json\/wp\/v2\/product_tag?post=99865"}],"curies":[{"name":"wp","href":"https:\/\/api.w.org\/{rel}","templated":true}]}}