{"id":99855,"date":"2018-04-18T13:13:22","date_gmt":"2018-04-18T11:13:22","guid":{"rendered":"https:\/\/tourtravelandmore.com\/tours\/non%20class\u00e9\/visite-privee-des-musees-dorsay-et-du-louvre-avec-un-historien-de-lart\/"},"modified":"2024-08-06T17:04:50","modified_gmt":"2024-08-06T15:04:50","slug":"visite-privee-des-musees-dorsay-et-du-louvre-avec-un-historien-de-lart","status":"publish","type":"product","link":"https:\/\/tourtravelandmore.com\/fr\/tours\/france-fr\/paris-fr\/all-private-tours-and-activities-fr-100\/visite-privee-des-musees-dorsay-et-du-louvre-avec-un-historien-de-lart\/","title":{"rendered":"Visite priv\u00e9e des mus\u00e9es d&#8217;Orsay et du Louvre avec un historien de l&#8217;art"},"content":{"rendered":"<h2>Description<\/h2>\n<p>Le mus\u00e9e du Louvre est le plus grand mus\u00e9e d&#8217;art du monde. C&#8217;est aussi le mus\u00e9e national de France. Incontournable pour les amateurs d&#8217;art, ce mus\u00e9e propose une superbe s\u00e9lection d&#8217;\u0153uvres d&#8217;art historiques. Lors de notre visite priv\u00e9e \u00e0 pied \u00e0 Paris, vous explorerez ce mus\u00e9e spectaculaire avec un historien de l&#8217;art. Deuxi\u00e8mement, vous visiterez \u00e9galement le mus\u00e9e d&#8217;Orsay. A l&#8217;origine gare ferroviaire, ce mus\u00e9e n&#8217;est que de par son architecture d\u00e9j\u00e0 une \u0153uvre d&#8217;art. Nos guides priv\u00e9s sont agr\u00e9\u00e9s et sp\u00e9cialis\u00e9s dans l&#8217;histoire de l&#8217;art et le patrimoine.<\/p>\n<p>Tout d&#8217;abord, votre guide viendra vous chercher \u00e0 votre h\u00f4tel du centre de Paris. Apr\u00e8s cela, vous lancerez votre visite priv\u00e9e. En fonction de l&#8217;emplacement de votre h\u00f4tel ou du lieu de prise en charge, vous pouvez commencer \u00e0 visiter Orsay ou le mus\u00e9e du Louvre.<\/p>\n<p>Toutes nos visites sont priv\u00e9es et sur mesure. Contactez-nous pour organiser une exp\u00e9rience priv\u00e9e personnalis\u00e9e \u00e0 Paris. Nous proposons des visites \u00e0 pied, des visites avec chauffeur et guide ainsi que des transferts priv\u00e9s.<\/p>\n<h2>Sites d&#8217;int\u00e9r\u00eat et monuments<\/h2>\n<p>Dans le centre de Paris, au bord de la Seine, face au jardin des Tuileries, le mus\u00e9e d&#8217;Orsay a \u00e9t\u00e9 install\u00e9 dans l&#8217;ancienne gare d&#8217;Orsay, construite pour l&#8217;Exposition Universelle de 1900. Ce superbe mus\u00e9e pr\u00e9sente des collections d&#8217;art de la p\u00e9riode 1848 \u00e0 1914. Vous explorerez le mus\u00e9e avec un guide priv\u00e9 historien de l&#8217;art. Certaines des principales \u0153uvres d&#8217;art que vous pourrez voir dans le mus\u00e9e sont:<\/p>\n<ul>\n<li>Un enterrement \u00e0 Ornans (vers 1849), Gustave Courbet<\/li>\n<li>D\u00eener au bal (1879), Edgar Degas<\/li>\n<li>Olympie (1863), Edouard Manet<\/li>\n<li>Les joueurs de cartes (1890-1895), Paul C\u00e9zanne<\/li>\n<li>Autoportrait (1889), Vincent Van Gogh<\/li>\n<li>Londres, Chambres du Parlement (1904), Claude Monet<\/li>\n<\/ul>\n<p>Deuxi\u00e8mement, apr\u00e8s avoir visit\u00e9 Orsay, vous marcherez sur le Pont des Arts et arriverez au mus\u00e9e du Louvre, le plus grand mus\u00e9e d&#8217;art du monde. Le Louvre re\u00e7oit plus de 10 millions de visiteurs par an. Le mus\u00e9e est install\u00e9 dans un imposant palais dont les origines remontent au Moyen \u00c2ge. Cependant, ce n&#8217;est qu&#8217;en 1793 que le palais est d\u00e9clar\u00e9 mus\u00e9e public.<\/p>\n<p>La collection de peintures du Louvre est l&#8217;une des plus vastes au monde. Par cons\u00e9quent, le Louvre a des \u0153uvres de toutes les p\u00e9riodes de l&#8217;art europ\u00e9en jusqu&#8217;aux R\u00e9volutions de 1848. Certains des chefs-d&#8217;\u0153uvre que les mus\u00e9es d\u00e9tiennent sont:<\/p>\n<ul>\n<li>Aphrodite, connue sous le nom de &#8220;V\u00e9nus de Milo&#8221;<\/li>\n<li>Chevaux retenus par les palefreniers, connus sous le nom de chevaux de Marly<\/li>\n<li>La Libert\u00e9 guidant le peuple<\/li>\n<li>Code des lois d&#8217;Hammourabi, roi de Babylone<\/li>\n<li>Louis XIV (1638-1715)<\/li>\n<li>Mona Lisa &#8211; Portrait de Lisa Gherardini, \u00e9pouse de<\/li>\n<li>Francesco del Giocondo<\/li>\n<\/ul>\n<p>Pendant toute la dur\u00e9e de la visite, vous serez accompagn\u00e9 d&#8217;un guide officiel. En plus de votre guide, cette visite priv\u00e9e comprend des billets coupe-file pour les mus\u00e9es du Louvre et d&#8217;Orsay. En conclusion, vous profiterez d&#8217;une visite priv\u00e9e de 4 heures o\u00f9 vous d\u00e9couvrirez l&#8217;histoire, la culture et l&#8217;art de Paris.<\/p>\n<h4>Visite priv\u00e9e \u00e0 pied de Paris<\/h4>\n<p>Tous nos circuits sont priv\u00e9s et personnalisables selon les d\u00e9sirs de nos clients. Contactez-nous pour plus d&#8217;informations, notre \u00e9quipe vous aidera \u00e0 organiser une exp\u00e9rience priv\u00e9e sur mesure. Cette proposition comprend une mise \u00e0 disposition de 4 heures d&#8217;un guide sp\u00e9cialis\u00e9 en art et des billets coupe-file pour les mus\u00e9es du Louvre et d&#8217;Orsay. En cas de besoin, nous pouvons \u00e9galement organiser des transferts de v\u00e9hicule vers et depuis votre h\u00f4tel sur demande. En d&#8217;autres termes, contactez-nous pour organiser des exp\u00e9riences priv\u00e9es inoubliables sur mesure \u00e0 Paris.<\/p>\n","protected":false},"excerpt":{"rendered":"<p>Ce circuit est sp\u00e9cialement con\u00e7u pour les amateurs d&#8217;art! Explorez le plus grand mus\u00e9e d&#8217;art du monde et le magnifique mus\u00e9e d&#8217;Orsay avec un guide touristique sp\u00e9cialis\u00e9 en art agr\u00e9\u00e9.<\/p>\n","protected":false},"featured_media":97878,"comment_status":"open","ping_status":"closed","template":"","meta":{"_acf_changed":false},"product_brand":[],"product_cat":[3542,4203,4297],"product_tag":[],"class_list":{"0":"post-99855","1":"product","2":"type-product","3":"status-publish","4":"has-post-thumbnail","6":"product_cat-paris-fr","7":"product_cat-all-private-tours-and-activities-fr-100","8":"product_cat-private-walking-tours-fr-4-paris-fr","10":"first","11":"instock","12":"shipping-taxable","13":"purchasable","14":"product-type-simple"},"acf":[],"yoast_head":"<!-- This site is optimized with the Yoast SEO Premium plugin v25.3.1 (Yoast SEO v25.3.1) - https:\/\/yoast.com\/wordpress\/plugins\/seo\/ -->\n<title>Visite priv\u00e9e \u00e0 pied de 4 heures Paris - Mus\u00e9e d&#039;Orsay et du Louvre<\/title>\n<meta name=\"description\" content=\"Explorez le plus grand mus\u00e9e d&#039;art du monde et le magnifique mus\u00e9e d&#039;Orsay avec un guide officiel sp\u00e9cialis\u00e9 dans l&#039;art avec notre visite priv\u00e9e \u00e0 pied \u00e0 Paris.\" \/>\n<meta name=\"robots\" content=\"index, follow, max-snippet:-1, max-image-preview:large, max-video-preview:-1\" \/>\n<link rel=\"canonical\" href=\"https:\/\/tourtravelandmore.com\/fr\/tours\/france-fr\/paris-fr\/all-private-tours-and-activities-fr-100\/visite-privee-des-musees-dorsay-et-du-louvre-avec-un-historien-de-lart\/\" \/>\n<meta property=\"og:locale\" content=\"fr_FR\" \/>\n<meta property=\"og:type\" content=\"article\" \/>\n<meta property=\"og:title\" content=\"Visite priv\u00e9e des mus\u00e9es d&#039;Orsay et du Louvre avec un historien de l&#039;art\" \/>\n<meta property=\"og:description\" content=\"Explorez le plus grand mus\u00e9e d&#039;art du monde et le magnifique mus\u00e9e d&#039;Orsay avec un guide officiel sp\u00e9cialis\u00e9 dans l&#039;art avec notre visite priv\u00e9e \u00e0 pied \u00e0 Paris.\" \/>\n<meta property=\"og:url\" content=\"https:\/\/tourtravelandmore.com\/fr\/tours\/france-fr\/paris-fr\/all-private-tours-and-activities-fr-100\/visite-privee-des-musees-dorsay-et-du-louvre-avec-un-historien-de-lart\/\" \/>\n<meta property=\"og:site_name\" content=\"Tour Travel And More\" \/>\n<meta property=\"article:publisher\" content=\"https:\/\/www.facebook.com\/tourtravelandmore\/\" \/>\n<meta property=\"article:modified_time\" content=\"2024-08-06T15:04:50+00:00\" \/>\n<meta property=\"og:image\" content=\"https:\/\/tourtravelandmore.com\/wp-content\/uploads\/2018\/04\/paris-seine-river-sunset-muse-d-orsay-min.jpg\" \/>\n\t<meta property=\"og:image:width\" content=\"910\" \/>\n\t<meta property=\"og:image:height\" content=\"507\" \/>\n\t<meta property=\"og:image:type\" content=\"image\/jpeg\" \/>\n<meta name=\"twitter:card\" content=\"summary_large_image\" \/>\n<meta name=\"twitter:site\" content=\"@TourTravel_More\" \/>\n<meta name=\"twitter:label1\" content=\"Dur\u00e9e de lecture estim\u00e9e\" \/>\n\t<meta name=\"twitter:data1\" content=\"3 minutes\" \/>\n<script type=\"application\/ld+json\" class=\"yoast-schema-graph\">{\"@context\":\"https:\/\/schema.org\",\"@graph\":[{\"@type\":\"WebPage\",\"@id\":\"https:\/\/tourtravelandmore.com\/fr\/tours\/france-fr\/paris-fr\/all-private-tours-and-activities-fr-100\/visite-privee-des-musees-dorsay-et-du-louvre-avec-un-historien-de-lart\/\",\"url\":\"https:\/\/tourtravelandmore.com\/fr\/tours\/france-fr\/paris-fr\/all-private-tours-and-activities-fr-100\/visite-privee-des-musees-dorsay-et-du-louvre-avec-un-historien-de-lart\/\",\"name\":\"Visite priv\u00e9e \u00e0 pied de 4 heures Paris - Mus\u00e9e d'Orsay et du Louvre\",\"isPartOf\":{\"@id\":\"https:\/\/tourtravelandmore.com\/fr\/#website\"},\"primaryImageOfPage\":{\"@id\":\"https:\/\/tourtravelandmore.com\/fr\/tours\/france-fr\/paris-fr\/all-private-tours-and-activities-fr-100\/visite-privee-des-musees-dorsay-et-du-louvre-avec-un-historien-de-lart\/#primaryimage\"},\"image\":{\"@id\":\"https:\/\/tourtravelandmore.com\/fr\/tours\/france-fr\/paris-fr\/all-private-tours-and-activities-fr-100\/visite-privee-des-musees-dorsay-et-du-louvre-avec-un-historien-de-lart\/#primaryimage\"},\"thumbnailUrl\":\"https:\/\/tourtravelandmore.com\/wp-content\/uploads\/2018\/04\/paris-seine-river-sunset-muse-d-orsay-min.jpg\",\"datePublished\":\"2018-04-18T11:13:22+00:00\",\"dateModified\":\"2024-08-06T15:04:50+00:00\",\"description\":\"Explorez le plus grand mus\u00e9e d'art du monde et le magnifique mus\u00e9e d'Orsay avec un guide officiel sp\u00e9cialis\u00e9 dans l'art avec notre visite priv\u00e9e \u00e0 pied \u00e0 Paris.\",\"breadcrumb\":{\"@id\":\"https:\/\/tourtravelandmore.com\/fr\/tours\/france-fr\/paris-fr\/all-private-tours-and-activities-fr-100\/visite-privee-des-musees-dorsay-et-du-louvre-avec-un-historien-de-lart\/#breadcrumb\"},\"inLanguage\":\"fr-FR\",\"potentialAction\":[{\"@type\":\"ReadAction\",\"target\":[\"https:\/\/tourtravelandmore.com\/fr\/tours\/france-fr\/paris-fr\/all-private-tours-and-activities-fr-100\/visite-privee-des-musees-dorsay-et-du-louvre-avec-un-historien-de-lart\/\"]}]},{\"@type\":\"ImageObject\",\"inLanguage\":\"fr-FR\",\"@id\":\"https:\/\/tourtravelandmore.com\/fr\/tours\/france-fr\/paris-fr\/all-private-tours-and-activities-fr-100\/visite-privee-des-musees-dorsay-et-du-louvre-avec-un-historien-de-lart\/#primaryimage\",\"url\":\"https:\/\/tourtravelandmore.com\/wp-content\/uploads\/2018\/04\/paris-seine-river-sunset-muse-d-orsay-min.jpg\",\"contentUrl\":\"https:\/\/tourtravelandmore.com\/wp-content\/uploads\/2018\/04\/paris-seine-river-sunset-muse-d-orsay-min.jpg\",\"width\":910,\"height\":507},{\"@type\":\"BreadcrumbList\",\"@id\":\"https:\/\/tourtravelandmore.com\/fr\/tours\/france-fr\/paris-fr\/all-private-tours-and-activities-fr-100\/visite-privee-des-musees-dorsay-et-du-louvre-avec-un-historien-de-lart\/#breadcrumb\",\"itemListElement\":[{\"@type\":\"ListItem\",\"position\":1,\"name\":\"Home\",\"item\":\"https:\/\/tourtravelandmore.com\/fr\/\"},{\"@type\":\"ListItem\",\"position\":2,\"name\":\"Tours\",\"item\":\"https:\/\/tourtravelandmore.com\/fr\/tours\/\"},{\"@type\":\"ListItem\",\"position\":3,\"name\":\"Visite priv\u00e9e des mus\u00e9es d&#8217;Orsay et du Louvre avec un historien de l&#8217;art\"}]},{\"@type\":\"WebSite\",\"@id\":\"https:\/\/tourtravelandmore.com\/fr\/#website\",\"url\":\"https:\/\/tourtravelandmore.com\/fr\/\",\"name\":\"Tour Travel And More\",\"description\":\"Private sightseeing tours and luxury transfers in Spain\",\"publisher\":{\"@id\":\"https:\/\/tourtravelandmore.com\/fr\/#organization\"},\"potentialAction\":[{\"@type\":\"SearchAction\",\"target\":{\"@type\":\"EntryPoint\",\"urlTemplate\":\"https:\/\/tourtravelandmore.com\/fr\/?s={search_term_string}\"},\"query-input\":{\"@type\":\"PropertyValueSpecification\",\"valueRequired\":true,\"valueName\":\"search_term_string\"}}],\"inLanguage\":\"fr-FR\"},{\"@type\":\"Organization\",\"@id\":\"https:\/\/tourtravelandmore.com\/fr\/#organization\",\"name\":\"Tour Travel And More\",\"url\":\"https:\/\/tourtravelandmore.com\/fr\/\",\"logo\":{\"@type\":\"ImageObject\",\"inLanguage\":\"fr-FR\",\"@id\":\"https:\/\/tourtravelandmore.com\/fr\/#\/schema\/logo\/image\/\",\"url\":\"https:\/\/tourtravelandmore.com\/wp-content\/uploads\/2022\/12\/cropped-logo-cabecera-new.png\",\"contentUrl\":\"https:\/\/tourtravelandmore.com\/wp-content\/uploads\/2022\/12\/cropped-logo-cabecera-new.png\",\"width\":430,\"height\":61,\"caption\":\"Tour Travel And More\"},\"image\":{\"@id\":\"https:\/\/tourtravelandmore.com\/fr\/#\/schema\/logo\/image\/\"},\"sameAs\":[\"https:\/\/www.facebook.com\/tourtravelandmore\/\",\"https:\/\/x.com\/TourTravel_More\"]}]}<\/script>\n<!-- \/ Yoast SEO Premium plugin. -->","yoast_head_json":{"title":"Visite priv\u00e9e \u00e0 pied de 4 heures Paris - Mus\u00e9e d'Orsay et du Louvre","description":"Explorez le plus grand mus\u00e9e d'art du monde et le magnifique mus\u00e9e d'Orsay avec un guide officiel sp\u00e9cialis\u00e9 dans l'art avec notre visite priv\u00e9e \u00e0 pied \u00e0 Paris.","robots":{"index":"index","follow":"follow","max-snippet":"max-snippet:-1","max-image-preview":"max-image-preview:large","max-video-preview":"max-video-preview:-1"},"canonical":"https:\/\/tourtravelandmore.com\/fr\/tours\/france-fr\/paris-fr\/all-private-tours-and-activities-fr-100\/visite-privee-des-musees-dorsay-et-du-louvre-avec-un-historien-de-lart\/","og_locale":"fr_FR","og_type":"article","og_title":"Visite priv\u00e9e des mus\u00e9es d'Orsay et du Louvre avec un historien de l'art","og_description":"Explorez le plus grand mus\u00e9e d'art du monde et le magnifique mus\u00e9e d'Orsay avec un guide officiel sp\u00e9cialis\u00e9 dans l'art avec notre visite priv\u00e9e \u00e0 pied \u00e0 Paris.","og_url":"https:\/\/tourtravelandmore.com\/fr\/tours\/france-fr\/paris-fr\/all-private-tours-and-activities-fr-100\/visite-privee-des-musees-dorsay-et-du-louvre-avec-un-historien-de-lart\/","og_site_name":"Tour Travel And More","article_publisher":"https:\/\/www.facebook.com\/tourtravelandmore\/","article_modified_time":"2024-08-06T15:04:50+00:00","og_image":[{"width":910,"height":507,"url":"https:\/\/tourtravelandmore.com\/wp-content\/uploads\/2018\/04\/paris-seine-river-sunset-muse-d-orsay-min.jpg","type":"image\/jpeg"}],"twitter_card":"summary_large_image","twitter_site":"@TourTravel_More","twitter_misc":{"Dur\u00e9e de lecture estim\u00e9e":"3 minutes"},"schema":{"@context":"https:\/\/schema.org","@graph":[{"@type":"WebPage","@id":"https:\/\/tourtravelandmore.com\/fr\/tours\/france-fr\/paris-fr\/all-private-tours-and-activities-fr-100\/visite-privee-des-musees-dorsay-et-du-louvre-avec-un-historien-de-lart\/","url":"https:\/\/tourtravelandmore.com\/fr\/tours\/france-fr\/paris-fr\/all-private-tours-and-activities-fr-100\/visite-privee-des-musees-dorsay-et-du-louvre-avec-un-historien-de-lart\/","name":"Visite priv\u00e9e \u00e0 pied de 4 heures Paris - Mus\u00e9e d'Orsay et du Louvre","isPartOf":{"@id":"https:\/\/tourtravelandmore.com\/fr\/#website"},"primaryImageOfPage":{"@id":"https:\/\/tourtravelandmore.com\/fr\/tours\/france-fr\/paris-fr\/all-private-tours-and-activities-fr-100\/visite-privee-des-musees-dorsay-et-du-louvre-avec-un-historien-de-lart\/#primaryimage"},"image":{"@id":"https:\/\/tourtravelandmore.com\/fr\/tours\/france-fr\/paris-fr\/all-private-tours-and-activities-fr-100\/visite-privee-des-musees-dorsay-et-du-louvre-avec-un-historien-de-lart\/#primaryimage"},"thumbnailUrl":"https:\/\/tourtravelandmore.com\/wp-content\/uploads\/2018\/04\/paris-seine-river-sunset-muse-d-orsay-min.jpg","datePublished":"2018-04-18T11:13:22+00:00","dateModified":"2024-08-06T15:04:50+00:00","description":"Explorez le plus grand mus\u00e9e d'art du monde et le magnifique mus\u00e9e d'Orsay avec un guide officiel sp\u00e9cialis\u00e9 dans l'art avec notre visite priv\u00e9e \u00e0 pied \u00e0 Paris.","breadcrumb":{"@id":"https:\/\/tourtravelandmore.com\/fr\/tours\/france-fr\/paris-fr\/all-private-tours-and-activities-fr-100\/visite-privee-des-musees-dorsay-et-du-louvre-avec-un-historien-de-lart\/#breadcrumb"},"inLanguage":"fr-FR","potentialAction":[{"@type":"ReadAction","target":["https:\/\/tourtravelandmore.com\/fr\/tours\/france-fr\/paris-fr\/all-private-tours-and-activities-fr-100\/visite-privee-des-musees-dorsay-et-du-louvre-avec-un-historien-de-lart\/"]}]},{"@type":"ImageObject","inLanguage":"fr-FR","@id":"https:\/\/tourtravelandmore.com\/fr\/tours\/france-fr\/paris-fr\/all-private-tours-and-activities-fr-100\/visite-privee-des-musees-dorsay-et-du-louvre-avec-un-historien-de-lart\/#primaryimage","url":"https:\/\/tourtravelandmore.com\/wp-content\/uploads\/2018\/04\/paris-seine-river-sunset-muse-d-orsay-min.jpg","contentUrl":"https:\/\/tourtravelandmore.com\/wp-content\/uploads\/2018\/04\/paris-seine-river-sunset-muse-d-orsay-min.jpg","width":910,"height":507},{"@type":"BreadcrumbList","@id":"https:\/\/tourtravelandmore.com\/fr\/tours\/france-fr\/paris-fr\/all-private-tours-and-activities-fr-100\/visite-privee-des-musees-dorsay-et-du-louvre-avec-un-historien-de-lart\/#breadcrumb","itemListElement":[{"@type":"ListItem","position":1,"name":"Home","item":"https:\/\/tourtravelandmore.com\/fr\/"},{"@type":"ListItem","position":2,"name":"Tours","item":"https:\/\/tourtravelandmore.com\/fr\/tours\/"},{"@type":"ListItem","position":3,"name":"Visite priv\u00e9e des mus\u00e9es d&#8217;Orsay et du Louvre avec un historien de l&#8217;art"}]},{"@type":"WebSite","@id":"https:\/\/tourtravelandmore.com\/fr\/#website","url":"https:\/\/tourtravelandmore.com\/fr\/","name":"Tour Travel And More","description":"Private sightseeing tours and luxury transfers in Spain","publisher":{"@id":"https:\/\/tourtravelandmore.com\/fr\/#organization"},"potentialAction":[{"@type":"SearchAction","target":{"@type":"EntryPoint","urlTemplate":"https:\/\/tourtravelandmore.com\/fr\/?s={search_term_string}"},"query-input":{"@type":"PropertyValueSpecification","valueRequired":true,"valueName":"search_term_string"}}],"inLanguage":"fr-FR"},{"@type":"Organization","@id":"https:\/\/tourtravelandmore.com\/fr\/#organization","name":"Tour Travel And More","url":"https:\/\/tourtravelandmore.com\/fr\/","logo":{"@type":"ImageObject","inLanguage":"fr-FR","@id":"https:\/\/tourtravelandmore.com\/fr\/#\/schema\/logo\/image\/","url":"https:\/\/tourtravelandmore.com\/wp-content\/uploads\/2022\/12\/cropped-logo-cabecera-new.png","contentUrl":"https:\/\/tourtravelandmore.com\/wp-content\/uploads\/2022\/12\/cropped-logo-cabecera-new.png","width":430,"height":61,"caption":"Tour Travel And More"},"image":{"@id":"https:\/\/tourtravelandmore.com\/fr\/#\/schema\/logo\/image\/"},"sameAs":["https:\/\/www.facebook.com\/tourtravelandmore\/","https:\/\/x.com\/TourTravel_More"]}]}},"_links":{"self":[{"href":"https:\/\/tourtravelandmore.com\/fr\/wp-json\/wp\/v2\/product\/99855","targetHints":{"allow":["GET"]}}],"collection":[{"href":"https:\/\/tourtravelandmore.com\/fr\/wp-json\/wp\/v2\/product"}],"about":[{"href":"https:\/\/tourtravelandmore.com\/fr\/wp-json\/wp\/v2\/types\/product"}],"replies":[{"embeddable":true,"href":"https:\/\/tourtravelandmore.com\/fr\/wp-json\/wp\/v2\/comments?post=99855"}],"wp:featuredmedia":[{"embeddable":true,"href":"https:\/\/tourtravelandmore.com\/fr\/wp-json\/wp\/v2\/media\/97878"}],"wp:attachment":[{"href":"https:\/\/tourtravelandmore.com\/fr\/wp-json\/wp\/v2\/media?parent=99855"}],"wp:term":[{"taxonomy":"product_brand","embeddable":true,"href":"https:\/\/tourtravelandmore.com\/fr\/wp-json\/wp\/v2\/product_brand?post=99855"},{"taxonomy":"product_cat","embeddable":true,"href":"https:\/\/tourtravelandmore.com\/fr\/wp-json\/wp\/v2\/product_cat?post=99855"},{"taxonomy":"product_tag","embeddable":true,"href":"https:\/\/tourtravelandmore.com\/fr\/wp-json\/wp\/v2\/product_tag?post=99855"}],"curies":[{"name":"wp","href":"https:\/\/api.w.org\/{rel}","templated":true}]}}