{"id":99850,"date":"2018-04-18T11:16:09","date_gmt":"2018-04-18T09:16:09","guid":{"rendered":"https:\/\/tourtravelandmore.com\/tours\/non%20class\u00e9\/visite-privee-a-pied-de-3-heures-du-musee-du-louvre\/"},"modified":"2024-08-06T16:22:38","modified_gmt":"2024-08-06T14:22:38","slug":"visite-privee-a-pied-de-3-heures-du-musee-du-louvre","status":"publish","type":"product","link":"https:\/\/tourtravelandmore.com\/fr\/tours\/france-fr\/paris-fr\/best-sellers\/visite-privee-a-pied-de-3-heures-du-musee-du-louvre\/","title":{"rendered":"Visite priv\u00e9e \u00e0 pied de 3 heures du mus\u00e9e du Louvre"},"content":{"rendered":"<h2>Description<\/h2>\n<p>Pour tous les amateurs d&#8217;art, le <strong>Louvre<\/strong> est l&#8217;un des endroits incontournables de <strong>Paris.<\/strong> C&#8217;est le mus\u00e9e national de France et le plus grand mus\u00e9e d&#8217;art du monde. Explorez ce mus\u00e9e spectaculaire avec un guide priv\u00e9 sp\u00e9cialis\u00e9 en art. Profitez au mieux de votre visite \u00e0 Paris et profitez de notre visite priv\u00e9e du <strong>Louvre.<\/strong><\/p>\n<p>Tout d&#8217;abord, votre guide viendra vous chercher \u00e0 votre h\u00f4tel du centre de <strong>Paris.<\/strong> Apr\u00e8s cela, vous commencerez votre visite guid\u00e9e priv\u00e9e du merveilleux mus\u00e9e. Vous traverserez d&#8217;impressionnantes \u0153uvres d&#8217;art de ma\u00eetres comme <strong>Da Vinci, Michel-Ange<\/strong> et <strong>Delacroix.<\/strong> Les billets coupe-file sont inclus dans le prix de cette visite!<\/p>\n<p>Toutes nos visites sont priv\u00e9es et sur mesure. Contactez-nous et nous vous aiderons \u00e0 organiser une exp\u00e9rience personnalis\u00e9e. Il est \u00e9galement possible de combiner une visite du <strong>Louvre<\/strong> avec une visite de la ville.<\/p>\n<h2>Sites d&#8217;int\u00e9r\u00eat<\/h2>\n<p>Occupant une partie d&#8217;un palais construit au XIIe si\u00e8cle. Le Louvre est le mus\u00e9e d\u2019art le plus visit\u00e9 au monde, abritant une collection qui va des civilisations anciennes au milieu du <strong>XIXe<\/strong> si\u00e8cle. L&#8217;id\u00e9e d&#8217;utiliser le Louvre comme mus\u00e9e est n\u00e9e au <strong>XVIIIe<\/strong> si\u00e8cle. La disposition complexe actuelle a \u00e9t\u00e9 effectu\u00e9e entre <strong>1980<\/strong> et <strong>1990.<\/strong><\/p>\n<p>La collection de peintures du Louvre est l&#8217;une des plus importantes au monde. Le mus\u00e9e accueille des \u0153uvres de toutes les p\u00e9riodes de l&#8217;art europ\u00e9en jusqu&#8217;aux <strong>R\u00e9volutions<\/strong> de <strong>1848.<\/strong> Certains des chefs-d&#8217;\u0153uvre que les mus\u00e9es d\u00e9tiennent sont:<\/p>\n<ul>\n<li><strong>Aphrodite, connue sous le nom de &#8220;V\u00e9nus de Milo&#8221;<\/strong><\/li>\n<li><strong>Chevaux retenus par les palefreniers, connus sous le nom de chevaux de Marly<\/strong><\/li>\n<li><strong>La Libert\u00e9 guidant le peuple<\/strong><\/li>\n<li><strong>Code des lois d&#8217;Hammourabi, roi de Babylone<\/strong><\/li>\n<li><strong>Louis XIV (1638-1715)<\/strong><\/li>\n<li><strong>Mona Lisa &#8211; Portrait de Lisa Gherardini, \u00e9pouse de<\/strong><\/li>\n<li><strong>Francesco del Giocondo<\/strong><\/li>\n<\/ul>\n<p>Lors de votre visite, vous aurez \u00e0 votre enti\u00e8re disposition votre guide officiel sp\u00e9cialis\u00e9 en art. En plus de votre guide, nous organiserons \u00e9galement vos billets coupe-file.<\/p>\n<p>Toutes les visites que nous proposons sont priv\u00e9es et personnalisables. N&#8217;h\u00e9sitez pas \u00e0 nous contacter pour plus d&#8217;informations. Cette proposition comprend une disposition de 3 heures d&#8217;un guide touristique sp\u00e9cialis\u00e9 en art et des billets coupe-file. En cas de besoin, nous pouvons \u00e9galement organiser des <strong>transferts<\/strong> de <strong>v\u00e9hicules<\/strong> vers et depuis le mus\u00e9e.<\/p>\n","protected":false},"excerpt":{"rendered":"<p>Explorez le majestueux mus\u00e9e du Louvre, le plus grand du monde, lors d&#8217;une visite priv\u00e9e avec un guide officiel de l&#8217;historien de l&#8217;art. Les billets coupe-file pour le mus\u00e9e sont inclus!<\/p>\n","protected":false},"featured_media":97820,"comment_status":"open","ping_status":"closed","template":"","meta":{"_acf_changed":false},"product_brand":[],"product_cat":[3542,4202,4203,4297],"product_tag":[],"class_list":{"0":"post-99850","1":"product","2":"type-product","3":"status-publish","4":"has-post-thumbnail","6":"product_cat-paris-fr","7":"product_cat-best-sellers","8":"product_cat-all-private-tours-and-activities-fr-100","9":"product_cat-private-walking-tours-fr-4-paris-fr","11":"first","12":"instock","13":"shipping-taxable","14":"purchasable","15":"product-type-simple"},"acf":[],"yoast_head":"<!-- This site is optimized with the Yoast SEO Premium plugin v25.3.1 (Yoast SEO v25.3.1) - https:\/\/yoast.com\/wordpress\/plugins\/seo\/ -->\n<title>Visite guid\u00e9e priv\u00e9e du mus\u00e9e du Louvre avec un guide sp\u00e9cialis\u00e9 en art<\/title>\n<meta name=\"description\" content=\"Explorez le Louvre, le plus grand mus\u00e9e du monde, lors d&#039;une visite priv\u00e9e avec un guide historien de l&#039;art. Billets coupe-file inclus.\" \/>\n<meta name=\"robots\" content=\"index, follow, max-snippet:-1, max-image-preview:large, max-video-preview:-1\" \/>\n<link rel=\"canonical\" href=\"https:\/\/tourtravelandmore.com\/fr\/tours\/france-fr\/paris-fr\/best-sellers\/visite-privee-a-pied-de-3-heures-du-musee-du-louvre\/\" \/>\n<meta property=\"og:locale\" content=\"fr_FR\" \/>\n<meta property=\"og:type\" content=\"article\" \/>\n<meta property=\"og:title\" content=\"Visite priv\u00e9e \u00e0 pied de 3 heures du mus\u00e9e du Louvre\" \/>\n<meta property=\"og:description\" content=\"Explorez le Louvre, le plus grand mus\u00e9e du monde, lors d&#039;une visite priv\u00e9e avec un guide historien de l&#039;art. Billets coupe-file inclus.\" \/>\n<meta property=\"og:url\" content=\"https:\/\/tourtravelandmore.com\/fr\/tours\/france-fr\/paris-fr\/best-sellers\/visite-privee-a-pied-de-3-heures-du-musee-du-louvre\/\" \/>\n<meta property=\"og:site_name\" content=\"Tour Travel And More\" \/>\n<meta property=\"article:publisher\" content=\"https:\/\/www.facebook.com\/tourtravelandmore\/\" \/>\n<meta property=\"article:modified_time\" content=\"2024-08-06T14:22:38+00:00\" \/>\n<meta property=\"og:image\" content=\"https:\/\/tourtravelandmore.com\/wp-content\/uploads\/2018\/04\/Louvre2.jpg\" \/>\n\t<meta property=\"og:image:width\" content=\"1024\" \/>\n\t<meta property=\"og:image:height\" content=\"693\" \/>\n\t<meta property=\"og:image:type\" content=\"image\/jpeg\" \/>\n<meta name=\"twitter:card\" content=\"summary_large_image\" \/>\n<meta name=\"twitter:site\" content=\"@TourTravel_More\" \/>\n<meta name=\"twitter:label1\" content=\"Dur\u00e9e de lecture estim\u00e9e\" \/>\n\t<meta name=\"twitter:data1\" content=\"2 minutes\" \/>\n<script type=\"application\/ld+json\" class=\"yoast-schema-graph\">{\"@context\":\"https:\/\/schema.org\",\"@graph\":[{\"@type\":\"WebPage\",\"@id\":\"https:\/\/tourtravelandmore.com\/fr\/tours\/france-fr\/paris-fr\/best-sellers\/visite-privee-a-pied-de-3-heures-du-musee-du-louvre\/\",\"url\":\"https:\/\/tourtravelandmore.com\/fr\/tours\/france-fr\/paris-fr\/best-sellers\/visite-privee-a-pied-de-3-heures-du-musee-du-louvre\/\",\"name\":\"Visite guid\u00e9e priv\u00e9e du mus\u00e9e du Louvre avec un guide sp\u00e9cialis\u00e9 en art\",\"isPartOf\":{\"@id\":\"https:\/\/tourtravelandmore.com\/fr\/#website\"},\"primaryImageOfPage\":{\"@id\":\"https:\/\/tourtravelandmore.com\/fr\/tours\/france-fr\/paris-fr\/best-sellers\/visite-privee-a-pied-de-3-heures-du-musee-du-louvre\/#primaryimage\"},\"image\":{\"@id\":\"https:\/\/tourtravelandmore.com\/fr\/tours\/france-fr\/paris-fr\/best-sellers\/visite-privee-a-pied-de-3-heures-du-musee-du-louvre\/#primaryimage\"},\"thumbnailUrl\":\"https:\/\/tourtravelandmore.com\/wp-content\/uploads\/2018\/04\/Louvre2.jpg\",\"datePublished\":\"2018-04-18T09:16:09+00:00\",\"dateModified\":\"2024-08-06T14:22:38+00:00\",\"description\":\"Explorez le Louvre, le plus grand mus\u00e9e du monde, lors d'une visite priv\u00e9e avec un guide historien de l'art. Billets coupe-file inclus.\",\"breadcrumb\":{\"@id\":\"https:\/\/tourtravelandmore.com\/fr\/tours\/france-fr\/paris-fr\/best-sellers\/visite-privee-a-pied-de-3-heures-du-musee-du-louvre\/#breadcrumb\"},\"inLanguage\":\"fr-FR\",\"potentialAction\":[{\"@type\":\"ReadAction\",\"target\":[\"https:\/\/tourtravelandmore.com\/fr\/tours\/france-fr\/paris-fr\/best-sellers\/visite-privee-a-pied-de-3-heures-du-musee-du-louvre\/\"]}]},{\"@type\":\"ImageObject\",\"inLanguage\":\"fr-FR\",\"@id\":\"https:\/\/tourtravelandmore.com\/fr\/tours\/france-fr\/paris-fr\/best-sellers\/visite-privee-a-pied-de-3-heures-du-musee-du-louvre\/#primaryimage\",\"url\":\"https:\/\/tourtravelandmore.com\/wp-content\/uploads\/2018\/04\/Louvre2.jpg\",\"contentUrl\":\"https:\/\/tourtravelandmore.com\/wp-content\/uploads\/2018\/04\/Louvre2.jpg\",\"width\":1024,\"height\":693},{\"@type\":\"BreadcrumbList\",\"@id\":\"https:\/\/tourtravelandmore.com\/fr\/tours\/france-fr\/paris-fr\/best-sellers\/visite-privee-a-pied-de-3-heures-du-musee-du-louvre\/#breadcrumb\",\"itemListElement\":[{\"@type\":\"ListItem\",\"position\":1,\"name\":\"Home\",\"item\":\"https:\/\/tourtravelandmore.com\/fr\/\"},{\"@type\":\"ListItem\",\"position\":2,\"name\":\"Tours\",\"item\":\"https:\/\/tourtravelandmore.com\/fr\/tours\/\"},{\"@type\":\"ListItem\",\"position\":3,\"name\":\"Visite priv\u00e9e \u00e0 pied de 3 heures du mus\u00e9e du Louvre\"}]},{\"@type\":\"WebSite\",\"@id\":\"https:\/\/tourtravelandmore.com\/fr\/#website\",\"url\":\"https:\/\/tourtravelandmore.com\/fr\/\",\"name\":\"Tour Travel And More\",\"description\":\"Private sightseeing tours and luxury transfers in Spain\",\"publisher\":{\"@id\":\"https:\/\/tourtravelandmore.com\/fr\/#organization\"},\"potentialAction\":[{\"@type\":\"SearchAction\",\"target\":{\"@type\":\"EntryPoint\",\"urlTemplate\":\"https:\/\/tourtravelandmore.com\/fr\/?s={search_term_string}\"},\"query-input\":{\"@type\":\"PropertyValueSpecification\",\"valueRequired\":true,\"valueName\":\"search_term_string\"}}],\"inLanguage\":\"fr-FR\"},{\"@type\":\"Organization\",\"@id\":\"https:\/\/tourtravelandmore.com\/fr\/#organization\",\"name\":\"Tour Travel And More\",\"url\":\"https:\/\/tourtravelandmore.com\/fr\/\",\"logo\":{\"@type\":\"ImageObject\",\"inLanguage\":\"fr-FR\",\"@id\":\"https:\/\/tourtravelandmore.com\/fr\/#\/schema\/logo\/image\/\",\"url\":\"https:\/\/tourtravelandmore.com\/wp-content\/uploads\/2022\/12\/cropped-logo-cabecera-new.png\",\"contentUrl\":\"https:\/\/tourtravelandmore.com\/wp-content\/uploads\/2022\/12\/cropped-logo-cabecera-new.png\",\"width\":430,\"height\":61,\"caption\":\"Tour Travel And More\"},\"image\":{\"@id\":\"https:\/\/tourtravelandmore.com\/fr\/#\/schema\/logo\/image\/\"},\"sameAs\":[\"https:\/\/www.facebook.com\/tourtravelandmore\/\",\"https:\/\/x.com\/TourTravel_More\"]}]}<\/script>\n<!-- \/ Yoast SEO Premium plugin. -->","yoast_head_json":{"title":"Visite guid\u00e9e priv\u00e9e du mus\u00e9e du Louvre avec un guide sp\u00e9cialis\u00e9 en art","description":"Explorez le Louvre, le plus grand mus\u00e9e du monde, lors d'une visite priv\u00e9e avec un guide historien de l'art. Billets coupe-file inclus.","robots":{"index":"index","follow":"follow","max-snippet":"max-snippet:-1","max-image-preview":"max-image-preview:large","max-video-preview":"max-video-preview:-1"},"canonical":"https:\/\/tourtravelandmore.com\/fr\/tours\/france-fr\/paris-fr\/best-sellers\/visite-privee-a-pied-de-3-heures-du-musee-du-louvre\/","og_locale":"fr_FR","og_type":"article","og_title":"Visite priv\u00e9e \u00e0 pied de 3 heures du mus\u00e9e du Louvre","og_description":"Explorez le Louvre, le plus grand mus\u00e9e du monde, lors d'une visite priv\u00e9e avec un guide historien de l'art. Billets coupe-file inclus.","og_url":"https:\/\/tourtravelandmore.com\/fr\/tours\/france-fr\/paris-fr\/best-sellers\/visite-privee-a-pied-de-3-heures-du-musee-du-louvre\/","og_site_name":"Tour Travel And More","article_publisher":"https:\/\/www.facebook.com\/tourtravelandmore\/","article_modified_time":"2024-08-06T14:22:38+00:00","og_image":[{"width":1024,"height":693,"url":"https:\/\/tourtravelandmore.com\/wp-content\/uploads\/2018\/04\/Louvre2.jpg","type":"image\/jpeg"}],"twitter_card":"summary_large_image","twitter_site":"@TourTravel_More","twitter_misc":{"Dur\u00e9e de lecture estim\u00e9e":"2 minutes"},"schema":{"@context":"https:\/\/schema.org","@graph":[{"@type":"WebPage","@id":"https:\/\/tourtravelandmore.com\/fr\/tours\/france-fr\/paris-fr\/best-sellers\/visite-privee-a-pied-de-3-heures-du-musee-du-louvre\/","url":"https:\/\/tourtravelandmore.com\/fr\/tours\/france-fr\/paris-fr\/best-sellers\/visite-privee-a-pied-de-3-heures-du-musee-du-louvre\/","name":"Visite guid\u00e9e priv\u00e9e du mus\u00e9e du Louvre avec un guide sp\u00e9cialis\u00e9 en art","isPartOf":{"@id":"https:\/\/tourtravelandmore.com\/fr\/#website"},"primaryImageOfPage":{"@id":"https:\/\/tourtravelandmore.com\/fr\/tours\/france-fr\/paris-fr\/best-sellers\/visite-privee-a-pied-de-3-heures-du-musee-du-louvre\/#primaryimage"},"image":{"@id":"https:\/\/tourtravelandmore.com\/fr\/tours\/france-fr\/paris-fr\/best-sellers\/visite-privee-a-pied-de-3-heures-du-musee-du-louvre\/#primaryimage"},"thumbnailUrl":"https:\/\/tourtravelandmore.com\/wp-content\/uploads\/2018\/04\/Louvre2.jpg","datePublished":"2018-04-18T09:16:09+00:00","dateModified":"2024-08-06T14:22:38+00:00","description":"Explorez le Louvre, le plus grand mus\u00e9e du monde, lors d'une visite priv\u00e9e avec un guide historien de l'art. Billets coupe-file inclus.","breadcrumb":{"@id":"https:\/\/tourtravelandmore.com\/fr\/tours\/france-fr\/paris-fr\/best-sellers\/visite-privee-a-pied-de-3-heures-du-musee-du-louvre\/#breadcrumb"},"inLanguage":"fr-FR","potentialAction":[{"@type":"ReadAction","target":["https:\/\/tourtravelandmore.com\/fr\/tours\/france-fr\/paris-fr\/best-sellers\/visite-privee-a-pied-de-3-heures-du-musee-du-louvre\/"]}]},{"@type":"ImageObject","inLanguage":"fr-FR","@id":"https:\/\/tourtravelandmore.com\/fr\/tours\/france-fr\/paris-fr\/best-sellers\/visite-privee-a-pied-de-3-heures-du-musee-du-louvre\/#primaryimage","url":"https:\/\/tourtravelandmore.com\/wp-content\/uploads\/2018\/04\/Louvre2.jpg","contentUrl":"https:\/\/tourtravelandmore.com\/wp-content\/uploads\/2018\/04\/Louvre2.jpg","width":1024,"height":693},{"@type":"BreadcrumbList","@id":"https:\/\/tourtravelandmore.com\/fr\/tours\/france-fr\/paris-fr\/best-sellers\/visite-privee-a-pied-de-3-heures-du-musee-du-louvre\/#breadcrumb","itemListElement":[{"@type":"ListItem","position":1,"name":"Home","item":"https:\/\/tourtravelandmore.com\/fr\/"},{"@type":"ListItem","position":2,"name":"Tours","item":"https:\/\/tourtravelandmore.com\/fr\/tours\/"},{"@type":"ListItem","position":3,"name":"Visite priv\u00e9e \u00e0 pied de 3 heures du mus\u00e9e du Louvre"}]},{"@type":"WebSite","@id":"https:\/\/tourtravelandmore.com\/fr\/#website","url":"https:\/\/tourtravelandmore.com\/fr\/","name":"Tour Travel And More","description":"Private sightseeing tours and luxury transfers in Spain","publisher":{"@id":"https:\/\/tourtravelandmore.com\/fr\/#organization"},"potentialAction":[{"@type":"SearchAction","target":{"@type":"EntryPoint","urlTemplate":"https:\/\/tourtravelandmore.com\/fr\/?s={search_term_string}"},"query-input":{"@type":"PropertyValueSpecification","valueRequired":true,"valueName":"search_term_string"}}],"inLanguage":"fr-FR"},{"@type":"Organization","@id":"https:\/\/tourtravelandmore.com\/fr\/#organization","name":"Tour Travel And More","url":"https:\/\/tourtravelandmore.com\/fr\/","logo":{"@type":"ImageObject","inLanguage":"fr-FR","@id":"https:\/\/tourtravelandmore.com\/fr\/#\/schema\/logo\/image\/","url":"https:\/\/tourtravelandmore.com\/wp-content\/uploads\/2022\/12\/cropped-logo-cabecera-new.png","contentUrl":"https:\/\/tourtravelandmore.com\/wp-content\/uploads\/2022\/12\/cropped-logo-cabecera-new.png","width":430,"height":61,"caption":"Tour Travel And More"},"image":{"@id":"https:\/\/tourtravelandmore.com\/fr\/#\/schema\/logo\/image\/"},"sameAs":["https:\/\/www.facebook.com\/tourtravelandmore\/","https:\/\/x.com\/TourTravel_More"]}]}},"_links":{"self":[{"href":"https:\/\/tourtravelandmore.com\/fr\/wp-json\/wp\/v2\/product\/99850","targetHints":{"allow":["GET"]}}],"collection":[{"href":"https:\/\/tourtravelandmore.com\/fr\/wp-json\/wp\/v2\/product"}],"about":[{"href":"https:\/\/tourtravelandmore.com\/fr\/wp-json\/wp\/v2\/types\/product"}],"replies":[{"embeddable":true,"href":"https:\/\/tourtravelandmore.com\/fr\/wp-json\/wp\/v2\/comments?post=99850"}],"wp:featuredmedia":[{"embeddable":true,"href":"https:\/\/tourtravelandmore.com\/fr\/wp-json\/wp\/v2\/media\/97820"}],"wp:attachment":[{"href":"https:\/\/tourtravelandmore.com\/fr\/wp-json\/wp\/v2\/media?parent=99850"}],"wp:term":[{"taxonomy":"product_brand","embeddable":true,"href":"https:\/\/tourtravelandmore.com\/fr\/wp-json\/wp\/v2\/product_brand?post=99850"},{"taxonomy":"product_cat","embeddable":true,"href":"https:\/\/tourtravelandmore.com\/fr\/wp-json\/wp\/v2\/product_cat?post=99850"},{"taxonomy":"product_tag","embeddable":true,"href":"https:\/\/tourtravelandmore.com\/fr\/wp-json\/wp\/v2\/product_tag?post=99850"}],"curies":[{"name":"wp","href":"https:\/\/api.w.org\/{rel}","templated":true}]}}