{"id":99840,"date":"2018-04-13T17:21:08","date_gmt":"2018-04-13T15:21:08","guid":{"rendered":"https:\/\/tourtravelandmore.com\/tours\/non%20class\u00e9\/excursion-privee-dune-journee-a-versailles-et-giverny-au-depart-de-paris\/"},"modified":"2024-08-06T16:33:14","modified_gmt":"2024-08-06T14:33:14","slug":"excursion-privee-dune-journee-a-versailles-et-giverny-au-depart-de-paris","status":"publish","type":"product","link":"https:\/\/tourtravelandmore.com\/fr\/tours\/france-fr\/paris-fr\/all-private-tours-and-activities-fr-100\/excursion-privee-dune-journee-a-versailles-et-giverny-au-depart-de-paris\/","title":{"rendered":"Excursion priv\u00e9e d&#8217;une journ\u00e9e \u00e0 Versailles et Giverny au d\u00e9part de Paris"},"content":{"rendered":"<h2>Description<\/h2>\n<p>Le <strong>Ch\u00e2teau<\/strong> de <strong>Versailles<\/strong> est l&#8217;un des endroits les plus visit\u00e9s <strong>d&#8217;Europe.<\/strong> Ce beau palais fut la r\u00e9sidence royale de <strong>1682<\/strong> \u00e0 <strong>1789.<\/strong> Au cours du 19\u00e8me si\u00e8cle transform\u00e9 en mus\u00e9e, y compris les jardins et les palais de Trianon, qui s&#8217;\u00e9tendent sur plus de <strong>800 hectares.<\/strong> Visitez ce monument historique et Giverny, o\u00f9 vous pourrez visiter le jardin de Monet, avec notre visite priv\u00e9e de Giverny et Versailles.<\/p>\n<p>Tout d&#8217;abord, votre guide et chauffeur agr\u00e9\u00e9s viendront vous chercher \u00e0 l&#8217;endroit souhait\u00e9 \u00e0 <strong>Paris.<\/strong> Apr\u00e8s cela, votre exp\u00e9rience priv\u00e9e d&#8217;une journ\u00e9e compl\u00e8te commencera. Votre premier arr\u00eat sera Versailles. Le trajet de Paris \u00e0 Versailles prend environ 45 minutes. Une fois sur place, vous visiterez le palais et les jardins avec votre guide officiel priv\u00e9. Les billets coupe-file pour le <strong>Ch\u00e2teau<\/strong> de <strong>Versailles<\/strong> sont inclus dans le prix de la visite. Ensuite, vous vous rendrez \u00e0 <strong>Giverny,<\/strong> o\u00f9 se trouve le jardin de Monet. Vous visiterez la maison et le jardin botanique avec votre guide priv\u00e9.<\/p>\n<p>Nos circuits sont priv\u00e9s et personnalisables selon les d\u00e9sirs de nos clients. Contactez-nous pour une proposition sur mesure. L&#8217;un des membres de notre \u00e9quipe vous aidera \u00e0 organiser une exp\u00e9rience inoubliable.<\/p>\n<h2>Sites d&#8217;int\u00e9r\u00eat et monuments<\/h2>\n<p>Le ch\u00e2teau et le parc de Versailles, inscrit au patrimoine mondial de <strong>l&#8217;UNESCO,<\/strong> est l&#8217;un des endroits les plus visit\u00e9s de <strong>France.<\/strong> Son architecture \u00e9pouse le style des <strong>XVIIe<\/strong> et <strong>XVIIIe<\/strong> si\u00e8cles. Le parc est d\u00e9cor\u00e9 de statues, de fontaines, de parterres d&#8217;eau et d&#8217;\u00e9difices d&#8217;exception tels que le Grand Trianon et le Petit Trianon. Vous profiterez d&#8217;une visite guid\u00e9e priv\u00e9e du palais et des jardins avec votre guide officiel priv\u00e9. Nos guides sont experts en histoire, culture et art de la France.<\/p>\n<p>Certains des sites que vous visiterez \u00e0 <strong>Versailles<\/strong> sont:<\/p>\n<ul>\n<li><strong>Chapelle royale: joyau du palais et dernier grand projet de construction de Louis XIV.<\/strong><\/li>\n<li><strong>Kings Grand Apartment: Cet ensemble de 7 chambres est compos\u00e9 de boiseries en marbre et de plafonds peints. \u00c0 l&#8217;\u00e9poque, ils \u00e9taient utilis\u00e9s pour accueillir les actes officiels du souverain<\/strong><\/li>\n<li><strong>Galerie des Glaces (La Grande Galerie des Glaces): La salle la plus c\u00e9l\u00e8bre du palais, \u00e0 partir de l\u00e0, vous pourrez profiter d&#8217;une vue imprenable sur les jardins.<\/strong><\/li>\n<li><strong>Grand appartement de la reine: la s\u00e9rie de chambres de la reine a une superposition identique \u00e0 celle du roi. Son premier habitant \u00e9tait la reine Marie-Th\u00e9r\u00e8se, l\u2019\u00e9pouse de Louis XIV.<\/strong><\/li>\n<li><strong>Jardins de Versailles: Mieux admirables de la Galerie des Glaces, les merveilleux jardins de Versailles ont \u00e9t\u00e9 am\u00e9nag\u00e9s en 1661 lorsque Louis XVI confie \u00e0 Andr\u00e9 Le N\u00f4tre la cr\u00e9ation et la r\u00e9novation des jardins de Versailles.<\/strong><\/li>\n<\/ul>\n<p>Apr\u00e8s une longue et profonde visite du <strong>Ch\u00e2teau<\/strong> de <strong>Versailles,<\/strong> vous vous dirigerez vers <strong>Giverny.<\/strong> Bien s\u00fbr, sur le chemin, vous aurez du temps libre pour le d\u00e9jeuner (notre guide vous recommandera un bon endroit local! Ou nous pouvons \u00e9galement vous organiser quelque chose \u00e0 l&#8217;avance). <strong>Giverny<\/strong> est connu comme l&#8217;un des plus beaux villages de <strong>France<\/strong> et o\u00f9 <strong>Monet<\/strong> a \u00e9tabli sa maison. Il a con\u00e7u un beau jardin plein de couleurs, de fleurs et de design oriental. Il y a un jardin fleuri appel\u00e9 Clos Normand devant la <strong>maison<\/strong> et un jardin d&#8217;eau d&#8217;inspiration japonaise de l&#8217;autre c\u00f4t\u00e9 de la route. Vous visiterez la belle ville et le <strong>jardin<\/strong> de <strong>Monet<\/strong> avec votre guide priv\u00e9.<\/p>\n<p>Outre votre chauffeur et votre guide, cette visite priv\u00e9e comprend des billets coupe-file pour les palais et les jardins de Versailles et le jardin de Monet. \u00c0 la fin de votre visite, votre chauffeur et votre guide vous ram\u00e8neront \u00e0 votre h\u00f4tel ou lieu de votre choix \u00e0 Paris.<\/p>\n<p>Toutes les visites que nous proposons sont priv\u00e9es, donc uniquement pour vous. Contactez-nous pour plus d&#8217;informations. Apr\u00e8s cela, un expert en voyages de notre \u00e9quipe vous contactera et vous aidera \u00e0 organiser la meilleure exp\u00e9rience possible. L&#8217;heure de d\u00e9part, la dur\u00e9e et l&#8217;itin\u00e9raire sont totalement adaptables \u00e0 vos envies personnelles. N&#8217;oubliez pas que cette visite priv\u00e9e \u00e0 Versailles peut \u00e9galement \u00eatre organis\u00e9e avec une visite de la ville de Paris.<\/p>\n","protected":false},"excerpt":{"rendered":"<p>Visitez le magnifique ch\u00e2teau de Versailles et le jardin de Claude Monet \u00e0 Giverny avec votre guide priv\u00e9 lors d&#8217;une excursion d&#8217;une journ\u00e9e au d\u00e9part de Paris. Votre chauffeur priv\u00e9 viendra vous chercher \u00e0 l&#8217;endroit souhait\u00e9 \u00e0 Paris.<\/p>\n","protected":false},"featured_media":97909,"comment_status":"open","ping_status":"closed","template":"","meta":{"_acf_changed":false},"product_brand":[],"product_cat":[3542,4203,4204],"product_tag":[],"class_list":{"0":"post-99840","1":"product","2":"type-product","3":"status-publish","4":"has-post-thumbnail","6":"product_cat-paris-fr","7":"product_cat-all-private-tours-and-activities-fr-100","8":"product_cat-private-day-trips-fr-3","10":"first","11":"instock","12":"shipping-taxable","13":"purchasable","14":"product-type-simple"},"acf":[],"yoast_head":"<!-- This site is optimized with the Yoast SEO Premium plugin v25.3.1 (Yoast SEO v25.3.1) - https:\/\/yoast.com\/wordpress\/plugins\/seo\/ -->\n<title>Excursion priv\u00e9e d&#039;une journ\u00e9e \u00e0 Versailles et Giverny avec chauffeur et guide officiel<\/title>\n<meta name=\"description\" content=\"Visitez le magnifique ch\u00e2teau de Versailles et le jardin de Claude Monet \u00e0 Giverny avec votre guide priv\u00e9 lors d&#039;une excursion d&#039;une journ\u00e9e au d\u00e9part de Paris.\" \/>\n<meta name=\"robots\" content=\"index, follow, max-snippet:-1, max-image-preview:large, max-video-preview:-1\" \/>\n<link rel=\"canonical\" href=\"https:\/\/tourtravelandmore.com\/fr\/tours\/france-fr\/paris-fr\/all-private-tours-and-activities-fr-100\/excursion-privee-dune-journee-a-versailles-et-giverny-au-depart-de-paris\/\" \/>\n<meta property=\"og:locale\" content=\"fr_FR\" \/>\n<meta property=\"og:type\" content=\"article\" \/>\n<meta property=\"og:title\" content=\"Excursion priv\u00e9e d&#039;une journ\u00e9e \u00e0 Versailles et Giverny au d\u00e9part de Paris\" \/>\n<meta property=\"og:description\" content=\"Visitez le magnifique ch\u00e2teau de Versailles et le jardin de Claude Monet \u00e0 Giverny avec votre guide priv\u00e9 lors d&#039;une excursion d&#039;une journ\u00e9e au d\u00e9part de Paris.\" \/>\n<meta property=\"og:url\" content=\"https:\/\/tourtravelandmore.com\/fr\/tours\/france-fr\/paris-fr\/all-private-tours-and-activities-fr-100\/excursion-privee-dune-journee-a-versailles-et-giverny-au-depart-de-paris\/\" \/>\n<meta property=\"og:site_name\" content=\"Tour Travel And More\" \/>\n<meta property=\"article:publisher\" content=\"https:\/\/www.facebook.com\/tourtravelandmore\/\" \/>\n<meta property=\"article:modified_time\" content=\"2024-08-06T14:33:14+00:00\" \/>\n<meta property=\"og:image\" content=\"https:\/\/tourtravelandmore.com\/wp-content\/uploads\/2018\/04\/monet-door-min.jpg\" \/>\n\t<meta property=\"og:image:width\" content=\"1024\" \/>\n\t<meta property=\"og:image:height\" content=\"573\" \/>\n\t<meta property=\"og:image:type\" content=\"image\/jpeg\" \/>\n<meta name=\"twitter:card\" content=\"summary_large_image\" \/>\n<meta name=\"twitter:site\" content=\"@TourTravel_More\" \/>\n<meta name=\"twitter:label1\" content=\"Dur\u00e9e de lecture estim\u00e9e\" \/>\n\t<meta name=\"twitter:data1\" content=\"4 minutes\" \/>\n<script type=\"application\/ld+json\" class=\"yoast-schema-graph\">{\"@context\":\"https:\/\/schema.org\",\"@graph\":[{\"@type\":\"WebPage\",\"@id\":\"https:\/\/tourtravelandmore.com\/fr\/tours\/france-fr\/paris-fr\/all-private-tours-and-activities-fr-100\/excursion-privee-dune-journee-a-versailles-et-giverny-au-depart-de-paris\/\",\"url\":\"https:\/\/tourtravelandmore.com\/fr\/tours\/france-fr\/paris-fr\/all-private-tours-and-activities-fr-100\/excursion-privee-dune-journee-a-versailles-et-giverny-au-depart-de-paris\/\",\"name\":\"Excursion priv\u00e9e d'une journ\u00e9e \u00e0 Versailles et Giverny avec chauffeur et guide officiel\",\"isPartOf\":{\"@id\":\"https:\/\/tourtravelandmore.com\/fr\/#website\"},\"primaryImageOfPage\":{\"@id\":\"https:\/\/tourtravelandmore.com\/fr\/tours\/france-fr\/paris-fr\/all-private-tours-and-activities-fr-100\/excursion-privee-dune-journee-a-versailles-et-giverny-au-depart-de-paris\/#primaryimage\"},\"image\":{\"@id\":\"https:\/\/tourtravelandmore.com\/fr\/tours\/france-fr\/paris-fr\/all-private-tours-and-activities-fr-100\/excursion-privee-dune-journee-a-versailles-et-giverny-au-depart-de-paris\/#primaryimage\"},\"thumbnailUrl\":\"https:\/\/tourtravelandmore.com\/wp-content\/uploads\/2018\/04\/monet-door-min.jpg\",\"datePublished\":\"2018-04-13T15:21:08+00:00\",\"dateModified\":\"2024-08-06T14:33:14+00:00\",\"description\":\"Visitez le magnifique ch\u00e2teau de Versailles et le jardin de Claude Monet \u00e0 Giverny avec votre guide priv\u00e9 lors d'une excursion d'une journ\u00e9e au d\u00e9part de Paris.\",\"breadcrumb\":{\"@id\":\"https:\/\/tourtravelandmore.com\/fr\/tours\/france-fr\/paris-fr\/all-private-tours-and-activities-fr-100\/excursion-privee-dune-journee-a-versailles-et-giverny-au-depart-de-paris\/#breadcrumb\"},\"inLanguage\":\"fr-FR\",\"potentialAction\":[{\"@type\":\"ReadAction\",\"target\":[\"https:\/\/tourtravelandmore.com\/fr\/tours\/france-fr\/paris-fr\/all-private-tours-and-activities-fr-100\/excursion-privee-dune-journee-a-versailles-et-giverny-au-depart-de-paris\/\"]}]},{\"@type\":\"ImageObject\",\"inLanguage\":\"fr-FR\",\"@id\":\"https:\/\/tourtravelandmore.com\/fr\/tours\/france-fr\/paris-fr\/all-private-tours-and-activities-fr-100\/excursion-privee-dune-journee-a-versailles-et-giverny-au-depart-de-paris\/#primaryimage\",\"url\":\"https:\/\/tourtravelandmore.com\/wp-content\/uploads\/2018\/04\/monet-door-min.jpg\",\"contentUrl\":\"https:\/\/tourtravelandmore.com\/wp-content\/uploads\/2018\/04\/monet-door-min.jpg\",\"width\":1024,\"height\":573},{\"@type\":\"BreadcrumbList\",\"@id\":\"https:\/\/tourtravelandmore.com\/fr\/tours\/france-fr\/paris-fr\/all-private-tours-and-activities-fr-100\/excursion-privee-dune-journee-a-versailles-et-giverny-au-depart-de-paris\/#breadcrumb\",\"itemListElement\":[{\"@type\":\"ListItem\",\"position\":1,\"name\":\"Home\",\"item\":\"https:\/\/tourtravelandmore.com\/fr\/\"},{\"@type\":\"ListItem\",\"position\":2,\"name\":\"Tours\",\"item\":\"https:\/\/tourtravelandmore.com\/fr\/tours\/\"},{\"@type\":\"ListItem\",\"position\":3,\"name\":\"Excursion priv\u00e9e d&#8217;une journ\u00e9e \u00e0 Versailles et Giverny au d\u00e9part de Paris\"}]},{\"@type\":\"WebSite\",\"@id\":\"https:\/\/tourtravelandmore.com\/fr\/#website\",\"url\":\"https:\/\/tourtravelandmore.com\/fr\/\",\"name\":\"Tour Travel And More\",\"description\":\"Private sightseeing tours and luxury transfers in Spain\",\"publisher\":{\"@id\":\"https:\/\/tourtravelandmore.com\/fr\/#organization\"},\"potentialAction\":[{\"@type\":\"SearchAction\",\"target\":{\"@type\":\"EntryPoint\",\"urlTemplate\":\"https:\/\/tourtravelandmore.com\/fr\/?s={search_term_string}\"},\"query-input\":{\"@type\":\"PropertyValueSpecification\",\"valueRequired\":true,\"valueName\":\"search_term_string\"}}],\"inLanguage\":\"fr-FR\"},{\"@type\":\"Organization\",\"@id\":\"https:\/\/tourtravelandmore.com\/fr\/#organization\",\"name\":\"Tour Travel And More\",\"url\":\"https:\/\/tourtravelandmore.com\/fr\/\",\"logo\":{\"@type\":\"ImageObject\",\"inLanguage\":\"fr-FR\",\"@id\":\"https:\/\/tourtravelandmore.com\/fr\/#\/schema\/logo\/image\/\",\"url\":\"https:\/\/tourtravelandmore.com\/wp-content\/uploads\/2022\/12\/cropped-logo-cabecera-new.png\",\"contentUrl\":\"https:\/\/tourtravelandmore.com\/wp-content\/uploads\/2022\/12\/cropped-logo-cabecera-new.png\",\"width\":430,\"height\":61,\"caption\":\"Tour Travel And More\"},\"image\":{\"@id\":\"https:\/\/tourtravelandmore.com\/fr\/#\/schema\/logo\/image\/\"},\"sameAs\":[\"https:\/\/www.facebook.com\/tourtravelandmore\/\",\"https:\/\/x.com\/TourTravel_More\"]}]}<\/script>\n<!-- \/ Yoast SEO Premium plugin. -->","yoast_head_json":{"title":"Excursion priv\u00e9e d'une journ\u00e9e \u00e0 Versailles et Giverny avec chauffeur et guide officiel","description":"Visitez le magnifique ch\u00e2teau de Versailles et le jardin de Claude Monet \u00e0 Giverny avec votre guide priv\u00e9 lors d'une excursion d'une journ\u00e9e au d\u00e9part de Paris.","robots":{"index":"index","follow":"follow","max-snippet":"max-snippet:-1","max-image-preview":"max-image-preview:large","max-video-preview":"max-video-preview:-1"},"canonical":"https:\/\/tourtravelandmore.com\/fr\/tours\/france-fr\/paris-fr\/all-private-tours-and-activities-fr-100\/excursion-privee-dune-journee-a-versailles-et-giverny-au-depart-de-paris\/","og_locale":"fr_FR","og_type":"article","og_title":"Excursion priv\u00e9e d'une journ\u00e9e \u00e0 Versailles et Giverny au d\u00e9part de Paris","og_description":"Visitez le magnifique ch\u00e2teau de Versailles et le jardin de Claude Monet \u00e0 Giverny avec votre guide priv\u00e9 lors d'une excursion d'une journ\u00e9e au d\u00e9part de Paris.","og_url":"https:\/\/tourtravelandmore.com\/fr\/tours\/france-fr\/paris-fr\/all-private-tours-and-activities-fr-100\/excursion-privee-dune-journee-a-versailles-et-giverny-au-depart-de-paris\/","og_site_name":"Tour Travel And More","article_publisher":"https:\/\/www.facebook.com\/tourtravelandmore\/","article_modified_time":"2024-08-06T14:33:14+00:00","og_image":[{"width":1024,"height":573,"url":"https:\/\/tourtravelandmore.com\/wp-content\/uploads\/2018\/04\/monet-door-min.jpg","type":"image\/jpeg"}],"twitter_card":"summary_large_image","twitter_site":"@TourTravel_More","twitter_misc":{"Dur\u00e9e de lecture estim\u00e9e":"4 minutes"},"schema":{"@context":"https:\/\/schema.org","@graph":[{"@type":"WebPage","@id":"https:\/\/tourtravelandmore.com\/fr\/tours\/france-fr\/paris-fr\/all-private-tours-and-activities-fr-100\/excursion-privee-dune-journee-a-versailles-et-giverny-au-depart-de-paris\/","url":"https:\/\/tourtravelandmore.com\/fr\/tours\/france-fr\/paris-fr\/all-private-tours-and-activities-fr-100\/excursion-privee-dune-journee-a-versailles-et-giverny-au-depart-de-paris\/","name":"Excursion priv\u00e9e d'une journ\u00e9e \u00e0 Versailles et Giverny avec chauffeur et guide officiel","isPartOf":{"@id":"https:\/\/tourtravelandmore.com\/fr\/#website"},"primaryImageOfPage":{"@id":"https:\/\/tourtravelandmore.com\/fr\/tours\/france-fr\/paris-fr\/all-private-tours-and-activities-fr-100\/excursion-privee-dune-journee-a-versailles-et-giverny-au-depart-de-paris\/#primaryimage"},"image":{"@id":"https:\/\/tourtravelandmore.com\/fr\/tours\/france-fr\/paris-fr\/all-private-tours-and-activities-fr-100\/excursion-privee-dune-journee-a-versailles-et-giverny-au-depart-de-paris\/#primaryimage"},"thumbnailUrl":"https:\/\/tourtravelandmore.com\/wp-content\/uploads\/2018\/04\/monet-door-min.jpg","datePublished":"2018-04-13T15:21:08+00:00","dateModified":"2024-08-06T14:33:14+00:00","description":"Visitez le magnifique ch\u00e2teau de Versailles et le jardin de Claude Monet \u00e0 Giverny avec votre guide priv\u00e9 lors d'une excursion d'une journ\u00e9e au d\u00e9part de Paris.","breadcrumb":{"@id":"https:\/\/tourtravelandmore.com\/fr\/tours\/france-fr\/paris-fr\/all-private-tours-and-activities-fr-100\/excursion-privee-dune-journee-a-versailles-et-giverny-au-depart-de-paris\/#breadcrumb"},"inLanguage":"fr-FR","potentialAction":[{"@type":"ReadAction","target":["https:\/\/tourtravelandmore.com\/fr\/tours\/france-fr\/paris-fr\/all-private-tours-and-activities-fr-100\/excursion-privee-dune-journee-a-versailles-et-giverny-au-depart-de-paris\/"]}]},{"@type":"ImageObject","inLanguage":"fr-FR","@id":"https:\/\/tourtravelandmore.com\/fr\/tours\/france-fr\/paris-fr\/all-private-tours-and-activities-fr-100\/excursion-privee-dune-journee-a-versailles-et-giverny-au-depart-de-paris\/#primaryimage","url":"https:\/\/tourtravelandmore.com\/wp-content\/uploads\/2018\/04\/monet-door-min.jpg","contentUrl":"https:\/\/tourtravelandmore.com\/wp-content\/uploads\/2018\/04\/monet-door-min.jpg","width":1024,"height":573},{"@type":"BreadcrumbList","@id":"https:\/\/tourtravelandmore.com\/fr\/tours\/france-fr\/paris-fr\/all-private-tours-and-activities-fr-100\/excursion-privee-dune-journee-a-versailles-et-giverny-au-depart-de-paris\/#breadcrumb","itemListElement":[{"@type":"ListItem","position":1,"name":"Home","item":"https:\/\/tourtravelandmore.com\/fr\/"},{"@type":"ListItem","position":2,"name":"Tours","item":"https:\/\/tourtravelandmore.com\/fr\/tours\/"},{"@type":"ListItem","position":3,"name":"Excursion priv\u00e9e d&#8217;une journ\u00e9e \u00e0 Versailles et Giverny au d\u00e9part de Paris"}]},{"@type":"WebSite","@id":"https:\/\/tourtravelandmore.com\/fr\/#website","url":"https:\/\/tourtravelandmore.com\/fr\/","name":"Tour Travel And More","description":"Private sightseeing tours and luxury transfers in Spain","publisher":{"@id":"https:\/\/tourtravelandmore.com\/fr\/#organization"},"potentialAction":[{"@type":"SearchAction","target":{"@type":"EntryPoint","urlTemplate":"https:\/\/tourtravelandmore.com\/fr\/?s={search_term_string}"},"query-input":{"@type":"PropertyValueSpecification","valueRequired":true,"valueName":"search_term_string"}}],"inLanguage":"fr-FR"},{"@type":"Organization","@id":"https:\/\/tourtravelandmore.com\/fr\/#organization","name":"Tour Travel And More","url":"https:\/\/tourtravelandmore.com\/fr\/","logo":{"@type":"ImageObject","inLanguage":"fr-FR","@id":"https:\/\/tourtravelandmore.com\/fr\/#\/schema\/logo\/image\/","url":"https:\/\/tourtravelandmore.com\/wp-content\/uploads\/2022\/12\/cropped-logo-cabecera-new.png","contentUrl":"https:\/\/tourtravelandmore.com\/wp-content\/uploads\/2022\/12\/cropped-logo-cabecera-new.png","width":430,"height":61,"caption":"Tour Travel And More"},"image":{"@id":"https:\/\/tourtravelandmore.com\/fr\/#\/schema\/logo\/image\/"},"sameAs":["https:\/\/www.facebook.com\/tourtravelandmore\/","https:\/\/x.com\/TourTravel_More"]}]}},"_links":{"self":[{"href":"https:\/\/tourtravelandmore.com\/fr\/wp-json\/wp\/v2\/product\/99840","targetHints":{"allow":["GET"]}}],"collection":[{"href":"https:\/\/tourtravelandmore.com\/fr\/wp-json\/wp\/v2\/product"}],"about":[{"href":"https:\/\/tourtravelandmore.com\/fr\/wp-json\/wp\/v2\/types\/product"}],"replies":[{"embeddable":true,"href":"https:\/\/tourtravelandmore.com\/fr\/wp-json\/wp\/v2\/comments?post=99840"}],"wp:featuredmedia":[{"embeddable":true,"href":"https:\/\/tourtravelandmore.com\/fr\/wp-json\/wp\/v2\/media\/97909"}],"wp:attachment":[{"href":"https:\/\/tourtravelandmore.com\/fr\/wp-json\/wp\/v2\/media?parent=99840"}],"wp:term":[{"taxonomy":"product_brand","embeddable":true,"href":"https:\/\/tourtravelandmore.com\/fr\/wp-json\/wp\/v2\/product_brand?post=99840"},{"taxonomy":"product_cat","embeddable":true,"href":"https:\/\/tourtravelandmore.com\/fr\/wp-json\/wp\/v2\/product_cat?post=99840"},{"taxonomy":"product_tag","embeddable":true,"href":"https:\/\/tourtravelandmore.com\/fr\/wp-json\/wp\/v2\/product_tag?post=99840"}],"curies":[{"name":"wp","href":"https:\/\/api.w.org\/{rel}","templated":true}]}}