{"id":99790,"date":"2020-01-24T16:05:08","date_gmt":"2020-01-24T15:05:08","guid":{"rendered":"https:\/\/tourtravelandmore.com\/tours\/non class\u00e9\/visite-privee-de-saint-jacques-de-compostelle-au-depart-de-vigo\/"},"modified":"2020-01-24T16:05:08","modified_gmt":"2020-01-24T15:05:08","slug":"visite-privee-de-saint-jacques-de-compostelle-au-depart-de-vigo","status":"publish","type":"product","link":"https:\/\/tourtravelandmore.com\/fr\/tours\/espagne-fr\/vigo-fr\/visite-privee-de-saint-jacques-de-compostelle-au-depart-de-vigo\/","title":{"rendered":"Visite priv\u00e9e de Saint-Jacques-de-Compostelle au d\u00e9part de Vigo"},"content":{"rendered":"<h2>Description<\/h2>\n<p>Partir en vacances \u00e0 Vigo et ne pas prendre le temps de conna\u00eetre Saint-Jacques-de-Compostelle peut \u00eatre l&#8217;une des erreurs que vous pourriez regretter pour le reste de votre vie ou du moins jusqu&#8217;\u00e0 votre retour en Galice. Faites notre visite priv\u00e9e de Saint-Jacques-de-Compostelle par Vigo.<\/p>\n<p>Laissez-nous vous emmener dans cette visite priv\u00e9e de Saint-Jacques-de-Compostelle par Vigo pour d\u00e9couvrir la belle Saint-Jacques-de-Compostelle.<\/p>\n<p>Nous commencerons par une prise en charge confortable depuis votre h\u00f4tel ou lieu de votre choix \u00e0 Vigo. Nous nous dirigerons ensuite vers Saint Jacques de Compostelle.<\/p>\n<p>vous montrer tous les charmes de la ville chr\u00e9tienne la plus importante d&#8217;Espagne et la fin de la troisi\u00e8me route de p\u00e8lerinage la plus importante au monde.<\/p>\n<h2>Sites d&#8217;int\u00e9r\u00eat et monuments<\/h2>\n<p>Cette visite priv\u00e9e de Saint-Jacques-de-Compostelle par Vigo commencera au point de rendez-vous que vous conviendrez avec nous. Cela peut \u00eatre votre h\u00f4tel \u00e0 Vigo, votre lieu de r\u00e9sidence ou encore votre lieu de petit-d\u00e9jeuner pr\u00e9f\u00e9r\u00e9. Nous viendrons vous chercher dans la voiture de luxe affect\u00e9e \u00e0 votre visite. \u00c0 bord, vous rencontrerez votre guide, qui aura pr\u00e9vu un itin\u00e9raire complet avec des modifications possibles en fonction de vos go\u00fbts et pr\u00e9f\u00e9rences.<\/p>\n<p>Nous nous dirigerons imm\u00e9diatement vers la ville de Saint-Jacques-de-Compostelle. La capitale de la Galice et abrite les restes de l&#8217;ap\u00f4tre Santiago, l&#8217;un des 12 ap\u00f4tres du Christ. Pendant que nous arrivons \u00e0 destination, votre guide vous racontera l&#8217;histoire de ce c\u00e9l\u00e8bre itin\u00e9raire de p\u00e8lerinage. Il vous dira qui \u00e9tait Santiago et, bien s\u00fbr, il soulignera l&#8217;importance que ce saint a pour les Galiciens.<\/p>\n<p>Le premier arr\u00eat obligatoire en arrivant dans la ville sera la cath\u00e9drale de Saint-Jacques-de-Compostelle. Le lieu de repos de l&#8217;ap\u00f4tre. L&#8217;axe central de tout le chemin mythique de la reconnexion avec le spirituel et principalement avec Dieu. Au moins pour les millions de chr\u00e9tiens pieux qui ont parcouru certains des chemins de p\u00e8lerinage.<br \/>\nNous allons continuer&#8230;<\/p>\n<p>Vous aurez \u00e9galement la chance de vous \u00e9merveiller devant les places qui entourent cet \u00e9difice religieux. Chacun d&#8217;eux a alors l&#8217;une des entr\u00e9es \u00e0 l&#8217;int\u00e9rieur de la cath\u00e9drale. Ce sont aussi de magnifiques pi\u00e8ces architecturales de plus de 200 ans. On parle des places Obradoiro, Plater\u00edas, Quintana et Azabacher\u00eda, toutes avec une finition de style baroque digne d&#8217;\u00eatre admir\u00e9e.<\/p>\n<p>Une fois que nous avons travers\u00e9 les places et d\u00e9cid\u00e9 du portail pour entrer \u00e0 l&#8217;int\u00e9rieur de l&#8217;\u00e9glise, nous nous laisserons envelopper par son beau style roman. Datant de plus de 800 ans et notre souffle sera coup\u00e9 avec l&#8217;imposant de son ma\u00eetre-autel.<\/p>\n<p>Apr\u00e8s avoir quitt\u00e9 la cath\u00e9drale, nous nous dirigerons vers l&#8217;une des deux r\u00faas les plus importantes du chemin de p\u00e8lerinage de Santiago. Nous visiterons d&#8217;abord la R\u00faa Franco o\u00f9 se trouve la c\u00e9l\u00e8bre universit\u00e9 de Santiago. Elle a \u00e9t\u00e9 fond\u00e9e en 1495, c&#8217;est aussi la rue des meilleurs bars \u00e0 tapas et \u00e0 vin de la ville. Ensuite, nous irons \u00e0 la R\u00faa del Vilar. C&#8217;est ici que se trouvent toutes les boutiques de souvenirs de Saint-Jacques-de-Compostelle.<\/p>\n<p>Le ventre plein et le c\u0153ur heureux, nous allons red\u00e9marrer le moteur de notre v\u00e9hicule de luxe et dire au revoir \u00e0 la belle ville de Santiago. Nous retournerons confortablement \u00e0 notre bien-aim\u00e9e Vigo.<\/p>\n<p>D\u00e9couvrez les autres circuits priv\u00e9s que nous proposons \u00e0 Vigo.<\/p>\n","protected":false},"excerpt":{"rendered":"<p>Visite priv\u00e9e de Saint-Jacques-de-Compostelle au d\u00e9part de Vigo. D\u00e9couvrez cette magnifique r\u00e9gion de Galice avec votre guide et chauffeur priv\u00e9 officiel. Guide touristique officiel priv\u00e9 \u00e0 Saint-Jacques-de-Compostelle pendant 3 heures. V\u00e9hicule de luxe avec chauffeur s\u00e9par\u00e9.<\/p>\n","protected":false},"featured_media":97137,"comment_status":"open","ping_status":"closed","template":"","meta":{"_acf_changed":false},"product_brand":[],"product_cat":[3591],"product_tag":[],"class_list":{"0":"post-99790","1":"product","2":"type-product","3":"status-publish","4":"has-post-thumbnail","6":"product_cat-vigo-fr","8":"first","9":"instock","10":"shipping-taxable","11":"purchasable","12":"product-type-simple"},"acf":[],"yoast_head":"<!-- This site is optimized with the Yoast SEO Premium plugin v25.3.1 (Yoast SEO v25.3.1) - https:\/\/yoast.com\/wordpress\/plugins\/seo\/ -->\n<title>Visite priv\u00e9e de Saint-Jacques-de-Compostelle au d\u00e9part de Vigo - Visite priv\u00e9e<\/title>\n<meta name=\"description\" content=\"Visite priv\u00e9e de Saint-Jacques-de-Compostelle au d\u00e9part de Vigo. D\u00e9couvrez cette magnifique r\u00e9gion de Galice avec votre guide et chauffeur priv\u00e9 officiel.\" \/>\n<meta name=\"robots\" content=\"index, follow, max-snippet:-1, max-image-preview:large, max-video-preview:-1\" \/>\n<link rel=\"canonical\" href=\"https:\/\/tourtravelandmore.com\/fr\/tours\/espagne-fr\/vigo-fr\/visite-privee-de-saint-jacques-de-compostelle-au-depart-de-vigo\/\" \/>\n<meta property=\"og:locale\" content=\"fr_FR\" \/>\n<meta property=\"og:type\" content=\"article\" \/>\n<meta property=\"og:title\" content=\"Visite priv\u00e9e de Saint-Jacques-de-Compostelle au d\u00e9part de Vigo\" \/>\n<meta property=\"og:description\" content=\"Visite priv\u00e9e de Saint-Jacques-de-Compostelle au d\u00e9part de Vigo. D\u00e9couvrez cette magnifique r\u00e9gion de Galice avec votre guide et chauffeur priv\u00e9 officiel.\" \/>\n<meta property=\"og:url\" content=\"https:\/\/tourtravelandmore.com\/fr\/tours\/espagne-fr\/vigo-fr\/visite-privee-de-saint-jacques-de-compostelle-au-depart-de-vigo\/\" \/>\n<meta property=\"og:site_name\" content=\"Tour Travel And More\" \/>\n<meta property=\"article:publisher\" content=\"https:\/\/www.facebook.com\/tourtravelandmore\/\" \/>\n<meta property=\"og:image\" content=\"https:\/\/tourtravelandmore.com\/wp-content\/uploads\/2020\/01\/santiago-1.3.jpg\" \/>\n\t<meta property=\"og:image:width\" content=\"1280\" \/>\n\t<meta property=\"og:image:height\" content=\"802\" \/>\n\t<meta property=\"og:image:type\" content=\"image\/jpeg\" \/>\n<meta name=\"twitter:card\" content=\"summary_large_image\" \/>\n<meta name=\"twitter:site\" content=\"@TourTravel_More\" \/>\n<meta name=\"twitter:label1\" content=\"Dur\u00e9e de lecture estim\u00e9e\" \/>\n\t<meta name=\"twitter:data1\" content=\"3 minutes\" \/>\n<script type=\"application\/ld+json\" class=\"yoast-schema-graph\">{\"@context\":\"https:\/\/schema.org\",\"@graph\":[{\"@type\":\"WebPage\",\"@id\":\"https:\/\/tourtravelandmore.com\/fr\/tours\/espagne-fr\/vigo-fr\/visite-privee-de-saint-jacques-de-compostelle-au-depart-de-vigo\/\",\"url\":\"https:\/\/tourtravelandmore.com\/fr\/tours\/espagne-fr\/vigo-fr\/visite-privee-de-saint-jacques-de-compostelle-au-depart-de-vigo\/\",\"name\":\"Visite priv\u00e9e de Saint-Jacques-de-Compostelle au d\u00e9part de Vigo - Visite priv\u00e9e\",\"isPartOf\":{\"@id\":\"https:\/\/tourtravelandmore.com\/fr\/#website\"},\"primaryImageOfPage\":{\"@id\":\"https:\/\/tourtravelandmore.com\/fr\/tours\/espagne-fr\/vigo-fr\/visite-privee-de-saint-jacques-de-compostelle-au-depart-de-vigo\/#primaryimage\"},\"image\":{\"@id\":\"https:\/\/tourtravelandmore.com\/fr\/tours\/espagne-fr\/vigo-fr\/visite-privee-de-saint-jacques-de-compostelle-au-depart-de-vigo\/#primaryimage\"},\"thumbnailUrl\":\"https:\/\/tourtravelandmore.com\/wp-content\/uploads\/2020\/01\/santiago-1.3.jpg\",\"datePublished\":\"2020-01-24T15:05:08+00:00\",\"description\":\"Visite priv\u00e9e de Saint-Jacques-de-Compostelle au d\u00e9part de Vigo. D\u00e9couvrez cette magnifique r\u00e9gion de Galice avec votre guide et chauffeur priv\u00e9 officiel.\",\"breadcrumb\":{\"@id\":\"https:\/\/tourtravelandmore.com\/fr\/tours\/espagne-fr\/vigo-fr\/visite-privee-de-saint-jacques-de-compostelle-au-depart-de-vigo\/#breadcrumb\"},\"inLanguage\":\"fr-FR\",\"potentialAction\":[{\"@type\":\"ReadAction\",\"target\":[\"https:\/\/tourtravelandmore.com\/fr\/tours\/espagne-fr\/vigo-fr\/visite-privee-de-saint-jacques-de-compostelle-au-depart-de-vigo\/\"]}]},{\"@type\":\"ImageObject\",\"inLanguage\":\"fr-FR\",\"@id\":\"https:\/\/tourtravelandmore.com\/fr\/tours\/espagne-fr\/vigo-fr\/visite-privee-de-saint-jacques-de-compostelle-au-depart-de-vigo\/#primaryimage\",\"url\":\"https:\/\/tourtravelandmore.com\/wp-content\/uploads\/2020\/01\/santiago-1.3.jpg\",\"contentUrl\":\"https:\/\/tourtravelandmore.com\/wp-content\/uploads\/2020\/01\/santiago-1.3.jpg\",\"width\":1280,\"height\":802},{\"@type\":\"BreadcrumbList\",\"@id\":\"https:\/\/tourtravelandmore.com\/fr\/tours\/espagne-fr\/vigo-fr\/visite-privee-de-saint-jacques-de-compostelle-au-depart-de-vigo\/#breadcrumb\",\"itemListElement\":[{\"@type\":\"ListItem\",\"position\":1,\"name\":\"Home\",\"item\":\"https:\/\/tourtravelandmore.com\/fr\/\"},{\"@type\":\"ListItem\",\"position\":2,\"name\":\"Tours\",\"item\":\"https:\/\/tourtravelandmore.com\/fr\/tours\/\"},{\"@type\":\"ListItem\",\"position\":3,\"name\":\"Visite priv\u00e9e de Saint-Jacques-de-Compostelle au d\u00e9part de Vigo\"}]},{\"@type\":\"WebSite\",\"@id\":\"https:\/\/tourtravelandmore.com\/fr\/#website\",\"url\":\"https:\/\/tourtravelandmore.com\/fr\/\",\"name\":\"Tour Travel And More\",\"description\":\"Private sightseeing tours and luxury transfers in Spain\",\"publisher\":{\"@id\":\"https:\/\/tourtravelandmore.com\/fr\/#organization\"},\"potentialAction\":[{\"@type\":\"SearchAction\",\"target\":{\"@type\":\"EntryPoint\",\"urlTemplate\":\"https:\/\/tourtravelandmore.com\/fr\/?s={search_term_string}\"},\"query-input\":{\"@type\":\"PropertyValueSpecification\",\"valueRequired\":true,\"valueName\":\"search_term_string\"}}],\"inLanguage\":\"fr-FR\"},{\"@type\":\"Organization\",\"@id\":\"https:\/\/tourtravelandmore.com\/fr\/#organization\",\"name\":\"Tour Travel And More\",\"url\":\"https:\/\/tourtravelandmore.com\/fr\/\",\"logo\":{\"@type\":\"ImageObject\",\"inLanguage\":\"fr-FR\",\"@id\":\"https:\/\/tourtravelandmore.com\/fr\/#\/schema\/logo\/image\/\",\"url\":\"https:\/\/tourtravelandmore.com\/wp-content\/uploads\/2022\/12\/cropped-logo-cabecera-new.png\",\"contentUrl\":\"https:\/\/tourtravelandmore.com\/wp-content\/uploads\/2022\/12\/cropped-logo-cabecera-new.png\",\"width\":430,\"height\":61,\"caption\":\"Tour Travel And More\"},\"image\":{\"@id\":\"https:\/\/tourtravelandmore.com\/fr\/#\/schema\/logo\/image\/\"},\"sameAs\":[\"https:\/\/www.facebook.com\/tourtravelandmore\/\",\"https:\/\/x.com\/TourTravel_More\"]}]}<\/script>\n<!-- \/ Yoast SEO Premium plugin. -->","yoast_head_json":{"title":"Visite priv\u00e9e de Saint-Jacques-de-Compostelle au d\u00e9part de Vigo - Visite priv\u00e9e","description":"Visite priv\u00e9e de Saint-Jacques-de-Compostelle au d\u00e9part de Vigo. D\u00e9couvrez cette magnifique r\u00e9gion de Galice avec votre guide et chauffeur priv\u00e9 officiel.","robots":{"index":"index","follow":"follow","max-snippet":"max-snippet:-1","max-image-preview":"max-image-preview:large","max-video-preview":"max-video-preview:-1"},"canonical":"https:\/\/tourtravelandmore.com\/fr\/tours\/espagne-fr\/vigo-fr\/visite-privee-de-saint-jacques-de-compostelle-au-depart-de-vigo\/","og_locale":"fr_FR","og_type":"article","og_title":"Visite priv\u00e9e de Saint-Jacques-de-Compostelle au d\u00e9part de Vigo","og_description":"Visite priv\u00e9e de Saint-Jacques-de-Compostelle au d\u00e9part de Vigo. D\u00e9couvrez cette magnifique r\u00e9gion de Galice avec votre guide et chauffeur priv\u00e9 officiel.","og_url":"https:\/\/tourtravelandmore.com\/fr\/tours\/espagne-fr\/vigo-fr\/visite-privee-de-saint-jacques-de-compostelle-au-depart-de-vigo\/","og_site_name":"Tour Travel And More","article_publisher":"https:\/\/www.facebook.com\/tourtravelandmore\/","og_image":[{"width":1280,"height":802,"url":"https:\/\/tourtravelandmore.com\/wp-content\/uploads\/2020\/01\/santiago-1.3.jpg","type":"image\/jpeg"}],"twitter_card":"summary_large_image","twitter_site":"@TourTravel_More","twitter_misc":{"Dur\u00e9e de lecture estim\u00e9e":"3 minutes"},"schema":{"@context":"https:\/\/schema.org","@graph":[{"@type":"WebPage","@id":"https:\/\/tourtravelandmore.com\/fr\/tours\/espagne-fr\/vigo-fr\/visite-privee-de-saint-jacques-de-compostelle-au-depart-de-vigo\/","url":"https:\/\/tourtravelandmore.com\/fr\/tours\/espagne-fr\/vigo-fr\/visite-privee-de-saint-jacques-de-compostelle-au-depart-de-vigo\/","name":"Visite priv\u00e9e de Saint-Jacques-de-Compostelle au d\u00e9part de Vigo - Visite priv\u00e9e","isPartOf":{"@id":"https:\/\/tourtravelandmore.com\/fr\/#website"},"primaryImageOfPage":{"@id":"https:\/\/tourtravelandmore.com\/fr\/tours\/espagne-fr\/vigo-fr\/visite-privee-de-saint-jacques-de-compostelle-au-depart-de-vigo\/#primaryimage"},"image":{"@id":"https:\/\/tourtravelandmore.com\/fr\/tours\/espagne-fr\/vigo-fr\/visite-privee-de-saint-jacques-de-compostelle-au-depart-de-vigo\/#primaryimage"},"thumbnailUrl":"https:\/\/tourtravelandmore.com\/wp-content\/uploads\/2020\/01\/santiago-1.3.jpg","datePublished":"2020-01-24T15:05:08+00:00","description":"Visite priv\u00e9e de Saint-Jacques-de-Compostelle au d\u00e9part de Vigo. D\u00e9couvrez cette magnifique r\u00e9gion de Galice avec votre guide et chauffeur priv\u00e9 officiel.","breadcrumb":{"@id":"https:\/\/tourtravelandmore.com\/fr\/tours\/espagne-fr\/vigo-fr\/visite-privee-de-saint-jacques-de-compostelle-au-depart-de-vigo\/#breadcrumb"},"inLanguage":"fr-FR","potentialAction":[{"@type":"ReadAction","target":["https:\/\/tourtravelandmore.com\/fr\/tours\/espagne-fr\/vigo-fr\/visite-privee-de-saint-jacques-de-compostelle-au-depart-de-vigo\/"]}]},{"@type":"ImageObject","inLanguage":"fr-FR","@id":"https:\/\/tourtravelandmore.com\/fr\/tours\/espagne-fr\/vigo-fr\/visite-privee-de-saint-jacques-de-compostelle-au-depart-de-vigo\/#primaryimage","url":"https:\/\/tourtravelandmore.com\/wp-content\/uploads\/2020\/01\/santiago-1.3.jpg","contentUrl":"https:\/\/tourtravelandmore.com\/wp-content\/uploads\/2020\/01\/santiago-1.3.jpg","width":1280,"height":802},{"@type":"BreadcrumbList","@id":"https:\/\/tourtravelandmore.com\/fr\/tours\/espagne-fr\/vigo-fr\/visite-privee-de-saint-jacques-de-compostelle-au-depart-de-vigo\/#breadcrumb","itemListElement":[{"@type":"ListItem","position":1,"name":"Home","item":"https:\/\/tourtravelandmore.com\/fr\/"},{"@type":"ListItem","position":2,"name":"Tours","item":"https:\/\/tourtravelandmore.com\/fr\/tours\/"},{"@type":"ListItem","position":3,"name":"Visite priv\u00e9e de Saint-Jacques-de-Compostelle au d\u00e9part de Vigo"}]},{"@type":"WebSite","@id":"https:\/\/tourtravelandmore.com\/fr\/#website","url":"https:\/\/tourtravelandmore.com\/fr\/","name":"Tour Travel And More","description":"Private sightseeing tours and luxury transfers in Spain","publisher":{"@id":"https:\/\/tourtravelandmore.com\/fr\/#organization"},"potentialAction":[{"@type":"SearchAction","target":{"@type":"EntryPoint","urlTemplate":"https:\/\/tourtravelandmore.com\/fr\/?s={search_term_string}"},"query-input":{"@type":"PropertyValueSpecification","valueRequired":true,"valueName":"search_term_string"}}],"inLanguage":"fr-FR"},{"@type":"Organization","@id":"https:\/\/tourtravelandmore.com\/fr\/#organization","name":"Tour Travel And More","url":"https:\/\/tourtravelandmore.com\/fr\/","logo":{"@type":"ImageObject","inLanguage":"fr-FR","@id":"https:\/\/tourtravelandmore.com\/fr\/#\/schema\/logo\/image\/","url":"https:\/\/tourtravelandmore.com\/wp-content\/uploads\/2022\/12\/cropped-logo-cabecera-new.png","contentUrl":"https:\/\/tourtravelandmore.com\/wp-content\/uploads\/2022\/12\/cropped-logo-cabecera-new.png","width":430,"height":61,"caption":"Tour Travel And More"},"image":{"@id":"https:\/\/tourtravelandmore.com\/fr\/#\/schema\/logo\/image\/"},"sameAs":["https:\/\/www.facebook.com\/tourtravelandmore\/","https:\/\/x.com\/TourTravel_More"]}]}},"_links":{"self":[{"href":"https:\/\/tourtravelandmore.com\/fr\/wp-json\/wp\/v2\/product\/99790","targetHints":{"allow":["GET"]}}],"collection":[{"href":"https:\/\/tourtravelandmore.com\/fr\/wp-json\/wp\/v2\/product"}],"about":[{"href":"https:\/\/tourtravelandmore.com\/fr\/wp-json\/wp\/v2\/types\/product"}],"replies":[{"embeddable":true,"href":"https:\/\/tourtravelandmore.com\/fr\/wp-json\/wp\/v2\/comments?post=99790"}],"wp:featuredmedia":[{"embeddable":true,"href":"https:\/\/tourtravelandmore.com\/fr\/wp-json\/wp\/v2\/media\/97137"}],"wp:attachment":[{"href":"https:\/\/tourtravelandmore.com\/fr\/wp-json\/wp\/v2\/media?parent=99790"}],"wp:term":[{"taxonomy":"product_brand","embeddable":true,"href":"https:\/\/tourtravelandmore.com\/fr\/wp-json\/wp\/v2\/product_brand?post=99790"},{"taxonomy":"product_cat","embeddable":true,"href":"https:\/\/tourtravelandmore.com\/fr\/wp-json\/wp\/v2\/product_cat?post=99790"},{"taxonomy":"product_tag","embeddable":true,"href":"https:\/\/tourtravelandmore.com\/fr\/wp-json\/wp\/v2\/product_tag?post=99790"}],"curies":[{"name":"wp","href":"https:\/\/api.w.org\/{rel}","templated":true}]}}