{"id":99785,"date":"2020-01-23T18:18:59","date_gmt":"2020-01-23T17:18:59","guid":{"rendered":"https:\/\/tourtravelandmore.com\/tours\/non class\u00e9\/visite-privee-de-vigo-et-pontevedra\/"},"modified":"2020-01-23T18:18:59","modified_gmt":"2020-01-23T17:18:59","slug":"visite-privee-de-vigo-et-pontevedra","status":"publish","type":"product","link":"https:\/\/tourtravelandmore.com\/fr\/tours\/espagne-fr\/vigo-fr\/visite-privee-de-vigo-et-pontevedra\/","title":{"rendered":"Visite priv\u00e9e de Vigo et Pontevedra"},"content":{"rendered":"<h2>Description<\/h2>\n<p>Profitez du meilleur de cette visite priv\u00e9e de Vigo et Pontevedra. L&#8217;une des meilleures fa\u00e7ons d&#8217;explorer et de conna\u00eetre en profondeur les R\u00edas Bajas. C&#8217;est gr\u00e2ce \u00e0 notre excursion en v\u00e9hicule priv\u00e9 de Vigo \u00e0 Pontevedra et retour. C&#8217;est un voyage sans \u00e9gal.<\/p>\n<p>En 8 heures, vous d\u00e9couvrirez la beaut\u00e9 des principaux b\u00e2timents historiques de la Galice. Vous go\u00fbterez des d\u00e9lices avec la saveur m\u00e9diterran\u00e9enne la plus pure. Vous \u00e9couterez les l\u00e9gendes les plus fabuleuses jamais racont\u00e9es. Tout cela gr\u00e2ce \u00e0 l&#8217;imaginaire culturel du peuple galicien.<\/p>\n<p>Venez rencontrer avec nous le plaisir de vous promener dans Pontevedra. Terminez la journ\u00e9e en regardant le magnifique estuaire de Vigo.<\/p>\n<h2>Sites d&#8217;int\u00e9r\u00eat et monuments<\/h2>\n<p>Tant que ce sera le matin, nous viendrons vous chercher dans un v\u00e9hicule de luxe \u00e0 l&#8217;endroit et \u00e0 l&#8217;heure convenus. Votre guide vous attendra sur le v\u00e9hicule. Votre guide est une personne bien inform\u00e9e sur l&#8217;histoire, les coutumes et les lieux importants \u00e0 ne pas manquer.<\/p>\n<p>Pendant le voyage des R\u00edas Bajas, qui est la premi\u00e8re zone que nous voulons vous montrer, vous admirerez la beaut\u00e9 de la c\u00f4te jusqu&#8217;\u00e0 ce que vous rencontriez le petit village de p\u00eacheurs de Combarro, c\u00e9l\u00e8bre pour ses magnifiques h\u00f3rreos (greniers), vous d\u00e9couvrira de quoi nous parlons lorsque vous serez sur place et les contemplera de vos propres yeux. Ici, vous appr\u00e9cierez \u00e9galement l&#8217;architecture traditionnelle de la Galice lorsque vous monterez dans le village et traverserez ses places.<\/p>\n<p>Nous continuerons le voyage vers la ville de Poio, un lieu b\u00e9ni par sa situation, d&#8217;o\u00f9 vous pourrez appr\u00e9cier \u00e0 la fois la c\u00f4te et la ville de Pontevedra. Vous pouvez \u00e9galement visiter le monast\u00e8re de Poio bien que nous soyons s\u00fbrs que la biblioth\u00e8que du lieu retiendra votre attention puisqu&#8217;elle contient un livre aussi petit qu&#8217;un petit doigt.<\/p>\n<p>Enfin, nous arriverons \u00e0 Pontevedra et nous laisserons captiver par ses places, monuments et \u00e9difices religieux comme l&#8217;Iglesia de la Peregrina (\u00e9glise des p\u00e8lerins) et la basilique de Santa Mar\u00eda la Mayor; mais nous nous rafra\u00eechirons \u00e9galement la gorge en prenant un verre sur la Plaza La Le\u00f1a (place du bois de chauffage) ou sur la Plaza de las Verduras (place des l\u00e9gumes). De plus, vous devriez manger du poulpe, en particulier sur la Plaza de las Peregrinas, car il n&#8217;y a pas d&#8217;autre endroit en Galice qui le pr\u00e9pare mieux.<\/p>\n<p>Au cr\u00e9puscule, nous retournerons \u00e0 Vigo, mais pas avant de prendre plus d&#8217;une photo du paysage qui nous entoure, tandis que le guide nous indique d&#8217;autres informations laiss\u00e9es sur sa manche.<\/p>\n<p>Profitez de notre visite priv\u00e9e de Vigo et Pontevedra et profitez de ses sites uniques.<\/p>\n<p>D\u00e9couvrez le reste de nos visites priv\u00e9es \u00e0 Vigo.<\/p>\n","protected":false},"excerpt":{"rendered":"<p>Visite priv\u00e9e de Vigo et Pontevedra. D\u00e9couvrez la magnifique r\u00e9gion de la Galice avec votre guide officiel priv\u00e9 et chauffeur et chauffeur priv\u00e9.<\/p>\n","protected":false},"featured_media":97128,"comment_status":"open","ping_status":"closed","template":"","meta":{"_acf_changed":false},"product_brand":[],"product_cat":[3591],"product_tag":[],"class_list":{"0":"post-99785","1":"product","2":"type-product","3":"status-publish","4":"has-post-thumbnail","6":"product_cat-vigo-fr","8":"first","9":"instock","10":"shipping-taxable","11":"purchasable","12":"product-type-simple"},"acf":[],"yoast_head":"<!-- This site is optimized with the Yoast SEO Premium plugin v25.3.1 (Yoast SEO v25.3.1) - https:\/\/yoast.com\/wordpress\/plugins\/seo\/ -->\n<title>Visite priv\u00e9e de Vigo et Pontevedra - V\u00e9hicule priv\u00e9 et guide touristique<\/title>\n<meta name=\"description\" content=\"Visite priv\u00e9e de Vigo et Pontevedra. D\u00e9couvrez la magnifique r\u00e9gion de la Galice avec votre guide officiel et chauffeur priv\u00e9.\" \/>\n<meta name=\"robots\" content=\"index, follow, max-snippet:-1, max-image-preview:large, max-video-preview:-1\" \/>\n<link rel=\"canonical\" href=\"https:\/\/tourtravelandmore.com\/fr\/tours\/espagne-fr\/vigo-fr\/visite-privee-de-vigo-et-pontevedra\/\" \/>\n<meta property=\"og:locale\" content=\"fr_FR\" \/>\n<meta property=\"og:type\" content=\"article\" \/>\n<meta property=\"og:title\" content=\"Visite priv\u00e9e de Vigo et Pontevedra\" \/>\n<meta property=\"og:description\" content=\"Visite priv\u00e9e de Vigo et Pontevedra. D\u00e9couvrez la magnifique r\u00e9gion de la Galice avec votre guide officiel et chauffeur priv\u00e9.\" \/>\n<meta property=\"og:url\" content=\"https:\/\/tourtravelandmore.com\/fr\/tours\/espagne-fr\/vigo-fr\/visite-privee-de-vigo-et-pontevedra\/\" \/>\n<meta property=\"og:site_name\" content=\"Tour Travel And More\" \/>\n<meta property=\"article:publisher\" content=\"https:\/\/www.facebook.com\/tourtravelandmore\/\" \/>\n<meta property=\"og:image\" content=\"https:\/\/tourtravelandmore.com\/wp-content\/uploads\/2020\/01\/ponte-2-1024x768.jpg\" \/>\n\t<meta property=\"og:image:width\" content=\"1024\" \/>\n\t<meta property=\"og:image:height\" content=\"768\" \/>\n\t<meta property=\"og:image:type\" content=\"image\/jpeg\" \/>\n<meta name=\"twitter:card\" content=\"summary_large_image\" \/>\n<meta name=\"twitter:site\" content=\"@TourTravel_More\" \/>\n<meta name=\"twitter:label1\" content=\"Dur\u00e9e de lecture estim\u00e9e\" \/>\n\t<meta name=\"twitter:data1\" content=\"2 minutes\" \/>\n<script type=\"application\/ld+json\" class=\"yoast-schema-graph\">{\"@context\":\"https:\/\/schema.org\",\"@graph\":[{\"@type\":\"WebPage\",\"@id\":\"https:\/\/tourtravelandmore.com\/fr\/tours\/espagne-fr\/vigo-fr\/visite-privee-de-vigo-et-pontevedra\/\",\"url\":\"https:\/\/tourtravelandmore.com\/fr\/tours\/espagne-fr\/vigo-fr\/visite-privee-de-vigo-et-pontevedra\/\",\"name\":\"Visite priv\u00e9e de Vigo et Pontevedra - V\u00e9hicule priv\u00e9 et guide touristique\",\"isPartOf\":{\"@id\":\"https:\/\/tourtravelandmore.com\/fr\/#website\"},\"primaryImageOfPage\":{\"@id\":\"https:\/\/tourtravelandmore.com\/fr\/tours\/espagne-fr\/vigo-fr\/visite-privee-de-vigo-et-pontevedra\/#primaryimage\"},\"image\":{\"@id\":\"https:\/\/tourtravelandmore.com\/fr\/tours\/espagne-fr\/vigo-fr\/visite-privee-de-vigo-et-pontevedra\/#primaryimage\"},\"thumbnailUrl\":\"https:\/\/tourtravelandmore.com\/wp-content\/uploads\/2020\/01\/ponte-2.jpg\",\"datePublished\":\"2020-01-23T17:18:59+00:00\",\"description\":\"Visite priv\u00e9e de Vigo et Pontevedra. D\u00e9couvrez la magnifique r\u00e9gion de la Galice avec votre guide officiel et chauffeur priv\u00e9.\",\"breadcrumb\":{\"@id\":\"https:\/\/tourtravelandmore.com\/fr\/tours\/espagne-fr\/vigo-fr\/visite-privee-de-vigo-et-pontevedra\/#breadcrumb\"},\"inLanguage\":\"fr-FR\",\"potentialAction\":[{\"@type\":\"ReadAction\",\"target\":[\"https:\/\/tourtravelandmore.com\/fr\/tours\/espagne-fr\/vigo-fr\/visite-privee-de-vigo-et-pontevedra\/\"]}]},{\"@type\":\"ImageObject\",\"inLanguage\":\"fr-FR\",\"@id\":\"https:\/\/tourtravelandmore.com\/fr\/tours\/espagne-fr\/vigo-fr\/visite-privee-de-vigo-et-pontevedra\/#primaryimage\",\"url\":\"https:\/\/tourtravelandmore.com\/wp-content\/uploads\/2020\/01\/ponte-2.jpg\",\"contentUrl\":\"https:\/\/tourtravelandmore.com\/wp-content\/uploads\/2020\/01\/ponte-2.jpg\",\"width\":2000,\"height\":1500},{\"@type\":\"BreadcrumbList\",\"@id\":\"https:\/\/tourtravelandmore.com\/fr\/tours\/espagne-fr\/vigo-fr\/visite-privee-de-vigo-et-pontevedra\/#breadcrumb\",\"itemListElement\":[{\"@type\":\"ListItem\",\"position\":1,\"name\":\"Home\",\"item\":\"https:\/\/tourtravelandmore.com\/fr\/\"},{\"@type\":\"ListItem\",\"position\":2,\"name\":\"Tours\",\"item\":\"https:\/\/tourtravelandmore.com\/fr\/tours\/\"},{\"@type\":\"ListItem\",\"position\":3,\"name\":\"Visite priv\u00e9e de Vigo et Pontevedra\"}]},{\"@type\":\"WebSite\",\"@id\":\"https:\/\/tourtravelandmore.com\/fr\/#website\",\"url\":\"https:\/\/tourtravelandmore.com\/fr\/\",\"name\":\"Tour Travel And More\",\"description\":\"Private sightseeing tours and luxury transfers in Spain\",\"publisher\":{\"@id\":\"https:\/\/tourtravelandmore.com\/fr\/#organization\"},\"potentialAction\":[{\"@type\":\"SearchAction\",\"target\":{\"@type\":\"EntryPoint\",\"urlTemplate\":\"https:\/\/tourtravelandmore.com\/fr\/?s={search_term_string}\"},\"query-input\":{\"@type\":\"PropertyValueSpecification\",\"valueRequired\":true,\"valueName\":\"search_term_string\"}}],\"inLanguage\":\"fr-FR\"},{\"@type\":\"Organization\",\"@id\":\"https:\/\/tourtravelandmore.com\/fr\/#organization\",\"name\":\"Tour Travel And More\",\"url\":\"https:\/\/tourtravelandmore.com\/fr\/\",\"logo\":{\"@type\":\"ImageObject\",\"inLanguage\":\"fr-FR\",\"@id\":\"https:\/\/tourtravelandmore.com\/fr\/#\/schema\/logo\/image\/\",\"url\":\"https:\/\/tourtravelandmore.com\/wp-content\/uploads\/2022\/12\/cropped-logo-cabecera-new.png\",\"contentUrl\":\"https:\/\/tourtravelandmore.com\/wp-content\/uploads\/2022\/12\/cropped-logo-cabecera-new.png\",\"width\":430,\"height\":61,\"caption\":\"Tour Travel And More\"},\"image\":{\"@id\":\"https:\/\/tourtravelandmore.com\/fr\/#\/schema\/logo\/image\/\"},\"sameAs\":[\"https:\/\/www.facebook.com\/tourtravelandmore\/\",\"https:\/\/x.com\/TourTravel_More\"]}]}<\/script>\n<!-- \/ Yoast SEO Premium plugin. -->","yoast_head_json":{"title":"Visite priv\u00e9e de Vigo et Pontevedra - V\u00e9hicule priv\u00e9 et guide touristique","description":"Visite priv\u00e9e de Vigo et Pontevedra. D\u00e9couvrez la magnifique r\u00e9gion de la Galice avec votre guide officiel et chauffeur priv\u00e9.","robots":{"index":"index","follow":"follow","max-snippet":"max-snippet:-1","max-image-preview":"max-image-preview:large","max-video-preview":"max-video-preview:-1"},"canonical":"https:\/\/tourtravelandmore.com\/fr\/tours\/espagne-fr\/vigo-fr\/visite-privee-de-vigo-et-pontevedra\/","og_locale":"fr_FR","og_type":"article","og_title":"Visite priv\u00e9e de Vigo et Pontevedra","og_description":"Visite priv\u00e9e de Vigo et Pontevedra. D\u00e9couvrez la magnifique r\u00e9gion de la Galice avec votre guide officiel et chauffeur priv\u00e9.","og_url":"https:\/\/tourtravelandmore.com\/fr\/tours\/espagne-fr\/vigo-fr\/visite-privee-de-vigo-et-pontevedra\/","og_site_name":"Tour Travel And More","article_publisher":"https:\/\/www.facebook.com\/tourtravelandmore\/","og_image":[{"width":1024,"height":768,"url":"https:\/\/tourtravelandmore.com\/wp-content\/uploads\/2020\/01\/ponte-2-1024x768.jpg","type":"image\/jpeg"}],"twitter_card":"summary_large_image","twitter_site":"@TourTravel_More","twitter_misc":{"Dur\u00e9e de lecture estim\u00e9e":"2 minutes"},"schema":{"@context":"https:\/\/schema.org","@graph":[{"@type":"WebPage","@id":"https:\/\/tourtravelandmore.com\/fr\/tours\/espagne-fr\/vigo-fr\/visite-privee-de-vigo-et-pontevedra\/","url":"https:\/\/tourtravelandmore.com\/fr\/tours\/espagne-fr\/vigo-fr\/visite-privee-de-vigo-et-pontevedra\/","name":"Visite priv\u00e9e de Vigo et Pontevedra - V\u00e9hicule priv\u00e9 et guide touristique","isPartOf":{"@id":"https:\/\/tourtravelandmore.com\/fr\/#website"},"primaryImageOfPage":{"@id":"https:\/\/tourtravelandmore.com\/fr\/tours\/espagne-fr\/vigo-fr\/visite-privee-de-vigo-et-pontevedra\/#primaryimage"},"image":{"@id":"https:\/\/tourtravelandmore.com\/fr\/tours\/espagne-fr\/vigo-fr\/visite-privee-de-vigo-et-pontevedra\/#primaryimage"},"thumbnailUrl":"https:\/\/tourtravelandmore.com\/wp-content\/uploads\/2020\/01\/ponte-2.jpg","datePublished":"2020-01-23T17:18:59+00:00","description":"Visite priv\u00e9e de Vigo et Pontevedra. D\u00e9couvrez la magnifique r\u00e9gion de la Galice avec votre guide officiel et chauffeur priv\u00e9.","breadcrumb":{"@id":"https:\/\/tourtravelandmore.com\/fr\/tours\/espagne-fr\/vigo-fr\/visite-privee-de-vigo-et-pontevedra\/#breadcrumb"},"inLanguage":"fr-FR","potentialAction":[{"@type":"ReadAction","target":["https:\/\/tourtravelandmore.com\/fr\/tours\/espagne-fr\/vigo-fr\/visite-privee-de-vigo-et-pontevedra\/"]}]},{"@type":"ImageObject","inLanguage":"fr-FR","@id":"https:\/\/tourtravelandmore.com\/fr\/tours\/espagne-fr\/vigo-fr\/visite-privee-de-vigo-et-pontevedra\/#primaryimage","url":"https:\/\/tourtravelandmore.com\/wp-content\/uploads\/2020\/01\/ponte-2.jpg","contentUrl":"https:\/\/tourtravelandmore.com\/wp-content\/uploads\/2020\/01\/ponte-2.jpg","width":2000,"height":1500},{"@type":"BreadcrumbList","@id":"https:\/\/tourtravelandmore.com\/fr\/tours\/espagne-fr\/vigo-fr\/visite-privee-de-vigo-et-pontevedra\/#breadcrumb","itemListElement":[{"@type":"ListItem","position":1,"name":"Home","item":"https:\/\/tourtravelandmore.com\/fr\/"},{"@type":"ListItem","position":2,"name":"Tours","item":"https:\/\/tourtravelandmore.com\/fr\/tours\/"},{"@type":"ListItem","position":3,"name":"Visite priv\u00e9e de Vigo et Pontevedra"}]},{"@type":"WebSite","@id":"https:\/\/tourtravelandmore.com\/fr\/#website","url":"https:\/\/tourtravelandmore.com\/fr\/","name":"Tour Travel And More","description":"Private sightseeing tours and luxury transfers in Spain","publisher":{"@id":"https:\/\/tourtravelandmore.com\/fr\/#organization"},"potentialAction":[{"@type":"SearchAction","target":{"@type":"EntryPoint","urlTemplate":"https:\/\/tourtravelandmore.com\/fr\/?s={search_term_string}"},"query-input":{"@type":"PropertyValueSpecification","valueRequired":true,"valueName":"search_term_string"}}],"inLanguage":"fr-FR"},{"@type":"Organization","@id":"https:\/\/tourtravelandmore.com\/fr\/#organization","name":"Tour Travel And More","url":"https:\/\/tourtravelandmore.com\/fr\/","logo":{"@type":"ImageObject","inLanguage":"fr-FR","@id":"https:\/\/tourtravelandmore.com\/fr\/#\/schema\/logo\/image\/","url":"https:\/\/tourtravelandmore.com\/wp-content\/uploads\/2022\/12\/cropped-logo-cabecera-new.png","contentUrl":"https:\/\/tourtravelandmore.com\/wp-content\/uploads\/2022\/12\/cropped-logo-cabecera-new.png","width":430,"height":61,"caption":"Tour Travel And More"},"image":{"@id":"https:\/\/tourtravelandmore.com\/fr\/#\/schema\/logo\/image\/"},"sameAs":["https:\/\/www.facebook.com\/tourtravelandmore\/","https:\/\/x.com\/TourTravel_More"]}]}},"_links":{"self":[{"href":"https:\/\/tourtravelandmore.com\/fr\/wp-json\/wp\/v2\/product\/99785","targetHints":{"allow":["GET"]}}],"collection":[{"href":"https:\/\/tourtravelandmore.com\/fr\/wp-json\/wp\/v2\/product"}],"about":[{"href":"https:\/\/tourtravelandmore.com\/fr\/wp-json\/wp\/v2\/types\/product"}],"replies":[{"embeddable":true,"href":"https:\/\/tourtravelandmore.com\/fr\/wp-json\/wp\/v2\/comments?post=99785"}],"wp:featuredmedia":[{"embeddable":true,"href":"https:\/\/tourtravelandmore.com\/fr\/wp-json\/wp\/v2\/media\/97128"}],"wp:attachment":[{"href":"https:\/\/tourtravelandmore.com\/fr\/wp-json\/wp\/v2\/media?parent=99785"}],"wp:term":[{"taxonomy":"product_brand","embeddable":true,"href":"https:\/\/tourtravelandmore.com\/fr\/wp-json\/wp\/v2\/product_brand?post=99785"},{"taxonomy":"product_cat","embeddable":true,"href":"https:\/\/tourtravelandmore.com\/fr\/wp-json\/wp\/v2\/product_cat?post=99785"},{"taxonomy":"product_tag","embeddable":true,"href":"https:\/\/tourtravelandmore.com\/fr\/wp-json\/wp\/v2\/product_tag?post=99785"}],"curies":[{"name":"wp","href":"https:\/\/api.w.org\/{rel}","templated":true}]}}