{"id":99780,"date":"2020-01-23T16:21:08","date_gmt":"2020-01-23T15:21:08","guid":{"rendered":"https:\/\/tourtravelandmore.com\/tours\/non class\u00e9\/visite-privee-de-vigo\/"},"modified":"2020-01-23T16:21:08","modified_gmt":"2020-01-23T15:21:08","slug":"visite-privee-de-vigo","status":"publish","type":"product","link":"https:\/\/tourtravelandmore.com\/fr\/tours\/espagne-fr\/vigo-fr\/visite-privee-de-vigo\/","title":{"rendered":"Visite priv\u00e9e de Vigo"},"content":{"rendered":"<h2>Description<\/h2>\n<p>Suivez les conseils d&#8217;experts des membres de notre \u00e9quipe chez Tour Travel &amp; More et profitez de cette visite priv\u00e9e de Vigo. C&#8217;est une exp\u00e9rience vraiment unique.<\/p>\n<p>Il s&#8217;agit de notre visite priv\u00e9e de Vigo en voiture jusqu&#8217;\u00e0 Vigo, d&#8217;une dur\u00e9e de 4 heures. Bien s\u00fbr, notre objectif \u00e9tant de vous offrir une exp\u00e9rience sur mesure. Cette p\u00e9riode peut varier selon vos pr\u00e9f\u00e9rences et vos attentes.<\/p>\n<p>Il s&#8217;agit vraiment de vous impliquer dans une aventure unique pleine de fantaisie, de nature, de b\u00e2timents \u00e9nimatiques ainsi que d&#8217;histoire. Vous d\u00e9couvrirez des forts cach\u00e9s dans de petites collines en plein centre de la ville. Ainsi que des places divis\u00e9es par des groupes commerciaux, une architecture religieuse partout et de nombreuses croyances mythiques \u00e9clabouss\u00e9es d&#8217;\u00eatres terrifiants. Bienvenue pour une promenade au c\u0153ur de la Galice.<\/p>\n<p>Cette visite priv\u00e9e de Vigo commencera \u00e0 partir de votre h\u00f4tel ou lieu de votre choix dans la ville de Vigo.<\/p>\n<h2>Sites d&#8217;int\u00e9r\u00eat et monuments<\/h2>\n<p>\u00c9videmment, tout commencera au point de rendez-vous que vous avez pr\u00e9vu avec nous. Un v\u00e9hicule de luxe viendra vous chercher \u00e0 votre h\u00f4tel, r\u00e9sidence ou lieu de pr\u00e9dilection, voire au port de croisi\u00e8re. \u00c0 l&#8217;int\u00e9rieur du v\u00e9hicule, votre guide vous attendra pour commencer cette visite priv\u00e9e. D\u00e9couvrez les principales attractions que la ville de Vigo a \u00e0 offrir. Plongez-vous dans les exp\u00e9riences et les croyances de ses habitants, sans que la langue ne soit un obstacle lors de votre voyage.<br \/>\nItin\u00e9raire sugg\u00e9r\u00e9:<\/p>\n<p>Le premier point que nous visiterons est le centre n\u00e9vralgique de Vigo. La Plaza Puerta del Sol (place Puerta del Sol), tous ceux qui visitent la ville doivent obligatoirement prendre une photo sous la statue d&#8217;El Sireno (The Siren Man). Il est clair qu&#8217;\u00e0 partir de ce moment, les nombreuses fables qui enrichissent le folklore galicien commenceront \u00e0 \u00e9merger.<\/p>\n<p>Petit \u00e0 petit et sans h\u00e2te se dirigera vers la vieille ville de la ville. Nous conna\u00eetrons les trois places principales qui ont rempli une fonction vitale dans la vie des habitants de cette ville. Le plus c\u00e9l\u00e8bre est peut-\u00eatre la place de la forge. Il y a quelques si\u00e8cles, il sentait le soufre et le son du m\u00e9tal sonnait partout. Aujourd&#8217;hui, il ne reste que la m\u00e9moire et une autre structure. Si nous avons de la chance, nous pouvons rencontrer un \u00e9v\u00e9nement culturel qui se d\u00e9roule au milieu.<\/p>\n<p>Si nous cherchons plut\u00f4t un endroit agr\u00e9able pour prendre le petit d\u00e9jeuner, une collation ou un d\u00e9jeuner; le lieu id\u00e9al sera la Plaza de la le\u00f1a (place du bois de chauffage). Un lieu qui doit son nom \u00e0 la tradition. C&#8217;est l\u00e0 que le camion qui vendait du bois de chauffage et des pins s&#8217;est arr\u00eat\u00e9 pour garder tous les r\u00e9sidents au chaud pendant l&#8217;hiver. Mais de nos jours, c&#8217;est l&#8217;endroit avec la plus grande vari\u00e9t\u00e9 de restaurants d&#8217;auberge. Ici vous pouvez d\u00e9guster un bon caf\u00e9 et manger quelque chose de l\u00e9ger en passant.<\/p>\n<p>De plus, vous pouvez vous promener dans le mus\u00e9e de Pontevedra. Il se d\u00e9veloppe actuellement \u00e0 travers des galeries souterraines qui abriteront pr\u00e8s de 4 mille m\u00e8tres carr\u00e9s de la riche histoire de la r\u00e9gion.<\/p>\n<p>Un autre point d&#8217;int\u00e9r\u00eat est les \u00e9difices religieux que vous trouverez partout. De la belle chapelle des p\u00e8lerins \u00e0 l&#8217;imposante basilique de Santa Maria la Mayor, en passant par l&#8217;\u00e9glise de San Francisco. Tout \u00e0 Vigo offre une atmosph\u00e8re unique, o\u00f9 le temps semble s&#8217;\u00eatre arr\u00eat\u00e9.<\/p>\n<p>Bien s\u00fbr, pour cl\u00f4turer en beaut\u00e9, nous ne pouvions pas oublier de visiter le port de Vigo, de conna\u00eetre la gare maritime et m\u00eame de nous promener par le mus\u00e9e de la mer situ\u00e9 dans l&#8217;ancienne tour de guet du port de La Guardia.<\/p>\n<p>Apr\u00e8s et apr\u00e8s-midi plein d&#8217;aventures, de divertissements et d&#8217;histoires, il n&#8217;y aura plus rien qui d\u00e9faire le chemin parcouru et revenir au point de d\u00e9part de notre fabuleuse excursion mais nous serons s\u00fbrement plus heureux et impressionn\u00e9s d&#8217;avoir \u00e9t\u00e9 dans une ville impr\u00e9gn\u00e9e d&#8217;une telle beaut\u00e9 et croyances populaires.<\/p>\n<p>Voici une liste de toutes nos visites priv\u00e9es \u00e0 Vigo. Nous proposons \u00e9galement des visites dans n&#8217;importe quel autre endroit pour vous, y compris tous les ports de croisi\u00e8re!<\/p>\n","protected":false},"excerpt":{"rendered":"<p>Visite priv\u00e9e de Vigo. D\u00e9couvrez la magnifique r\u00e9gion de Galice avec votre guide officiel priv\u00e9 et chauffeur priv\u00e9 en v\u00e9hicule de luxe. Exp\u00e9rience de 4 heures pour conna\u00eetre le meilleur de Vigo!<\/p>\n","protected":false},"featured_media":97108,"comment_status":"open","ping_status":"closed","template":"","meta":{"_acf_changed":false},"product_brand":[],"product_cat":[3591],"product_tag":[],"class_list":{"0":"post-99780","1":"product","2":"type-product","3":"status-publish","4":"has-post-thumbnail","6":"product_cat-vigo-fr","8":"first","9":"instock","10":"shipping-taxable","11":"purchasable","12":"product-type-simple"},"acf":[],"yoast_head":"<!-- This site is optimized with the Yoast SEO Premium plugin v25.3.1 (Yoast SEO v25.3.1) - https:\/\/yoast.com\/wordpress\/plugins\/seo\/ -->\n<title>Private Vigo Tour - V\u00e9hicule de luxe avec chauffeur s\u00e9par\u00e9 et guide touristique<\/title>\n<meta name=\"description\" content=\"Visite priv\u00e9e de Vigo. D\u00e9couvrez la magnifique r\u00e9gion de Galice avec votre guide officiel priv\u00e9 et chauffeur priv\u00e9 en v\u00e9hicule de luxe.\" \/>\n<meta name=\"robots\" content=\"index, follow, max-snippet:-1, max-image-preview:large, max-video-preview:-1\" \/>\n<link rel=\"canonical\" href=\"https:\/\/tourtravelandmore.com\/fr\/tours\/espagne-fr\/vigo-fr\/visite-privee-de-vigo\/\" \/>\n<meta property=\"og:locale\" content=\"fr_FR\" \/>\n<meta property=\"og:type\" content=\"article\" \/>\n<meta property=\"og:title\" content=\"Visite priv\u00e9e de Vigo\" \/>\n<meta property=\"og:description\" content=\"Visite priv\u00e9e de Vigo. D\u00e9couvrez la magnifique r\u00e9gion de Galice avec votre guide officiel priv\u00e9 et chauffeur priv\u00e9 en v\u00e9hicule de luxe.\" \/>\n<meta property=\"og:url\" content=\"https:\/\/tourtravelandmore.com\/fr\/tours\/espagne-fr\/vigo-fr\/visite-privee-de-vigo\/\" \/>\n<meta property=\"og:site_name\" content=\"Tour Travel And More\" \/>\n<meta property=\"article:publisher\" content=\"https:\/\/www.facebook.com\/tourtravelandmore\/\" \/>\n<meta property=\"og:image\" content=\"https:\/\/tourtravelandmore.com\/wp-content\/uploads\/2020\/01\/vigo-1.jpg\" \/>\n\t<meta property=\"og:image:width\" content=\"2048\" \/>\n\t<meta property=\"og:image:height\" content=\"1536\" \/>\n\t<meta property=\"og:image:type\" content=\"image\/jpeg\" \/>\n<meta name=\"twitter:card\" content=\"summary_large_image\" \/>\n<meta name=\"twitter:site\" content=\"@TourTravel_More\" \/>\n<meta name=\"twitter:label1\" content=\"Dur\u00e9e de lecture estim\u00e9e\" \/>\n\t<meta name=\"twitter:data1\" content=\"4 minutes\" \/>\n<script type=\"application\/ld+json\" class=\"yoast-schema-graph\">{\"@context\":\"https:\/\/schema.org\",\"@graph\":[{\"@type\":\"WebPage\",\"@id\":\"https:\/\/tourtravelandmore.com\/fr\/tours\/espagne-fr\/vigo-fr\/visite-privee-de-vigo\/\",\"url\":\"https:\/\/tourtravelandmore.com\/fr\/tours\/espagne-fr\/vigo-fr\/visite-privee-de-vigo\/\",\"name\":\"Private Vigo Tour - V\u00e9hicule de luxe avec chauffeur s\u00e9par\u00e9 et guide touristique\",\"isPartOf\":{\"@id\":\"https:\/\/tourtravelandmore.com\/fr\/#website\"},\"primaryImageOfPage\":{\"@id\":\"https:\/\/tourtravelandmore.com\/fr\/tours\/espagne-fr\/vigo-fr\/visite-privee-de-vigo\/#primaryimage\"},\"image\":{\"@id\":\"https:\/\/tourtravelandmore.com\/fr\/tours\/espagne-fr\/vigo-fr\/visite-privee-de-vigo\/#primaryimage\"},\"thumbnailUrl\":\"https:\/\/tourtravelandmore.com\/wp-content\/uploads\/2020\/01\/vigo-1.jpg\",\"datePublished\":\"2020-01-23T15:21:08+00:00\",\"description\":\"Visite priv\u00e9e de Vigo. D\u00e9couvrez la magnifique r\u00e9gion de Galice avec votre guide officiel priv\u00e9 et chauffeur priv\u00e9 en v\u00e9hicule de luxe.\",\"breadcrumb\":{\"@id\":\"https:\/\/tourtravelandmore.com\/fr\/tours\/espagne-fr\/vigo-fr\/visite-privee-de-vigo\/#breadcrumb\"},\"inLanguage\":\"fr-FR\",\"potentialAction\":[{\"@type\":\"ReadAction\",\"target\":[\"https:\/\/tourtravelandmore.com\/fr\/tours\/espagne-fr\/vigo-fr\/visite-privee-de-vigo\/\"]}]},{\"@type\":\"ImageObject\",\"inLanguage\":\"fr-FR\",\"@id\":\"https:\/\/tourtravelandmore.com\/fr\/tours\/espagne-fr\/vigo-fr\/visite-privee-de-vigo\/#primaryimage\",\"url\":\"https:\/\/tourtravelandmore.com\/wp-content\/uploads\/2020\/01\/vigo-1.jpg\",\"contentUrl\":\"https:\/\/tourtravelandmore.com\/wp-content\/uploads\/2020\/01\/vigo-1.jpg\",\"width\":2048,\"height\":1536},{\"@type\":\"BreadcrumbList\",\"@id\":\"https:\/\/tourtravelandmore.com\/fr\/tours\/espagne-fr\/vigo-fr\/visite-privee-de-vigo\/#breadcrumb\",\"itemListElement\":[{\"@type\":\"ListItem\",\"position\":1,\"name\":\"Home\",\"item\":\"https:\/\/tourtravelandmore.com\/fr\/\"},{\"@type\":\"ListItem\",\"position\":2,\"name\":\"Tours\",\"item\":\"https:\/\/tourtravelandmore.com\/fr\/tours\/\"},{\"@type\":\"ListItem\",\"position\":3,\"name\":\"Visite priv\u00e9e de Vigo\"}]},{\"@type\":\"WebSite\",\"@id\":\"https:\/\/tourtravelandmore.com\/fr\/#website\",\"url\":\"https:\/\/tourtravelandmore.com\/fr\/\",\"name\":\"Tour Travel And More\",\"description\":\"Private sightseeing tours and luxury transfers in Spain\",\"publisher\":{\"@id\":\"https:\/\/tourtravelandmore.com\/fr\/#organization\"},\"potentialAction\":[{\"@type\":\"SearchAction\",\"target\":{\"@type\":\"EntryPoint\",\"urlTemplate\":\"https:\/\/tourtravelandmore.com\/fr\/?s={search_term_string}\"},\"query-input\":{\"@type\":\"PropertyValueSpecification\",\"valueRequired\":true,\"valueName\":\"search_term_string\"}}],\"inLanguage\":\"fr-FR\"},{\"@type\":\"Organization\",\"@id\":\"https:\/\/tourtravelandmore.com\/fr\/#organization\",\"name\":\"Tour Travel And More\",\"url\":\"https:\/\/tourtravelandmore.com\/fr\/\",\"logo\":{\"@type\":\"ImageObject\",\"inLanguage\":\"fr-FR\",\"@id\":\"https:\/\/tourtravelandmore.com\/fr\/#\/schema\/logo\/image\/\",\"url\":\"https:\/\/tourtravelandmore.com\/wp-content\/uploads\/2022\/12\/cropped-logo-cabecera-new.png\",\"contentUrl\":\"https:\/\/tourtravelandmore.com\/wp-content\/uploads\/2022\/12\/cropped-logo-cabecera-new.png\",\"width\":430,\"height\":61,\"caption\":\"Tour Travel And More\"},\"image\":{\"@id\":\"https:\/\/tourtravelandmore.com\/fr\/#\/schema\/logo\/image\/\"},\"sameAs\":[\"https:\/\/www.facebook.com\/tourtravelandmore\/\",\"https:\/\/x.com\/TourTravel_More\"]}]}<\/script>\n<!-- \/ Yoast SEO Premium plugin. -->","yoast_head_json":{"title":"Private Vigo Tour - V\u00e9hicule de luxe avec chauffeur s\u00e9par\u00e9 et guide touristique","description":"Visite priv\u00e9e de Vigo. D\u00e9couvrez la magnifique r\u00e9gion de Galice avec votre guide officiel priv\u00e9 et chauffeur priv\u00e9 en v\u00e9hicule de luxe.","robots":{"index":"index","follow":"follow","max-snippet":"max-snippet:-1","max-image-preview":"max-image-preview:large","max-video-preview":"max-video-preview:-1"},"canonical":"https:\/\/tourtravelandmore.com\/fr\/tours\/espagne-fr\/vigo-fr\/visite-privee-de-vigo\/","og_locale":"fr_FR","og_type":"article","og_title":"Visite priv\u00e9e de Vigo","og_description":"Visite priv\u00e9e de Vigo. D\u00e9couvrez la magnifique r\u00e9gion de Galice avec votre guide officiel priv\u00e9 et chauffeur priv\u00e9 en v\u00e9hicule de luxe.","og_url":"https:\/\/tourtravelandmore.com\/fr\/tours\/espagne-fr\/vigo-fr\/visite-privee-de-vigo\/","og_site_name":"Tour Travel And More","article_publisher":"https:\/\/www.facebook.com\/tourtravelandmore\/","og_image":[{"width":2048,"height":1536,"url":"https:\/\/tourtravelandmore.com\/wp-content\/uploads\/2020\/01\/vigo-1.jpg","type":"image\/jpeg"}],"twitter_card":"summary_large_image","twitter_site":"@TourTravel_More","twitter_misc":{"Dur\u00e9e de lecture estim\u00e9e":"4 minutes"},"schema":{"@context":"https:\/\/schema.org","@graph":[{"@type":"WebPage","@id":"https:\/\/tourtravelandmore.com\/fr\/tours\/espagne-fr\/vigo-fr\/visite-privee-de-vigo\/","url":"https:\/\/tourtravelandmore.com\/fr\/tours\/espagne-fr\/vigo-fr\/visite-privee-de-vigo\/","name":"Private Vigo Tour - V\u00e9hicule de luxe avec chauffeur s\u00e9par\u00e9 et guide touristique","isPartOf":{"@id":"https:\/\/tourtravelandmore.com\/fr\/#website"},"primaryImageOfPage":{"@id":"https:\/\/tourtravelandmore.com\/fr\/tours\/espagne-fr\/vigo-fr\/visite-privee-de-vigo\/#primaryimage"},"image":{"@id":"https:\/\/tourtravelandmore.com\/fr\/tours\/espagne-fr\/vigo-fr\/visite-privee-de-vigo\/#primaryimage"},"thumbnailUrl":"https:\/\/tourtravelandmore.com\/wp-content\/uploads\/2020\/01\/vigo-1.jpg","datePublished":"2020-01-23T15:21:08+00:00","description":"Visite priv\u00e9e de Vigo. D\u00e9couvrez la magnifique r\u00e9gion de Galice avec votre guide officiel priv\u00e9 et chauffeur priv\u00e9 en v\u00e9hicule de luxe.","breadcrumb":{"@id":"https:\/\/tourtravelandmore.com\/fr\/tours\/espagne-fr\/vigo-fr\/visite-privee-de-vigo\/#breadcrumb"},"inLanguage":"fr-FR","potentialAction":[{"@type":"ReadAction","target":["https:\/\/tourtravelandmore.com\/fr\/tours\/espagne-fr\/vigo-fr\/visite-privee-de-vigo\/"]}]},{"@type":"ImageObject","inLanguage":"fr-FR","@id":"https:\/\/tourtravelandmore.com\/fr\/tours\/espagne-fr\/vigo-fr\/visite-privee-de-vigo\/#primaryimage","url":"https:\/\/tourtravelandmore.com\/wp-content\/uploads\/2020\/01\/vigo-1.jpg","contentUrl":"https:\/\/tourtravelandmore.com\/wp-content\/uploads\/2020\/01\/vigo-1.jpg","width":2048,"height":1536},{"@type":"BreadcrumbList","@id":"https:\/\/tourtravelandmore.com\/fr\/tours\/espagne-fr\/vigo-fr\/visite-privee-de-vigo\/#breadcrumb","itemListElement":[{"@type":"ListItem","position":1,"name":"Home","item":"https:\/\/tourtravelandmore.com\/fr\/"},{"@type":"ListItem","position":2,"name":"Tours","item":"https:\/\/tourtravelandmore.com\/fr\/tours\/"},{"@type":"ListItem","position":3,"name":"Visite priv\u00e9e de Vigo"}]},{"@type":"WebSite","@id":"https:\/\/tourtravelandmore.com\/fr\/#website","url":"https:\/\/tourtravelandmore.com\/fr\/","name":"Tour Travel And More","description":"Private sightseeing tours and luxury transfers in Spain","publisher":{"@id":"https:\/\/tourtravelandmore.com\/fr\/#organization"},"potentialAction":[{"@type":"SearchAction","target":{"@type":"EntryPoint","urlTemplate":"https:\/\/tourtravelandmore.com\/fr\/?s={search_term_string}"},"query-input":{"@type":"PropertyValueSpecification","valueRequired":true,"valueName":"search_term_string"}}],"inLanguage":"fr-FR"},{"@type":"Organization","@id":"https:\/\/tourtravelandmore.com\/fr\/#organization","name":"Tour Travel And More","url":"https:\/\/tourtravelandmore.com\/fr\/","logo":{"@type":"ImageObject","inLanguage":"fr-FR","@id":"https:\/\/tourtravelandmore.com\/fr\/#\/schema\/logo\/image\/","url":"https:\/\/tourtravelandmore.com\/wp-content\/uploads\/2022\/12\/cropped-logo-cabecera-new.png","contentUrl":"https:\/\/tourtravelandmore.com\/wp-content\/uploads\/2022\/12\/cropped-logo-cabecera-new.png","width":430,"height":61,"caption":"Tour Travel And More"},"image":{"@id":"https:\/\/tourtravelandmore.com\/fr\/#\/schema\/logo\/image\/"},"sameAs":["https:\/\/www.facebook.com\/tourtravelandmore\/","https:\/\/x.com\/TourTravel_More"]}]}},"_links":{"self":[{"href":"https:\/\/tourtravelandmore.com\/fr\/wp-json\/wp\/v2\/product\/99780","targetHints":{"allow":["GET"]}}],"collection":[{"href":"https:\/\/tourtravelandmore.com\/fr\/wp-json\/wp\/v2\/product"}],"about":[{"href":"https:\/\/tourtravelandmore.com\/fr\/wp-json\/wp\/v2\/types\/product"}],"replies":[{"embeddable":true,"href":"https:\/\/tourtravelandmore.com\/fr\/wp-json\/wp\/v2\/comments?post=99780"}],"wp:featuredmedia":[{"embeddable":true,"href":"https:\/\/tourtravelandmore.com\/fr\/wp-json\/wp\/v2\/media\/97108"}],"wp:attachment":[{"href":"https:\/\/tourtravelandmore.com\/fr\/wp-json\/wp\/v2\/media?parent=99780"}],"wp:term":[{"taxonomy":"product_brand","embeddable":true,"href":"https:\/\/tourtravelandmore.com\/fr\/wp-json\/wp\/v2\/product_brand?post=99780"},{"taxonomy":"product_cat","embeddable":true,"href":"https:\/\/tourtravelandmore.com\/fr\/wp-json\/wp\/v2\/product_cat?post=99780"},{"taxonomy":"product_tag","embeddable":true,"href":"https:\/\/tourtravelandmore.com\/fr\/wp-json\/wp\/v2\/product_tag?post=99780"}],"curies":[{"name":"wp","href":"https:\/\/api.w.org\/{rel}","templated":true}]}}