{"id":99775,"date":"2020-01-23T15:29:29","date_gmt":"2020-01-23T14:29:29","guid":{"rendered":"https:\/\/tourtravelandmore.com\/tours\/non%20class\u00e9\/visite-privee-de-porto-au-depart-de-vigo\/"},"modified":"2023-11-08T14:36:36","modified_gmt":"2023-11-08T13:36:36","slug":"visite-privee-de-porto-au-depart-de-vigo","status":"publish","type":"product","link":"https:\/\/tourtravelandmore.com\/fr\/tours\/espagne-fr\/vigo-fr\/visite-privee-de-porto-au-depart-de-vigo\/","title":{"rendered":"Visite priv\u00e9e de Oporto au d\u00e9part de Vigo"},"content":{"rendered":"<h2>Description<\/h2>\n<p>Nous vous invitons \u00e0 vivre avec nous un voyage spectaculaire dans le temps. Entrer au c\u0153ur de la deuxi\u00e8me ville la plus importante du territoire de Luso. Nous parlons de Porto, cette belle ville d\u00e9clar\u00e9e par l&#8217;UNESCO comme patrimoine mondial. Profitez de notre visite priv\u00e9e de Porto au d\u00e9part de Vigo.<\/p>\n<p>Lors de cette magnifique excursion priv\u00e9e de 8 heures, vous aurez l&#8217;occasion de visiter \u00e0 la fois la vieille ville de la ville. Il expose de grands b\u00e2timents m\u00e9di\u00e9vaux. En plus de visiter les endroits les plus modernes et de d\u00e9guster un bon plat m\u00e9diterran\u00e9en sur les rives du fleuve Duero.<\/p>\n<p>Pour cette aventure, vous aurez la compagnie d&#8217;un guide d&#8217;exception. Notre guide est capable de d\u00e9voiler les plus grands myst\u00e8res de cette m\u00e9tropole. Nous vous emm\u00e8nerons directement dans les lieux les plus int\u00e9ressants et les plus visit\u00e9s. Vous aurez \u00e9galement \u00e0 votre disposition un v\u00e9hicule de luxe. Nous vous emm\u00e8nerons de Vigo au c\u0153ur de Porto en un temps record. Vous pouvez y transporter toute votre cargaison de souvenirs et bien s\u00fbr quelques bouteilles de vin de cette r\u00e9gion populaire.<\/p>\n<h2>Sites d&#8217;int\u00e9r\u00eat et monuments<\/h2>\n<p>Nous nous retrouverons dans un point central de la ville de Vigo ou directement aux portes de votre h\u00f4tel ou de votre domicile. De l\u00e0, nous prendrons la route de l&#8217;une des plus belles villes du Portugal et aussi l&#8217;une des plus proches de la r\u00e9gion de Galice.<\/p>\n<p>A l&#8217;arriv\u00e9e, notre chauffeur nous entrera au c\u0153ur de Porto, plus pr\u00e9cis\u00e9ment sur l&#8217;Avenida dos Aliados, c&#8217;est le point qui s\u00e9pare les deux c\u00f4t\u00e9s de la ville, c&#8217;est-\u00e0-dire la ville la plus moderne de la plus ancienne. Evidemment, comme cette promenade est un voyage dans le temps, nous commencerons par le c\u00f4t\u00e9 le plus ancien, en abordant progressivement la modernit\u00e9.<\/p>\n<p>Nous marcherons sur la Pra\u00e7a da Liberdade jusqu&#8217;\u00e0 ce que nous atteignions la cath\u00e9drale fortifi\u00e9e, un magnifique b\u00e2timent de style baroque datant du 12\u00e8me si\u00e8cle, votre guide vous racontera l&#8217;histoire de la cath\u00e9drale puis reviendra au mur romain et Fernandina, qui n&#8217;est pas complet , mais sa grandeur peut \u00eatre aper\u00e7ue dans les parties encore debout.<\/p>\n<p>Trois lieux embl\u00e9matiques de cette promenade sont le ch\u00e2teau et l&#8217;\u00e9glise des grillons, des lieux \u00e0 l&#8217;aura m\u00e9di\u00e9vale impressionnante; et bien s\u00fbr l&#8217;Universit\u00e9 de Porto, un b\u00e2timent qui aurait inspir\u00e9 la magie de Poudlard de l&#8217;univers Harry Potter.<br \/>\nNous allons continuer&#8230;<\/p>\n<p>Pour cl\u00f4turer la promenade dans la partie ancienne, nous visiterons le Palacio de la Bolsa (Palais de la Bourse), qui abrite aujourd&#8217;hui l&#8217;Association commerciale de la ville, et qui est consid\u00e9r\u00e9 comme l&#8217;un des plus beaux b\u00e2timents de Porto.<\/p>\n<p>Enfin, nous arriverons \u00e0 Ribeira, juste sur les rives du fleuve Duero, o\u00f9 nous aurons l&#8217;occasion de d\u00e9guster un d\u00e9licieux plat typiquement portugais et de savourer le c\u00e9l\u00e8bre vin de Porto. Nous ferons \u00e9galement le traditionnel shopping de souvenirs puis nous nous dirigerons vers les ponts les plus c\u00e9l\u00e8bres du lieu tels que: le pont Don Luis I et le pont Mar\u00eda Pia. Nous ferons \u00e9galement le tour de la gare de San Bento, c\u00e9l\u00e8bre pour ses plus de 20 mille tuiles qui racontent l&#8217;histoire du Portugal.<\/p>\n<p>Et quand le coucher du soleil tombera, nous retournerons \u00e0 la ville de Vigo, pour prendre un bon bain chaud, aller au lit et r\u00eaver d&#8217;un si grand tour priv\u00e9 de Porto au d\u00e9part de Vigo.<\/p>\n<p>D\u00e9couvrez les autres circuits priv\u00e9s que nous proposons. Nous pouvons organiser des visites priv\u00e9es dans n&#8217;importe quelle ville pour vous!<\/p>\n","protected":false},"excerpt":{"rendered":"<p>Visite priv\u00e9e de Porto au d\u00e9part de Vigo. Profitez de cette occasion pour d\u00e9couvrir cette merveilleuse ville dans cette exp\u00e9rience unique et visiter ses monuments les plus importants. Guide touristique officiel priv\u00e9 \u00e0 Porto pour votre visite.<\/p>\n","protected":false},"featured_media":97101,"comment_status":"open","ping_status":"closed","template":"","meta":{"_acf_changed":false},"product_brand":[],"product_cat":[4511,4510,3541,3591],"product_tag":[],"class_list":{"0":"post-99775","1":"product","2":"type-product","3":"status-publish","4":"has-post-thumbnail","6":"product_cat-all-private-tours-activities","7":"product_cat-private-sightseeing-tours","8":"product_cat-espagne-fr","9":"product_cat-vigo-fr","11":"first","12":"instock","13":"shipping-taxable","14":"purchasable","15":"product-type-simple"},"acf":[],"yoast_head":"<!-- This site is optimized with the Yoast SEO Premium plugin v25.3.1 (Yoast SEO v25.3.1) - https:\/\/yoast.com\/wordpress\/plugins\/seo\/ -->\n<title>Visite priv\u00e9e de Oporto au d\u00e9part de Vigo - V\u00e9hicule priv\u00e9 et guide officiel<\/title>\n<meta name=\"description\" content=\"Visite priv\u00e9e de Oporto au d\u00e9part de Vigo. Profitez de cette occasion pour d\u00e9couvrir cette merveilleuse ville dans cette exp\u00e9rience unique et visiter ses monuments les plus importants.\" \/>\n<meta name=\"robots\" content=\"index, follow, max-snippet:-1, max-image-preview:large, max-video-preview:-1\" \/>\n<link rel=\"canonical\" href=\"https:\/\/tourtravelandmore.com\/fr\/tours\/espagne-fr\/vigo-fr\/visite-privee-de-porto-au-depart-de-vigo\/\" \/>\n<meta property=\"og:locale\" content=\"fr_FR\" \/>\n<meta property=\"og:type\" content=\"article\" \/>\n<meta property=\"og:title\" content=\"Visite priv\u00e9e de Oporto au d\u00e9part de Vigo\" \/>\n<meta property=\"og:description\" content=\"Visite priv\u00e9e de Oporto au d\u00e9part de Vigo. Profitez de cette occasion pour d\u00e9couvrir cette merveilleuse ville dans cette exp\u00e9rience unique et visiter ses monuments les plus importants.\" \/>\n<meta property=\"og:url\" content=\"https:\/\/tourtravelandmore.com\/fr\/tours\/espagne-fr\/vigo-fr\/visite-privee-de-porto-au-depart-de-vigo\/\" \/>\n<meta property=\"og:site_name\" content=\"Tour Travel And More\" \/>\n<meta property=\"article:publisher\" content=\"https:\/\/www.facebook.com\/tourtravelandmore\/\" \/>\n<meta property=\"article:modified_time\" content=\"2023-11-08T13:36:36+00:00\" \/>\n<meta property=\"og:image\" content=\"https:\/\/tourtravelandmore.com\/wp-content\/uploads\/2020\/01\/oporto-5.jpg\" \/>\n\t<meta property=\"og:image:width\" content=\"640\" \/>\n\t<meta property=\"og:image:height\" content=\"454\" \/>\n\t<meta property=\"og:image:type\" content=\"image\/jpeg\" \/>\n<meta name=\"twitter:card\" content=\"summary_large_image\" \/>\n<meta name=\"twitter:site\" content=\"@TourTravel_More\" \/>\n<meta name=\"twitter:label1\" content=\"Dur\u00e9e de lecture estim\u00e9e\" \/>\n\t<meta name=\"twitter:data1\" content=\"3 minutes\" \/>\n<script type=\"application\/ld+json\" class=\"yoast-schema-graph\">{\"@context\":\"https:\/\/schema.org\",\"@graph\":[{\"@type\":\"WebPage\",\"@id\":\"https:\/\/tourtravelandmore.com\/fr\/tours\/espagne-fr\/vigo-fr\/visite-privee-de-porto-au-depart-de-vigo\/\",\"url\":\"https:\/\/tourtravelandmore.com\/fr\/tours\/espagne-fr\/vigo-fr\/visite-privee-de-porto-au-depart-de-vigo\/\",\"name\":\"Visite priv\u00e9e de Oporto au d\u00e9part de Vigo - V\u00e9hicule priv\u00e9 et guide officiel\",\"isPartOf\":{\"@id\":\"https:\/\/tourtravelandmore.com\/fr\/#website\"},\"primaryImageOfPage\":{\"@id\":\"https:\/\/tourtravelandmore.com\/fr\/tours\/espagne-fr\/vigo-fr\/visite-privee-de-porto-au-depart-de-vigo\/#primaryimage\"},\"image\":{\"@id\":\"https:\/\/tourtravelandmore.com\/fr\/tours\/espagne-fr\/vigo-fr\/visite-privee-de-porto-au-depart-de-vigo\/#primaryimage\"},\"thumbnailUrl\":\"https:\/\/tourtravelandmore.com\/wp-content\/uploads\/2020\/01\/oporto-5.jpg\",\"datePublished\":\"2020-01-23T14:29:29+00:00\",\"dateModified\":\"2023-11-08T13:36:36+00:00\",\"description\":\"Visite priv\u00e9e de Oporto au d\u00e9part de Vigo. Profitez de cette occasion pour d\u00e9couvrir cette merveilleuse ville dans cette exp\u00e9rience unique et visiter ses monuments les plus importants.\",\"breadcrumb\":{\"@id\":\"https:\/\/tourtravelandmore.com\/fr\/tours\/espagne-fr\/vigo-fr\/visite-privee-de-porto-au-depart-de-vigo\/#breadcrumb\"},\"inLanguage\":\"fr-FR\",\"potentialAction\":[{\"@type\":\"ReadAction\",\"target\":[\"https:\/\/tourtravelandmore.com\/fr\/tours\/espagne-fr\/vigo-fr\/visite-privee-de-porto-au-depart-de-vigo\/\"]}]},{\"@type\":\"ImageObject\",\"inLanguage\":\"fr-FR\",\"@id\":\"https:\/\/tourtravelandmore.com\/fr\/tours\/espagne-fr\/vigo-fr\/visite-privee-de-porto-au-depart-de-vigo\/#primaryimage\",\"url\":\"https:\/\/tourtravelandmore.com\/wp-content\/uploads\/2020\/01\/oporto-5.jpg\",\"contentUrl\":\"https:\/\/tourtravelandmore.com\/wp-content\/uploads\/2020\/01\/oporto-5.jpg\",\"width\":640,\"height\":454},{\"@type\":\"BreadcrumbList\",\"@id\":\"https:\/\/tourtravelandmore.com\/fr\/tours\/espagne-fr\/vigo-fr\/visite-privee-de-porto-au-depart-de-vigo\/#breadcrumb\",\"itemListElement\":[{\"@type\":\"ListItem\",\"position\":1,\"name\":\"Home\",\"item\":\"https:\/\/tourtravelandmore.com\/fr\/\"},{\"@type\":\"ListItem\",\"position\":2,\"name\":\"Tours\",\"item\":\"https:\/\/tourtravelandmore.com\/fr\/tours\/\"},{\"@type\":\"ListItem\",\"position\":3,\"name\":\"Visite priv\u00e9e de Oporto au d\u00e9part de Vigo\"}]},{\"@type\":\"WebSite\",\"@id\":\"https:\/\/tourtravelandmore.com\/fr\/#website\",\"url\":\"https:\/\/tourtravelandmore.com\/fr\/\",\"name\":\"Tour Travel And More\",\"description\":\"Private sightseeing tours and luxury transfers in Spain\",\"publisher\":{\"@id\":\"https:\/\/tourtravelandmore.com\/fr\/#organization\"},\"potentialAction\":[{\"@type\":\"SearchAction\",\"target\":{\"@type\":\"EntryPoint\",\"urlTemplate\":\"https:\/\/tourtravelandmore.com\/fr\/?s={search_term_string}\"},\"query-input\":{\"@type\":\"PropertyValueSpecification\",\"valueRequired\":true,\"valueName\":\"search_term_string\"}}],\"inLanguage\":\"fr-FR\"},{\"@type\":\"Organization\",\"@id\":\"https:\/\/tourtravelandmore.com\/fr\/#organization\",\"name\":\"Tour Travel And More\",\"url\":\"https:\/\/tourtravelandmore.com\/fr\/\",\"logo\":{\"@type\":\"ImageObject\",\"inLanguage\":\"fr-FR\",\"@id\":\"https:\/\/tourtravelandmore.com\/fr\/#\/schema\/logo\/image\/\",\"url\":\"https:\/\/tourtravelandmore.com\/wp-content\/uploads\/2022\/12\/cropped-logo-cabecera-new.png\",\"contentUrl\":\"https:\/\/tourtravelandmore.com\/wp-content\/uploads\/2022\/12\/cropped-logo-cabecera-new.png\",\"width\":430,\"height\":61,\"caption\":\"Tour Travel And More\"},\"image\":{\"@id\":\"https:\/\/tourtravelandmore.com\/fr\/#\/schema\/logo\/image\/\"},\"sameAs\":[\"https:\/\/www.facebook.com\/tourtravelandmore\/\",\"https:\/\/x.com\/TourTravel_More\"]}]}<\/script>\n<!-- \/ Yoast SEO Premium plugin. -->","yoast_head_json":{"title":"Visite priv\u00e9e de Oporto au d\u00e9part de Vigo - V\u00e9hicule priv\u00e9 et guide officiel","description":"Visite priv\u00e9e de Oporto au d\u00e9part de Vigo. Profitez de cette occasion pour d\u00e9couvrir cette merveilleuse ville dans cette exp\u00e9rience unique et visiter ses monuments les plus importants.","robots":{"index":"index","follow":"follow","max-snippet":"max-snippet:-1","max-image-preview":"max-image-preview:large","max-video-preview":"max-video-preview:-1"},"canonical":"https:\/\/tourtravelandmore.com\/fr\/tours\/espagne-fr\/vigo-fr\/visite-privee-de-porto-au-depart-de-vigo\/","og_locale":"fr_FR","og_type":"article","og_title":"Visite priv\u00e9e de Oporto au d\u00e9part de Vigo","og_description":"Visite priv\u00e9e de Oporto au d\u00e9part de Vigo. Profitez de cette occasion pour d\u00e9couvrir cette merveilleuse ville dans cette exp\u00e9rience unique et visiter ses monuments les plus importants.","og_url":"https:\/\/tourtravelandmore.com\/fr\/tours\/espagne-fr\/vigo-fr\/visite-privee-de-porto-au-depart-de-vigo\/","og_site_name":"Tour Travel And More","article_publisher":"https:\/\/www.facebook.com\/tourtravelandmore\/","article_modified_time":"2023-11-08T13:36:36+00:00","og_image":[{"width":640,"height":454,"url":"https:\/\/tourtravelandmore.com\/wp-content\/uploads\/2020\/01\/oporto-5.jpg","type":"image\/jpeg"}],"twitter_card":"summary_large_image","twitter_site":"@TourTravel_More","twitter_misc":{"Dur\u00e9e de lecture estim\u00e9e":"3 minutes"},"schema":{"@context":"https:\/\/schema.org","@graph":[{"@type":"WebPage","@id":"https:\/\/tourtravelandmore.com\/fr\/tours\/espagne-fr\/vigo-fr\/visite-privee-de-porto-au-depart-de-vigo\/","url":"https:\/\/tourtravelandmore.com\/fr\/tours\/espagne-fr\/vigo-fr\/visite-privee-de-porto-au-depart-de-vigo\/","name":"Visite priv\u00e9e de Oporto au d\u00e9part de Vigo - V\u00e9hicule priv\u00e9 et guide officiel","isPartOf":{"@id":"https:\/\/tourtravelandmore.com\/fr\/#website"},"primaryImageOfPage":{"@id":"https:\/\/tourtravelandmore.com\/fr\/tours\/espagne-fr\/vigo-fr\/visite-privee-de-porto-au-depart-de-vigo\/#primaryimage"},"image":{"@id":"https:\/\/tourtravelandmore.com\/fr\/tours\/espagne-fr\/vigo-fr\/visite-privee-de-porto-au-depart-de-vigo\/#primaryimage"},"thumbnailUrl":"https:\/\/tourtravelandmore.com\/wp-content\/uploads\/2020\/01\/oporto-5.jpg","datePublished":"2020-01-23T14:29:29+00:00","dateModified":"2023-11-08T13:36:36+00:00","description":"Visite priv\u00e9e de Oporto au d\u00e9part de Vigo. Profitez de cette occasion pour d\u00e9couvrir cette merveilleuse ville dans cette exp\u00e9rience unique et visiter ses monuments les plus importants.","breadcrumb":{"@id":"https:\/\/tourtravelandmore.com\/fr\/tours\/espagne-fr\/vigo-fr\/visite-privee-de-porto-au-depart-de-vigo\/#breadcrumb"},"inLanguage":"fr-FR","potentialAction":[{"@type":"ReadAction","target":["https:\/\/tourtravelandmore.com\/fr\/tours\/espagne-fr\/vigo-fr\/visite-privee-de-porto-au-depart-de-vigo\/"]}]},{"@type":"ImageObject","inLanguage":"fr-FR","@id":"https:\/\/tourtravelandmore.com\/fr\/tours\/espagne-fr\/vigo-fr\/visite-privee-de-porto-au-depart-de-vigo\/#primaryimage","url":"https:\/\/tourtravelandmore.com\/wp-content\/uploads\/2020\/01\/oporto-5.jpg","contentUrl":"https:\/\/tourtravelandmore.com\/wp-content\/uploads\/2020\/01\/oporto-5.jpg","width":640,"height":454},{"@type":"BreadcrumbList","@id":"https:\/\/tourtravelandmore.com\/fr\/tours\/espagne-fr\/vigo-fr\/visite-privee-de-porto-au-depart-de-vigo\/#breadcrumb","itemListElement":[{"@type":"ListItem","position":1,"name":"Home","item":"https:\/\/tourtravelandmore.com\/fr\/"},{"@type":"ListItem","position":2,"name":"Tours","item":"https:\/\/tourtravelandmore.com\/fr\/tours\/"},{"@type":"ListItem","position":3,"name":"Visite priv\u00e9e de Oporto au d\u00e9part de Vigo"}]},{"@type":"WebSite","@id":"https:\/\/tourtravelandmore.com\/fr\/#website","url":"https:\/\/tourtravelandmore.com\/fr\/","name":"Tour Travel And More","description":"Private sightseeing tours and luxury transfers in Spain","publisher":{"@id":"https:\/\/tourtravelandmore.com\/fr\/#organization"},"potentialAction":[{"@type":"SearchAction","target":{"@type":"EntryPoint","urlTemplate":"https:\/\/tourtravelandmore.com\/fr\/?s={search_term_string}"},"query-input":{"@type":"PropertyValueSpecification","valueRequired":true,"valueName":"search_term_string"}}],"inLanguage":"fr-FR"},{"@type":"Organization","@id":"https:\/\/tourtravelandmore.com\/fr\/#organization","name":"Tour Travel And More","url":"https:\/\/tourtravelandmore.com\/fr\/","logo":{"@type":"ImageObject","inLanguage":"fr-FR","@id":"https:\/\/tourtravelandmore.com\/fr\/#\/schema\/logo\/image\/","url":"https:\/\/tourtravelandmore.com\/wp-content\/uploads\/2022\/12\/cropped-logo-cabecera-new.png","contentUrl":"https:\/\/tourtravelandmore.com\/wp-content\/uploads\/2022\/12\/cropped-logo-cabecera-new.png","width":430,"height":61,"caption":"Tour Travel And More"},"image":{"@id":"https:\/\/tourtravelandmore.com\/fr\/#\/schema\/logo\/image\/"},"sameAs":["https:\/\/www.facebook.com\/tourtravelandmore\/","https:\/\/x.com\/TourTravel_More"]}]}},"_links":{"self":[{"href":"https:\/\/tourtravelandmore.com\/fr\/wp-json\/wp\/v2\/product\/99775","targetHints":{"allow":["GET"]}}],"collection":[{"href":"https:\/\/tourtravelandmore.com\/fr\/wp-json\/wp\/v2\/product"}],"about":[{"href":"https:\/\/tourtravelandmore.com\/fr\/wp-json\/wp\/v2\/types\/product"}],"replies":[{"embeddable":true,"href":"https:\/\/tourtravelandmore.com\/fr\/wp-json\/wp\/v2\/comments?post=99775"}],"wp:featuredmedia":[{"embeddable":true,"href":"https:\/\/tourtravelandmore.com\/fr\/wp-json\/wp\/v2\/media\/97101"}],"wp:attachment":[{"href":"https:\/\/tourtravelandmore.com\/fr\/wp-json\/wp\/v2\/media?parent=99775"}],"wp:term":[{"taxonomy":"product_brand","embeddable":true,"href":"https:\/\/tourtravelandmore.com\/fr\/wp-json\/wp\/v2\/product_brand?post=99775"},{"taxonomy":"product_cat","embeddable":true,"href":"https:\/\/tourtravelandmore.com\/fr\/wp-json\/wp\/v2\/product_cat?post=99775"},{"taxonomy":"product_tag","embeddable":true,"href":"https:\/\/tourtravelandmore.com\/fr\/wp-json\/wp\/v2\/product_tag?post=99775"}],"curies":[{"name":"wp","href":"https:\/\/api.w.org\/{rel}","templated":true}]}}