{"id":99770,"date":"2020-01-22T16:26:36","date_gmt":"2020-01-22T15:26:36","guid":{"rendered":"https:\/\/tourtravelandmore.com\/tours\/non class\u00e9\/visite-privee-de-braga-et-guimaraes-au-depart-de-vigo\/"},"modified":"2020-01-22T16:26:36","modified_gmt":"2020-01-22T15:26:36","slug":"visite-privee-de-braga-et-guimaraes-au-depart-de-vigo","status":"publish","type":"product","link":"https:\/\/tourtravelandmore.com\/fr\/tours\/espagne-fr\/vigo-fr\/visite-privee-de-braga-et-guimaraes-au-depart-de-vigo\/","title":{"rendered":"Visite priv\u00e9e de Braga et Guimar\u00e3es au d\u00e9part de Vigo"},"content":{"rendered":"<h2>Description<\/h2>\n<p>C&#8217;est un voyage de r\u00eave \u00e0 travers deux des villes les plus au nord du Portugal. Deux m\u00e9tropoles o\u00f9 l&#8217;histoire et l&#8217;idyllique se combinent pour donner la sensation de fl\u00e2ner dans un conte de f\u00e9es. Profitez de notre visite priv\u00e9e de Braga et Guimar\u00e3es au d\u00e9part de Vigo.<\/p>\n<p>Lors de ce voyage priv\u00e9 qui d\u00e9butera dans la ville de Vigo, vous serez accompagn\u00e9 d&#8217;un guide expert. Notre guide vous emm\u00e8nera dans les lieux les plus importants de Braga et de Guimar\u00e3es. Il vous parlera des sites les plus importants et vous emm\u00e8nera d\u00e9guster les d\u00e9licieux plats que peut offrir le Portugal.<\/p>\n<p>Mieux encore, vous ferez un tel voyage \u00e0 bord d&#8217;un v\u00e9hicule de luxe. Il est \u00e9quip\u00e9 pour vous offrir le meilleur confort tout au long de la journ\u00e9e.<\/p>\n<h2>Sites d&#8217;int\u00e9r\u00eat et monuments<\/h2>\n<p>Votre guide viendra vous chercher au point de rendez-vous convenu dans la ville de Vigo. De l\u00e0, vous irez tous les deux dans la premi\u00e8re ville du Portugal que vous d\u00e9couvrirez. C&#8217;est la ville de Braga, c\u00e9l\u00e8bre pour \u00eatre l&#8217;une des plus anciennes villes portugaises.<\/p>\n<p>Le premier endroit \u00e0 visiter sera la cath\u00e9drale de Braga. Un tr\u00e8s bel \u00e9difice roman qui a \u00e9t\u00e9 construit au 12\u00e8me si\u00e8cle. L&#8217;int\u00e9rieur est divis\u00e9 en trois nefs, mais ce que vous ne pouvez pas manquer, c&#8217;est le grand orgue de la chapelle principale.<\/p>\n<p>Ensuite, vous passerez aux deux autres points qui composent le triangle de la foi de Braga. Ce sont les sanctuaires de Bom Jesus et Sameiro. Ce sont d&#8217;autres beaux b\u00e2timents qui valent le d\u00e9tour en toute tranquillit\u00e9. Apr\u00e8s cela, vous pouvez acheter quelques articles dans la ville ou prendre une collation. Il est maintenant temps de changer de direction vers Guimaraes.<\/p>\n<p>La ville de Guimaraes, class\u00e9e au patrimoine mondial de l&#8217;UNESCO, est \u00e9galement le berceau du Portugal. Il existe de grandes attractions touristiques telles que le ch\u00e2teau de Guimar\u00e3e. Il a \u00e9t\u00e9 construit au 11\u00e8me si\u00e8cle et a vu la naissance d&#8217;Alfonso Henriques, le premier roi de ce pays. Vous pouvez parcourir ses murs jusqu&#8217;\u00e0 atteindre la tour de la comtesse Mumadona. C&#8217;est un site qui vous transportera jusqu&#8217;au moyen \u00e2ge.<\/p>\n<p>Plus tard, vous visiterez l&#8217;un des plus beaux endroits de cette ville. C&#8217;est le palais des ducs de Bragan\u00e7a. Il semble avoir \u00e9t\u00e9 tir\u00e9 des illustrations de n&#8217;importe quel conte de f\u00e9es dans le meilleur style Disney. Le meilleur de tous est que vous pourrez visiter son int\u00e9rieur, admirer en d\u00e9tail ses pi\u00e8ces, ses chambres et bien s\u00fbr ses meubles exquis des XVIe et XVIIe si\u00e8cles.<\/p>\n<p>Enfin, vous traverserez la vieille ville. Ici, vous ferez plusieurs arr\u00eats tels que l&#8217;\u00e9glise de La Oliveira ou San Miguel del Castillo juste avant de retourner \u00e0 Vigo.<\/p>\n<p>Profitez de notre meilleure visite priv\u00e9e de Braga et Guimar\u00e3es au d\u00e9part de Vigo.<\/p>\n<p>Jetez un \u0153il \u00e0 nos autres visites priv\u00e9es \u00e0 Vigo.<\/p>\n","protected":false},"excerpt":{"rendered":"<p>Visite priv\u00e9e de Braga et Guimar\u00e3es au d\u00e9part de Vigo. Apprenez \u00e0 conna\u00eetre ces endroits merveilleux dans cette exp\u00e9rience et visitez leurs sites les plus importants. Guide touristique officiel priv\u00e9 et v\u00e9hicule de luxe avec chauffeur.<\/p>\n","protected":false},"featured_media":97085,"comment_status":"open","ping_status":"closed","template":"","meta":{"_acf_changed":false},"product_brand":[],"product_cat":[3541,3591],"product_tag":[],"class_list":{"0":"post-99770","1":"product","2":"type-product","3":"status-publish","4":"has-post-thumbnail","6":"product_cat-espagne-fr","7":"product_cat-vigo-fr","9":"first","10":"instock","11":"shipping-taxable","12":"purchasable","13":"product-type-simple"},"acf":[],"yoast_head":"<!-- This site is optimized with the Yoast SEO Premium plugin v25.3.1 (Yoast SEO v25.3.1) - https:\/\/yoast.com\/wordpress\/plugins\/seo\/ -->\n<title>Visite priv\u00e9e de Braga et Guimaraes au d\u00e9part de Vigo - Visite priv\u00e9e<\/title>\n<meta name=\"description\" content=\"Visite priv\u00e9e de Braga et Guimar\u00e3es au d\u00e9part de Vigo. Apprenez \u00e0 conna\u00eetre ces endroits merveilleux dans cette exp\u00e9rience et visitez leurs sites les plus importants.\" \/>\n<meta name=\"robots\" content=\"index, follow, max-snippet:-1, max-image-preview:large, max-video-preview:-1\" \/>\n<link rel=\"canonical\" href=\"https:\/\/tourtravelandmore.com\/fr\/tours\/espagne-fr\/vigo-fr\/visite-privee-de-braga-et-guimaraes-au-depart-de-vigo\/\" \/>\n<meta property=\"og:locale\" content=\"fr_FR\" \/>\n<meta property=\"og:type\" content=\"article\" \/>\n<meta property=\"og:title\" content=\"Visite priv\u00e9e de Braga et Guimar\u00e3es au d\u00e9part de Vigo\" \/>\n<meta property=\"og:description\" content=\"Visite priv\u00e9e de Braga et Guimar\u00e3es au d\u00e9part de Vigo. Apprenez \u00e0 conna\u00eetre ces endroits merveilleux dans cette exp\u00e9rience et visitez leurs sites les plus importants.\" \/>\n<meta property=\"og:url\" content=\"https:\/\/tourtravelandmore.com\/fr\/tours\/espagne-fr\/vigo-fr\/visite-privee-de-braga-et-guimaraes-au-depart-de-vigo\/\" \/>\n<meta property=\"og:site_name\" content=\"Tour Travel And More\" \/>\n<meta property=\"article:publisher\" content=\"https:\/\/www.facebook.com\/tourtravelandmore\/\" \/>\n<meta property=\"og:image\" content=\"https:\/\/tourtravelandmore.com\/wp-content\/uploads\/2020\/01\/braga-1.jpg\" \/>\n\t<meta property=\"og:image:width\" content=\"960\" \/>\n\t<meta property=\"og:image:height\" content=\"640\" \/>\n\t<meta property=\"og:image:type\" content=\"image\/jpeg\" \/>\n<meta name=\"twitter:card\" content=\"summary_large_image\" \/>\n<meta name=\"twitter:site\" content=\"@TourTravel_More\" \/>\n<meta name=\"twitter:label1\" content=\"Dur\u00e9e de lecture estim\u00e9e\" \/>\n\t<meta name=\"twitter:data1\" content=\"3 minutes\" \/>\n<script type=\"application\/ld+json\" class=\"yoast-schema-graph\">{\"@context\":\"https:\/\/schema.org\",\"@graph\":[{\"@type\":\"WebPage\",\"@id\":\"https:\/\/tourtravelandmore.com\/fr\/tours\/espagne-fr\/vigo-fr\/visite-privee-de-braga-et-guimaraes-au-depart-de-vigo\/\",\"url\":\"https:\/\/tourtravelandmore.com\/fr\/tours\/espagne-fr\/vigo-fr\/visite-privee-de-braga-et-guimaraes-au-depart-de-vigo\/\",\"name\":\"Visite priv\u00e9e de Braga et Guimaraes au d\u00e9part de Vigo - Visite priv\u00e9e\",\"isPartOf\":{\"@id\":\"https:\/\/tourtravelandmore.com\/fr\/#website\"},\"primaryImageOfPage\":{\"@id\":\"https:\/\/tourtravelandmore.com\/fr\/tours\/espagne-fr\/vigo-fr\/visite-privee-de-braga-et-guimaraes-au-depart-de-vigo\/#primaryimage\"},\"image\":{\"@id\":\"https:\/\/tourtravelandmore.com\/fr\/tours\/espagne-fr\/vigo-fr\/visite-privee-de-braga-et-guimaraes-au-depart-de-vigo\/#primaryimage\"},\"thumbnailUrl\":\"https:\/\/tourtravelandmore.com\/wp-content\/uploads\/2020\/01\/braga-1.jpg\",\"datePublished\":\"2020-01-22T15:26:36+00:00\",\"description\":\"Visite priv\u00e9e de Braga et Guimar\u00e3es au d\u00e9part de Vigo. Apprenez \u00e0 conna\u00eetre ces endroits merveilleux dans cette exp\u00e9rience et visitez leurs sites les plus importants.\",\"breadcrumb\":{\"@id\":\"https:\/\/tourtravelandmore.com\/fr\/tours\/espagne-fr\/vigo-fr\/visite-privee-de-braga-et-guimaraes-au-depart-de-vigo\/#breadcrumb\"},\"inLanguage\":\"fr-FR\",\"potentialAction\":[{\"@type\":\"ReadAction\",\"target\":[\"https:\/\/tourtravelandmore.com\/fr\/tours\/espagne-fr\/vigo-fr\/visite-privee-de-braga-et-guimaraes-au-depart-de-vigo\/\"]}]},{\"@type\":\"ImageObject\",\"inLanguage\":\"fr-FR\",\"@id\":\"https:\/\/tourtravelandmore.com\/fr\/tours\/espagne-fr\/vigo-fr\/visite-privee-de-braga-et-guimaraes-au-depart-de-vigo\/#primaryimage\",\"url\":\"https:\/\/tourtravelandmore.com\/wp-content\/uploads\/2020\/01\/braga-1.jpg\",\"contentUrl\":\"https:\/\/tourtravelandmore.com\/wp-content\/uploads\/2020\/01\/braga-1.jpg\",\"width\":960,\"height\":640},{\"@type\":\"BreadcrumbList\",\"@id\":\"https:\/\/tourtravelandmore.com\/fr\/tours\/espagne-fr\/vigo-fr\/visite-privee-de-braga-et-guimaraes-au-depart-de-vigo\/#breadcrumb\",\"itemListElement\":[{\"@type\":\"ListItem\",\"position\":1,\"name\":\"Home\",\"item\":\"https:\/\/tourtravelandmore.com\/fr\/\"},{\"@type\":\"ListItem\",\"position\":2,\"name\":\"Tours\",\"item\":\"https:\/\/tourtravelandmore.com\/fr\/tours\/\"},{\"@type\":\"ListItem\",\"position\":3,\"name\":\"Visite priv\u00e9e de Braga et Guimar\u00e3es au d\u00e9part de Vigo\"}]},{\"@type\":\"WebSite\",\"@id\":\"https:\/\/tourtravelandmore.com\/fr\/#website\",\"url\":\"https:\/\/tourtravelandmore.com\/fr\/\",\"name\":\"Tour Travel And More\",\"description\":\"Private sightseeing tours and luxury transfers in Spain\",\"publisher\":{\"@id\":\"https:\/\/tourtravelandmore.com\/fr\/#organization\"},\"potentialAction\":[{\"@type\":\"SearchAction\",\"target\":{\"@type\":\"EntryPoint\",\"urlTemplate\":\"https:\/\/tourtravelandmore.com\/fr\/?s={search_term_string}\"},\"query-input\":{\"@type\":\"PropertyValueSpecification\",\"valueRequired\":true,\"valueName\":\"search_term_string\"}}],\"inLanguage\":\"fr-FR\"},{\"@type\":\"Organization\",\"@id\":\"https:\/\/tourtravelandmore.com\/fr\/#organization\",\"name\":\"Tour Travel And More\",\"url\":\"https:\/\/tourtravelandmore.com\/fr\/\",\"logo\":{\"@type\":\"ImageObject\",\"inLanguage\":\"fr-FR\",\"@id\":\"https:\/\/tourtravelandmore.com\/fr\/#\/schema\/logo\/image\/\",\"url\":\"https:\/\/tourtravelandmore.com\/wp-content\/uploads\/2022\/12\/cropped-logo-cabecera-new.png\",\"contentUrl\":\"https:\/\/tourtravelandmore.com\/wp-content\/uploads\/2022\/12\/cropped-logo-cabecera-new.png\",\"width\":430,\"height\":61,\"caption\":\"Tour Travel And More\"},\"image\":{\"@id\":\"https:\/\/tourtravelandmore.com\/fr\/#\/schema\/logo\/image\/\"},\"sameAs\":[\"https:\/\/www.facebook.com\/tourtravelandmore\/\",\"https:\/\/x.com\/TourTravel_More\"]}]}<\/script>\n<!-- \/ Yoast SEO Premium plugin. -->","yoast_head_json":{"title":"Visite priv\u00e9e de Braga et Guimaraes au d\u00e9part de Vigo - Visite priv\u00e9e","description":"Visite priv\u00e9e de Braga et Guimar\u00e3es au d\u00e9part de Vigo. Apprenez \u00e0 conna\u00eetre ces endroits merveilleux dans cette exp\u00e9rience et visitez leurs sites les plus importants.","robots":{"index":"index","follow":"follow","max-snippet":"max-snippet:-1","max-image-preview":"max-image-preview:large","max-video-preview":"max-video-preview:-1"},"canonical":"https:\/\/tourtravelandmore.com\/fr\/tours\/espagne-fr\/vigo-fr\/visite-privee-de-braga-et-guimaraes-au-depart-de-vigo\/","og_locale":"fr_FR","og_type":"article","og_title":"Visite priv\u00e9e de Braga et Guimar\u00e3es au d\u00e9part de Vigo","og_description":"Visite priv\u00e9e de Braga et Guimar\u00e3es au d\u00e9part de Vigo. Apprenez \u00e0 conna\u00eetre ces endroits merveilleux dans cette exp\u00e9rience et visitez leurs sites les plus importants.","og_url":"https:\/\/tourtravelandmore.com\/fr\/tours\/espagne-fr\/vigo-fr\/visite-privee-de-braga-et-guimaraes-au-depart-de-vigo\/","og_site_name":"Tour Travel And More","article_publisher":"https:\/\/www.facebook.com\/tourtravelandmore\/","og_image":[{"width":960,"height":640,"url":"https:\/\/tourtravelandmore.com\/wp-content\/uploads\/2020\/01\/braga-1.jpg","type":"image\/jpeg"}],"twitter_card":"summary_large_image","twitter_site":"@TourTravel_More","twitter_misc":{"Dur\u00e9e de lecture estim\u00e9e":"3 minutes"},"schema":{"@context":"https:\/\/schema.org","@graph":[{"@type":"WebPage","@id":"https:\/\/tourtravelandmore.com\/fr\/tours\/espagne-fr\/vigo-fr\/visite-privee-de-braga-et-guimaraes-au-depart-de-vigo\/","url":"https:\/\/tourtravelandmore.com\/fr\/tours\/espagne-fr\/vigo-fr\/visite-privee-de-braga-et-guimaraes-au-depart-de-vigo\/","name":"Visite priv\u00e9e de Braga et Guimaraes au d\u00e9part de Vigo - Visite priv\u00e9e","isPartOf":{"@id":"https:\/\/tourtravelandmore.com\/fr\/#website"},"primaryImageOfPage":{"@id":"https:\/\/tourtravelandmore.com\/fr\/tours\/espagne-fr\/vigo-fr\/visite-privee-de-braga-et-guimaraes-au-depart-de-vigo\/#primaryimage"},"image":{"@id":"https:\/\/tourtravelandmore.com\/fr\/tours\/espagne-fr\/vigo-fr\/visite-privee-de-braga-et-guimaraes-au-depart-de-vigo\/#primaryimage"},"thumbnailUrl":"https:\/\/tourtravelandmore.com\/wp-content\/uploads\/2020\/01\/braga-1.jpg","datePublished":"2020-01-22T15:26:36+00:00","description":"Visite priv\u00e9e de Braga et Guimar\u00e3es au d\u00e9part de Vigo. Apprenez \u00e0 conna\u00eetre ces endroits merveilleux dans cette exp\u00e9rience et visitez leurs sites les plus importants.","breadcrumb":{"@id":"https:\/\/tourtravelandmore.com\/fr\/tours\/espagne-fr\/vigo-fr\/visite-privee-de-braga-et-guimaraes-au-depart-de-vigo\/#breadcrumb"},"inLanguage":"fr-FR","potentialAction":[{"@type":"ReadAction","target":["https:\/\/tourtravelandmore.com\/fr\/tours\/espagne-fr\/vigo-fr\/visite-privee-de-braga-et-guimaraes-au-depart-de-vigo\/"]}]},{"@type":"ImageObject","inLanguage":"fr-FR","@id":"https:\/\/tourtravelandmore.com\/fr\/tours\/espagne-fr\/vigo-fr\/visite-privee-de-braga-et-guimaraes-au-depart-de-vigo\/#primaryimage","url":"https:\/\/tourtravelandmore.com\/wp-content\/uploads\/2020\/01\/braga-1.jpg","contentUrl":"https:\/\/tourtravelandmore.com\/wp-content\/uploads\/2020\/01\/braga-1.jpg","width":960,"height":640},{"@type":"BreadcrumbList","@id":"https:\/\/tourtravelandmore.com\/fr\/tours\/espagne-fr\/vigo-fr\/visite-privee-de-braga-et-guimaraes-au-depart-de-vigo\/#breadcrumb","itemListElement":[{"@type":"ListItem","position":1,"name":"Home","item":"https:\/\/tourtravelandmore.com\/fr\/"},{"@type":"ListItem","position":2,"name":"Tours","item":"https:\/\/tourtravelandmore.com\/fr\/tours\/"},{"@type":"ListItem","position":3,"name":"Visite priv\u00e9e de Braga et Guimar\u00e3es au d\u00e9part de Vigo"}]},{"@type":"WebSite","@id":"https:\/\/tourtravelandmore.com\/fr\/#website","url":"https:\/\/tourtravelandmore.com\/fr\/","name":"Tour Travel And More","description":"Private sightseeing tours and luxury transfers in Spain","publisher":{"@id":"https:\/\/tourtravelandmore.com\/fr\/#organization"},"potentialAction":[{"@type":"SearchAction","target":{"@type":"EntryPoint","urlTemplate":"https:\/\/tourtravelandmore.com\/fr\/?s={search_term_string}"},"query-input":{"@type":"PropertyValueSpecification","valueRequired":true,"valueName":"search_term_string"}}],"inLanguage":"fr-FR"},{"@type":"Organization","@id":"https:\/\/tourtravelandmore.com\/fr\/#organization","name":"Tour Travel And More","url":"https:\/\/tourtravelandmore.com\/fr\/","logo":{"@type":"ImageObject","inLanguage":"fr-FR","@id":"https:\/\/tourtravelandmore.com\/fr\/#\/schema\/logo\/image\/","url":"https:\/\/tourtravelandmore.com\/wp-content\/uploads\/2022\/12\/cropped-logo-cabecera-new.png","contentUrl":"https:\/\/tourtravelandmore.com\/wp-content\/uploads\/2022\/12\/cropped-logo-cabecera-new.png","width":430,"height":61,"caption":"Tour Travel And More"},"image":{"@id":"https:\/\/tourtravelandmore.com\/fr\/#\/schema\/logo\/image\/"},"sameAs":["https:\/\/www.facebook.com\/tourtravelandmore\/","https:\/\/x.com\/TourTravel_More"]}]}},"_links":{"self":[{"href":"https:\/\/tourtravelandmore.com\/fr\/wp-json\/wp\/v2\/product\/99770","targetHints":{"allow":["GET"]}}],"collection":[{"href":"https:\/\/tourtravelandmore.com\/fr\/wp-json\/wp\/v2\/product"}],"about":[{"href":"https:\/\/tourtravelandmore.com\/fr\/wp-json\/wp\/v2\/types\/product"}],"replies":[{"embeddable":true,"href":"https:\/\/tourtravelandmore.com\/fr\/wp-json\/wp\/v2\/comments?post=99770"}],"wp:featuredmedia":[{"embeddable":true,"href":"https:\/\/tourtravelandmore.com\/fr\/wp-json\/wp\/v2\/media\/97085"}],"wp:attachment":[{"href":"https:\/\/tourtravelandmore.com\/fr\/wp-json\/wp\/v2\/media?parent=99770"}],"wp:term":[{"taxonomy":"product_brand","embeddable":true,"href":"https:\/\/tourtravelandmore.com\/fr\/wp-json\/wp\/v2\/product_brand?post=99770"},{"taxonomy":"product_cat","embeddable":true,"href":"https:\/\/tourtravelandmore.com\/fr\/wp-json\/wp\/v2\/product_cat?post=99770"},{"taxonomy":"product_tag","embeddable":true,"href":"https:\/\/tourtravelandmore.com\/fr\/wp-json\/wp\/v2\/product_tag?post=99770"}],"curies":[{"name":"wp","href":"https:\/\/api.w.org\/{rel}","templated":true}]}}