{"id":99765,"date":"2020-01-22T15:42:00","date_gmt":"2020-01-22T14:42:00","guid":{"rendered":"https:\/\/tourtravelandmore.com\/tours\/non class\u00e9\/visite-privee-de-la-corogne-au-depart-de-vigo\/"},"modified":"2020-01-22T15:42:00","modified_gmt":"2020-01-22T14:42:00","slug":"visite-privee-de-la-corogne-au-depart-de-vigo","status":"publish","type":"product","link":"https:\/\/tourtravelandmore.com\/fr\/tours\/espagne-fr\/vigo-fr\/visite-privee-de-la-corogne-au-depart-de-vigo\/","title":{"rendered":"Visite priv\u00e9e de La Corogne au d\u00e9part de Vigo"},"content":{"rendered":"<h2>Description<\/h2>\n<p>Si vous s\u00e9journez dans la belle ville de Vigo ou si vous vous promenez simplement, profitez de notre visite priv\u00e9e. Profitez des merveilles de la Galice tout comme de la ville de Coru\u00f1a. C&#8217;est le voyage id\u00e9al pour vous et votre famille. C&#8217;est pourquoi vous devriez profiter de notre visite priv\u00e9e de La Corogne au d\u00e9part de Vigo.<\/p>\n<p>L&#8217;excursion priv\u00e9e de Vigo \u00e0 Coru\u00f1a est un voyage qui vous fera conna\u00eetre l&#8217;histoire de la Galice d&#8217;une mani\u00e8re diff\u00e9rente. Non seulement vous vivrez un voyage dans le temps, mais vous profiterez \u00e9galement de plats exquis, de d\u00e9gustations de vins. Ainsi qu&#8217;une richesse architecturale sans pr\u00e9c\u00e9dent.<\/p>\n<p>Cette visite est con\u00e7ue pour \u00eatre effectu\u00e9e dans un temps maximum de 8 heures. L&#8217;ensemble de la visite se fera dans un v\u00e9hicule de luxe totalement conditionn\u00e9 pour vous offrir une exp\u00e9rience sup\u00e9rieure. Vous aurez un guide priv\u00e9 officiel qui aura pour but de vous plaire. Cela fera de ce voyage une exp\u00e9rience agr\u00e9ablement inoubliable.<\/p>\n<h2>Sites d&#8217;int\u00e9r\u00eat et monuments<\/h2>\n<p>Profitez de cette visite priv\u00e9e unique de La Corogne au d\u00e9part de Vigo. Toute l&#8217;aventure commencera au moment o\u00f9 nous viendrons vous chercher au point de rendez-vous convenu.<\/p>\n<p>En fait, la Corogne est une r\u00e9gion qui est la plus appr\u00e9ci\u00e9e pendant la journ\u00e9e. Il poss\u00e8de une grande vari\u00e9t\u00e9 de mus\u00e9es tels que: Le Mus\u00e9e des Beaux-Arts, La Maison de l&#8217;Homme ou Domus. Ainsi que le mus\u00e9e arch\u00e9ologique situ\u00e9 au ch\u00e2teau de San Ant\u00f3n. Il y a aussi l&#8217;aquarium Finisterrae, pour n&#8217;en nommer que quelques-uns.<\/p>\n<p>Si vous n&#8217;aimez pas les mus\u00e9es, vous pouvez \u00e9galement vous laisser emporter par le riche patrimoine culturel et architectural de cette r\u00e9gion galicienne. Par exemple, voici le dernier phare romain encore debout. Ceci est mieux connu comme la tour d&#8217;Hercule. C&#8217;est un monument que vous devez visiter presque obligatoire.<br \/>\nContinuons cette tourn\u00e9e &#8230;<\/p>\n<p>Une autre grande attraction est les \u00e9difices religieux qui se trouvent le long de la route comme la coll\u00e9giale de Santa Mar\u00eda, c&#8217;est une \u00e9glise de style romantique tardif qui est d&#8217;une vraie beaut\u00e9 et que vous voudrez sans aucun doute visiter dans son int\u00e9gralit\u00e9. L&#8217;\u00e9glise de San Jorge est un autre monument \u00e0 ne pas manquer, un temple \u00e0 trois nefs dans le meilleur style baroque, un chef-d&#8217;\u0153uvre de son temps.<\/p>\n<p>Vous pourriez \u00e9galement \u00eatre int\u00e9ress\u00e9 par les structures qui d\u00e9finissent la ville comme l&#8217;Ob\u00e9lisque, le Millenium ou la Place Mar\u00eda Pita; ce dernier est en l&#8217;honneur d&#8217;une h\u00e9ro\u00efne du 16\u00e8me si\u00e8cle qui a averti le peuple de l&#8217;invasion de Sir Francis Drake.<\/p>\n<p>Le meilleur de tous est que pendant la visite, vous aurez l&#8217;occasion de manger les meilleurs fruits de mer de la r\u00e9gion, de d\u00e9guster du vin et de rencontrer des personnages pittoresques qui feront de votre voyage un \u00e9v\u00e9nement vraiment m\u00e9morable, jusqu&#8217;\u00e0 ce qu&#8217;\u00e0 la fin de la journ\u00e9e, nous vous laissions \u00e0 nouveau au point de rencontre \u00e0 partir duquel votre aventure a commenc\u00e9.<\/p>\n<p>Consultez nos circuits Vigo!<\/p>\n","protected":false},"excerpt":{"rendered":"<p>Visite priv\u00e9e de La Corogne au d\u00e9part de Vigo. Profitez de cette occasion pour conna\u00eetre les lieux les plus importants de La Corogne dans cette exp\u00e9rience. Guide touristique officiel priv\u00e9 et v\u00e9hicule de luxe avec chauffeur.<\/p>\n","protected":false},"featured_media":97078,"comment_status":"open","ping_status":"closed","template":"","meta":{"_acf_changed":false},"product_brand":[],"product_cat":[3541,3591],"product_tag":[],"class_list":{"0":"post-99765","1":"product","2":"type-product","3":"status-publish","4":"has-post-thumbnail","6":"product_cat-espagne-fr","7":"product_cat-vigo-fr","9":"first","10":"instock","11":"shipping-taxable","12":"purchasable","13":"product-type-simple"},"acf":[],"yoast_head":"<!-- This site is optimized with the Yoast SEO Premium plugin v25.3.1 (Yoast SEO v25.3.1) - https:\/\/yoast.com\/wordpress\/plugins\/seo\/ -->\n<title>Visite priv\u00e9e de La Corogne au d\u00e9part de Vigo - Guide priv\u00e9 et v\u00e9hicule de luxe<\/title>\n<meta name=\"description\" content=\"Visite priv\u00e9e de La Corogne au d\u00e9part de Vigo. Profitez de cette occasion pour conna\u00eetre les lieux les plus importants de La Corogne dans cette exp\u00e9rience.\" \/>\n<meta name=\"robots\" content=\"index, follow, max-snippet:-1, max-image-preview:large, max-video-preview:-1\" \/>\n<link rel=\"canonical\" href=\"https:\/\/tourtravelandmore.com\/fr\/tours\/espagne-fr\/vigo-fr\/visite-privee-de-la-corogne-au-depart-de-vigo\/\" \/>\n<meta property=\"og:locale\" content=\"fr_FR\" \/>\n<meta property=\"og:type\" content=\"article\" \/>\n<meta property=\"og:title\" content=\"Visite priv\u00e9e de La Corogne au d\u00e9part de Vigo\" \/>\n<meta property=\"og:description\" content=\"Visite priv\u00e9e de La Corogne au d\u00e9part de Vigo. Profitez de cette occasion pour conna\u00eetre les lieux les plus importants de La Corogne dans cette exp\u00e9rience.\" \/>\n<meta property=\"og:url\" content=\"https:\/\/tourtravelandmore.com\/fr\/tours\/espagne-fr\/vigo-fr\/visite-privee-de-la-corogne-au-depart-de-vigo\/\" \/>\n<meta property=\"og:site_name\" content=\"Tour Travel And More\" \/>\n<meta property=\"article:publisher\" content=\"https:\/\/www.facebook.com\/tourtravelandmore\/\" \/>\n<meta property=\"og:image\" content=\"https:\/\/tourtravelandmore.com\/wp-content\/uploads\/2020\/01\/coru\u00f1a-4-1-1024x683.jpg\" \/>\n\t<meta property=\"og:image:width\" content=\"1024\" \/>\n\t<meta property=\"og:image:height\" content=\"683\" \/>\n\t<meta property=\"og:image:type\" content=\"image\/jpeg\" \/>\n<meta name=\"twitter:card\" content=\"summary_large_image\" \/>\n<meta name=\"twitter:site\" content=\"@TourTravel_More\" \/>\n<meta name=\"twitter:label1\" content=\"Dur\u00e9e de lecture estim\u00e9e\" \/>\n\t<meta name=\"twitter:data1\" content=\"3 minutes\" \/>\n<script type=\"application\/ld+json\" class=\"yoast-schema-graph\">{\"@context\":\"https:\/\/schema.org\",\"@graph\":[{\"@type\":\"WebPage\",\"@id\":\"https:\/\/tourtravelandmore.com\/fr\/tours\/espagne-fr\/vigo-fr\/visite-privee-de-la-corogne-au-depart-de-vigo\/\",\"url\":\"https:\/\/tourtravelandmore.com\/fr\/tours\/espagne-fr\/vigo-fr\/visite-privee-de-la-corogne-au-depart-de-vigo\/\",\"name\":\"Visite priv\u00e9e de La Corogne au d\u00e9part de Vigo - Guide priv\u00e9 et v\u00e9hicule de luxe\",\"isPartOf\":{\"@id\":\"https:\/\/tourtravelandmore.com\/fr\/#website\"},\"primaryImageOfPage\":{\"@id\":\"https:\/\/tourtravelandmore.com\/fr\/tours\/espagne-fr\/vigo-fr\/visite-privee-de-la-corogne-au-depart-de-vigo\/#primaryimage\"},\"image\":{\"@id\":\"https:\/\/tourtravelandmore.com\/fr\/tours\/espagne-fr\/vigo-fr\/visite-privee-de-la-corogne-au-depart-de-vigo\/#primaryimage\"},\"thumbnailUrl\":\"https:\/\/tourtravelandmore.com\/wp-content\/uploads\/2020\/01\/coru\u00f1a-4-1.jpg\",\"datePublished\":\"2020-01-22T14:42:00+00:00\",\"description\":\"Visite priv\u00e9e de La Corogne au d\u00e9part de Vigo. Profitez de cette occasion pour conna\u00eetre les lieux les plus importants de La Corogne dans cette exp\u00e9rience.\",\"breadcrumb\":{\"@id\":\"https:\/\/tourtravelandmore.com\/fr\/tours\/espagne-fr\/vigo-fr\/visite-privee-de-la-corogne-au-depart-de-vigo\/#breadcrumb\"},\"inLanguage\":\"fr-FR\",\"potentialAction\":[{\"@type\":\"ReadAction\",\"target\":[\"https:\/\/tourtravelandmore.com\/fr\/tours\/espagne-fr\/vigo-fr\/visite-privee-de-la-corogne-au-depart-de-vigo\/\"]}]},{\"@type\":\"ImageObject\",\"inLanguage\":\"fr-FR\",\"@id\":\"https:\/\/tourtravelandmore.com\/fr\/tours\/espagne-fr\/vigo-fr\/visite-privee-de-la-corogne-au-depart-de-vigo\/#primaryimage\",\"url\":\"https:\/\/tourtravelandmore.com\/wp-content\/uploads\/2020\/01\/coru\u00f1a-4-1.jpg\",\"contentUrl\":\"https:\/\/tourtravelandmore.com\/wp-content\/uploads\/2020\/01\/coru\u00f1a-4-1.jpg\",\"width\":4029,\"height\":2686},{\"@type\":\"BreadcrumbList\",\"@id\":\"https:\/\/tourtravelandmore.com\/fr\/tours\/espagne-fr\/vigo-fr\/visite-privee-de-la-corogne-au-depart-de-vigo\/#breadcrumb\",\"itemListElement\":[{\"@type\":\"ListItem\",\"position\":1,\"name\":\"Home\",\"item\":\"https:\/\/tourtravelandmore.com\/fr\/\"},{\"@type\":\"ListItem\",\"position\":2,\"name\":\"Tours\",\"item\":\"https:\/\/tourtravelandmore.com\/fr\/tours\/\"},{\"@type\":\"ListItem\",\"position\":3,\"name\":\"Visite priv\u00e9e de La Corogne au d\u00e9part de Vigo\"}]},{\"@type\":\"WebSite\",\"@id\":\"https:\/\/tourtravelandmore.com\/fr\/#website\",\"url\":\"https:\/\/tourtravelandmore.com\/fr\/\",\"name\":\"Tour Travel And More\",\"description\":\"Private sightseeing tours and luxury transfers in Spain\",\"publisher\":{\"@id\":\"https:\/\/tourtravelandmore.com\/fr\/#organization\"},\"potentialAction\":[{\"@type\":\"SearchAction\",\"target\":{\"@type\":\"EntryPoint\",\"urlTemplate\":\"https:\/\/tourtravelandmore.com\/fr\/?s={search_term_string}\"},\"query-input\":{\"@type\":\"PropertyValueSpecification\",\"valueRequired\":true,\"valueName\":\"search_term_string\"}}],\"inLanguage\":\"fr-FR\"},{\"@type\":\"Organization\",\"@id\":\"https:\/\/tourtravelandmore.com\/fr\/#organization\",\"name\":\"Tour Travel And More\",\"url\":\"https:\/\/tourtravelandmore.com\/fr\/\",\"logo\":{\"@type\":\"ImageObject\",\"inLanguage\":\"fr-FR\",\"@id\":\"https:\/\/tourtravelandmore.com\/fr\/#\/schema\/logo\/image\/\",\"url\":\"https:\/\/tourtravelandmore.com\/wp-content\/uploads\/2022\/12\/cropped-logo-cabecera-new.png\",\"contentUrl\":\"https:\/\/tourtravelandmore.com\/wp-content\/uploads\/2022\/12\/cropped-logo-cabecera-new.png\",\"width\":430,\"height\":61,\"caption\":\"Tour Travel And More\"},\"image\":{\"@id\":\"https:\/\/tourtravelandmore.com\/fr\/#\/schema\/logo\/image\/\"},\"sameAs\":[\"https:\/\/www.facebook.com\/tourtravelandmore\/\",\"https:\/\/x.com\/TourTravel_More\"]}]}<\/script>\n<!-- \/ Yoast SEO Premium plugin. -->","yoast_head_json":{"title":"Visite priv\u00e9e de La Corogne au d\u00e9part de Vigo - Guide priv\u00e9 et v\u00e9hicule de luxe","description":"Visite priv\u00e9e de La Corogne au d\u00e9part de Vigo. Profitez de cette occasion pour conna\u00eetre les lieux les plus importants de La Corogne dans cette exp\u00e9rience.","robots":{"index":"index","follow":"follow","max-snippet":"max-snippet:-1","max-image-preview":"max-image-preview:large","max-video-preview":"max-video-preview:-1"},"canonical":"https:\/\/tourtravelandmore.com\/fr\/tours\/espagne-fr\/vigo-fr\/visite-privee-de-la-corogne-au-depart-de-vigo\/","og_locale":"fr_FR","og_type":"article","og_title":"Visite priv\u00e9e de La Corogne au d\u00e9part de Vigo","og_description":"Visite priv\u00e9e de La Corogne au d\u00e9part de Vigo. Profitez de cette occasion pour conna\u00eetre les lieux les plus importants de La Corogne dans cette exp\u00e9rience.","og_url":"https:\/\/tourtravelandmore.com\/fr\/tours\/espagne-fr\/vigo-fr\/visite-privee-de-la-corogne-au-depart-de-vigo\/","og_site_name":"Tour Travel And More","article_publisher":"https:\/\/www.facebook.com\/tourtravelandmore\/","og_image":[{"width":1024,"height":683,"url":"https:\/\/tourtravelandmore.com\/wp-content\/uploads\/2020\/01\/coru\u00f1a-4-1-1024x683.jpg","type":"image\/jpeg"}],"twitter_card":"summary_large_image","twitter_site":"@TourTravel_More","twitter_misc":{"Dur\u00e9e de lecture estim\u00e9e":"3 minutes"},"schema":{"@context":"https:\/\/schema.org","@graph":[{"@type":"WebPage","@id":"https:\/\/tourtravelandmore.com\/fr\/tours\/espagne-fr\/vigo-fr\/visite-privee-de-la-corogne-au-depart-de-vigo\/","url":"https:\/\/tourtravelandmore.com\/fr\/tours\/espagne-fr\/vigo-fr\/visite-privee-de-la-corogne-au-depart-de-vigo\/","name":"Visite priv\u00e9e de La Corogne au d\u00e9part de Vigo - Guide priv\u00e9 et v\u00e9hicule de luxe","isPartOf":{"@id":"https:\/\/tourtravelandmore.com\/fr\/#website"},"primaryImageOfPage":{"@id":"https:\/\/tourtravelandmore.com\/fr\/tours\/espagne-fr\/vigo-fr\/visite-privee-de-la-corogne-au-depart-de-vigo\/#primaryimage"},"image":{"@id":"https:\/\/tourtravelandmore.com\/fr\/tours\/espagne-fr\/vigo-fr\/visite-privee-de-la-corogne-au-depart-de-vigo\/#primaryimage"},"thumbnailUrl":"https:\/\/tourtravelandmore.com\/wp-content\/uploads\/2020\/01\/coru\u00f1a-4-1.jpg","datePublished":"2020-01-22T14:42:00+00:00","description":"Visite priv\u00e9e de La Corogne au d\u00e9part de Vigo. Profitez de cette occasion pour conna\u00eetre les lieux les plus importants de La Corogne dans cette exp\u00e9rience.","breadcrumb":{"@id":"https:\/\/tourtravelandmore.com\/fr\/tours\/espagne-fr\/vigo-fr\/visite-privee-de-la-corogne-au-depart-de-vigo\/#breadcrumb"},"inLanguage":"fr-FR","potentialAction":[{"@type":"ReadAction","target":["https:\/\/tourtravelandmore.com\/fr\/tours\/espagne-fr\/vigo-fr\/visite-privee-de-la-corogne-au-depart-de-vigo\/"]}]},{"@type":"ImageObject","inLanguage":"fr-FR","@id":"https:\/\/tourtravelandmore.com\/fr\/tours\/espagne-fr\/vigo-fr\/visite-privee-de-la-corogne-au-depart-de-vigo\/#primaryimage","url":"https:\/\/tourtravelandmore.com\/wp-content\/uploads\/2020\/01\/coru\u00f1a-4-1.jpg","contentUrl":"https:\/\/tourtravelandmore.com\/wp-content\/uploads\/2020\/01\/coru\u00f1a-4-1.jpg","width":4029,"height":2686},{"@type":"BreadcrumbList","@id":"https:\/\/tourtravelandmore.com\/fr\/tours\/espagne-fr\/vigo-fr\/visite-privee-de-la-corogne-au-depart-de-vigo\/#breadcrumb","itemListElement":[{"@type":"ListItem","position":1,"name":"Home","item":"https:\/\/tourtravelandmore.com\/fr\/"},{"@type":"ListItem","position":2,"name":"Tours","item":"https:\/\/tourtravelandmore.com\/fr\/tours\/"},{"@type":"ListItem","position":3,"name":"Visite priv\u00e9e de La Corogne au d\u00e9part de Vigo"}]},{"@type":"WebSite","@id":"https:\/\/tourtravelandmore.com\/fr\/#website","url":"https:\/\/tourtravelandmore.com\/fr\/","name":"Tour Travel And More","description":"Private sightseeing tours and luxury transfers in Spain","publisher":{"@id":"https:\/\/tourtravelandmore.com\/fr\/#organization"},"potentialAction":[{"@type":"SearchAction","target":{"@type":"EntryPoint","urlTemplate":"https:\/\/tourtravelandmore.com\/fr\/?s={search_term_string}"},"query-input":{"@type":"PropertyValueSpecification","valueRequired":true,"valueName":"search_term_string"}}],"inLanguage":"fr-FR"},{"@type":"Organization","@id":"https:\/\/tourtravelandmore.com\/fr\/#organization","name":"Tour Travel And More","url":"https:\/\/tourtravelandmore.com\/fr\/","logo":{"@type":"ImageObject","inLanguage":"fr-FR","@id":"https:\/\/tourtravelandmore.com\/fr\/#\/schema\/logo\/image\/","url":"https:\/\/tourtravelandmore.com\/wp-content\/uploads\/2022\/12\/cropped-logo-cabecera-new.png","contentUrl":"https:\/\/tourtravelandmore.com\/wp-content\/uploads\/2022\/12\/cropped-logo-cabecera-new.png","width":430,"height":61,"caption":"Tour Travel And More"},"image":{"@id":"https:\/\/tourtravelandmore.com\/fr\/#\/schema\/logo\/image\/"},"sameAs":["https:\/\/www.facebook.com\/tourtravelandmore\/","https:\/\/x.com\/TourTravel_More"]}]}},"_links":{"self":[{"href":"https:\/\/tourtravelandmore.com\/fr\/wp-json\/wp\/v2\/product\/99765","targetHints":{"allow":["GET"]}}],"collection":[{"href":"https:\/\/tourtravelandmore.com\/fr\/wp-json\/wp\/v2\/product"}],"about":[{"href":"https:\/\/tourtravelandmore.com\/fr\/wp-json\/wp\/v2\/types\/product"}],"replies":[{"embeddable":true,"href":"https:\/\/tourtravelandmore.com\/fr\/wp-json\/wp\/v2\/comments?post=99765"}],"wp:featuredmedia":[{"embeddable":true,"href":"https:\/\/tourtravelandmore.com\/fr\/wp-json\/wp\/v2\/media\/97078"}],"wp:attachment":[{"href":"https:\/\/tourtravelandmore.com\/fr\/wp-json\/wp\/v2\/media?parent=99765"}],"wp:term":[{"taxonomy":"product_brand","embeddable":true,"href":"https:\/\/tourtravelandmore.com\/fr\/wp-json\/wp\/v2\/product_brand?post=99765"},{"taxonomy":"product_cat","embeddable":true,"href":"https:\/\/tourtravelandmore.com\/fr\/wp-json\/wp\/v2\/product_cat?post=99765"},{"taxonomy":"product_tag","embeddable":true,"href":"https:\/\/tourtravelandmore.com\/fr\/wp-json\/wp\/v2\/product_tag?post=99765"}],"curies":[{"name":"wp","href":"https:\/\/api.w.org\/{rel}","templated":true}]}}