{"id":99760,"date":"2017-01-24T09:51:32","date_gmt":"2017-01-24T08:51:32","guid":{"rendered":"https:\/\/tourtravelandmore.com\/tours\/non class\u00e9\/visite-privee-de-lugo\/"},"modified":"2017-01-24T09:51:32","modified_gmt":"2017-01-24T08:51:32","slug":"visite-privee-de-lugo","status":"publish","type":"product","link":"https:\/\/tourtravelandmore.com\/fr\/tours\/espagne-fr\/lugo-fr\/visite-privee-de-lugo\/","title":{"rendered":"Visite priv\u00e9e de Lugo"},"content":{"rendered":"<h2>Description<\/h2>\n<p>Cette visite priv\u00e9e de Lugo est une visite \u00e0 pied parfaite pour d\u00e9couvrir le c\u0153ur du centre-ville de Lugo. Lugo est une ville galicienne situ\u00e9e dans la partie nord-ouest de l&#8217;Espagne. C&#8217;est une petite ville et la quatri\u00e8me ville la plus peupl\u00e9e de Galice.<\/p>\n<p>Lugo est une ville magnifique. C&#8217;est la seule ville au monde enti\u00e8rement entour\u00e9e de murs romains. Il a une hauteur de 10 \u00e0 15 m\u00e8tres et une longueur de 2 117 m\u00e8tres. Vous pouvez m\u00eame voir 71 tours ici! Un arr\u00eat photo unique! Ces murs du 3\u00e8me si\u00e8cle sont \u00e9videmment prot\u00e9g\u00e9s par l&#8217;UNESCO en tant que site du patrimoine mondial.<\/p>\n<p>Cette visite priv\u00e9e d\u00e9butera \u00e0 partir d&#8217;un point de rendez-vous central. Si votre h\u00f4tel est situ\u00e9 au centre, nous pouvons organiser une prise en charge priv\u00e9e \u00e0 partir de l\u00e0. Sinon, pas de probl\u00e8me, nous nous retrouverons dans le centre-ville.<\/p>\n<p>Une fois que vous avez rencontr\u00e9 votre guide priv\u00e9, nous commencerons cette visite priv\u00e9e. Profitez du meilleur de la ville de Lugo et profitez des merveilles de la ville!<\/p>\n<h2>Sites d&#8217;int\u00e9r\u00eat et monuments<\/h2>\n<p>Apr\u00e8s une prise en charge confortable, nous commencerons cette visite priv\u00e9e!<\/p>\n<p>Apprenez \u00e0 conna\u00eetre des sites uniques tels que:<\/p>\n<ul>\n<li>Muraille romaine &#8211; Site du patrimoine mondial de l&#8217;UNESCO<\/li>\n<li>Cath\u00e9drale de Lugo<\/li>\n<li>Vue du mus\u00e9e provincial de Lugo<\/li>\n<li>Marcelle Natureza<\/li>\n<li>Domus Mitreo<\/li>\n<li>Plaza Santa Maria<\/li>\n<li>Piscine romaine (mus\u00e9e)<\/li>\n<li>Casa dos Mosaicos<\/li>\n<li>Beaucoup plus!<\/li>\n<\/ul>\n<p>Cette visite priv\u00e9e se terminera dans un point de rendez-vous central. Votre guide officiel priv\u00e9 vous accompagnera tout au long de cette exp\u00e9rience unique pour d\u00e9couvrir les secrets de Lugo.<\/p>\n<p>Jetez un \u0153il \u00e0 nos visites priv\u00e9es de Lugo!<\/p>\n","protected":false},"excerpt":{"rendered":"<p>Visite priv\u00e9e de Lugo. Guide touristique officiel priv\u00e9 et d\u00e9couvrez les sites les plus embl\u00e9matiques de Lugo. Apprenez \u00e0 conna\u00eetre des sites uniques comme la Muralla du IIIe si\u00e8cle.<\/p>\n","protected":false},"featured_media":94115,"comment_status":"open","ping_status":"closed","template":"","meta":{"_acf_changed":false},"product_brand":[],"product_cat":[3590],"product_tag":[],"class_list":{"0":"post-99760","1":"product","2":"type-product","3":"status-publish","4":"has-post-thumbnail","6":"product_cat-lugo-fr","8":"first","9":"instock","10":"shipping-taxable","11":"purchasable","12":"product-type-simple"},"acf":[],"yoast_head":"<!-- This site is optimized with the Yoast SEO Premium plugin v25.3.1 (Yoast SEO v25.3.1) - https:\/\/yoast.com\/wordpress\/plugins\/seo\/ -->\n<title>Visite priv\u00e9e de Lugo - Guide touristique officiel priv\u00e9 pendant 3 heures<\/title>\n<meta name=\"description\" content=\"Visite priv\u00e9e de Lugo. Guide touristique officiel priv\u00e9 et d\u00e9couvrez les sites les plus embl\u00e9matiques de Lugo. Apprenez \u00e0 conna\u00eetre des sites uniques comme la Muralla du IIIe si\u00e8cle.\" \/>\n<meta name=\"robots\" content=\"index, follow, max-snippet:-1, max-image-preview:large, max-video-preview:-1\" \/>\n<link rel=\"canonical\" href=\"https:\/\/tourtravelandmore.com\/fr\/tours\/espagne-fr\/lugo-fr\/visite-privee-de-lugo\/\" \/>\n<meta property=\"og:locale\" content=\"fr_FR\" \/>\n<meta property=\"og:type\" content=\"article\" \/>\n<meta property=\"og:title\" content=\"Visite priv\u00e9e de Lugo\" \/>\n<meta property=\"og:description\" content=\"Visite priv\u00e9e de Lugo. Guide touristique officiel priv\u00e9 et d\u00e9couvrez les sites les plus embl\u00e9matiques de Lugo. Apprenez \u00e0 conna\u00eetre des sites uniques comme la Muralla du IIIe si\u00e8cle.\" \/>\n<meta property=\"og:url\" content=\"https:\/\/tourtravelandmore.com\/fr\/tours\/espagne-fr\/lugo-fr\/visite-privee-de-lugo\/\" \/>\n<meta property=\"og:site_name\" content=\"Tour Travel And More\" \/>\n<meta property=\"article:publisher\" content=\"https:\/\/www.facebook.com\/tourtravelandmore\/\" \/>\n<meta property=\"og:image\" content=\"https:\/\/tourtravelandmore.com\/wp-content\/uploads\/2017\/01\/Lugo-02.jpg\" \/>\n\t<meta property=\"og:image:width\" content=\"640\" \/>\n\t<meta property=\"og:image:height\" content=\"480\" \/>\n\t<meta property=\"og:image:type\" content=\"image\/jpeg\" \/>\n<meta name=\"twitter:card\" content=\"summary_large_image\" \/>\n<meta name=\"twitter:site\" content=\"@TourTravel_More\" \/>\n<meta name=\"twitter:label1\" content=\"Dur\u00e9e de lecture estim\u00e9e\" \/>\n\t<meta name=\"twitter:data1\" content=\"1 minute\" \/>\n<script type=\"application\/ld+json\" class=\"yoast-schema-graph\">{\"@context\":\"https:\/\/schema.org\",\"@graph\":[{\"@type\":\"WebPage\",\"@id\":\"https:\/\/tourtravelandmore.com\/fr\/tours\/espagne-fr\/lugo-fr\/visite-privee-de-lugo\/\",\"url\":\"https:\/\/tourtravelandmore.com\/fr\/tours\/espagne-fr\/lugo-fr\/visite-privee-de-lugo\/\",\"name\":\"Visite priv\u00e9e de Lugo - Guide touristique officiel priv\u00e9 pendant 3 heures\",\"isPartOf\":{\"@id\":\"https:\/\/tourtravelandmore.com\/fr\/#website\"},\"primaryImageOfPage\":{\"@id\":\"https:\/\/tourtravelandmore.com\/fr\/tours\/espagne-fr\/lugo-fr\/visite-privee-de-lugo\/#primaryimage\"},\"image\":{\"@id\":\"https:\/\/tourtravelandmore.com\/fr\/tours\/espagne-fr\/lugo-fr\/visite-privee-de-lugo\/#primaryimage\"},\"thumbnailUrl\":\"https:\/\/tourtravelandmore.com\/wp-content\/uploads\/2017\/01\/Lugo-02.jpg\",\"datePublished\":\"2017-01-24T08:51:32+00:00\",\"description\":\"Visite priv\u00e9e de Lugo. Guide touristique officiel priv\u00e9 et d\u00e9couvrez les sites les plus embl\u00e9matiques de Lugo. Apprenez \u00e0 conna\u00eetre des sites uniques comme la Muralla du IIIe si\u00e8cle.\",\"breadcrumb\":{\"@id\":\"https:\/\/tourtravelandmore.com\/fr\/tours\/espagne-fr\/lugo-fr\/visite-privee-de-lugo\/#breadcrumb\"},\"inLanguage\":\"fr-FR\",\"potentialAction\":[{\"@type\":\"ReadAction\",\"target\":[\"https:\/\/tourtravelandmore.com\/fr\/tours\/espagne-fr\/lugo-fr\/visite-privee-de-lugo\/\"]}]},{\"@type\":\"ImageObject\",\"inLanguage\":\"fr-FR\",\"@id\":\"https:\/\/tourtravelandmore.com\/fr\/tours\/espagne-fr\/lugo-fr\/visite-privee-de-lugo\/#primaryimage\",\"url\":\"https:\/\/tourtravelandmore.com\/wp-content\/uploads\/2017\/01\/Lugo-02.jpg\",\"contentUrl\":\"https:\/\/tourtravelandmore.com\/wp-content\/uploads\/2017\/01\/Lugo-02.jpg\",\"width\":640,\"height\":480},{\"@type\":\"BreadcrumbList\",\"@id\":\"https:\/\/tourtravelandmore.com\/fr\/tours\/espagne-fr\/lugo-fr\/visite-privee-de-lugo\/#breadcrumb\",\"itemListElement\":[{\"@type\":\"ListItem\",\"position\":1,\"name\":\"Home\",\"item\":\"https:\/\/tourtravelandmore.com\/fr\/\"},{\"@type\":\"ListItem\",\"position\":2,\"name\":\"Tours\",\"item\":\"https:\/\/tourtravelandmore.com\/fr\/tours\/\"},{\"@type\":\"ListItem\",\"position\":3,\"name\":\"Visite priv\u00e9e de Lugo\"}]},{\"@type\":\"WebSite\",\"@id\":\"https:\/\/tourtravelandmore.com\/fr\/#website\",\"url\":\"https:\/\/tourtravelandmore.com\/fr\/\",\"name\":\"Tour Travel And More\",\"description\":\"Private sightseeing tours and luxury transfers in Spain\",\"publisher\":{\"@id\":\"https:\/\/tourtravelandmore.com\/fr\/#organization\"},\"potentialAction\":[{\"@type\":\"SearchAction\",\"target\":{\"@type\":\"EntryPoint\",\"urlTemplate\":\"https:\/\/tourtravelandmore.com\/fr\/?s={search_term_string}\"},\"query-input\":{\"@type\":\"PropertyValueSpecification\",\"valueRequired\":true,\"valueName\":\"search_term_string\"}}],\"inLanguage\":\"fr-FR\"},{\"@type\":\"Organization\",\"@id\":\"https:\/\/tourtravelandmore.com\/fr\/#organization\",\"name\":\"Tour Travel And More\",\"url\":\"https:\/\/tourtravelandmore.com\/fr\/\",\"logo\":{\"@type\":\"ImageObject\",\"inLanguage\":\"fr-FR\",\"@id\":\"https:\/\/tourtravelandmore.com\/fr\/#\/schema\/logo\/image\/\",\"url\":\"https:\/\/tourtravelandmore.com\/wp-content\/uploads\/2022\/12\/cropped-logo-cabecera-new.png\",\"contentUrl\":\"https:\/\/tourtravelandmore.com\/wp-content\/uploads\/2022\/12\/cropped-logo-cabecera-new.png\",\"width\":430,\"height\":61,\"caption\":\"Tour Travel And More\"},\"image\":{\"@id\":\"https:\/\/tourtravelandmore.com\/fr\/#\/schema\/logo\/image\/\"},\"sameAs\":[\"https:\/\/www.facebook.com\/tourtravelandmore\/\",\"https:\/\/x.com\/TourTravel_More\"]}]}<\/script>\n<!-- \/ Yoast SEO Premium plugin. -->","yoast_head_json":{"title":"Visite priv\u00e9e de Lugo - Guide touristique officiel priv\u00e9 pendant 3 heures","description":"Visite priv\u00e9e de Lugo. Guide touristique officiel priv\u00e9 et d\u00e9couvrez les sites les plus embl\u00e9matiques de Lugo. Apprenez \u00e0 conna\u00eetre des sites uniques comme la Muralla du IIIe si\u00e8cle.","robots":{"index":"index","follow":"follow","max-snippet":"max-snippet:-1","max-image-preview":"max-image-preview:large","max-video-preview":"max-video-preview:-1"},"canonical":"https:\/\/tourtravelandmore.com\/fr\/tours\/espagne-fr\/lugo-fr\/visite-privee-de-lugo\/","og_locale":"fr_FR","og_type":"article","og_title":"Visite priv\u00e9e de Lugo","og_description":"Visite priv\u00e9e de Lugo. Guide touristique officiel priv\u00e9 et d\u00e9couvrez les sites les plus embl\u00e9matiques de Lugo. Apprenez \u00e0 conna\u00eetre des sites uniques comme la Muralla du IIIe si\u00e8cle.","og_url":"https:\/\/tourtravelandmore.com\/fr\/tours\/espagne-fr\/lugo-fr\/visite-privee-de-lugo\/","og_site_name":"Tour Travel And More","article_publisher":"https:\/\/www.facebook.com\/tourtravelandmore\/","og_image":[{"width":640,"height":480,"url":"https:\/\/tourtravelandmore.com\/wp-content\/uploads\/2017\/01\/Lugo-02.jpg","type":"image\/jpeg"}],"twitter_card":"summary_large_image","twitter_site":"@TourTravel_More","twitter_misc":{"Dur\u00e9e de lecture estim\u00e9e":"1 minute"},"schema":{"@context":"https:\/\/schema.org","@graph":[{"@type":"WebPage","@id":"https:\/\/tourtravelandmore.com\/fr\/tours\/espagne-fr\/lugo-fr\/visite-privee-de-lugo\/","url":"https:\/\/tourtravelandmore.com\/fr\/tours\/espagne-fr\/lugo-fr\/visite-privee-de-lugo\/","name":"Visite priv\u00e9e de Lugo - Guide touristique officiel priv\u00e9 pendant 3 heures","isPartOf":{"@id":"https:\/\/tourtravelandmore.com\/fr\/#website"},"primaryImageOfPage":{"@id":"https:\/\/tourtravelandmore.com\/fr\/tours\/espagne-fr\/lugo-fr\/visite-privee-de-lugo\/#primaryimage"},"image":{"@id":"https:\/\/tourtravelandmore.com\/fr\/tours\/espagne-fr\/lugo-fr\/visite-privee-de-lugo\/#primaryimage"},"thumbnailUrl":"https:\/\/tourtravelandmore.com\/wp-content\/uploads\/2017\/01\/Lugo-02.jpg","datePublished":"2017-01-24T08:51:32+00:00","description":"Visite priv\u00e9e de Lugo. Guide touristique officiel priv\u00e9 et d\u00e9couvrez les sites les plus embl\u00e9matiques de Lugo. Apprenez \u00e0 conna\u00eetre des sites uniques comme la Muralla du IIIe si\u00e8cle.","breadcrumb":{"@id":"https:\/\/tourtravelandmore.com\/fr\/tours\/espagne-fr\/lugo-fr\/visite-privee-de-lugo\/#breadcrumb"},"inLanguage":"fr-FR","potentialAction":[{"@type":"ReadAction","target":["https:\/\/tourtravelandmore.com\/fr\/tours\/espagne-fr\/lugo-fr\/visite-privee-de-lugo\/"]}]},{"@type":"ImageObject","inLanguage":"fr-FR","@id":"https:\/\/tourtravelandmore.com\/fr\/tours\/espagne-fr\/lugo-fr\/visite-privee-de-lugo\/#primaryimage","url":"https:\/\/tourtravelandmore.com\/wp-content\/uploads\/2017\/01\/Lugo-02.jpg","contentUrl":"https:\/\/tourtravelandmore.com\/wp-content\/uploads\/2017\/01\/Lugo-02.jpg","width":640,"height":480},{"@type":"BreadcrumbList","@id":"https:\/\/tourtravelandmore.com\/fr\/tours\/espagne-fr\/lugo-fr\/visite-privee-de-lugo\/#breadcrumb","itemListElement":[{"@type":"ListItem","position":1,"name":"Home","item":"https:\/\/tourtravelandmore.com\/fr\/"},{"@type":"ListItem","position":2,"name":"Tours","item":"https:\/\/tourtravelandmore.com\/fr\/tours\/"},{"@type":"ListItem","position":3,"name":"Visite priv\u00e9e de Lugo"}]},{"@type":"WebSite","@id":"https:\/\/tourtravelandmore.com\/fr\/#website","url":"https:\/\/tourtravelandmore.com\/fr\/","name":"Tour Travel And More","description":"Private sightseeing tours and luxury transfers in Spain","publisher":{"@id":"https:\/\/tourtravelandmore.com\/fr\/#organization"},"potentialAction":[{"@type":"SearchAction","target":{"@type":"EntryPoint","urlTemplate":"https:\/\/tourtravelandmore.com\/fr\/?s={search_term_string}"},"query-input":{"@type":"PropertyValueSpecification","valueRequired":true,"valueName":"search_term_string"}}],"inLanguage":"fr-FR"},{"@type":"Organization","@id":"https:\/\/tourtravelandmore.com\/fr\/#organization","name":"Tour Travel And More","url":"https:\/\/tourtravelandmore.com\/fr\/","logo":{"@type":"ImageObject","inLanguage":"fr-FR","@id":"https:\/\/tourtravelandmore.com\/fr\/#\/schema\/logo\/image\/","url":"https:\/\/tourtravelandmore.com\/wp-content\/uploads\/2022\/12\/cropped-logo-cabecera-new.png","contentUrl":"https:\/\/tourtravelandmore.com\/wp-content\/uploads\/2022\/12\/cropped-logo-cabecera-new.png","width":430,"height":61,"caption":"Tour Travel And More"},"image":{"@id":"https:\/\/tourtravelandmore.com\/fr\/#\/schema\/logo\/image\/"},"sameAs":["https:\/\/www.facebook.com\/tourtravelandmore\/","https:\/\/x.com\/TourTravel_More"]}]}},"_links":{"self":[{"href":"https:\/\/tourtravelandmore.com\/fr\/wp-json\/wp\/v2\/product\/99760","targetHints":{"allow":["GET"]}}],"collection":[{"href":"https:\/\/tourtravelandmore.com\/fr\/wp-json\/wp\/v2\/product"}],"about":[{"href":"https:\/\/tourtravelandmore.com\/fr\/wp-json\/wp\/v2\/types\/product"}],"replies":[{"embeddable":true,"href":"https:\/\/tourtravelandmore.com\/fr\/wp-json\/wp\/v2\/comments?post=99760"}],"wp:featuredmedia":[{"embeddable":true,"href":"https:\/\/tourtravelandmore.com\/fr\/wp-json\/wp\/v2\/media\/94115"}],"wp:attachment":[{"href":"https:\/\/tourtravelandmore.com\/fr\/wp-json\/wp\/v2\/media?parent=99760"}],"wp:term":[{"taxonomy":"product_brand","embeddable":true,"href":"https:\/\/tourtravelandmore.com\/fr\/wp-json\/wp\/v2\/product_brand?post=99760"},{"taxonomy":"product_cat","embeddable":true,"href":"https:\/\/tourtravelandmore.com\/fr\/wp-json\/wp\/v2\/product_cat?post=99760"},{"taxonomy":"product_tag","embeddable":true,"href":"https:\/\/tourtravelandmore.com\/fr\/wp-json\/wp\/v2\/product_tag?post=99760"}],"curies":[{"name":"wp","href":"https:\/\/api.w.org\/{rel}","templated":true}]}}