{"id":99755,"date":"2017-01-24T10:07:53","date_gmt":"2017-01-24T09:07:53","guid":{"rendered":"https:\/\/tourtravelandmore.com\/tours\/non class\u00e9\/visite-privee-de-pontevedra\/"},"modified":"2017-01-24T10:07:53","modified_gmt":"2017-01-24T09:07:53","slug":"visite-privee-de-pontevedra","status":"publish","type":"product","link":"https:\/\/tourtravelandmore.com\/fr\/tours\/espagne-fr\/pontevedra-fr\/visite-privee-de-pontevedra\/","title":{"rendered":"Visite priv\u00e9e de Pontevedra"},"content":{"rendered":"<h2>Description<\/h2>\n<p>Profitez de cette visite priv\u00e9e de Pontevedra avec votre guide officiel. D\u00e9couvrez les sites les plus embl\u00e9matiques de Pontevedra avec Tour Travel &amp; More.<\/p>\n<p>Cette visite priv\u00e9e commencera \u00e0 partir de votre h\u00f4tel s&#8217;il est situ\u00e9 au centre. Si ce n&#8217;est pas le cas, vous pouvez rencontrer votre guide officiel dans un point de rendez-vous central du centre-ville.<\/p>\n<p>Une fois que vous avez rencontr\u00e9 votre guide officiel priv\u00e9, nous commencerons cette visite priv\u00e9e de Pontevedra. Vous apprendrez \u00e0 conna\u00eetre les sites les plus importants et l&#8217;emplacement de la ville galicienne.<\/p>\n<p>Si vous venez de l&#8217;ext\u00e9rieur de la ville, nous pouvons \u00e9galement organiser un transport priv\u00e9 si vous en avez besoin.<\/p>\n<h2>Sites d&#8217;int\u00e9r\u00eat et monuments<\/h2>\n<p>D\u00e9couvrez ce que vous appr\u00e9cierez lors de cette visite priv\u00e9e de Pontevedra.<\/p>\n<ul>\n<li>Capela da Peregrina<\/li>\n<li>Vue du Sexto Edificio<\/li>\n<li>Monast\u00e8re de Santa Maria de Armenteira<\/li>\n<li>Iglesia de Santa Maria la Mayor: l&#8217;un des temples les plus importants de<\/li>\n<li>Pazo de Louriz\u00e1n<\/li>\n<li>Praza Da Le\u00f1a<\/li>\n<li>Ru\u00ednas de San Domingos<\/li>\n<li>Beaucoup plus!<\/li>\n<\/ul>\n<p>Aux c\u00f4t\u00e9s de votre guide officiel priv\u00e9, nous vous emm\u00e8nerons dans les lieux les plus importants de cette belle ville.<\/p>\n<p>D\u00e9couvrez l&#8217;histoire et les sites historiques que cette ville a \u00e0 offrir. Vous d\u00e9couvrirez les secrets de Pontevedra. Vous y trouverez des b\u00e2timents du XIXe si\u00e8cle comme la mairie ainsi que des ruines de l&#8217;\u00e9glise de Saint-Domingue et des remparts m\u00e9di\u00e9vaux.<\/p>\n<p>Rejoignez-nous sur cette exp\u00e9rience priv\u00e9e pour apprendre la v\u00e9ritable histoire de Pontevedra.<br \/>\nVille de Pontevedra<\/p>\n<p>Pontevedra est la deuxi\u00e8me ville de Galice apr\u00e8s Saint-Jacques-de-Compostelle avec le plus de monuments et de faits historiques. Vous devez prendre du temps en dehors de votre emploi du temps pour visiter ces sites uniques qui incluent le sanctuaire de Pereguina, la basilique de Santa Maria, des places uniques (Plazas) et bien plus encore!<\/p>\n<p>D\u00e9couvrez nos autres circuits priv\u00e9s \u00e0 Pontevedra!<\/p>\n","protected":false},"excerpt":{"rendered":"<p>Guide touristique officiel priv\u00e9 pour une exp\u00e9rience unique \u00e0 Pontevedra. Admirez la grande architecture et les sites touristiques de Pontevedra. Visite priv\u00e9e de Pontevedra &#8211; Guide touristique officiel priv\u00e9 pour votre visite priv\u00e9e.<\/p>\n","protected":false},"featured_media":94130,"comment_status":"open","ping_status":"closed","template":"","meta":{"_acf_changed":false},"product_brand":[],"product_cat":[3588],"product_tag":[],"class_list":{"0":"post-99755","1":"product","2":"type-product","3":"status-publish","4":"has-post-thumbnail","6":"product_cat-pontevedra-fr","8":"first","9":"instock","10":"shipping-taxable","11":"purchasable","12":"product-type-simple"},"acf":[],"yoast_head":"<!-- This site is optimized with the Yoast SEO Premium plugin v25.3.1 (Yoast SEO v25.3.1) - https:\/\/yoast.com\/wordpress\/plugins\/seo\/ -->\n<title>visite priv\u00e9e de pontevedra - guide officiel priv\u00e9 pour visite priv\u00e9e<\/title>\n<meta name=\"description\" content=\"Admirez la grande architecture et les sites touristiques de Pontevedra. Visite priv\u00e9e de Pontevedra - Guide touristique officiel priv\u00e9 pour votre visite priv\u00e9e.\" \/>\n<meta name=\"robots\" content=\"index, follow, max-snippet:-1, max-image-preview:large, max-video-preview:-1\" \/>\n<link rel=\"canonical\" href=\"https:\/\/tourtravelandmore.com\/fr\/tours\/espagne-fr\/pontevedra-fr\/visite-privee-de-pontevedra\/\" \/>\n<meta property=\"og:locale\" content=\"fr_FR\" \/>\n<meta property=\"og:type\" content=\"article\" \/>\n<meta property=\"og:title\" content=\"Visite priv\u00e9e de Pontevedra\" \/>\n<meta property=\"og:description\" content=\"Admirez la grande architecture et les sites touristiques de Pontevedra. Visite priv\u00e9e de Pontevedra - Guide touristique officiel priv\u00e9 pour votre visite priv\u00e9e.\" \/>\n<meta property=\"og:url\" content=\"https:\/\/tourtravelandmore.com\/fr\/tours\/espagne-fr\/pontevedra-fr\/visite-privee-de-pontevedra\/\" \/>\n<meta property=\"og:site_name\" content=\"Tour Travel And More\" \/>\n<meta property=\"article:publisher\" content=\"https:\/\/www.facebook.com\/tourtravelandmore\/\" \/>\n<meta property=\"og:image\" content=\"https:\/\/tourtravelandmore.com\/wp-content\/uploads\/2017\/01\/Pontevedra-05.jpg\" \/>\n\t<meta property=\"og:image:width\" content=\"1296\" \/>\n\t<meta property=\"og:image:height\" content=\"808\" \/>\n\t<meta property=\"og:image:type\" content=\"image\/jpeg\" \/>\n<meta name=\"twitter:card\" content=\"summary_large_image\" \/>\n<meta name=\"twitter:site\" content=\"@TourTravel_More\" \/>\n<meta name=\"twitter:label1\" content=\"Dur\u00e9e de lecture estim\u00e9e\" \/>\n\t<meta name=\"twitter:data1\" content=\"2 minutes\" \/>\n<script type=\"application\/ld+json\" class=\"yoast-schema-graph\">{\"@context\":\"https:\/\/schema.org\",\"@graph\":[{\"@type\":\"WebPage\",\"@id\":\"https:\/\/tourtravelandmore.com\/fr\/tours\/espagne-fr\/pontevedra-fr\/visite-privee-de-pontevedra\/\",\"url\":\"https:\/\/tourtravelandmore.com\/fr\/tours\/espagne-fr\/pontevedra-fr\/visite-privee-de-pontevedra\/\",\"name\":\"visite priv\u00e9e de pontevedra - guide officiel priv\u00e9 pour visite priv\u00e9e\",\"isPartOf\":{\"@id\":\"https:\/\/tourtravelandmore.com\/fr\/#website\"},\"primaryImageOfPage\":{\"@id\":\"https:\/\/tourtravelandmore.com\/fr\/tours\/espagne-fr\/pontevedra-fr\/visite-privee-de-pontevedra\/#primaryimage\"},\"image\":{\"@id\":\"https:\/\/tourtravelandmore.com\/fr\/tours\/espagne-fr\/pontevedra-fr\/visite-privee-de-pontevedra\/#primaryimage\"},\"thumbnailUrl\":\"https:\/\/tourtravelandmore.com\/wp-content\/uploads\/2017\/01\/Pontevedra-05.jpg\",\"datePublished\":\"2017-01-24T09:07:53+00:00\",\"description\":\"Admirez la grande architecture et les sites touristiques de Pontevedra. Visite priv\u00e9e de Pontevedra - Guide touristique officiel priv\u00e9 pour votre visite priv\u00e9e.\",\"breadcrumb\":{\"@id\":\"https:\/\/tourtravelandmore.com\/fr\/tours\/espagne-fr\/pontevedra-fr\/visite-privee-de-pontevedra\/#breadcrumb\"},\"inLanguage\":\"fr-FR\",\"potentialAction\":[{\"@type\":\"ReadAction\",\"target\":[\"https:\/\/tourtravelandmore.com\/fr\/tours\/espagne-fr\/pontevedra-fr\/visite-privee-de-pontevedra\/\"]}]},{\"@type\":\"ImageObject\",\"inLanguage\":\"fr-FR\",\"@id\":\"https:\/\/tourtravelandmore.com\/fr\/tours\/espagne-fr\/pontevedra-fr\/visite-privee-de-pontevedra\/#primaryimage\",\"url\":\"https:\/\/tourtravelandmore.com\/wp-content\/uploads\/2017\/01\/Pontevedra-05.jpg\",\"contentUrl\":\"https:\/\/tourtravelandmore.com\/wp-content\/uploads\/2017\/01\/Pontevedra-05.jpg\",\"width\":1296,\"height\":808},{\"@type\":\"BreadcrumbList\",\"@id\":\"https:\/\/tourtravelandmore.com\/fr\/tours\/espagne-fr\/pontevedra-fr\/visite-privee-de-pontevedra\/#breadcrumb\",\"itemListElement\":[{\"@type\":\"ListItem\",\"position\":1,\"name\":\"Home\",\"item\":\"https:\/\/tourtravelandmore.com\/fr\/\"},{\"@type\":\"ListItem\",\"position\":2,\"name\":\"Tours\",\"item\":\"https:\/\/tourtravelandmore.com\/fr\/tours\/\"},{\"@type\":\"ListItem\",\"position\":3,\"name\":\"Visite priv\u00e9e de Pontevedra\"}]},{\"@type\":\"WebSite\",\"@id\":\"https:\/\/tourtravelandmore.com\/fr\/#website\",\"url\":\"https:\/\/tourtravelandmore.com\/fr\/\",\"name\":\"Tour Travel And More\",\"description\":\"Private sightseeing tours and luxury transfers in Spain\",\"publisher\":{\"@id\":\"https:\/\/tourtravelandmore.com\/fr\/#organization\"},\"potentialAction\":[{\"@type\":\"SearchAction\",\"target\":{\"@type\":\"EntryPoint\",\"urlTemplate\":\"https:\/\/tourtravelandmore.com\/fr\/?s={search_term_string}\"},\"query-input\":{\"@type\":\"PropertyValueSpecification\",\"valueRequired\":true,\"valueName\":\"search_term_string\"}}],\"inLanguage\":\"fr-FR\"},{\"@type\":\"Organization\",\"@id\":\"https:\/\/tourtravelandmore.com\/fr\/#organization\",\"name\":\"Tour Travel And More\",\"url\":\"https:\/\/tourtravelandmore.com\/fr\/\",\"logo\":{\"@type\":\"ImageObject\",\"inLanguage\":\"fr-FR\",\"@id\":\"https:\/\/tourtravelandmore.com\/fr\/#\/schema\/logo\/image\/\",\"url\":\"https:\/\/tourtravelandmore.com\/wp-content\/uploads\/2022\/12\/cropped-logo-cabecera-new.png\",\"contentUrl\":\"https:\/\/tourtravelandmore.com\/wp-content\/uploads\/2022\/12\/cropped-logo-cabecera-new.png\",\"width\":430,\"height\":61,\"caption\":\"Tour Travel And More\"},\"image\":{\"@id\":\"https:\/\/tourtravelandmore.com\/fr\/#\/schema\/logo\/image\/\"},\"sameAs\":[\"https:\/\/www.facebook.com\/tourtravelandmore\/\",\"https:\/\/x.com\/TourTravel_More\"]}]}<\/script>\n<!-- \/ Yoast SEO Premium plugin. -->","yoast_head_json":{"title":"visite priv\u00e9e de pontevedra - guide officiel priv\u00e9 pour visite priv\u00e9e","description":"Admirez la grande architecture et les sites touristiques de Pontevedra. Visite priv\u00e9e de Pontevedra - Guide touristique officiel priv\u00e9 pour votre visite priv\u00e9e.","robots":{"index":"index","follow":"follow","max-snippet":"max-snippet:-1","max-image-preview":"max-image-preview:large","max-video-preview":"max-video-preview:-1"},"canonical":"https:\/\/tourtravelandmore.com\/fr\/tours\/espagne-fr\/pontevedra-fr\/visite-privee-de-pontevedra\/","og_locale":"fr_FR","og_type":"article","og_title":"Visite priv\u00e9e de Pontevedra","og_description":"Admirez la grande architecture et les sites touristiques de Pontevedra. Visite priv\u00e9e de Pontevedra - Guide touristique officiel priv\u00e9 pour votre visite priv\u00e9e.","og_url":"https:\/\/tourtravelandmore.com\/fr\/tours\/espagne-fr\/pontevedra-fr\/visite-privee-de-pontevedra\/","og_site_name":"Tour Travel And More","article_publisher":"https:\/\/www.facebook.com\/tourtravelandmore\/","og_image":[{"width":1296,"height":808,"url":"https:\/\/tourtravelandmore.com\/wp-content\/uploads\/2017\/01\/Pontevedra-05.jpg","type":"image\/jpeg"}],"twitter_card":"summary_large_image","twitter_site":"@TourTravel_More","twitter_misc":{"Dur\u00e9e de lecture estim\u00e9e":"2 minutes"},"schema":{"@context":"https:\/\/schema.org","@graph":[{"@type":"WebPage","@id":"https:\/\/tourtravelandmore.com\/fr\/tours\/espagne-fr\/pontevedra-fr\/visite-privee-de-pontevedra\/","url":"https:\/\/tourtravelandmore.com\/fr\/tours\/espagne-fr\/pontevedra-fr\/visite-privee-de-pontevedra\/","name":"visite priv\u00e9e de pontevedra - guide officiel priv\u00e9 pour visite priv\u00e9e","isPartOf":{"@id":"https:\/\/tourtravelandmore.com\/fr\/#website"},"primaryImageOfPage":{"@id":"https:\/\/tourtravelandmore.com\/fr\/tours\/espagne-fr\/pontevedra-fr\/visite-privee-de-pontevedra\/#primaryimage"},"image":{"@id":"https:\/\/tourtravelandmore.com\/fr\/tours\/espagne-fr\/pontevedra-fr\/visite-privee-de-pontevedra\/#primaryimage"},"thumbnailUrl":"https:\/\/tourtravelandmore.com\/wp-content\/uploads\/2017\/01\/Pontevedra-05.jpg","datePublished":"2017-01-24T09:07:53+00:00","description":"Admirez la grande architecture et les sites touristiques de Pontevedra. Visite priv\u00e9e de Pontevedra - Guide touristique officiel priv\u00e9 pour votre visite priv\u00e9e.","breadcrumb":{"@id":"https:\/\/tourtravelandmore.com\/fr\/tours\/espagne-fr\/pontevedra-fr\/visite-privee-de-pontevedra\/#breadcrumb"},"inLanguage":"fr-FR","potentialAction":[{"@type":"ReadAction","target":["https:\/\/tourtravelandmore.com\/fr\/tours\/espagne-fr\/pontevedra-fr\/visite-privee-de-pontevedra\/"]}]},{"@type":"ImageObject","inLanguage":"fr-FR","@id":"https:\/\/tourtravelandmore.com\/fr\/tours\/espagne-fr\/pontevedra-fr\/visite-privee-de-pontevedra\/#primaryimage","url":"https:\/\/tourtravelandmore.com\/wp-content\/uploads\/2017\/01\/Pontevedra-05.jpg","contentUrl":"https:\/\/tourtravelandmore.com\/wp-content\/uploads\/2017\/01\/Pontevedra-05.jpg","width":1296,"height":808},{"@type":"BreadcrumbList","@id":"https:\/\/tourtravelandmore.com\/fr\/tours\/espagne-fr\/pontevedra-fr\/visite-privee-de-pontevedra\/#breadcrumb","itemListElement":[{"@type":"ListItem","position":1,"name":"Home","item":"https:\/\/tourtravelandmore.com\/fr\/"},{"@type":"ListItem","position":2,"name":"Tours","item":"https:\/\/tourtravelandmore.com\/fr\/tours\/"},{"@type":"ListItem","position":3,"name":"Visite priv\u00e9e de Pontevedra"}]},{"@type":"WebSite","@id":"https:\/\/tourtravelandmore.com\/fr\/#website","url":"https:\/\/tourtravelandmore.com\/fr\/","name":"Tour Travel And More","description":"Private sightseeing tours and luxury transfers in Spain","publisher":{"@id":"https:\/\/tourtravelandmore.com\/fr\/#organization"},"potentialAction":[{"@type":"SearchAction","target":{"@type":"EntryPoint","urlTemplate":"https:\/\/tourtravelandmore.com\/fr\/?s={search_term_string}"},"query-input":{"@type":"PropertyValueSpecification","valueRequired":true,"valueName":"search_term_string"}}],"inLanguage":"fr-FR"},{"@type":"Organization","@id":"https:\/\/tourtravelandmore.com\/fr\/#organization","name":"Tour Travel And More","url":"https:\/\/tourtravelandmore.com\/fr\/","logo":{"@type":"ImageObject","inLanguage":"fr-FR","@id":"https:\/\/tourtravelandmore.com\/fr\/#\/schema\/logo\/image\/","url":"https:\/\/tourtravelandmore.com\/wp-content\/uploads\/2022\/12\/cropped-logo-cabecera-new.png","contentUrl":"https:\/\/tourtravelandmore.com\/wp-content\/uploads\/2022\/12\/cropped-logo-cabecera-new.png","width":430,"height":61,"caption":"Tour Travel And More"},"image":{"@id":"https:\/\/tourtravelandmore.com\/fr\/#\/schema\/logo\/image\/"},"sameAs":["https:\/\/www.facebook.com\/tourtravelandmore\/","https:\/\/x.com\/TourTravel_More"]}]}},"_links":{"self":[{"href":"https:\/\/tourtravelandmore.com\/fr\/wp-json\/wp\/v2\/product\/99755","targetHints":{"allow":["GET"]}}],"collection":[{"href":"https:\/\/tourtravelandmore.com\/fr\/wp-json\/wp\/v2\/product"}],"about":[{"href":"https:\/\/tourtravelandmore.com\/fr\/wp-json\/wp\/v2\/types\/product"}],"replies":[{"embeddable":true,"href":"https:\/\/tourtravelandmore.com\/fr\/wp-json\/wp\/v2\/comments?post=99755"}],"wp:featuredmedia":[{"embeddable":true,"href":"https:\/\/tourtravelandmore.com\/fr\/wp-json\/wp\/v2\/media\/94130"}],"wp:attachment":[{"href":"https:\/\/tourtravelandmore.com\/fr\/wp-json\/wp\/v2\/media?parent=99755"}],"wp:term":[{"taxonomy":"product_brand","embeddable":true,"href":"https:\/\/tourtravelandmore.com\/fr\/wp-json\/wp\/v2\/product_brand?post=99755"},{"taxonomy":"product_cat","embeddable":true,"href":"https:\/\/tourtravelandmore.com\/fr\/wp-json\/wp\/v2\/product_cat?post=99755"},{"taxonomy":"product_tag","embeddable":true,"href":"https:\/\/tourtravelandmore.com\/fr\/wp-json\/wp\/v2\/product_tag?post=99755"}],"curies":[{"name":"wp","href":"https:\/\/api.w.org\/{rel}","templated":true}]}}