{"id":99750,"date":"2017-01-24T10:21:06","date_gmt":"2017-01-24T09:21:06","guid":{"rendered":"https:\/\/tourtravelandmore.com\/tours\/non%20class\u00e9\/visite-privee-a-pied-de-saint-jacques-de-compostelle\/"},"modified":"2024-03-07T15:26:16","modified_gmt":"2024-03-07T14:26:16","slug":"visite-privee-a-pied-de-saint-jacques-de-compostelle","status":"publish","type":"product","link":"https:\/\/tourtravelandmore.com\/fr\/tours\/espagne-fr\/santiagodecompsotela-fr\/visite-privee-a-pied-de-saint-jacques-de-compostelle\/","title":{"rendered":"Visite priv\u00e9e \u00e0 pied de Saint-Jacques-de-Compostelle"},"content":{"rendered":"<h2><b>Visite priv\u00e9e \u00e0 pied de Saint-Jacques-de-Compostelle Description<\/b><\/h2>\n<p><span style=\"font-weight: 400;\">D\u00e9couvrez la magnifique ville de Saint-Jacques-de-Compostelle gr\u00e2ce \u00e0 une visite \u00e0 pied priv\u00e9e de 3,5 heures avec un guide professionnel. Le tour de Saint-Jacques-de-Compostelle vous permettra de d\u00e9couvrir la richesse de l&#8217;histoire et de la culture de la ville, ainsi qu&#8217;un billet pour la c\u00e9l\u00e8bre cath\u00e9drale. Cette visite est le moyen id\u00e9al d&#8217;explorer la ville \u00e0 votre propre rythme et avec les conseils d&#8217;un guide comp\u00e9tent.<\/span><\/p>\n<p><span style=\"font-weight: 400;\">Cette visite priv\u00e9e \u00e0 pied vous permet de vous immerger totalement dans la beaut\u00e9 et le charme de Saint-Jacques-de-Compostelle, et vous offre une exp\u00e9rience unique et personnelle des sites et des sons de la ville. Vous pourrez voir les sites c\u00e9l\u00e8bres de la ville et les joyaux cach\u00e9s qui sont souvent manqu\u00e9s par les grands groupes, ce qui fait de cette visite le choix id\u00e9al pour les voyageurs qui veulent profiter au maximum de leur temps dans la ville.<\/span><\/p>\n<h2><b>Visite priv\u00e9e \u00e0 pied de Saint-Jacques-de-Compostelle Points d&#8217;int\u00e9r\u00eat<\/b><\/h2>\n<p><span style=\"font-weight: 400;\">Au cours de cette visite \u00e0 pied, vous visiterez les sites les plus c\u00e9l\u00e8bres de la ville, notamment la belle cath\u00e9drale de Saint-Jacques-de-Compostelle, la place historique de l&#8217;Obradoiro et le fascinant mus\u00e9e du P\u00e8lerinage. Vous aurez \u00e9galement l&#8217;occasion d&#8217;admirer l&#8217;architecture \u00e9tonnante de la ville et d&#8217;en apprendre davantage sur sa riche histoire et son patrimoine culturel. Gr\u00e2ce aux conseils avis\u00e9s de votre guide priv\u00e9, vous aurez un aper\u00e7u de Saint-Jacques-de-Compostelle et de ses environs.<\/span><\/p>\n<p><span style=\"font-weight: 400;\">Vous pourrez \u00e9galement vous promener dans les rues pittoresques de la ville, bord\u00e9es de charmants caf\u00e9s, de bars traditionnels et de boutiques. Vous aurez \u00e9galement l&#8217;occasion d&#8217;explorer les march\u00e9s locaux uniques de la ville, o\u00f9 vous pourrez d\u00e9guster une partie de la d\u00e9licieuse cuisine r\u00e9gionale et acheter des souvenirs \u00e0 ramener chez vous. Tout au long de la visite, votre guide vous donnera des informations fascinantes sur l&#8217;importance culturelle et religieuse de la ville, ce qui en fera une exp\u00e9rience inoubliable.<\/span><\/p>\n<h3><b>Cath\u00e9drale de Saint-Jacques-de-Compostelle :\u00a0<\/b><\/h3>\n<p><span style=\"font-weight: 400;\">Cette magnifique cath\u00e9drale est le point de d\u00e9part du c\u00e9l\u00e8bre Camino de Santiago et l&#8217;un des plus importants lieux de p\u00e8lerinage au monde. Elle est \u00e9galement inscrite au patrimoine mondial de l&#8217;UNESCO et constitue une visite incontournable pour toute personne se rendant \u00e0 Saint-Jacques-de-Compostelle.<\/span><\/p>\n<h3><b>Place Obradoiro :\u00a0<\/b><\/h3>\n<p><span style=\"font-weight: 400;\">Cette belle place est le c\u0153ur de Saint-Jacques-de-Compostelle et est entour\u00e9e de b\u00e2timents et de monuments historiques, dont la cath\u00e9drale de Saint-Jacques-de-Compostelle. C&#8217;est l&#8217;endroit id\u00e9al pour se d\u00e9tendre et observer les gens apr\u00e8s une journ\u00e9e d&#8217;exploration bien remplie.<\/span><\/p>\n<h3><b>Mus\u00e9e du P\u00e8lerinage :\u00a0<\/b><\/h3>\n<p><span style=\"font-weight: 400;\">Ce mus\u00e9e fascinant est consacr\u00e9 \u00e0 l&#8217;histoire du Camino de Santiago et aux p\u00e8lerins qui l&#8217;ont parcouru pendant des si\u00e8cles. Avec ses expositions interactives et ses objets historiques, c&#8217;est une visite incontournable pour quiconque s&#8217;int\u00e9resse \u00e0 l&#8217;histoire et \u00e0 la culture du Camino de Santiago.<\/span><\/p>\n<h3><b>La vieille ville :\u00a0<\/b><\/h3>\n<p><span style=\"font-weight: 400;\">La vieille ville de Saint-Jacques-de-Compostelle est un quartier charmant et historique, rempli de rues \u00e9troites, de belles places et de b\u00e2timents historiques. C&#8217;est un endroit id\u00e9al pour se promener et explorer, et vous trouverez de nombreux joyaux et tr\u00e9sors cach\u00e9s le long du chemin.<\/span><\/p>\n<h3><b>Palais royal de Raxoi :\u00a0<\/b><\/h3>\n<p><span style=\"font-weight: 400;\">Ce superbe palais est le si\u00e8ge du gouvernement r\u00e9gional de Galice et l&#8217;un des plus beaux b\u00e2timents de Saint-Jacques-de-Compostelle. Avec ses magnifiques jardins et son architecture \u00e9tonnante, c&#8217;est une visite incontournable pour quiconque s&#8217;int\u00e9resse \u00e0 l&#8217;histoire et \u00e0 la culture espagnoles.<\/span><\/p>\n<p><span style=\"font-weight: 400;\">Si vous souhaitez explorer Saint-Jacques-de-Compostelle et en apprendre davantage sur sa riche histoire et sa culture, consultez la liste des <\/span><a href=\"https:\/\/tourtravelandmore.com\/fr\/city\/espagne-fr\/santiagodecompsotela-fr\/\"><span style=\"font-weight: 400;\">visites priv\u00e9es propos\u00e9es par Tour Travel and More !<\/span><\/a><\/p>\n","protected":false},"excerpt":{"rendered":"<p><span style=\"font-weight: 400;\">Participez \u00e0 une visite \u00e0 pied priv\u00e9e de Saint-Jacques-de-Compostelle avec Tour Travel and More et d\u00e9couvrez la richesse de l&#8217;histoire, de la culture et des sites c\u00e9l\u00e8bres de la ville avec un guide professionnel. Avec une visite de 3,5 heures et un billet pour la cath\u00e9drale, vous vivrez le meilleur de Saint-Jacques-de-Compostelle.<\/span><\/p>\n","protected":false},"featured_media":94138,"comment_status":"open","ping_status":"closed","template":"","meta":{"_acf_changed":false},"product_brand":[],"product_cat":[4438,5126,5125,3589],"product_tag":[],"class_list":{"0":"post-99750","1":"product","2":"type-product","3":"status-publish","4":"has-post-thumbnail","6":"product_cat-all-private-tours-activities-fr-21","7":"product_cat-private-sightseeing-tours-fr-31","8":"product_cat-private-walking-tours-fr-13","9":"product_cat-santiagodecompsotela-fr","11":"first","12":"instock","13":"shipping-taxable","14":"purchasable","15":"product-type-simple"},"acf":[],"yoast_head":"<!-- This site is optimized with the Yoast SEO Premium plugin v25.3.1 (Yoast SEO v25.3.1) - https:\/\/yoast.com\/wordpress\/plugins\/seo\/ -->\n<title>\u27a1\ufe0f Visite priv\u00e9e \u00e0 pied de Saint-Jacques-de-Compostelle - Guide touristique officiel priv\u00e9<\/title>\n<meta name=\"description\" content=\"Visite priv\u00e9e de SantiaPrivate Santiago de Compostela Walking Tour. Monuments et sites les plus importants. Profitez de cette occasion pour vous rendre en ville! \u2705\" \/>\n<meta name=\"robots\" content=\"index, follow, max-snippet:-1, max-image-preview:large, max-video-preview:-1\" \/>\n<link rel=\"canonical\" href=\"https:\/\/tourtravelandmore.com\/fr\/tours\/espagne-fr\/santiagodecompsotela-fr\/visite-privee-a-pied-de-saint-jacques-de-compostelle\/\" \/>\n<meta property=\"og:locale\" content=\"fr_FR\" \/>\n<meta property=\"og:type\" content=\"article\" \/>\n<meta property=\"og:title\" content=\"Visite priv\u00e9e \u00e0 pied de Saint-Jacques-de-Compostelle\" \/>\n<meta property=\"og:description\" content=\"Visite priv\u00e9e de SantiaPrivate Santiago de Compostela Walking Tour. Monuments et sites les plus importants. Profitez de cette occasion pour vous rendre en ville! \u2705\" \/>\n<meta property=\"og:url\" content=\"https:\/\/tourtravelandmore.com\/fr\/tours\/espagne-fr\/santiagodecompsotela-fr\/visite-privee-a-pied-de-saint-jacques-de-compostelle\/\" \/>\n<meta property=\"og:site_name\" content=\"Tour Travel And More\" \/>\n<meta property=\"article:publisher\" content=\"https:\/\/www.facebook.com\/tourtravelandmore\/\" \/>\n<meta property=\"article:modified_time\" content=\"2024-03-07T14:26:16+00:00\" \/>\n<meta property=\"og:image\" content=\"https:\/\/tourtravelandmore.com\/wp-content\/uploads\/2017\/01\/Santiago-de-Compostela-07.jpg\" \/>\n\t<meta property=\"og:image:width\" content=\"1024\" \/>\n\t<meta property=\"og:image:height\" content=\"683\" \/>\n\t<meta property=\"og:image:type\" content=\"image\/jpeg\" \/>\n<meta name=\"twitter:card\" content=\"summary_large_image\" \/>\n<meta name=\"twitter:site\" content=\"@TourTravel_More\" \/>\n<meta name=\"twitter:label1\" content=\"Dur\u00e9e de lecture estim\u00e9e\" \/>\n\t<meta name=\"twitter:data1\" content=\"3 minutes\" \/>\n<script type=\"application\/ld+json\" class=\"yoast-schema-graph\">{\"@context\":\"https:\/\/schema.org\",\"@graph\":[{\"@type\":\"WebPage\",\"@id\":\"https:\/\/tourtravelandmore.com\/fr\/tours\/espagne-fr\/santiagodecompsotela-fr\/visite-privee-a-pied-de-saint-jacques-de-compostelle\/\",\"url\":\"https:\/\/tourtravelandmore.com\/fr\/tours\/espagne-fr\/santiagodecompsotela-fr\/visite-privee-a-pied-de-saint-jacques-de-compostelle\/\",\"name\":\"\u27a1\ufe0f Visite priv\u00e9e \u00e0 pied de Saint-Jacques-de-Compostelle - Guide touristique officiel priv\u00e9\",\"isPartOf\":{\"@id\":\"https:\/\/tourtravelandmore.com\/fr\/#website\"},\"primaryImageOfPage\":{\"@id\":\"https:\/\/tourtravelandmore.com\/fr\/tours\/espagne-fr\/santiagodecompsotela-fr\/visite-privee-a-pied-de-saint-jacques-de-compostelle\/#primaryimage\"},\"image\":{\"@id\":\"https:\/\/tourtravelandmore.com\/fr\/tours\/espagne-fr\/santiagodecompsotela-fr\/visite-privee-a-pied-de-saint-jacques-de-compostelle\/#primaryimage\"},\"thumbnailUrl\":\"https:\/\/tourtravelandmore.com\/wp-content\/uploads\/2017\/01\/Santiago-de-Compostela-07.jpg\",\"datePublished\":\"2017-01-24T09:21:06+00:00\",\"dateModified\":\"2024-03-07T14:26:16+00:00\",\"description\":\"Visite priv\u00e9e de SantiaPrivate Santiago de Compostela Walking Tour. Monuments et sites les plus importants. Profitez de cette occasion pour vous rendre en ville! \u2705\",\"breadcrumb\":{\"@id\":\"https:\/\/tourtravelandmore.com\/fr\/tours\/espagne-fr\/santiagodecompsotela-fr\/visite-privee-a-pied-de-saint-jacques-de-compostelle\/#breadcrumb\"},\"inLanguage\":\"fr-FR\",\"potentialAction\":[{\"@type\":\"ReadAction\",\"target\":[\"https:\/\/tourtravelandmore.com\/fr\/tours\/espagne-fr\/santiagodecompsotela-fr\/visite-privee-a-pied-de-saint-jacques-de-compostelle\/\"]}]},{\"@type\":\"ImageObject\",\"inLanguage\":\"fr-FR\",\"@id\":\"https:\/\/tourtravelandmore.com\/fr\/tours\/espagne-fr\/santiagodecompsotela-fr\/visite-privee-a-pied-de-saint-jacques-de-compostelle\/#primaryimage\",\"url\":\"https:\/\/tourtravelandmore.com\/wp-content\/uploads\/2017\/01\/Santiago-de-Compostela-07.jpg\",\"contentUrl\":\"https:\/\/tourtravelandmore.com\/wp-content\/uploads\/2017\/01\/Santiago-de-Compostela-07.jpg\",\"width\":1024,\"height\":683},{\"@type\":\"BreadcrumbList\",\"@id\":\"https:\/\/tourtravelandmore.com\/fr\/tours\/espagne-fr\/santiagodecompsotela-fr\/visite-privee-a-pied-de-saint-jacques-de-compostelle\/#breadcrumb\",\"itemListElement\":[{\"@type\":\"ListItem\",\"position\":1,\"name\":\"Home\",\"item\":\"https:\/\/tourtravelandmore.com\/fr\/\"},{\"@type\":\"ListItem\",\"position\":2,\"name\":\"Tours\",\"item\":\"https:\/\/tourtravelandmore.com\/fr\/tours\/\"},{\"@type\":\"ListItem\",\"position\":3,\"name\":\"Visite priv\u00e9e \u00e0 pied de Saint-Jacques-de-Compostelle\"}]},{\"@type\":\"WebSite\",\"@id\":\"https:\/\/tourtravelandmore.com\/fr\/#website\",\"url\":\"https:\/\/tourtravelandmore.com\/fr\/\",\"name\":\"Tour Travel And More\",\"description\":\"Private sightseeing tours and luxury transfers in Spain\",\"publisher\":{\"@id\":\"https:\/\/tourtravelandmore.com\/fr\/#organization\"},\"potentialAction\":[{\"@type\":\"SearchAction\",\"target\":{\"@type\":\"EntryPoint\",\"urlTemplate\":\"https:\/\/tourtravelandmore.com\/fr\/?s={search_term_string}\"},\"query-input\":{\"@type\":\"PropertyValueSpecification\",\"valueRequired\":true,\"valueName\":\"search_term_string\"}}],\"inLanguage\":\"fr-FR\"},{\"@type\":\"Organization\",\"@id\":\"https:\/\/tourtravelandmore.com\/fr\/#organization\",\"name\":\"Tour Travel And More\",\"url\":\"https:\/\/tourtravelandmore.com\/fr\/\",\"logo\":{\"@type\":\"ImageObject\",\"inLanguage\":\"fr-FR\",\"@id\":\"https:\/\/tourtravelandmore.com\/fr\/#\/schema\/logo\/image\/\",\"url\":\"https:\/\/tourtravelandmore.com\/wp-content\/uploads\/2022\/12\/cropped-logo-cabecera-new.png\",\"contentUrl\":\"https:\/\/tourtravelandmore.com\/wp-content\/uploads\/2022\/12\/cropped-logo-cabecera-new.png\",\"width\":430,\"height\":61,\"caption\":\"Tour Travel And More\"},\"image\":{\"@id\":\"https:\/\/tourtravelandmore.com\/fr\/#\/schema\/logo\/image\/\"},\"sameAs\":[\"https:\/\/www.facebook.com\/tourtravelandmore\/\",\"https:\/\/x.com\/TourTravel_More\"]}]}<\/script>\n<!-- \/ Yoast SEO Premium plugin. -->","yoast_head_json":{"title":"\u27a1\ufe0f Visite priv\u00e9e \u00e0 pied de Saint-Jacques-de-Compostelle - Guide touristique officiel priv\u00e9","description":"Visite priv\u00e9e de SantiaPrivate Santiago de Compostela Walking Tour. Monuments et sites les plus importants. Profitez de cette occasion pour vous rendre en ville! \u2705","robots":{"index":"index","follow":"follow","max-snippet":"max-snippet:-1","max-image-preview":"max-image-preview:large","max-video-preview":"max-video-preview:-1"},"canonical":"https:\/\/tourtravelandmore.com\/fr\/tours\/espagne-fr\/santiagodecompsotela-fr\/visite-privee-a-pied-de-saint-jacques-de-compostelle\/","og_locale":"fr_FR","og_type":"article","og_title":"Visite priv\u00e9e \u00e0 pied de Saint-Jacques-de-Compostelle","og_description":"Visite priv\u00e9e de SantiaPrivate Santiago de Compostela Walking Tour. Monuments et sites les plus importants. Profitez de cette occasion pour vous rendre en ville! \u2705","og_url":"https:\/\/tourtravelandmore.com\/fr\/tours\/espagne-fr\/santiagodecompsotela-fr\/visite-privee-a-pied-de-saint-jacques-de-compostelle\/","og_site_name":"Tour Travel And More","article_publisher":"https:\/\/www.facebook.com\/tourtravelandmore\/","article_modified_time":"2024-03-07T14:26:16+00:00","og_image":[{"width":1024,"height":683,"url":"https:\/\/tourtravelandmore.com\/wp-content\/uploads\/2017\/01\/Santiago-de-Compostela-07.jpg","type":"image\/jpeg"}],"twitter_card":"summary_large_image","twitter_site":"@TourTravel_More","twitter_misc":{"Dur\u00e9e de lecture estim\u00e9e":"3 minutes"},"schema":{"@context":"https:\/\/schema.org","@graph":[{"@type":"WebPage","@id":"https:\/\/tourtravelandmore.com\/fr\/tours\/espagne-fr\/santiagodecompsotela-fr\/visite-privee-a-pied-de-saint-jacques-de-compostelle\/","url":"https:\/\/tourtravelandmore.com\/fr\/tours\/espagne-fr\/santiagodecompsotela-fr\/visite-privee-a-pied-de-saint-jacques-de-compostelle\/","name":"\u27a1\ufe0f Visite priv\u00e9e \u00e0 pied de Saint-Jacques-de-Compostelle - Guide touristique officiel priv\u00e9","isPartOf":{"@id":"https:\/\/tourtravelandmore.com\/fr\/#website"},"primaryImageOfPage":{"@id":"https:\/\/tourtravelandmore.com\/fr\/tours\/espagne-fr\/santiagodecompsotela-fr\/visite-privee-a-pied-de-saint-jacques-de-compostelle\/#primaryimage"},"image":{"@id":"https:\/\/tourtravelandmore.com\/fr\/tours\/espagne-fr\/santiagodecompsotela-fr\/visite-privee-a-pied-de-saint-jacques-de-compostelle\/#primaryimage"},"thumbnailUrl":"https:\/\/tourtravelandmore.com\/wp-content\/uploads\/2017\/01\/Santiago-de-Compostela-07.jpg","datePublished":"2017-01-24T09:21:06+00:00","dateModified":"2024-03-07T14:26:16+00:00","description":"Visite priv\u00e9e de SantiaPrivate Santiago de Compostela Walking Tour. Monuments et sites les plus importants. Profitez de cette occasion pour vous rendre en ville! \u2705","breadcrumb":{"@id":"https:\/\/tourtravelandmore.com\/fr\/tours\/espagne-fr\/santiagodecompsotela-fr\/visite-privee-a-pied-de-saint-jacques-de-compostelle\/#breadcrumb"},"inLanguage":"fr-FR","potentialAction":[{"@type":"ReadAction","target":["https:\/\/tourtravelandmore.com\/fr\/tours\/espagne-fr\/santiagodecompsotela-fr\/visite-privee-a-pied-de-saint-jacques-de-compostelle\/"]}]},{"@type":"ImageObject","inLanguage":"fr-FR","@id":"https:\/\/tourtravelandmore.com\/fr\/tours\/espagne-fr\/santiagodecompsotela-fr\/visite-privee-a-pied-de-saint-jacques-de-compostelle\/#primaryimage","url":"https:\/\/tourtravelandmore.com\/wp-content\/uploads\/2017\/01\/Santiago-de-Compostela-07.jpg","contentUrl":"https:\/\/tourtravelandmore.com\/wp-content\/uploads\/2017\/01\/Santiago-de-Compostela-07.jpg","width":1024,"height":683},{"@type":"BreadcrumbList","@id":"https:\/\/tourtravelandmore.com\/fr\/tours\/espagne-fr\/santiagodecompsotela-fr\/visite-privee-a-pied-de-saint-jacques-de-compostelle\/#breadcrumb","itemListElement":[{"@type":"ListItem","position":1,"name":"Home","item":"https:\/\/tourtravelandmore.com\/fr\/"},{"@type":"ListItem","position":2,"name":"Tours","item":"https:\/\/tourtravelandmore.com\/fr\/tours\/"},{"@type":"ListItem","position":3,"name":"Visite priv\u00e9e \u00e0 pied de Saint-Jacques-de-Compostelle"}]},{"@type":"WebSite","@id":"https:\/\/tourtravelandmore.com\/fr\/#website","url":"https:\/\/tourtravelandmore.com\/fr\/","name":"Tour Travel And More","description":"Private sightseeing tours and luxury transfers in Spain","publisher":{"@id":"https:\/\/tourtravelandmore.com\/fr\/#organization"},"potentialAction":[{"@type":"SearchAction","target":{"@type":"EntryPoint","urlTemplate":"https:\/\/tourtravelandmore.com\/fr\/?s={search_term_string}"},"query-input":{"@type":"PropertyValueSpecification","valueRequired":true,"valueName":"search_term_string"}}],"inLanguage":"fr-FR"},{"@type":"Organization","@id":"https:\/\/tourtravelandmore.com\/fr\/#organization","name":"Tour Travel And More","url":"https:\/\/tourtravelandmore.com\/fr\/","logo":{"@type":"ImageObject","inLanguage":"fr-FR","@id":"https:\/\/tourtravelandmore.com\/fr\/#\/schema\/logo\/image\/","url":"https:\/\/tourtravelandmore.com\/wp-content\/uploads\/2022\/12\/cropped-logo-cabecera-new.png","contentUrl":"https:\/\/tourtravelandmore.com\/wp-content\/uploads\/2022\/12\/cropped-logo-cabecera-new.png","width":430,"height":61,"caption":"Tour Travel And More"},"image":{"@id":"https:\/\/tourtravelandmore.com\/fr\/#\/schema\/logo\/image\/"},"sameAs":["https:\/\/www.facebook.com\/tourtravelandmore\/","https:\/\/x.com\/TourTravel_More"]}]}},"_links":{"self":[{"href":"https:\/\/tourtravelandmore.com\/fr\/wp-json\/wp\/v2\/product\/99750","targetHints":{"allow":["GET"]}}],"collection":[{"href":"https:\/\/tourtravelandmore.com\/fr\/wp-json\/wp\/v2\/product"}],"about":[{"href":"https:\/\/tourtravelandmore.com\/fr\/wp-json\/wp\/v2\/types\/product"}],"replies":[{"embeddable":true,"href":"https:\/\/tourtravelandmore.com\/fr\/wp-json\/wp\/v2\/comments?post=99750"}],"wp:featuredmedia":[{"embeddable":true,"href":"https:\/\/tourtravelandmore.com\/fr\/wp-json\/wp\/v2\/media\/94138"}],"wp:attachment":[{"href":"https:\/\/tourtravelandmore.com\/fr\/wp-json\/wp\/v2\/media?parent=99750"}],"wp:term":[{"taxonomy":"product_brand","embeddable":true,"href":"https:\/\/tourtravelandmore.com\/fr\/wp-json\/wp\/v2\/product_brand?post=99750"},{"taxonomy":"product_cat","embeddable":true,"href":"https:\/\/tourtravelandmore.com\/fr\/wp-json\/wp\/v2\/product_cat?post=99750"},{"taxonomy":"product_tag","embeddable":true,"href":"https:\/\/tourtravelandmore.com\/fr\/wp-json\/wp\/v2\/product_tag?post=99750"}],"curies":[{"name":"wp","href":"https:\/\/api.w.org\/{rel}","templated":true}]}}