{"id":99687,"date":"2019-10-21T03:33:33","date_gmt":"2019-10-21T01:33:33","guid":{"rendered":"https:\/\/tourtravelandmore.com\/tours\/non%20class\u00e9\/transfert-prive-a-ronda-depuis-malaga\/"},"modified":"2021-02-19T11:10:24","modified_gmt":"2021-02-19T10:10:24","slug":"transfert-prive-a-ronda-depuis-malaga","status":"publish","type":"product","link":"https:\/\/tourtravelandmore.com\/fr\/tours\/espagne-fr\/ronda-fr\/all-private-tours-activities-fr-18\/transfert-prive-a-ronda-depuis-malaga\/","title":{"rendered":"Transfert priv\u00e9 \u00e0 Ronda depuis Malaga"},"content":{"rendered":"<h2>Description<\/h2>\n<p>Avec notre transfert priv\u00e9 \u00e0 Ronda depuis Malaga, nous vous offrons le moyen le plus rapide et le plus simple d&#8217;atteindre votre destination finale \u00e0 Ronda dans le confort d&#8217;un v\u00e9hicule de luxe priv\u00e9 avec votre transfert priv\u00e9. Profitez d&#8217;une exp\u00e9rience relaxante dans l&#8217;un de nos v\u00e9hicules priv\u00e9s de luxe. Nous proposons tous les types de transferts comme par exemple le transfert a\u00e9roport, le transfert au restaurant ou les transferts vers n&#8217;importe quel endroit.<\/p>\n<p>Une fois arriv\u00e9 \u00e0 destination, notre personnel vous attendra avec une pancarte au terminal d&#8217;arriv\u00e9e. Vous pourrez \u00e9galement profiter du paysage panoramique de la ville dans votre v\u00e9hicule priv\u00e9 de luxe.<\/p>\n<p>Profitez \u00e9galement des transferts priv\u00e9s de votre h\u00f4tel ou appartement jusqu&#8217;\u00e0 l&#8217;a\u00e9roport ou la gare. Nous proposons \u00e9galement des transferts vers d&#8217;autres villes \u00e0 proximit\u00e9 de Ronda.<\/p>\n<p>Nous proposons des transferts \u00e0 Ronda pour les groupes priv\u00e9s et m\u00eame des incentives et grands groupes et nous offrons un service personnalis\u00e9. Tout ce que vous avez \u00e0 faire est de nous contacter et nous organiserons votre transfert de la meilleure fa\u00e7on possible.<\/p>\n<p>Vous recevrez une confirmation par e-mail d\u00e8s que votre r\u00e9servation sera effectu\u00e9e. Une fois votre r\u00e9servation effectu\u00e9e, nous aurons besoin de vos informations de vol, de l&#8217;heure d&#8217;arriv\u00e9e et de la ville de d\u00e9part aupr\u00e8s de la compagnie a\u00e9rienne, ou de vos informations de train. Nous aurons besoin d&#8217;une heure de confirmation de 48 \u00e0 24 heures de votre arriv\u00e9e, pour vous fournir un service de transfert parfait.<\/p>\n<p>Le nombre de bagages par personne n&#8217;est pas limit\u00e9. Mais nous aurions besoin de savoir combien pour organiser le v\u00e9hicule correspondant. Nous pouvons organiser un v\u00e9hicule plus grand avec un co\u00fbt suppl\u00e9mentaire. Si vous avez besoin d&#8217;un si\u00e8ge b\u00e9b\u00e9 ou enfant, veuillez nous contacter avant votre transfert pour l&#8217;organiser correctement.<\/p>\n<h2>Sites d&#8217;int\u00e9r\u00eat et monuments<\/h2>\n<p>Ronda est une ville de la province de M\u00e1laga. Ce transfert priv\u00e9 \u00e0 Ronda depuis Malaga est le moyen le plus rapide pour se rendre \u00e0 Ronda! Il est situ\u00e9 \u00e0 environ 100 kilom\u00e8tres \u00e0 l&#8217;ouest de la ville de Malaga. Les deux sont situ\u00e9s \u00e0 l&#8217;int\u00e9rieur de la communaut\u00e9 autonome d&#8217;Andalousie. La population de Ronda est de plus de 35 000 habitants. Ronda est une ville avec une longue histoire qui a \u00e9t\u00e9 colonis\u00e9e par les premiers Celtes au 6\u00e8me si\u00e8cle avant JC, ils l&#8217;appelaient Arunda. Ne manquez pas l&#8217;occasion de profiter de son histoire et de pr\u00e9senter sa beaut\u00e9 lors de cette visite priv\u00e9e \u00e0 pied de Ronda.<\/p>\n","protected":false},"excerpt":{"rendered":"<p>Transfert priv\u00e9 \u00e0 Ronda depuis Malaga. Ce transfert priv\u00e9 peut provenir de n&#8217;importe quelle ville d&#8217;Andalousie. Prise en charge et retour priv\u00e9s \u00e0 Ronda.<\/p>\n","protected":false},"featured_media":93543,"comment_status":"open","ping_status":"closed","template":"","meta":{"_acf_changed":false},"product_brand":[],"product_cat":[3587,4272],"product_tag":[4043,4042],"class_list":{"0":"post-99687","1":"product","2":"type-product","3":"status-publish","4":"has-post-thumbnail","6":"product_cat-ronda-fr","7":"product_cat-all-private-tours-activities-fr-18","8":"product_tag-private-fr","9":"product_tag-transfer-fr","11":"first","12":"instock","13":"shipping-taxable","14":"purchasable","15":"product-type-simple"},"acf":[],"yoast_head":"<!-- This site is optimized with the Yoast SEO Premium plugin v25.3.1 (Yoast SEO v25.3.1) - https:\/\/yoast.com\/wordpress\/plugins\/seo\/ -->\n<title>Transfert priv\u00e9 \u00e0 Ronda depuis Malaga - Transfert priv\u00e9 depuis l&#039;Andalousie<\/title>\n<meta name=\"description\" content=\"Transfert priv\u00e9 \u00e0 Ronda depuis Malaga. Ce transfert priv\u00e9 peut provenir de n&#039;importe quelle ville d&#039;Andalousie. Prise en charge et retour priv\u00e9s \u00e0 Ronda.\" \/>\n<meta name=\"robots\" content=\"index, follow, max-snippet:-1, max-image-preview:large, max-video-preview:-1\" \/>\n<link rel=\"canonical\" href=\"https:\/\/tourtravelandmore.com\/fr\/tours\/espagne-fr\/ronda-fr\/all-private-tours-activities-fr-18\/transfert-prive-a-ronda-depuis-malaga\/\" \/>\n<meta property=\"og:locale\" content=\"fr_FR\" \/>\n<meta property=\"og:type\" content=\"article\" \/>\n<meta property=\"og:title\" content=\"Transfert priv\u00e9 \u00e0 Ronda depuis Malaga\" \/>\n<meta property=\"og:description\" content=\"Transfert priv\u00e9 \u00e0 Ronda depuis Malaga. Ce transfert priv\u00e9 peut provenir de n&#039;importe quelle ville d&#039;Andalousie. Prise en charge et retour priv\u00e9s \u00e0 Ronda.\" \/>\n<meta property=\"og:url\" content=\"https:\/\/tourtravelandmore.com\/fr\/tours\/espagne-fr\/ronda-fr\/all-private-tours-activities-fr-18\/transfert-prive-a-ronda-depuis-malaga\/\" \/>\n<meta property=\"og:site_name\" content=\"Tour Travel And More\" \/>\n<meta property=\"article:publisher\" content=\"https:\/\/www.facebook.com\/tourtravelandmore\/\" \/>\n<meta property=\"article:modified_time\" content=\"2021-02-19T10:10:24+00:00\" \/>\n<meta property=\"og:image\" content=\"https:\/\/tourtravelandmore.com\/wp-content\/uploads\/2016\/10\/transfer-port-barcelonajpg.jpg\" \/>\n\t<meta property=\"og:image:width\" content=\"955\" \/>\n\t<meta property=\"og:image:height\" content=\"523\" \/>\n\t<meta property=\"og:image:type\" content=\"image\/jpeg\" \/>\n<meta name=\"twitter:card\" content=\"summary_large_image\" \/>\n<meta name=\"twitter:site\" content=\"@TourTravel_More\" \/>\n<meta name=\"twitter:label1\" content=\"Dur\u00e9e de lecture estim\u00e9e\" \/>\n\t<meta name=\"twitter:data1\" content=\"2 minutes\" \/>\n<script type=\"application\/ld+json\" class=\"yoast-schema-graph\">{\"@context\":\"https:\/\/schema.org\",\"@graph\":[{\"@type\":\"WebPage\",\"@id\":\"https:\/\/tourtravelandmore.com\/fr\/tours\/espagne-fr\/ronda-fr\/all-private-tours-activities-fr-18\/transfert-prive-a-ronda-depuis-malaga\/\",\"url\":\"https:\/\/tourtravelandmore.com\/fr\/tours\/espagne-fr\/ronda-fr\/all-private-tours-activities-fr-18\/transfert-prive-a-ronda-depuis-malaga\/\",\"name\":\"Transfert priv\u00e9 \u00e0 Ronda depuis Malaga - Transfert priv\u00e9 depuis l'Andalousie\",\"isPartOf\":{\"@id\":\"https:\/\/tourtravelandmore.com\/fr\/#website\"},\"primaryImageOfPage\":{\"@id\":\"https:\/\/tourtravelandmore.com\/fr\/tours\/espagne-fr\/ronda-fr\/all-private-tours-activities-fr-18\/transfert-prive-a-ronda-depuis-malaga\/#primaryimage\"},\"image\":{\"@id\":\"https:\/\/tourtravelandmore.com\/fr\/tours\/espagne-fr\/ronda-fr\/all-private-tours-activities-fr-18\/transfert-prive-a-ronda-depuis-malaga\/#primaryimage\"},\"thumbnailUrl\":\"https:\/\/tourtravelandmore.com\/wp-content\/uploads\/2016\/10\/transfer-port-barcelonajpg.jpg\",\"datePublished\":\"2019-10-21T01:33:33+00:00\",\"dateModified\":\"2021-02-19T10:10:24+00:00\",\"description\":\"Transfert priv\u00e9 \u00e0 Ronda depuis Malaga. Ce transfert priv\u00e9 peut provenir de n'importe quelle ville d'Andalousie. Prise en charge et retour priv\u00e9s \u00e0 Ronda.\",\"breadcrumb\":{\"@id\":\"https:\/\/tourtravelandmore.com\/fr\/tours\/espagne-fr\/ronda-fr\/all-private-tours-activities-fr-18\/transfert-prive-a-ronda-depuis-malaga\/#breadcrumb\"},\"inLanguage\":\"fr-FR\",\"potentialAction\":[{\"@type\":\"ReadAction\",\"target\":[\"https:\/\/tourtravelandmore.com\/fr\/tours\/espagne-fr\/ronda-fr\/all-private-tours-activities-fr-18\/transfert-prive-a-ronda-depuis-malaga\/\"]}]},{\"@type\":\"ImageObject\",\"inLanguage\":\"fr-FR\",\"@id\":\"https:\/\/tourtravelandmore.com\/fr\/tours\/espagne-fr\/ronda-fr\/all-private-tours-activities-fr-18\/transfert-prive-a-ronda-depuis-malaga\/#primaryimage\",\"url\":\"https:\/\/tourtravelandmore.com\/wp-content\/uploads\/2016\/10\/transfer-port-barcelonajpg.jpg\",\"contentUrl\":\"https:\/\/tourtravelandmore.com\/wp-content\/uploads\/2016\/10\/transfer-port-barcelonajpg.jpg\",\"width\":955,\"height\":523,\"caption\":\"Private Transfer\"},{\"@type\":\"BreadcrumbList\",\"@id\":\"https:\/\/tourtravelandmore.com\/fr\/tours\/espagne-fr\/ronda-fr\/all-private-tours-activities-fr-18\/transfert-prive-a-ronda-depuis-malaga\/#breadcrumb\",\"itemListElement\":[{\"@type\":\"ListItem\",\"position\":1,\"name\":\"Home\",\"item\":\"https:\/\/tourtravelandmore.com\/fr\/\"},{\"@type\":\"ListItem\",\"position\":2,\"name\":\"Tours\",\"item\":\"https:\/\/tourtravelandmore.com\/fr\/tours\/\"},{\"@type\":\"ListItem\",\"position\":3,\"name\":\"Transfert priv\u00e9 \u00e0 Ronda depuis Malaga\"}]},{\"@type\":\"WebSite\",\"@id\":\"https:\/\/tourtravelandmore.com\/fr\/#website\",\"url\":\"https:\/\/tourtravelandmore.com\/fr\/\",\"name\":\"Tour Travel And More\",\"description\":\"Private sightseeing tours and luxury transfers in Spain\",\"publisher\":{\"@id\":\"https:\/\/tourtravelandmore.com\/fr\/#organization\"},\"potentialAction\":[{\"@type\":\"SearchAction\",\"target\":{\"@type\":\"EntryPoint\",\"urlTemplate\":\"https:\/\/tourtravelandmore.com\/fr\/?s={search_term_string}\"},\"query-input\":{\"@type\":\"PropertyValueSpecification\",\"valueRequired\":true,\"valueName\":\"search_term_string\"}}],\"inLanguage\":\"fr-FR\"},{\"@type\":\"Organization\",\"@id\":\"https:\/\/tourtravelandmore.com\/fr\/#organization\",\"name\":\"Tour Travel And More\",\"url\":\"https:\/\/tourtravelandmore.com\/fr\/\",\"logo\":{\"@type\":\"ImageObject\",\"inLanguage\":\"fr-FR\",\"@id\":\"https:\/\/tourtravelandmore.com\/fr\/#\/schema\/logo\/image\/\",\"url\":\"https:\/\/tourtravelandmore.com\/wp-content\/uploads\/2022\/12\/cropped-logo-cabecera-new.png\",\"contentUrl\":\"https:\/\/tourtravelandmore.com\/wp-content\/uploads\/2022\/12\/cropped-logo-cabecera-new.png\",\"width\":430,\"height\":61,\"caption\":\"Tour Travel And More\"},\"image\":{\"@id\":\"https:\/\/tourtravelandmore.com\/fr\/#\/schema\/logo\/image\/\"},\"sameAs\":[\"https:\/\/www.facebook.com\/tourtravelandmore\/\",\"https:\/\/x.com\/TourTravel_More\"]}]}<\/script>\n<!-- \/ Yoast SEO Premium plugin. -->","yoast_head_json":{"title":"Transfert priv\u00e9 \u00e0 Ronda depuis Malaga - Transfert priv\u00e9 depuis l'Andalousie","description":"Transfert priv\u00e9 \u00e0 Ronda depuis Malaga. Ce transfert priv\u00e9 peut provenir de n'importe quelle ville d'Andalousie. Prise en charge et retour priv\u00e9s \u00e0 Ronda.","robots":{"index":"index","follow":"follow","max-snippet":"max-snippet:-1","max-image-preview":"max-image-preview:large","max-video-preview":"max-video-preview:-1"},"canonical":"https:\/\/tourtravelandmore.com\/fr\/tours\/espagne-fr\/ronda-fr\/all-private-tours-activities-fr-18\/transfert-prive-a-ronda-depuis-malaga\/","og_locale":"fr_FR","og_type":"article","og_title":"Transfert priv\u00e9 \u00e0 Ronda depuis Malaga","og_description":"Transfert priv\u00e9 \u00e0 Ronda depuis Malaga. Ce transfert priv\u00e9 peut provenir de n'importe quelle ville d'Andalousie. Prise en charge et retour priv\u00e9s \u00e0 Ronda.","og_url":"https:\/\/tourtravelandmore.com\/fr\/tours\/espagne-fr\/ronda-fr\/all-private-tours-activities-fr-18\/transfert-prive-a-ronda-depuis-malaga\/","og_site_name":"Tour Travel And More","article_publisher":"https:\/\/www.facebook.com\/tourtravelandmore\/","article_modified_time":"2021-02-19T10:10:24+00:00","og_image":[{"width":955,"height":523,"url":"https:\/\/tourtravelandmore.com\/wp-content\/uploads\/2016\/10\/transfer-port-barcelonajpg.jpg","type":"image\/jpeg"}],"twitter_card":"summary_large_image","twitter_site":"@TourTravel_More","twitter_misc":{"Dur\u00e9e de lecture estim\u00e9e":"2 minutes"},"schema":{"@context":"https:\/\/schema.org","@graph":[{"@type":"WebPage","@id":"https:\/\/tourtravelandmore.com\/fr\/tours\/espagne-fr\/ronda-fr\/all-private-tours-activities-fr-18\/transfert-prive-a-ronda-depuis-malaga\/","url":"https:\/\/tourtravelandmore.com\/fr\/tours\/espagne-fr\/ronda-fr\/all-private-tours-activities-fr-18\/transfert-prive-a-ronda-depuis-malaga\/","name":"Transfert priv\u00e9 \u00e0 Ronda depuis Malaga - Transfert priv\u00e9 depuis l'Andalousie","isPartOf":{"@id":"https:\/\/tourtravelandmore.com\/fr\/#website"},"primaryImageOfPage":{"@id":"https:\/\/tourtravelandmore.com\/fr\/tours\/espagne-fr\/ronda-fr\/all-private-tours-activities-fr-18\/transfert-prive-a-ronda-depuis-malaga\/#primaryimage"},"image":{"@id":"https:\/\/tourtravelandmore.com\/fr\/tours\/espagne-fr\/ronda-fr\/all-private-tours-activities-fr-18\/transfert-prive-a-ronda-depuis-malaga\/#primaryimage"},"thumbnailUrl":"https:\/\/tourtravelandmore.com\/wp-content\/uploads\/2016\/10\/transfer-port-barcelonajpg.jpg","datePublished":"2019-10-21T01:33:33+00:00","dateModified":"2021-02-19T10:10:24+00:00","description":"Transfert priv\u00e9 \u00e0 Ronda depuis Malaga. Ce transfert priv\u00e9 peut provenir de n'importe quelle ville d'Andalousie. Prise en charge et retour priv\u00e9s \u00e0 Ronda.","breadcrumb":{"@id":"https:\/\/tourtravelandmore.com\/fr\/tours\/espagne-fr\/ronda-fr\/all-private-tours-activities-fr-18\/transfert-prive-a-ronda-depuis-malaga\/#breadcrumb"},"inLanguage":"fr-FR","potentialAction":[{"@type":"ReadAction","target":["https:\/\/tourtravelandmore.com\/fr\/tours\/espagne-fr\/ronda-fr\/all-private-tours-activities-fr-18\/transfert-prive-a-ronda-depuis-malaga\/"]}]},{"@type":"ImageObject","inLanguage":"fr-FR","@id":"https:\/\/tourtravelandmore.com\/fr\/tours\/espagne-fr\/ronda-fr\/all-private-tours-activities-fr-18\/transfert-prive-a-ronda-depuis-malaga\/#primaryimage","url":"https:\/\/tourtravelandmore.com\/wp-content\/uploads\/2016\/10\/transfer-port-barcelonajpg.jpg","contentUrl":"https:\/\/tourtravelandmore.com\/wp-content\/uploads\/2016\/10\/transfer-port-barcelonajpg.jpg","width":955,"height":523,"caption":"Private Transfer"},{"@type":"BreadcrumbList","@id":"https:\/\/tourtravelandmore.com\/fr\/tours\/espagne-fr\/ronda-fr\/all-private-tours-activities-fr-18\/transfert-prive-a-ronda-depuis-malaga\/#breadcrumb","itemListElement":[{"@type":"ListItem","position":1,"name":"Home","item":"https:\/\/tourtravelandmore.com\/fr\/"},{"@type":"ListItem","position":2,"name":"Tours","item":"https:\/\/tourtravelandmore.com\/fr\/tours\/"},{"@type":"ListItem","position":3,"name":"Transfert priv\u00e9 \u00e0 Ronda depuis Malaga"}]},{"@type":"WebSite","@id":"https:\/\/tourtravelandmore.com\/fr\/#website","url":"https:\/\/tourtravelandmore.com\/fr\/","name":"Tour Travel And More","description":"Private sightseeing tours and luxury transfers in Spain","publisher":{"@id":"https:\/\/tourtravelandmore.com\/fr\/#organization"},"potentialAction":[{"@type":"SearchAction","target":{"@type":"EntryPoint","urlTemplate":"https:\/\/tourtravelandmore.com\/fr\/?s={search_term_string}"},"query-input":{"@type":"PropertyValueSpecification","valueRequired":true,"valueName":"search_term_string"}}],"inLanguage":"fr-FR"},{"@type":"Organization","@id":"https:\/\/tourtravelandmore.com\/fr\/#organization","name":"Tour Travel And More","url":"https:\/\/tourtravelandmore.com\/fr\/","logo":{"@type":"ImageObject","inLanguage":"fr-FR","@id":"https:\/\/tourtravelandmore.com\/fr\/#\/schema\/logo\/image\/","url":"https:\/\/tourtravelandmore.com\/wp-content\/uploads\/2022\/12\/cropped-logo-cabecera-new.png","contentUrl":"https:\/\/tourtravelandmore.com\/wp-content\/uploads\/2022\/12\/cropped-logo-cabecera-new.png","width":430,"height":61,"caption":"Tour Travel And More"},"image":{"@id":"https:\/\/tourtravelandmore.com\/fr\/#\/schema\/logo\/image\/"},"sameAs":["https:\/\/www.facebook.com\/tourtravelandmore\/","https:\/\/x.com\/TourTravel_More"]}]}},"_links":{"self":[{"href":"https:\/\/tourtravelandmore.com\/fr\/wp-json\/wp\/v2\/product\/99687","targetHints":{"allow":["GET"]}}],"collection":[{"href":"https:\/\/tourtravelandmore.com\/fr\/wp-json\/wp\/v2\/product"}],"about":[{"href":"https:\/\/tourtravelandmore.com\/fr\/wp-json\/wp\/v2\/types\/product"}],"replies":[{"embeddable":true,"href":"https:\/\/tourtravelandmore.com\/fr\/wp-json\/wp\/v2\/comments?post=99687"}],"wp:featuredmedia":[{"embeddable":true,"href":"https:\/\/tourtravelandmore.com\/fr\/wp-json\/wp\/v2\/media\/93543"}],"wp:attachment":[{"href":"https:\/\/tourtravelandmore.com\/fr\/wp-json\/wp\/v2\/media?parent=99687"}],"wp:term":[{"taxonomy":"product_brand","embeddable":true,"href":"https:\/\/tourtravelandmore.com\/fr\/wp-json\/wp\/v2\/product_brand?post=99687"},{"taxonomy":"product_cat","embeddable":true,"href":"https:\/\/tourtravelandmore.com\/fr\/wp-json\/wp\/v2\/product_cat?post=99687"},{"taxonomy":"product_tag","embeddable":true,"href":"https:\/\/tourtravelandmore.com\/fr\/wp-json\/wp\/v2\/product_tag?post=99687"}],"curies":[{"name":"wp","href":"https:\/\/api.w.org\/{rel}","templated":true}]}}