{"id":99682,"date":"2016-03-13T18:05:18","date_gmt":"2016-03-13T17:05:18","guid":{"rendered":"https:\/\/tourtravelandmore.com\/tours\/non%20class\u00e9\/visite-privee-a-pied-de-ronda\/"},"modified":"2021-02-19T11:11:29","modified_gmt":"2021-02-19T10:11:29","slug":"visite-privee-a-pied-de-ronda","status":"publish","type":"product","link":"https:\/\/tourtravelandmore.com\/fr\/tours\/espagne-fr\/ronda-fr\/private-day-trips-fr-12\/visite-privee-a-pied-de-ronda\/","title":{"rendered":"Visite priv\u00e9e \u00e0 pied de Ronda"},"content":{"rendered":"<h2>Description<\/h2>\n<p>Cette visite priv\u00e9e \u00e0 pied de Ronda propos\u00e9e par Tour Travel &amp; More d\u00e9butera \u00e0 un point de rendez-vous situ\u00e9 au centre de Ronda ou \u00e0 votre h\u00f4tel \u00e0 Ronda. De l\u00e0, nous commencerons votre visite priv\u00e9e de Ronda. C&#8217;est l&#8217;un des meilleurs moyens de conna\u00eetre Ronda et d&#8217;apprendre ce que la ville a \u00e0 offrir.<\/p>\n<p>Tout d&#8217;abord, nous d\u00e9finirons un point de rendez-vous pour cette visite priv\u00e9e \u00e0 pied de Ronda. Si vous s\u00e9journez dans un h\u00f4tel situ\u00e9 au centre, il peut \u00eatre r\u00e9gl\u00e9 \u00e0 partir de l\u00e0. Si vous venez de l&#8217;ext\u00e9rieur de la ville, nous pouvons nous retrouver dans un parking pour une exp\u00e9rience plus confortable. Nous pouvons \u00e9galement organiser un transport priv\u00e9 pour n&#8217;importe quelle ville de Ronda.<\/p>\n<p>Ronda est une petite ville unique. Profitez de l&#8217;ancienne citadelle aux c\u00f4t\u00e9s de votre propre guide priv\u00e9. Apprenez \u00e0 conna\u00eetre l&#8217;histoire mauresque ainsi que le c\u00e9l\u00e8bre Puente Nuevo du 18\u00e8me si\u00e8cle.<\/p>\n<h2>Sites d&#8217;int\u00e9r\u00eat et monuments<\/h2>\n<p>Voici un exemple de certains des sites les plus importants de Ronda. Cela vous donnera une id\u00e9e de ce que vous pouvez voir, mais votre visite sera enti\u00e8rement personnalis\u00e9e pour s&#8217;adapter \u00e0 vos envies.<\/p>\n<p>Voici quelques exemples des sites les plus importants inclus dans la ville de Ronda.<\/p>\n<ul>\n<li>Trois ponts de Ronda:<\/li>\n<li>Puente Romano,<\/li>\n<li>El Puente Viejo<\/li>\n<li>et Puente Nuevo: Ce pont du 18\u00e8me si\u00e8cle est vraiment une ic\u00f4ne \u00e0 Ronda. Il s&#8217;\u00e9l\u00e8ve jusqu&#8217;\u00e0 120 m\u00e8tres de haut au-dessus des gorges du Tajo.<\/li>\n<li>Mairie<\/li>\n<li>Puerta de Almoc\u00e1bar<\/li>\n<li>Iglesia de Santa Mar\u00eda La Mayor<\/li>\n<li>Alameda del Tajo<\/li>\n<li>Plaza de Toros (le plus ancien ring de tauromachie)<\/li>\n<li>Bains arabes: h\u00e9ritage maure complet<\/li>\n<li>Beaucoup plus!<\/li>\n<\/ul>\n<p>La visite priv\u00e9e \u00e0 pied de Ronda se terminera dans un point central de Ronda.<\/p>\n<p>Jetez un \u0153il \u00e0 nos visites priv\u00e9es de Ronda. Veuillez noter que nous pouvons organiser tout type d&#8217;exp\u00e9rience priv\u00e9e ou de transfert n&#8217;importe o\u00f9 en Andalousie.<\/p>\n","protected":false},"excerpt":{"rendered":"<p>Meilleure visite priv\u00e9e \u00e0 pied de Ronda. Profitez de cette visite priv\u00e9e \u00e0 pied de 4 heures de cette ville unique. Point de rencontre n&#8217;importe o\u00f9 \u00e0 Ronda \u00e0 pied.<\/p>\n","protected":false},"featured_media":93692,"comment_status":"open","ping_status":"closed","template":"","meta":{"_acf_changed":false},"product_brand":[],"product_cat":[3587,4272,4271],"product_tag":[],"class_list":{"0":"post-99682","1":"product","2":"type-product","3":"status-publish","4":"has-post-thumbnail","6":"product_cat-ronda-fr","7":"product_cat-all-private-tours-activities-fr-18","8":"product_cat-private-day-trips-fr-12","10":"first","11":"instock","12":"shipping-taxable","13":"purchasable","14":"product-type-simple"},"acf":[],"yoast_head":"<!-- This site is optimized with the Yoast SEO Premium plugin v25.3.1 (Yoast SEO v25.3.1) - https:\/\/yoast.com\/wordpress\/plugins\/seo\/ -->\n<title>Visite priv\u00e9e \u00e0 pied de Ronda - Guide touristique officiel priv\u00e9 pendant 4 heures \u00e0 Ronda<\/title>\n<meta name=\"description\" content=\"Visite priv\u00e9e \u00e0 pied de Ronda. Profitez de cette visite priv\u00e9e \u00e0 pied de 4 heures de cette ville unique. Point de rencontre n&#039;importe o\u00f9 \u00e0 Ronda \u00e0 pied.\" \/>\n<meta name=\"robots\" content=\"index, follow, max-snippet:-1, max-image-preview:large, max-video-preview:-1\" \/>\n<link rel=\"canonical\" href=\"https:\/\/tourtravelandmore.com\/fr\/tours\/espagne-fr\/ronda-fr\/private-day-trips-fr-12\/visite-privee-a-pied-de-ronda\/\" \/>\n<meta property=\"og:locale\" content=\"fr_FR\" \/>\n<meta property=\"og:type\" content=\"article\" \/>\n<meta property=\"og:title\" content=\"Visite priv\u00e9e \u00e0 pied de Ronda\" \/>\n<meta property=\"og:description\" content=\"Visite priv\u00e9e \u00e0 pied de Ronda. Profitez de cette visite priv\u00e9e \u00e0 pied de 4 heures de cette ville unique. Point de rencontre n&#039;importe o\u00f9 \u00e0 Ronda \u00e0 pied.\" \/>\n<meta property=\"og:url\" content=\"https:\/\/tourtravelandmore.com\/fr\/tours\/espagne-fr\/ronda-fr\/private-day-trips-fr-12\/visite-privee-a-pied-de-ronda\/\" \/>\n<meta property=\"og:site_name\" content=\"Tour Travel And More\" \/>\n<meta property=\"article:publisher\" content=\"https:\/\/www.facebook.com\/tourtravelandmore\/\" \/>\n<meta property=\"article:modified_time\" content=\"2021-02-19T10:11:29+00:00\" \/>\n<meta property=\"og:image\" content=\"https:\/\/tourtravelandmore.com\/wp-content\/uploads\/2016\/03\/ronda-3.jpg\" \/>\n\t<meta property=\"og:image:width\" content=\"1613\" \/>\n\t<meta property=\"og:image:height\" content=\"1080\" \/>\n\t<meta property=\"og:image:type\" content=\"image\/jpeg\" \/>\n<meta name=\"twitter:card\" content=\"summary_large_image\" \/>\n<meta name=\"twitter:site\" content=\"@TourTravel_More\" \/>\n<meta name=\"twitter:label1\" content=\"Dur\u00e9e de lecture estim\u00e9e\" \/>\n\t<meta name=\"twitter:data1\" content=\"2 minutes\" \/>\n<script type=\"application\/ld+json\" class=\"yoast-schema-graph\">{\"@context\":\"https:\/\/schema.org\",\"@graph\":[{\"@type\":\"WebPage\",\"@id\":\"https:\/\/tourtravelandmore.com\/fr\/tours\/espagne-fr\/ronda-fr\/private-day-trips-fr-12\/visite-privee-a-pied-de-ronda\/\",\"url\":\"https:\/\/tourtravelandmore.com\/fr\/tours\/espagne-fr\/ronda-fr\/private-day-trips-fr-12\/visite-privee-a-pied-de-ronda\/\",\"name\":\"Visite priv\u00e9e \u00e0 pied de Ronda - Guide touristique officiel priv\u00e9 pendant 4 heures \u00e0 Ronda\",\"isPartOf\":{\"@id\":\"https:\/\/tourtravelandmore.com\/fr\/#website\"},\"primaryImageOfPage\":{\"@id\":\"https:\/\/tourtravelandmore.com\/fr\/tours\/espagne-fr\/ronda-fr\/private-day-trips-fr-12\/visite-privee-a-pied-de-ronda\/#primaryimage\"},\"image\":{\"@id\":\"https:\/\/tourtravelandmore.com\/fr\/tours\/espagne-fr\/ronda-fr\/private-day-trips-fr-12\/visite-privee-a-pied-de-ronda\/#primaryimage\"},\"thumbnailUrl\":\"https:\/\/tourtravelandmore.com\/wp-content\/uploads\/2016\/03\/ronda-3.jpg\",\"datePublished\":\"2016-03-13T17:05:18+00:00\",\"dateModified\":\"2021-02-19T10:11:29+00:00\",\"description\":\"Visite priv\u00e9e \u00e0 pied de Ronda. Profitez de cette visite priv\u00e9e \u00e0 pied de 4 heures de cette ville unique. Point de rencontre n'importe o\u00f9 \u00e0 Ronda \u00e0 pied.\",\"breadcrumb\":{\"@id\":\"https:\/\/tourtravelandmore.com\/fr\/tours\/espagne-fr\/ronda-fr\/private-day-trips-fr-12\/visite-privee-a-pied-de-ronda\/#breadcrumb\"},\"inLanguage\":\"fr-FR\",\"potentialAction\":[{\"@type\":\"ReadAction\",\"target\":[\"https:\/\/tourtravelandmore.com\/fr\/tours\/espagne-fr\/ronda-fr\/private-day-trips-fr-12\/visite-privee-a-pied-de-ronda\/\"]}]},{\"@type\":\"ImageObject\",\"inLanguage\":\"fr-FR\",\"@id\":\"https:\/\/tourtravelandmore.com\/fr\/tours\/espagne-fr\/ronda-fr\/private-day-trips-fr-12\/visite-privee-a-pied-de-ronda\/#primaryimage\",\"url\":\"https:\/\/tourtravelandmore.com\/wp-content\/uploads\/2016\/03\/ronda-3.jpg\",\"contentUrl\":\"https:\/\/tourtravelandmore.com\/wp-content\/uploads\/2016\/03\/ronda-3.jpg\",\"width\":1613,\"height\":1080},{\"@type\":\"BreadcrumbList\",\"@id\":\"https:\/\/tourtravelandmore.com\/fr\/tours\/espagne-fr\/ronda-fr\/private-day-trips-fr-12\/visite-privee-a-pied-de-ronda\/#breadcrumb\",\"itemListElement\":[{\"@type\":\"ListItem\",\"position\":1,\"name\":\"Home\",\"item\":\"https:\/\/tourtravelandmore.com\/fr\/\"},{\"@type\":\"ListItem\",\"position\":2,\"name\":\"Tours\",\"item\":\"https:\/\/tourtravelandmore.com\/fr\/tours\/\"},{\"@type\":\"ListItem\",\"position\":3,\"name\":\"Visite priv\u00e9e \u00e0 pied de Ronda\"}]},{\"@type\":\"WebSite\",\"@id\":\"https:\/\/tourtravelandmore.com\/fr\/#website\",\"url\":\"https:\/\/tourtravelandmore.com\/fr\/\",\"name\":\"Tour Travel And More\",\"description\":\"Private sightseeing tours and luxury transfers in Spain\",\"publisher\":{\"@id\":\"https:\/\/tourtravelandmore.com\/fr\/#organization\"},\"potentialAction\":[{\"@type\":\"SearchAction\",\"target\":{\"@type\":\"EntryPoint\",\"urlTemplate\":\"https:\/\/tourtravelandmore.com\/fr\/?s={search_term_string}\"},\"query-input\":{\"@type\":\"PropertyValueSpecification\",\"valueRequired\":true,\"valueName\":\"search_term_string\"}}],\"inLanguage\":\"fr-FR\"},{\"@type\":\"Organization\",\"@id\":\"https:\/\/tourtravelandmore.com\/fr\/#organization\",\"name\":\"Tour Travel And More\",\"url\":\"https:\/\/tourtravelandmore.com\/fr\/\",\"logo\":{\"@type\":\"ImageObject\",\"inLanguage\":\"fr-FR\",\"@id\":\"https:\/\/tourtravelandmore.com\/fr\/#\/schema\/logo\/image\/\",\"url\":\"https:\/\/tourtravelandmore.com\/wp-content\/uploads\/2022\/12\/cropped-logo-cabecera-new.png\",\"contentUrl\":\"https:\/\/tourtravelandmore.com\/wp-content\/uploads\/2022\/12\/cropped-logo-cabecera-new.png\",\"width\":430,\"height\":61,\"caption\":\"Tour Travel And More\"},\"image\":{\"@id\":\"https:\/\/tourtravelandmore.com\/fr\/#\/schema\/logo\/image\/\"},\"sameAs\":[\"https:\/\/www.facebook.com\/tourtravelandmore\/\",\"https:\/\/x.com\/TourTravel_More\"]}]}<\/script>\n<!-- \/ Yoast SEO Premium plugin. -->","yoast_head_json":{"title":"Visite priv\u00e9e \u00e0 pied de Ronda - Guide touristique officiel priv\u00e9 pendant 4 heures \u00e0 Ronda","description":"Visite priv\u00e9e \u00e0 pied de Ronda. Profitez de cette visite priv\u00e9e \u00e0 pied de 4 heures de cette ville unique. Point de rencontre n'importe o\u00f9 \u00e0 Ronda \u00e0 pied.","robots":{"index":"index","follow":"follow","max-snippet":"max-snippet:-1","max-image-preview":"max-image-preview:large","max-video-preview":"max-video-preview:-1"},"canonical":"https:\/\/tourtravelandmore.com\/fr\/tours\/espagne-fr\/ronda-fr\/private-day-trips-fr-12\/visite-privee-a-pied-de-ronda\/","og_locale":"fr_FR","og_type":"article","og_title":"Visite priv\u00e9e \u00e0 pied de Ronda","og_description":"Visite priv\u00e9e \u00e0 pied de Ronda. Profitez de cette visite priv\u00e9e \u00e0 pied de 4 heures de cette ville unique. Point de rencontre n'importe o\u00f9 \u00e0 Ronda \u00e0 pied.","og_url":"https:\/\/tourtravelandmore.com\/fr\/tours\/espagne-fr\/ronda-fr\/private-day-trips-fr-12\/visite-privee-a-pied-de-ronda\/","og_site_name":"Tour Travel And More","article_publisher":"https:\/\/www.facebook.com\/tourtravelandmore\/","article_modified_time":"2021-02-19T10:11:29+00:00","og_image":[{"width":1613,"height":1080,"url":"https:\/\/tourtravelandmore.com\/wp-content\/uploads\/2016\/03\/ronda-3.jpg","type":"image\/jpeg"}],"twitter_card":"summary_large_image","twitter_site":"@TourTravel_More","twitter_misc":{"Dur\u00e9e de lecture estim\u00e9e":"2 minutes"},"schema":{"@context":"https:\/\/schema.org","@graph":[{"@type":"WebPage","@id":"https:\/\/tourtravelandmore.com\/fr\/tours\/espagne-fr\/ronda-fr\/private-day-trips-fr-12\/visite-privee-a-pied-de-ronda\/","url":"https:\/\/tourtravelandmore.com\/fr\/tours\/espagne-fr\/ronda-fr\/private-day-trips-fr-12\/visite-privee-a-pied-de-ronda\/","name":"Visite priv\u00e9e \u00e0 pied de Ronda - Guide touristique officiel priv\u00e9 pendant 4 heures \u00e0 Ronda","isPartOf":{"@id":"https:\/\/tourtravelandmore.com\/fr\/#website"},"primaryImageOfPage":{"@id":"https:\/\/tourtravelandmore.com\/fr\/tours\/espagne-fr\/ronda-fr\/private-day-trips-fr-12\/visite-privee-a-pied-de-ronda\/#primaryimage"},"image":{"@id":"https:\/\/tourtravelandmore.com\/fr\/tours\/espagne-fr\/ronda-fr\/private-day-trips-fr-12\/visite-privee-a-pied-de-ronda\/#primaryimage"},"thumbnailUrl":"https:\/\/tourtravelandmore.com\/wp-content\/uploads\/2016\/03\/ronda-3.jpg","datePublished":"2016-03-13T17:05:18+00:00","dateModified":"2021-02-19T10:11:29+00:00","description":"Visite priv\u00e9e \u00e0 pied de Ronda. Profitez de cette visite priv\u00e9e \u00e0 pied de 4 heures de cette ville unique. Point de rencontre n'importe o\u00f9 \u00e0 Ronda \u00e0 pied.","breadcrumb":{"@id":"https:\/\/tourtravelandmore.com\/fr\/tours\/espagne-fr\/ronda-fr\/private-day-trips-fr-12\/visite-privee-a-pied-de-ronda\/#breadcrumb"},"inLanguage":"fr-FR","potentialAction":[{"@type":"ReadAction","target":["https:\/\/tourtravelandmore.com\/fr\/tours\/espagne-fr\/ronda-fr\/private-day-trips-fr-12\/visite-privee-a-pied-de-ronda\/"]}]},{"@type":"ImageObject","inLanguage":"fr-FR","@id":"https:\/\/tourtravelandmore.com\/fr\/tours\/espagne-fr\/ronda-fr\/private-day-trips-fr-12\/visite-privee-a-pied-de-ronda\/#primaryimage","url":"https:\/\/tourtravelandmore.com\/wp-content\/uploads\/2016\/03\/ronda-3.jpg","contentUrl":"https:\/\/tourtravelandmore.com\/wp-content\/uploads\/2016\/03\/ronda-3.jpg","width":1613,"height":1080},{"@type":"BreadcrumbList","@id":"https:\/\/tourtravelandmore.com\/fr\/tours\/espagne-fr\/ronda-fr\/private-day-trips-fr-12\/visite-privee-a-pied-de-ronda\/#breadcrumb","itemListElement":[{"@type":"ListItem","position":1,"name":"Home","item":"https:\/\/tourtravelandmore.com\/fr\/"},{"@type":"ListItem","position":2,"name":"Tours","item":"https:\/\/tourtravelandmore.com\/fr\/tours\/"},{"@type":"ListItem","position":3,"name":"Visite priv\u00e9e \u00e0 pied de Ronda"}]},{"@type":"WebSite","@id":"https:\/\/tourtravelandmore.com\/fr\/#website","url":"https:\/\/tourtravelandmore.com\/fr\/","name":"Tour Travel And More","description":"Private sightseeing tours and luxury transfers in Spain","publisher":{"@id":"https:\/\/tourtravelandmore.com\/fr\/#organization"},"potentialAction":[{"@type":"SearchAction","target":{"@type":"EntryPoint","urlTemplate":"https:\/\/tourtravelandmore.com\/fr\/?s={search_term_string}"},"query-input":{"@type":"PropertyValueSpecification","valueRequired":true,"valueName":"search_term_string"}}],"inLanguage":"fr-FR"},{"@type":"Organization","@id":"https:\/\/tourtravelandmore.com\/fr\/#organization","name":"Tour Travel And More","url":"https:\/\/tourtravelandmore.com\/fr\/","logo":{"@type":"ImageObject","inLanguage":"fr-FR","@id":"https:\/\/tourtravelandmore.com\/fr\/#\/schema\/logo\/image\/","url":"https:\/\/tourtravelandmore.com\/wp-content\/uploads\/2022\/12\/cropped-logo-cabecera-new.png","contentUrl":"https:\/\/tourtravelandmore.com\/wp-content\/uploads\/2022\/12\/cropped-logo-cabecera-new.png","width":430,"height":61,"caption":"Tour Travel And More"},"image":{"@id":"https:\/\/tourtravelandmore.com\/fr\/#\/schema\/logo\/image\/"},"sameAs":["https:\/\/www.facebook.com\/tourtravelandmore\/","https:\/\/x.com\/TourTravel_More"]}]}},"_links":{"self":[{"href":"https:\/\/tourtravelandmore.com\/fr\/wp-json\/wp\/v2\/product\/99682","targetHints":{"allow":["GET"]}}],"collection":[{"href":"https:\/\/tourtravelandmore.com\/fr\/wp-json\/wp\/v2\/product"}],"about":[{"href":"https:\/\/tourtravelandmore.com\/fr\/wp-json\/wp\/v2\/types\/product"}],"replies":[{"embeddable":true,"href":"https:\/\/tourtravelandmore.com\/fr\/wp-json\/wp\/v2\/comments?post=99682"}],"wp:featuredmedia":[{"embeddable":true,"href":"https:\/\/tourtravelandmore.com\/fr\/wp-json\/wp\/v2\/media\/93692"}],"wp:attachment":[{"href":"https:\/\/tourtravelandmore.com\/fr\/wp-json\/wp\/v2\/media?parent=99682"}],"wp:term":[{"taxonomy":"product_brand","embeddable":true,"href":"https:\/\/tourtravelandmore.com\/fr\/wp-json\/wp\/v2\/product_brand?post=99682"},{"taxonomy":"product_cat","embeddable":true,"href":"https:\/\/tourtravelandmore.com\/fr\/wp-json\/wp\/v2\/product_cat?post=99682"},{"taxonomy":"product_tag","embeddable":true,"href":"https:\/\/tourtravelandmore.com\/fr\/wp-json\/wp\/v2\/product_tag?post=99682"}],"curies":[{"name":"wp","href":"https:\/\/api.w.org\/{rel}","templated":true}]}}