{"id":99660,"date":"2017-12-07T13:49:27","date_gmt":"2017-12-07T12:49:27","guid":{"rendered":"https:\/\/tourtravelandmore.com\/tours\/non%20class\u00e9\/visite-privee-de-mijas-au-depart-de-malaga\/"},"modified":"2023-01-10T18:37:57","modified_gmt":"2023-01-10T17:37:57","slug":"visite-privee-de-mijas-au-depart-de-malaga","status":"publish","type":"product","link":"https:\/\/tourtravelandmore.com\/fr\/tours\/espagne-fr\/marbellapuertobanus-fr\/all-private-tours-activities-fr-13\/visite-privee-de-mijas-au-depart-de-malaga\/","title":{"rendered":"Visite priv\u00e9e de Mijas au d\u00e9part de Malaga"},"content":{"rendered":"<h2>Description<\/h2>\n<p>C&#8217;est une excellente tourn\u00e9e pour apprendre \u00e0 conna\u00eetre Mijas. Profitez de cette <strong>visite priv\u00e9e de Mijas au d\u00e9part de Malaga.<\/strong><\/p>\n<p>Tout d&#8217;abord, nous organiserons une prise en charge priv\u00e9e depuis votre h\u00f4tel \u00e0 <strong>Malaga<\/strong> ou n&#8217;importe quelle ville <strong>d&#8217;Andalousie.<\/strong> Nous pouvons \u00e9galement venir vous chercher \u00e0 votre port de croisi\u00e8re de <strong>Malaga.<\/strong> Informez-nous simplement de votre heure d&#8217;accostage et nous organiserons le ramassage correct.<\/p>\n<p>D\u00e9couvrez le meilleur de <strong>Mijas,<\/strong> l&#8217;une des plus belles villes de la <strong>&#8220;Costa del Sol&#8221;.<\/strong><\/p>\n<p>Une fois que notre guide officiel priv\u00e9 et notre chauffeur viendront vous chercher, nous nous dirigerons vers <strong>Mijas.<\/strong> Profitez des sites les plus importants de Mijas et promenez-vous dans la ville avant de retourner vers Malaga pour le d\u00e9jeuner!<\/p>\n<h2>Sites d&#8217;int\u00e9r\u00eat et monuments<\/h2>\n<p>Situ\u00e9e \u00e0 400 m\u00e8tres au-dessus du niveau de la mer, Mijas est l&#8217;un des joyaux de la<strong> &#8220;Costa del Sol&#8221;<\/strong>, et elle a accueilli de nombreux artistes et \u00e9crivains, qui ont d\u00e9m\u00e9nag\u00e9 ici pour profiter du climat convivial toute l&#8217;ann\u00e9e.<\/p>\n<p>Votre chauffeur priv\u00e9, avec votre guide priv\u00e9, viendra vous chercher \u00e0 votre h\u00f4tel ou lieu de votre choix \u00e0 Malaga et vous emm\u00e8nera dans cette visite priv\u00e9e de la merveilleuse ville blanche de <strong>Mijas.<\/strong><\/p>\n<p>Entre autres monuments et sites touristiques, vous pouvez apprendre \u00e0 conna\u00eetre:<\/p>\n<ul>\n<li><strong>Sanctuaire &#8220;Nuestra se\u00f1ora de la Pe\u00f1a&#8221;<\/strong><\/li>\n<li><strong>Centre d&#8217;art contemporain (\u0153uvres d&#8217;artistes comme Picasso, Dali, Foujita et bien d&#8217;autres!)<\/strong><\/li>\n<li><strong>Ar\u00e8ne taurine<\/strong><\/li>\n<li><strong>Profitez des fantastiques vues panoramiques qu&#8217;offre la ville<\/strong><\/li>\n<li><strong>Beaucoup plus!<\/strong><\/li>\n<\/ul>\n<p>Nous pouvons organiser une prise en charge priv\u00e9e depuis n&#8217;importe quel endroit en Andalousie. Cette proposition concerne une prise en charge priv\u00e9e depuis Malaga, Marbella ou Ronda.<\/p>\n<p>Enfin, lorsque la visite sera termin\u00e9e, nous vous reconduirons \u00e0 l&#8217;endroit de votre choix. Votre guide officiel priv\u00e9 et votre v\u00e9hicule de luxe avec chauffeur sont \u00e0 votre disposition pendant toute votre journ\u00e9e.<\/p>\n<p>D\u00e9couvrez nos autres circuits \u00e0 <strong>Malaga!<\/strong><\/p>\n","protected":false},"excerpt":{"rendered":"<p>Grande tourn\u00e9e de Mijas! Profitez de cette visite priv\u00e9e de Mijas au d\u00e9part de Malaga et d\u00e9couvrez l&#8217;un des plus beaux villages blancs de la &#8220;Costa del Sol&#8221;: Mijas.<\/p>\n","protected":false},"featured_media":94575,"comment_status":"open","ping_status":"closed","template":"","meta":{"_acf_changed":false},"product_brand":[],"product_cat":[3646,4249,4247,4251,4248,3652,4252,4254,4253],"product_tag":[],"class_list":{"0":"post-99660","1":"product","2":"type-product","3":"status-publish","4":"has-post-thumbnail","6":"product_cat-malaga-fr","7":"product_cat-private-shore-excursions-fr-6","8":"product_cat-all-private-tours-activities-fr-12","9":"product_cat-private-day-trips-fr-5","10":"product_cat-private-sightseeing-tours-fr-19","11":"product_cat-marbellapuertobanus-fr","12":"product_cat-all-private-tours-activities-fr-13","13":"product_cat-private-sightseeing-tours-fr-20","14":"product_cat-private-day-trips-fr-6","16":"first","17":"instock","18":"shipping-taxable","19":"purchasable","20":"product-type-simple"},"acf":[],"yoast_head":"<!-- This site is optimized with the Yoast SEO Premium plugin v25.3.1 (Yoast SEO v25.3.1) - https:\/\/yoast.com\/wordpress\/plugins\/seo\/ -->\n<title>Visite priv\u00e9e de Mijas au d\u00e9part de Malaga - Voiture de luxe priv\u00e9e, chauffeur et guide touristique<\/title>\n<meta name=\"description\" content=\"Profitez de cette visite priv\u00e9e de Mijas au d\u00e9part de Malaga et d\u00e9couvrez l&#039;un des plus beaux villages blancs de la &quot;Costa del Sol&quot;: Mijas\" \/>\n<meta name=\"robots\" content=\"index, follow, max-snippet:-1, max-image-preview:large, max-video-preview:-1\" \/>\n<link rel=\"canonical\" href=\"https:\/\/tourtravelandmore.com\/fr\/tours\/espagne-fr\/marbellapuertobanus-fr\/all-private-tours-activities-fr-13\/visite-privee-de-mijas-au-depart-de-malaga\/\" \/>\n<meta property=\"og:locale\" content=\"fr_FR\" \/>\n<meta property=\"og:type\" content=\"article\" \/>\n<meta property=\"og:title\" content=\"Visite priv\u00e9e de Mijas au d\u00e9part de Malaga\" \/>\n<meta property=\"og:description\" content=\"Profitez de cette visite priv\u00e9e de Mijas au d\u00e9part de Malaga et d\u00e9couvrez l&#039;un des plus beaux villages blancs de la &quot;Costa del Sol&quot;: Mijas\" \/>\n<meta property=\"og:url\" content=\"https:\/\/tourtravelandmore.com\/fr\/tours\/espagne-fr\/marbellapuertobanus-fr\/all-private-tours-activities-fr-13\/visite-privee-de-mijas-au-depart-de-malaga\/\" \/>\n<meta property=\"og:site_name\" content=\"Tour Travel And More\" \/>\n<meta property=\"article:publisher\" content=\"https:\/\/www.facebook.com\/tourtravelandmore\/\" \/>\n<meta property=\"article:modified_time\" content=\"2023-01-10T17:37:57+00:00\" \/>\n<meta property=\"og:image\" content=\"https:\/\/tourtravelandmore.com\/wp-content\/uploads\/2017\/12\/Mijas.jpg\" \/>\n\t<meta property=\"og:image:width\" content=\"800\" \/>\n\t<meta property=\"og:image:height\" content=\"530\" \/>\n\t<meta property=\"og:image:type\" content=\"image\/jpeg\" \/>\n<meta name=\"twitter:card\" content=\"summary_large_image\" \/>\n<meta name=\"twitter:site\" content=\"@TourTravel_More\" \/>\n<meta name=\"twitter:label1\" content=\"Dur\u00e9e de lecture estim\u00e9e\" \/>\n\t<meta name=\"twitter:data1\" content=\"2 minutes\" \/>\n<script type=\"application\/ld+json\" class=\"yoast-schema-graph\">{\"@context\":\"https:\/\/schema.org\",\"@graph\":[{\"@type\":\"WebPage\",\"@id\":\"https:\/\/tourtravelandmore.com\/fr\/tours\/espagne-fr\/marbellapuertobanus-fr\/all-private-tours-activities-fr-13\/visite-privee-de-mijas-au-depart-de-malaga\/\",\"url\":\"https:\/\/tourtravelandmore.com\/fr\/tours\/espagne-fr\/marbellapuertobanus-fr\/all-private-tours-activities-fr-13\/visite-privee-de-mijas-au-depart-de-malaga\/\",\"name\":\"Visite priv\u00e9e de Mijas au d\u00e9part de Malaga - Voiture de luxe priv\u00e9e, chauffeur et guide touristique\",\"isPartOf\":{\"@id\":\"https:\/\/tourtravelandmore.com\/fr\/#website\"},\"primaryImageOfPage\":{\"@id\":\"https:\/\/tourtravelandmore.com\/fr\/tours\/espagne-fr\/marbellapuertobanus-fr\/all-private-tours-activities-fr-13\/visite-privee-de-mijas-au-depart-de-malaga\/#primaryimage\"},\"image\":{\"@id\":\"https:\/\/tourtravelandmore.com\/fr\/tours\/espagne-fr\/marbellapuertobanus-fr\/all-private-tours-activities-fr-13\/visite-privee-de-mijas-au-depart-de-malaga\/#primaryimage\"},\"thumbnailUrl\":\"https:\/\/tourtravelandmore.com\/wp-content\/uploads\/2017\/12\/Mijas.jpg\",\"datePublished\":\"2017-12-07T12:49:27+00:00\",\"dateModified\":\"2023-01-10T17:37:57+00:00\",\"description\":\"Profitez de cette visite priv\u00e9e de Mijas au d\u00e9part de Malaga et d\u00e9couvrez l'un des plus beaux villages blancs de la \\\"Costa del Sol\\\": Mijas\",\"breadcrumb\":{\"@id\":\"https:\/\/tourtravelandmore.com\/fr\/tours\/espagne-fr\/marbellapuertobanus-fr\/all-private-tours-activities-fr-13\/visite-privee-de-mijas-au-depart-de-malaga\/#breadcrumb\"},\"inLanguage\":\"fr-FR\",\"potentialAction\":[{\"@type\":\"ReadAction\",\"target\":[\"https:\/\/tourtravelandmore.com\/fr\/tours\/espagne-fr\/marbellapuertobanus-fr\/all-private-tours-activities-fr-13\/visite-privee-de-mijas-au-depart-de-malaga\/\"]}]},{\"@type\":\"ImageObject\",\"inLanguage\":\"fr-FR\",\"@id\":\"https:\/\/tourtravelandmore.com\/fr\/tours\/espagne-fr\/marbellapuertobanus-fr\/all-private-tours-activities-fr-13\/visite-privee-de-mijas-au-depart-de-malaga\/#primaryimage\",\"url\":\"https:\/\/tourtravelandmore.com\/wp-content\/uploads\/2017\/12\/Mijas.jpg\",\"contentUrl\":\"https:\/\/tourtravelandmore.com\/wp-content\/uploads\/2017\/12\/Mijas.jpg\",\"width\":800,\"height\":530},{\"@type\":\"BreadcrumbList\",\"@id\":\"https:\/\/tourtravelandmore.com\/fr\/tours\/espagne-fr\/marbellapuertobanus-fr\/all-private-tours-activities-fr-13\/visite-privee-de-mijas-au-depart-de-malaga\/#breadcrumb\",\"itemListElement\":[{\"@type\":\"ListItem\",\"position\":1,\"name\":\"Home\",\"item\":\"https:\/\/tourtravelandmore.com\/fr\/\"},{\"@type\":\"ListItem\",\"position\":2,\"name\":\"Tours\",\"item\":\"https:\/\/tourtravelandmore.com\/fr\/tours\/\"},{\"@type\":\"ListItem\",\"position\":3,\"name\":\"Visite priv\u00e9e de Mijas au d\u00e9part de Malaga\"}]},{\"@type\":\"WebSite\",\"@id\":\"https:\/\/tourtravelandmore.com\/fr\/#website\",\"url\":\"https:\/\/tourtravelandmore.com\/fr\/\",\"name\":\"Tour Travel And More\",\"description\":\"Private sightseeing tours and luxury transfers in Spain\",\"publisher\":{\"@id\":\"https:\/\/tourtravelandmore.com\/fr\/#organization\"},\"potentialAction\":[{\"@type\":\"SearchAction\",\"target\":{\"@type\":\"EntryPoint\",\"urlTemplate\":\"https:\/\/tourtravelandmore.com\/fr\/?s={search_term_string}\"},\"query-input\":{\"@type\":\"PropertyValueSpecification\",\"valueRequired\":true,\"valueName\":\"search_term_string\"}}],\"inLanguage\":\"fr-FR\"},{\"@type\":\"Organization\",\"@id\":\"https:\/\/tourtravelandmore.com\/fr\/#organization\",\"name\":\"Tour Travel And More\",\"url\":\"https:\/\/tourtravelandmore.com\/fr\/\",\"logo\":{\"@type\":\"ImageObject\",\"inLanguage\":\"fr-FR\",\"@id\":\"https:\/\/tourtravelandmore.com\/fr\/#\/schema\/logo\/image\/\",\"url\":\"https:\/\/tourtravelandmore.com\/wp-content\/uploads\/2022\/12\/cropped-logo-cabecera-new.png\",\"contentUrl\":\"https:\/\/tourtravelandmore.com\/wp-content\/uploads\/2022\/12\/cropped-logo-cabecera-new.png\",\"width\":430,\"height\":61,\"caption\":\"Tour Travel And More\"},\"image\":{\"@id\":\"https:\/\/tourtravelandmore.com\/fr\/#\/schema\/logo\/image\/\"},\"sameAs\":[\"https:\/\/www.facebook.com\/tourtravelandmore\/\",\"https:\/\/x.com\/TourTravel_More\"]}]}<\/script>\n<!-- \/ Yoast SEO Premium plugin. -->","yoast_head_json":{"title":"Visite priv\u00e9e de Mijas au d\u00e9part de Malaga - Voiture de luxe priv\u00e9e, chauffeur et guide touristique","description":"Profitez de cette visite priv\u00e9e de Mijas au d\u00e9part de Malaga et d\u00e9couvrez l'un des plus beaux villages blancs de la \"Costa del Sol\": Mijas","robots":{"index":"index","follow":"follow","max-snippet":"max-snippet:-1","max-image-preview":"max-image-preview:large","max-video-preview":"max-video-preview:-1"},"canonical":"https:\/\/tourtravelandmore.com\/fr\/tours\/espagne-fr\/marbellapuertobanus-fr\/all-private-tours-activities-fr-13\/visite-privee-de-mijas-au-depart-de-malaga\/","og_locale":"fr_FR","og_type":"article","og_title":"Visite priv\u00e9e de Mijas au d\u00e9part de Malaga","og_description":"Profitez de cette visite priv\u00e9e de Mijas au d\u00e9part de Malaga et d\u00e9couvrez l'un des plus beaux villages blancs de la \"Costa del Sol\": Mijas","og_url":"https:\/\/tourtravelandmore.com\/fr\/tours\/espagne-fr\/marbellapuertobanus-fr\/all-private-tours-activities-fr-13\/visite-privee-de-mijas-au-depart-de-malaga\/","og_site_name":"Tour Travel And More","article_publisher":"https:\/\/www.facebook.com\/tourtravelandmore\/","article_modified_time":"2023-01-10T17:37:57+00:00","og_image":[{"width":800,"height":530,"url":"https:\/\/tourtravelandmore.com\/wp-content\/uploads\/2017\/12\/Mijas.jpg","type":"image\/jpeg"}],"twitter_card":"summary_large_image","twitter_site":"@TourTravel_More","twitter_misc":{"Dur\u00e9e de lecture estim\u00e9e":"2 minutes"},"schema":{"@context":"https:\/\/schema.org","@graph":[{"@type":"WebPage","@id":"https:\/\/tourtravelandmore.com\/fr\/tours\/espagne-fr\/marbellapuertobanus-fr\/all-private-tours-activities-fr-13\/visite-privee-de-mijas-au-depart-de-malaga\/","url":"https:\/\/tourtravelandmore.com\/fr\/tours\/espagne-fr\/marbellapuertobanus-fr\/all-private-tours-activities-fr-13\/visite-privee-de-mijas-au-depart-de-malaga\/","name":"Visite priv\u00e9e de Mijas au d\u00e9part de Malaga - Voiture de luxe priv\u00e9e, chauffeur et guide touristique","isPartOf":{"@id":"https:\/\/tourtravelandmore.com\/fr\/#website"},"primaryImageOfPage":{"@id":"https:\/\/tourtravelandmore.com\/fr\/tours\/espagne-fr\/marbellapuertobanus-fr\/all-private-tours-activities-fr-13\/visite-privee-de-mijas-au-depart-de-malaga\/#primaryimage"},"image":{"@id":"https:\/\/tourtravelandmore.com\/fr\/tours\/espagne-fr\/marbellapuertobanus-fr\/all-private-tours-activities-fr-13\/visite-privee-de-mijas-au-depart-de-malaga\/#primaryimage"},"thumbnailUrl":"https:\/\/tourtravelandmore.com\/wp-content\/uploads\/2017\/12\/Mijas.jpg","datePublished":"2017-12-07T12:49:27+00:00","dateModified":"2023-01-10T17:37:57+00:00","description":"Profitez de cette visite priv\u00e9e de Mijas au d\u00e9part de Malaga et d\u00e9couvrez l'un des plus beaux villages blancs de la \"Costa del Sol\": Mijas","breadcrumb":{"@id":"https:\/\/tourtravelandmore.com\/fr\/tours\/espagne-fr\/marbellapuertobanus-fr\/all-private-tours-activities-fr-13\/visite-privee-de-mijas-au-depart-de-malaga\/#breadcrumb"},"inLanguage":"fr-FR","potentialAction":[{"@type":"ReadAction","target":["https:\/\/tourtravelandmore.com\/fr\/tours\/espagne-fr\/marbellapuertobanus-fr\/all-private-tours-activities-fr-13\/visite-privee-de-mijas-au-depart-de-malaga\/"]}]},{"@type":"ImageObject","inLanguage":"fr-FR","@id":"https:\/\/tourtravelandmore.com\/fr\/tours\/espagne-fr\/marbellapuertobanus-fr\/all-private-tours-activities-fr-13\/visite-privee-de-mijas-au-depart-de-malaga\/#primaryimage","url":"https:\/\/tourtravelandmore.com\/wp-content\/uploads\/2017\/12\/Mijas.jpg","contentUrl":"https:\/\/tourtravelandmore.com\/wp-content\/uploads\/2017\/12\/Mijas.jpg","width":800,"height":530},{"@type":"BreadcrumbList","@id":"https:\/\/tourtravelandmore.com\/fr\/tours\/espagne-fr\/marbellapuertobanus-fr\/all-private-tours-activities-fr-13\/visite-privee-de-mijas-au-depart-de-malaga\/#breadcrumb","itemListElement":[{"@type":"ListItem","position":1,"name":"Home","item":"https:\/\/tourtravelandmore.com\/fr\/"},{"@type":"ListItem","position":2,"name":"Tours","item":"https:\/\/tourtravelandmore.com\/fr\/tours\/"},{"@type":"ListItem","position":3,"name":"Visite priv\u00e9e de Mijas au d\u00e9part de Malaga"}]},{"@type":"WebSite","@id":"https:\/\/tourtravelandmore.com\/fr\/#website","url":"https:\/\/tourtravelandmore.com\/fr\/","name":"Tour Travel And More","description":"Private sightseeing tours and luxury transfers in Spain","publisher":{"@id":"https:\/\/tourtravelandmore.com\/fr\/#organization"},"potentialAction":[{"@type":"SearchAction","target":{"@type":"EntryPoint","urlTemplate":"https:\/\/tourtravelandmore.com\/fr\/?s={search_term_string}"},"query-input":{"@type":"PropertyValueSpecification","valueRequired":true,"valueName":"search_term_string"}}],"inLanguage":"fr-FR"},{"@type":"Organization","@id":"https:\/\/tourtravelandmore.com\/fr\/#organization","name":"Tour Travel And More","url":"https:\/\/tourtravelandmore.com\/fr\/","logo":{"@type":"ImageObject","inLanguage":"fr-FR","@id":"https:\/\/tourtravelandmore.com\/fr\/#\/schema\/logo\/image\/","url":"https:\/\/tourtravelandmore.com\/wp-content\/uploads\/2022\/12\/cropped-logo-cabecera-new.png","contentUrl":"https:\/\/tourtravelandmore.com\/wp-content\/uploads\/2022\/12\/cropped-logo-cabecera-new.png","width":430,"height":61,"caption":"Tour Travel And More"},"image":{"@id":"https:\/\/tourtravelandmore.com\/fr\/#\/schema\/logo\/image\/"},"sameAs":["https:\/\/www.facebook.com\/tourtravelandmore\/","https:\/\/x.com\/TourTravel_More"]}]}},"_links":{"self":[{"href":"https:\/\/tourtravelandmore.com\/fr\/wp-json\/wp\/v2\/product\/99660","targetHints":{"allow":["GET"]}}],"collection":[{"href":"https:\/\/tourtravelandmore.com\/fr\/wp-json\/wp\/v2\/product"}],"about":[{"href":"https:\/\/tourtravelandmore.com\/fr\/wp-json\/wp\/v2\/types\/product"}],"replies":[{"embeddable":true,"href":"https:\/\/tourtravelandmore.com\/fr\/wp-json\/wp\/v2\/comments?post=99660"}],"wp:featuredmedia":[{"embeddable":true,"href":"https:\/\/tourtravelandmore.com\/fr\/wp-json\/wp\/v2\/media\/94575"}],"wp:attachment":[{"href":"https:\/\/tourtravelandmore.com\/fr\/wp-json\/wp\/v2\/media?parent=99660"}],"wp:term":[{"taxonomy":"product_brand","embeddable":true,"href":"https:\/\/tourtravelandmore.com\/fr\/wp-json\/wp\/v2\/product_brand?post=99660"},{"taxonomy":"product_cat","embeddable":true,"href":"https:\/\/tourtravelandmore.com\/fr\/wp-json\/wp\/v2\/product_cat?post=99660"},{"taxonomy":"product_tag","embeddable":true,"href":"https:\/\/tourtravelandmore.com\/fr\/wp-json\/wp\/v2\/product_tag?post=99660"}],"curies":[{"name":"wp","href":"https:\/\/api.w.org\/{rel}","templated":true}]}}