{"id":99590,"date":"2018-12-31T15:03:45","date_gmt":"2018-12-31T14:03:45","guid":{"rendered":"https:\/\/tourtravelandmore.com\/tours\/non%20class\u00e9\/visite-privee-dune-journee-paris-et-versailles\/"},"modified":"2024-08-06T16:33:11","modified_gmt":"2024-08-06T14:33:11","slug":"visite-privee-dune-journee-paris-et-versailles","status":"publish","type":"product","link":"https:\/\/tourtravelandmore.com\/fr\/tours\/france-fr\/paris-fr\/all-private-tours-and-activities-fr-100\/visite-privee-dune-journee-paris-et-versailles\/","title":{"rendered":"Visite priv\u00e9e d&#8217;une journ\u00e9e: Paris et Versailles"},"content":{"rendered":"<h2>Description<\/h2>\n<p>D\u00e9couvrez et explorez Paris et le magnifique ch\u00e2teau de Versailles en une journ\u00e9e! Cette visite priv\u00e9e combine le meilleur de la ville et une visite guid\u00e9e priv\u00e9e de l&#8217;un des plus merveilleux palais de toute l&#8217;Europe. Visitez les monuments de Paris et le palais et les jardins de Versailles. Profitez de cette journ\u00e9e compl\u00e8te de visite de Paris \u00e0 Versailles avec votre guide priv\u00e9 agr\u00e9\u00e9.<\/p>\n<p>Tout d&#8217;abord, votre guide et votre chauffeur viendront vous chercher \u00e0 l&#8217;endroit de votre choix \u00e0 Paris. Ensuite, vous vous rendrez en voiture de Paris \u00e0 Versailles, ce qui prend environ 45 minutes. Une fois au ch\u00e2teau, vous d\u00e9couvrirez l&#8217;histoire de ce lieu historique avec votre guide priv\u00e9. Ensuite, vous continuerez votre visite priv\u00e9e d&#8217;une journ\u00e9e et visiterez les principaux sites de Paris.<\/p>\n<p>Toutes nos visites sont priv\u00e9es et personnalisables. Contactez-nous et l&#8217;un de nos experts vous aidera \u00e0 organiser une exp\u00e9rience priv\u00e9e inoubliable lors de votre s\u00e9jour \u00e0 Paris.<\/p>\n<h2>Sites d&#8217;int\u00e9r\u00eat et monuments<\/h2>\n<p>Une fois sur place, vous profiterez d&#8217;une visite guid\u00e9e priv\u00e9e \u00e0 l&#8217;int\u00e9rieur du ch\u00e2teau de Versailles. L&#8217;architecture de Versailles \u00e9pouse le style des XVII et XVIII si\u00e8cles. Le parc est orn\u00e9 de statues, de fontaines, de parterres d&#8217;eau et d&#8217;\u00e9difices d&#8217;exception tels que le Grand Trianon et le Petit Trianon, le Temple de l&#8217;Amour et le Hameau de la Reine Marie-Antoinette.<\/p>\n<p>L&#8217;int\u00e9rieur du palais est divis\u00e9 en diff\u00e9rentes zones. Vous les visiterez et apprendrez l&#8217;histoire de chacun d&#8217;eux avec votre guide officiel priv\u00e9. Les salles les plus embl\u00e9matiques \u00e0 l&#8217;int\u00e9rieur du palais sont:<\/p>\n<ul>\n<li><strong>Chapelle royale: Consid\u00e9r\u00e9e comme l&#8217;un des joyaux du palais, c&#8217;est le dernier grand projet de construction de Louis XIV et son h\u00e9ritage spirituel.<\/strong><\/li>\n<li><strong>Kings Grand Apartment: Il est compos\u00e9 de boiseries en marbre et de plafonds peints. Se compose de 7 salles qui ont \u00e9t\u00e9 utilis\u00e9es pour accueillir les actes officiels du souverain<\/strong><\/li>\n<li><strong>Galerie des Glaces (La Grande Galerie des Glaces)<\/strong><\/li>\n<li><strong>Salles Guerre et Paix<\/strong><\/li>\n<li><strong>Grand Appartement de la Reine: cette zone n\u2019\u00e9tait habit\u00e9e que par la reine. Il a d&#8217;abord \u00e9t\u00e9 habit\u00e9 par la reine Marie-Th\u00e9r\u00e8se, \u00e9pouse de Louis XIV.<\/strong><\/li>\n<\/ul>\n<p>Les billets coupe-file pour le ch\u00e2teau de Versailles, y compris ses jardins, sont inclus dans le prix de cette visite.<\/p>\n<p>La ville de Paris est l&#8217;une des villes les plus influentes de l&#8217;histoire du monde. Explorer la ville avec un guide priv\u00e9 agr\u00e9\u00e9 vous donnera des informations et des conseils sur cette influence. Le but de la premi\u00e8re partie de cette visite priv\u00e9e est de vous aider \u00e0 d\u00e9couvrir les principaux sites de la ville avec un contexte artistique, historique et culturel fourni par votre guide priv\u00e9 et chauffeur s\u00e9par\u00e9. Certains des sites que vous visiterez lors de votre visite de la ville sont:<\/p>\n<ul>\n<li><strong>Tour Eiffel<\/strong><\/li>\n<li><strong>Mus\u00e9e du Louvre<\/strong><\/li>\n<li><strong>Cath\u00e9drale Notre Dame<\/strong><\/li>\n<li><strong>Champs Elys\u00e9es et Arc de triomphe<\/strong><\/li>\n<li><strong>Basilique Sacr\u00e9 Coeur<\/strong><\/li>\n<li><strong>Jardin du Luxembourg et des Tuileries<\/strong><\/li>\n<li><strong>Place de la Concorde<\/strong><\/li>\n<li><strong>Panteon de Paris<\/strong><\/li>\n<li><strong>Trocad\u00e9ro et Moulin Rouge<\/strong><\/li>\n<\/ul>\n<p>Apr\u00e8s avoir explor\u00e9 Paris, notre guide vous recommandera un bon endroit local pour une bouch\u00e9e! Deuxi\u00e8mement, vous commencerez \u00e0 vous rendre \u00e0 Versailles.<\/p>\n<p>Toutes les visites que nous proposons et organisons sont priv\u00e9es, donc \u00e9galement sur mesure. Notre \u00e9quipe travaille dans le but d&#8217;aider nos clients \u00e0 vivre une exp\u00e9rience personnalisable et personnalis\u00e9e. En conclusion, contactez-nous pour plus d&#8217;informations et nous vous r\u00e9pondrons dans les plus brefs d\u00e9lais avec une proposition sur mesure.<\/p>\n","protected":false},"excerpt":{"rendered":"<p>Profitez de cette merveilleuse excursion d&#8217;une journ\u00e9e compl\u00e8te au d\u00e9part de Paris. Vous explorerez la ville de Paris et visiterez \u00e9galement le magnifique ch\u00e2teau de Versailles avec un guide officiel. Votre chauffeur priv\u00e9 viendra vous chercher \u00e0 l&#8217;endroit de votre choix \u00e0 Paris.<\/p>\n","protected":false},"featured_media":95399,"comment_status":"open","ping_status":"closed","template":"","meta":{"_acf_changed":false},"product_brand":[],"product_cat":[3542,4203,4204],"product_tag":[],"class_list":{"0":"post-99590","1":"product","2":"type-product","3":"status-publish","4":"has-post-thumbnail","6":"product_cat-paris-fr","7":"product_cat-all-private-tours-and-activities-fr-100","8":"product_cat-private-day-trips-fr-3","10":"first","11":"instock","12":"shipping-taxable","13":"purchasable","14":"product-type-simple"},"acf":[],"yoast_head":"<!-- This site is optimized with the Yoast SEO Premium plugin v25.3.1 (Yoast SEO v25.3.1) - https:\/\/yoast.com\/wordpress\/plugins\/seo\/ -->\n<title>Visite priv\u00e9e d&#039;une journ\u00e9e compl\u00e8te: d\u00e9couvrez Paris et Versailles avec un guide agr\u00e9\u00e9<\/title>\n<meta name=\"description\" content=\"Profitez de cette merveilleuse excursion d&#039;une journ\u00e9e de Paris \u00e0 Versailles. Explorez la ville de Paris et visitez le magnifique ch\u00e2teau de Versailles avec un guide officiel.\" \/>\n<meta name=\"robots\" content=\"index, follow, max-snippet:-1, max-image-preview:large, max-video-preview:-1\" \/>\n<link rel=\"canonical\" href=\"https:\/\/tourtravelandmore.com\/fr\/tours\/france-fr\/paris-fr\/all-private-tours-and-activities-fr-100\/visite-privee-dune-journee-paris-et-versailles\/\" \/>\n<meta property=\"og:locale\" content=\"fr_FR\" \/>\n<meta property=\"og:type\" content=\"article\" \/>\n<meta property=\"og:title\" content=\"Visite priv\u00e9e d&#039;une journ\u00e9e: Paris et Versailles\" \/>\n<meta property=\"og:description\" content=\"Profitez de cette merveilleuse excursion d&#039;une journ\u00e9e de Paris \u00e0 Versailles. Explorez la ville de Paris et visitez le magnifique ch\u00e2teau de Versailles avec un guide officiel.\" \/>\n<meta property=\"og:url\" content=\"https:\/\/tourtravelandmore.com\/fr\/tours\/france-fr\/paris-fr\/all-private-tours-and-activities-fr-100\/visite-privee-dune-journee-paris-et-versailles\/\" \/>\n<meta property=\"og:site_name\" content=\"Tour Travel And More\" \/>\n<meta property=\"article:publisher\" content=\"https:\/\/www.facebook.com\/tourtravelandmore\/\" \/>\n<meta property=\"article:modified_time\" content=\"2024-08-06T14:33:11+00:00\" \/>\n<meta property=\"og:image\" content=\"https:\/\/tourtravelandmore.com\/wp-content\/uploads\/2018\/12\/Paris.jpg\" \/>\n\t<meta property=\"og:image:width\" content=\"3003\" \/>\n\t<meta property=\"og:image:height\" content=\"2000\" \/>\n\t<meta property=\"og:image:type\" content=\"image\/jpeg\" \/>\n<meta name=\"twitter:card\" content=\"summary_large_image\" \/>\n<meta name=\"twitter:site\" content=\"@TourTravel_More\" \/>\n<meta name=\"twitter:label1\" content=\"Dur\u00e9e de lecture estim\u00e9e\" \/>\n\t<meta name=\"twitter:data1\" content=\"3 minutes\" \/>\n<script type=\"application\/ld+json\" class=\"yoast-schema-graph\">{\"@context\":\"https:\/\/schema.org\",\"@graph\":[{\"@type\":\"WebPage\",\"@id\":\"https:\/\/tourtravelandmore.com\/fr\/tours\/france-fr\/paris-fr\/all-private-tours-and-activities-fr-100\/visite-privee-dune-journee-paris-et-versailles\/\",\"url\":\"https:\/\/tourtravelandmore.com\/fr\/tours\/france-fr\/paris-fr\/all-private-tours-and-activities-fr-100\/visite-privee-dune-journee-paris-et-versailles\/\",\"name\":\"Visite priv\u00e9e d'une journ\u00e9e compl\u00e8te: d\u00e9couvrez Paris et Versailles avec un guide agr\u00e9\u00e9\",\"isPartOf\":{\"@id\":\"https:\/\/tourtravelandmore.com\/fr\/#website\"},\"primaryImageOfPage\":{\"@id\":\"https:\/\/tourtravelandmore.com\/fr\/tours\/france-fr\/paris-fr\/all-private-tours-and-activities-fr-100\/visite-privee-dune-journee-paris-et-versailles\/#primaryimage\"},\"image\":{\"@id\":\"https:\/\/tourtravelandmore.com\/fr\/tours\/france-fr\/paris-fr\/all-private-tours-and-activities-fr-100\/visite-privee-dune-journee-paris-et-versailles\/#primaryimage\"},\"thumbnailUrl\":\"https:\/\/tourtravelandmore.com\/wp-content\/uploads\/2018\/12\/Paris.jpg\",\"datePublished\":\"2018-12-31T14:03:45+00:00\",\"dateModified\":\"2024-08-06T14:33:11+00:00\",\"description\":\"Profitez de cette merveilleuse excursion d'une journ\u00e9e de Paris \u00e0 Versailles. Explorez la ville de Paris et visitez le magnifique ch\u00e2teau de Versailles avec un guide officiel.\",\"breadcrumb\":{\"@id\":\"https:\/\/tourtravelandmore.com\/fr\/tours\/france-fr\/paris-fr\/all-private-tours-and-activities-fr-100\/visite-privee-dune-journee-paris-et-versailles\/#breadcrumb\"},\"inLanguage\":\"fr-FR\",\"potentialAction\":[{\"@type\":\"ReadAction\",\"target\":[\"https:\/\/tourtravelandmore.com\/fr\/tours\/france-fr\/paris-fr\/all-private-tours-and-activities-fr-100\/visite-privee-dune-journee-paris-et-versailles\/\"]}]},{\"@type\":\"ImageObject\",\"inLanguage\":\"fr-FR\",\"@id\":\"https:\/\/tourtravelandmore.com\/fr\/tours\/france-fr\/paris-fr\/all-private-tours-and-activities-fr-100\/visite-privee-dune-journee-paris-et-versailles\/#primaryimage\",\"url\":\"https:\/\/tourtravelandmore.com\/wp-content\/uploads\/2018\/12\/Paris.jpg\",\"contentUrl\":\"https:\/\/tourtravelandmore.com\/wp-content\/uploads\/2018\/12\/Paris.jpg\",\"width\":3003,\"height\":2000},{\"@type\":\"BreadcrumbList\",\"@id\":\"https:\/\/tourtravelandmore.com\/fr\/tours\/france-fr\/paris-fr\/all-private-tours-and-activities-fr-100\/visite-privee-dune-journee-paris-et-versailles\/#breadcrumb\",\"itemListElement\":[{\"@type\":\"ListItem\",\"position\":1,\"name\":\"Home\",\"item\":\"https:\/\/tourtravelandmore.com\/fr\/\"},{\"@type\":\"ListItem\",\"position\":2,\"name\":\"Tours\",\"item\":\"https:\/\/tourtravelandmore.com\/fr\/tours\/\"},{\"@type\":\"ListItem\",\"position\":3,\"name\":\"Visite priv\u00e9e d&#8217;une journ\u00e9e: Paris et Versailles\"}]},{\"@type\":\"WebSite\",\"@id\":\"https:\/\/tourtravelandmore.com\/fr\/#website\",\"url\":\"https:\/\/tourtravelandmore.com\/fr\/\",\"name\":\"Tour Travel And More\",\"description\":\"Private sightseeing tours and luxury transfers in Spain\",\"publisher\":{\"@id\":\"https:\/\/tourtravelandmore.com\/fr\/#organization\"},\"potentialAction\":[{\"@type\":\"SearchAction\",\"target\":{\"@type\":\"EntryPoint\",\"urlTemplate\":\"https:\/\/tourtravelandmore.com\/fr\/?s={search_term_string}\"},\"query-input\":{\"@type\":\"PropertyValueSpecification\",\"valueRequired\":true,\"valueName\":\"search_term_string\"}}],\"inLanguage\":\"fr-FR\"},{\"@type\":\"Organization\",\"@id\":\"https:\/\/tourtravelandmore.com\/fr\/#organization\",\"name\":\"Tour Travel And More\",\"url\":\"https:\/\/tourtravelandmore.com\/fr\/\",\"logo\":{\"@type\":\"ImageObject\",\"inLanguage\":\"fr-FR\",\"@id\":\"https:\/\/tourtravelandmore.com\/fr\/#\/schema\/logo\/image\/\",\"url\":\"https:\/\/tourtravelandmore.com\/wp-content\/uploads\/2022\/12\/cropped-logo-cabecera-new.png\",\"contentUrl\":\"https:\/\/tourtravelandmore.com\/wp-content\/uploads\/2022\/12\/cropped-logo-cabecera-new.png\",\"width\":430,\"height\":61,\"caption\":\"Tour Travel And More\"},\"image\":{\"@id\":\"https:\/\/tourtravelandmore.com\/fr\/#\/schema\/logo\/image\/\"},\"sameAs\":[\"https:\/\/www.facebook.com\/tourtravelandmore\/\",\"https:\/\/x.com\/TourTravel_More\"]}]}<\/script>\n<!-- \/ Yoast SEO Premium plugin. -->","yoast_head_json":{"title":"Visite priv\u00e9e d'une journ\u00e9e compl\u00e8te: d\u00e9couvrez Paris et Versailles avec un guide agr\u00e9\u00e9","description":"Profitez de cette merveilleuse excursion d'une journ\u00e9e de Paris \u00e0 Versailles. Explorez la ville de Paris et visitez le magnifique ch\u00e2teau de Versailles avec un guide officiel.","robots":{"index":"index","follow":"follow","max-snippet":"max-snippet:-1","max-image-preview":"max-image-preview:large","max-video-preview":"max-video-preview:-1"},"canonical":"https:\/\/tourtravelandmore.com\/fr\/tours\/france-fr\/paris-fr\/all-private-tours-and-activities-fr-100\/visite-privee-dune-journee-paris-et-versailles\/","og_locale":"fr_FR","og_type":"article","og_title":"Visite priv\u00e9e d'une journ\u00e9e: Paris et Versailles","og_description":"Profitez de cette merveilleuse excursion d'une journ\u00e9e de Paris \u00e0 Versailles. Explorez la ville de Paris et visitez le magnifique ch\u00e2teau de Versailles avec un guide officiel.","og_url":"https:\/\/tourtravelandmore.com\/fr\/tours\/france-fr\/paris-fr\/all-private-tours-and-activities-fr-100\/visite-privee-dune-journee-paris-et-versailles\/","og_site_name":"Tour Travel And More","article_publisher":"https:\/\/www.facebook.com\/tourtravelandmore\/","article_modified_time":"2024-08-06T14:33:11+00:00","og_image":[{"width":3003,"height":2000,"url":"https:\/\/tourtravelandmore.com\/wp-content\/uploads\/2018\/12\/Paris.jpg","type":"image\/jpeg"}],"twitter_card":"summary_large_image","twitter_site":"@TourTravel_More","twitter_misc":{"Dur\u00e9e de lecture estim\u00e9e":"3 minutes"},"schema":{"@context":"https:\/\/schema.org","@graph":[{"@type":"WebPage","@id":"https:\/\/tourtravelandmore.com\/fr\/tours\/france-fr\/paris-fr\/all-private-tours-and-activities-fr-100\/visite-privee-dune-journee-paris-et-versailles\/","url":"https:\/\/tourtravelandmore.com\/fr\/tours\/france-fr\/paris-fr\/all-private-tours-and-activities-fr-100\/visite-privee-dune-journee-paris-et-versailles\/","name":"Visite priv\u00e9e d'une journ\u00e9e compl\u00e8te: d\u00e9couvrez Paris et Versailles avec un guide agr\u00e9\u00e9","isPartOf":{"@id":"https:\/\/tourtravelandmore.com\/fr\/#website"},"primaryImageOfPage":{"@id":"https:\/\/tourtravelandmore.com\/fr\/tours\/france-fr\/paris-fr\/all-private-tours-and-activities-fr-100\/visite-privee-dune-journee-paris-et-versailles\/#primaryimage"},"image":{"@id":"https:\/\/tourtravelandmore.com\/fr\/tours\/france-fr\/paris-fr\/all-private-tours-and-activities-fr-100\/visite-privee-dune-journee-paris-et-versailles\/#primaryimage"},"thumbnailUrl":"https:\/\/tourtravelandmore.com\/wp-content\/uploads\/2018\/12\/Paris.jpg","datePublished":"2018-12-31T14:03:45+00:00","dateModified":"2024-08-06T14:33:11+00:00","description":"Profitez de cette merveilleuse excursion d'une journ\u00e9e de Paris \u00e0 Versailles. Explorez la ville de Paris et visitez le magnifique ch\u00e2teau de Versailles avec un guide officiel.","breadcrumb":{"@id":"https:\/\/tourtravelandmore.com\/fr\/tours\/france-fr\/paris-fr\/all-private-tours-and-activities-fr-100\/visite-privee-dune-journee-paris-et-versailles\/#breadcrumb"},"inLanguage":"fr-FR","potentialAction":[{"@type":"ReadAction","target":["https:\/\/tourtravelandmore.com\/fr\/tours\/france-fr\/paris-fr\/all-private-tours-and-activities-fr-100\/visite-privee-dune-journee-paris-et-versailles\/"]}]},{"@type":"ImageObject","inLanguage":"fr-FR","@id":"https:\/\/tourtravelandmore.com\/fr\/tours\/france-fr\/paris-fr\/all-private-tours-and-activities-fr-100\/visite-privee-dune-journee-paris-et-versailles\/#primaryimage","url":"https:\/\/tourtravelandmore.com\/wp-content\/uploads\/2018\/12\/Paris.jpg","contentUrl":"https:\/\/tourtravelandmore.com\/wp-content\/uploads\/2018\/12\/Paris.jpg","width":3003,"height":2000},{"@type":"BreadcrumbList","@id":"https:\/\/tourtravelandmore.com\/fr\/tours\/france-fr\/paris-fr\/all-private-tours-and-activities-fr-100\/visite-privee-dune-journee-paris-et-versailles\/#breadcrumb","itemListElement":[{"@type":"ListItem","position":1,"name":"Home","item":"https:\/\/tourtravelandmore.com\/fr\/"},{"@type":"ListItem","position":2,"name":"Tours","item":"https:\/\/tourtravelandmore.com\/fr\/tours\/"},{"@type":"ListItem","position":3,"name":"Visite priv\u00e9e d&#8217;une journ\u00e9e: Paris et Versailles"}]},{"@type":"WebSite","@id":"https:\/\/tourtravelandmore.com\/fr\/#website","url":"https:\/\/tourtravelandmore.com\/fr\/","name":"Tour Travel And More","description":"Private sightseeing tours and luxury transfers in Spain","publisher":{"@id":"https:\/\/tourtravelandmore.com\/fr\/#organization"},"potentialAction":[{"@type":"SearchAction","target":{"@type":"EntryPoint","urlTemplate":"https:\/\/tourtravelandmore.com\/fr\/?s={search_term_string}"},"query-input":{"@type":"PropertyValueSpecification","valueRequired":true,"valueName":"search_term_string"}}],"inLanguage":"fr-FR"},{"@type":"Organization","@id":"https:\/\/tourtravelandmore.com\/fr\/#organization","name":"Tour Travel And More","url":"https:\/\/tourtravelandmore.com\/fr\/","logo":{"@type":"ImageObject","inLanguage":"fr-FR","@id":"https:\/\/tourtravelandmore.com\/fr\/#\/schema\/logo\/image\/","url":"https:\/\/tourtravelandmore.com\/wp-content\/uploads\/2022\/12\/cropped-logo-cabecera-new.png","contentUrl":"https:\/\/tourtravelandmore.com\/wp-content\/uploads\/2022\/12\/cropped-logo-cabecera-new.png","width":430,"height":61,"caption":"Tour Travel And More"},"image":{"@id":"https:\/\/tourtravelandmore.com\/fr\/#\/schema\/logo\/image\/"},"sameAs":["https:\/\/www.facebook.com\/tourtravelandmore\/","https:\/\/x.com\/TourTravel_More"]}]}},"_links":{"self":[{"href":"https:\/\/tourtravelandmore.com\/fr\/wp-json\/wp\/v2\/product\/99590","targetHints":{"allow":["GET"]}}],"collection":[{"href":"https:\/\/tourtravelandmore.com\/fr\/wp-json\/wp\/v2\/product"}],"about":[{"href":"https:\/\/tourtravelandmore.com\/fr\/wp-json\/wp\/v2\/types\/product"}],"replies":[{"embeddable":true,"href":"https:\/\/tourtravelandmore.com\/fr\/wp-json\/wp\/v2\/comments?post=99590"}],"wp:featuredmedia":[{"embeddable":true,"href":"https:\/\/tourtravelandmore.com\/fr\/wp-json\/wp\/v2\/media\/95399"}],"wp:attachment":[{"href":"https:\/\/tourtravelandmore.com\/fr\/wp-json\/wp\/v2\/media?parent=99590"}],"wp:term":[{"taxonomy":"product_brand","embeddable":true,"href":"https:\/\/tourtravelandmore.com\/fr\/wp-json\/wp\/v2\/product_brand?post=99590"},{"taxonomy":"product_cat","embeddable":true,"href":"https:\/\/tourtravelandmore.com\/fr\/wp-json\/wp\/v2\/product_cat?post=99590"},{"taxonomy":"product_tag","embeddable":true,"href":"https:\/\/tourtravelandmore.com\/fr\/wp-json\/wp\/v2\/product_tag?post=99590"}],"curies":[{"name":"wp","href":"https:\/\/api.w.org\/{rel}","templated":true}]}}