{"id":99585,"date":"2019-02-22T13:25:48","date_gmt":"2019-02-22T12:25:48","guid":{"rendered":"https:\/\/tourtravelandmore.com\/tours\/non%20class\u00e9\/visite-privee-de-5-heures-a-giverny-au-depart-de-paris\/"},"modified":"2024-08-06T16:30:15","modified_gmt":"2024-08-06T14:30:15","slug":"visite-privee-de-giverny-et-de-la-maison-monet-depuis-paris","status":"publish","type":"product","link":"https:\/\/tourtravelandmore.com\/fr\/tours\/france-fr\/paris-fr\/best-sellers\/visite-privee-de-giverny-et-de-la-maison-monet-depuis-paris\/","title":{"rendered":"Visite priv\u00e9e de Giverny et de la Maison Monet depuis Paris"},"content":{"rendered":"<h2>Description<\/h2>\n<p><strong>Giverny<\/strong> est surtout connue pour abriter la <strong>maison<\/strong> et le jardin de <strong>Claude Monet.<\/strong> Ce petit <strong>village fran\u00e7ais<\/strong> est consid\u00e9r\u00e9 comme l&#8217;un des plus beaux <strong>villages<\/strong> de <strong>France.<\/strong> D\u00e9couvrez ce merveilleux village avec un guide officiel priv\u00e9 avec notre<strong> Visite priv\u00e9e de Giverny et de la Maison Monet depuis Paris.<\/strong><\/p>\n<p>Tout d&#8217;abord, votre chauffeur viendra vous chercher \u00e0 votre h\u00f4tel ou lieu de votre choix \u00e0 Paris. Apr\u00e8s cela, vous commencerez votre trajet priv\u00e9 vers Giverny. Le trajet dure environ 1 heure et 10 minutes du centre de Paris. Une fois sur place, vous rencontrerez votre guide officiel priv\u00e9 et commencerez une visite guid\u00e9e priv\u00e9e du jardin de <strong>Claude Monet.<\/strong> En plus de votre guide, vous obtiendrez des billets coupe-file. Apr\u00e8s cela, vous aurez du temps libre pour vous promener dans la ville de Giverny avant de rentrer \u00e0 <strong>Paris.<\/strong><\/p>\n<p>Il est \u00e9galement possible de pr\u00e9voir une dur\u00e9e plus longue de la visite au cas o\u00f9 vous souhaiteriez \u00e9galement visiter le Mus\u00e9e des impressionnismes <strong>Giverny.<\/strong> Contactez-nous pour une exp\u00e9rience priv\u00e9e sur mesure.<\/p>\n<h2>Sites d&#8217;int\u00e9r\u00eat et monuments<\/h2>\n<p><strong>Giverny<\/strong> est consid\u00e9r\u00e9 comme l&#8217;un des plus beaux villages fran\u00e7ais. Une visite de la ville est non seulement recommand\u00e9e pour visiter la maison et le jardin de <strong>Claude Monet,<\/strong> mais aussi pour avoir une v\u00e9ritable impression d&#8217;un village fran\u00e7ais traditionnel. Au cours de cette visite priv\u00e9e, vous pourrez visiter et d\u00e9couvrir les jardins de Monet avec un expert local.<\/p>\n<p>Lorsque <strong>Claude Monet<\/strong> a con\u00e7u son jardin, il avait pour objectif de construire un beau jardin plein de couleurs, de fleurs et de design oriental. Les jardins sont divis\u00e9s en deux parties, qui sont tr\u00e8s diff\u00e9rentes mais se compl\u00e8tent en m\u00eame temps. Il y a un jardin fleuri appel\u00e9 <strong>Clos Normand<\/strong> devant la maison et un jardin d&#8217;eau d&#8217;inspiration japonaise de l&#8217;autre c\u00f4t\u00e9 de la route. C&#8217;est l\u00e0 que Claude Monet avait trouv\u00e9 sa plus grande source d&#8217;inspiration. Ses peintures sont r\u00e9put\u00e9es pour leurs paysages et leurs reflets d&#8217;eau.<\/p>\n<p>En plus de votre chauffeur et de votre guide, cette visite priv\u00e9e comprend des billets coupe-file pour le jardin de Monet. \u00c0 la fin de votre visite, votre chauffeur vous ram\u00e8nera \u00e0 votre h\u00f4tel ou lieu de votre choix \u00e0 Paris.<\/p>\n<p>Toutes les visites que nous proposons sont priv\u00e9es, donc uniquement pour vous et votre groupe. Contactez-nous pour plus d&#8217;informations. Apr\u00e8s cela, un expert en voyages de notre \u00e9quipe vous contactera et vous aidera \u00e0 organiser la meilleure exp\u00e9rience possible. La dur\u00e9e, l&#8217;heure de d\u00e9part et l&#8217;itin\u00e9raire de la visite sont enti\u00e8rement adaptables \u00e0 votre envie.<\/p>\n","protected":false},"excerpt":{"rendered":"<p>Visitez les magnifiques jardins de Claude Monet \u00e0 Giverny avec un expert local de Paris. Profitez d&#8217;une visite priv\u00e9e sur mesure avec votre chauffeur priv\u00e9 et votre guide agr\u00e9\u00e9. L&#8217;heure et le lieu de prise en charge sont adaptables \u00e0 vos propres exigences.<\/p>\n","protected":false},"featured_media":94906,"comment_status":"open","ping_status":"closed","template":"","meta":{"_acf_changed":false},"product_brand":[],"product_cat":[3542,4202,4203,4288,4204],"product_tag":[],"class_list":{"0":"post-99585","1":"product","2":"type-product","3":"status-publish","4":"has-post-thumbnail","6":"product_cat-paris-fr","7":"product_cat-best-sellers","8":"product_cat-all-private-tours-and-activities-fr-100","9":"product_cat-private-sightseeing-tours-fr-7-paris-fr","10":"product_cat-private-day-trips-fr-3","12":"first","13":"instock","14":"shipping-taxable","15":"purchasable","16":"product-type-simple"},"acf":[],"yoast_head":"<!-- This site is optimized with the Yoast SEO Premium plugin v25.3.1 (Yoast SEO v25.3.1) - https:\/\/yoast.com\/wordpress\/plugins\/seo\/ -->\n<title>\u27a1\ufe0f Giverny visite priv\u00e9e de Paris | Tour Travel &amp; More<\/title>\n<meta name=\"description\" content=\"Visitez les merveilleux jardins de Claude Monet \u00e0 Giverny avec un expert local. Profitez de notre visite priv\u00e9e sur mesure de Giverny au d\u00e9part de Paris \u2705\" \/>\n<meta name=\"robots\" content=\"index, follow, max-snippet:-1, max-image-preview:large, max-video-preview:-1\" \/>\n<link rel=\"canonical\" href=\"https:\/\/tourtravelandmore.com\/fr\/tours\/france-fr\/paris-fr\/best-sellers\/visite-privee-de-giverny-et-de-la-maison-monet-depuis-paris\/\" \/>\n<meta property=\"og:locale\" content=\"fr_FR\" \/>\n<meta property=\"og:type\" content=\"article\" \/>\n<meta property=\"og:title\" content=\"Visite priv\u00e9e de Giverny et de la Maison Monet depuis Paris\" \/>\n<meta property=\"og:description\" content=\"Visitez les merveilleux jardins de Claude Monet \u00e0 Giverny avec un expert local. Profitez de notre visite priv\u00e9e sur mesure de Giverny au d\u00e9part de Paris \u2705\" \/>\n<meta property=\"og:url\" content=\"https:\/\/tourtravelandmore.com\/fr\/tours\/france-fr\/paris-fr\/best-sellers\/visite-privee-de-giverny-et-de-la-maison-monet-depuis-paris\/\" \/>\n<meta property=\"og:site_name\" content=\"Tour Travel And More\" \/>\n<meta property=\"article:publisher\" content=\"https:\/\/www.facebook.com\/tourtravelandmore\/\" \/>\n<meta property=\"article:modified_time\" content=\"2024-08-06T14:30:15+00:00\" \/>\n<meta property=\"og:image\" content=\"https:\/\/tourtravelandmore.com\/wp-content\/uploads\/2018\/04\/giverny.jpg\" \/>\n\t<meta property=\"og:image:width\" content=\"1024\" \/>\n\t<meta property=\"og:image:height\" content=\"680\" \/>\n\t<meta property=\"og:image:type\" content=\"image\/jpeg\" \/>\n<meta name=\"twitter:card\" content=\"summary_large_image\" \/>\n<meta name=\"twitter:site\" content=\"@TourTravel_More\" \/>\n<meta name=\"twitter:label1\" content=\"Dur\u00e9e de lecture estim\u00e9e\" \/>\n\t<meta name=\"twitter:data1\" content=\"2 minutes\" \/>\n<script type=\"application\/ld+json\" class=\"yoast-schema-graph\">{\"@context\":\"https:\/\/schema.org\",\"@graph\":[{\"@type\":\"WebPage\",\"@id\":\"https:\/\/tourtravelandmore.com\/fr\/tours\/france-fr\/paris-fr\/best-sellers\/visite-privee-de-giverny-et-de-la-maison-monet-depuis-paris\/\",\"url\":\"https:\/\/tourtravelandmore.com\/fr\/tours\/france-fr\/paris-fr\/best-sellers\/visite-privee-de-giverny-et-de-la-maison-monet-depuis-paris\/\",\"name\":\"\u27a1\ufe0f Giverny visite priv\u00e9e de Paris | Tour Travel & More\",\"isPartOf\":{\"@id\":\"https:\/\/tourtravelandmore.com\/fr\/#website\"},\"primaryImageOfPage\":{\"@id\":\"https:\/\/tourtravelandmore.com\/fr\/tours\/france-fr\/paris-fr\/best-sellers\/visite-privee-de-giverny-et-de-la-maison-monet-depuis-paris\/#primaryimage\"},\"image\":{\"@id\":\"https:\/\/tourtravelandmore.com\/fr\/tours\/france-fr\/paris-fr\/best-sellers\/visite-privee-de-giverny-et-de-la-maison-monet-depuis-paris\/#primaryimage\"},\"thumbnailUrl\":\"https:\/\/tourtravelandmore.com\/wp-content\/uploads\/2018\/04\/giverny.jpg\",\"datePublished\":\"2019-02-22T12:25:48+00:00\",\"dateModified\":\"2024-08-06T14:30:15+00:00\",\"description\":\"Visitez les merveilleux jardins de Claude Monet \u00e0 Giverny avec un expert local. Profitez de notre visite priv\u00e9e sur mesure de Giverny au d\u00e9part de Paris \u2705\",\"breadcrumb\":{\"@id\":\"https:\/\/tourtravelandmore.com\/fr\/tours\/france-fr\/paris-fr\/best-sellers\/visite-privee-de-giverny-et-de-la-maison-monet-depuis-paris\/#breadcrumb\"},\"inLanguage\":\"fr-FR\",\"potentialAction\":[{\"@type\":\"ReadAction\",\"target\":[\"https:\/\/tourtravelandmore.com\/fr\/tours\/france-fr\/paris-fr\/best-sellers\/visite-privee-de-giverny-et-de-la-maison-monet-depuis-paris\/\"]}]},{\"@type\":\"ImageObject\",\"inLanguage\":\"fr-FR\",\"@id\":\"https:\/\/tourtravelandmore.com\/fr\/tours\/france-fr\/paris-fr\/best-sellers\/visite-privee-de-giverny-et-de-la-maison-monet-depuis-paris\/#primaryimage\",\"url\":\"https:\/\/tourtravelandmore.com\/wp-content\/uploads\/2018\/04\/giverny.jpg\",\"contentUrl\":\"https:\/\/tourtravelandmore.com\/wp-content\/uploads\/2018\/04\/giverny.jpg\",\"width\":1024,\"height\":680},{\"@type\":\"BreadcrumbList\",\"@id\":\"https:\/\/tourtravelandmore.com\/fr\/tours\/france-fr\/paris-fr\/best-sellers\/visite-privee-de-giverny-et-de-la-maison-monet-depuis-paris\/#breadcrumb\",\"itemListElement\":[{\"@type\":\"ListItem\",\"position\":1,\"name\":\"Home\",\"item\":\"https:\/\/tourtravelandmore.com\/fr\/\"},{\"@type\":\"ListItem\",\"position\":2,\"name\":\"Tours\",\"item\":\"https:\/\/tourtravelandmore.com\/fr\/tours\/\"},{\"@type\":\"ListItem\",\"position\":3,\"name\":\"Visite priv\u00e9e de Giverny et de la Maison Monet depuis Paris\"}]},{\"@type\":\"WebSite\",\"@id\":\"https:\/\/tourtravelandmore.com\/fr\/#website\",\"url\":\"https:\/\/tourtravelandmore.com\/fr\/\",\"name\":\"Tour Travel And More\",\"description\":\"Private sightseeing tours and luxury transfers in Spain\",\"publisher\":{\"@id\":\"https:\/\/tourtravelandmore.com\/fr\/#organization\"},\"potentialAction\":[{\"@type\":\"SearchAction\",\"target\":{\"@type\":\"EntryPoint\",\"urlTemplate\":\"https:\/\/tourtravelandmore.com\/fr\/?s={search_term_string}\"},\"query-input\":{\"@type\":\"PropertyValueSpecification\",\"valueRequired\":true,\"valueName\":\"search_term_string\"}}],\"inLanguage\":\"fr-FR\"},{\"@type\":\"Organization\",\"@id\":\"https:\/\/tourtravelandmore.com\/fr\/#organization\",\"name\":\"Tour Travel And More\",\"url\":\"https:\/\/tourtravelandmore.com\/fr\/\",\"logo\":{\"@type\":\"ImageObject\",\"inLanguage\":\"fr-FR\",\"@id\":\"https:\/\/tourtravelandmore.com\/fr\/#\/schema\/logo\/image\/\",\"url\":\"https:\/\/tourtravelandmore.com\/wp-content\/uploads\/2022\/12\/cropped-logo-cabecera-new.png\",\"contentUrl\":\"https:\/\/tourtravelandmore.com\/wp-content\/uploads\/2022\/12\/cropped-logo-cabecera-new.png\",\"width\":430,\"height\":61,\"caption\":\"Tour Travel And More\"},\"image\":{\"@id\":\"https:\/\/tourtravelandmore.com\/fr\/#\/schema\/logo\/image\/\"},\"sameAs\":[\"https:\/\/www.facebook.com\/tourtravelandmore\/\",\"https:\/\/x.com\/TourTravel_More\"]}]}<\/script>\n<!-- \/ Yoast SEO Premium plugin. -->","yoast_head_json":{"title":"\u27a1\ufe0f Giverny visite priv\u00e9e de Paris | Tour Travel & More","description":"Visitez les merveilleux jardins de Claude Monet \u00e0 Giverny avec un expert local. Profitez de notre visite priv\u00e9e sur mesure de Giverny au d\u00e9part de Paris \u2705","robots":{"index":"index","follow":"follow","max-snippet":"max-snippet:-1","max-image-preview":"max-image-preview:large","max-video-preview":"max-video-preview:-1"},"canonical":"https:\/\/tourtravelandmore.com\/fr\/tours\/france-fr\/paris-fr\/best-sellers\/visite-privee-de-giverny-et-de-la-maison-monet-depuis-paris\/","og_locale":"fr_FR","og_type":"article","og_title":"Visite priv\u00e9e de Giverny et de la Maison Monet depuis Paris","og_description":"Visitez les merveilleux jardins de Claude Monet \u00e0 Giverny avec un expert local. Profitez de notre visite priv\u00e9e sur mesure de Giverny au d\u00e9part de Paris \u2705","og_url":"https:\/\/tourtravelandmore.com\/fr\/tours\/france-fr\/paris-fr\/best-sellers\/visite-privee-de-giverny-et-de-la-maison-monet-depuis-paris\/","og_site_name":"Tour Travel And More","article_publisher":"https:\/\/www.facebook.com\/tourtravelandmore\/","article_modified_time":"2024-08-06T14:30:15+00:00","og_image":[{"width":1024,"height":680,"url":"https:\/\/tourtravelandmore.com\/wp-content\/uploads\/2018\/04\/giverny.jpg","type":"image\/jpeg"}],"twitter_card":"summary_large_image","twitter_site":"@TourTravel_More","twitter_misc":{"Dur\u00e9e de lecture estim\u00e9e":"2 minutes"},"schema":{"@context":"https:\/\/schema.org","@graph":[{"@type":"WebPage","@id":"https:\/\/tourtravelandmore.com\/fr\/tours\/france-fr\/paris-fr\/best-sellers\/visite-privee-de-giverny-et-de-la-maison-monet-depuis-paris\/","url":"https:\/\/tourtravelandmore.com\/fr\/tours\/france-fr\/paris-fr\/best-sellers\/visite-privee-de-giverny-et-de-la-maison-monet-depuis-paris\/","name":"\u27a1\ufe0f Giverny visite priv\u00e9e de Paris | Tour Travel & More","isPartOf":{"@id":"https:\/\/tourtravelandmore.com\/fr\/#website"},"primaryImageOfPage":{"@id":"https:\/\/tourtravelandmore.com\/fr\/tours\/france-fr\/paris-fr\/best-sellers\/visite-privee-de-giverny-et-de-la-maison-monet-depuis-paris\/#primaryimage"},"image":{"@id":"https:\/\/tourtravelandmore.com\/fr\/tours\/france-fr\/paris-fr\/best-sellers\/visite-privee-de-giverny-et-de-la-maison-monet-depuis-paris\/#primaryimage"},"thumbnailUrl":"https:\/\/tourtravelandmore.com\/wp-content\/uploads\/2018\/04\/giverny.jpg","datePublished":"2019-02-22T12:25:48+00:00","dateModified":"2024-08-06T14:30:15+00:00","description":"Visitez les merveilleux jardins de Claude Monet \u00e0 Giverny avec un expert local. Profitez de notre visite priv\u00e9e sur mesure de Giverny au d\u00e9part de Paris \u2705","breadcrumb":{"@id":"https:\/\/tourtravelandmore.com\/fr\/tours\/france-fr\/paris-fr\/best-sellers\/visite-privee-de-giverny-et-de-la-maison-monet-depuis-paris\/#breadcrumb"},"inLanguage":"fr-FR","potentialAction":[{"@type":"ReadAction","target":["https:\/\/tourtravelandmore.com\/fr\/tours\/france-fr\/paris-fr\/best-sellers\/visite-privee-de-giverny-et-de-la-maison-monet-depuis-paris\/"]}]},{"@type":"ImageObject","inLanguage":"fr-FR","@id":"https:\/\/tourtravelandmore.com\/fr\/tours\/france-fr\/paris-fr\/best-sellers\/visite-privee-de-giverny-et-de-la-maison-monet-depuis-paris\/#primaryimage","url":"https:\/\/tourtravelandmore.com\/wp-content\/uploads\/2018\/04\/giverny.jpg","contentUrl":"https:\/\/tourtravelandmore.com\/wp-content\/uploads\/2018\/04\/giverny.jpg","width":1024,"height":680},{"@type":"BreadcrumbList","@id":"https:\/\/tourtravelandmore.com\/fr\/tours\/france-fr\/paris-fr\/best-sellers\/visite-privee-de-giverny-et-de-la-maison-monet-depuis-paris\/#breadcrumb","itemListElement":[{"@type":"ListItem","position":1,"name":"Home","item":"https:\/\/tourtravelandmore.com\/fr\/"},{"@type":"ListItem","position":2,"name":"Tours","item":"https:\/\/tourtravelandmore.com\/fr\/tours\/"},{"@type":"ListItem","position":3,"name":"Visite priv\u00e9e de Giverny et de la Maison Monet depuis Paris"}]},{"@type":"WebSite","@id":"https:\/\/tourtravelandmore.com\/fr\/#website","url":"https:\/\/tourtravelandmore.com\/fr\/","name":"Tour Travel And More","description":"Private sightseeing tours and luxury transfers in Spain","publisher":{"@id":"https:\/\/tourtravelandmore.com\/fr\/#organization"},"potentialAction":[{"@type":"SearchAction","target":{"@type":"EntryPoint","urlTemplate":"https:\/\/tourtravelandmore.com\/fr\/?s={search_term_string}"},"query-input":{"@type":"PropertyValueSpecification","valueRequired":true,"valueName":"search_term_string"}}],"inLanguage":"fr-FR"},{"@type":"Organization","@id":"https:\/\/tourtravelandmore.com\/fr\/#organization","name":"Tour Travel And More","url":"https:\/\/tourtravelandmore.com\/fr\/","logo":{"@type":"ImageObject","inLanguage":"fr-FR","@id":"https:\/\/tourtravelandmore.com\/fr\/#\/schema\/logo\/image\/","url":"https:\/\/tourtravelandmore.com\/wp-content\/uploads\/2022\/12\/cropped-logo-cabecera-new.png","contentUrl":"https:\/\/tourtravelandmore.com\/wp-content\/uploads\/2022\/12\/cropped-logo-cabecera-new.png","width":430,"height":61,"caption":"Tour Travel And More"},"image":{"@id":"https:\/\/tourtravelandmore.com\/fr\/#\/schema\/logo\/image\/"},"sameAs":["https:\/\/www.facebook.com\/tourtravelandmore\/","https:\/\/x.com\/TourTravel_More"]}]}},"_links":{"self":[{"href":"https:\/\/tourtravelandmore.com\/fr\/wp-json\/wp\/v2\/product\/99585","targetHints":{"allow":["GET"]}}],"collection":[{"href":"https:\/\/tourtravelandmore.com\/fr\/wp-json\/wp\/v2\/product"}],"about":[{"href":"https:\/\/tourtravelandmore.com\/fr\/wp-json\/wp\/v2\/types\/product"}],"replies":[{"embeddable":true,"href":"https:\/\/tourtravelandmore.com\/fr\/wp-json\/wp\/v2\/comments?post=99585"}],"wp:featuredmedia":[{"embeddable":true,"href":"https:\/\/tourtravelandmore.com\/fr\/wp-json\/wp\/v2\/media\/94906"}],"wp:attachment":[{"href":"https:\/\/tourtravelandmore.com\/fr\/wp-json\/wp\/v2\/media?parent=99585"}],"wp:term":[{"taxonomy":"product_brand","embeddable":true,"href":"https:\/\/tourtravelandmore.com\/fr\/wp-json\/wp\/v2\/product_brand?post=99585"},{"taxonomy":"product_cat","embeddable":true,"href":"https:\/\/tourtravelandmore.com\/fr\/wp-json\/wp\/v2\/product_cat?post=99585"},{"taxonomy":"product_tag","embeddable":true,"href":"https:\/\/tourtravelandmore.com\/fr\/wp-json\/wp\/v2\/product_tag?post=99585"}],"curies":[{"name":"wp","href":"https:\/\/api.w.org\/{rel}","templated":true}]}}