{"id":99558,"date":"2019-07-02T11:32:33","date_gmt":"2019-07-02T09:32:33","guid":{"rendered":"https:\/\/tourtravelandmore.com\/tours\/non%20class\u00e9\/visite-privee-de-paris-au-depart-de-londres\/"},"modified":"2024-04-08T18:41:41","modified_gmt":"2024-04-08T16:41:41","slug":"visite-privee-de-paris-au-depart-de-londres","status":"publish","type":"product","link":"https:\/\/tourtravelandmore.com\/fr\/tours\/royaume-uni-fr\/londres-fr\/toutes-les-visites-et-activites-privees-fr-2\/visite-privee-de-paris-au-depart-de-londres\/","title":{"rendered":"Visite priv\u00e9e de Paris au d\u00e9part de Londres"},"content":{"rendered":"<h2><b>Description de l&#8217;excursion priv\u00e9e \u00e0 Paris au d\u00e9part de Londres<\/b><\/h2>\n<p><span style=\"font-weight: 400;\">C\u00e9l\u00e8bre pour l&#8217;incroyable beaut\u00e9 de ses rues, son architecture \u00e9poustouflante et sa culture boh\u00e8me, Paris est la destination id\u00e9ale pour vivre et explorer chaque recoin.\u00a0<\/span><\/p>\n<p><span style=\"font-weight: 400;\">En fait, la capitale de la France offre tout ce dont un touriste averti a besoin pour visiter l&#8217;une des villes les plus importantes du monde.\u00a0<\/span><\/p>\n<p><span style=\"font-weight: 400;\">C&#8217;est pourquoi cette excursion priv\u00e9e \u00e0 Paris au d\u00e9part de Londres est parfaite pour vous permettre d&#8217;entrer en contact avec l&#8217;inoubliable et mondialement c\u00e9l\u00e8bre ville de l&#8217;amour.\u00a0<\/span><\/p>\n<p><span style=\"font-weight: 400;\">Nous avons con\u00e7u un forfait sp\u00e9cial qui vous emm\u00e8ne directement de Londres en train Eurostar pour une visite guid\u00e9e de 12 heures.\u00a0<\/span><\/p>\n<p><span style=\"font-weight: 400;\">Nous commencerons l&#8217;excursion en vous retrouvant \u00e0 la gare internationale de St Pancras \u00e0 Londres, o\u00f9 nous vous remettrons des billets exclusifs pour Paris.\u00a0<\/span><\/p>\n<p><span style=\"font-weight: 400;\">Une fois dans la ville fran\u00e7aise, votre guide priv\u00e9 et votre voiture de luxe vous attendront pour vous faire d\u00e9couvrir les monuments, les rues et les b\u00e2timents les plus impressionnants de France.\u00a0<\/span><\/p>\n<p><span style=\"font-weight: 400;\">Vous appr\u00e9cierez les vues magnifiques de la Tour Eiffel et de la cath\u00e9drale Notre-Dame. Vous vous prom\u00e8nerez sur les rives de la Seine, en admirant les sites historiques tout en traversant la ville des lumi\u00e8res.\u00a0<\/span><\/p>\n<p><span style=\"font-weight: 400;\">Vous vous prom\u00e8nerez \u00e9galement le long des Champs-\u00c9lys\u00e9es et nous vous emm\u00e8nerons sur diff\u00e9rents sites class\u00e9s au patrimoine mondial de l&#8217;UNESCO, tels que les Invalides et l&#8217;Arc de Triomphe. Vous verrez \u00e9galement les boutiques traditionnelles des quartiers du Marais et de la Bastille et bien plus encore.<\/span><\/p>\n<p><span style=\"font-weight: 400;\">C&#8217;est une visite totalement exclusive. De plus, les billets de train aller-retour de Londres \u00e0 Paris sont inclus.\u00a0<\/span><\/p>\n<p><span style=\"font-weight: 400;\">Enfin, nous vous transf\u00e9rons \u00e0 la gare du Nord en fin d&#8217;apr\u00e8s-midi pour votre voyage de retour en train vers Londres.<\/span><\/p>\n<h2><b>Points forts de l&#8217;excursion touristique priv\u00e9e \u00e0 Paris au d\u00e9part de Londres<\/b><\/h2>\n<p><span style=\"font-weight: 400;\">Paris est l&#8217;une de ces villes o\u00f9 l&#8217;on ne passe jamais assez de temps, car il y a toujours quelque chose de nouveau \u00e0 d\u00e9couvrir. Profitez donc au maximum de votre visite dans la capitale fran\u00e7aise avec une visite priv\u00e9e en compagnie d&#8217;un guide expert. De cette fa\u00e7on, vous cr\u00e9erez des souvenirs que vous ch\u00e9rirez toujours.\u00a0<\/span><\/p>\n<p><span style=\"font-weight: 400;\">En fait, cette visite priv\u00e9e de Paris au d\u00e9part de Londres vous emm\u00e8nera aux points d&#8217;int\u00e9r\u00eat suivants :\u00a0<\/span><\/p>\n<ul>\n<li style=\"font-weight: 400;\" aria-level=\"1\"><strong>Cath\u00e9drale Notre Dame<\/strong><\/li>\n<li style=\"font-weight: 400;\" aria-level=\"1\"><strong>Le quartier latin\u00a0<\/strong><\/li>\n<li style=\"font-weight: 400;\" aria-level=\"1\"><strong>Les Champs Elys\u00e9es<\/strong><\/li>\n<li style=\"font-weight: 400;\" aria-level=\"1\"><strong>Arc de Triomphe\u00a0<\/strong><\/li>\n<li style=\"font-weight: 400;\" aria-level=\"1\"><strong>Champ de Mars<\/strong><\/li>\n<li style=\"font-weight: 400;\" aria-level=\"1\"><strong>Panth\u00e9on de Paris<\/strong><\/li>\n<li style=\"font-weight: 400;\" aria-level=\"1\"><strong>Le Moulin Rouge\u00a0<\/strong><\/li>\n<li style=\"font-weight: 400;\" aria-level=\"1\"><strong>Parfumeries et boutiques, et bien plus encore.<\/strong><\/li>\n<\/ul>\n<p><span style=\"font-weight: 400;\">Toute cette visite est personnalis\u00e9e. C&#8217;est pourquoi, \u00e0 la fin de la visite, votre chauffeur priv\u00e9 vous ram\u00e8nera \u00e0 la gare de trains rapides Eurostar pour un voyage confortable vers Londres.\u00a0<\/span><\/p>\n<p><span style=\"font-weight: 400;\">Pour profiter au maximum de chaque minute de votre voyage au Royaume-Uni, vous pouvez opter pour <\/span><span style=\"font-weight: 400;\">notre <a href=\"https:\/\/tourtravelandmore.com\/es\/tours\/reino-unido-es\/londres-es\/excursion-privada-windsor-stonehenge-oxford-desde-londres\/\">circuit priv\u00e9 Windsor, Stonehenge et Oxford au d\u00e9part de Londres.\u00a0<\/a><\/span><\/p>\n","protected":false},"excerpt":{"rendered":"<p><span style=\"font-weight: 400;\">D\u00e9couvrez la magie de la capitale fran\u00e7aise lors d&#8217;une visite priv\u00e9e de Paris au d\u00e9part de Londres, en explorant certains des monuments, parcs et b\u00e2timents les plus attrayants du monde. De plus, vous voyagerez en train rapide sous la Manche et, \u00e0 votre arriv\u00e9e \u00e0 Paris, vous b\u00e9n\u00e9ficierez d&#8217;un transfert exclusif dans une voiture de luxe et avec un guide priv\u00e9.<\/span><\/p>\n","protected":false},"featured_media":93272,"comment_status":"open","ping_status":"closed","template":"","meta":{"_acf_changed":false},"product_brand":[],"product_cat":[3545,3546,4117,4118],"product_tag":[],"class_list":{"0":"post-99558","1":"product","2":"type-product","3":"status-publish","4":"has-post-thumbnail","6":"product_cat-royaume-uni-fr","7":"product_cat-londres-fr","8":"product_cat-toutes-les-visites-et-activites-privees-fr-2","9":"product_cat-visites-touristiques","11":"first","12":"instock","13":"shipping-taxable","14":"purchasable","15":"product-type-simple"},"acf":[],"yoast_head":"<!-- This site is optimized with the Yoast SEO Premium plugin v25.3.1 (Yoast SEO v25.3.1) - https:\/\/yoast.com\/wordpress\/plugins\/seo\/ -->\n<title>Visite priv\u00e9e de Paris depuis Londres avec guide priv\u00e9 et transfert en voiture de luxe.<\/title>\n<meta name=\"description\" content=\"\u00c9vadez-vous pour une journ\u00e9e de Londres \u00e0 Paris et voyagez \u00e0 bord de l&#039;incroyable train \u00e0 grande vitesse Eurostar pour d\u00e9couvrir toutes les merveilles que la capitale fran\u00e7aise a \u00e0 offrir.\" \/>\n<meta name=\"robots\" content=\"index, follow, max-snippet:-1, max-image-preview:large, max-video-preview:-1\" \/>\n<link rel=\"canonical\" href=\"https:\/\/tourtravelandmore.com\/fr\/tours\/royaume-uni-fr\/londres-fr\/toutes-les-visites-et-activites-privees-fr-2\/visite-privee-de-paris-au-depart-de-londres\/\" \/>\n<meta property=\"og:locale\" content=\"fr_FR\" \/>\n<meta property=\"og:type\" content=\"article\" \/>\n<meta property=\"og:title\" content=\"Visite priv\u00e9e de Paris au d\u00e9part de Londres\" \/>\n<meta property=\"og:description\" content=\"\u00c9vadez-vous pour une journ\u00e9e de Londres \u00e0 Paris et voyagez \u00e0 bord de l&#039;incroyable train \u00e0 grande vitesse Eurostar pour d\u00e9couvrir toutes les merveilles que la capitale fran\u00e7aise a \u00e0 offrir.\" \/>\n<meta property=\"og:url\" content=\"https:\/\/tourtravelandmore.com\/fr\/tours\/royaume-uni-fr\/londres-fr\/toutes-les-visites-et-activites-privees-fr-2\/visite-privee-de-paris-au-depart-de-londres\/\" \/>\n<meta property=\"og:site_name\" content=\"Tour Travel And More\" \/>\n<meta property=\"article:publisher\" content=\"https:\/\/www.facebook.com\/tourtravelandmore\/\" \/>\n<meta property=\"article:modified_time\" content=\"2024-04-08T16:41:41+00:00\" \/>\n<meta property=\"og:image\" content=\"https:\/\/tourtravelandmore.com\/wp-content\/uploads\/2019\/07\/paris-1.4.jpg\" \/>\n\t<meta property=\"og:image:width\" content=\"2048\" \/>\n\t<meta property=\"og:image:height\" content=\"1536\" \/>\n\t<meta property=\"og:image:type\" content=\"image\/jpeg\" \/>\n<meta name=\"twitter:card\" content=\"summary_large_image\" \/>\n<meta name=\"twitter:site\" content=\"@TourTravel_More\" \/>\n<meta name=\"twitter:label1\" content=\"Dur\u00e9e de lecture estim\u00e9e\" \/>\n\t<meta name=\"twitter:data1\" content=\"2 minutes\" \/>\n<script type=\"application\/ld+json\" class=\"yoast-schema-graph\">{\"@context\":\"https:\/\/schema.org\",\"@graph\":[{\"@type\":\"WebPage\",\"@id\":\"https:\/\/tourtravelandmore.com\/fr\/tours\/royaume-uni-fr\/londres-fr\/toutes-les-visites-et-activites-privees-fr-2\/visite-privee-de-paris-au-depart-de-londres\/\",\"url\":\"https:\/\/tourtravelandmore.com\/fr\/tours\/royaume-uni-fr\/londres-fr\/toutes-les-visites-et-activites-privees-fr-2\/visite-privee-de-paris-au-depart-de-londres\/\",\"name\":\"Visite priv\u00e9e de Paris depuis Londres avec guide priv\u00e9 et transfert en voiture de luxe.\",\"isPartOf\":{\"@id\":\"https:\/\/tourtravelandmore.com\/fr\/#website\"},\"primaryImageOfPage\":{\"@id\":\"https:\/\/tourtravelandmore.com\/fr\/tours\/royaume-uni-fr\/londres-fr\/toutes-les-visites-et-activites-privees-fr-2\/visite-privee-de-paris-au-depart-de-londres\/#primaryimage\"},\"image\":{\"@id\":\"https:\/\/tourtravelandmore.com\/fr\/tours\/royaume-uni-fr\/londres-fr\/toutes-les-visites-et-activites-privees-fr-2\/visite-privee-de-paris-au-depart-de-londres\/#primaryimage\"},\"thumbnailUrl\":\"https:\/\/tourtravelandmore.com\/wp-content\/uploads\/2019\/07\/paris-1.4.jpg\",\"datePublished\":\"2019-07-02T09:32:33+00:00\",\"dateModified\":\"2024-04-08T16:41:41+00:00\",\"description\":\"\u00c9vadez-vous pour une journ\u00e9e de Londres \u00e0 Paris et voyagez \u00e0 bord de l'incroyable train \u00e0 grande vitesse Eurostar pour d\u00e9couvrir toutes les merveilles que la capitale fran\u00e7aise a \u00e0 offrir.\",\"breadcrumb\":{\"@id\":\"https:\/\/tourtravelandmore.com\/fr\/tours\/royaume-uni-fr\/londres-fr\/toutes-les-visites-et-activites-privees-fr-2\/visite-privee-de-paris-au-depart-de-londres\/#breadcrumb\"},\"inLanguage\":\"fr-FR\",\"potentialAction\":[{\"@type\":\"ReadAction\",\"target\":[\"https:\/\/tourtravelandmore.com\/fr\/tours\/royaume-uni-fr\/londres-fr\/toutes-les-visites-et-activites-privees-fr-2\/visite-privee-de-paris-au-depart-de-londres\/\"]}]},{\"@type\":\"ImageObject\",\"inLanguage\":\"fr-FR\",\"@id\":\"https:\/\/tourtravelandmore.com\/fr\/tours\/royaume-uni-fr\/londres-fr\/toutes-les-visites-et-activites-privees-fr-2\/visite-privee-de-paris-au-depart-de-londres\/#primaryimage\",\"url\":\"https:\/\/tourtravelandmore.com\/wp-content\/uploads\/2019\/07\/paris-1.4.jpg\",\"contentUrl\":\"https:\/\/tourtravelandmore.com\/wp-content\/uploads\/2019\/07\/paris-1.4.jpg\",\"width\":2048,\"height\":1536},{\"@type\":\"BreadcrumbList\",\"@id\":\"https:\/\/tourtravelandmore.com\/fr\/tours\/royaume-uni-fr\/londres-fr\/toutes-les-visites-et-activites-privees-fr-2\/visite-privee-de-paris-au-depart-de-londres\/#breadcrumb\",\"itemListElement\":[{\"@type\":\"ListItem\",\"position\":1,\"name\":\"Home\",\"item\":\"https:\/\/tourtravelandmore.com\/fr\/\"},{\"@type\":\"ListItem\",\"position\":2,\"name\":\"Tours\",\"item\":\"https:\/\/tourtravelandmore.com\/fr\/tours\/\"},{\"@type\":\"ListItem\",\"position\":3,\"name\":\"Visite priv\u00e9e de Paris au d\u00e9part de Londres\"}]},{\"@type\":\"WebSite\",\"@id\":\"https:\/\/tourtravelandmore.com\/fr\/#website\",\"url\":\"https:\/\/tourtravelandmore.com\/fr\/\",\"name\":\"Tour Travel And More\",\"description\":\"Private sightseeing tours and luxury transfers in Spain\",\"publisher\":{\"@id\":\"https:\/\/tourtravelandmore.com\/fr\/#organization\"},\"potentialAction\":[{\"@type\":\"SearchAction\",\"target\":{\"@type\":\"EntryPoint\",\"urlTemplate\":\"https:\/\/tourtravelandmore.com\/fr\/?s={search_term_string}\"},\"query-input\":{\"@type\":\"PropertyValueSpecification\",\"valueRequired\":true,\"valueName\":\"search_term_string\"}}],\"inLanguage\":\"fr-FR\"},{\"@type\":\"Organization\",\"@id\":\"https:\/\/tourtravelandmore.com\/fr\/#organization\",\"name\":\"Tour Travel And More\",\"url\":\"https:\/\/tourtravelandmore.com\/fr\/\",\"logo\":{\"@type\":\"ImageObject\",\"inLanguage\":\"fr-FR\",\"@id\":\"https:\/\/tourtravelandmore.com\/fr\/#\/schema\/logo\/image\/\",\"url\":\"https:\/\/tourtravelandmore.com\/wp-content\/uploads\/2022\/12\/cropped-logo-cabecera-new.png\",\"contentUrl\":\"https:\/\/tourtravelandmore.com\/wp-content\/uploads\/2022\/12\/cropped-logo-cabecera-new.png\",\"width\":430,\"height\":61,\"caption\":\"Tour Travel And More\"},\"image\":{\"@id\":\"https:\/\/tourtravelandmore.com\/fr\/#\/schema\/logo\/image\/\"},\"sameAs\":[\"https:\/\/www.facebook.com\/tourtravelandmore\/\",\"https:\/\/x.com\/TourTravel_More\"]}]}<\/script>\n<!-- \/ Yoast SEO Premium plugin. -->","yoast_head_json":{"title":"Visite priv\u00e9e de Paris depuis Londres avec guide priv\u00e9 et transfert en voiture de luxe.","description":"\u00c9vadez-vous pour une journ\u00e9e de Londres \u00e0 Paris et voyagez \u00e0 bord de l'incroyable train \u00e0 grande vitesse Eurostar pour d\u00e9couvrir toutes les merveilles que la capitale fran\u00e7aise a \u00e0 offrir.","robots":{"index":"index","follow":"follow","max-snippet":"max-snippet:-1","max-image-preview":"max-image-preview:large","max-video-preview":"max-video-preview:-1"},"canonical":"https:\/\/tourtravelandmore.com\/fr\/tours\/royaume-uni-fr\/londres-fr\/toutes-les-visites-et-activites-privees-fr-2\/visite-privee-de-paris-au-depart-de-londres\/","og_locale":"fr_FR","og_type":"article","og_title":"Visite priv\u00e9e de Paris au d\u00e9part de Londres","og_description":"\u00c9vadez-vous pour une journ\u00e9e de Londres \u00e0 Paris et voyagez \u00e0 bord de l'incroyable train \u00e0 grande vitesse Eurostar pour d\u00e9couvrir toutes les merveilles que la capitale fran\u00e7aise a \u00e0 offrir.","og_url":"https:\/\/tourtravelandmore.com\/fr\/tours\/royaume-uni-fr\/londres-fr\/toutes-les-visites-et-activites-privees-fr-2\/visite-privee-de-paris-au-depart-de-londres\/","og_site_name":"Tour Travel And More","article_publisher":"https:\/\/www.facebook.com\/tourtravelandmore\/","article_modified_time":"2024-04-08T16:41:41+00:00","og_image":[{"width":2048,"height":1536,"url":"https:\/\/tourtravelandmore.com\/wp-content\/uploads\/2019\/07\/paris-1.4.jpg","type":"image\/jpeg"}],"twitter_card":"summary_large_image","twitter_site":"@TourTravel_More","twitter_misc":{"Dur\u00e9e de lecture estim\u00e9e":"2 minutes"},"schema":{"@context":"https:\/\/schema.org","@graph":[{"@type":"WebPage","@id":"https:\/\/tourtravelandmore.com\/fr\/tours\/royaume-uni-fr\/londres-fr\/toutes-les-visites-et-activites-privees-fr-2\/visite-privee-de-paris-au-depart-de-londres\/","url":"https:\/\/tourtravelandmore.com\/fr\/tours\/royaume-uni-fr\/londres-fr\/toutes-les-visites-et-activites-privees-fr-2\/visite-privee-de-paris-au-depart-de-londres\/","name":"Visite priv\u00e9e de Paris depuis Londres avec guide priv\u00e9 et transfert en voiture de luxe.","isPartOf":{"@id":"https:\/\/tourtravelandmore.com\/fr\/#website"},"primaryImageOfPage":{"@id":"https:\/\/tourtravelandmore.com\/fr\/tours\/royaume-uni-fr\/londres-fr\/toutes-les-visites-et-activites-privees-fr-2\/visite-privee-de-paris-au-depart-de-londres\/#primaryimage"},"image":{"@id":"https:\/\/tourtravelandmore.com\/fr\/tours\/royaume-uni-fr\/londres-fr\/toutes-les-visites-et-activites-privees-fr-2\/visite-privee-de-paris-au-depart-de-londres\/#primaryimage"},"thumbnailUrl":"https:\/\/tourtravelandmore.com\/wp-content\/uploads\/2019\/07\/paris-1.4.jpg","datePublished":"2019-07-02T09:32:33+00:00","dateModified":"2024-04-08T16:41:41+00:00","description":"\u00c9vadez-vous pour une journ\u00e9e de Londres \u00e0 Paris et voyagez \u00e0 bord de l'incroyable train \u00e0 grande vitesse Eurostar pour d\u00e9couvrir toutes les merveilles que la capitale fran\u00e7aise a \u00e0 offrir.","breadcrumb":{"@id":"https:\/\/tourtravelandmore.com\/fr\/tours\/royaume-uni-fr\/londres-fr\/toutes-les-visites-et-activites-privees-fr-2\/visite-privee-de-paris-au-depart-de-londres\/#breadcrumb"},"inLanguage":"fr-FR","potentialAction":[{"@type":"ReadAction","target":["https:\/\/tourtravelandmore.com\/fr\/tours\/royaume-uni-fr\/londres-fr\/toutes-les-visites-et-activites-privees-fr-2\/visite-privee-de-paris-au-depart-de-londres\/"]}]},{"@type":"ImageObject","inLanguage":"fr-FR","@id":"https:\/\/tourtravelandmore.com\/fr\/tours\/royaume-uni-fr\/londres-fr\/toutes-les-visites-et-activites-privees-fr-2\/visite-privee-de-paris-au-depart-de-londres\/#primaryimage","url":"https:\/\/tourtravelandmore.com\/wp-content\/uploads\/2019\/07\/paris-1.4.jpg","contentUrl":"https:\/\/tourtravelandmore.com\/wp-content\/uploads\/2019\/07\/paris-1.4.jpg","width":2048,"height":1536},{"@type":"BreadcrumbList","@id":"https:\/\/tourtravelandmore.com\/fr\/tours\/royaume-uni-fr\/londres-fr\/toutes-les-visites-et-activites-privees-fr-2\/visite-privee-de-paris-au-depart-de-londres\/#breadcrumb","itemListElement":[{"@type":"ListItem","position":1,"name":"Home","item":"https:\/\/tourtravelandmore.com\/fr\/"},{"@type":"ListItem","position":2,"name":"Tours","item":"https:\/\/tourtravelandmore.com\/fr\/tours\/"},{"@type":"ListItem","position":3,"name":"Visite priv\u00e9e de Paris au d\u00e9part de Londres"}]},{"@type":"WebSite","@id":"https:\/\/tourtravelandmore.com\/fr\/#website","url":"https:\/\/tourtravelandmore.com\/fr\/","name":"Tour Travel And More","description":"Private sightseeing tours and luxury transfers in Spain","publisher":{"@id":"https:\/\/tourtravelandmore.com\/fr\/#organization"},"potentialAction":[{"@type":"SearchAction","target":{"@type":"EntryPoint","urlTemplate":"https:\/\/tourtravelandmore.com\/fr\/?s={search_term_string}"},"query-input":{"@type":"PropertyValueSpecification","valueRequired":true,"valueName":"search_term_string"}}],"inLanguage":"fr-FR"},{"@type":"Organization","@id":"https:\/\/tourtravelandmore.com\/fr\/#organization","name":"Tour Travel And More","url":"https:\/\/tourtravelandmore.com\/fr\/","logo":{"@type":"ImageObject","inLanguage":"fr-FR","@id":"https:\/\/tourtravelandmore.com\/fr\/#\/schema\/logo\/image\/","url":"https:\/\/tourtravelandmore.com\/wp-content\/uploads\/2022\/12\/cropped-logo-cabecera-new.png","contentUrl":"https:\/\/tourtravelandmore.com\/wp-content\/uploads\/2022\/12\/cropped-logo-cabecera-new.png","width":430,"height":61,"caption":"Tour Travel And More"},"image":{"@id":"https:\/\/tourtravelandmore.com\/fr\/#\/schema\/logo\/image\/"},"sameAs":["https:\/\/www.facebook.com\/tourtravelandmore\/","https:\/\/x.com\/TourTravel_More"]}]}},"_links":{"self":[{"href":"https:\/\/tourtravelandmore.com\/fr\/wp-json\/wp\/v2\/product\/99558","targetHints":{"allow":["GET"]}}],"collection":[{"href":"https:\/\/tourtravelandmore.com\/fr\/wp-json\/wp\/v2\/product"}],"about":[{"href":"https:\/\/tourtravelandmore.com\/fr\/wp-json\/wp\/v2\/types\/product"}],"replies":[{"embeddable":true,"href":"https:\/\/tourtravelandmore.com\/fr\/wp-json\/wp\/v2\/comments?post=99558"}],"wp:featuredmedia":[{"embeddable":true,"href":"https:\/\/tourtravelandmore.com\/fr\/wp-json\/wp\/v2\/media\/93272"}],"wp:attachment":[{"href":"https:\/\/tourtravelandmore.com\/fr\/wp-json\/wp\/v2\/media?parent=99558"}],"wp:term":[{"taxonomy":"product_brand","embeddable":true,"href":"https:\/\/tourtravelandmore.com\/fr\/wp-json\/wp\/v2\/product_brand?post=99558"},{"taxonomy":"product_cat","embeddable":true,"href":"https:\/\/tourtravelandmore.com\/fr\/wp-json\/wp\/v2\/product_cat?post=99558"},{"taxonomy":"product_tag","embeddable":true,"href":"https:\/\/tourtravelandmore.com\/fr\/wp-json\/wp\/v2\/product_tag?post=99558"}],"curies":[{"name":"wp","href":"https:\/\/api.w.org\/{rel}","templated":true}]}}