{"id":99552,"date":"2019-07-02T11:02:40","date_gmt":"2019-07-02T09:02:40","guid":{"rendered":"https:\/\/tourtravelandmore.com\/tours\/non%20class\u00e9\/visite-privee-de-londres-au-depart-de-southampton\/"},"modified":"2024-04-04T16:27:05","modified_gmt":"2024-04-04T14:27:05","slug":"visite-privee-de-londres-au-depart-de-southampton","status":"publish","type":"product","link":"https:\/\/tourtravelandmore.com\/fr\/tours\/royaume-uni-fr\/londres-fr\/toutes-les-visites-et-activites-privees-fr-2\/visite-privee-de-londres-au-depart-de-southampton\/","title":{"rendered":"Visite priv\u00e9e de Londres au d\u00e9part de Southampton"},"content":{"rendered":"<h2>Description<\/h2>\n<p>Aventurez-vous dans cette ville \u00e9tonnante, en commen\u00e7ant votre visite priv\u00e9e par la prise en charge au port de Southampton, \u00e0 l&#8217;h\u00f4tel ou au lieu de votre choix avec votre v\u00e9hicule priv\u00e9. Il s&#8217;agit de l&#8217;une de nos excursions les plus vendues et d&#8217;une excellente visite priv\u00e9e de Londres au d\u00e9part de Southampton.<\/p>\n<p>Embarquez pour un voyage extraordinaire depuis le terminal de croisi\u00e8re de Southampton jusqu&#8217;au c\u0153ur de Londres avec l&#8217;excursion priv\u00e9e exclusive de Tour Travel &amp; More. Con\u00e7ue pour vous offrir le summum du luxe et de la commodit\u00e9, cette exp\u00e9rience de 10 heures est \u00e9labor\u00e9e de mani\u00e8re \u00e0 ce que chaque moment soit rempli de d\u00e9couvertes, de confort et d&#8217;attention personnalis\u00e9e.<\/p>\n<p>Votre voyage commence et se termine au terminal de croisi\u00e8re de Southampton, ce qui vous permet de passer sans encombre du bateau \u00e0 la ville et vice-versa. Dites adieu aux soucis logistiques et concentrez-vous uniquement sur la cr\u00e9ation de souvenirs inoubliables \u00e0 Londres.<\/p>\n<h2>Sites d&#8217;int\u00e9r\u00eat et monuments<\/h2>\n<p>L&#8217;excursion priv\u00e9e commence par la prise en charge \u00e0 l&#8217;endroit de votre choix \u00e0 Southampton. Votre v\u00e9hicule priv\u00e9 avec chauffeur, et vous rencontrerez le guide officiel \u00e0 Londres pour commencer cette fantastique visite. Votre guide vous emm\u00e8nera \u00e0 travers les sites les plus embl\u00e9matiques de Londres, o\u00f9 vous d\u00e9couvrirez cette merveilleuse ville, l&#8217;une des plus visit\u00e9es au monde.<\/p>\n<p>Au cours de cette visite, nous verrons les lieux les plus c\u00e9l\u00e8bres de Londres. Notre premier arr\u00eat sera pour conna\u00eetre le Parlement et l&#8217;Abbaye de Wetminster, o\u00f9 vous pourrez appr\u00e9cier ces incroyables monuments et prendre quelques photos. Ensuite, nous verrons le c\u00e9l\u00e8bre Big Ben et le palais de Buckingham, o\u00f9 vous pourrez observer la rel\u00e8ve de la garde \u00e0 chaque fois qu&#8217;elle a lieu.<\/p>\n<p>Entre autres monuments et sites touristiques, vous pouvez apprendre \u00e0 conna\u00eetre:<\/p>\n<ul>\n<li><strong>London Eye<\/strong><\/li>\n<li><strong>Le palais de Buckingham<\/strong><\/li>\n<li><strong>Tower Bridge<\/strong><\/li>\n<li><strong>Big Ben<\/strong><\/li>\n<li><strong>Beaucoup plus!<\/strong><\/li>\n<\/ul>\n<p>D\u00e9couvrez le summum du luxe, du savoir-faire et du service sur mesure avec la visite priv\u00e9e de Londres propos\u00e9e par Tour Travel &amp; More. Laissez-nous transformer votre journ\u00e9e en une exploration inoubliable de l&#8217;une des villes les plus captivantes du monde. L&#8217;excursion se terminera au point de d\u00e9part \u00e0 Southampton.<\/p>\n<p>Jetez un \u0153il aux autres visites priv\u00e9es que nous proposons \u00e0 Londres!<\/p>\n","protected":false},"excerpt":{"rendered":"<p>Tirez le meilleur parti de votre croisi\u00e8re \u00e0 Southampton et profitez d&#8217;une excursion d&#8217;une journ\u00e9e sur mesure dans la ville de Londres. Votre chauffeur priv\u00e9 vous am\u00e8nera \u00e0 Londres, o\u00f9 vous rencontrerez votre guide priv\u00e9 agr\u00e9\u00e9 pour une visite guid\u00e9e priv\u00e9e.<\/p>\n","protected":false},"featured_media":93205,"comment_status":"open","ping_status":"closed","template":"","meta":{"_acf_changed":false},"product_brand":[],"product_cat":[3545,3546,4117,4118],"product_tag":[],"class_list":{"0":"post-99552","1":"product","2":"type-product","3":"status-publish","4":"has-post-thumbnail","6":"product_cat-royaume-uni-fr","7":"product_cat-londres-fr","8":"product_cat-toutes-les-visites-et-activites-privees-fr-2","9":"product_cat-visites-touristiques","11":"first","12":"instock","13":"shipping-taxable","14":"purchasable","15":"product-type-simple"},"acf":[],"yoast_head":"<!-- This site is optimized with the Yoast SEO Premium plugin v25.3.1 (Yoast SEO v25.3.1) - https:\/\/yoast.com\/wordpress\/plugins\/seo\/ -->\n<title>Visite priv\u00e9e de Londres au d\u00e9part de Southampton avec guide et v\u00e9hicule priv\u00e9<\/title>\n<meta name=\"description\" content=\"Profitez de cette visite priv\u00e9e de Londres au d\u00e9part de Southampton avec un guide local et exp\u00e9riment\u00e9 et un v\u00e9hicule priv\u00e9 avec chauffeur officiel\" \/>\n<meta name=\"robots\" content=\"index, follow, max-snippet:-1, max-image-preview:large, max-video-preview:-1\" \/>\n<link rel=\"canonical\" href=\"https:\/\/tourtravelandmore.com\/fr\/tours\/royaume-uni-fr\/londres-fr\/toutes-les-visites-et-activites-privees-fr-2\/visite-privee-de-londres-au-depart-de-southampton\/\" \/>\n<meta property=\"og:locale\" content=\"fr_FR\" \/>\n<meta property=\"og:type\" content=\"article\" \/>\n<meta property=\"og:title\" content=\"Visite priv\u00e9e de Londres au d\u00e9part de Southampton\" \/>\n<meta property=\"og:description\" content=\"Profitez de cette visite priv\u00e9e de Londres au d\u00e9part de Southampton avec un guide local et exp\u00e9riment\u00e9 et un v\u00e9hicule priv\u00e9 avec chauffeur officiel\" \/>\n<meta property=\"og:url\" content=\"https:\/\/tourtravelandmore.com\/fr\/tours\/royaume-uni-fr\/londres-fr\/toutes-les-visites-et-activites-privees-fr-2\/visite-privee-de-londres-au-depart-de-southampton\/\" \/>\n<meta property=\"og:site_name\" content=\"Tour Travel And More\" \/>\n<meta property=\"article:publisher\" content=\"https:\/\/www.facebook.com\/tourtravelandmore\/\" \/>\n<meta property=\"article:modified_time\" content=\"2024-04-04T14:27:05+00:00\" \/>\n<meta property=\"og:image\" content=\"https:\/\/tourtravelandmore.com\/wp-content\/uploads\/2019\/03\/architecture-bascule-bridge-bridge-51363.jpg\" \/>\n\t<meta property=\"og:image:width\" content=\"3568\" \/>\n\t<meta property=\"og:image:height\" content=\"2368\" \/>\n\t<meta property=\"og:image:type\" content=\"image\/jpeg\" \/>\n<meta name=\"twitter:card\" content=\"summary_large_image\" \/>\n<meta name=\"twitter:site\" content=\"@TourTravel_More\" \/>\n<meta name=\"twitter:label1\" content=\"Dur\u00e9e de lecture estim\u00e9e\" \/>\n\t<meta name=\"twitter:data1\" content=\"2 minutes\" \/>\n<script type=\"application\/ld+json\" class=\"yoast-schema-graph\">{\"@context\":\"https:\/\/schema.org\",\"@graph\":[{\"@type\":\"WebPage\",\"@id\":\"https:\/\/tourtravelandmore.com\/fr\/tours\/royaume-uni-fr\/londres-fr\/toutes-les-visites-et-activites-privees-fr-2\/visite-privee-de-londres-au-depart-de-southampton\/\",\"url\":\"https:\/\/tourtravelandmore.com\/fr\/tours\/royaume-uni-fr\/londres-fr\/toutes-les-visites-et-activites-privees-fr-2\/visite-privee-de-londres-au-depart-de-southampton\/\",\"name\":\"Visite priv\u00e9e de Londres au d\u00e9part de Southampton avec guide et v\u00e9hicule priv\u00e9\",\"isPartOf\":{\"@id\":\"https:\/\/tourtravelandmore.com\/fr\/#website\"},\"primaryImageOfPage\":{\"@id\":\"https:\/\/tourtravelandmore.com\/fr\/tours\/royaume-uni-fr\/londres-fr\/toutes-les-visites-et-activites-privees-fr-2\/visite-privee-de-londres-au-depart-de-southampton\/#primaryimage\"},\"image\":{\"@id\":\"https:\/\/tourtravelandmore.com\/fr\/tours\/royaume-uni-fr\/londres-fr\/toutes-les-visites-et-activites-privees-fr-2\/visite-privee-de-londres-au-depart-de-southampton\/#primaryimage\"},\"thumbnailUrl\":\"https:\/\/tourtravelandmore.com\/wp-content\/uploads\/2019\/03\/architecture-bascule-bridge-bridge-51363.jpg\",\"datePublished\":\"2019-07-02T09:02:40+00:00\",\"dateModified\":\"2024-04-04T14:27:05+00:00\",\"description\":\"Profitez de cette visite priv\u00e9e de Londres au d\u00e9part de Southampton avec un guide local et exp\u00e9riment\u00e9 et un v\u00e9hicule priv\u00e9 avec chauffeur officiel\",\"breadcrumb\":{\"@id\":\"https:\/\/tourtravelandmore.com\/fr\/tours\/royaume-uni-fr\/londres-fr\/toutes-les-visites-et-activites-privees-fr-2\/visite-privee-de-londres-au-depart-de-southampton\/#breadcrumb\"},\"inLanguage\":\"fr-FR\",\"potentialAction\":[{\"@type\":\"ReadAction\",\"target\":[\"https:\/\/tourtravelandmore.com\/fr\/tours\/royaume-uni-fr\/londres-fr\/toutes-les-visites-et-activites-privees-fr-2\/visite-privee-de-londres-au-depart-de-southampton\/\"]}]},{\"@type\":\"ImageObject\",\"inLanguage\":\"fr-FR\",\"@id\":\"https:\/\/tourtravelandmore.com\/fr\/tours\/royaume-uni-fr\/londres-fr\/toutes-les-visites-et-activites-privees-fr-2\/visite-privee-de-londres-au-depart-de-southampton\/#primaryimage\",\"url\":\"https:\/\/tourtravelandmore.com\/wp-content\/uploads\/2019\/03\/architecture-bascule-bridge-bridge-51363.jpg\",\"contentUrl\":\"https:\/\/tourtravelandmore.com\/wp-content\/uploads\/2019\/03\/architecture-bascule-bridge-bridge-51363.jpg\",\"width\":3568,\"height\":2368},{\"@type\":\"BreadcrumbList\",\"@id\":\"https:\/\/tourtravelandmore.com\/fr\/tours\/royaume-uni-fr\/londres-fr\/toutes-les-visites-et-activites-privees-fr-2\/visite-privee-de-londres-au-depart-de-southampton\/#breadcrumb\",\"itemListElement\":[{\"@type\":\"ListItem\",\"position\":1,\"name\":\"Home\",\"item\":\"https:\/\/tourtravelandmore.com\/fr\/\"},{\"@type\":\"ListItem\",\"position\":2,\"name\":\"Tours\",\"item\":\"https:\/\/tourtravelandmore.com\/fr\/tours\/\"},{\"@type\":\"ListItem\",\"position\":3,\"name\":\"Visite priv\u00e9e de Londres au d\u00e9part de Southampton\"}]},{\"@type\":\"WebSite\",\"@id\":\"https:\/\/tourtravelandmore.com\/fr\/#website\",\"url\":\"https:\/\/tourtravelandmore.com\/fr\/\",\"name\":\"Tour Travel And More\",\"description\":\"Private sightseeing tours and luxury transfers in Spain\",\"publisher\":{\"@id\":\"https:\/\/tourtravelandmore.com\/fr\/#organization\"},\"potentialAction\":[{\"@type\":\"SearchAction\",\"target\":{\"@type\":\"EntryPoint\",\"urlTemplate\":\"https:\/\/tourtravelandmore.com\/fr\/?s={search_term_string}\"},\"query-input\":{\"@type\":\"PropertyValueSpecification\",\"valueRequired\":true,\"valueName\":\"search_term_string\"}}],\"inLanguage\":\"fr-FR\"},{\"@type\":\"Organization\",\"@id\":\"https:\/\/tourtravelandmore.com\/fr\/#organization\",\"name\":\"Tour Travel And More\",\"url\":\"https:\/\/tourtravelandmore.com\/fr\/\",\"logo\":{\"@type\":\"ImageObject\",\"inLanguage\":\"fr-FR\",\"@id\":\"https:\/\/tourtravelandmore.com\/fr\/#\/schema\/logo\/image\/\",\"url\":\"https:\/\/tourtravelandmore.com\/wp-content\/uploads\/2022\/12\/cropped-logo-cabecera-new.png\",\"contentUrl\":\"https:\/\/tourtravelandmore.com\/wp-content\/uploads\/2022\/12\/cropped-logo-cabecera-new.png\",\"width\":430,\"height\":61,\"caption\":\"Tour Travel And More\"},\"image\":{\"@id\":\"https:\/\/tourtravelandmore.com\/fr\/#\/schema\/logo\/image\/\"},\"sameAs\":[\"https:\/\/www.facebook.com\/tourtravelandmore\/\",\"https:\/\/x.com\/TourTravel_More\"]}]}<\/script>\n<!-- \/ Yoast SEO Premium plugin. -->","yoast_head_json":{"title":"Visite priv\u00e9e de Londres au d\u00e9part de Southampton avec guide et v\u00e9hicule priv\u00e9","description":"Profitez de cette visite priv\u00e9e de Londres au d\u00e9part de Southampton avec un guide local et exp\u00e9riment\u00e9 et un v\u00e9hicule priv\u00e9 avec chauffeur officiel","robots":{"index":"index","follow":"follow","max-snippet":"max-snippet:-1","max-image-preview":"max-image-preview:large","max-video-preview":"max-video-preview:-1"},"canonical":"https:\/\/tourtravelandmore.com\/fr\/tours\/royaume-uni-fr\/londres-fr\/toutes-les-visites-et-activites-privees-fr-2\/visite-privee-de-londres-au-depart-de-southampton\/","og_locale":"fr_FR","og_type":"article","og_title":"Visite priv\u00e9e de Londres au d\u00e9part de Southampton","og_description":"Profitez de cette visite priv\u00e9e de Londres au d\u00e9part de Southampton avec un guide local et exp\u00e9riment\u00e9 et un v\u00e9hicule priv\u00e9 avec chauffeur officiel","og_url":"https:\/\/tourtravelandmore.com\/fr\/tours\/royaume-uni-fr\/londres-fr\/toutes-les-visites-et-activites-privees-fr-2\/visite-privee-de-londres-au-depart-de-southampton\/","og_site_name":"Tour Travel And More","article_publisher":"https:\/\/www.facebook.com\/tourtravelandmore\/","article_modified_time":"2024-04-04T14:27:05+00:00","og_image":[{"width":3568,"height":2368,"url":"https:\/\/tourtravelandmore.com\/wp-content\/uploads\/2019\/03\/architecture-bascule-bridge-bridge-51363.jpg","type":"image\/jpeg"}],"twitter_card":"summary_large_image","twitter_site":"@TourTravel_More","twitter_misc":{"Dur\u00e9e de lecture estim\u00e9e":"2 minutes"},"schema":{"@context":"https:\/\/schema.org","@graph":[{"@type":"WebPage","@id":"https:\/\/tourtravelandmore.com\/fr\/tours\/royaume-uni-fr\/londres-fr\/toutes-les-visites-et-activites-privees-fr-2\/visite-privee-de-londres-au-depart-de-southampton\/","url":"https:\/\/tourtravelandmore.com\/fr\/tours\/royaume-uni-fr\/londres-fr\/toutes-les-visites-et-activites-privees-fr-2\/visite-privee-de-londres-au-depart-de-southampton\/","name":"Visite priv\u00e9e de Londres au d\u00e9part de Southampton avec guide et v\u00e9hicule priv\u00e9","isPartOf":{"@id":"https:\/\/tourtravelandmore.com\/fr\/#website"},"primaryImageOfPage":{"@id":"https:\/\/tourtravelandmore.com\/fr\/tours\/royaume-uni-fr\/londres-fr\/toutes-les-visites-et-activites-privees-fr-2\/visite-privee-de-londres-au-depart-de-southampton\/#primaryimage"},"image":{"@id":"https:\/\/tourtravelandmore.com\/fr\/tours\/royaume-uni-fr\/londres-fr\/toutes-les-visites-et-activites-privees-fr-2\/visite-privee-de-londres-au-depart-de-southampton\/#primaryimage"},"thumbnailUrl":"https:\/\/tourtravelandmore.com\/wp-content\/uploads\/2019\/03\/architecture-bascule-bridge-bridge-51363.jpg","datePublished":"2019-07-02T09:02:40+00:00","dateModified":"2024-04-04T14:27:05+00:00","description":"Profitez de cette visite priv\u00e9e de Londres au d\u00e9part de Southampton avec un guide local et exp\u00e9riment\u00e9 et un v\u00e9hicule priv\u00e9 avec chauffeur officiel","breadcrumb":{"@id":"https:\/\/tourtravelandmore.com\/fr\/tours\/royaume-uni-fr\/londres-fr\/toutes-les-visites-et-activites-privees-fr-2\/visite-privee-de-londres-au-depart-de-southampton\/#breadcrumb"},"inLanguage":"fr-FR","potentialAction":[{"@type":"ReadAction","target":["https:\/\/tourtravelandmore.com\/fr\/tours\/royaume-uni-fr\/londres-fr\/toutes-les-visites-et-activites-privees-fr-2\/visite-privee-de-londres-au-depart-de-southampton\/"]}]},{"@type":"ImageObject","inLanguage":"fr-FR","@id":"https:\/\/tourtravelandmore.com\/fr\/tours\/royaume-uni-fr\/londres-fr\/toutes-les-visites-et-activites-privees-fr-2\/visite-privee-de-londres-au-depart-de-southampton\/#primaryimage","url":"https:\/\/tourtravelandmore.com\/wp-content\/uploads\/2019\/03\/architecture-bascule-bridge-bridge-51363.jpg","contentUrl":"https:\/\/tourtravelandmore.com\/wp-content\/uploads\/2019\/03\/architecture-bascule-bridge-bridge-51363.jpg","width":3568,"height":2368},{"@type":"BreadcrumbList","@id":"https:\/\/tourtravelandmore.com\/fr\/tours\/royaume-uni-fr\/londres-fr\/toutes-les-visites-et-activites-privees-fr-2\/visite-privee-de-londres-au-depart-de-southampton\/#breadcrumb","itemListElement":[{"@type":"ListItem","position":1,"name":"Home","item":"https:\/\/tourtravelandmore.com\/fr\/"},{"@type":"ListItem","position":2,"name":"Tours","item":"https:\/\/tourtravelandmore.com\/fr\/tours\/"},{"@type":"ListItem","position":3,"name":"Visite priv\u00e9e de Londres au d\u00e9part de Southampton"}]},{"@type":"WebSite","@id":"https:\/\/tourtravelandmore.com\/fr\/#website","url":"https:\/\/tourtravelandmore.com\/fr\/","name":"Tour Travel And More","description":"Private sightseeing tours and luxury transfers in Spain","publisher":{"@id":"https:\/\/tourtravelandmore.com\/fr\/#organization"},"potentialAction":[{"@type":"SearchAction","target":{"@type":"EntryPoint","urlTemplate":"https:\/\/tourtravelandmore.com\/fr\/?s={search_term_string}"},"query-input":{"@type":"PropertyValueSpecification","valueRequired":true,"valueName":"search_term_string"}}],"inLanguage":"fr-FR"},{"@type":"Organization","@id":"https:\/\/tourtravelandmore.com\/fr\/#organization","name":"Tour Travel And More","url":"https:\/\/tourtravelandmore.com\/fr\/","logo":{"@type":"ImageObject","inLanguage":"fr-FR","@id":"https:\/\/tourtravelandmore.com\/fr\/#\/schema\/logo\/image\/","url":"https:\/\/tourtravelandmore.com\/wp-content\/uploads\/2022\/12\/cropped-logo-cabecera-new.png","contentUrl":"https:\/\/tourtravelandmore.com\/wp-content\/uploads\/2022\/12\/cropped-logo-cabecera-new.png","width":430,"height":61,"caption":"Tour Travel And More"},"image":{"@id":"https:\/\/tourtravelandmore.com\/fr\/#\/schema\/logo\/image\/"},"sameAs":["https:\/\/www.facebook.com\/tourtravelandmore\/","https:\/\/x.com\/TourTravel_More"]}]}},"_links":{"self":[{"href":"https:\/\/tourtravelandmore.com\/fr\/wp-json\/wp\/v2\/product\/99552","targetHints":{"allow":["GET"]}}],"collection":[{"href":"https:\/\/tourtravelandmore.com\/fr\/wp-json\/wp\/v2\/product"}],"about":[{"href":"https:\/\/tourtravelandmore.com\/fr\/wp-json\/wp\/v2\/types\/product"}],"replies":[{"embeddable":true,"href":"https:\/\/tourtravelandmore.com\/fr\/wp-json\/wp\/v2\/comments?post=99552"}],"wp:featuredmedia":[{"embeddable":true,"href":"https:\/\/tourtravelandmore.com\/fr\/wp-json\/wp\/v2\/media\/93205"}],"wp:attachment":[{"href":"https:\/\/tourtravelandmore.com\/fr\/wp-json\/wp\/v2\/media?parent=99552"}],"wp:term":[{"taxonomy":"product_brand","embeddable":true,"href":"https:\/\/tourtravelandmore.com\/fr\/wp-json\/wp\/v2\/product_brand?post=99552"},{"taxonomy":"product_cat","embeddable":true,"href":"https:\/\/tourtravelandmore.com\/fr\/wp-json\/wp\/v2\/product_cat?post=99552"},{"taxonomy":"product_tag","embeddable":true,"href":"https:\/\/tourtravelandmore.com\/fr\/wp-json\/wp\/v2\/product_tag?post=99552"}],"curies":[{"name":"wp","href":"https:\/\/api.w.org\/{rel}","templated":true}]}}