{"id":99540,"date":"2019-03-26T16:15:52","date_gmt":"2019-03-26T15:15:52","guid":{"rendered":"https:\/\/tourtravelandmore.com\/tours\/non%20class\u00e9\/visite-privee-de-stonehenge\/"},"modified":"2024-04-04T16:08:33","modified_gmt":"2024-04-04T14:08:33","slug":"visite-privee-de-stonehenge","status":"publish","type":"product","link":"https:\/\/tourtravelandmore.com\/fr\/tours\/royaume-uni-fr\/londres-fr\/toutes-les-visites-et-activites-privees-fr-2\/visite-privee-de-stonehenge\/","title":{"rendered":"Visite priv\u00e9e de Stonehenge au d\u00e9part de Londres"},"content":{"rendered":"<h2><b>Description de visite priv\u00e9e de Stonehenge au d\u00e9part de Londres<\/b><\/h2>\n<p>Embarquez pour un voyage captivant \u00e0 Stonehenge gr\u00e2ce \u00e0 notre visite priv\u00e9e exclusive au d\u00e9part de Londres, m\u00e9ticuleusement con\u00e7ue pour vous offrir une exp\u00e9rience transparente et immersive. Pendant 6 heures, vous serez accompagn\u00e9 d&#8217;un chauffeur exp\u00e9riment\u00e9 et d&#8217;un guide comp\u00e9tent qui vous d\u00e9voilera les myst\u00e8res et l&#8217;importance historique de ce site embl\u00e9matique.<\/p>\n<p>Stonehenge est un site pr\u00e9historique situ\u00e9 dans le Wiltshire, en Angleterre, \u00e0 environ 3 km \u00e0 l&#8217;ouest d&#8217;Amesbury et 13 km au nord de Salisbury. L&#8217;ancien Stonehenge est l&#8217;une des attractions touristiques les plus populaires du Royaume-Uni. Cependant, il est difficile de le visiter si vous ne connaissez pas la r\u00e9gion.<\/p>\n<p><span style=\"font-weight: 400;\">Si vous le souhaitez, vous pouvez compl\u00e9ter votre visite de la capitale anglaise par notre <\/span><a href=\"https:\/\/tourtravelandmore.com\/fr\/tours\/royaume-uni-fr\/londres-fr\/toutes-les-visites-et-activites-privees-fr-2\/visite-privee-du-british-museum\/\"><strong>visite priv\u00e9e du British Museum<\/strong><\/a><span style=\"font-weight: 400;\">. De cette fa\u00e7on, vous vous connecterez pleinement \u00e0 l&#8217;histoire de l&#8217;Angleterre.\u00a0<\/span><\/p>\n<h2><b>Points forts<\/b><\/h2>\n<p>Votre aventure commence avec un v\u00e9hicule priv\u00e9 confortable qui vous transportera de Londres \u00e0 Stonehenge, pr\u00e9parant le terrain pour une journ\u00e9e remplie d&#8217;exploration et d&#8217;\u00e9merveillement.<\/p>\n<p>Ces points forts mettent en valeur les aspects uniques et captivants de Stonehenge, ce qui en fait une destination incontournable pour les passionn\u00e9s d&#8217;histoire, les amateurs d&#8217;arch\u00e9ologie et tous ceux qui sont fascin\u00e9s par les myst\u00e8res anciens.<\/p>\n<ul>\n<li><strong>Ancienne structure m\u00e9galithique :<\/strong> Stonehenge est un monument pr\u00e9historique datant de plusieurs milliers d&#8217;ann\u00e9es, compos\u00e9 de pierres massives dispos\u00e9es en cercle.<\/li>\n<li><strong>Myst\u00e8re et sp\u00e9culation :<\/strong> L&#8217;objectif et les m\u00e9thodes de construction de Stonehenge ont longtemps fait l&#8217;objet de sp\u00e9culations et d&#8217;intrigues, ce qui ajoute \u00e0 son caract\u00e8re mystique.<\/li>\n<li><strong>Site du patrimoine mondial de l&#8217;UNESCO :<\/strong> Stonehenge est un site class\u00e9 au patrimoine mondial de l&#8217;UNESCO, reconnu pour son importance culturelle et historique \u00e0 l&#8217;\u00e9chelle mondiale.<\/li>\n<li><strong>Alignement sur les \u00e9v\u00e9nements solaires :<\/strong> L&#8217;un des aspects les plus remarquables de Stonehenge est son alignement sur les mouvements du soleil lors des solstices et des \u00e9quinoxes, ce qui laisse supposer des fonctions astronomiques et rituelles.<\/li>\n<li><strong>Paysage environnant :<\/strong> Admirez la vaste plaine de Salisbury qui entoure Stonehenge, une r\u00e9gion riche en d\u00e9couvertes arch\u00e9ologiques et en rep\u00e8res historiques, ce qui ajoutera de la profondeur \u00e0 votre exploration.<\/li>\n<\/ul>\n<p>Cette visite priv\u00e9e de Stonehenge au d\u00e9part de Londres est con\u00e7ue pour ceux qui recherchent une exp\u00e9rience personnalis\u00e9e et enrichissante, alliant confort, connaissances d&#8217;experts et possibilit\u00e9 de percer les secrets de l&#8217;un des sites les plus fascinants au monde dans un cadre exclusif.<\/p>\n","protected":false},"excerpt":{"rendered":"<table>\n<tbody>\n<tr>\n<td><span style=\"font-weight: 400;\">Vivez une aventure diff\u00e9rente en participant \u00e0 une excursion priv\u00e9e \u00e0 Stonehenge au d\u00e9part de Londres pour explorer le monument m\u00e9galithique le plus c\u00e9l\u00e8bre et le plus \u00e9nigmatique du monde. De plus, le transfert se fera dans une voiture de luxe et avec un guide priv\u00e9, expert en histoire.\u00a0<\/span><\/td>\n<\/tr>\n<\/tbody>\n<\/table>\n","protected":false},"featured_media":95655,"comment_status":"open","ping_status":"closed","template":"","meta":{"_acf_changed":false},"product_brand":[],"product_cat":[3545,3546,4117,4118],"product_tag":[],"class_list":{"0":"post-99540","1":"product","2":"type-product","3":"status-publish","4":"has-post-thumbnail","6":"product_cat-royaume-uni-fr","7":"product_cat-londres-fr","8":"product_cat-toutes-les-visites-et-activites-privees-fr-2","9":"product_cat-visites-touristiques","11":"first","12":"instock","13":"shipping-taxable","14":"purchasable","15":"product-type-simple"},"acf":[],"yoast_head":"<!-- This site is optimized with the Yoast SEO Premium plugin v25.3.1 (Yoast SEO v25.3.1) - https:\/\/yoast.com\/wordpress\/plugins\/seo\/ -->\n<title>Visite priv\u00e9e de Stonehenge depuis Londres avec un guide officiel et en voiture priv\u00e9e.<\/title>\n<meta name=\"description\" content=\"Explorez le monument m\u00e9galithique de Stonehenge et d\u00e9couvrez tous ses myst\u00e8res, lors d&#039;une visite priv\u00e9e au d\u00e9part de Londres et accompagn\u00e9e d&#039;un guide expert officiel.\" \/>\n<meta name=\"robots\" content=\"index, follow, max-snippet:-1, max-image-preview:large, max-video-preview:-1\" \/>\n<link rel=\"canonical\" href=\"https:\/\/tourtravelandmore.com\/fr\/tours\/royaume-uni-fr\/londres-fr\/toutes-les-visites-et-activites-privees-fr-2\/visite-privee-de-stonehenge\/\" \/>\n<meta property=\"og:locale\" content=\"fr_FR\" \/>\n<meta property=\"og:type\" content=\"article\" \/>\n<meta property=\"og:title\" content=\"Visite priv\u00e9e de Stonehenge au d\u00e9part de Londres\" \/>\n<meta property=\"og:description\" content=\"Explorez le monument m\u00e9galithique de Stonehenge et d\u00e9couvrez tous ses myst\u00e8res, lors d&#039;une visite priv\u00e9e au d\u00e9part de Londres et accompagn\u00e9e d&#039;un guide expert officiel.\" \/>\n<meta property=\"og:url\" content=\"https:\/\/tourtravelandmore.com\/fr\/tours\/royaume-uni-fr\/londres-fr\/toutes-les-visites-et-activites-privees-fr-2\/visite-privee-de-stonehenge\/\" \/>\n<meta property=\"og:site_name\" content=\"Tour Travel And More\" \/>\n<meta property=\"article:publisher\" content=\"https:\/\/www.facebook.com\/tourtravelandmore\/\" \/>\n<meta property=\"article:modified_time\" content=\"2024-04-04T14:08:33+00:00\" \/>\n<meta property=\"og:image\" content=\"https:\/\/tourtravelandmore.com\/wp-content\/uploads\/2019\/03\/solo-sthonege.jpg\" \/>\n\t<meta property=\"og:image:width\" content=\"960\" \/>\n\t<meta property=\"og:image:height\" content=\"587\" \/>\n\t<meta property=\"og:image:type\" content=\"image\/jpeg\" \/>\n<meta name=\"twitter:card\" content=\"summary_large_image\" \/>\n<meta name=\"twitter:site\" content=\"@TourTravel_More\" \/>\n<meta name=\"twitter:label1\" content=\"Dur\u00e9e de lecture estim\u00e9e\" \/>\n\t<meta name=\"twitter:data1\" content=\"2 minutes\" \/>\n<script type=\"application\/ld+json\" class=\"yoast-schema-graph\">{\"@context\":\"https:\/\/schema.org\",\"@graph\":[{\"@type\":\"WebPage\",\"@id\":\"https:\/\/tourtravelandmore.com\/fr\/tours\/royaume-uni-fr\/londres-fr\/toutes-les-visites-et-activites-privees-fr-2\/visite-privee-de-stonehenge\/\",\"url\":\"https:\/\/tourtravelandmore.com\/fr\/tours\/royaume-uni-fr\/londres-fr\/toutes-les-visites-et-activites-privees-fr-2\/visite-privee-de-stonehenge\/\",\"name\":\"Visite priv\u00e9e de Stonehenge depuis Londres avec un guide officiel et en voiture priv\u00e9e.\",\"isPartOf\":{\"@id\":\"https:\/\/tourtravelandmore.com\/fr\/#website\"},\"primaryImageOfPage\":{\"@id\":\"https:\/\/tourtravelandmore.com\/fr\/tours\/royaume-uni-fr\/londres-fr\/toutes-les-visites-et-activites-privees-fr-2\/visite-privee-de-stonehenge\/#primaryimage\"},\"image\":{\"@id\":\"https:\/\/tourtravelandmore.com\/fr\/tours\/royaume-uni-fr\/londres-fr\/toutes-les-visites-et-activites-privees-fr-2\/visite-privee-de-stonehenge\/#primaryimage\"},\"thumbnailUrl\":\"https:\/\/tourtravelandmore.com\/wp-content\/uploads\/2019\/03\/solo-sthonege.jpg\",\"datePublished\":\"2019-03-26T15:15:52+00:00\",\"dateModified\":\"2024-04-04T14:08:33+00:00\",\"description\":\"Explorez le monument m\u00e9galithique de Stonehenge et d\u00e9couvrez tous ses myst\u00e8res, lors d'une visite priv\u00e9e au d\u00e9part de Londres et accompagn\u00e9e d'un guide expert officiel.\",\"breadcrumb\":{\"@id\":\"https:\/\/tourtravelandmore.com\/fr\/tours\/royaume-uni-fr\/londres-fr\/toutes-les-visites-et-activites-privees-fr-2\/visite-privee-de-stonehenge\/#breadcrumb\"},\"inLanguage\":\"fr-FR\",\"potentialAction\":[{\"@type\":\"ReadAction\",\"target\":[\"https:\/\/tourtravelandmore.com\/fr\/tours\/royaume-uni-fr\/londres-fr\/toutes-les-visites-et-activites-privees-fr-2\/visite-privee-de-stonehenge\/\"]}]},{\"@type\":\"ImageObject\",\"inLanguage\":\"fr-FR\",\"@id\":\"https:\/\/tourtravelandmore.com\/fr\/tours\/royaume-uni-fr\/londres-fr\/toutes-les-visites-et-activites-privees-fr-2\/visite-privee-de-stonehenge\/#primaryimage\",\"url\":\"https:\/\/tourtravelandmore.com\/wp-content\/uploads\/2019\/03\/solo-sthonege.jpg\",\"contentUrl\":\"https:\/\/tourtravelandmore.com\/wp-content\/uploads\/2019\/03\/solo-sthonege.jpg\",\"width\":960,\"height\":587},{\"@type\":\"BreadcrumbList\",\"@id\":\"https:\/\/tourtravelandmore.com\/fr\/tours\/royaume-uni-fr\/londres-fr\/toutes-les-visites-et-activites-privees-fr-2\/visite-privee-de-stonehenge\/#breadcrumb\",\"itemListElement\":[{\"@type\":\"ListItem\",\"position\":1,\"name\":\"Home\",\"item\":\"https:\/\/tourtravelandmore.com\/fr\/\"},{\"@type\":\"ListItem\",\"position\":2,\"name\":\"Tours\",\"item\":\"https:\/\/tourtravelandmore.com\/fr\/tours\/\"},{\"@type\":\"ListItem\",\"position\":3,\"name\":\"Visite priv\u00e9e de Stonehenge au d\u00e9part de Londres\"}]},{\"@type\":\"WebSite\",\"@id\":\"https:\/\/tourtravelandmore.com\/fr\/#website\",\"url\":\"https:\/\/tourtravelandmore.com\/fr\/\",\"name\":\"Tour Travel And More\",\"description\":\"Private sightseeing tours and luxury transfers in Spain\",\"publisher\":{\"@id\":\"https:\/\/tourtravelandmore.com\/fr\/#organization\"},\"potentialAction\":[{\"@type\":\"SearchAction\",\"target\":{\"@type\":\"EntryPoint\",\"urlTemplate\":\"https:\/\/tourtravelandmore.com\/fr\/?s={search_term_string}\"},\"query-input\":{\"@type\":\"PropertyValueSpecification\",\"valueRequired\":true,\"valueName\":\"search_term_string\"}}],\"inLanguage\":\"fr-FR\"},{\"@type\":\"Organization\",\"@id\":\"https:\/\/tourtravelandmore.com\/fr\/#organization\",\"name\":\"Tour Travel And More\",\"url\":\"https:\/\/tourtravelandmore.com\/fr\/\",\"logo\":{\"@type\":\"ImageObject\",\"inLanguage\":\"fr-FR\",\"@id\":\"https:\/\/tourtravelandmore.com\/fr\/#\/schema\/logo\/image\/\",\"url\":\"https:\/\/tourtravelandmore.com\/wp-content\/uploads\/2022\/12\/cropped-logo-cabecera-new.png\",\"contentUrl\":\"https:\/\/tourtravelandmore.com\/wp-content\/uploads\/2022\/12\/cropped-logo-cabecera-new.png\",\"width\":430,\"height\":61,\"caption\":\"Tour Travel And More\"},\"image\":{\"@id\":\"https:\/\/tourtravelandmore.com\/fr\/#\/schema\/logo\/image\/\"},\"sameAs\":[\"https:\/\/www.facebook.com\/tourtravelandmore\/\",\"https:\/\/x.com\/TourTravel_More\"]}]}<\/script>\n<!-- \/ Yoast SEO Premium plugin. -->","yoast_head_json":{"title":"Visite priv\u00e9e de Stonehenge depuis Londres avec un guide officiel et en voiture priv\u00e9e.","description":"Explorez le monument m\u00e9galithique de Stonehenge et d\u00e9couvrez tous ses myst\u00e8res, lors d'une visite priv\u00e9e au d\u00e9part de Londres et accompagn\u00e9e d'un guide expert officiel.","robots":{"index":"index","follow":"follow","max-snippet":"max-snippet:-1","max-image-preview":"max-image-preview:large","max-video-preview":"max-video-preview:-1"},"canonical":"https:\/\/tourtravelandmore.com\/fr\/tours\/royaume-uni-fr\/londres-fr\/toutes-les-visites-et-activites-privees-fr-2\/visite-privee-de-stonehenge\/","og_locale":"fr_FR","og_type":"article","og_title":"Visite priv\u00e9e de Stonehenge au d\u00e9part de Londres","og_description":"Explorez le monument m\u00e9galithique de Stonehenge et d\u00e9couvrez tous ses myst\u00e8res, lors d'une visite priv\u00e9e au d\u00e9part de Londres et accompagn\u00e9e d'un guide expert officiel.","og_url":"https:\/\/tourtravelandmore.com\/fr\/tours\/royaume-uni-fr\/londres-fr\/toutes-les-visites-et-activites-privees-fr-2\/visite-privee-de-stonehenge\/","og_site_name":"Tour Travel And More","article_publisher":"https:\/\/www.facebook.com\/tourtravelandmore\/","article_modified_time":"2024-04-04T14:08:33+00:00","og_image":[{"width":960,"height":587,"url":"https:\/\/tourtravelandmore.com\/wp-content\/uploads\/2019\/03\/solo-sthonege.jpg","type":"image\/jpeg"}],"twitter_card":"summary_large_image","twitter_site":"@TourTravel_More","twitter_misc":{"Dur\u00e9e de lecture estim\u00e9e":"2 minutes"},"schema":{"@context":"https:\/\/schema.org","@graph":[{"@type":"WebPage","@id":"https:\/\/tourtravelandmore.com\/fr\/tours\/royaume-uni-fr\/londres-fr\/toutes-les-visites-et-activites-privees-fr-2\/visite-privee-de-stonehenge\/","url":"https:\/\/tourtravelandmore.com\/fr\/tours\/royaume-uni-fr\/londres-fr\/toutes-les-visites-et-activites-privees-fr-2\/visite-privee-de-stonehenge\/","name":"Visite priv\u00e9e de Stonehenge depuis Londres avec un guide officiel et en voiture priv\u00e9e.","isPartOf":{"@id":"https:\/\/tourtravelandmore.com\/fr\/#website"},"primaryImageOfPage":{"@id":"https:\/\/tourtravelandmore.com\/fr\/tours\/royaume-uni-fr\/londres-fr\/toutes-les-visites-et-activites-privees-fr-2\/visite-privee-de-stonehenge\/#primaryimage"},"image":{"@id":"https:\/\/tourtravelandmore.com\/fr\/tours\/royaume-uni-fr\/londres-fr\/toutes-les-visites-et-activites-privees-fr-2\/visite-privee-de-stonehenge\/#primaryimage"},"thumbnailUrl":"https:\/\/tourtravelandmore.com\/wp-content\/uploads\/2019\/03\/solo-sthonege.jpg","datePublished":"2019-03-26T15:15:52+00:00","dateModified":"2024-04-04T14:08:33+00:00","description":"Explorez le monument m\u00e9galithique de Stonehenge et d\u00e9couvrez tous ses myst\u00e8res, lors d'une visite priv\u00e9e au d\u00e9part de Londres et accompagn\u00e9e d'un guide expert officiel.","breadcrumb":{"@id":"https:\/\/tourtravelandmore.com\/fr\/tours\/royaume-uni-fr\/londres-fr\/toutes-les-visites-et-activites-privees-fr-2\/visite-privee-de-stonehenge\/#breadcrumb"},"inLanguage":"fr-FR","potentialAction":[{"@type":"ReadAction","target":["https:\/\/tourtravelandmore.com\/fr\/tours\/royaume-uni-fr\/londres-fr\/toutes-les-visites-et-activites-privees-fr-2\/visite-privee-de-stonehenge\/"]}]},{"@type":"ImageObject","inLanguage":"fr-FR","@id":"https:\/\/tourtravelandmore.com\/fr\/tours\/royaume-uni-fr\/londres-fr\/toutes-les-visites-et-activites-privees-fr-2\/visite-privee-de-stonehenge\/#primaryimage","url":"https:\/\/tourtravelandmore.com\/wp-content\/uploads\/2019\/03\/solo-sthonege.jpg","contentUrl":"https:\/\/tourtravelandmore.com\/wp-content\/uploads\/2019\/03\/solo-sthonege.jpg","width":960,"height":587},{"@type":"BreadcrumbList","@id":"https:\/\/tourtravelandmore.com\/fr\/tours\/royaume-uni-fr\/londres-fr\/toutes-les-visites-et-activites-privees-fr-2\/visite-privee-de-stonehenge\/#breadcrumb","itemListElement":[{"@type":"ListItem","position":1,"name":"Home","item":"https:\/\/tourtravelandmore.com\/fr\/"},{"@type":"ListItem","position":2,"name":"Tours","item":"https:\/\/tourtravelandmore.com\/fr\/tours\/"},{"@type":"ListItem","position":3,"name":"Visite priv\u00e9e de Stonehenge au d\u00e9part de Londres"}]},{"@type":"WebSite","@id":"https:\/\/tourtravelandmore.com\/fr\/#website","url":"https:\/\/tourtravelandmore.com\/fr\/","name":"Tour Travel And More","description":"Private sightseeing tours and luxury transfers in Spain","publisher":{"@id":"https:\/\/tourtravelandmore.com\/fr\/#organization"},"potentialAction":[{"@type":"SearchAction","target":{"@type":"EntryPoint","urlTemplate":"https:\/\/tourtravelandmore.com\/fr\/?s={search_term_string}"},"query-input":{"@type":"PropertyValueSpecification","valueRequired":true,"valueName":"search_term_string"}}],"inLanguage":"fr-FR"},{"@type":"Organization","@id":"https:\/\/tourtravelandmore.com\/fr\/#organization","name":"Tour Travel And More","url":"https:\/\/tourtravelandmore.com\/fr\/","logo":{"@type":"ImageObject","inLanguage":"fr-FR","@id":"https:\/\/tourtravelandmore.com\/fr\/#\/schema\/logo\/image\/","url":"https:\/\/tourtravelandmore.com\/wp-content\/uploads\/2022\/12\/cropped-logo-cabecera-new.png","contentUrl":"https:\/\/tourtravelandmore.com\/wp-content\/uploads\/2022\/12\/cropped-logo-cabecera-new.png","width":430,"height":61,"caption":"Tour Travel And More"},"image":{"@id":"https:\/\/tourtravelandmore.com\/fr\/#\/schema\/logo\/image\/"},"sameAs":["https:\/\/www.facebook.com\/tourtravelandmore\/","https:\/\/x.com\/TourTravel_More"]}]}},"_links":{"self":[{"href":"https:\/\/tourtravelandmore.com\/fr\/wp-json\/wp\/v2\/product\/99540","targetHints":{"allow":["GET"]}}],"collection":[{"href":"https:\/\/tourtravelandmore.com\/fr\/wp-json\/wp\/v2\/product"}],"about":[{"href":"https:\/\/tourtravelandmore.com\/fr\/wp-json\/wp\/v2\/types\/product"}],"replies":[{"embeddable":true,"href":"https:\/\/tourtravelandmore.com\/fr\/wp-json\/wp\/v2\/comments?post=99540"}],"wp:featuredmedia":[{"embeddable":true,"href":"https:\/\/tourtravelandmore.com\/fr\/wp-json\/wp\/v2\/media\/95655"}],"wp:attachment":[{"href":"https:\/\/tourtravelandmore.com\/fr\/wp-json\/wp\/v2\/media?parent=99540"}],"wp:term":[{"taxonomy":"product_brand","embeddable":true,"href":"https:\/\/tourtravelandmore.com\/fr\/wp-json\/wp\/v2\/product_brand?post=99540"},{"taxonomy":"product_cat","embeddable":true,"href":"https:\/\/tourtravelandmore.com\/fr\/wp-json\/wp\/v2\/product_cat?post=99540"},{"taxonomy":"product_tag","embeddable":true,"href":"https:\/\/tourtravelandmore.com\/fr\/wp-json\/wp\/v2\/product_tag?post=99540"}],"curies":[{"name":"wp","href":"https:\/\/api.w.org\/{rel}","templated":true}]}}