{"id":99522,"date":"2019-03-26T11:33:53","date_gmt":"2019-03-26T10:33:53","guid":{"rendered":"https:\/\/tourtravelandmore.com\/tours\/non%20class\u00e9\/visite-privee-des-bains-et-stonehenge\/"},"modified":"2024-04-08T19:53:16","modified_gmt":"2024-04-08T17:53:16","slug":"circuit-prive-a-stonehenge-salisbury-bath-et-windsor-au-depart-de-londres","status":"publish","type":"product","link":"https:\/\/tourtravelandmore.com\/fr\/tours\/royaume-uni-fr\/londres-fr\/toutes-les-visites-et-activites-privees-fr-2\/circuit-prive-a-stonehenge-salisbury-bath-et-windsor-au-depart-de-londres\/","title":{"rendered":"Excursion priv\u00e9e \u00e0 Stonehenge, Salisbury et Windsor au d\u00e9part de Londres"},"content":{"rendered":"<h2>Description de l&#8217;excursion priv\u00e9e \u00e0 Stonehenge, Salisbury et Windsor au d\u00e9part de Londres<\/h2>\n<p>Embarquez pour un voyage exclusif \u00e0 travers la riche histoire de l&#8217;Angleterre avec notre visite priv\u00e9e de Stonehenge, Salisbury et Windsor depuis Londres. Au d\u00e9part de la capitale anim\u00e9e, cette aventure de 6 heures promet une exploration immersive des sites embl\u00e9matiques, accompagn\u00e9e de l&#8217;expertise de notre chauffeur et guide.<\/p>\n<p>D\u00e9couvrez l&#8217;attrait du pass\u00e9 de l&#8217;Angleterre lors de cette visite priv\u00e9e m\u00e9ticuleusement con\u00e7ue, o\u00f9 chaque moment est adapt\u00e9 pour d\u00e9passer vos attentes. Plongez dans les paysages enchanteurs et les histoires captivantes qui d\u00e9finissent ces destinations embl\u00e9matiques, et cr\u00e9ez des souvenirs que vous ch\u00e9rirez toute votre vie.<\/p>\n<p>\u00c0 la fin de l&#8217;excursion priv\u00e9e, le chauffeur vous ram\u00e8nera \u00e0 Londres pour vous d\u00e9poser \u00e0 l&#8217;endroit de votre choix.<\/p>\n<h2>Points forts<\/h2>\n<p>Votre aventure commence par une visite de l&#8217;ancienne merveille de Stonehenge, o\u00f9 les myst\u00e8res de la pr\u00e9histoire attendent d&#8217;\u00eatre d\u00e9couverts. Accompagn\u00e9 de votre guide bien inform\u00e9, levez le voile sur l&#8217;\u00e9nigme qui entoure l&#8217;embl\u00e9matique cercle de pierres, contemplez sa signification et \u00e9merveillez-vous de sa pr\u00e9sence durable dans la plaine de Salisbury.<\/p>\n<p>Apr\u00e8s Stonehenge, votre prochaine \u00e9tape sera la ville pittoresque de Salisbury. Fl\u00e2nez dans ses rues pittoresques, bord\u00e9es d&#8217;architecture historique et de march\u00e9s anim\u00e9s. Visitez la cath\u00e9drale de Salisbury et plongez dans sa riche histoire et sa splendeur architecturale.<\/p>\n<p>Poursuivez votre voyage jusqu&#8217;au ch\u00e2teau de Windsor, l&#8217;incarnation de la grandeur et de l&#8217;h\u00e9ritage royaux. Gr\u00e2ce \u00e0 des billets d&#8217;entr\u00e9e prioritaires, explorez les opulents appartements d&#8217;\u00c9tat du ch\u00e2teau, orn\u00e9s d&#8217;\u0153uvres d&#8217;art inestimables et de meubles somptueux. Rendez hommage \u00e0 des si\u00e8cles de monarques britanniques \u00e0 la chapelle Saint-George, chef-d&#8217;\u0153uvre de l&#8217;architecture gothique et derni\u00e8re demeure des rois et des reines.<\/p>\n<p>Tout au long de cette visite de 12 heures, votre guide vous fournira des commentaires \u00e9clair\u00e9s sur les histoires et les l\u00e9gendes qui ont fa\u00e7onn\u00e9 chaque destination. Des myst\u00e8res anciens aux intrigues royales, plongez dans la fascinante tapisserie du pass\u00e9 de l&#8217;Angleterre lors de cette inoubliable visite priv\u00e9e au d\u00e9part de Londres.<\/p>\n<p>\u00c0 la fin de l&#8217;excursion, le chauffeur vous ram\u00e8nera \u00e0 Londres.<\/p>\n<p>Vous pouvez compl\u00e9ter votre itin\u00e9raire en Angleterre avec notre visite priv\u00e9e d&#8217;Oxford au d\u00e9part de Londres pour profiter de l&#8217;une des plus importantes villes anglaises.<\/p>\n","protected":false},"excerpt":{"rendered":"<p>Embarquez pour un voyage exclusif \u00e0 travers la riche histoire de l&#8217;Angleterre avec notre visite priv\u00e9e de Stonehenge, Salisbury et Windsor depuis Londres. Au d\u00e9part de la capitale anim\u00e9e, cette aventure de 6 heures promet une exploration immersive des sites embl\u00e9matiques, accompagn\u00e9e de l&#8217;expertise de notre chauffeur et guide.<\/p>\n","protected":false},"featured_media":174182,"comment_status":"open","ping_status":"closed","template":"","meta":{"_acf_changed":false},"product_brand":[],"product_cat":[3545,3546,4117,4118],"product_tag":[],"class_list":{"0":"post-99522","1":"product","2":"type-product","3":"status-publish","4":"has-post-thumbnail","6":"product_cat-royaume-uni-fr","7":"product_cat-londres-fr","8":"product_cat-toutes-les-visites-et-activites-privees-fr-2","9":"product_cat-visites-touristiques","11":"first","12":"instock","13":"shipping-taxable","14":"purchasable","15":"product-type-simple"},"acf":[],"yoast_head":"<!-- This site is optimized with the Yoast SEO Premium plugin v25.3.1 (Yoast SEO v25.3.1) - https:\/\/yoast.com\/wordpress\/plugins\/seo\/ -->\n<title>Visite priv\u00e9e de Stonehenge, Salisbury et Windsor depuis Londres<\/title>\n<meta name=\"description\" content=\"Vivez une journ\u00e9e d&#039;aventure lors d&#039;une visite priv\u00e9e \u00e0 Stonehenge, Salisbury, Bath et Windsor au d\u00e9part de Londres pour d\u00e9couvrir certains des monuments et villes les plus importants d&#039;Angleterre et du monde.\" \/>\n<meta name=\"robots\" content=\"index, follow, max-snippet:-1, max-image-preview:large, max-video-preview:-1\" \/>\n<link rel=\"canonical\" href=\"https:\/\/tourtravelandmore.com\/fr\/tours\/royaume-uni-fr\/londres-fr\/toutes-les-visites-et-activites-privees-fr-2\/circuit-prive-a-stonehenge-salisbury-bath-et-windsor-au-depart-de-londres\/\" \/>\n<meta property=\"og:locale\" content=\"fr_FR\" \/>\n<meta property=\"og:type\" content=\"article\" \/>\n<meta property=\"og:title\" content=\"Excursion priv\u00e9e \u00e0 Stonehenge, Salisbury et Windsor au d\u00e9part de Londres\" \/>\n<meta property=\"og:description\" content=\"Vivez une journ\u00e9e d&#039;aventure lors d&#039;une visite priv\u00e9e \u00e0 Stonehenge, Salisbury, Bath et Windsor au d\u00e9part de Londres pour d\u00e9couvrir certains des monuments et villes les plus importants d&#039;Angleterre et du monde.\" \/>\n<meta property=\"og:url\" content=\"https:\/\/tourtravelandmore.com\/fr\/tours\/royaume-uni-fr\/londres-fr\/toutes-les-visites-et-activites-privees-fr-2\/circuit-prive-a-stonehenge-salisbury-bath-et-windsor-au-depart-de-londres\/\" \/>\n<meta property=\"og:site_name\" content=\"Tour Travel And More\" \/>\n<meta property=\"article:publisher\" content=\"https:\/\/www.facebook.com\/tourtravelandmore\/\" \/>\n<meta property=\"article:modified_time\" content=\"2024-04-08T17:53:16+00:00\" \/>\n<meta property=\"og:image\" content=\"https:\/\/tourtravelandmore.com\/wp-content\/uploads\/2019\/03\/sunrise-938998_1280.jpg\" \/>\n\t<meta property=\"og:image:width\" content=\"1280\" \/>\n\t<meta property=\"og:image:height\" content=\"784\" \/>\n\t<meta property=\"og:image:type\" content=\"image\/jpeg\" \/>\n<meta name=\"twitter:card\" content=\"summary_large_image\" \/>\n<meta name=\"twitter:site\" content=\"@TourTravel_More\" \/>\n<meta name=\"twitter:label1\" content=\"Dur\u00e9e de lecture estim\u00e9e\" \/>\n\t<meta name=\"twitter:data1\" content=\"2 minutes\" \/>\n<script type=\"application\/ld+json\" class=\"yoast-schema-graph\">{\"@context\":\"https:\/\/schema.org\",\"@graph\":[{\"@type\":\"WebPage\",\"@id\":\"https:\/\/tourtravelandmore.com\/fr\/tours\/royaume-uni-fr\/londres-fr\/toutes-les-visites-et-activites-privees-fr-2\/circuit-prive-a-stonehenge-salisbury-bath-et-windsor-au-depart-de-londres\/\",\"url\":\"https:\/\/tourtravelandmore.com\/fr\/tours\/royaume-uni-fr\/londres-fr\/toutes-les-visites-et-activites-privees-fr-2\/circuit-prive-a-stonehenge-salisbury-bath-et-windsor-au-depart-de-londres\/\",\"name\":\"Visite priv\u00e9e de Stonehenge, Salisbury et Windsor depuis Londres\",\"isPartOf\":{\"@id\":\"https:\/\/tourtravelandmore.com\/fr\/#website\"},\"primaryImageOfPage\":{\"@id\":\"https:\/\/tourtravelandmore.com\/fr\/tours\/royaume-uni-fr\/londres-fr\/toutes-les-visites-et-activites-privees-fr-2\/circuit-prive-a-stonehenge-salisbury-bath-et-windsor-au-depart-de-londres\/#primaryimage\"},\"image\":{\"@id\":\"https:\/\/tourtravelandmore.com\/fr\/tours\/royaume-uni-fr\/londres-fr\/toutes-les-visites-et-activites-privees-fr-2\/circuit-prive-a-stonehenge-salisbury-bath-et-windsor-au-depart-de-londres\/#primaryimage\"},\"thumbnailUrl\":\"https:\/\/tourtravelandmore.com\/wp-content\/uploads\/2019\/03\/sunrise-938998_1280.jpg\",\"datePublished\":\"2019-03-26T10:33:53+00:00\",\"dateModified\":\"2024-04-08T17:53:16+00:00\",\"description\":\"Vivez une journ\u00e9e d'aventure lors d'une visite priv\u00e9e \u00e0 Stonehenge, Salisbury, Bath et Windsor au d\u00e9part de Londres pour d\u00e9couvrir certains des monuments et villes les plus importants d'Angleterre et du monde.\",\"breadcrumb\":{\"@id\":\"https:\/\/tourtravelandmore.com\/fr\/tours\/royaume-uni-fr\/londres-fr\/toutes-les-visites-et-activites-privees-fr-2\/circuit-prive-a-stonehenge-salisbury-bath-et-windsor-au-depart-de-londres\/#breadcrumb\"},\"inLanguage\":\"fr-FR\",\"potentialAction\":[{\"@type\":\"ReadAction\",\"target\":[\"https:\/\/tourtravelandmore.com\/fr\/tours\/royaume-uni-fr\/londres-fr\/toutes-les-visites-et-activites-privees-fr-2\/circuit-prive-a-stonehenge-salisbury-bath-et-windsor-au-depart-de-londres\/\"]}]},{\"@type\":\"ImageObject\",\"inLanguage\":\"fr-FR\",\"@id\":\"https:\/\/tourtravelandmore.com\/fr\/tours\/royaume-uni-fr\/londres-fr\/toutes-les-visites-et-activites-privees-fr-2\/circuit-prive-a-stonehenge-salisbury-bath-et-windsor-au-depart-de-londres\/#primaryimage\",\"url\":\"https:\/\/tourtravelandmore.com\/wp-content\/uploads\/2019\/03\/sunrise-938998_1280.jpg\",\"contentUrl\":\"https:\/\/tourtravelandmore.com\/wp-content\/uploads\/2019\/03\/sunrise-938998_1280.jpg\",\"width\":1280,\"height\":784},{\"@type\":\"BreadcrumbList\",\"@id\":\"https:\/\/tourtravelandmore.com\/fr\/tours\/royaume-uni-fr\/londres-fr\/toutes-les-visites-et-activites-privees-fr-2\/circuit-prive-a-stonehenge-salisbury-bath-et-windsor-au-depart-de-londres\/#breadcrumb\",\"itemListElement\":[{\"@type\":\"ListItem\",\"position\":1,\"name\":\"Home\",\"item\":\"https:\/\/tourtravelandmore.com\/fr\/\"},{\"@type\":\"ListItem\",\"position\":2,\"name\":\"Tours\",\"item\":\"https:\/\/tourtravelandmore.com\/fr\/tours\/\"},{\"@type\":\"ListItem\",\"position\":3,\"name\":\"Excursion priv\u00e9e \u00e0 Stonehenge, Salisbury et Windsor au d\u00e9part de Londres\"}]},{\"@type\":\"WebSite\",\"@id\":\"https:\/\/tourtravelandmore.com\/fr\/#website\",\"url\":\"https:\/\/tourtravelandmore.com\/fr\/\",\"name\":\"Tour Travel And More\",\"description\":\"Private sightseeing tours and luxury transfers in Spain\",\"publisher\":{\"@id\":\"https:\/\/tourtravelandmore.com\/fr\/#organization\"},\"potentialAction\":[{\"@type\":\"SearchAction\",\"target\":{\"@type\":\"EntryPoint\",\"urlTemplate\":\"https:\/\/tourtravelandmore.com\/fr\/?s={search_term_string}\"},\"query-input\":{\"@type\":\"PropertyValueSpecification\",\"valueRequired\":true,\"valueName\":\"search_term_string\"}}],\"inLanguage\":\"fr-FR\"},{\"@type\":\"Organization\",\"@id\":\"https:\/\/tourtravelandmore.com\/fr\/#organization\",\"name\":\"Tour Travel And More\",\"url\":\"https:\/\/tourtravelandmore.com\/fr\/\",\"logo\":{\"@type\":\"ImageObject\",\"inLanguage\":\"fr-FR\",\"@id\":\"https:\/\/tourtravelandmore.com\/fr\/#\/schema\/logo\/image\/\",\"url\":\"https:\/\/tourtravelandmore.com\/wp-content\/uploads\/2022\/12\/cropped-logo-cabecera-new.png\",\"contentUrl\":\"https:\/\/tourtravelandmore.com\/wp-content\/uploads\/2022\/12\/cropped-logo-cabecera-new.png\",\"width\":430,\"height\":61,\"caption\":\"Tour Travel And More\"},\"image\":{\"@id\":\"https:\/\/tourtravelandmore.com\/fr\/#\/schema\/logo\/image\/\"},\"sameAs\":[\"https:\/\/www.facebook.com\/tourtravelandmore\/\",\"https:\/\/x.com\/TourTravel_More\"]}]}<\/script>\n<!-- \/ Yoast SEO Premium plugin. -->","yoast_head_json":{"title":"Visite priv\u00e9e de Stonehenge, Salisbury et Windsor depuis Londres","description":"Vivez une journ\u00e9e d'aventure lors d'une visite priv\u00e9e \u00e0 Stonehenge, Salisbury, Bath et Windsor au d\u00e9part de Londres pour d\u00e9couvrir certains des monuments et villes les plus importants d'Angleterre et du monde.","robots":{"index":"index","follow":"follow","max-snippet":"max-snippet:-1","max-image-preview":"max-image-preview:large","max-video-preview":"max-video-preview:-1"},"canonical":"https:\/\/tourtravelandmore.com\/fr\/tours\/royaume-uni-fr\/londres-fr\/toutes-les-visites-et-activites-privees-fr-2\/circuit-prive-a-stonehenge-salisbury-bath-et-windsor-au-depart-de-londres\/","og_locale":"fr_FR","og_type":"article","og_title":"Excursion priv\u00e9e \u00e0 Stonehenge, Salisbury et Windsor au d\u00e9part de Londres","og_description":"Vivez une journ\u00e9e d'aventure lors d'une visite priv\u00e9e \u00e0 Stonehenge, Salisbury, Bath et Windsor au d\u00e9part de Londres pour d\u00e9couvrir certains des monuments et villes les plus importants d'Angleterre et du monde.","og_url":"https:\/\/tourtravelandmore.com\/fr\/tours\/royaume-uni-fr\/londres-fr\/toutes-les-visites-et-activites-privees-fr-2\/circuit-prive-a-stonehenge-salisbury-bath-et-windsor-au-depart-de-londres\/","og_site_name":"Tour Travel And More","article_publisher":"https:\/\/www.facebook.com\/tourtravelandmore\/","article_modified_time":"2024-04-08T17:53:16+00:00","og_image":[{"width":1280,"height":784,"url":"https:\/\/tourtravelandmore.com\/wp-content\/uploads\/2019\/03\/sunrise-938998_1280.jpg","type":"image\/jpeg"}],"twitter_card":"summary_large_image","twitter_site":"@TourTravel_More","twitter_misc":{"Dur\u00e9e de lecture estim\u00e9e":"2 minutes"},"schema":{"@context":"https:\/\/schema.org","@graph":[{"@type":"WebPage","@id":"https:\/\/tourtravelandmore.com\/fr\/tours\/royaume-uni-fr\/londres-fr\/toutes-les-visites-et-activites-privees-fr-2\/circuit-prive-a-stonehenge-salisbury-bath-et-windsor-au-depart-de-londres\/","url":"https:\/\/tourtravelandmore.com\/fr\/tours\/royaume-uni-fr\/londres-fr\/toutes-les-visites-et-activites-privees-fr-2\/circuit-prive-a-stonehenge-salisbury-bath-et-windsor-au-depart-de-londres\/","name":"Visite priv\u00e9e de Stonehenge, Salisbury et Windsor depuis Londres","isPartOf":{"@id":"https:\/\/tourtravelandmore.com\/fr\/#website"},"primaryImageOfPage":{"@id":"https:\/\/tourtravelandmore.com\/fr\/tours\/royaume-uni-fr\/londres-fr\/toutes-les-visites-et-activites-privees-fr-2\/circuit-prive-a-stonehenge-salisbury-bath-et-windsor-au-depart-de-londres\/#primaryimage"},"image":{"@id":"https:\/\/tourtravelandmore.com\/fr\/tours\/royaume-uni-fr\/londres-fr\/toutes-les-visites-et-activites-privees-fr-2\/circuit-prive-a-stonehenge-salisbury-bath-et-windsor-au-depart-de-londres\/#primaryimage"},"thumbnailUrl":"https:\/\/tourtravelandmore.com\/wp-content\/uploads\/2019\/03\/sunrise-938998_1280.jpg","datePublished":"2019-03-26T10:33:53+00:00","dateModified":"2024-04-08T17:53:16+00:00","description":"Vivez une journ\u00e9e d'aventure lors d'une visite priv\u00e9e \u00e0 Stonehenge, Salisbury, Bath et Windsor au d\u00e9part de Londres pour d\u00e9couvrir certains des monuments et villes les plus importants d'Angleterre et du monde.","breadcrumb":{"@id":"https:\/\/tourtravelandmore.com\/fr\/tours\/royaume-uni-fr\/londres-fr\/toutes-les-visites-et-activites-privees-fr-2\/circuit-prive-a-stonehenge-salisbury-bath-et-windsor-au-depart-de-londres\/#breadcrumb"},"inLanguage":"fr-FR","potentialAction":[{"@type":"ReadAction","target":["https:\/\/tourtravelandmore.com\/fr\/tours\/royaume-uni-fr\/londres-fr\/toutes-les-visites-et-activites-privees-fr-2\/circuit-prive-a-stonehenge-salisbury-bath-et-windsor-au-depart-de-londres\/"]}]},{"@type":"ImageObject","inLanguage":"fr-FR","@id":"https:\/\/tourtravelandmore.com\/fr\/tours\/royaume-uni-fr\/londres-fr\/toutes-les-visites-et-activites-privees-fr-2\/circuit-prive-a-stonehenge-salisbury-bath-et-windsor-au-depart-de-londres\/#primaryimage","url":"https:\/\/tourtravelandmore.com\/wp-content\/uploads\/2019\/03\/sunrise-938998_1280.jpg","contentUrl":"https:\/\/tourtravelandmore.com\/wp-content\/uploads\/2019\/03\/sunrise-938998_1280.jpg","width":1280,"height":784},{"@type":"BreadcrumbList","@id":"https:\/\/tourtravelandmore.com\/fr\/tours\/royaume-uni-fr\/londres-fr\/toutes-les-visites-et-activites-privees-fr-2\/circuit-prive-a-stonehenge-salisbury-bath-et-windsor-au-depart-de-londres\/#breadcrumb","itemListElement":[{"@type":"ListItem","position":1,"name":"Home","item":"https:\/\/tourtravelandmore.com\/fr\/"},{"@type":"ListItem","position":2,"name":"Tours","item":"https:\/\/tourtravelandmore.com\/fr\/tours\/"},{"@type":"ListItem","position":3,"name":"Excursion priv\u00e9e \u00e0 Stonehenge, Salisbury et Windsor au d\u00e9part de Londres"}]},{"@type":"WebSite","@id":"https:\/\/tourtravelandmore.com\/fr\/#website","url":"https:\/\/tourtravelandmore.com\/fr\/","name":"Tour Travel And More","description":"Private sightseeing tours and luxury transfers in Spain","publisher":{"@id":"https:\/\/tourtravelandmore.com\/fr\/#organization"},"potentialAction":[{"@type":"SearchAction","target":{"@type":"EntryPoint","urlTemplate":"https:\/\/tourtravelandmore.com\/fr\/?s={search_term_string}"},"query-input":{"@type":"PropertyValueSpecification","valueRequired":true,"valueName":"search_term_string"}}],"inLanguage":"fr-FR"},{"@type":"Organization","@id":"https:\/\/tourtravelandmore.com\/fr\/#organization","name":"Tour Travel And More","url":"https:\/\/tourtravelandmore.com\/fr\/","logo":{"@type":"ImageObject","inLanguage":"fr-FR","@id":"https:\/\/tourtravelandmore.com\/fr\/#\/schema\/logo\/image\/","url":"https:\/\/tourtravelandmore.com\/wp-content\/uploads\/2022\/12\/cropped-logo-cabecera-new.png","contentUrl":"https:\/\/tourtravelandmore.com\/wp-content\/uploads\/2022\/12\/cropped-logo-cabecera-new.png","width":430,"height":61,"caption":"Tour Travel And More"},"image":{"@id":"https:\/\/tourtravelandmore.com\/fr\/#\/schema\/logo\/image\/"},"sameAs":["https:\/\/www.facebook.com\/tourtravelandmore\/","https:\/\/x.com\/TourTravel_More"]}]}},"_links":{"self":[{"href":"https:\/\/tourtravelandmore.com\/fr\/wp-json\/wp\/v2\/product\/99522","targetHints":{"allow":["GET"]}}],"collection":[{"href":"https:\/\/tourtravelandmore.com\/fr\/wp-json\/wp\/v2\/product"}],"about":[{"href":"https:\/\/tourtravelandmore.com\/fr\/wp-json\/wp\/v2\/types\/product"}],"replies":[{"embeddable":true,"href":"https:\/\/tourtravelandmore.com\/fr\/wp-json\/wp\/v2\/comments?post=99522"}],"wp:featuredmedia":[{"embeddable":true,"href":"https:\/\/tourtravelandmore.com\/fr\/wp-json\/wp\/v2\/media\/174182"}],"wp:attachment":[{"href":"https:\/\/tourtravelandmore.com\/fr\/wp-json\/wp\/v2\/media?parent=99522"}],"wp:term":[{"taxonomy":"product_brand","embeddable":true,"href":"https:\/\/tourtravelandmore.com\/fr\/wp-json\/wp\/v2\/product_brand?post=99522"},{"taxonomy":"product_cat","embeddable":true,"href":"https:\/\/tourtravelandmore.com\/fr\/wp-json\/wp\/v2\/product_cat?post=99522"},{"taxonomy":"product_tag","embeddable":true,"href":"https:\/\/tourtravelandmore.com\/fr\/wp-json\/wp\/v2\/product_tag?post=99522"}],"curies":[{"name":"wp","href":"https:\/\/api.w.org\/{rel}","templated":true}]}}