{"id":99516,"date":"2019-03-25T14:38:00","date_gmt":"2019-03-25T13:38:00","guid":{"rendered":"https:\/\/tourtravelandmore.com\/tours\/non%20class\u00e9\/visite-privee-a-pied-de-londres\/"},"modified":"2024-03-25T14:17:38","modified_gmt":"2024-03-25T13:17:38","slug":"visite-privee-de-londres-a-pied","status":"publish","type":"product","link":"https:\/\/tourtravelandmore.com\/fr\/tours\/royaume-uni-fr\/londres-fr\/toutes-les-visites-et-activites-privees-fr-2\/visite-privee-de-londres-a-pied\/","title":{"rendered":"Visite priv\u00e9e de Londres \u00e0 pied"},"content":{"rendered":"<h2>Description de la visite priv\u00e9e \u00e0 pied de Londres<\/h2>\n<p>Que vous voyagiez dans la ville pour la premi\u00e8re fois ou que vous ayez d\u00e9j\u00e0 visit\u00e9 la capitale du Royaume-Uni, notre visite priv\u00e9e \u00e0 pied de Londres est l&#8217;occasion id\u00e9ale de d\u00e9couvrir cette m\u00e9tropole historique et tout ce qu&#8217;elle a \u00e0 offrir.<\/p>\n<p>Au cours de cette visite exclusive de 4 heures, vous visiterez les monuments les plus importants et les plus embl\u00e9matiques de Londres, tels que l&#8217;abbaye de Westminster, les Chambres du Parlement, Big Ben, le London Eye, la Tour de Londres, parmi beaucoup d&#8217;autres lieux.<\/p>\n<p>Il s&#8217;agit d&#8217;une visite priv\u00e9e au cours de laquelle le guide officiel vous accompagnera pour aborder plus de 2 000 ans d&#8217;histoire de cette imposante capitale.<\/p>\n<p>Vous verrez \u00e9galement les quartiers c\u00e9l\u00e8bres de la ville, tels que Soho avec tout son m\u00e9lange culturel, Covent Garden et Piccadilly Circus.<\/p>\n<p>En outre, nous irons \u00e0 votre rythme et nous pourrons vous rencontrer \u00e0 l&#8217;endroit du centre de Londres qui vous conviendra le mieux.<\/p>\n<p>La visite est suffisamment flexible pour s&#8217;adapter \u00e0 vos demandes particuli\u00e8res afin que vous puissiez explorer les joyaux de Londres qui retiennent votre attention.<\/p>\n<p>Une fois la visite guid\u00e9e termin\u00e9e, vous serez ramen\u00e9 \u00e0 l&#8217;endroit convenu pour vous d\u00e9tendre et poursuivre votre voyage \u00e0 travers la ville.<\/p>\n<h2>Points forts de la visite guid\u00e9e de Londres<\/h2>\n<p>Rejoignez-nous pour une promenade diff\u00e9rente dans Londres afin de d\u00e9couvrir son histoire et certains des lieux qui la rendent si c\u00e9l\u00e8bre.<\/p>\n<p>Le Parlement anglais se distingue, entre autres, par son incroyable architecture et par le fait qu&#8217;il poss\u00e8de deux chambres : la Chambre des communes et la Chambre des lords. Ce monument est situ\u00e9 dans le palais de Westminster, tout pr\u00e8s de Big Ben.<\/p>\n<p>Le pont sur la Tamise est l&#8217;un des principaux embl\u00e8mes de la ville. Son nom vient du fait qu&#8217;il est tr\u00e8s proche de la Tour de Londres. Il a \u00e9t\u00e9 construit en 1894 et, depuis lors, c&#8217;est un pont qui symbolise toute la grandeur architecturale de la ville.<\/p>\n<p>Sans aucun doute, le palais de Buckingham. C&#8217;est une \u00e9tape incontournable de notre visite priv\u00e9e de Londres pour admirer de pr\u00e8s l&#8217;architecture imposante et sobre de la r\u00e9sidence officielle de la famille royale britannique.<\/p>\n<p>\u00c0 l&#8217;abbaye de Westminster, vous aurez un contact direct avec l&#8217;histoire du Royaume-Uni, puisque c&#8217;est le lieu de couronnement des monarques britanniques depuis 1066.<\/p>\n<p>De m\u00eame, plusieurs mariages royaux ont eu lieu dans ses salles. C&#8217;est aussi le lieu o\u00f9 reposent les d\u00e9pouilles de grands personnages historiques tels qu&#8217;Isaac Newton et Charles Darwin, entre autres.<\/p>\n<p>Outre ces sites int\u00e9ressants, le guide priv\u00e9 peut vous emmener aux points suivants de la ville :<\/p>\n<ul>\n<li><strong>La Tour de Londres.<\/strong><\/li>\n<li><strong>Big Ben. <\/strong><\/li>\n<li><strong>Le London Eye.<\/strong><\/li>\n<li><strong>Le British Museum. <\/strong><\/li>\n<li><strong>Notting Hill et bien plus encore.<\/strong><\/li>\n<\/ul>\n<p>Une fois la visite personnalis\u00e9e termin\u00e9e, nous vous ram\u00e8nerons \u00e0 un point central de Londres.<\/p>\n<p>Si vous souhaitez profiter au maximum de votre s\u00e9jour au Royaume-Uni, vous pouvez opter pour notre visite priv\u00e9e d&#8217;Oxford au d\u00e9part de Londres. Vous d\u00e9couvrirez ainsi l&#8217;une des villes les plus \u00e9tonnantes et les plus historiques d&#8217;Europe.<\/p>\n","protected":false},"excerpt":{"rendered":"<p><span style=\"font-weight: 400;\">Visitez en exclusivit\u00e9 l&#8217;embl\u00e9matique City of London et d\u00e9couvrez les secrets les mieux gard\u00e9s de la capitale britannique lors de cette fascinante visite priv\u00e9e. Vous verrez l&#8217;abbaye de Westminster, la Tour de Londres, les Chambres du Parlement et bien plus encore, en compagnie d&#8217;un guide priv\u00e9 expert en histoire locale.<\/span><\/p>\n","protected":false},"featured_media":95645,"comment_status":"open","ping_status":"closed","template":"","meta":{"_acf_changed":false},"product_brand":[],"product_cat":[3545,3546,4117,4118,4119],"product_tag":[],"class_list":{"0":"post-99516","1":"product","2":"type-product","3":"status-publish","4":"has-post-thumbnail","6":"product_cat-royaume-uni-fr","7":"product_cat-londres-fr","8":"product_cat-toutes-les-visites-et-activites-privees-fr-2","9":"product_cat-visites-touristiques","10":"product_cat-visites-a-pied-privees-fr","12":"first","13":"instock","14":"shipping-taxable","15":"purchasable","16":"product-type-simple"},"acf":[],"yoast_head":"<!-- This site is optimized with the Yoast SEO Premium plugin v25.3.1 (Yoast SEO v25.3.1) - https:\/\/yoast.com\/wordpress\/plugins\/seo\/ -->\n<title>Profitez d&#039;une merveilleuse visite priv\u00e9e de Londres pour admirer de pr\u00e8s ses b\u00e2timents et monuments les plus importants en compagnie d&#039;un guide officiel.<\/title>\n<meta name=\"description\" content=\"Profitez d&#039;une merveilleuse visite priv\u00e9e de Londres pour admirer de pr\u00e8s ses b\u00e2timents et monuments les plus importants en compagnie d&#039;un guide officiel.\" \/>\n<meta name=\"robots\" content=\"index, follow, max-snippet:-1, max-image-preview:large, max-video-preview:-1\" \/>\n<link rel=\"canonical\" href=\"https:\/\/tourtravelandmore.com\/fr\/tours\/royaume-uni-fr\/londres-fr\/toutes-les-visites-et-activites-privees-fr-2\/visite-privee-de-londres-a-pied\/\" \/>\n<meta property=\"og:locale\" content=\"fr_FR\" \/>\n<meta property=\"og:type\" content=\"article\" \/>\n<meta property=\"og:title\" content=\"Visite priv\u00e9e de Londres \u00e0 pied\" \/>\n<meta property=\"og:description\" content=\"Profitez d&#039;une merveilleuse visite priv\u00e9e de Londres pour admirer de pr\u00e8s ses b\u00e2timents et monuments les plus importants en compagnie d&#039;un guide officiel.\" \/>\n<meta property=\"og:url\" content=\"https:\/\/tourtravelandmore.com\/fr\/tours\/royaume-uni-fr\/londres-fr\/toutes-les-visites-et-activites-privees-fr-2\/visite-privee-de-londres-a-pied\/\" \/>\n<meta property=\"og:site_name\" content=\"Tour Travel And More\" \/>\n<meta property=\"article:publisher\" content=\"https:\/\/www.facebook.com\/tourtravelandmore\/\" \/>\n<meta property=\"article:modified_time\" content=\"2024-03-25T13:17:38+00:00\" \/>\n<meta property=\"og:image\" content=\"https:\/\/tourtravelandmore.com\/wp-content\/uploads\/2019\/03\/walking-londe.jpg\" \/>\n\t<meta property=\"og:image:width\" content=\"1500\" \/>\n\t<meta property=\"og:image:height\" content=\"986\" \/>\n\t<meta property=\"og:image:type\" content=\"image\/jpeg\" \/>\n<meta name=\"twitter:card\" content=\"summary_large_image\" \/>\n<meta name=\"twitter:site\" content=\"@TourTravel_More\" \/>\n<meta name=\"twitter:label1\" content=\"Dur\u00e9e de lecture estim\u00e9e\" \/>\n\t<meta name=\"twitter:data1\" content=\"3 minutes\" \/>\n<script type=\"application\/ld+json\" class=\"yoast-schema-graph\">{\"@context\":\"https:\/\/schema.org\",\"@graph\":[{\"@type\":\"WebPage\",\"@id\":\"https:\/\/tourtravelandmore.com\/fr\/tours\/royaume-uni-fr\/londres-fr\/toutes-les-visites-et-activites-privees-fr-2\/visite-privee-de-londres-a-pied\/\",\"url\":\"https:\/\/tourtravelandmore.com\/fr\/tours\/royaume-uni-fr\/londres-fr\/toutes-les-visites-et-activites-privees-fr-2\/visite-privee-de-londres-a-pied\/\",\"name\":\"Profitez d'une merveilleuse visite priv\u00e9e de Londres pour admirer de pr\u00e8s ses b\u00e2timents et monuments les plus importants en compagnie d'un guide officiel.\",\"isPartOf\":{\"@id\":\"https:\/\/tourtravelandmore.com\/fr\/#website\"},\"primaryImageOfPage\":{\"@id\":\"https:\/\/tourtravelandmore.com\/fr\/tours\/royaume-uni-fr\/londres-fr\/toutes-les-visites-et-activites-privees-fr-2\/visite-privee-de-londres-a-pied\/#primaryimage\"},\"image\":{\"@id\":\"https:\/\/tourtravelandmore.com\/fr\/tours\/royaume-uni-fr\/londres-fr\/toutes-les-visites-et-activites-privees-fr-2\/visite-privee-de-londres-a-pied\/#primaryimage\"},\"thumbnailUrl\":\"https:\/\/tourtravelandmore.com\/wp-content\/uploads\/2019\/03\/walking-londe.jpg\",\"datePublished\":\"2019-03-25T13:38:00+00:00\",\"dateModified\":\"2024-03-25T13:17:38+00:00\",\"description\":\"Profitez d'une merveilleuse visite priv\u00e9e de Londres pour admirer de pr\u00e8s ses b\u00e2timents et monuments les plus importants en compagnie d'un guide officiel.\",\"breadcrumb\":{\"@id\":\"https:\/\/tourtravelandmore.com\/fr\/tours\/royaume-uni-fr\/londres-fr\/toutes-les-visites-et-activites-privees-fr-2\/visite-privee-de-londres-a-pied\/#breadcrumb\"},\"inLanguage\":\"fr-FR\",\"potentialAction\":[{\"@type\":\"ReadAction\",\"target\":[\"https:\/\/tourtravelandmore.com\/fr\/tours\/royaume-uni-fr\/londres-fr\/toutes-les-visites-et-activites-privees-fr-2\/visite-privee-de-londres-a-pied\/\"]}]},{\"@type\":\"ImageObject\",\"inLanguage\":\"fr-FR\",\"@id\":\"https:\/\/tourtravelandmore.com\/fr\/tours\/royaume-uni-fr\/londres-fr\/toutes-les-visites-et-activites-privees-fr-2\/visite-privee-de-londres-a-pied\/#primaryimage\",\"url\":\"https:\/\/tourtravelandmore.com\/wp-content\/uploads\/2019\/03\/walking-londe.jpg\",\"contentUrl\":\"https:\/\/tourtravelandmore.com\/wp-content\/uploads\/2019\/03\/walking-londe.jpg\",\"width\":1500,\"height\":986,\"caption\":\"CUL38. LONDRES, 04\/07\/2012.- Fotograf\u00eda cedida por Sellar de una vista general de la orilla sur del r\u00edo T\u00e1mesis a su paso por Londres, en la que despunta el pin\u00e1culo del \\\"Shard\\\", el edificio m\u00e1s alto de Europa, con 87 pisos y 310 metros de altura, que se inaugurar\u00e1 ma\u00f1ana. EFE\/ Sellar\/SOLO USO EDITORIAL.\"},{\"@type\":\"BreadcrumbList\",\"@id\":\"https:\/\/tourtravelandmore.com\/fr\/tours\/royaume-uni-fr\/londres-fr\/toutes-les-visites-et-activites-privees-fr-2\/visite-privee-de-londres-a-pied\/#breadcrumb\",\"itemListElement\":[{\"@type\":\"ListItem\",\"position\":1,\"name\":\"Home\",\"item\":\"https:\/\/tourtravelandmore.com\/fr\/\"},{\"@type\":\"ListItem\",\"position\":2,\"name\":\"Tours\",\"item\":\"https:\/\/tourtravelandmore.com\/fr\/tours\/\"},{\"@type\":\"ListItem\",\"position\":3,\"name\":\"Visite priv\u00e9e de Londres \u00e0 pied\"}]},{\"@type\":\"WebSite\",\"@id\":\"https:\/\/tourtravelandmore.com\/fr\/#website\",\"url\":\"https:\/\/tourtravelandmore.com\/fr\/\",\"name\":\"Tour Travel And More\",\"description\":\"Private sightseeing tours and luxury transfers in Spain\",\"publisher\":{\"@id\":\"https:\/\/tourtravelandmore.com\/fr\/#organization\"},\"potentialAction\":[{\"@type\":\"SearchAction\",\"target\":{\"@type\":\"EntryPoint\",\"urlTemplate\":\"https:\/\/tourtravelandmore.com\/fr\/?s={search_term_string}\"},\"query-input\":{\"@type\":\"PropertyValueSpecification\",\"valueRequired\":true,\"valueName\":\"search_term_string\"}}],\"inLanguage\":\"fr-FR\"},{\"@type\":\"Organization\",\"@id\":\"https:\/\/tourtravelandmore.com\/fr\/#organization\",\"name\":\"Tour Travel And More\",\"url\":\"https:\/\/tourtravelandmore.com\/fr\/\",\"logo\":{\"@type\":\"ImageObject\",\"inLanguage\":\"fr-FR\",\"@id\":\"https:\/\/tourtravelandmore.com\/fr\/#\/schema\/logo\/image\/\",\"url\":\"https:\/\/tourtravelandmore.com\/wp-content\/uploads\/2022\/12\/cropped-logo-cabecera-new.png\",\"contentUrl\":\"https:\/\/tourtravelandmore.com\/wp-content\/uploads\/2022\/12\/cropped-logo-cabecera-new.png\",\"width\":430,\"height\":61,\"caption\":\"Tour Travel And More\"},\"image\":{\"@id\":\"https:\/\/tourtravelandmore.com\/fr\/#\/schema\/logo\/image\/\"},\"sameAs\":[\"https:\/\/www.facebook.com\/tourtravelandmore\/\",\"https:\/\/x.com\/TourTravel_More\"]}]}<\/script>\n<!-- \/ Yoast SEO Premium plugin. -->","yoast_head_json":{"title":"Profitez d'une merveilleuse visite priv\u00e9e de Londres pour admirer de pr\u00e8s ses b\u00e2timents et monuments les plus importants en compagnie d'un guide officiel.","description":"Profitez d'une merveilleuse visite priv\u00e9e de Londres pour admirer de pr\u00e8s ses b\u00e2timents et monuments les plus importants en compagnie d'un guide officiel.","robots":{"index":"index","follow":"follow","max-snippet":"max-snippet:-1","max-image-preview":"max-image-preview:large","max-video-preview":"max-video-preview:-1"},"canonical":"https:\/\/tourtravelandmore.com\/fr\/tours\/royaume-uni-fr\/londres-fr\/toutes-les-visites-et-activites-privees-fr-2\/visite-privee-de-londres-a-pied\/","og_locale":"fr_FR","og_type":"article","og_title":"Visite priv\u00e9e de Londres \u00e0 pied","og_description":"Profitez d'une merveilleuse visite priv\u00e9e de Londres pour admirer de pr\u00e8s ses b\u00e2timents et monuments les plus importants en compagnie d'un guide officiel.","og_url":"https:\/\/tourtravelandmore.com\/fr\/tours\/royaume-uni-fr\/londres-fr\/toutes-les-visites-et-activites-privees-fr-2\/visite-privee-de-londres-a-pied\/","og_site_name":"Tour Travel And More","article_publisher":"https:\/\/www.facebook.com\/tourtravelandmore\/","article_modified_time":"2024-03-25T13:17:38+00:00","og_image":[{"width":1500,"height":986,"url":"https:\/\/tourtravelandmore.com\/wp-content\/uploads\/2019\/03\/walking-londe.jpg","type":"image\/jpeg"}],"twitter_card":"summary_large_image","twitter_site":"@TourTravel_More","twitter_misc":{"Dur\u00e9e de lecture estim\u00e9e":"3 minutes"},"schema":{"@context":"https:\/\/schema.org","@graph":[{"@type":"WebPage","@id":"https:\/\/tourtravelandmore.com\/fr\/tours\/royaume-uni-fr\/londres-fr\/toutes-les-visites-et-activites-privees-fr-2\/visite-privee-de-londres-a-pied\/","url":"https:\/\/tourtravelandmore.com\/fr\/tours\/royaume-uni-fr\/londres-fr\/toutes-les-visites-et-activites-privees-fr-2\/visite-privee-de-londres-a-pied\/","name":"Profitez d'une merveilleuse visite priv\u00e9e de Londres pour admirer de pr\u00e8s ses b\u00e2timents et monuments les plus importants en compagnie d'un guide officiel.","isPartOf":{"@id":"https:\/\/tourtravelandmore.com\/fr\/#website"},"primaryImageOfPage":{"@id":"https:\/\/tourtravelandmore.com\/fr\/tours\/royaume-uni-fr\/londres-fr\/toutes-les-visites-et-activites-privees-fr-2\/visite-privee-de-londres-a-pied\/#primaryimage"},"image":{"@id":"https:\/\/tourtravelandmore.com\/fr\/tours\/royaume-uni-fr\/londres-fr\/toutes-les-visites-et-activites-privees-fr-2\/visite-privee-de-londres-a-pied\/#primaryimage"},"thumbnailUrl":"https:\/\/tourtravelandmore.com\/wp-content\/uploads\/2019\/03\/walking-londe.jpg","datePublished":"2019-03-25T13:38:00+00:00","dateModified":"2024-03-25T13:17:38+00:00","description":"Profitez d'une merveilleuse visite priv\u00e9e de Londres pour admirer de pr\u00e8s ses b\u00e2timents et monuments les plus importants en compagnie d'un guide officiel.","breadcrumb":{"@id":"https:\/\/tourtravelandmore.com\/fr\/tours\/royaume-uni-fr\/londres-fr\/toutes-les-visites-et-activites-privees-fr-2\/visite-privee-de-londres-a-pied\/#breadcrumb"},"inLanguage":"fr-FR","potentialAction":[{"@type":"ReadAction","target":["https:\/\/tourtravelandmore.com\/fr\/tours\/royaume-uni-fr\/londres-fr\/toutes-les-visites-et-activites-privees-fr-2\/visite-privee-de-londres-a-pied\/"]}]},{"@type":"ImageObject","inLanguage":"fr-FR","@id":"https:\/\/tourtravelandmore.com\/fr\/tours\/royaume-uni-fr\/londres-fr\/toutes-les-visites-et-activites-privees-fr-2\/visite-privee-de-londres-a-pied\/#primaryimage","url":"https:\/\/tourtravelandmore.com\/wp-content\/uploads\/2019\/03\/walking-londe.jpg","contentUrl":"https:\/\/tourtravelandmore.com\/wp-content\/uploads\/2019\/03\/walking-londe.jpg","width":1500,"height":986,"caption":"CUL38. LONDRES, 04\/07\/2012.- Fotograf\u00eda cedida por Sellar de una vista general de la orilla sur del r\u00edo T\u00e1mesis a su paso por Londres, en la que despunta el pin\u00e1culo del \"Shard\", el edificio m\u00e1s alto de Europa, con 87 pisos y 310 metros de altura, que se inaugurar\u00e1 ma\u00f1ana. EFE\/ Sellar\/SOLO USO EDITORIAL."},{"@type":"BreadcrumbList","@id":"https:\/\/tourtravelandmore.com\/fr\/tours\/royaume-uni-fr\/londres-fr\/toutes-les-visites-et-activites-privees-fr-2\/visite-privee-de-londres-a-pied\/#breadcrumb","itemListElement":[{"@type":"ListItem","position":1,"name":"Home","item":"https:\/\/tourtravelandmore.com\/fr\/"},{"@type":"ListItem","position":2,"name":"Tours","item":"https:\/\/tourtravelandmore.com\/fr\/tours\/"},{"@type":"ListItem","position":3,"name":"Visite priv\u00e9e de Londres \u00e0 pied"}]},{"@type":"WebSite","@id":"https:\/\/tourtravelandmore.com\/fr\/#website","url":"https:\/\/tourtravelandmore.com\/fr\/","name":"Tour Travel And More","description":"Private sightseeing tours and luxury transfers in Spain","publisher":{"@id":"https:\/\/tourtravelandmore.com\/fr\/#organization"},"potentialAction":[{"@type":"SearchAction","target":{"@type":"EntryPoint","urlTemplate":"https:\/\/tourtravelandmore.com\/fr\/?s={search_term_string}"},"query-input":{"@type":"PropertyValueSpecification","valueRequired":true,"valueName":"search_term_string"}}],"inLanguage":"fr-FR"},{"@type":"Organization","@id":"https:\/\/tourtravelandmore.com\/fr\/#organization","name":"Tour Travel And More","url":"https:\/\/tourtravelandmore.com\/fr\/","logo":{"@type":"ImageObject","inLanguage":"fr-FR","@id":"https:\/\/tourtravelandmore.com\/fr\/#\/schema\/logo\/image\/","url":"https:\/\/tourtravelandmore.com\/wp-content\/uploads\/2022\/12\/cropped-logo-cabecera-new.png","contentUrl":"https:\/\/tourtravelandmore.com\/wp-content\/uploads\/2022\/12\/cropped-logo-cabecera-new.png","width":430,"height":61,"caption":"Tour Travel And More"},"image":{"@id":"https:\/\/tourtravelandmore.com\/fr\/#\/schema\/logo\/image\/"},"sameAs":["https:\/\/www.facebook.com\/tourtravelandmore\/","https:\/\/x.com\/TourTravel_More"]}]}},"_links":{"self":[{"href":"https:\/\/tourtravelandmore.com\/fr\/wp-json\/wp\/v2\/product\/99516","targetHints":{"allow":["GET"]}}],"collection":[{"href":"https:\/\/tourtravelandmore.com\/fr\/wp-json\/wp\/v2\/product"}],"about":[{"href":"https:\/\/tourtravelandmore.com\/fr\/wp-json\/wp\/v2\/types\/product"}],"replies":[{"embeddable":true,"href":"https:\/\/tourtravelandmore.com\/fr\/wp-json\/wp\/v2\/comments?post=99516"}],"wp:featuredmedia":[{"embeddable":true,"href":"https:\/\/tourtravelandmore.com\/fr\/wp-json\/wp\/v2\/media\/95645"}],"wp:attachment":[{"href":"https:\/\/tourtravelandmore.com\/fr\/wp-json\/wp\/v2\/media?parent=99516"}],"wp:term":[{"taxonomy":"product_brand","embeddable":true,"href":"https:\/\/tourtravelandmore.com\/fr\/wp-json\/wp\/v2\/product_brand?post=99516"},{"taxonomy":"product_cat","embeddable":true,"href":"https:\/\/tourtravelandmore.com\/fr\/wp-json\/wp\/v2\/product_cat?post=99516"},{"taxonomy":"product_tag","embeddable":true,"href":"https:\/\/tourtravelandmore.com\/fr\/wp-json\/wp\/v2\/product_tag?post=99516"}],"curies":[{"name":"wp","href":"https:\/\/api.w.org\/{rel}","templated":true}]}}