{"id":99502,"date":"2020-05-26T10:58:08","date_gmt":"2020-05-26T08:58:08","guid":{"rendered":"https:\/\/tourtravelandmore.com\/tours\/non class\u00e9\/transfert-prive-melilla\/"},"modified":"2020-05-26T10:58:08","modified_gmt":"2020-05-26T08:58:08","slug":"transfert-prive-melilla","status":"publish","type":"product","link":"https:\/\/tourtravelandmore.com\/fr\/tours\/espagne-fr\/melilla-fr\/transfert-prive-melilla\/","title":{"rendered":"Transfert priv\u00e9 Melilla"},"content":{"rendered":"<h2>Description<\/h2>\n<p>Profitez d&#8217;un transfert priv\u00e9 Melilla confortable et sans tracas. Nous organiserons la prise en charge depuis n&#8217;importe quel endroit \u00e0 Melilla pour vous. Si l&#8217;une de vos plus grandes pr\u00e9occupations lors de votre visite \u00e0 Melilla est de savoir comment vous voyagerez sans restrictions, ne vous inqui\u00e9tez plus! Atn Tour Travel &amp; More, nous avons une solution pour vous, notre incroyable service de transfert priv\u00e9 Melilla.<\/p>\n<p>Il vous suffit de nous indiquer votre heure et votre date d&#8217;arriv\u00e9e \u00e0 l&#8217;a\u00e9roport ou au port de croisi\u00e8re et un de nos chauffeurs vous attendra pour vous conduire \u00e0 votre h\u00f4tel, il en va de m\u00eame le jour de votre retour dans votre pays, nous pouvons venir vous chercher \u00e0 votre site d&#8217;h\u00e9bergement et vous emmener \u00e0 l&#8217;a\u00e9roport pour que vous puissiez rentrer chez vous.<\/p>\n<p>Nous fournissons \u00e9galement un transport priv\u00e9 de n&#8217;importe quel endroit \u00e0 Melilla vers n&#8217;importe quelle autre ville \u00e0 proximit\u00e9.<\/p>\n<p>Nous ne limitons pas le nombre de bagages, mais nous vous demandons s&#8217;il vous pla\u00eet d&#8217;indiquer le nombre de bagages avec lesquels vous voyagerez uniquement pour des questions logistiques, car parfois un v\u00e9hicule plus grand peut \u00eatre n\u00e9cessaire et des frais suppl\u00e9mentaires peuvent s&#8217;appliquer.<\/p>\n<p>Il vous suffit de nous contacter \u00e0 Tour Travel &amp; More et de nous donner les d\u00e9tails sp\u00e9cifiques, \u00e0 partir de l\u00e0, nous organiserons votre transport priv\u00e9 dans un v\u00e9hicule de luxe avec chauffeur.<\/p>\n<h2>Sites d&#8217;int\u00e9r\u00eat et monuments<\/h2>\n<p>Melilla C&#8217;est une ville espagnole autonome situ\u00e9e en Afrique du Nord, sur les rives de la mer M\u00e9diterran\u00e9e. La ville re\u00e7oit chaque jour une importante population flottante, principalement de la province marocaine de Nador.<\/p>\n<p>Melilla poss\u00e8de \u00e9galement de belles et longues plages, ainsi que des paysages fascinants tels que les Cortados de Aguad\u00fa. Tout cela fait de votre s\u00e9jour \u00e0 Melilla une vraie surprise !.<\/p>\n<p>Melilla, comme Ceuta et les \u00eeles Canaries, a \u00e9t\u00e9 class\u00e9e comme port franc avant l&#8217;adh\u00e9sion de l&#8217;Espagne \u00e0 l&#8217;Union europ\u00e9enne. Sa population se compose de chr\u00e9tiens, de musulmans et de petites minorit\u00e9s de juifs s\u00e9farades et de sindhi hindous.<\/p>\n<p>D\u00e9couvrez nos visites priv\u00e9es au d\u00e9part de Melilla!<\/p>\n","protected":false},"excerpt":{"rendered":"<p>Transfert priv\u00e9 Melilla &#8211; Port de croisi\u00e8re, a\u00e9roport ou n&#8217;importe quel endroit \u00e0 Melilla. V\u00e9hicule priv\u00e9 avec chauffeur pour un service confortable.<\/p>\n","protected":false},"featured_media":95809,"comment_status":"open","ping_status":"closed","template":"","meta":{"_acf_changed":false},"product_brand":[],"product_cat":[3541,3584],"product_tag":[],"class_list":{"0":"post-99502","1":"product","2":"type-product","3":"status-publish","4":"has-post-thumbnail","6":"product_cat-espagne-fr","7":"product_cat-melilla-fr","9":"first","10":"instock","11":"shipping-taxable","12":"purchasable","13":"product-type-simple"},"acf":[],"yoast_head":"<!-- This site is optimized with the Yoast SEO Premium plugin v25.3.1 (Yoast SEO v25.3.1) - https:\/\/yoast.com\/wordpress\/plugins\/seo\/ -->\n<title>Transfert priv\u00e9 Melilla - Port de croisi\u00e8re, a\u00e9roport ou n&#039;importe quel endroit \u00e0 Melilla<\/title>\n<meta name=\"description\" content=\"Rejoignez confortablement votre destination finale \u00e0 Melilla dans notre transfert priv\u00e9 Melilla dans nos v\u00e9hicules et avec nos chauffeurs professionnels.\" \/>\n<meta name=\"robots\" content=\"index, follow, max-snippet:-1, max-image-preview:large, max-video-preview:-1\" \/>\n<link rel=\"canonical\" href=\"https:\/\/tourtravelandmore.com\/fr\/tours\/espagne-fr\/melilla-fr\/transfert-prive-melilla\/\" \/>\n<meta property=\"og:locale\" content=\"fr_FR\" \/>\n<meta property=\"og:type\" content=\"article\" \/>\n<meta property=\"og:title\" content=\"Transfert priv\u00e9 Melilla\" \/>\n<meta property=\"og:description\" content=\"Rejoignez confortablement votre destination finale \u00e0 Melilla dans notre transfert priv\u00e9 Melilla dans nos v\u00e9hicules et avec nos chauffeurs professionnels.\" \/>\n<meta property=\"og:url\" content=\"https:\/\/tourtravelandmore.com\/fr\/tours\/espagne-fr\/melilla-fr\/transfert-prive-melilla\/\" \/>\n<meta property=\"og:site_name\" content=\"Tour Travel And More\" \/>\n<meta property=\"article:publisher\" content=\"https:\/\/www.facebook.com\/tourtravelandmore\/\" \/>\n<meta property=\"og:image\" content=\"https:\/\/tourtravelandmore.com\/wp-content\/uploads\/2016\/11\/TrasladoAlicante-1.png\" \/>\n\t<meta property=\"og:image:width\" content=\"640\" \/>\n\t<meta property=\"og:image:height\" content=\"425\" \/>\n\t<meta property=\"og:image:type\" content=\"image\/png\" \/>\n<meta name=\"twitter:card\" content=\"summary_large_image\" \/>\n<meta name=\"twitter:site\" content=\"@TourTravel_More\" \/>\n<meta name=\"twitter:label1\" content=\"Dur\u00e9e de lecture estim\u00e9e\" \/>\n\t<meta name=\"twitter:data1\" content=\"2 minutes\" \/>\n<script type=\"application\/ld+json\" class=\"yoast-schema-graph\">{\"@context\":\"https:\/\/schema.org\",\"@graph\":[{\"@type\":\"WebPage\",\"@id\":\"https:\/\/tourtravelandmore.com\/fr\/tours\/espagne-fr\/melilla-fr\/transfert-prive-melilla\/\",\"url\":\"https:\/\/tourtravelandmore.com\/fr\/tours\/espagne-fr\/melilla-fr\/transfert-prive-melilla\/\",\"name\":\"Transfert priv\u00e9 Melilla - Port de croisi\u00e8re, a\u00e9roport ou n'importe quel endroit \u00e0 Melilla\",\"isPartOf\":{\"@id\":\"https:\/\/tourtravelandmore.com\/fr\/#website\"},\"primaryImageOfPage\":{\"@id\":\"https:\/\/tourtravelandmore.com\/fr\/tours\/espagne-fr\/melilla-fr\/transfert-prive-melilla\/#primaryimage\"},\"image\":{\"@id\":\"https:\/\/tourtravelandmore.com\/fr\/tours\/espagne-fr\/melilla-fr\/transfert-prive-melilla\/#primaryimage\"},\"thumbnailUrl\":\"https:\/\/tourtravelandmore.com\/wp-content\/uploads\/2016\/11\/TrasladoAlicante-1.png\",\"datePublished\":\"2020-05-26T08:58:08+00:00\",\"description\":\"Rejoignez confortablement votre destination finale \u00e0 Melilla dans notre transfert priv\u00e9 Melilla dans nos v\u00e9hicules et avec nos chauffeurs professionnels.\",\"breadcrumb\":{\"@id\":\"https:\/\/tourtravelandmore.com\/fr\/tours\/espagne-fr\/melilla-fr\/transfert-prive-melilla\/#breadcrumb\"},\"inLanguage\":\"fr-FR\",\"potentialAction\":[{\"@type\":\"ReadAction\",\"target\":[\"https:\/\/tourtravelandmore.com\/fr\/tours\/espagne-fr\/melilla-fr\/transfert-prive-melilla\/\"]}]},{\"@type\":\"ImageObject\",\"inLanguage\":\"fr-FR\",\"@id\":\"https:\/\/tourtravelandmore.com\/fr\/tours\/espagne-fr\/melilla-fr\/transfert-prive-melilla\/#primaryimage\",\"url\":\"https:\/\/tourtravelandmore.com\/wp-content\/uploads\/2016\/11\/TrasladoAlicante-1.png\",\"contentUrl\":\"https:\/\/tourtravelandmore.com\/wp-content\/uploads\/2016\/11\/TrasladoAlicante-1.png\",\"width\":640,\"height\":425},{\"@type\":\"BreadcrumbList\",\"@id\":\"https:\/\/tourtravelandmore.com\/fr\/tours\/espagne-fr\/melilla-fr\/transfert-prive-melilla\/#breadcrumb\",\"itemListElement\":[{\"@type\":\"ListItem\",\"position\":1,\"name\":\"Home\",\"item\":\"https:\/\/tourtravelandmore.com\/fr\/\"},{\"@type\":\"ListItem\",\"position\":2,\"name\":\"Tours\",\"item\":\"https:\/\/tourtravelandmore.com\/fr\/tours\/\"},{\"@type\":\"ListItem\",\"position\":3,\"name\":\"Transfert priv\u00e9 Melilla\"}]},{\"@type\":\"WebSite\",\"@id\":\"https:\/\/tourtravelandmore.com\/fr\/#website\",\"url\":\"https:\/\/tourtravelandmore.com\/fr\/\",\"name\":\"Tour Travel And More\",\"description\":\"Private sightseeing tours and luxury transfers in Spain\",\"publisher\":{\"@id\":\"https:\/\/tourtravelandmore.com\/fr\/#organization\"},\"potentialAction\":[{\"@type\":\"SearchAction\",\"target\":{\"@type\":\"EntryPoint\",\"urlTemplate\":\"https:\/\/tourtravelandmore.com\/fr\/?s={search_term_string}\"},\"query-input\":{\"@type\":\"PropertyValueSpecification\",\"valueRequired\":true,\"valueName\":\"search_term_string\"}}],\"inLanguage\":\"fr-FR\"},{\"@type\":\"Organization\",\"@id\":\"https:\/\/tourtravelandmore.com\/fr\/#organization\",\"name\":\"Tour Travel And More\",\"url\":\"https:\/\/tourtravelandmore.com\/fr\/\",\"logo\":{\"@type\":\"ImageObject\",\"inLanguage\":\"fr-FR\",\"@id\":\"https:\/\/tourtravelandmore.com\/fr\/#\/schema\/logo\/image\/\",\"url\":\"https:\/\/tourtravelandmore.com\/wp-content\/uploads\/2022\/12\/cropped-logo-cabecera-new.png\",\"contentUrl\":\"https:\/\/tourtravelandmore.com\/wp-content\/uploads\/2022\/12\/cropped-logo-cabecera-new.png\",\"width\":430,\"height\":61,\"caption\":\"Tour Travel And More\"},\"image\":{\"@id\":\"https:\/\/tourtravelandmore.com\/fr\/#\/schema\/logo\/image\/\"},\"sameAs\":[\"https:\/\/www.facebook.com\/tourtravelandmore\/\",\"https:\/\/x.com\/TourTravel_More\"]}]}<\/script>\n<!-- \/ Yoast SEO Premium plugin. -->","yoast_head_json":{"title":"Transfert priv\u00e9 Melilla - Port de croisi\u00e8re, a\u00e9roport ou n'importe quel endroit \u00e0 Melilla","description":"Rejoignez confortablement votre destination finale \u00e0 Melilla dans notre transfert priv\u00e9 Melilla dans nos v\u00e9hicules et avec nos chauffeurs professionnels.","robots":{"index":"index","follow":"follow","max-snippet":"max-snippet:-1","max-image-preview":"max-image-preview:large","max-video-preview":"max-video-preview:-1"},"canonical":"https:\/\/tourtravelandmore.com\/fr\/tours\/espagne-fr\/melilla-fr\/transfert-prive-melilla\/","og_locale":"fr_FR","og_type":"article","og_title":"Transfert priv\u00e9 Melilla","og_description":"Rejoignez confortablement votre destination finale \u00e0 Melilla dans notre transfert priv\u00e9 Melilla dans nos v\u00e9hicules et avec nos chauffeurs professionnels.","og_url":"https:\/\/tourtravelandmore.com\/fr\/tours\/espagne-fr\/melilla-fr\/transfert-prive-melilla\/","og_site_name":"Tour Travel And More","article_publisher":"https:\/\/www.facebook.com\/tourtravelandmore\/","og_image":[{"width":640,"height":425,"url":"https:\/\/tourtravelandmore.com\/wp-content\/uploads\/2016\/11\/TrasladoAlicante-1.png","type":"image\/png"}],"twitter_card":"summary_large_image","twitter_site":"@TourTravel_More","twitter_misc":{"Dur\u00e9e de lecture estim\u00e9e":"2 minutes"},"schema":{"@context":"https:\/\/schema.org","@graph":[{"@type":"WebPage","@id":"https:\/\/tourtravelandmore.com\/fr\/tours\/espagne-fr\/melilla-fr\/transfert-prive-melilla\/","url":"https:\/\/tourtravelandmore.com\/fr\/tours\/espagne-fr\/melilla-fr\/transfert-prive-melilla\/","name":"Transfert priv\u00e9 Melilla - Port de croisi\u00e8re, a\u00e9roport ou n'importe quel endroit \u00e0 Melilla","isPartOf":{"@id":"https:\/\/tourtravelandmore.com\/fr\/#website"},"primaryImageOfPage":{"@id":"https:\/\/tourtravelandmore.com\/fr\/tours\/espagne-fr\/melilla-fr\/transfert-prive-melilla\/#primaryimage"},"image":{"@id":"https:\/\/tourtravelandmore.com\/fr\/tours\/espagne-fr\/melilla-fr\/transfert-prive-melilla\/#primaryimage"},"thumbnailUrl":"https:\/\/tourtravelandmore.com\/wp-content\/uploads\/2016\/11\/TrasladoAlicante-1.png","datePublished":"2020-05-26T08:58:08+00:00","description":"Rejoignez confortablement votre destination finale \u00e0 Melilla dans notre transfert priv\u00e9 Melilla dans nos v\u00e9hicules et avec nos chauffeurs professionnels.","breadcrumb":{"@id":"https:\/\/tourtravelandmore.com\/fr\/tours\/espagne-fr\/melilla-fr\/transfert-prive-melilla\/#breadcrumb"},"inLanguage":"fr-FR","potentialAction":[{"@type":"ReadAction","target":["https:\/\/tourtravelandmore.com\/fr\/tours\/espagne-fr\/melilla-fr\/transfert-prive-melilla\/"]}]},{"@type":"ImageObject","inLanguage":"fr-FR","@id":"https:\/\/tourtravelandmore.com\/fr\/tours\/espagne-fr\/melilla-fr\/transfert-prive-melilla\/#primaryimage","url":"https:\/\/tourtravelandmore.com\/wp-content\/uploads\/2016\/11\/TrasladoAlicante-1.png","contentUrl":"https:\/\/tourtravelandmore.com\/wp-content\/uploads\/2016\/11\/TrasladoAlicante-1.png","width":640,"height":425},{"@type":"BreadcrumbList","@id":"https:\/\/tourtravelandmore.com\/fr\/tours\/espagne-fr\/melilla-fr\/transfert-prive-melilla\/#breadcrumb","itemListElement":[{"@type":"ListItem","position":1,"name":"Home","item":"https:\/\/tourtravelandmore.com\/fr\/"},{"@type":"ListItem","position":2,"name":"Tours","item":"https:\/\/tourtravelandmore.com\/fr\/tours\/"},{"@type":"ListItem","position":3,"name":"Transfert priv\u00e9 Melilla"}]},{"@type":"WebSite","@id":"https:\/\/tourtravelandmore.com\/fr\/#website","url":"https:\/\/tourtravelandmore.com\/fr\/","name":"Tour Travel And More","description":"Private sightseeing tours and luxury transfers in Spain","publisher":{"@id":"https:\/\/tourtravelandmore.com\/fr\/#organization"},"potentialAction":[{"@type":"SearchAction","target":{"@type":"EntryPoint","urlTemplate":"https:\/\/tourtravelandmore.com\/fr\/?s={search_term_string}"},"query-input":{"@type":"PropertyValueSpecification","valueRequired":true,"valueName":"search_term_string"}}],"inLanguage":"fr-FR"},{"@type":"Organization","@id":"https:\/\/tourtravelandmore.com\/fr\/#organization","name":"Tour Travel And More","url":"https:\/\/tourtravelandmore.com\/fr\/","logo":{"@type":"ImageObject","inLanguage":"fr-FR","@id":"https:\/\/tourtravelandmore.com\/fr\/#\/schema\/logo\/image\/","url":"https:\/\/tourtravelandmore.com\/wp-content\/uploads\/2022\/12\/cropped-logo-cabecera-new.png","contentUrl":"https:\/\/tourtravelandmore.com\/wp-content\/uploads\/2022\/12\/cropped-logo-cabecera-new.png","width":430,"height":61,"caption":"Tour Travel And More"},"image":{"@id":"https:\/\/tourtravelandmore.com\/fr\/#\/schema\/logo\/image\/"},"sameAs":["https:\/\/www.facebook.com\/tourtravelandmore\/","https:\/\/x.com\/TourTravel_More"]}]}},"_links":{"self":[{"href":"https:\/\/tourtravelandmore.com\/fr\/wp-json\/wp\/v2\/product\/99502","targetHints":{"allow":["GET"]}}],"collection":[{"href":"https:\/\/tourtravelandmore.com\/fr\/wp-json\/wp\/v2\/product"}],"about":[{"href":"https:\/\/tourtravelandmore.com\/fr\/wp-json\/wp\/v2\/types\/product"}],"replies":[{"embeddable":true,"href":"https:\/\/tourtravelandmore.com\/fr\/wp-json\/wp\/v2\/comments?post=99502"}],"wp:featuredmedia":[{"embeddable":true,"href":"https:\/\/tourtravelandmore.com\/fr\/wp-json\/wp\/v2\/media\/95809"}],"wp:attachment":[{"href":"https:\/\/tourtravelandmore.com\/fr\/wp-json\/wp\/v2\/media?parent=99502"}],"wp:term":[{"taxonomy":"product_brand","embeddable":true,"href":"https:\/\/tourtravelandmore.com\/fr\/wp-json\/wp\/v2\/product_brand?post=99502"},{"taxonomy":"product_cat","embeddable":true,"href":"https:\/\/tourtravelandmore.com\/fr\/wp-json\/wp\/v2\/product_cat?post=99502"},{"taxonomy":"product_tag","embeddable":true,"href":"https:\/\/tourtravelandmore.com\/fr\/wp-json\/wp\/v2\/product_tag?post=99502"}],"curies":[{"name":"wp","href":"https:\/\/api.w.org\/{rel}","templated":true}]}}