{"id":99497,"date":"2020-05-26T10:30:58","date_gmt":"2020-05-26T08:30:58","guid":{"rendered":"https:\/\/tourtravelandmore.com\/tours\/non class\u00e9\/visite-privee-de-melilla\/"},"modified":"2020-05-26T10:30:58","modified_gmt":"2020-05-26T08:30:58","slug":"visite-privee-de-melilla","status":"publish","type":"product","link":"https:\/\/tourtravelandmore.com\/fr\/tours\/espagne-fr\/melilla-fr\/visite-privee-de-melilla\/","title":{"rendered":"Visite priv\u00e9e de Melilla"},"content":{"rendered":"<h2>Description<\/h2>\n<p>Ne manquez pas l&#8217;occasion de d\u00e9couvrir la ville unique de Melilla avec cette visite priv\u00e9e de Melilla. Venez vous chercher \u00e0 votre h\u00f4tel en ville, au port de croisi\u00e8re de Melilla ou dans un lieu de choix \u00e0 Melilla.<\/p>\n<p>Melilla c&#8217;est une ville espagnole autonome situ\u00e9e en Afrique du Nord, sur les rives de la mer M\u00e9diterran\u00e9e. La ville re\u00e7oit chaque jour une importante population flottante, principalement de la province marocaine de Nador.<\/p>\n<p>Melilla poss\u00e8de \u00e9galement de belles et longues plages, ainsi que des paysages fascinants tels que les Cortados de Aguad\u00fa. Tout cela fait de votre s\u00e9jour \u00e0 Melilla une vraie surprise!<\/p>\n<p>Le patrimoine architectural de la ville est l &#8216;\u00abEnsanche de Melilla\u00bb. Il est consid\u00e9r\u00e9 comme l&#8217;un des meilleurs repr\u00e9sentants du style moderniste espagnol du d\u00e9but du XXe si\u00e8cle.<\/p>\n<p>En conclusion, Melilla est une ville charg\u00e9e d&#8217;histoire, d&#8217;architecture et de ses plages \u00e9tendues. Unis pour en faire le lieu id\u00e9al pour passer vos vacances.<\/p>\n<h2>Sites d&#8217;int\u00e9r\u00eat et monuments<\/h2>\n<p>Rencontrez votre chauffeur priv\u00e9 et votre guide officiel dans un lieu de choix \u00e0 Melilla. La prise en charge peut se faire \u00e0 votre h\u00f4tel ou au port de croisi\u00e8re de Melilla. Votre chauffeur priv\u00e9 et votre guide officiel vous attendront pour commencer la visite. Une fois que nous nous sommes rencontr\u00e9s, nous nous dirigerons ensuite vers le d\u00e9but de la tourn\u00e9e!<\/p>\n<p>Vous profiterez d&#8217;une visite priv\u00e9e de Melilla \u00e0 travers la ville. Vous serez tr\u00e8s \u00e0 l&#8217;aise dans votre v\u00e9hicule de luxe avec climatisation. Votre chauffeur priv\u00e9 et votre guide officiel seront \u00e0 votre disposition pendant toute la dur\u00e9e de la visite. Ils rendront votre exp\u00e9rience unique et m\u00e9morable.<\/p>\n<p>Au cours de votre visite priv\u00e9e, vous d\u00e9couvrirez certains des endroits les plus reconnus de Melilla. Vous serez t\u00e9moin de sa beaut\u00e9 architecturale unique.<br \/>\nParmi les sites que vous pouvez visiter \u00e0 travers cette visite priv\u00e9e:<\/p>\n<p>&#8211; Le vieux Melilla. La plus belle r\u00e9gion de Melilla est La Ciudadela. Un autre des noms sous lesquels le Old Melilla est connu. Il a \u00e9t\u00e9 d\u00e9clar\u00e9 site historique et artistique et est pr\u00e9sent\u00e9 comme une imposante forteresse. Il est construit sur un rocher qui p\u00e9n\u00e8tre dans les eaux de la M\u00e9diterran\u00e9e.<\/p>\n<p>&#8211; Place Hernandez. Le parc le plus embl\u00e9matique de Melilla \u00e9tait un camp d&#8217;entra\u00eenement militaire. Jusqu&#8217;\u00e0 ce que le capitaine g\u00e9n\u00e9ral de la ville, Venancio Hern\u00e1ndez Fern\u00e1ndez, d\u00e9cide de la transformer, en 1902, en parc.<\/p>\n<p>&#8211; Place des P\u00eacheurs. c&#8217;est le monument comm\u00e9moratif que les habitants de Melilla d\u00e9dient aux p\u00eacheurs acharn\u00e9s.<\/p>\n<p>&#8211; Grottes de Conventico. Ces grottes sont situ\u00e9es dans la Muralla de la Cruz. Encadr\u00e9 dans la premi\u00e8re enceinte fortifi\u00e9e de la partie Ancienne. On pense qu&#8217;ils proviennent d&#8217;une grotte naturelle qui aurait pu \u00eatre utilis\u00e9e par les Ph\u00e9niciens.<\/p>\n<p>&#8211; Mus\u00e9e arch\u00e9ologique et d&#8217;histoire de Melilla. Le b\u00e2timent a trois \u00e9tages et pr\u00e9sente des collections avec lesquelles vous pouvez faire un tour chronologique de l&#8217;histoire de Melilla.<\/p>\n<p>&#8211; Grand Fort de la Victoire. Pendant la guerre civile, il a pris le r\u00f4le de prison et. Quelques ann\u00e9es plus tard, il a \u00e9t\u00e9 abandonn\u00e9.<\/p>\n<p>Profitez du meilleur de Melilla avec votre visite priv\u00e9e. La prise en charge peut \u00eatre r\u00e9gl\u00e9e pour vous depuis le port de croisi\u00e8re si vous avez besoin d&#8217;une excursion de croisi\u00e8re. Nous pouvons \u00e9galement venir vous chercher \u00e0 n&#8217;importe quel endroit de Melilla. N&#8217;h\u00e9sitez pas \u00e0 contacter l&#8217;un de nos experts en voyages pour vous aider \u00e0 concevoir une exp\u00e9rience parfaite pour vous.<\/p>\n<p>Enfin, nous vous d\u00e9poserons \u00e0 votre h\u00f4tel, port de croisi\u00e8re ou lieu de votre choix.<\/p>\n<p>D\u00e9couvrez nos visites et transferts priv\u00e9s!<\/p>\n","protected":false},"excerpt":{"rendered":"<p>Profitez de cette visite priv\u00e9e de Melilla dans votre v\u00e9hicule de luxe priv\u00e9, avec un guide officiel priv\u00e9 et visitez les sites les plus importants de Melilla.<\/p>\n","protected":false},"featured_media":97629,"comment_status":"open","ping_status":"closed","template":"","meta":{"_acf_changed":false},"product_brand":[],"product_cat":[3584],"product_tag":[],"class_list":{"0":"post-99497","1":"product","2":"type-product","3":"status-publish","4":"has-post-thumbnail","6":"product_cat-melilla-fr","8":"first","9":"instock","10":"shipping-taxable","11":"purchasable","12":"product-type-simple"},"acf":[],"yoast_head":"<!-- This site is optimized with the Yoast SEO Premium plugin v25.3.1 (Yoast SEO v25.3.1) - https:\/\/yoast.com\/wordpress\/plugins\/seo\/ -->\n<title>Private Melilla Tour - Guide officiel et v\u00e9hicule avec chauffeur<\/title>\n<meta name=\"description\" content=\"Profitez de cette visite priv\u00e9e de Melilla dans votre v\u00e9hicule de luxe priv\u00e9, avec un guide officiel priv\u00e9 et visitez les lieux les plus importants.\" \/>\n<meta name=\"robots\" content=\"index, follow, max-snippet:-1, max-image-preview:large, max-video-preview:-1\" \/>\n<link rel=\"canonical\" href=\"https:\/\/tourtravelandmore.com\/fr\/tours\/espagne-fr\/melilla-fr\/visite-privee-de-melilla\/\" \/>\n<meta property=\"og:locale\" content=\"fr_FR\" \/>\n<meta property=\"og:type\" content=\"article\" \/>\n<meta property=\"og:title\" content=\"Visite priv\u00e9e de Melilla\" \/>\n<meta property=\"og:description\" content=\"Profitez de cette visite priv\u00e9e de Melilla dans votre v\u00e9hicule de luxe priv\u00e9, avec un guide officiel priv\u00e9 et visitez les lieux les plus importants.\" \/>\n<meta property=\"og:url\" content=\"https:\/\/tourtravelandmore.com\/fr\/tours\/espagne-fr\/melilla-fr\/visite-privee-de-melilla\/\" \/>\n<meta property=\"og:site_name\" content=\"Tour Travel And More\" \/>\n<meta property=\"article:publisher\" content=\"https:\/\/www.facebook.com\/tourtravelandmore\/\" \/>\n<meta property=\"og:image\" content=\"https:\/\/tourtravelandmore.com\/wp-content\/uploads\/2020\/05\/melilla-5-1.jpg\" \/>\n\t<meta property=\"og:image:width\" content=\"960\" \/>\n\t<meta property=\"og:image:height\" content=\"640\" \/>\n\t<meta property=\"og:image:type\" content=\"image\/jpeg\" \/>\n<meta name=\"twitter:card\" content=\"summary_large_image\" \/>\n<meta name=\"twitter:site\" content=\"@TourTravel_More\" \/>\n<meta name=\"twitter:label1\" content=\"Dur\u00e9e de lecture estim\u00e9e\" \/>\n\t<meta name=\"twitter:data1\" content=\"3 minutes\" \/>\n<script type=\"application\/ld+json\" class=\"yoast-schema-graph\">{\"@context\":\"https:\/\/schema.org\",\"@graph\":[{\"@type\":\"WebPage\",\"@id\":\"https:\/\/tourtravelandmore.com\/fr\/tours\/espagne-fr\/melilla-fr\/visite-privee-de-melilla\/\",\"url\":\"https:\/\/tourtravelandmore.com\/fr\/tours\/espagne-fr\/melilla-fr\/visite-privee-de-melilla\/\",\"name\":\"Private Melilla Tour - Guide officiel et v\u00e9hicule avec chauffeur\",\"isPartOf\":{\"@id\":\"https:\/\/tourtravelandmore.com\/fr\/#website\"},\"primaryImageOfPage\":{\"@id\":\"https:\/\/tourtravelandmore.com\/fr\/tours\/espagne-fr\/melilla-fr\/visite-privee-de-melilla\/#primaryimage\"},\"image\":{\"@id\":\"https:\/\/tourtravelandmore.com\/fr\/tours\/espagne-fr\/melilla-fr\/visite-privee-de-melilla\/#primaryimage\"},\"thumbnailUrl\":\"https:\/\/tourtravelandmore.com\/wp-content\/uploads\/2020\/05\/melilla-5-1.jpg\",\"datePublished\":\"2020-05-26T08:30:58+00:00\",\"description\":\"Profitez de cette visite priv\u00e9e de Melilla dans votre v\u00e9hicule de luxe priv\u00e9, avec un guide officiel priv\u00e9 et visitez les lieux les plus importants.\",\"breadcrumb\":{\"@id\":\"https:\/\/tourtravelandmore.com\/fr\/tours\/espagne-fr\/melilla-fr\/visite-privee-de-melilla\/#breadcrumb\"},\"inLanguage\":\"fr-FR\",\"potentialAction\":[{\"@type\":\"ReadAction\",\"target\":[\"https:\/\/tourtravelandmore.com\/fr\/tours\/espagne-fr\/melilla-fr\/visite-privee-de-melilla\/\"]}]},{\"@type\":\"ImageObject\",\"inLanguage\":\"fr-FR\",\"@id\":\"https:\/\/tourtravelandmore.com\/fr\/tours\/espagne-fr\/melilla-fr\/visite-privee-de-melilla\/#primaryimage\",\"url\":\"https:\/\/tourtravelandmore.com\/wp-content\/uploads\/2020\/05\/melilla-5-1.jpg\",\"contentUrl\":\"https:\/\/tourtravelandmore.com\/wp-content\/uploads\/2020\/05\/melilla-5-1.jpg\",\"width\":960,\"height\":640},{\"@type\":\"BreadcrumbList\",\"@id\":\"https:\/\/tourtravelandmore.com\/fr\/tours\/espagne-fr\/melilla-fr\/visite-privee-de-melilla\/#breadcrumb\",\"itemListElement\":[{\"@type\":\"ListItem\",\"position\":1,\"name\":\"Home\",\"item\":\"https:\/\/tourtravelandmore.com\/fr\/\"},{\"@type\":\"ListItem\",\"position\":2,\"name\":\"Tours\",\"item\":\"https:\/\/tourtravelandmore.com\/fr\/tours\/\"},{\"@type\":\"ListItem\",\"position\":3,\"name\":\"Visite priv\u00e9e de Melilla\"}]},{\"@type\":\"WebSite\",\"@id\":\"https:\/\/tourtravelandmore.com\/fr\/#website\",\"url\":\"https:\/\/tourtravelandmore.com\/fr\/\",\"name\":\"Tour Travel And More\",\"description\":\"Private sightseeing tours and luxury transfers in Spain\",\"publisher\":{\"@id\":\"https:\/\/tourtravelandmore.com\/fr\/#organization\"},\"potentialAction\":[{\"@type\":\"SearchAction\",\"target\":{\"@type\":\"EntryPoint\",\"urlTemplate\":\"https:\/\/tourtravelandmore.com\/fr\/?s={search_term_string}\"},\"query-input\":{\"@type\":\"PropertyValueSpecification\",\"valueRequired\":true,\"valueName\":\"search_term_string\"}}],\"inLanguage\":\"fr-FR\"},{\"@type\":\"Organization\",\"@id\":\"https:\/\/tourtravelandmore.com\/fr\/#organization\",\"name\":\"Tour Travel And More\",\"url\":\"https:\/\/tourtravelandmore.com\/fr\/\",\"logo\":{\"@type\":\"ImageObject\",\"inLanguage\":\"fr-FR\",\"@id\":\"https:\/\/tourtravelandmore.com\/fr\/#\/schema\/logo\/image\/\",\"url\":\"https:\/\/tourtravelandmore.com\/wp-content\/uploads\/2022\/12\/cropped-logo-cabecera-new.png\",\"contentUrl\":\"https:\/\/tourtravelandmore.com\/wp-content\/uploads\/2022\/12\/cropped-logo-cabecera-new.png\",\"width\":430,\"height\":61,\"caption\":\"Tour Travel And More\"},\"image\":{\"@id\":\"https:\/\/tourtravelandmore.com\/fr\/#\/schema\/logo\/image\/\"},\"sameAs\":[\"https:\/\/www.facebook.com\/tourtravelandmore\/\",\"https:\/\/x.com\/TourTravel_More\"]}]}<\/script>\n<!-- \/ Yoast SEO Premium plugin. -->","yoast_head_json":{"title":"Private Melilla Tour - Guide officiel et v\u00e9hicule avec chauffeur","description":"Profitez de cette visite priv\u00e9e de Melilla dans votre v\u00e9hicule de luxe priv\u00e9, avec un guide officiel priv\u00e9 et visitez les lieux les plus importants.","robots":{"index":"index","follow":"follow","max-snippet":"max-snippet:-1","max-image-preview":"max-image-preview:large","max-video-preview":"max-video-preview:-1"},"canonical":"https:\/\/tourtravelandmore.com\/fr\/tours\/espagne-fr\/melilla-fr\/visite-privee-de-melilla\/","og_locale":"fr_FR","og_type":"article","og_title":"Visite priv\u00e9e de Melilla","og_description":"Profitez de cette visite priv\u00e9e de Melilla dans votre v\u00e9hicule de luxe priv\u00e9, avec un guide officiel priv\u00e9 et visitez les lieux les plus importants.","og_url":"https:\/\/tourtravelandmore.com\/fr\/tours\/espagne-fr\/melilla-fr\/visite-privee-de-melilla\/","og_site_name":"Tour Travel And More","article_publisher":"https:\/\/www.facebook.com\/tourtravelandmore\/","og_image":[{"width":960,"height":640,"url":"https:\/\/tourtravelandmore.com\/wp-content\/uploads\/2020\/05\/melilla-5-1.jpg","type":"image\/jpeg"}],"twitter_card":"summary_large_image","twitter_site":"@TourTravel_More","twitter_misc":{"Dur\u00e9e de lecture estim\u00e9e":"3 minutes"},"schema":{"@context":"https:\/\/schema.org","@graph":[{"@type":"WebPage","@id":"https:\/\/tourtravelandmore.com\/fr\/tours\/espagne-fr\/melilla-fr\/visite-privee-de-melilla\/","url":"https:\/\/tourtravelandmore.com\/fr\/tours\/espagne-fr\/melilla-fr\/visite-privee-de-melilla\/","name":"Private Melilla Tour - Guide officiel et v\u00e9hicule avec chauffeur","isPartOf":{"@id":"https:\/\/tourtravelandmore.com\/fr\/#website"},"primaryImageOfPage":{"@id":"https:\/\/tourtravelandmore.com\/fr\/tours\/espagne-fr\/melilla-fr\/visite-privee-de-melilla\/#primaryimage"},"image":{"@id":"https:\/\/tourtravelandmore.com\/fr\/tours\/espagne-fr\/melilla-fr\/visite-privee-de-melilla\/#primaryimage"},"thumbnailUrl":"https:\/\/tourtravelandmore.com\/wp-content\/uploads\/2020\/05\/melilla-5-1.jpg","datePublished":"2020-05-26T08:30:58+00:00","description":"Profitez de cette visite priv\u00e9e de Melilla dans votre v\u00e9hicule de luxe priv\u00e9, avec un guide officiel priv\u00e9 et visitez les lieux les plus importants.","breadcrumb":{"@id":"https:\/\/tourtravelandmore.com\/fr\/tours\/espagne-fr\/melilla-fr\/visite-privee-de-melilla\/#breadcrumb"},"inLanguage":"fr-FR","potentialAction":[{"@type":"ReadAction","target":["https:\/\/tourtravelandmore.com\/fr\/tours\/espagne-fr\/melilla-fr\/visite-privee-de-melilla\/"]}]},{"@type":"ImageObject","inLanguage":"fr-FR","@id":"https:\/\/tourtravelandmore.com\/fr\/tours\/espagne-fr\/melilla-fr\/visite-privee-de-melilla\/#primaryimage","url":"https:\/\/tourtravelandmore.com\/wp-content\/uploads\/2020\/05\/melilla-5-1.jpg","contentUrl":"https:\/\/tourtravelandmore.com\/wp-content\/uploads\/2020\/05\/melilla-5-1.jpg","width":960,"height":640},{"@type":"BreadcrumbList","@id":"https:\/\/tourtravelandmore.com\/fr\/tours\/espagne-fr\/melilla-fr\/visite-privee-de-melilla\/#breadcrumb","itemListElement":[{"@type":"ListItem","position":1,"name":"Home","item":"https:\/\/tourtravelandmore.com\/fr\/"},{"@type":"ListItem","position":2,"name":"Tours","item":"https:\/\/tourtravelandmore.com\/fr\/tours\/"},{"@type":"ListItem","position":3,"name":"Visite priv\u00e9e de Melilla"}]},{"@type":"WebSite","@id":"https:\/\/tourtravelandmore.com\/fr\/#website","url":"https:\/\/tourtravelandmore.com\/fr\/","name":"Tour Travel And More","description":"Private sightseeing tours and luxury transfers in Spain","publisher":{"@id":"https:\/\/tourtravelandmore.com\/fr\/#organization"},"potentialAction":[{"@type":"SearchAction","target":{"@type":"EntryPoint","urlTemplate":"https:\/\/tourtravelandmore.com\/fr\/?s={search_term_string}"},"query-input":{"@type":"PropertyValueSpecification","valueRequired":true,"valueName":"search_term_string"}}],"inLanguage":"fr-FR"},{"@type":"Organization","@id":"https:\/\/tourtravelandmore.com\/fr\/#organization","name":"Tour Travel And More","url":"https:\/\/tourtravelandmore.com\/fr\/","logo":{"@type":"ImageObject","inLanguage":"fr-FR","@id":"https:\/\/tourtravelandmore.com\/fr\/#\/schema\/logo\/image\/","url":"https:\/\/tourtravelandmore.com\/wp-content\/uploads\/2022\/12\/cropped-logo-cabecera-new.png","contentUrl":"https:\/\/tourtravelandmore.com\/wp-content\/uploads\/2022\/12\/cropped-logo-cabecera-new.png","width":430,"height":61,"caption":"Tour Travel And More"},"image":{"@id":"https:\/\/tourtravelandmore.com\/fr\/#\/schema\/logo\/image\/"},"sameAs":["https:\/\/www.facebook.com\/tourtravelandmore\/","https:\/\/x.com\/TourTravel_More"]}]}},"_links":{"self":[{"href":"https:\/\/tourtravelandmore.com\/fr\/wp-json\/wp\/v2\/product\/99497","targetHints":{"allow":["GET"]}}],"collection":[{"href":"https:\/\/tourtravelandmore.com\/fr\/wp-json\/wp\/v2\/product"}],"about":[{"href":"https:\/\/tourtravelandmore.com\/fr\/wp-json\/wp\/v2\/types\/product"}],"replies":[{"embeddable":true,"href":"https:\/\/tourtravelandmore.com\/fr\/wp-json\/wp\/v2\/comments?post=99497"}],"wp:featuredmedia":[{"embeddable":true,"href":"https:\/\/tourtravelandmore.com\/fr\/wp-json\/wp\/v2\/media\/97629"}],"wp:attachment":[{"href":"https:\/\/tourtravelandmore.com\/fr\/wp-json\/wp\/v2\/media?parent=99497"}],"wp:term":[{"taxonomy":"product_brand","embeddable":true,"href":"https:\/\/tourtravelandmore.com\/fr\/wp-json\/wp\/v2\/product_brand?post=99497"},{"taxonomy":"product_cat","embeddable":true,"href":"https:\/\/tourtravelandmore.com\/fr\/wp-json\/wp\/v2\/product_cat?post=99497"},{"taxonomy":"product_tag","embeddable":true,"href":"https:\/\/tourtravelandmore.com\/fr\/wp-json\/wp\/v2\/product_tag?post=99497"}],"curies":[{"name":"wp","href":"https:\/\/api.w.org\/{rel}","templated":true}]}}