{"id":99492,"date":"2020-05-26T09:47:46","date_gmt":"2020-05-26T07:47:46","guid":{"rendered":"https:\/\/tourtravelandmore.com\/tours\/non class\u00e9\/visite-privee-de-nador-et-du-mont-gurugu-au-depart-de-melilla\/"},"modified":"2020-05-26T09:47:46","modified_gmt":"2020-05-26T07:47:46","slug":"visite-privee-de-nador-et-du-mont-gurugu-au-depart-de-melilla","status":"publish","type":"product","link":"https:\/\/tourtravelandmore.com\/fr\/tours\/espagne-fr\/melilla-fr\/visite-privee-de-nador-et-du-mont-gurugu-au-depart-de-melilla\/","title":{"rendered":"Visite priv\u00e9e de Nador et du mont Gurug\u00fa au d\u00e9part de Melilla"},"content":{"rendered":"<h2>Description<\/h2>\n<p>Si vous recherchez une vraie aventure, c&#8217;est le circuit parfait pour vous. Notre visite priv\u00e9e de Nador et du mont Gurug\u00fa au d\u00e9part de Melilla vous fera vivre une exp\u00e9rience unique.<\/p>\n<p>Profitez de cette excursion priv\u00e9e \u00e0 Nador et au mont Gurug\u00fa depuis votre h\u00f4tel ou le port de croisi\u00e8re de Melilla. C&#8217;est une exp\u00e9rience confortable avec votre v\u00e9hicule de luxe priv\u00e9.<\/p>\n<p>Le Mont Gurug\u00fa C&#8217;est le point culminant du cap Tres Forcas. Il se trouve sur la c\u00f4te nord du Maroc et fait respectivement partie de la cha\u00eene de montagnes de Nador.<\/p>\n<p>Le Gurug\u00fa est un volcan \u00e9teint. Il a une altitude d&#8217;environ 890 m\u00e8tres et dans son sommet, o\u00f9 se trouvent les ruines de quelques forts espagnols. Le Gurug\u00fa offre des vues spectaculaires sur la ville espagnole de Melilla, Nador et la grande lagune connue sous le nom de \u00abMar Chica\u00bb.<\/p>\n<p>Nador, au Maroc, c&#8217;est une ville du Rif. C&#8217;est la capitale de la province du m\u00eame nom, situ\u00e9e \u00e0 environ 15 kilom\u00e8tres au sud de la ville espagnole de Melilla au bord de la \u00abMar Chica\u00bb.<\/p>\n<p>Nador est une ville moderne, capitale d&#8217;une r\u00e9gion en plein d\u00e9veloppement agricole et industriel. Son port, Nador Beni-Enzar, constitue le d\u00e9bouch\u00e9 naturel de l&#8217;est du Maroc.<\/p>\n<p>Enfin, cette visite priv\u00e9e de Nador et du mont Gurug\u00fa au d\u00e9part de Melilla vous emm\u00e8nera admirer la vue imprenable sur le mont et l&#8217;histoire de Nador. Ne manquez pas cette chance avec votre chauffeur priv\u00e9 et votre guide officiel qui seront \u00e0 votre disposition pendant tout le tour.<\/p>\n<h2>Sites d&#8217;int\u00e9r\u00eat et monuments<\/h2>\n<p>Votre chauffeur priv\u00e9 et votre guide officiel viendront vous chercher \u00e0 votre h\u00f4tel \u00e0 Melilla ou au port de croisi\u00e8re de Melilla \u00e0 l&#8217;heure souhait\u00e9e. Vous profiterez d&#8217;une visite priv\u00e9e de 5 heures dans un v\u00e9hicule de luxe.<\/p>\n<p>Tout d&#8217;abord, nous nous dirigeons vers la fronti\u00e8re de Beni Enzar pour effectuer les formalit\u00e9s douani\u00e8res et commencer l&#8217;excursion.<\/p>\n<p>Apr\u00e8s quelques minutes, nous atteindrons le sommet du mont Gurug\u00fa. Ici, votre guide vous expliquera l&#8217;histoire et la nature du volcan. Bien s\u00fbr, vous aurez du temps libre pour admirer et prendre quelques photos de la vue panoramique de Melilla et Nador. Nador sera notre prochaine destination.<\/p>\n<p>Deuxi\u00e8mement, nous arrivons \u00e0 Nador, nous visiterons son centre historique o\u00f9 se trouve la mosqu\u00e9e Hassan II, situ\u00e9e sur l&#8217;avenue Tanger, large avec des jardins, construite sur les voies ferr\u00e9es mini\u00e8res. Ensuite, nous continuerons vers la nouvelle promenade, \u00abLa Corniche de Nador\u00bb, elle s&#8217;\u00e9tend au nord \u00e0 c\u00f4t\u00e9 du parc de la Corniche, le consulat espagnol, l&#8217;Institut espagnol Lope de Vega, la petite marina, le cimeti\u00e8re musulman, le Sidi Ali marabout et le nouveau Tirekka.<\/p>\n<p>Direction sud \u00e0 travers les vieux souks et le march\u00e9, aujourd&#8217;hui un centre commercial, se terminant \u00e0 Nador Jadid.<\/p>\n<p>Enfin, de retour \u00e0 Melilla, vous aurez du temps libre pour faire du shopping \u00e0 \u00abZoco\u00bb.<\/p>\n<p>Consultez nos visites et activit\u00e9s priv\u00e9es que nous proposons \u00e0 Tour Travel &amp; More! Nous pouvons venir vous chercher dans n&#8217;importe quel port de croisi\u00e8re ou ville!<\/p>\n","protected":false},"excerpt":{"rendered":"<p>Profitez de cette visite priv\u00e9e de Nador et du mont Gurug\u00fa au d\u00e9part de Melilla dans votre v\u00e9hicule de luxe priv\u00e9 avec un guide officiel priv\u00e9. D\u00e9couvrez ces lieux uniques au cours d&#8217;une visite d&#8217;une demi-journ\u00e9e, 5 heures!<\/p>\n","protected":false},"featured_media":97623,"comment_status":"open","ping_status":"closed","template":"","meta":{"_acf_changed":false},"product_brand":[],"product_cat":[3584],"product_tag":[],"class_list":{"0":"post-99492","1":"product","2":"type-product","3":"status-publish","4":"has-post-thumbnail","6":"product_cat-melilla-fr","8":"first","9":"instock","10":"shipping-taxable","11":"purchasable","12":"product-type-simple"},"acf":[],"yoast_head":"<!-- This site is optimized with the Yoast SEO Premium plugin v25.3.1 (Yoast SEO v25.3.1) - https:\/\/yoast.com\/wordpress\/plugins\/seo\/ -->\n<title>Visite priv\u00e9e de Nador et du mont Gurug\u00fa au d\u00e9part de Melilla<\/title>\n<meta name=\"description\" content=\"Profitez de cette visite priv\u00e9e de Nador et du mont Gurug\u00fa au d\u00e9part de Melilla dans votre v\u00e9hicule de luxe priv\u00e9 avec un guide officiel priv\u00e9.\" \/>\n<meta name=\"robots\" content=\"index, follow, max-snippet:-1, max-image-preview:large, max-video-preview:-1\" \/>\n<link rel=\"canonical\" href=\"https:\/\/tourtravelandmore.com\/fr\/tours\/espagne-fr\/melilla-fr\/visite-privee-de-nador-et-du-mont-gurugu-au-depart-de-melilla\/\" \/>\n<meta property=\"og:locale\" content=\"fr_FR\" \/>\n<meta property=\"og:type\" content=\"article\" \/>\n<meta property=\"og:title\" content=\"Visite priv\u00e9e de Nador et du mont Gurug\u00fa au d\u00e9part de Melilla\" \/>\n<meta property=\"og:description\" content=\"Profitez de cette visite priv\u00e9e de Nador et du mont Gurug\u00fa au d\u00e9part de Melilla dans votre v\u00e9hicule de luxe priv\u00e9 avec un guide officiel priv\u00e9.\" \/>\n<meta property=\"og:url\" content=\"https:\/\/tourtravelandmore.com\/fr\/tours\/espagne-fr\/melilla-fr\/visite-privee-de-nador-et-du-mont-gurugu-au-depart-de-melilla\/\" \/>\n<meta property=\"og:site_name\" content=\"Tour Travel And More\" \/>\n<meta property=\"article:publisher\" content=\"https:\/\/www.facebook.com\/tourtravelandmore\/\" \/>\n<meta property=\"og:image\" content=\"https:\/\/tourtravelandmore.com\/wp-content\/uploads\/2020\/05\/nador-1-scaled.jpg\" \/>\n\t<meta property=\"og:image:width\" content=\"2560\" \/>\n\t<meta property=\"og:image:height\" content=\"1920\" \/>\n\t<meta property=\"og:image:type\" content=\"image\/jpeg\" \/>\n<meta name=\"twitter:card\" content=\"summary_large_image\" \/>\n<meta name=\"twitter:site\" content=\"@TourTravel_More\" \/>\n<meta name=\"twitter:label1\" content=\"Dur\u00e9e de lecture estim\u00e9e\" \/>\n\t<meta name=\"twitter:data1\" content=\"3 minutes\" \/>\n<script type=\"application\/ld+json\" class=\"yoast-schema-graph\">{\"@context\":\"https:\/\/schema.org\",\"@graph\":[{\"@type\":\"WebPage\",\"@id\":\"https:\/\/tourtravelandmore.com\/fr\/tours\/espagne-fr\/melilla-fr\/visite-privee-de-nador-et-du-mont-gurugu-au-depart-de-melilla\/\",\"url\":\"https:\/\/tourtravelandmore.com\/fr\/tours\/espagne-fr\/melilla-fr\/visite-privee-de-nador-et-du-mont-gurugu-au-depart-de-melilla\/\",\"name\":\"Visite priv\u00e9e de Nador et du mont Gurug\u00fa au d\u00e9part de Melilla\",\"isPartOf\":{\"@id\":\"https:\/\/tourtravelandmore.com\/fr\/#website\"},\"primaryImageOfPage\":{\"@id\":\"https:\/\/tourtravelandmore.com\/fr\/tours\/espagne-fr\/melilla-fr\/visite-privee-de-nador-et-du-mont-gurugu-au-depart-de-melilla\/#primaryimage\"},\"image\":{\"@id\":\"https:\/\/tourtravelandmore.com\/fr\/tours\/espagne-fr\/melilla-fr\/visite-privee-de-nador-et-du-mont-gurugu-au-depart-de-melilla\/#primaryimage\"},\"thumbnailUrl\":\"https:\/\/tourtravelandmore.com\/wp-content\/uploads\/2020\/05\/nador-1-scaled.jpg\",\"datePublished\":\"2020-05-26T07:47:46+00:00\",\"description\":\"Profitez de cette visite priv\u00e9e de Nador et du mont Gurug\u00fa au d\u00e9part de Melilla dans votre v\u00e9hicule de luxe priv\u00e9 avec un guide officiel priv\u00e9.\",\"breadcrumb\":{\"@id\":\"https:\/\/tourtravelandmore.com\/fr\/tours\/espagne-fr\/melilla-fr\/visite-privee-de-nador-et-du-mont-gurugu-au-depart-de-melilla\/#breadcrumb\"},\"inLanguage\":\"fr-FR\",\"potentialAction\":[{\"@type\":\"ReadAction\",\"target\":[\"https:\/\/tourtravelandmore.com\/fr\/tours\/espagne-fr\/melilla-fr\/visite-privee-de-nador-et-du-mont-gurugu-au-depart-de-melilla\/\"]}]},{\"@type\":\"ImageObject\",\"inLanguage\":\"fr-FR\",\"@id\":\"https:\/\/tourtravelandmore.com\/fr\/tours\/espagne-fr\/melilla-fr\/visite-privee-de-nador-et-du-mont-gurugu-au-depart-de-melilla\/#primaryimage\",\"url\":\"https:\/\/tourtravelandmore.com\/wp-content\/uploads\/2020\/05\/nador-1-scaled.jpg\",\"contentUrl\":\"https:\/\/tourtravelandmore.com\/wp-content\/uploads\/2020\/05\/nador-1-scaled.jpg\",\"width\":2560,\"height\":1920},{\"@type\":\"BreadcrumbList\",\"@id\":\"https:\/\/tourtravelandmore.com\/fr\/tours\/espagne-fr\/melilla-fr\/visite-privee-de-nador-et-du-mont-gurugu-au-depart-de-melilla\/#breadcrumb\",\"itemListElement\":[{\"@type\":\"ListItem\",\"position\":1,\"name\":\"Home\",\"item\":\"https:\/\/tourtravelandmore.com\/fr\/\"},{\"@type\":\"ListItem\",\"position\":2,\"name\":\"Tours\",\"item\":\"https:\/\/tourtravelandmore.com\/fr\/tours\/\"},{\"@type\":\"ListItem\",\"position\":3,\"name\":\"Visite priv\u00e9e de Nador et du mont Gurug\u00fa au d\u00e9part de Melilla\"}]},{\"@type\":\"WebSite\",\"@id\":\"https:\/\/tourtravelandmore.com\/fr\/#website\",\"url\":\"https:\/\/tourtravelandmore.com\/fr\/\",\"name\":\"Tour Travel And More\",\"description\":\"Private sightseeing tours and luxury transfers in Spain\",\"publisher\":{\"@id\":\"https:\/\/tourtravelandmore.com\/fr\/#organization\"},\"potentialAction\":[{\"@type\":\"SearchAction\",\"target\":{\"@type\":\"EntryPoint\",\"urlTemplate\":\"https:\/\/tourtravelandmore.com\/fr\/?s={search_term_string}\"},\"query-input\":{\"@type\":\"PropertyValueSpecification\",\"valueRequired\":true,\"valueName\":\"search_term_string\"}}],\"inLanguage\":\"fr-FR\"},{\"@type\":\"Organization\",\"@id\":\"https:\/\/tourtravelandmore.com\/fr\/#organization\",\"name\":\"Tour Travel And More\",\"url\":\"https:\/\/tourtravelandmore.com\/fr\/\",\"logo\":{\"@type\":\"ImageObject\",\"inLanguage\":\"fr-FR\",\"@id\":\"https:\/\/tourtravelandmore.com\/fr\/#\/schema\/logo\/image\/\",\"url\":\"https:\/\/tourtravelandmore.com\/wp-content\/uploads\/2022\/12\/cropped-logo-cabecera-new.png\",\"contentUrl\":\"https:\/\/tourtravelandmore.com\/wp-content\/uploads\/2022\/12\/cropped-logo-cabecera-new.png\",\"width\":430,\"height\":61,\"caption\":\"Tour Travel And More\"},\"image\":{\"@id\":\"https:\/\/tourtravelandmore.com\/fr\/#\/schema\/logo\/image\/\"},\"sameAs\":[\"https:\/\/www.facebook.com\/tourtravelandmore\/\",\"https:\/\/x.com\/TourTravel_More\"]}]}<\/script>\n<!-- \/ Yoast SEO Premium plugin. -->","yoast_head_json":{"title":"Visite priv\u00e9e de Nador et du mont Gurug\u00fa au d\u00e9part de Melilla","description":"Profitez de cette visite priv\u00e9e de Nador et du mont Gurug\u00fa au d\u00e9part de Melilla dans votre v\u00e9hicule de luxe priv\u00e9 avec un guide officiel priv\u00e9.","robots":{"index":"index","follow":"follow","max-snippet":"max-snippet:-1","max-image-preview":"max-image-preview:large","max-video-preview":"max-video-preview:-1"},"canonical":"https:\/\/tourtravelandmore.com\/fr\/tours\/espagne-fr\/melilla-fr\/visite-privee-de-nador-et-du-mont-gurugu-au-depart-de-melilla\/","og_locale":"fr_FR","og_type":"article","og_title":"Visite priv\u00e9e de Nador et du mont Gurug\u00fa au d\u00e9part de Melilla","og_description":"Profitez de cette visite priv\u00e9e de Nador et du mont Gurug\u00fa au d\u00e9part de Melilla dans votre v\u00e9hicule de luxe priv\u00e9 avec un guide officiel priv\u00e9.","og_url":"https:\/\/tourtravelandmore.com\/fr\/tours\/espagne-fr\/melilla-fr\/visite-privee-de-nador-et-du-mont-gurugu-au-depart-de-melilla\/","og_site_name":"Tour Travel And More","article_publisher":"https:\/\/www.facebook.com\/tourtravelandmore\/","og_image":[{"width":2560,"height":1920,"url":"https:\/\/tourtravelandmore.com\/wp-content\/uploads\/2020\/05\/nador-1-scaled.jpg","type":"image\/jpeg"}],"twitter_card":"summary_large_image","twitter_site":"@TourTravel_More","twitter_misc":{"Dur\u00e9e de lecture estim\u00e9e":"3 minutes"},"schema":{"@context":"https:\/\/schema.org","@graph":[{"@type":"WebPage","@id":"https:\/\/tourtravelandmore.com\/fr\/tours\/espagne-fr\/melilla-fr\/visite-privee-de-nador-et-du-mont-gurugu-au-depart-de-melilla\/","url":"https:\/\/tourtravelandmore.com\/fr\/tours\/espagne-fr\/melilla-fr\/visite-privee-de-nador-et-du-mont-gurugu-au-depart-de-melilla\/","name":"Visite priv\u00e9e de Nador et du mont Gurug\u00fa au d\u00e9part de Melilla","isPartOf":{"@id":"https:\/\/tourtravelandmore.com\/fr\/#website"},"primaryImageOfPage":{"@id":"https:\/\/tourtravelandmore.com\/fr\/tours\/espagne-fr\/melilla-fr\/visite-privee-de-nador-et-du-mont-gurugu-au-depart-de-melilla\/#primaryimage"},"image":{"@id":"https:\/\/tourtravelandmore.com\/fr\/tours\/espagne-fr\/melilla-fr\/visite-privee-de-nador-et-du-mont-gurugu-au-depart-de-melilla\/#primaryimage"},"thumbnailUrl":"https:\/\/tourtravelandmore.com\/wp-content\/uploads\/2020\/05\/nador-1-scaled.jpg","datePublished":"2020-05-26T07:47:46+00:00","description":"Profitez de cette visite priv\u00e9e de Nador et du mont Gurug\u00fa au d\u00e9part de Melilla dans votre v\u00e9hicule de luxe priv\u00e9 avec un guide officiel priv\u00e9.","breadcrumb":{"@id":"https:\/\/tourtravelandmore.com\/fr\/tours\/espagne-fr\/melilla-fr\/visite-privee-de-nador-et-du-mont-gurugu-au-depart-de-melilla\/#breadcrumb"},"inLanguage":"fr-FR","potentialAction":[{"@type":"ReadAction","target":["https:\/\/tourtravelandmore.com\/fr\/tours\/espagne-fr\/melilla-fr\/visite-privee-de-nador-et-du-mont-gurugu-au-depart-de-melilla\/"]}]},{"@type":"ImageObject","inLanguage":"fr-FR","@id":"https:\/\/tourtravelandmore.com\/fr\/tours\/espagne-fr\/melilla-fr\/visite-privee-de-nador-et-du-mont-gurugu-au-depart-de-melilla\/#primaryimage","url":"https:\/\/tourtravelandmore.com\/wp-content\/uploads\/2020\/05\/nador-1-scaled.jpg","contentUrl":"https:\/\/tourtravelandmore.com\/wp-content\/uploads\/2020\/05\/nador-1-scaled.jpg","width":2560,"height":1920},{"@type":"BreadcrumbList","@id":"https:\/\/tourtravelandmore.com\/fr\/tours\/espagne-fr\/melilla-fr\/visite-privee-de-nador-et-du-mont-gurugu-au-depart-de-melilla\/#breadcrumb","itemListElement":[{"@type":"ListItem","position":1,"name":"Home","item":"https:\/\/tourtravelandmore.com\/fr\/"},{"@type":"ListItem","position":2,"name":"Tours","item":"https:\/\/tourtravelandmore.com\/fr\/tours\/"},{"@type":"ListItem","position":3,"name":"Visite priv\u00e9e de Nador et du mont Gurug\u00fa au d\u00e9part de Melilla"}]},{"@type":"WebSite","@id":"https:\/\/tourtravelandmore.com\/fr\/#website","url":"https:\/\/tourtravelandmore.com\/fr\/","name":"Tour Travel And More","description":"Private sightseeing tours and luxury transfers in Spain","publisher":{"@id":"https:\/\/tourtravelandmore.com\/fr\/#organization"},"potentialAction":[{"@type":"SearchAction","target":{"@type":"EntryPoint","urlTemplate":"https:\/\/tourtravelandmore.com\/fr\/?s={search_term_string}"},"query-input":{"@type":"PropertyValueSpecification","valueRequired":true,"valueName":"search_term_string"}}],"inLanguage":"fr-FR"},{"@type":"Organization","@id":"https:\/\/tourtravelandmore.com\/fr\/#organization","name":"Tour Travel And More","url":"https:\/\/tourtravelandmore.com\/fr\/","logo":{"@type":"ImageObject","inLanguage":"fr-FR","@id":"https:\/\/tourtravelandmore.com\/fr\/#\/schema\/logo\/image\/","url":"https:\/\/tourtravelandmore.com\/wp-content\/uploads\/2022\/12\/cropped-logo-cabecera-new.png","contentUrl":"https:\/\/tourtravelandmore.com\/wp-content\/uploads\/2022\/12\/cropped-logo-cabecera-new.png","width":430,"height":61,"caption":"Tour Travel And More"},"image":{"@id":"https:\/\/tourtravelandmore.com\/fr\/#\/schema\/logo\/image\/"},"sameAs":["https:\/\/www.facebook.com\/tourtravelandmore\/","https:\/\/x.com\/TourTravel_More"]}]}},"_links":{"self":[{"href":"https:\/\/tourtravelandmore.com\/fr\/wp-json\/wp\/v2\/product\/99492","targetHints":{"allow":["GET"]}}],"collection":[{"href":"https:\/\/tourtravelandmore.com\/fr\/wp-json\/wp\/v2\/product"}],"about":[{"href":"https:\/\/tourtravelandmore.com\/fr\/wp-json\/wp\/v2\/types\/product"}],"replies":[{"embeddable":true,"href":"https:\/\/tourtravelandmore.com\/fr\/wp-json\/wp\/v2\/comments?post=99492"}],"wp:featuredmedia":[{"embeddable":true,"href":"https:\/\/tourtravelandmore.com\/fr\/wp-json\/wp\/v2\/media\/97623"}],"wp:attachment":[{"href":"https:\/\/tourtravelandmore.com\/fr\/wp-json\/wp\/v2\/media?parent=99492"}],"wp:term":[{"taxonomy":"product_brand","embeddable":true,"href":"https:\/\/tourtravelandmore.com\/fr\/wp-json\/wp\/v2\/product_brand?post=99492"},{"taxonomy":"product_cat","embeddable":true,"href":"https:\/\/tourtravelandmore.com\/fr\/wp-json\/wp\/v2\/product_cat?post=99492"},{"taxonomy":"product_tag","embeddable":true,"href":"https:\/\/tourtravelandmore.com\/fr\/wp-json\/wp\/v2\/product_tag?post=99492"}],"curies":[{"name":"wp","href":"https:\/\/api.w.org\/{rel}","templated":true}]}}