{"id":99487,"date":"2020-05-26T09:18:22","date_gmt":"2020-05-26T07:18:22","guid":{"rendered":"https:\/\/tourtravelandmore.com\/tours\/non class\u00e9\/visite-privee-a-pied-de-melilla\/"},"modified":"2020-05-26T09:18:22","modified_gmt":"2020-05-26T07:18:22","slug":"visite-privee-a-pied-de-melilla","status":"publish","type":"product","link":"https:\/\/tourtravelandmore.com\/fr\/tours\/espagne-fr\/melilla-fr\/visite-privee-a-pied-de-melilla\/","title":{"rendered":"Visite priv\u00e9e \u00e0 pied de Melilla"},"content":{"rendered":"<h2>Description<\/h2>\n<p>Avec cette visite priv\u00e9e \u00e0 pied de Melilla avec votre propre guide officiel, d\u00e9couvrez l&#8217;histoire et l&#8217;architecture de Melilla. Si vous \u00e9tiez int\u00e9ress\u00e9 \u00e0 vous promener dans ses rues, c&#8217;est la visite parfaite pour vous !.<\/p>\n<p>Melilla c&#8217;est une ville espagnole autonome situ\u00e9e en Afrique du Nord. Il est situ\u00e9 sur les rives de la mer M\u00e9diterran\u00e9e. La ville re\u00e7oit chaque jour une importante population flottante, principalement de la province marocaine de Nador.<\/p>\n<p>Melilla poss\u00e8de \u00e9galement de belles et longues plages. Ainsi que quelques paysages fascinants tels que les Cortados de Aguad\u00fa. Tout cela fait de votre s\u00e9jour \u00e0 Melilla une vraie surprise !.<\/p>\n<p>Melilla, comme Ceuta et les \u00eeles Canaries, a \u00e9t\u00e9 class\u00e9e comme port franc avant l&#8217;adh\u00e9sion de l&#8217;Espagne \u00e0 l&#8217;Union europ\u00e9enne. Sa population se compose de chr\u00e9tiens, de musulmans et de petites minorit\u00e9s de juifs s\u00e9farades et de sindhi hindous.<\/p>\n<p>Profitez de cette visite priv\u00e9e \u00e0 pied de Melilla pour une exp\u00e9rience unique avec votre guide officiel.<\/p>\n<h2>Sites d&#8217;int\u00e9r\u00eat et monuments<\/h2>\n<p>Tout d&#8217;abord, votre visite commencera sur la \u00abPlaza Espa\u00f1a\u00bb (Place d&#8217;Espagne). Si votre h\u00f4tel est situ\u00e9 au centre \u00e0 une distance de marche \u00e0 l&#8217;heure souhait\u00e9e.<\/p>\n<p>Cette visite est sp\u00e9cialis\u00e9e dans l&#8217;ancienne Melilla. Nous passerons d&#8217;abord la porte de la marina et nous sommes imm\u00e9diatement arriv\u00e9s \u00e0 la \u00abPlaza de los Aljibes\u00bb. C&#8217;est l&#8217;une des plus belles places que vous ayez \u00e0 voir dans le vieux Melilla. Ici se trouve une grande citerne de 13 m\u00e8tres de profondeur qui recueillait l&#8217;eau de pluie et \u00e9tait charg\u00e9e d&#8217;alimenter la vieille ville. Des deux c\u00f4t\u00e9s de la citerne, il y a deux d\u00e9canteurs s\u00e9par\u00e9s.<\/p>\n<p>Sur cette m\u00eame place et avec ses fa\u00e7ades face \u00e0 la rampe d&#8217;acc\u00e8s \u00e0 la \u00abPlaza de Estopi\u00f1\u00e1n\u00bb. Nous trouvons les \u00abAlmacenes de las Pe\u00f1uelas\u00bb. C&#8217;\u00e9tait un entrep\u00f4t militaire, comme plusieurs que nous trouverons au cours de notre promenade.<\/p>\n<p>\u00c0 Melilla, il existe de nombreux mus\u00e9es qui montrent l&#8217;histoire et les diff\u00e9rentes cultures qui ont aliment\u00e9 cette ville, certains d&#8217;entre eux sont: le mus\u00e9e d&#8217;histoire, le mus\u00e9e Sefard\u00ed et Amazigh, le mus\u00e9e espagnol d&#8217;art contemporain ou le mus\u00e9e Ib\u00e1nezd et le mus\u00e9e d&#8217;histoire militaire.<\/p>\n<p>Si vous souhaitez visiter l&#8217;un de ces mus\u00e9es, nous pouvons organiser l&#8217;entr\u00e9e des billets pour vous et votre groupe. Merci de nous le faire savoir!<br \/>\nContinuons votre visite priv\u00e9e \u00e0 pied!<\/p>\n<p>Ensuite, vous continuerez vers les grottes de Conventico. La v\u00e9rit\u00e9 est qu&#8217;il est surprenant de savoir que l&#8217;ancienne Melilla est compl\u00e8tement perc\u00e9e \u00e0 l&#8217;int\u00e9rieur, avec une multitude de tunnels, de coins et d&#8217;espaces. La visite nous emm\u00e8ne ensuite du haut du fort \u00e0 la plage de Trapana, l&#8217;une des plus belles \u00e0 voir \u00e0 Melilla.<\/p>\n<p>Nous terminerons notre visite en passant par la porte restaur\u00e9e de Santa Ana, qui surplombe la chapelle gothique de Santiago. \u00c0 propos, on dit que cette chapelle de Santiago est la seule chapelle gothique d&#8217;Afrique.<\/p>\n<p>Donc, si vous trouvez vraiment notre visite priv\u00e9e tr\u00e8s int\u00e9ressante, il vous suffit de nous contacter \u00e0 Tour Travel &amp; More et nous serons tr\u00e8s heureux de vous aider et d&#8217;adapter la visite \u00e0 vos besoins personnels.<\/p>\n<p>Jetez un \u0153il \u00e0 nos autres visites priv\u00e9es de Melilla \u00e0 partir d&#8217;ici!<\/p>\n","protected":false},"excerpt":{"rendered":"<p>Visite priv\u00e9e \u00e0 pied de Melilla. Profitez de cette occasion pour faire connaissance avec Melilla dans cette exp\u00e9rience unique. Guide touristique officiel priv\u00e9 \u00e0 votre disposition pour cette visite priv\u00e9e \u00e0 pied de 2 heures!<\/p>\n","protected":false},"featured_media":97617,"comment_status":"open","ping_status":"closed","template":"","meta":{"_acf_changed":false},"product_brand":[],"product_cat":[3584],"product_tag":[],"class_list":{"0":"post-99487","1":"product","2":"type-product","3":"status-publish","4":"has-post-thumbnail","6":"product_cat-melilla-fr","8":"first","9":"instock","10":"shipping-taxable","11":"purchasable","12":"product-type-simple"},"acf":[],"yoast_head":"<!-- This site is optimized with the Yoast SEO Premium plugin v25.3.1 (Yoast SEO v25.3.1) - https:\/\/yoast.com\/wordpress\/plugins\/seo\/ -->\n<title>Visite priv\u00e9e \u00e0 pied de Melilla - Guide touristique officiel priv\u00e9 pour vous<\/title>\n<meta name=\"description\" content=\"Visite priv\u00e9e \u00e0 pied de Melilla. Profitez de cette occasion pour faire connaissance avec Melilla dans cette exp\u00e9rience unique. Guide touristique officiel priv\u00e9 \u00e0 votre disposition.\" \/>\n<meta name=\"robots\" content=\"index, follow, max-snippet:-1, max-image-preview:large, max-video-preview:-1\" \/>\n<link rel=\"canonical\" href=\"https:\/\/tourtravelandmore.com\/fr\/tours\/espagne-fr\/melilla-fr\/visite-privee-a-pied-de-melilla\/\" \/>\n<meta property=\"og:locale\" content=\"fr_FR\" \/>\n<meta property=\"og:type\" content=\"article\" \/>\n<meta property=\"og:title\" content=\"Visite priv\u00e9e \u00e0 pied de Melilla\" \/>\n<meta property=\"og:description\" content=\"Visite priv\u00e9e \u00e0 pied de Melilla. Profitez de cette occasion pour faire connaissance avec Melilla dans cette exp\u00e9rience unique. Guide touristique officiel priv\u00e9 \u00e0 votre disposition.\" \/>\n<meta property=\"og:url\" content=\"https:\/\/tourtravelandmore.com\/fr\/tours\/espagne-fr\/melilla-fr\/visite-privee-a-pied-de-melilla\/\" \/>\n<meta property=\"og:site_name\" content=\"Tour Travel And More\" \/>\n<meta property=\"article:publisher\" content=\"https:\/\/www.facebook.com\/tourtravelandmore\/\" \/>\n<meta property=\"og:image\" content=\"https:\/\/tourtravelandmore.com\/wp-content\/uploads\/2020\/05\/melilla-1-scaled.jpg\" \/>\n\t<meta property=\"og:image:width\" content=\"2560\" \/>\n\t<meta property=\"og:image:height\" content=\"1533\" \/>\n\t<meta property=\"og:image:type\" content=\"image\/jpeg\" \/>\n<meta name=\"twitter:card\" content=\"summary_large_image\" \/>\n<meta name=\"twitter:site\" content=\"@TourTravel_More\" \/>\n<meta name=\"twitter:label1\" content=\"Dur\u00e9e de lecture estim\u00e9e\" \/>\n\t<meta name=\"twitter:data1\" content=\"3 minutes\" \/>\n<script type=\"application\/ld+json\" class=\"yoast-schema-graph\">{\"@context\":\"https:\/\/schema.org\",\"@graph\":[{\"@type\":\"WebPage\",\"@id\":\"https:\/\/tourtravelandmore.com\/fr\/tours\/espagne-fr\/melilla-fr\/visite-privee-a-pied-de-melilla\/\",\"url\":\"https:\/\/tourtravelandmore.com\/fr\/tours\/espagne-fr\/melilla-fr\/visite-privee-a-pied-de-melilla\/\",\"name\":\"Visite priv\u00e9e \u00e0 pied de Melilla - Guide touristique officiel priv\u00e9 pour vous\",\"isPartOf\":{\"@id\":\"https:\/\/tourtravelandmore.com\/fr\/#website\"},\"primaryImageOfPage\":{\"@id\":\"https:\/\/tourtravelandmore.com\/fr\/tours\/espagne-fr\/melilla-fr\/visite-privee-a-pied-de-melilla\/#primaryimage\"},\"image\":{\"@id\":\"https:\/\/tourtravelandmore.com\/fr\/tours\/espagne-fr\/melilla-fr\/visite-privee-a-pied-de-melilla\/#primaryimage\"},\"thumbnailUrl\":\"https:\/\/tourtravelandmore.com\/wp-content\/uploads\/2020\/05\/melilla-1-scaled.jpg\",\"datePublished\":\"2020-05-26T07:18:22+00:00\",\"description\":\"Visite priv\u00e9e \u00e0 pied de Melilla. Profitez de cette occasion pour faire connaissance avec Melilla dans cette exp\u00e9rience unique. Guide touristique officiel priv\u00e9 \u00e0 votre disposition.\",\"breadcrumb\":{\"@id\":\"https:\/\/tourtravelandmore.com\/fr\/tours\/espagne-fr\/melilla-fr\/visite-privee-a-pied-de-melilla\/#breadcrumb\"},\"inLanguage\":\"fr-FR\",\"potentialAction\":[{\"@type\":\"ReadAction\",\"target\":[\"https:\/\/tourtravelandmore.com\/fr\/tours\/espagne-fr\/melilla-fr\/visite-privee-a-pied-de-melilla\/\"]}]},{\"@type\":\"ImageObject\",\"inLanguage\":\"fr-FR\",\"@id\":\"https:\/\/tourtravelandmore.com\/fr\/tours\/espagne-fr\/melilla-fr\/visite-privee-a-pied-de-melilla\/#primaryimage\",\"url\":\"https:\/\/tourtravelandmore.com\/wp-content\/uploads\/2020\/05\/melilla-1-scaled.jpg\",\"contentUrl\":\"https:\/\/tourtravelandmore.com\/wp-content\/uploads\/2020\/05\/melilla-1-scaled.jpg\",\"width\":2560,\"height\":1533},{\"@type\":\"BreadcrumbList\",\"@id\":\"https:\/\/tourtravelandmore.com\/fr\/tours\/espagne-fr\/melilla-fr\/visite-privee-a-pied-de-melilla\/#breadcrumb\",\"itemListElement\":[{\"@type\":\"ListItem\",\"position\":1,\"name\":\"Home\",\"item\":\"https:\/\/tourtravelandmore.com\/fr\/\"},{\"@type\":\"ListItem\",\"position\":2,\"name\":\"Tours\",\"item\":\"https:\/\/tourtravelandmore.com\/fr\/tours\/\"},{\"@type\":\"ListItem\",\"position\":3,\"name\":\"Visite priv\u00e9e \u00e0 pied de Melilla\"}]},{\"@type\":\"WebSite\",\"@id\":\"https:\/\/tourtravelandmore.com\/fr\/#website\",\"url\":\"https:\/\/tourtravelandmore.com\/fr\/\",\"name\":\"Tour Travel And More\",\"description\":\"Private sightseeing tours and luxury transfers in Spain\",\"publisher\":{\"@id\":\"https:\/\/tourtravelandmore.com\/fr\/#organization\"},\"potentialAction\":[{\"@type\":\"SearchAction\",\"target\":{\"@type\":\"EntryPoint\",\"urlTemplate\":\"https:\/\/tourtravelandmore.com\/fr\/?s={search_term_string}\"},\"query-input\":{\"@type\":\"PropertyValueSpecification\",\"valueRequired\":true,\"valueName\":\"search_term_string\"}}],\"inLanguage\":\"fr-FR\"},{\"@type\":\"Organization\",\"@id\":\"https:\/\/tourtravelandmore.com\/fr\/#organization\",\"name\":\"Tour Travel And More\",\"url\":\"https:\/\/tourtravelandmore.com\/fr\/\",\"logo\":{\"@type\":\"ImageObject\",\"inLanguage\":\"fr-FR\",\"@id\":\"https:\/\/tourtravelandmore.com\/fr\/#\/schema\/logo\/image\/\",\"url\":\"https:\/\/tourtravelandmore.com\/wp-content\/uploads\/2022\/12\/cropped-logo-cabecera-new.png\",\"contentUrl\":\"https:\/\/tourtravelandmore.com\/wp-content\/uploads\/2022\/12\/cropped-logo-cabecera-new.png\",\"width\":430,\"height\":61,\"caption\":\"Tour Travel And More\"},\"image\":{\"@id\":\"https:\/\/tourtravelandmore.com\/fr\/#\/schema\/logo\/image\/\"},\"sameAs\":[\"https:\/\/www.facebook.com\/tourtravelandmore\/\",\"https:\/\/x.com\/TourTravel_More\"]}]}<\/script>\n<!-- \/ Yoast SEO Premium plugin. -->","yoast_head_json":{"title":"Visite priv\u00e9e \u00e0 pied de Melilla - Guide touristique officiel priv\u00e9 pour vous","description":"Visite priv\u00e9e \u00e0 pied de Melilla. Profitez de cette occasion pour faire connaissance avec Melilla dans cette exp\u00e9rience unique. Guide touristique officiel priv\u00e9 \u00e0 votre disposition.","robots":{"index":"index","follow":"follow","max-snippet":"max-snippet:-1","max-image-preview":"max-image-preview:large","max-video-preview":"max-video-preview:-1"},"canonical":"https:\/\/tourtravelandmore.com\/fr\/tours\/espagne-fr\/melilla-fr\/visite-privee-a-pied-de-melilla\/","og_locale":"fr_FR","og_type":"article","og_title":"Visite priv\u00e9e \u00e0 pied de Melilla","og_description":"Visite priv\u00e9e \u00e0 pied de Melilla. Profitez de cette occasion pour faire connaissance avec Melilla dans cette exp\u00e9rience unique. Guide touristique officiel priv\u00e9 \u00e0 votre disposition.","og_url":"https:\/\/tourtravelandmore.com\/fr\/tours\/espagne-fr\/melilla-fr\/visite-privee-a-pied-de-melilla\/","og_site_name":"Tour Travel And More","article_publisher":"https:\/\/www.facebook.com\/tourtravelandmore\/","og_image":[{"width":2560,"height":1533,"url":"https:\/\/tourtravelandmore.com\/wp-content\/uploads\/2020\/05\/melilla-1-scaled.jpg","type":"image\/jpeg"}],"twitter_card":"summary_large_image","twitter_site":"@TourTravel_More","twitter_misc":{"Dur\u00e9e de lecture estim\u00e9e":"3 minutes"},"schema":{"@context":"https:\/\/schema.org","@graph":[{"@type":"WebPage","@id":"https:\/\/tourtravelandmore.com\/fr\/tours\/espagne-fr\/melilla-fr\/visite-privee-a-pied-de-melilla\/","url":"https:\/\/tourtravelandmore.com\/fr\/tours\/espagne-fr\/melilla-fr\/visite-privee-a-pied-de-melilla\/","name":"Visite priv\u00e9e \u00e0 pied de Melilla - Guide touristique officiel priv\u00e9 pour vous","isPartOf":{"@id":"https:\/\/tourtravelandmore.com\/fr\/#website"},"primaryImageOfPage":{"@id":"https:\/\/tourtravelandmore.com\/fr\/tours\/espagne-fr\/melilla-fr\/visite-privee-a-pied-de-melilla\/#primaryimage"},"image":{"@id":"https:\/\/tourtravelandmore.com\/fr\/tours\/espagne-fr\/melilla-fr\/visite-privee-a-pied-de-melilla\/#primaryimage"},"thumbnailUrl":"https:\/\/tourtravelandmore.com\/wp-content\/uploads\/2020\/05\/melilla-1-scaled.jpg","datePublished":"2020-05-26T07:18:22+00:00","description":"Visite priv\u00e9e \u00e0 pied de Melilla. Profitez de cette occasion pour faire connaissance avec Melilla dans cette exp\u00e9rience unique. Guide touristique officiel priv\u00e9 \u00e0 votre disposition.","breadcrumb":{"@id":"https:\/\/tourtravelandmore.com\/fr\/tours\/espagne-fr\/melilla-fr\/visite-privee-a-pied-de-melilla\/#breadcrumb"},"inLanguage":"fr-FR","potentialAction":[{"@type":"ReadAction","target":["https:\/\/tourtravelandmore.com\/fr\/tours\/espagne-fr\/melilla-fr\/visite-privee-a-pied-de-melilla\/"]}]},{"@type":"ImageObject","inLanguage":"fr-FR","@id":"https:\/\/tourtravelandmore.com\/fr\/tours\/espagne-fr\/melilla-fr\/visite-privee-a-pied-de-melilla\/#primaryimage","url":"https:\/\/tourtravelandmore.com\/wp-content\/uploads\/2020\/05\/melilla-1-scaled.jpg","contentUrl":"https:\/\/tourtravelandmore.com\/wp-content\/uploads\/2020\/05\/melilla-1-scaled.jpg","width":2560,"height":1533},{"@type":"BreadcrumbList","@id":"https:\/\/tourtravelandmore.com\/fr\/tours\/espagne-fr\/melilla-fr\/visite-privee-a-pied-de-melilla\/#breadcrumb","itemListElement":[{"@type":"ListItem","position":1,"name":"Home","item":"https:\/\/tourtravelandmore.com\/fr\/"},{"@type":"ListItem","position":2,"name":"Tours","item":"https:\/\/tourtravelandmore.com\/fr\/tours\/"},{"@type":"ListItem","position":3,"name":"Visite priv\u00e9e \u00e0 pied de Melilla"}]},{"@type":"WebSite","@id":"https:\/\/tourtravelandmore.com\/fr\/#website","url":"https:\/\/tourtravelandmore.com\/fr\/","name":"Tour Travel And More","description":"Private sightseeing tours and luxury transfers in Spain","publisher":{"@id":"https:\/\/tourtravelandmore.com\/fr\/#organization"},"potentialAction":[{"@type":"SearchAction","target":{"@type":"EntryPoint","urlTemplate":"https:\/\/tourtravelandmore.com\/fr\/?s={search_term_string}"},"query-input":{"@type":"PropertyValueSpecification","valueRequired":true,"valueName":"search_term_string"}}],"inLanguage":"fr-FR"},{"@type":"Organization","@id":"https:\/\/tourtravelandmore.com\/fr\/#organization","name":"Tour Travel And More","url":"https:\/\/tourtravelandmore.com\/fr\/","logo":{"@type":"ImageObject","inLanguage":"fr-FR","@id":"https:\/\/tourtravelandmore.com\/fr\/#\/schema\/logo\/image\/","url":"https:\/\/tourtravelandmore.com\/wp-content\/uploads\/2022\/12\/cropped-logo-cabecera-new.png","contentUrl":"https:\/\/tourtravelandmore.com\/wp-content\/uploads\/2022\/12\/cropped-logo-cabecera-new.png","width":430,"height":61,"caption":"Tour Travel And More"},"image":{"@id":"https:\/\/tourtravelandmore.com\/fr\/#\/schema\/logo\/image\/"},"sameAs":["https:\/\/www.facebook.com\/tourtravelandmore\/","https:\/\/x.com\/TourTravel_More"]}]}},"_links":{"self":[{"href":"https:\/\/tourtravelandmore.com\/fr\/wp-json\/wp\/v2\/product\/99487","targetHints":{"allow":["GET"]}}],"collection":[{"href":"https:\/\/tourtravelandmore.com\/fr\/wp-json\/wp\/v2\/product"}],"about":[{"href":"https:\/\/tourtravelandmore.com\/fr\/wp-json\/wp\/v2\/types\/product"}],"replies":[{"embeddable":true,"href":"https:\/\/tourtravelandmore.com\/fr\/wp-json\/wp\/v2\/comments?post=99487"}],"wp:featuredmedia":[{"embeddable":true,"href":"https:\/\/tourtravelandmore.com\/fr\/wp-json\/wp\/v2\/media\/97617"}],"wp:attachment":[{"href":"https:\/\/tourtravelandmore.com\/fr\/wp-json\/wp\/v2\/media?parent=99487"}],"wp:term":[{"taxonomy":"product_brand","embeddable":true,"href":"https:\/\/tourtravelandmore.com\/fr\/wp-json\/wp\/v2\/product_brand?post=99487"},{"taxonomy":"product_cat","embeddable":true,"href":"https:\/\/tourtravelandmore.com\/fr\/wp-json\/wp\/v2\/product_cat?post=99487"},{"taxonomy":"product_tag","embeddable":true,"href":"https:\/\/tourtravelandmore.com\/fr\/wp-json\/wp\/v2\/product_tag?post=99487"}],"curies":[{"name":"wp","href":"https:\/\/api.w.org\/{rel}","templated":true}]}}