{"id":99482,"date":"2020-05-20T16:34:52","date_gmt":"2020-05-20T14:34:52","guid":{"rendered":"https:\/\/tourtravelandmore.com\/tours\/non class\u00e9\/transfert-prive-a-motril\/"},"modified":"2020-05-20T16:34:52","modified_gmt":"2020-05-20T14:34:52","slug":"transfert-prive-a-motril","status":"publish","type":"product","link":"https:\/\/tourtravelandmore.com\/fr\/tours\/espagne-fr\/motril-fr\/transfert-prive-a-motril\/","title":{"rendered":"Transfert priv\u00e9 \u00e0 Motril"},"content":{"rendered":"<h2>Description<\/h2>\n<p>Avez-vous besoin d&#8217;un moyen de transport pour vous d\u00e9placer du port de croisi\u00e8re de Motril \u00e0 la ville de Motril? Peut-\u00eatre devez-vous vous d\u00e9placer dans une autre ville d&#8217;Andalousie depuis le port de croisi\u00e8re. Ne vous inqui\u00e9tez pas, chez Tour Travel &amp; More nous mettons \u00e0 votre disposition une grande vari\u00e9t\u00e9 de v\u00e9hicules de luxe avec chauffeur inclus. Il vous m\u00e8nera de n&#8217;importe quel point A \u00e0 point B avec notre transfert priv\u00e9 Motril.<\/p>\n<p>Si vous venez d&#8217;arriver au port de croisi\u00e8re de Motril avec votre bateau de croisi\u00e8re et que vous devez vous rendre \u00e0 votre h\u00f4tel dans la ville ou que vous souhaitez visiter une autre ville d&#8217;Andalousie o\u00f9 vous n&#8217;avez jamais \u00e9t\u00e9 auparavant, vous pouvez r\u00e9server votre transfert avec nous, nous allons tr\u00e8s heureux de vous aider !.<\/p>\n<p>Nous sommes en mesure de d\u00e9placer une seule personne, toute une famille ou un groupe d&#8217;amis ou des employ\u00e9s qui voyagent \u00e0 travers les terres andalouses. Voyager avec nous vous garantit non seulement d&#8217;\u00eatre au bon endroit au bon moment, mais nous servons \u00e9galement de guides, vous indiquant o\u00f9 manger, quoi voir ou o\u00f9 s\u00e9journer si vous passez par cette r\u00e9gion d&#8217;Espagne.<\/p>\n<p>Tout ce que vous avez \u00e0 faire est de nous contacter et nous organiserons votre transfert de la meilleure fa\u00e7on possible. Il vous suffit de fournir vos d\u00e9tails de prise en charge et de d\u00e9pose, le nombre de personnes dans votre groupe et si vous avez des bagages avec vous, afin que nous puissions d\u00e9cider quel v\u00e9hicule vous convient le mieux pour votre transfert priv\u00e9.<\/p>\n<h2>Sites d&#8217;int\u00e9r\u00eat et monuments<\/h2>\n<p>Motril est une ville et une municipalit\u00e9 sur la c\u00f4te m\u00e9diterran\u00e9enne dans la province de Grenade, en Espagne. C&#8217;est la deuxi\u00e8me plus grande ville de la province. La ville est situ\u00e9e pr\u00e8s de la rivi\u00e8re Guadalfeo et \u00e0 69 km de Grenade.<\/p>\n<p>La principale attraction touristique de Motril est une combinaison de son histoire et de ses excellentes plages. La ville a un microclimat tropical.<\/p>\n<p>Motril poss\u00e8de de nombreux lieux d&#8217;int\u00e9r\u00eat artistique et historique. La construction la plus ancienne connue dans cette ville est l&#8217;Iglesia Mayor de la Encarnaci\u00f3n, construite en 1502 par le cardinal Mendoza.<\/p>\n<p>D\u00e9couvrez nos visites priv\u00e9es \u00e0 Motril. Nous pouvons organiser des visites priv\u00e9es \u00e0 n&#8217;importe quel endroit en Andalousie depuis Motril! Nous pouvons \u00e9galement organiser tout type de transfert priv\u00e9 comme ce transfert priv\u00e9 \u00e0 Motril. Contactez-nous!<\/p>\n","protected":false},"excerpt":{"rendered":"<p>Transfert rapide et facile. Rejoignez confortablement votre destination finale \u00e0 Motril ou en Andalousie dans nos v\u00e9hicules de luxe priv\u00e9s et avec nos chauffeurs professionnels.<\/p>\n","protected":false},"featured_media":95809,"comment_status":"open","ping_status":"closed","template":"","meta":{"_acf_changed":false},"product_brand":[],"product_cat":[3541,3583],"product_tag":[],"class_list":{"0":"post-99482","1":"product","2":"type-product","3":"status-publish","4":"has-post-thumbnail","6":"product_cat-espagne-fr","7":"product_cat-motril-fr","9":"first","10":"instock","11":"shipping-taxable","12":"purchasable","13":"product-type-simple"},"acf":[],"yoast_head":"<!-- This site is optimized with the Yoast SEO Premium plugin v25.3.1 (Yoast SEO v25.3.1) - https:\/\/yoast.com\/wordpress\/plugins\/seo\/ -->\n<title>Transfert confortable et priv\u00e9 de Motril vers n&#039;importe quelle ville d&#039;Andalousie<\/title>\n<meta name=\"description\" content=\"Arrivez \u00e0 votre destination finale \u00e0 Motril ou en Andalousie confortablement dans nos v\u00e9hicules de luxe priv\u00e9s et avec nos chauffeurs professionnels. Transfert priv\u00e9 \u00e0 Motril\" \/>\n<meta name=\"robots\" content=\"index, follow, max-snippet:-1, max-image-preview:large, max-video-preview:-1\" \/>\n<link rel=\"canonical\" href=\"https:\/\/tourtravelandmore.com\/fr\/tours\/espagne-fr\/motril-fr\/transfert-prive-a-motril\/\" \/>\n<meta property=\"og:locale\" content=\"fr_FR\" \/>\n<meta property=\"og:type\" content=\"article\" \/>\n<meta property=\"og:title\" content=\"Transfert priv\u00e9 \u00e0 Motril\" \/>\n<meta property=\"og:description\" content=\"Arrivez \u00e0 votre destination finale \u00e0 Motril ou en Andalousie confortablement dans nos v\u00e9hicules de luxe priv\u00e9s et avec nos chauffeurs professionnels. Transfert priv\u00e9 \u00e0 Motril\" \/>\n<meta property=\"og:url\" content=\"https:\/\/tourtravelandmore.com\/fr\/tours\/espagne-fr\/motril-fr\/transfert-prive-a-motril\/\" \/>\n<meta property=\"og:site_name\" content=\"Tour Travel And More\" \/>\n<meta property=\"article:publisher\" content=\"https:\/\/www.facebook.com\/tourtravelandmore\/\" \/>\n<meta property=\"og:image\" content=\"https:\/\/tourtravelandmore.com\/wp-content\/uploads\/2016\/11\/TrasladoAlicante-1.png\" \/>\n\t<meta property=\"og:image:width\" content=\"640\" \/>\n\t<meta property=\"og:image:height\" content=\"425\" \/>\n\t<meta property=\"og:image:type\" content=\"image\/png\" \/>\n<meta name=\"twitter:card\" content=\"summary_large_image\" \/>\n<meta name=\"twitter:site\" content=\"@TourTravel_More\" \/>\n<meta name=\"twitter:label1\" content=\"Dur\u00e9e de lecture estim\u00e9e\" \/>\n\t<meta name=\"twitter:data1\" content=\"2 minutes\" \/>\n<script type=\"application\/ld+json\" class=\"yoast-schema-graph\">{\"@context\":\"https:\/\/schema.org\",\"@graph\":[{\"@type\":\"WebPage\",\"@id\":\"https:\/\/tourtravelandmore.com\/fr\/tours\/espagne-fr\/motril-fr\/transfert-prive-a-motril\/\",\"url\":\"https:\/\/tourtravelandmore.com\/fr\/tours\/espagne-fr\/motril-fr\/transfert-prive-a-motril\/\",\"name\":\"Transfert confortable et priv\u00e9 de Motril vers n'importe quelle ville d'Andalousie\",\"isPartOf\":{\"@id\":\"https:\/\/tourtravelandmore.com\/fr\/#website\"},\"primaryImageOfPage\":{\"@id\":\"https:\/\/tourtravelandmore.com\/fr\/tours\/espagne-fr\/motril-fr\/transfert-prive-a-motril\/#primaryimage\"},\"image\":{\"@id\":\"https:\/\/tourtravelandmore.com\/fr\/tours\/espagne-fr\/motril-fr\/transfert-prive-a-motril\/#primaryimage\"},\"thumbnailUrl\":\"https:\/\/tourtravelandmore.com\/wp-content\/uploads\/2016\/11\/TrasladoAlicante-1.png\",\"datePublished\":\"2020-05-20T14:34:52+00:00\",\"description\":\"Arrivez \u00e0 votre destination finale \u00e0 Motril ou en Andalousie confortablement dans nos v\u00e9hicules de luxe priv\u00e9s et avec nos chauffeurs professionnels. Transfert priv\u00e9 \u00e0 Motril\",\"breadcrumb\":{\"@id\":\"https:\/\/tourtravelandmore.com\/fr\/tours\/espagne-fr\/motril-fr\/transfert-prive-a-motril\/#breadcrumb\"},\"inLanguage\":\"fr-FR\",\"potentialAction\":[{\"@type\":\"ReadAction\",\"target\":[\"https:\/\/tourtravelandmore.com\/fr\/tours\/espagne-fr\/motril-fr\/transfert-prive-a-motril\/\"]}]},{\"@type\":\"ImageObject\",\"inLanguage\":\"fr-FR\",\"@id\":\"https:\/\/tourtravelandmore.com\/fr\/tours\/espagne-fr\/motril-fr\/transfert-prive-a-motril\/#primaryimage\",\"url\":\"https:\/\/tourtravelandmore.com\/wp-content\/uploads\/2016\/11\/TrasladoAlicante-1.png\",\"contentUrl\":\"https:\/\/tourtravelandmore.com\/wp-content\/uploads\/2016\/11\/TrasladoAlicante-1.png\",\"width\":640,\"height\":425},{\"@type\":\"BreadcrumbList\",\"@id\":\"https:\/\/tourtravelandmore.com\/fr\/tours\/espagne-fr\/motril-fr\/transfert-prive-a-motril\/#breadcrumb\",\"itemListElement\":[{\"@type\":\"ListItem\",\"position\":1,\"name\":\"Home\",\"item\":\"https:\/\/tourtravelandmore.com\/fr\/\"},{\"@type\":\"ListItem\",\"position\":2,\"name\":\"Tours\",\"item\":\"https:\/\/tourtravelandmore.com\/fr\/tours\/\"},{\"@type\":\"ListItem\",\"position\":3,\"name\":\"Transfert priv\u00e9 \u00e0 Motril\"}]},{\"@type\":\"WebSite\",\"@id\":\"https:\/\/tourtravelandmore.com\/fr\/#website\",\"url\":\"https:\/\/tourtravelandmore.com\/fr\/\",\"name\":\"Tour Travel And More\",\"description\":\"Private sightseeing tours and luxury transfers in Spain\",\"publisher\":{\"@id\":\"https:\/\/tourtravelandmore.com\/fr\/#organization\"},\"potentialAction\":[{\"@type\":\"SearchAction\",\"target\":{\"@type\":\"EntryPoint\",\"urlTemplate\":\"https:\/\/tourtravelandmore.com\/fr\/?s={search_term_string}\"},\"query-input\":{\"@type\":\"PropertyValueSpecification\",\"valueRequired\":true,\"valueName\":\"search_term_string\"}}],\"inLanguage\":\"fr-FR\"},{\"@type\":\"Organization\",\"@id\":\"https:\/\/tourtravelandmore.com\/fr\/#organization\",\"name\":\"Tour Travel And More\",\"url\":\"https:\/\/tourtravelandmore.com\/fr\/\",\"logo\":{\"@type\":\"ImageObject\",\"inLanguage\":\"fr-FR\",\"@id\":\"https:\/\/tourtravelandmore.com\/fr\/#\/schema\/logo\/image\/\",\"url\":\"https:\/\/tourtravelandmore.com\/wp-content\/uploads\/2022\/12\/cropped-logo-cabecera-new.png\",\"contentUrl\":\"https:\/\/tourtravelandmore.com\/wp-content\/uploads\/2022\/12\/cropped-logo-cabecera-new.png\",\"width\":430,\"height\":61,\"caption\":\"Tour Travel And More\"},\"image\":{\"@id\":\"https:\/\/tourtravelandmore.com\/fr\/#\/schema\/logo\/image\/\"},\"sameAs\":[\"https:\/\/www.facebook.com\/tourtravelandmore\/\",\"https:\/\/x.com\/TourTravel_More\"]}]}<\/script>\n<!-- \/ Yoast SEO Premium plugin. -->","yoast_head_json":{"title":"Transfert confortable et priv\u00e9 de Motril vers n'importe quelle ville d'Andalousie","description":"Arrivez \u00e0 votre destination finale \u00e0 Motril ou en Andalousie confortablement dans nos v\u00e9hicules de luxe priv\u00e9s et avec nos chauffeurs professionnels. Transfert priv\u00e9 \u00e0 Motril","robots":{"index":"index","follow":"follow","max-snippet":"max-snippet:-1","max-image-preview":"max-image-preview:large","max-video-preview":"max-video-preview:-1"},"canonical":"https:\/\/tourtravelandmore.com\/fr\/tours\/espagne-fr\/motril-fr\/transfert-prive-a-motril\/","og_locale":"fr_FR","og_type":"article","og_title":"Transfert priv\u00e9 \u00e0 Motril","og_description":"Arrivez \u00e0 votre destination finale \u00e0 Motril ou en Andalousie confortablement dans nos v\u00e9hicules de luxe priv\u00e9s et avec nos chauffeurs professionnels. Transfert priv\u00e9 \u00e0 Motril","og_url":"https:\/\/tourtravelandmore.com\/fr\/tours\/espagne-fr\/motril-fr\/transfert-prive-a-motril\/","og_site_name":"Tour Travel And More","article_publisher":"https:\/\/www.facebook.com\/tourtravelandmore\/","og_image":[{"width":640,"height":425,"url":"https:\/\/tourtravelandmore.com\/wp-content\/uploads\/2016\/11\/TrasladoAlicante-1.png","type":"image\/png"}],"twitter_card":"summary_large_image","twitter_site":"@TourTravel_More","twitter_misc":{"Dur\u00e9e de lecture estim\u00e9e":"2 minutes"},"schema":{"@context":"https:\/\/schema.org","@graph":[{"@type":"WebPage","@id":"https:\/\/tourtravelandmore.com\/fr\/tours\/espagne-fr\/motril-fr\/transfert-prive-a-motril\/","url":"https:\/\/tourtravelandmore.com\/fr\/tours\/espagne-fr\/motril-fr\/transfert-prive-a-motril\/","name":"Transfert confortable et priv\u00e9 de Motril vers n'importe quelle ville d'Andalousie","isPartOf":{"@id":"https:\/\/tourtravelandmore.com\/fr\/#website"},"primaryImageOfPage":{"@id":"https:\/\/tourtravelandmore.com\/fr\/tours\/espagne-fr\/motril-fr\/transfert-prive-a-motril\/#primaryimage"},"image":{"@id":"https:\/\/tourtravelandmore.com\/fr\/tours\/espagne-fr\/motril-fr\/transfert-prive-a-motril\/#primaryimage"},"thumbnailUrl":"https:\/\/tourtravelandmore.com\/wp-content\/uploads\/2016\/11\/TrasladoAlicante-1.png","datePublished":"2020-05-20T14:34:52+00:00","description":"Arrivez \u00e0 votre destination finale \u00e0 Motril ou en Andalousie confortablement dans nos v\u00e9hicules de luxe priv\u00e9s et avec nos chauffeurs professionnels. Transfert priv\u00e9 \u00e0 Motril","breadcrumb":{"@id":"https:\/\/tourtravelandmore.com\/fr\/tours\/espagne-fr\/motril-fr\/transfert-prive-a-motril\/#breadcrumb"},"inLanguage":"fr-FR","potentialAction":[{"@type":"ReadAction","target":["https:\/\/tourtravelandmore.com\/fr\/tours\/espagne-fr\/motril-fr\/transfert-prive-a-motril\/"]}]},{"@type":"ImageObject","inLanguage":"fr-FR","@id":"https:\/\/tourtravelandmore.com\/fr\/tours\/espagne-fr\/motril-fr\/transfert-prive-a-motril\/#primaryimage","url":"https:\/\/tourtravelandmore.com\/wp-content\/uploads\/2016\/11\/TrasladoAlicante-1.png","contentUrl":"https:\/\/tourtravelandmore.com\/wp-content\/uploads\/2016\/11\/TrasladoAlicante-1.png","width":640,"height":425},{"@type":"BreadcrumbList","@id":"https:\/\/tourtravelandmore.com\/fr\/tours\/espagne-fr\/motril-fr\/transfert-prive-a-motril\/#breadcrumb","itemListElement":[{"@type":"ListItem","position":1,"name":"Home","item":"https:\/\/tourtravelandmore.com\/fr\/"},{"@type":"ListItem","position":2,"name":"Tours","item":"https:\/\/tourtravelandmore.com\/fr\/tours\/"},{"@type":"ListItem","position":3,"name":"Transfert priv\u00e9 \u00e0 Motril"}]},{"@type":"WebSite","@id":"https:\/\/tourtravelandmore.com\/fr\/#website","url":"https:\/\/tourtravelandmore.com\/fr\/","name":"Tour Travel And More","description":"Private sightseeing tours and luxury transfers in Spain","publisher":{"@id":"https:\/\/tourtravelandmore.com\/fr\/#organization"},"potentialAction":[{"@type":"SearchAction","target":{"@type":"EntryPoint","urlTemplate":"https:\/\/tourtravelandmore.com\/fr\/?s={search_term_string}"},"query-input":{"@type":"PropertyValueSpecification","valueRequired":true,"valueName":"search_term_string"}}],"inLanguage":"fr-FR"},{"@type":"Organization","@id":"https:\/\/tourtravelandmore.com\/fr\/#organization","name":"Tour Travel And More","url":"https:\/\/tourtravelandmore.com\/fr\/","logo":{"@type":"ImageObject","inLanguage":"fr-FR","@id":"https:\/\/tourtravelandmore.com\/fr\/#\/schema\/logo\/image\/","url":"https:\/\/tourtravelandmore.com\/wp-content\/uploads\/2022\/12\/cropped-logo-cabecera-new.png","contentUrl":"https:\/\/tourtravelandmore.com\/wp-content\/uploads\/2022\/12\/cropped-logo-cabecera-new.png","width":430,"height":61,"caption":"Tour Travel And More"},"image":{"@id":"https:\/\/tourtravelandmore.com\/fr\/#\/schema\/logo\/image\/"},"sameAs":["https:\/\/www.facebook.com\/tourtravelandmore\/","https:\/\/x.com\/TourTravel_More"]}]}},"_links":{"self":[{"href":"https:\/\/tourtravelandmore.com\/fr\/wp-json\/wp\/v2\/product\/99482","targetHints":{"allow":["GET"]}}],"collection":[{"href":"https:\/\/tourtravelandmore.com\/fr\/wp-json\/wp\/v2\/product"}],"about":[{"href":"https:\/\/tourtravelandmore.com\/fr\/wp-json\/wp\/v2\/types\/product"}],"replies":[{"embeddable":true,"href":"https:\/\/tourtravelandmore.com\/fr\/wp-json\/wp\/v2\/comments?post=99482"}],"wp:featuredmedia":[{"embeddable":true,"href":"https:\/\/tourtravelandmore.com\/fr\/wp-json\/wp\/v2\/media\/95809"}],"wp:attachment":[{"href":"https:\/\/tourtravelandmore.com\/fr\/wp-json\/wp\/v2\/media?parent=99482"}],"wp:term":[{"taxonomy":"product_brand","embeddable":true,"href":"https:\/\/tourtravelandmore.com\/fr\/wp-json\/wp\/v2\/product_brand?post=99482"},{"taxonomy":"product_cat","embeddable":true,"href":"https:\/\/tourtravelandmore.com\/fr\/wp-json\/wp\/v2\/product_cat?post=99482"},{"taxonomy":"product_tag","embeddable":true,"href":"https:\/\/tourtravelandmore.com\/fr\/wp-json\/wp\/v2\/product_tag?post=99482"}],"curies":[{"name":"wp","href":"https:\/\/api.w.org\/{rel}","templated":true}]}}