{"id":99477,"date":"2020-05-20T15:39:07","date_gmt":"2020-05-20T13:39:07","guid":{"rendered":"https:\/\/tourtravelandmore.com\/tours\/non class\u00e9\/visite-privee-de-malaga-au-depart-de-motril\/"},"modified":"2020-05-20T15:39:07","modified_gmt":"2020-05-20T13:39:07","slug":"visite-privee-de-malaga-au-depart-de-motril","status":"publish","type":"product","link":"https:\/\/tourtravelandmore.com\/fr\/tours\/espagne-fr\/motril-fr\/visite-privee-de-malaga-au-depart-de-motril\/","title":{"rendered":"Visite priv\u00e9e de Malaga au d\u00e9part de Motril"},"content":{"rendered":"<h2>Description<\/h2>\n<p>Si vous r\u00eavez de visiter Malaga, nous pouvons r\u00e9aliser votre r\u00eave avec cette excursion priv\u00e9e d&#8217;une journ\u00e9e. Profitez de cette magnifique ville c\u00f4ti\u00e8re depuis le port de croisi\u00e8re de Motril avec notre visite priv\u00e9e de Malaga au d\u00e9part de Motril.<\/p>\n<p>Malaga est une commune d&#8217;Espagne. C&#8217;est dans la communaut\u00e9 autonome d&#8217;Andalousie. Il se trouve sur la \u00abCosta del Sol\u00bb de la mer M\u00e9diterran\u00e9e, \u00e0 94,6 kilom\u00e8tres de la ville de Motril.<\/p>\n<p>Malaga est l&#8217;une des plus grandes villes d&#8217;Andalousie. Il poss\u00e8de de belles plages et des zones c\u00f4ti\u00e8res qui en font l&#8217;endroit id\u00e9al pour passer vos vacances.<\/p>\n<p>Donnez-nous \u00e0 Tour Travel &amp; More l&#8217;opportunit\u00e9 d&#8217;organiser cette exp\u00e9rience pour vous et votre groupe. Faites-nous part de vos besoins et pr\u00e9f\u00e9rences pour cette excursion d&#8217;une journ\u00e9e.<\/p>\n<p>Vous effectuerez cette visite priv\u00e9e confortable dans un v\u00e9hicule de luxe priv\u00e9 avec votre propre chauffeur priv\u00e9. Il sera \u00e0 votre disposition pendant tout le trajet pour vous emmener dans tous les endroits que vous souhaitez visiter \u00e0 Malaga. Ce voyage priv\u00e9 a une dur\u00e9e de 9 heures \u00e0 partir du moment de la prise en charge et du retour au port de croisi\u00e8re de Motril.<\/p>\n<h2>Sites d&#8217;int\u00e9r\u00eat et monuments<\/h2>\n<p>Votre chauffeur priv\u00e9 viendra vous chercher au port de croisi\u00e8re de Motril \u00e0 votre heure de d\u00e9barquement avec une pancarte avec votre nom dessus. Vous pouvez facilement le trouver, pour commencer votre excursion priv\u00e9e d&#8217;une journ\u00e9e \u00e0 Malaga. Nous commencerons ensuite cette visite priv\u00e9e de Malaga au d\u00e9part de Motril.<\/p>\n<p>Malaga est \u00e0 environ 1 heure et 15 minutes de Motril. Pendant le voyage, vous admirerez toute la c\u00f4te m\u00e9diterran\u00e9enne. Traverser diff\u00e9rentes petites villes avec de belles plages \u00e0 l&#8217;aise dans votre v\u00e9hicule de luxe priv\u00e9 avec climatisation.<\/p>\n<p>Une fois arriv\u00e9 \u00e0 Malaga, vous rencontrerez votre guide officiel pour une visite guid\u00e9e de 4 heures. Profitez des lieux et monuments les plus importants de la ville. Vous visiterez d&#8217;abord le Gibralfaro, situ\u00e9 \u00e0 132 m\u00e8tres au-dessus du niveau de la mer, d&#8217;o\u00f9 vous pourrez profiter de l&#8217;une des vues les plus \u00e9tonnantes de Malaga. Vous entrerez dans le ch\u00e2teau de Gibralfaro, un fort maure du XIVe si\u00e8cle (billet d&#8217;entr\u00e9e inclus dans le prix).<\/p>\n<p>Ensuite, vous continuerez vers le centre historique de Malaga, o\u00f9 votre guide priv\u00e9 vous expliquera l&#8217;incroyable histoire du th\u00e9\u00e2tre romain, construit \u00e0 l&#8217;\u00e9poque d&#8217;Auguste au 1er si\u00e8cle apr\u00e8s JC et il \u00e9tait utilis\u00e9 jusqu&#8217;au 3\u00e8me si\u00e8cle.<br \/>\nNous allons continuer&#8230;<\/p>\n<p>Vous visiterez \u00e9galement la forteresse maure La Alcazaba, le b\u00e2timent qui date de la p\u00e9riode musulmane est situ\u00e9 au pied de la colline de Gibralfaro, couronn\u00e9e par les ouvrages de d\u00e9fense arabes auxquels l&#8217;Alcazaba est reli\u00e9e par un passage fortifi\u00e9 connu sous le nom de Coracha.<\/p>\n<p>La visite se poursuivra avec la cath\u00e9drale de Malaga (entr\u00e9e incluse dans le prix), qui est une \u00e9glise catholique romaine, la cath\u00e9drale est situ\u00e9e dans les limites d\u00e9finies par une partie maintenant manquante des murs m\u00e9di\u00e9vaux mauresques, dont les vestiges entourent l&#8217;Alcazaba et le ch\u00e2teau de Gibralfaro.<\/p>\n<p>Pour terminer la visite guid\u00e9e, vous visiterez \u00e9galement la \u00abPlaza de la Merced\u00bb, l&#8217;\u00e9glise Saint-Jean et bien s\u00fbr, le port et la plage de la Malagueta o\u00f9 vous aurez le temps d&#8217;admirer la vue imprenable accompagn\u00e9e d&#8217;un ap\u00e9ritif.<\/p>\n<p>\u00c0 la fin de votre visite guid\u00e9e priv\u00e9e, vous aurez du temps libre pour d\u00e9jeuner et vous promener dans la ville pour faire du shopping ou peut-\u00eatre simplement vous d\u00e9tendre sur la plage. C&#8217;est le meilleur tour priv\u00e9 de Malaga au d\u00e9part de Motril.<\/p>\n<p>D\u00e9couvrez nos autres visites priv\u00e9es \u00e0 Motril!<\/p>\n","protected":false},"excerpt":{"rendered":"<p>Visite priv\u00e9e enti\u00e8rement personnalis\u00e9e de Malaga au d\u00e9part de Motril et profitez des monuments les plus importants. Profitez de cette occasion pour d\u00e9couvrir Malaga depuis Motril.<\/p>\n","protected":false},"featured_media":97569,"comment_status":"open","ping_status":"closed","template":"","meta":{"_acf_changed":false},"product_brand":[],"product_cat":[3583],"product_tag":[],"class_list":{"0":"post-99477","1":"product","2":"type-product","3":"status-publish","4":"has-post-thumbnail","6":"product_cat-motril-fr","8":"first","9":"instock","10":"shipping-taxable","11":"purchasable","12":"product-type-simple"},"acf":[],"yoast_head":"<!-- This site is optimized with the Yoast SEO Premium plugin v25.3.1 (Yoast SEO v25.3.1) - https:\/\/yoast.com\/wordpress\/plugins\/seo\/ -->\n<title>Visite priv\u00e9e de Malaga au d\u00e9part de Motril - Prise en charge au port de croisi\u00e8re incluse<\/title>\n<meta name=\"description\" content=\"Visite priv\u00e9e enti\u00e8rement personnalis\u00e9e de Malaga au d\u00e9part de Motril et profitez des monuments les plus importants. Profitez de cette occasion pour d\u00e9couvrir Malaga depuis Motril.\" \/>\n<meta name=\"robots\" content=\"index, follow, max-snippet:-1, max-image-preview:large, max-video-preview:-1\" \/>\n<link rel=\"canonical\" href=\"https:\/\/tourtravelandmore.com\/fr\/tours\/espagne-fr\/motril-fr\/visite-privee-de-malaga-au-depart-de-motril\/\" \/>\n<meta property=\"og:locale\" content=\"fr_FR\" \/>\n<meta property=\"og:type\" content=\"article\" \/>\n<meta property=\"og:title\" content=\"Visite priv\u00e9e de Malaga au d\u00e9part de Motril\" \/>\n<meta property=\"og:description\" content=\"Visite priv\u00e9e enti\u00e8rement personnalis\u00e9e de Malaga au d\u00e9part de Motril et profitez des monuments les plus importants. Profitez de cette occasion pour d\u00e9couvrir Malaga depuis Motril.\" \/>\n<meta property=\"og:url\" content=\"https:\/\/tourtravelandmore.com\/fr\/tours\/espagne-fr\/motril-fr\/visite-privee-de-malaga-au-depart-de-motril\/\" \/>\n<meta property=\"og:site_name\" content=\"Tour Travel And More\" \/>\n<meta property=\"article:publisher\" content=\"https:\/\/www.facebook.com\/tourtravelandmore\/\" \/>\n<meta property=\"og:image\" content=\"https:\/\/tourtravelandmore.com\/wp-content\/uploads\/2020\/05\/malaga-3-scaled.jpg\" \/>\n\t<meta property=\"og:image:width\" content=\"2560\" \/>\n\t<meta property=\"og:image:height\" content=\"1707\" \/>\n\t<meta property=\"og:image:type\" content=\"image\/jpeg\" \/>\n<meta name=\"twitter:card\" content=\"summary_large_image\" \/>\n<meta name=\"twitter:site\" content=\"@TourTravel_More\" \/>\n<meta name=\"twitter:label1\" content=\"Dur\u00e9e de lecture estim\u00e9e\" \/>\n\t<meta name=\"twitter:data1\" content=\"3 minutes\" \/>\n<script type=\"application\/ld+json\" class=\"yoast-schema-graph\">{\"@context\":\"https:\/\/schema.org\",\"@graph\":[{\"@type\":\"WebPage\",\"@id\":\"https:\/\/tourtravelandmore.com\/fr\/tours\/espagne-fr\/motril-fr\/visite-privee-de-malaga-au-depart-de-motril\/\",\"url\":\"https:\/\/tourtravelandmore.com\/fr\/tours\/espagne-fr\/motril-fr\/visite-privee-de-malaga-au-depart-de-motril\/\",\"name\":\"Visite priv\u00e9e de Malaga au d\u00e9part de Motril - Prise en charge au port de croisi\u00e8re incluse\",\"isPartOf\":{\"@id\":\"https:\/\/tourtravelandmore.com\/fr\/#website\"},\"primaryImageOfPage\":{\"@id\":\"https:\/\/tourtravelandmore.com\/fr\/tours\/espagne-fr\/motril-fr\/visite-privee-de-malaga-au-depart-de-motril\/#primaryimage\"},\"image\":{\"@id\":\"https:\/\/tourtravelandmore.com\/fr\/tours\/espagne-fr\/motril-fr\/visite-privee-de-malaga-au-depart-de-motril\/#primaryimage\"},\"thumbnailUrl\":\"https:\/\/tourtravelandmore.com\/wp-content\/uploads\/2020\/05\/malaga-3-scaled.jpg\",\"datePublished\":\"2020-05-20T13:39:07+00:00\",\"description\":\"Visite priv\u00e9e enti\u00e8rement personnalis\u00e9e de Malaga au d\u00e9part de Motril et profitez des monuments les plus importants. Profitez de cette occasion pour d\u00e9couvrir Malaga depuis Motril.\",\"breadcrumb\":{\"@id\":\"https:\/\/tourtravelandmore.com\/fr\/tours\/espagne-fr\/motril-fr\/visite-privee-de-malaga-au-depart-de-motril\/#breadcrumb\"},\"inLanguage\":\"fr-FR\",\"potentialAction\":[{\"@type\":\"ReadAction\",\"target\":[\"https:\/\/tourtravelandmore.com\/fr\/tours\/espagne-fr\/motril-fr\/visite-privee-de-malaga-au-depart-de-motril\/\"]}]},{\"@type\":\"ImageObject\",\"inLanguage\":\"fr-FR\",\"@id\":\"https:\/\/tourtravelandmore.com\/fr\/tours\/espagne-fr\/motril-fr\/visite-privee-de-malaga-au-depart-de-motril\/#primaryimage\",\"url\":\"https:\/\/tourtravelandmore.com\/wp-content\/uploads\/2020\/05\/malaga-3-scaled.jpg\",\"contentUrl\":\"https:\/\/tourtravelandmore.com\/wp-content\/uploads\/2020\/05\/malaga-3-scaled.jpg\",\"width\":2560,\"height\":1707},{\"@type\":\"BreadcrumbList\",\"@id\":\"https:\/\/tourtravelandmore.com\/fr\/tours\/espagne-fr\/motril-fr\/visite-privee-de-malaga-au-depart-de-motril\/#breadcrumb\",\"itemListElement\":[{\"@type\":\"ListItem\",\"position\":1,\"name\":\"Home\",\"item\":\"https:\/\/tourtravelandmore.com\/fr\/\"},{\"@type\":\"ListItem\",\"position\":2,\"name\":\"Tours\",\"item\":\"https:\/\/tourtravelandmore.com\/fr\/tours\/\"},{\"@type\":\"ListItem\",\"position\":3,\"name\":\"Visite priv\u00e9e de Malaga au d\u00e9part de Motril\"}]},{\"@type\":\"WebSite\",\"@id\":\"https:\/\/tourtravelandmore.com\/fr\/#website\",\"url\":\"https:\/\/tourtravelandmore.com\/fr\/\",\"name\":\"Tour Travel And More\",\"description\":\"Private sightseeing tours and luxury transfers in Spain\",\"publisher\":{\"@id\":\"https:\/\/tourtravelandmore.com\/fr\/#organization\"},\"potentialAction\":[{\"@type\":\"SearchAction\",\"target\":{\"@type\":\"EntryPoint\",\"urlTemplate\":\"https:\/\/tourtravelandmore.com\/fr\/?s={search_term_string}\"},\"query-input\":{\"@type\":\"PropertyValueSpecification\",\"valueRequired\":true,\"valueName\":\"search_term_string\"}}],\"inLanguage\":\"fr-FR\"},{\"@type\":\"Organization\",\"@id\":\"https:\/\/tourtravelandmore.com\/fr\/#organization\",\"name\":\"Tour Travel And More\",\"url\":\"https:\/\/tourtravelandmore.com\/fr\/\",\"logo\":{\"@type\":\"ImageObject\",\"inLanguage\":\"fr-FR\",\"@id\":\"https:\/\/tourtravelandmore.com\/fr\/#\/schema\/logo\/image\/\",\"url\":\"https:\/\/tourtravelandmore.com\/wp-content\/uploads\/2022\/12\/cropped-logo-cabecera-new.png\",\"contentUrl\":\"https:\/\/tourtravelandmore.com\/wp-content\/uploads\/2022\/12\/cropped-logo-cabecera-new.png\",\"width\":430,\"height\":61,\"caption\":\"Tour Travel And More\"},\"image\":{\"@id\":\"https:\/\/tourtravelandmore.com\/fr\/#\/schema\/logo\/image\/\"},\"sameAs\":[\"https:\/\/www.facebook.com\/tourtravelandmore\/\",\"https:\/\/x.com\/TourTravel_More\"]}]}<\/script>\n<!-- \/ Yoast SEO Premium plugin. -->","yoast_head_json":{"title":"Visite priv\u00e9e de Malaga au d\u00e9part de Motril - Prise en charge au port de croisi\u00e8re incluse","description":"Visite priv\u00e9e enti\u00e8rement personnalis\u00e9e de Malaga au d\u00e9part de Motril et profitez des monuments les plus importants. Profitez de cette occasion pour d\u00e9couvrir Malaga depuis Motril.","robots":{"index":"index","follow":"follow","max-snippet":"max-snippet:-1","max-image-preview":"max-image-preview:large","max-video-preview":"max-video-preview:-1"},"canonical":"https:\/\/tourtravelandmore.com\/fr\/tours\/espagne-fr\/motril-fr\/visite-privee-de-malaga-au-depart-de-motril\/","og_locale":"fr_FR","og_type":"article","og_title":"Visite priv\u00e9e de Malaga au d\u00e9part de Motril","og_description":"Visite priv\u00e9e enti\u00e8rement personnalis\u00e9e de Malaga au d\u00e9part de Motril et profitez des monuments les plus importants. Profitez de cette occasion pour d\u00e9couvrir Malaga depuis Motril.","og_url":"https:\/\/tourtravelandmore.com\/fr\/tours\/espagne-fr\/motril-fr\/visite-privee-de-malaga-au-depart-de-motril\/","og_site_name":"Tour Travel And More","article_publisher":"https:\/\/www.facebook.com\/tourtravelandmore\/","og_image":[{"width":2560,"height":1707,"url":"https:\/\/tourtravelandmore.com\/wp-content\/uploads\/2020\/05\/malaga-3-scaled.jpg","type":"image\/jpeg"}],"twitter_card":"summary_large_image","twitter_site":"@TourTravel_More","twitter_misc":{"Dur\u00e9e de lecture estim\u00e9e":"3 minutes"},"schema":{"@context":"https:\/\/schema.org","@graph":[{"@type":"WebPage","@id":"https:\/\/tourtravelandmore.com\/fr\/tours\/espagne-fr\/motril-fr\/visite-privee-de-malaga-au-depart-de-motril\/","url":"https:\/\/tourtravelandmore.com\/fr\/tours\/espagne-fr\/motril-fr\/visite-privee-de-malaga-au-depart-de-motril\/","name":"Visite priv\u00e9e de Malaga au d\u00e9part de Motril - Prise en charge au port de croisi\u00e8re incluse","isPartOf":{"@id":"https:\/\/tourtravelandmore.com\/fr\/#website"},"primaryImageOfPage":{"@id":"https:\/\/tourtravelandmore.com\/fr\/tours\/espagne-fr\/motril-fr\/visite-privee-de-malaga-au-depart-de-motril\/#primaryimage"},"image":{"@id":"https:\/\/tourtravelandmore.com\/fr\/tours\/espagne-fr\/motril-fr\/visite-privee-de-malaga-au-depart-de-motril\/#primaryimage"},"thumbnailUrl":"https:\/\/tourtravelandmore.com\/wp-content\/uploads\/2020\/05\/malaga-3-scaled.jpg","datePublished":"2020-05-20T13:39:07+00:00","description":"Visite priv\u00e9e enti\u00e8rement personnalis\u00e9e de Malaga au d\u00e9part de Motril et profitez des monuments les plus importants. Profitez de cette occasion pour d\u00e9couvrir Malaga depuis Motril.","breadcrumb":{"@id":"https:\/\/tourtravelandmore.com\/fr\/tours\/espagne-fr\/motril-fr\/visite-privee-de-malaga-au-depart-de-motril\/#breadcrumb"},"inLanguage":"fr-FR","potentialAction":[{"@type":"ReadAction","target":["https:\/\/tourtravelandmore.com\/fr\/tours\/espagne-fr\/motril-fr\/visite-privee-de-malaga-au-depart-de-motril\/"]}]},{"@type":"ImageObject","inLanguage":"fr-FR","@id":"https:\/\/tourtravelandmore.com\/fr\/tours\/espagne-fr\/motril-fr\/visite-privee-de-malaga-au-depart-de-motril\/#primaryimage","url":"https:\/\/tourtravelandmore.com\/wp-content\/uploads\/2020\/05\/malaga-3-scaled.jpg","contentUrl":"https:\/\/tourtravelandmore.com\/wp-content\/uploads\/2020\/05\/malaga-3-scaled.jpg","width":2560,"height":1707},{"@type":"BreadcrumbList","@id":"https:\/\/tourtravelandmore.com\/fr\/tours\/espagne-fr\/motril-fr\/visite-privee-de-malaga-au-depart-de-motril\/#breadcrumb","itemListElement":[{"@type":"ListItem","position":1,"name":"Home","item":"https:\/\/tourtravelandmore.com\/fr\/"},{"@type":"ListItem","position":2,"name":"Tours","item":"https:\/\/tourtravelandmore.com\/fr\/tours\/"},{"@type":"ListItem","position":3,"name":"Visite priv\u00e9e de Malaga au d\u00e9part de Motril"}]},{"@type":"WebSite","@id":"https:\/\/tourtravelandmore.com\/fr\/#website","url":"https:\/\/tourtravelandmore.com\/fr\/","name":"Tour Travel And More","description":"Private sightseeing tours and luxury transfers in Spain","publisher":{"@id":"https:\/\/tourtravelandmore.com\/fr\/#organization"},"potentialAction":[{"@type":"SearchAction","target":{"@type":"EntryPoint","urlTemplate":"https:\/\/tourtravelandmore.com\/fr\/?s={search_term_string}"},"query-input":{"@type":"PropertyValueSpecification","valueRequired":true,"valueName":"search_term_string"}}],"inLanguage":"fr-FR"},{"@type":"Organization","@id":"https:\/\/tourtravelandmore.com\/fr\/#organization","name":"Tour Travel And More","url":"https:\/\/tourtravelandmore.com\/fr\/","logo":{"@type":"ImageObject","inLanguage":"fr-FR","@id":"https:\/\/tourtravelandmore.com\/fr\/#\/schema\/logo\/image\/","url":"https:\/\/tourtravelandmore.com\/wp-content\/uploads\/2022\/12\/cropped-logo-cabecera-new.png","contentUrl":"https:\/\/tourtravelandmore.com\/wp-content\/uploads\/2022\/12\/cropped-logo-cabecera-new.png","width":430,"height":61,"caption":"Tour Travel And More"},"image":{"@id":"https:\/\/tourtravelandmore.com\/fr\/#\/schema\/logo\/image\/"},"sameAs":["https:\/\/www.facebook.com\/tourtravelandmore\/","https:\/\/x.com\/TourTravel_More"]}]}},"_links":{"self":[{"href":"https:\/\/tourtravelandmore.com\/fr\/wp-json\/wp\/v2\/product\/99477","targetHints":{"allow":["GET"]}}],"collection":[{"href":"https:\/\/tourtravelandmore.com\/fr\/wp-json\/wp\/v2\/product"}],"about":[{"href":"https:\/\/tourtravelandmore.com\/fr\/wp-json\/wp\/v2\/types\/product"}],"replies":[{"embeddable":true,"href":"https:\/\/tourtravelandmore.com\/fr\/wp-json\/wp\/v2\/comments?post=99477"}],"wp:featuredmedia":[{"embeddable":true,"href":"https:\/\/tourtravelandmore.com\/fr\/wp-json\/wp\/v2\/media\/97569"}],"wp:attachment":[{"href":"https:\/\/tourtravelandmore.com\/fr\/wp-json\/wp\/v2\/media?parent=99477"}],"wp:term":[{"taxonomy":"product_brand","embeddable":true,"href":"https:\/\/tourtravelandmore.com\/fr\/wp-json\/wp\/v2\/product_brand?post=99477"},{"taxonomy":"product_cat","embeddable":true,"href":"https:\/\/tourtravelandmore.com\/fr\/wp-json\/wp\/v2\/product_cat?post=99477"},{"taxonomy":"product_tag","embeddable":true,"href":"https:\/\/tourtravelandmore.com\/fr\/wp-json\/wp\/v2\/product_tag?post=99477"}],"curies":[{"name":"wp","href":"https:\/\/api.w.org\/{rel}","templated":true}]}}