{"id":99472,"date":"2020-05-20T15:03:13","date_gmt":"2020-05-20T13:03:13","guid":{"rendered":"https:\/\/tourtravelandmore.com\/tours\/non class\u00e9\/visite-privee-de-cordoue-au-depart-de-motril\/"},"modified":"2020-05-20T15:03:13","modified_gmt":"2020-05-20T13:03:13","slug":"visite-privee-de-cordoue-au-depart-de-motril","status":"publish","type":"product","link":"https:\/\/tourtravelandmore.com\/fr\/tours\/espagne-fr\/motril-fr\/visite-privee-de-cordoue-au-depart-de-motril\/","title":{"rendered":"Visite priv\u00e9e de Cordoue au d\u00e9part de Motril"},"content":{"rendered":"<h2>Description<\/h2>\n<p>Profitez de cette excursion d&#8217;une journ\u00e9e du port de croisi\u00e8re de Motril \u00e0 la merveilleuse ville de Cordoue, la deuxi\u00e8me plus grande vieille ville d&#8217;Europe. Nous commencerons cette visite priv\u00e9e de Cordoue au d\u00e9part de Motril.<\/p>\n<p>Cordoue appartient \u00e0 la communaut\u00e9 autonome d&#8217;Andalousie et est situ\u00e9e \u00e0 environ 2 heures et quarante minutes de Motril. Cordoue a \u00e9t\u00e9 fond\u00e9e par les Romains. En raison de son importance strat\u00e9gique en tant que point navigable le plus \u00e9lev\u00e9 du fleuve Guadalquivir, elle est devenue une ville portuaire de grande importance.<\/p>\n<p>Vous aurez \u00e0 votre disposition un v\u00e9hicule de luxe priv\u00e9 avec chauffeur qui vous emm\u00e8nera visiter Cordoue de la mani\u00e8re la plus confortable, la plus s\u00fbre et la plus relaxante. Lors de cette visite, seuls vous et ceux qui veulent vous accompagner lors d&#8217;un tel voyage iront.<\/p>\n<p>Tout au long de la visite, vous serez accompagn\u00e9 par l&#8217;un de nos meilleurs guides priv\u00e9s. Nos guides connaissent tr\u00e8s bien l&#8217;histoire, les anecdotes et surtout, il vous montrera tous les endroits les plus importants de la ville \u00e0 ne pas manquer !.<\/p>\n<p>Vous n&#8217;aurez qu&#8217;\u00e0 nous contacter \u00e0 Tour Travel &amp; More. De l\u00e0, nous nous occuperons de tout pour rendre votre exp\u00e9rience unique et inoubliable.<\/p>\n<h2>Sites d&#8217;int\u00e9r\u00eat et monuments<\/h2>\n<p>D\u00e8s que vous d\u00e9barquerez de votre bateau de croisi\u00e8re sur Motril, le premier contact avec Tour Travel &amp; More serait notre chauffeur priv\u00e9 qui vous attendra avec impatience de commencer votre visite \u00e0 Cordoue. Nous commencerons ensuite cette visite priv\u00e9e de Cordoue au d\u00e9part de Motril.<\/p>\n<p>Le trajet de Motril \u00e0 Cordoue est un peu long, mais ne vous inqui\u00e9tez pas car nous avons tout ce dont vous avez besoin pour rendre le voyage tr\u00e8s int\u00e9ressant et accrocheur. En effet, vous traverserez la c\u00f4te m\u00e9diterran\u00e9enne o\u00f9 vous pourrez profiter de la vue imprenable pour continuer plus tard votre chemin vers Cordoue dans les villes typiques de la zone. Bien s\u00fbr, vous en profiterez d&#8217;un v\u00e9hicule de luxe priv\u00e9 bien \u00e9quip\u00e9.<\/p>\n<p>Votre guide officiel priv\u00e9 vous attendra dans un lieu central de Cordoue pour commencer une visite guid\u00e9e de 3 heures du centre historique.<\/p>\n<p>Cordoue est la plus grande zone urbaine du monde d\u00e9clar\u00e9e patrimoine mondial par l&#8217;UNESCO. Vous d\u00e9couvrirez la vieille ville de Cordoue avec votre guide officiel priv\u00e9.<\/p>\n<p>Vous pourrez ensuite profiter et admirer la grande architecture et les sites touristiques des monuments les plus importants et les plus connus de Cordoue.<br \/>\nTel que:<\/p>\n<p>&#8211; Grande mosqu\u00e9e de Cordoue. Ce monument est devenu un symbole de la ville de Cordoue. Il a des styles gothique, Renaissance et baroque de construction chr\u00e9tienne et vous pourrez y entrer puisque le billet d&#8217;entr\u00e9e est inclus dans le prix.<\/p>\n<p>&#8211; Alcazar royal. C&#8217;est un b\u00e2timent de caract\u00e8re militaire dont la construction a \u00e9t\u00e9 command\u00e9e par le roi Alphonse XI de Castille en 1328, sur des constructions pr\u00e9c\u00e9dentes (billets d&#8217;entr\u00e9e \u00e9galement inclus dans le prix).<\/p>\n<p>&#8211; Synagogue. Situ\u00e9 au c\u0153ur du quartier juif, est unique en Andalousie et l&#8217;une des trois synagogues m\u00e9di\u00e9vales les mieux conserv\u00e9es de toute l&#8217;Espagne (billets d&#8217;entr\u00e9e \u00e9galement inclus dans le prix).<\/p>\n<p>&#8211; Quartier juif. Est l&#8217;une des attractions touristiques les plus importantes de la ville. Il met en valeur le monument \u00e0 Maim\u00f3nides et la synagogue.<\/p>\n<p>&#8211; Murs romains. Les premiers murs de Cordoue datent de la R\u00e9publique romaine et entouraient compl\u00e8tement la ville.<\/p>\n<p>&#8211; Mausol\u00e9e. C&#8217;est une ancienne structure dans les Jardines de la Victoria<\/p>\n<p>&#8211; Th\u00e9\u00e2tre, pont romain, temple romain et bien plus encore!<\/p>\n<p>Apr\u00e8s la visite guid\u00e9e, vous aurez du temps libre pour vous promener seul dans la rue de cette ville unique et continuer \u00e0 explorer l&#8217;histoire de Cordoue.<\/p>\n<p>Votre chauffeur priv\u00e9 vous attendra dans un endroit central de la ville jusqu&#8217;au moment du retour \u00e0 votre bateau de croisi\u00e8re. C&#8217;est une belle exp\u00e9rience pour visiter Cordoue. Ne manquez pas notre visite priv\u00e9e de Cordoue au d\u00e9part de Motril.<\/p>\n<p>Admirez d&#8217;autres visites priv\u00e9es au d\u00e9part de Motril. Veuillez noter que nous pouvons proposer des visites priv\u00e9es dans n&#8217;importe quel port de croisi\u00e8re et dans n&#8217;importe quelle ville.<\/p>\n","protected":false},"excerpt":{"rendered":"<p>Profitez de cette visite priv\u00e9e enti\u00e8rement personnalis\u00e9e de Cordoue depuis le port de croisi\u00e8re de Motril et profitez des monuments et sites les plus importants de Cordoue. Profitez de cette occasion pour d\u00e9couvrir cette merveilleuse ville dans cette exp\u00e9rience avec votre propre guide officiel priv\u00e9 et v\u00e9hicule priv\u00e9 avec chauffeur. Personnalisez votre propre exp\u00e9rience et choisissez de visiter des sites comme le C Royal Alcazar, le quartier juif, les murs romains et bien plus encore!<\/p>\n","protected":false},"featured_media":97179,"comment_status":"open","ping_status":"closed","template":"","meta":{"_acf_changed":false},"product_brand":[],"product_cat":[3583],"product_tag":[],"class_list":{"0":"post-99472","1":"product","2":"type-product","3":"status-publish","4":"has-post-thumbnail","6":"product_cat-motril-fr","8":"first","9":"instock","10":"shipping-taxable","11":"purchasable","12":"product-type-simple"},"acf":[],"yoast_head":"<!-- This site is optimized with the Yoast SEO Premium plugin v25.3.1 (Yoast SEO v25.3.1) - https:\/\/yoast.com\/wordpress\/plugins\/seo\/ -->\n<title>Visite priv\u00e9e de Cordoue au d\u00e9part de Motril - Prise en charge au port de croisi\u00e8re priv\u00e9<\/title>\n<meta name=\"description\" content=\"Admirez la grande architecture et les sites des monuments les plus importants de Cordoue. Visite priv\u00e9e de Cordoue au d\u00e9part de Motril. Prise en charge au port de croisi\u00e8re en option disponible!\" \/>\n<meta name=\"robots\" content=\"index, follow, max-snippet:-1, max-image-preview:large, max-video-preview:-1\" \/>\n<link rel=\"canonical\" href=\"https:\/\/tourtravelandmore.com\/fr\/tours\/espagne-fr\/motril-fr\/visite-privee-de-cordoue-au-depart-de-motril\/\" \/>\n<meta property=\"og:locale\" content=\"fr_FR\" \/>\n<meta property=\"og:type\" content=\"article\" \/>\n<meta property=\"og:title\" content=\"Visite priv\u00e9e de Cordoue au d\u00e9part de Motril\" \/>\n<meta property=\"og:description\" content=\"Admirez la grande architecture et les sites des monuments les plus importants de Cordoue. Visite priv\u00e9e de Cordoue au d\u00e9part de Motril. Prise en charge au port de croisi\u00e8re en option disponible!\" \/>\n<meta property=\"og:url\" content=\"https:\/\/tourtravelandmore.com\/fr\/tours\/espagne-fr\/motril-fr\/visite-privee-de-cordoue-au-depart-de-motril\/\" \/>\n<meta property=\"og:site_name\" content=\"Tour Travel And More\" \/>\n<meta property=\"article:publisher\" content=\"https:\/\/www.facebook.com\/tourtravelandmore\/\" \/>\n<meta property=\"og:image\" content=\"https:\/\/tourtravelandmore.com\/wp-content\/uploads\/2020\/02\/cordoba.jpg\" \/>\n\t<meta property=\"og:image:width\" content=\"1365\" \/>\n\t<meta property=\"og:image:height\" content=\"1365\" \/>\n\t<meta property=\"og:image:type\" content=\"image\/jpeg\" \/>\n<meta name=\"twitter:card\" content=\"summary_large_image\" \/>\n<meta name=\"twitter:site\" content=\"@TourTravel_More\" \/>\n<meta name=\"twitter:label1\" content=\"Dur\u00e9e de lecture estim\u00e9e\" \/>\n\t<meta name=\"twitter:data1\" content=\"4 minutes\" \/>\n<script type=\"application\/ld+json\" class=\"yoast-schema-graph\">{\"@context\":\"https:\/\/schema.org\",\"@graph\":[{\"@type\":\"WebPage\",\"@id\":\"https:\/\/tourtravelandmore.com\/fr\/tours\/espagne-fr\/motril-fr\/visite-privee-de-cordoue-au-depart-de-motril\/\",\"url\":\"https:\/\/tourtravelandmore.com\/fr\/tours\/espagne-fr\/motril-fr\/visite-privee-de-cordoue-au-depart-de-motril\/\",\"name\":\"Visite priv\u00e9e de Cordoue au d\u00e9part de Motril - Prise en charge au port de croisi\u00e8re priv\u00e9\",\"isPartOf\":{\"@id\":\"https:\/\/tourtravelandmore.com\/fr\/#website\"},\"primaryImageOfPage\":{\"@id\":\"https:\/\/tourtravelandmore.com\/fr\/tours\/espagne-fr\/motril-fr\/visite-privee-de-cordoue-au-depart-de-motril\/#primaryimage\"},\"image\":{\"@id\":\"https:\/\/tourtravelandmore.com\/fr\/tours\/espagne-fr\/motril-fr\/visite-privee-de-cordoue-au-depart-de-motril\/#primaryimage\"},\"thumbnailUrl\":\"https:\/\/tourtravelandmore.com\/wp-content\/uploads\/2020\/02\/cordoba.jpg\",\"datePublished\":\"2020-05-20T13:03:13+00:00\",\"description\":\"Admirez la grande architecture et les sites des monuments les plus importants de Cordoue. Visite priv\u00e9e de Cordoue au d\u00e9part de Motril. Prise en charge au port de croisi\u00e8re en option disponible!\",\"breadcrumb\":{\"@id\":\"https:\/\/tourtravelandmore.com\/fr\/tours\/espagne-fr\/motril-fr\/visite-privee-de-cordoue-au-depart-de-motril\/#breadcrumb\"},\"inLanguage\":\"fr-FR\",\"potentialAction\":[{\"@type\":\"ReadAction\",\"target\":[\"https:\/\/tourtravelandmore.com\/fr\/tours\/espagne-fr\/motril-fr\/visite-privee-de-cordoue-au-depart-de-motril\/\"]}]},{\"@type\":\"ImageObject\",\"inLanguage\":\"fr-FR\",\"@id\":\"https:\/\/tourtravelandmore.com\/fr\/tours\/espagne-fr\/motril-fr\/visite-privee-de-cordoue-au-depart-de-motril\/#primaryimage\",\"url\":\"https:\/\/tourtravelandmore.com\/wp-content\/uploads\/2020\/02\/cordoba.jpg\",\"contentUrl\":\"https:\/\/tourtravelandmore.com\/wp-content\/uploads\/2020\/02\/cordoba.jpg\",\"width\":1365,\"height\":1365},{\"@type\":\"BreadcrumbList\",\"@id\":\"https:\/\/tourtravelandmore.com\/fr\/tours\/espagne-fr\/motril-fr\/visite-privee-de-cordoue-au-depart-de-motril\/#breadcrumb\",\"itemListElement\":[{\"@type\":\"ListItem\",\"position\":1,\"name\":\"Home\",\"item\":\"https:\/\/tourtravelandmore.com\/fr\/\"},{\"@type\":\"ListItem\",\"position\":2,\"name\":\"Tours\",\"item\":\"https:\/\/tourtravelandmore.com\/fr\/tours\/\"},{\"@type\":\"ListItem\",\"position\":3,\"name\":\"Visite priv\u00e9e de Cordoue au d\u00e9part de Motril\"}]},{\"@type\":\"WebSite\",\"@id\":\"https:\/\/tourtravelandmore.com\/fr\/#website\",\"url\":\"https:\/\/tourtravelandmore.com\/fr\/\",\"name\":\"Tour Travel And More\",\"description\":\"Private sightseeing tours and luxury transfers in Spain\",\"publisher\":{\"@id\":\"https:\/\/tourtravelandmore.com\/fr\/#organization\"},\"potentialAction\":[{\"@type\":\"SearchAction\",\"target\":{\"@type\":\"EntryPoint\",\"urlTemplate\":\"https:\/\/tourtravelandmore.com\/fr\/?s={search_term_string}\"},\"query-input\":{\"@type\":\"PropertyValueSpecification\",\"valueRequired\":true,\"valueName\":\"search_term_string\"}}],\"inLanguage\":\"fr-FR\"},{\"@type\":\"Organization\",\"@id\":\"https:\/\/tourtravelandmore.com\/fr\/#organization\",\"name\":\"Tour Travel And More\",\"url\":\"https:\/\/tourtravelandmore.com\/fr\/\",\"logo\":{\"@type\":\"ImageObject\",\"inLanguage\":\"fr-FR\",\"@id\":\"https:\/\/tourtravelandmore.com\/fr\/#\/schema\/logo\/image\/\",\"url\":\"https:\/\/tourtravelandmore.com\/wp-content\/uploads\/2022\/12\/cropped-logo-cabecera-new.png\",\"contentUrl\":\"https:\/\/tourtravelandmore.com\/wp-content\/uploads\/2022\/12\/cropped-logo-cabecera-new.png\",\"width\":430,\"height\":61,\"caption\":\"Tour Travel And More\"},\"image\":{\"@id\":\"https:\/\/tourtravelandmore.com\/fr\/#\/schema\/logo\/image\/\"},\"sameAs\":[\"https:\/\/www.facebook.com\/tourtravelandmore\/\",\"https:\/\/x.com\/TourTravel_More\"]}]}<\/script>\n<!-- \/ Yoast SEO Premium plugin. -->","yoast_head_json":{"title":"Visite priv\u00e9e de Cordoue au d\u00e9part de Motril - Prise en charge au port de croisi\u00e8re priv\u00e9","description":"Admirez la grande architecture et les sites des monuments les plus importants de Cordoue. Visite priv\u00e9e de Cordoue au d\u00e9part de Motril. Prise en charge au port de croisi\u00e8re en option disponible!","robots":{"index":"index","follow":"follow","max-snippet":"max-snippet:-1","max-image-preview":"max-image-preview:large","max-video-preview":"max-video-preview:-1"},"canonical":"https:\/\/tourtravelandmore.com\/fr\/tours\/espagne-fr\/motril-fr\/visite-privee-de-cordoue-au-depart-de-motril\/","og_locale":"fr_FR","og_type":"article","og_title":"Visite priv\u00e9e de Cordoue au d\u00e9part de Motril","og_description":"Admirez la grande architecture et les sites des monuments les plus importants de Cordoue. Visite priv\u00e9e de Cordoue au d\u00e9part de Motril. Prise en charge au port de croisi\u00e8re en option disponible!","og_url":"https:\/\/tourtravelandmore.com\/fr\/tours\/espagne-fr\/motril-fr\/visite-privee-de-cordoue-au-depart-de-motril\/","og_site_name":"Tour Travel And More","article_publisher":"https:\/\/www.facebook.com\/tourtravelandmore\/","og_image":[{"width":1365,"height":1365,"url":"https:\/\/tourtravelandmore.com\/wp-content\/uploads\/2020\/02\/cordoba.jpg","type":"image\/jpeg"}],"twitter_card":"summary_large_image","twitter_site":"@TourTravel_More","twitter_misc":{"Dur\u00e9e de lecture estim\u00e9e":"4 minutes"},"schema":{"@context":"https:\/\/schema.org","@graph":[{"@type":"WebPage","@id":"https:\/\/tourtravelandmore.com\/fr\/tours\/espagne-fr\/motril-fr\/visite-privee-de-cordoue-au-depart-de-motril\/","url":"https:\/\/tourtravelandmore.com\/fr\/tours\/espagne-fr\/motril-fr\/visite-privee-de-cordoue-au-depart-de-motril\/","name":"Visite priv\u00e9e de Cordoue au d\u00e9part de Motril - Prise en charge au port de croisi\u00e8re priv\u00e9","isPartOf":{"@id":"https:\/\/tourtravelandmore.com\/fr\/#website"},"primaryImageOfPage":{"@id":"https:\/\/tourtravelandmore.com\/fr\/tours\/espagne-fr\/motril-fr\/visite-privee-de-cordoue-au-depart-de-motril\/#primaryimage"},"image":{"@id":"https:\/\/tourtravelandmore.com\/fr\/tours\/espagne-fr\/motril-fr\/visite-privee-de-cordoue-au-depart-de-motril\/#primaryimage"},"thumbnailUrl":"https:\/\/tourtravelandmore.com\/wp-content\/uploads\/2020\/02\/cordoba.jpg","datePublished":"2020-05-20T13:03:13+00:00","description":"Admirez la grande architecture et les sites des monuments les plus importants de Cordoue. Visite priv\u00e9e de Cordoue au d\u00e9part de Motril. Prise en charge au port de croisi\u00e8re en option disponible!","breadcrumb":{"@id":"https:\/\/tourtravelandmore.com\/fr\/tours\/espagne-fr\/motril-fr\/visite-privee-de-cordoue-au-depart-de-motril\/#breadcrumb"},"inLanguage":"fr-FR","potentialAction":[{"@type":"ReadAction","target":["https:\/\/tourtravelandmore.com\/fr\/tours\/espagne-fr\/motril-fr\/visite-privee-de-cordoue-au-depart-de-motril\/"]}]},{"@type":"ImageObject","inLanguage":"fr-FR","@id":"https:\/\/tourtravelandmore.com\/fr\/tours\/espagne-fr\/motril-fr\/visite-privee-de-cordoue-au-depart-de-motril\/#primaryimage","url":"https:\/\/tourtravelandmore.com\/wp-content\/uploads\/2020\/02\/cordoba.jpg","contentUrl":"https:\/\/tourtravelandmore.com\/wp-content\/uploads\/2020\/02\/cordoba.jpg","width":1365,"height":1365},{"@type":"BreadcrumbList","@id":"https:\/\/tourtravelandmore.com\/fr\/tours\/espagne-fr\/motril-fr\/visite-privee-de-cordoue-au-depart-de-motril\/#breadcrumb","itemListElement":[{"@type":"ListItem","position":1,"name":"Home","item":"https:\/\/tourtravelandmore.com\/fr\/"},{"@type":"ListItem","position":2,"name":"Tours","item":"https:\/\/tourtravelandmore.com\/fr\/tours\/"},{"@type":"ListItem","position":3,"name":"Visite priv\u00e9e de Cordoue au d\u00e9part de Motril"}]},{"@type":"WebSite","@id":"https:\/\/tourtravelandmore.com\/fr\/#website","url":"https:\/\/tourtravelandmore.com\/fr\/","name":"Tour Travel And More","description":"Private sightseeing tours and luxury transfers in Spain","publisher":{"@id":"https:\/\/tourtravelandmore.com\/fr\/#organization"},"potentialAction":[{"@type":"SearchAction","target":{"@type":"EntryPoint","urlTemplate":"https:\/\/tourtravelandmore.com\/fr\/?s={search_term_string}"},"query-input":{"@type":"PropertyValueSpecification","valueRequired":true,"valueName":"search_term_string"}}],"inLanguage":"fr-FR"},{"@type":"Organization","@id":"https:\/\/tourtravelandmore.com\/fr\/#organization","name":"Tour Travel And More","url":"https:\/\/tourtravelandmore.com\/fr\/","logo":{"@type":"ImageObject","inLanguage":"fr-FR","@id":"https:\/\/tourtravelandmore.com\/fr\/#\/schema\/logo\/image\/","url":"https:\/\/tourtravelandmore.com\/wp-content\/uploads\/2022\/12\/cropped-logo-cabecera-new.png","contentUrl":"https:\/\/tourtravelandmore.com\/wp-content\/uploads\/2022\/12\/cropped-logo-cabecera-new.png","width":430,"height":61,"caption":"Tour Travel And More"},"image":{"@id":"https:\/\/tourtravelandmore.com\/fr\/#\/schema\/logo\/image\/"},"sameAs":["https:\/\/www.facebook.com\/tourtravelandmore\/","https:\/\/x.com\/TourTravel_More"]}]}},"_links":{"self":[{"href":"https:\/\/tourtravelandmore.com\/fr\/wp-json\/wp\/v2\/product\/99472","targetHints":{"allow":["GET"]}}],"collection":[{"href":"https:\/\/tourtravelandmore.com\/fr\/wp-json\/wp\/v2\/product"}],"about":[{"href":"https:\/\/tourtravelandmore.com\/fr\/wp-json\/wp\/v2\/types\/product"}],"replies":[{"embeddable":true,"href":"https:\/\/tourtravelandmore.com\/fr\/wp-json\/wp\/v2\/comments?post=99472"}],"wp:featuredmedia":[{"embeddable":true,"href":"https:\/\/tourtravelandmore.com\/fr\/wp-json\/wp\/v2\/media\/97179"}],"wp:attachment":[{"href":"https:\/\/tourtravelandmore.com\/fr\/wp-json\/wp\/v2\/media?parent=99472"}],"wp:term":[{"taxonomy":"product_brand","embeddable":true,"href":"https:\/\/tourtravelandmore.com\/fr\/wp-json\/wp\/v2\/product_brand?post=99472"},{"taxonomy":"product_cat","embeddable":true,"href":"https:\/\/tourtravelandmore.com\/fr\/wp-json\/wp\/v2\/product_cat?post=99472"},{"taxonomy":"product_tag","embeddable":true,"href":"https:\/\/tourtravelandmore.com\/fr\/wp-json\/wp\/v2\/product_tag?post=99472"}],"curies":[{"name":"wp","href":"https:\/\/api.w.org\/{rel}","templated":true}]}}